{"id":17021,"date":"2025-02-04T14:09:21","date_gmt":"2025-02-04T13:09:21","guid":{"rendered":"https:\/\/comixburo.com\/?post_type=product&#038;p=17021"},"modified":"2025-05-02T13:01:35","modified_gmt":"2025-05-02T11:01:35","slug":"affiche-vatine-pin-up-de-noel","status":"publish","type":"product","link":"https:\/\/comixburo.com\/en\/product\/affiche-vatine-pin-up-de-noel\/","title":{"rendered":"Affiche Vatine \u2013 Pin-up de No\u00ebl"},"content":{"rendered":"<h3><strong>Affiche Vatine \u2013 Pin-up de No\u00ebl<\/strong><\/h3>\n<p><strong>Affiche Vatine \u2013 Pin-up de No\u00ebl<\/strong><\/p>\n<p>Auteur : Olivier Vatine<br \/>\nFormat : 30 x 40 cm<br \/>\nLes 300 premiers exemplaires sont num\u00e9rot\u00e9s et sign\u00e9s par l\u2019artiste.<br \/>\nPapier : Rive Tradition<br \/>\nImpression : offset<\/p>","protected":false},"excerpt":{"rendered":"<p>Affiche Vatine \u2013 Pin-up de No\u00ebl Affiche Vatine \u2013 Pin-up de No\u00ebl Auteur : Olivier Vatine Format : 30 x<\/p>","protected":false},"featured_media":17271,"comment_status":"open","ping_status":"closed","template":"","meta":[],"product_brand":[108],"product_cat":[96,110,93],"product_tag":[],"class_list":{"0":"post-17021","1":"product","2":"type-product","3":"status-publish","4":"has-post-thumbnail","6":"product_brand-comix-buro","7":"product_cat-affiches","8":"product_cat-comix-buro","9":"product_cat-tous","11":"first","12":"instock","13":"taxable","14":"shipping-taxable","15":"purchasable","16":"product-type-simple"},"yoast_head":"<!-- This site is optimized with the Yoast SEO plugin v26.9 - https:\/\/yoast.com\/product\/yoast-seo-wordpress\/ -->\n<title>Affiche Vatine \u2013 Pin-up de No\u00ebl - comixburo.com<\/title>\n<meta name=\"description\" content=\"Affiche PIN-UP de No\u00ebl, une illustration de l&#039;auteur Olivir Vatine. Imprim\u00e9e sur du papier rive tradition au format 30X40. Id\u00e9ale.\" \/>\n<meta name=\"robots\" content=\"index, follow, max-snippet:-1, max-image-preview:large, max-video-preview:-1\" \/>\n<link rel=\"canonical\" href=\"https:\/\/comixburo.com\/en\/product\/affiche-vatine-pin-up-de-noel\/\" \/>\n<meta property=\"og:locale\" content=\"en_GB\" \/>\n<meta property=\"og:type\" content=\"article\" \/>\n<meta property=\"og:title\" content=\"Affiche Vatine \u2013 Pin-up de No\u00ebl - comixburo.com\" \/>\n<meta property=\"og:description\" content=\"Affiche PIN-UP de No\u00ebl, une illustration de l&#039;auteur Olivir Vatine. Imprim\u00e9e sur du papier rive tradition au format 30X40. Id\u00e9ale.\" \/>\n<meta property=\"og:url\" content=\"https:\/\/comixburo.com\/en\/product\/affiche-vatine-pin-up-de-noel\/\" \/>\n<meta property=\"og:site_name\" content=\"comixburo.com\" \/>\n<meta property=\"article:publisher\" content=\"https:\/\/www.facebook.com\/comixburo\" \/>\n<meta property=\"article:modified_time\" content=\"2025-05-02T11:01:35+00:00\" \/>\n<meta property=\"og:image\" content=\"https:\/\/comixburo.com\/wp-content\/uploads\/2025\/02\/cb007-affiche-vatine-pinup-noel-00.webp\" \/>\n\t<meta property=\"og:image:width\" content=\"590\" \/>\n\t<meta property=\"og:image:height\" content=\"820\" \/>\n\t<meta property=\"og:image:type\" content=\"image\/webp\" \/>\n<meta name=\"twitter:card\" content=\"summary_large_image\" \/>\n<meta name=\"twitter:label1\" content=\"Estimated reading time\" \/>\n\t<meta name=\"twitter:data1\" content=\"1 minute\" \/>\n<script type=\"application\/ld+json\" class=\"yoast-schema-graph\">{\"@context\":\"https:\/\/schema.org\",\"@graph\":[{\"@type\":\"WebPage\",\"@id\":\"https:\/\/comixburo.com\/produit\/affiche-vatine-pin-up-de-noel\/\",\"url\":\"https:\/\/comixburo.com\/produit\/affiche-vatine-pin-up-de-noel\/\",\"name\":\"Affiche Vatine \u2013 Pin-up de No\u00ebl - comixburo.com\",\"isPartOf\":{\"@id\":\"https:\/\/comixburo.com\/#website\"},\"primaryImageOfPage\":{\"@id\":\"https:\/\/comixburo.com\/produit\/affiche-vatine-pin-up-de-noel\/#primaryimage\"},\"image\":{\"@id\":\"https:\/\/comixburo.com\/produit\/affiche-vatine-pin-up-de-noel\/#primaryimage\"},\"thumbnailUrl\":\"https:\/\/comixburo.com\/wp-content\/uploads\/2025\/02\/cb007-affiche-vatine-pinup-noel-00.webp\",\"datePublished\":\"2025-02-04T13:09:21+00:00\",\"dateModified\":\"2025-05-02T11:01:35+00:00\",\"description\":\"Affiche PIN-UP de No\u00ebl, une illustration de l'auteur Olivir Vatine. Imprim\u00e9e sur du papier rive tradition au format 30X40. Id\u00e9ale.\",\"breadcrumb\":{\"@id\":\"https:\/\/comixburo.com\/produit\/affiche-vatine-pin-up-de-noel\/#breadcrumb\"},\"inLanguage\":\"en-GB\",\"potentialAction\":[{\"@type\":\"ReadAction\",\"target\":[\"https:\/\/comixburo.com\/produit\/affiche-vatine-pin-up-de-noel\/\"]}]},{\"@type\":\"ImageObject\",\"inLanguage\":\"en-GB\",\"@id\":\"https:\/\/comixburo.com\/produit\/affiche-vatine-pin-up-de-noel\/#primaryimage\",\"url\":\"https:\/\/comixburo.com\/wp-content\/uploads\/2025\/02\/cb007-affiche-vatine-pinup-noel-00.webp\",\"contentUrl\":\"https:\/\/comixburo.com\/wp-content\/uploads\/2025\/02\/cb007-affiche-vatine-pinup-noel-00.webp\",\"width\":590,\"height\":820,\"caption\":\"Affiche Vatine \u2013 Pin-up de No\u00ebl\"},{\"@type\":\"BreadcrumbList\",\"@id\":\"https:\/\/comixburo.com\/produit\/affiche-vatine-pin-up-de-noel\/#breadcrumb\",\"itemListElement\":[{\"@type\":\"ListItem\",\"position\":1,\"name\":\"Home\",\"item\":\"https:\/\/comixburo.com\/\"},{\"@type\":\"ListItem\",\"position\":2,\"name\":\"La boutique Comix Buro\",\"item\":\"https:\/\/comixburo.com\/la-boutique-comix-buro\/\"},{\"@type\":\"ListItem\",\"position\":3,\"name\":\"Affiche Vatine \u2013 Pin-up de No\u00ebl\"}]},{\"@type\":\"WebSite\",\"@id\":\"https:\/\/comixburo.com\/#website\",\"url\":\"https:\/\/comixburo.com\/\",\"name\":\"comixburo.com\",\"description\":\"Cr\u00e9ateur de projets : Sketchbook d&#039;artistes !\",\"publisher\":{\"@id\":\"https:\/\/comixburo.com\/#organization\"},\"alternateName\":\"Comix Buro\",\"potentialAction\":[{\"@type\":\"SearchAction\",\"target\":{\"@type\":\"EntryPoint\",\"urlTemplate\":\"https:\/\/comixburo.com\/?s={search_term_string}\"},\"query-input\":{\"@type\":\"PropertyValueSpecification\",\"valueRequired\":true,\"valueName\":\"search_term_string\"}}],\"inLanguage\":\"en-GB\"},{\"@type\":\"Organization\",\"@id\":\"https:\/\/comixburo.com\/#organization\",\"name\":\"comixburo.com\",\"url\":\"https:\/\/comixburo.com\/\",\"logo\":{\"@type\":\"ImageObject\",\"inLanguage\":\"en-GB\",\"@id\":\"https:\/\/comixburo.com\/#\/schema\/logo\/image\/\",\"url\":\"https:\/\/comixburo.com\/wp-content\/uploads\/2025\/04\/logo-cxb-ROND.webp\",\"contentUrl\":\"https:\/\/comixburo.com\/wp-content\/uploads\/2025\/04\/logo-cxb-ROND.webp\",\"width\":200,\"height\":200,\"caption\":\"comixburo.com\"},\"image\":{\"@id\":\"https:\/\/comixburo.com\/#\/schema\/logo\/image\/\"},\"sameAs\":[\"https:\/\/www.facebook.com\/comixburo\",\"https:\/\/www.instagram.com\/comixburo\/\"]}]}<\/script>\n<!-- \/ Yoast SEO plugin. -->","yoast_head_json":{"title":"Affiche Vatine \u2013 Pin-up de No\u00ebl - comixburo.com","description":"Affiche PIN-UP de No\u00ebl, une illustration de l'auteur Olivir Vatine. Imprim\u00e9e sur du papier rive tradition au format 30X40. Id\u00e9ale.","robots":{"index":"index","follow":"follow","max-snippet":"max-snippet:-1","max-image-preview":"max-image-preview:large","max-video-preview":"max-video-preview:-1"},"canonical":"https:\/\/comixburo.com\/en\/product\/affiche-vatine-pin-up-de-noel\/","og_locale":"en_GB","og_type":"article","og_title":"Affiche Vatine \u2013 Pin-up de No\u00ebl - comixburo.com","og_description":"Affiche PIN-UP de No\u00ebl, une illustration de l'auteur Olivir Vatine. Imprim\u00e9e sur du papier rive tradition au format 30X40. Id\u00e9ale.","og_url":"https:\/\/comixburo.com\/en\/product\/affiche-vatine-pin-up-de-noel\/","og_site_name":"comixburo.com","article_publisher":"https:\/\/www.facebook.com\/comixburo","article_modified_time":"2025-05-02T11:01:35+00:00","og_image":[{"width":590,"height":820,"url":"https:\/\/comixburo.com\/wp-content\/uploads\/2025\/02\/cb007-affiche-vatine-pinup-noel-00.webp","type":"image\/webp"}],"twitter_card":"summary_large_image","twitter_misc":{"Estimated reading time":"1 minute"},"schema":{"@context":"https:\/\/schema.org","@graph":[{"@type":"WebPage","@id":"https:\/\/comixburo.com\/produit\/affiche-vatine-pin-up-de-noel\/","url":"https:\/\/comixburo.com\/produit\/affiche-vatine-pin-up-de-noel\/","name":"Affiche Vatine \u2013 Pin-up de No\u00ebl - comixburo.com","isPartOf":{"@id":"https:\/\/comixburo.com\/#website"},"primaryImageOfPage":{"@id":"https:\/\/comixburo.com\/produit\/affiche-vatine-pin-up-de-noel\/#primaryimage"},"image":{"@id":"https:\/\/comixburo.com\/produit\/affiche-vatine-pin-up-de-noel\/#primaryimage"},"thumbnailUrl":"https:\/\/comixburo.com\/wp-content\/uploads\/2025\/02\/cb007-affiche-vatine-pinup-noel-00.webp","datePublished":"2025-02-04T13:09:21+00:00","dateModified":"2025-05-02T11:01:35+00:00","description":"Affiche PIN-UP de No\u00ebl, une illustration de l'auteur Olivir Vatine. Imprim\u00e9e sur du papier rive tradition au format 30X40. Id\u00e9ale.","breadcrumb":{"@id":"https:\/\/comixburo.com\/produit\/affiche-vatine-pin-up-de-noel\/#breadcrumb"},"inLanguage":"en-GB","potentialAction":[{"@type":"ReadAction","target":["https:\/\/comixburo.com\/produit\/affiche-vatine-pin-up-de-noel\/"]}]},{"@type":"ImageObject","inLanguage":"en-GB","@id":"https:\/\/comixburo.com\/produit\/affiche-vatine-pin-up-de-noel\/#primaryimage","url":"https:\/\/comixburo.com\/wp-content\/uploads\/2025\/02\/cb007-affiche-vatine-pinup-noel-00.webp","contentUrl":"https:\/\/comixburo.com\/wp-content\/uploads\/2025\/02\/cb007-affiche-vatine-pinup-noel-00.webp","width":590,"height":820,"caption":"Affiche Vatine \u2013 Pin-up de No\u00ebl"},{"@type":"BreadcrumbList","@id":"https:\/\/comixburo.com\/produit\/affiche-vatine-pin-up-de-noel\/#breadcrumb","itemListElement":[{"@type":"ListItem","position":1,"name":"Home","item":"https:\/\/comixburo.com\/"},{"@type":"ListItem","position":2,"name":"La boutique Comix Buro","item":"https:\/\/comixburo.com\/la-boutique-comix-buro\/"},{"@type":"ListItem","position":3,"name":"Affiche Vatine \u2013 Pin-up de No\u00ebl"}]},{"@type":"WebSite","@id":"https:\/\/comixburo.com\/#website","url":"https:\/\/comixburo.com\/","name":"comixburo.com","description":"Cr\u00e9ateur de projets : Sketchbook d&#039;artistes !","publisher":{"@id":"https:\/\/comixburo.com\/#organization"},"alternateName":"Comix Buro","potentialAction":[{"@type":"SearchAction","target":{"@type":"EntryPoint","urlTemplate":"https:\/\/comixburo.com\/?s={search_term_string}"},"query-input":{"@type":"PropertyValueSpecification","valueRequired":true,"valueName":"search_term_string"}}],"inLanguage":"en-GB"},{"@type":"Organization","@id":"https:\/\/comixburo.com\/#organization","name":"comixburo.com","url":"https:\/\/comixburo.com\/","logo":{"@type":"ImageObject","inLanguage":"en-GB","@id":"https:\/\/comixburo.com\/#\/schema\/logo\/image\/","url":"https:\/\/comixburo.com\/wp-content\/uploads\/2025\/04\/logo-cxb-ROND.webp","contentUrl":"https:\/\/comixburo.com\/wp-content\/uploads\/2025\/04\/logo-cxb-ROND.webp","width":200,"height":200,"caption":"comixburo.com"},"image":{"@id":"https:\/\/comixburo.com\/#\/schema\/logo\/image\/"},"sameAs":["https:\/\/www.facebook.com\/comixburo","https:\/\/www.instagram.com\/comixburo\/"]}]}},"jetpack_sharing_enabled":true,"_links":{"self":[{"href":"https:\/\/comixburo.com\/en\/wp-json\/wp\/v2\/product\/17021","targetHints":{"allow":["GET"]}}],"collection":[{"href":"https:\/\/comixburo.com\/en\/wp-json\/wp\/v2\/product"}],"about":[{"href":"https:\/\/comixburo.com\/en\/wp-json\/wp\/v2\/types\/product"}],"replies":[{"embeddable":true,"href":"https:\/\/comixburo.com\/en\/wp-json\/wp\/v2\/comments?post=17021"}],"version-history":[{"count":1,"href":"https:\/\/comixburo.com\/en\/wp-json\/wp\/v2\/product\/17021\/revisions"}],"predecessor-version":[{"id":17023,"href":"https:\/\/comixburo.com\/en\/wp-json\/wp\/v2\/product\/17021\/revisions\/17023"}],"wp:featuredmedia":[{"embeddable":true,"href":"https:\/\/comixburo.com\/en\/wp-json\/wp\/v2\/media\/17271"}],"wp:attachment":[{"href":"https:\/\/comixburo.com\/en\/wp-json\/wp\/v2\/media?parent=17021"}],"wp:term":[{"taxonomy":"product_brand","embeddable":true,"href":"https:\/\/comixburo.com\/en\/wp-json\/wp\/v2\/product_brand?post=17021"},{"taxonomy":"product_cat","embeddable":true,"href":"https:\/\/comixburo.com\/en\/wp-json\/wp\/v2\/product_cat?post=17021"},{"taxonomy":"product_tag","embeddable":true,"href":"https:\/\/comixburo.com\/en\/wp-json\/wp\/v2\/product_tag?post=17021"}],"curies":[{"name":"wp","href":"https:\/\/api.w.org\/{rel}","templated":true}]}}