{"id":17027,"date":"2025-02-04T14:23:10","date_gmt":"2025-02-04T13:23:10","guid":{"rendered":"https:\/\/comixburo.com\/?post_type=product&#038;p=17027"},"modified":"2025-05-02T13:00:11","modified_gmt":"2025-05-02T11:00:11","slug":"affiche-benjamin-lepee-de-xuanyuan","status":"publish","type":"product","link":"https:\/\/comixburo.com\/en\/product\/affiche-benjamin-lepee-de-xuanyuan\/","title":{"rendered":"Affiche Benjamin \u2013 L\u2019\u00c9p\u00e9e de Xuanyuan"},"content":{"rendered":"<h3><strong>Affiche Benjamin \u2013 L\u2019\u00c9p\u00e9e de Xuanyuan \u2013 Benjamin<\/strong><\/h3>\n<p><strong>Affiche Benjamin \u2013 L\u2019\u00c9p\u00e9e de Xuanyuan<\/strong><\/p>\n<p>Auteur : Benjamin<br \/>\nFormat : 50 x 70 cm<br \/>\nLes 300 premiers exemplaires sont num\u00e9rot\u00e9s et sign\u00e9s par l\u2019artiste.<br \/>\nImpression : offset<br \/>\nAffiche d\u2019Art sur un luxueux papier v\u00e9lin \u00e9pais.<\/p>\n<p>***<br \/>\nBenjamin, de son vrai nom Zhang Bin, est d\u2019abord form\u00e9 \u00e0 l\u2019\u00e9cole de la mode et du design.<br \/>\nIl d\u00e9barque \u00e0 Beijing en 1996 pour faire de la bande dessin\u00e9e, vivant de petits boulots. Ce n\u2019est qu\u2019au printemps 2000 que son premier r\u00e9cit Fleurs inconnues en \u00e9t\u00e9 est publi\u00e9 par Comic Fans Magazine.<br \/>\nSon premier album One Day sort en 2002, ainsi que les deux volumes de la Technique de la BD par ordinateur. Apr\u00e8s un passage \u00e9clair dans l\u2019illustration publicitaire, il d\u00e9cide de faire de la BD son seul m\u00e9tier, et se lance dans la r\u00e9alisation de Remember, qui para\u00eetra en octobre 2004 en Chine. En 2005 sort son premier roman The basement. Il est consid\u00e9r\u00e9 dans son pays comme l\u2019un des ma\u00eetres de la nouvelle bande dessin\u00e9e chinoise.<\/p>","protected":false},"excerpt":{"rendered":"<p>L\u2019\u00c9p\u00e9e de Xuanyuan<\/p>","protected":false},"featured_media":17272,"comment_status":"open","ping_status":"closed","template":"","meta":[],"product_brand":[108],"product_cat":[96,110,93],"product_tag":[],"class_list":{"0":"post-17027","1":"product","2":"type-product","3":"status-publish","4":"has-post-thumbnail","6":"product_brand-comix-buro","7":"product_cat-affiches","8":"product_cat-comix-buro","9":"product_cat-tous","11":"first","12":"instock","13":"taxable","14":"shipping-taxable","15":"purchasable","16":"product-type-simple"},"yoast_head":"<!-- This site is optimized with the Yoast SEO plugin v26.9 - https:\/\/yoast.com\/product\/yoast-seo-wordpress\/ -->\n<title>Affiche Benjamin \u2013 L\u2019\u00c9p\u00e9e de Xuanyuan - comixburo.com<\/title>\n<meta name=\"description\" content=\"Affiche de l&#039;artiste Chinois BENJAMIN : L\u2019\u00c9p\u00e9e de Xuanyuan. Au format 18 X 24 offset. Ses couleurs et son originalit\u00e9 devraient vous s\u00e9duire. \u00c0 encadrer.\" \/>\n<meta name=\"robots\" content=\"index, follow, max-snippet:-1, max-image-preview:large, max-video-preview:-1\" \/>\n<link rel=\"canonical\" href=\"https:\/\/comixburo.com\/en\/product\/affiche-benjamin-lepee-de-xuanyuan\/\" \/>\n<meta property=\"og:locale\" content=\"en_GB\" \/>\n<meta property=\"og:type\" content=\"article\" \/>\n<meta property=\"og:title\" content=\"Affiche Benjamin \u2013 L\u2019\u00c9p\u00e9e de Xuanyuan - comixburo.com\" \/>\n<meta property=\"og:description\" content=\"Affiche de l&#039;artiste Chinois BENJAMIN : L\u2019\u00c9p\u00e9e de Xuanyuan. Au format 18 X 24 offset. Ses couleurs et son originalit\u00e9 devraient vous s\u00e9duire. \u00c0 encadrer.\" \/>\n<meta property=\"og:url\" content=\"https:\/\/comixburo.com\/en\/product\/affiche-benjamin-lepee-de-xuanyuan\/\" \/>\n<meta property=\"og:site_name\" content=\"comixburo.com\" \/>\n<meta property=\"article:publisher\" content=\"https:\/\/www.facebook.com\/comixburo\" \/>\n<meta property=\"article:modified_time\" content=\"2025-05-02T11:00:11+00:00\" \/>\n<meta property=\"og:image\" content=\"https:\/\/comixburo.com\/wp-content\/uploads\/2025\/02\/cb021_Ben_benjamin-pinup-chine-00.webp\" \/>\n\t<meta property=\"og:image:width\" content=\"590\" \/>\n\t<meta property=\"og:image:height\" content=\"820\" \/>\n\t<meta property=\"og:image:type\" content=\"image\/webp\" \/>\n<meta name=\"twitter:card\" content=\"summary_large_image\" \/>\n<meta name=\"twitter:label1\" content=\"Estimated reading time\" \/>\n\t<meta name=\"twitter:data1\" content=\"2 minutes\" \/>\n<script type=\"application\/ld+json\" class=\"yoast-schema-graph\">{\"@context\":\"https:\/\/schema.org\",\"@graph\":[{\"@type\":\"WebPage\",\"@id\":\"https:\/\/comixburo.com\/produit\/affiche-benjamin-lepee-de-xuanyuan\/\",\"url\":\"https:\/\/comixburo.com\/produit\/affiche-benjamin-lepee-de-xuanyuan\/\",\"name\":\"Affiche Benjamin \u2013 L\u2019\u00c9p\u00e9e de Xuanyuan - comixburo.com\",\"isPartOf\":{\"@id\":\"https:\/\/comixburo.com\/#website\"},\"primaryImageOfPage\":{\"@id\":\"https:\/\/comixburo.com\/produit\/affiche-benjamin-lepee-de-xuanyuan\/#primaryimage\"},\"image\":{\"@id\":\"https:\/\/comixburo.com\/produit\/affiche-benjamin-lepee-de-xuanyuan\/#primaryimage\"},\"thumbnailUrl\":\"https:\/\/comixburo.com\/wp-content\/uploads\/2025\/02\/cb021_Ben_benjamin-pinup-chine-00.webp\",\"datePublished\":\"2025-02-04T13:23:10+00:00\",\"dateModified\":\"2025-05-02T11:00:11+00:00\",\"description\":\"Affiche de l'artiste Chinois BENJAMIN : L\u2019\u00c9p\u00e9e de Xuanyuan. Au format 18 X 24 offset. Ses couleurs et son originalit\u00e9 devraient vous s\u00e9duire. \u00c0 encadrer.\",\"breadcrumb\":{\"@id\":\"https:\/\/comixburo.com\/produit\/affiche-benjamin-lepee-de-xuanyuan\/#breadcrumb\"},\"inLanguage\":\"en-GB\",\"potentialAction\":[{\"@type\":\"ReadAction\",\"target\":[\"https:\/\/comixburo.com\/produit\/affiche-benjamin-lepee-de-xuanyuan\/\"]}]},{\"@type\":\"ImageObject\",\"inLanguage\":\"en-GB\",\"@id\":\"https:\/\/comixburo.com\/produit\/affiche-benjamin-lepee-de-xuanyuan\/#primaryimage\",\"url\":\"https:\/\/comixburo.com\/wp-content\/uploads\/2025\/02\/cb021_Ben_benjamin-pinup-chine-00.webp\",\"contentUrl\":\"https:\/\/comixburo.com\/wp-content\/uploads\/2025\/02\/cb021_Ben_benjamin-pinup-chine-00.webp\",\"width\":590,\"height\":820,\"caption\":\"Affiche Benjamin \u2013 L\u2019\u00c9p\u00e9e de Xuanyuan\"},{\"@type\":\"BreadcrumbList\",\"@id\":\"https:\/\/comixburo.com\/produit\/affiche-benjamin-lepee-de-xuanyuan\/#breadcrumb\",\"itemListElement\":[{\"@type\":\"ListItem\",\"position\":1,\"name\":\"Home\",\"item\":\"https:\/\/comixburo.com\/\"},{\"@type\":\"ListItem\",\"position\":2,\"name\":\"La boutique Comix Buro\",\"item\":\"https:\/\/comixburo.com\/la-boutique-comix-buro\/\"},{\"@type\":\"ListItem\",\"position\":3,\"name\":\"Affiche Benjamin \u2013 L\u2019\u00c9p\u00e9e de Xuanyuan\"}]},{\"@type\":\"WebSite\",\"@id\":\"https:\/\/comixburo.com\/#website\",\"url\":\"https:\/\/comixburo.com\/\",\"name\":\"comixburo.com\",\"description\":\"Cr\u00e9ateur de projets : Sketchbook d&#039;artistes !\",\"publisher\":{\"@id\":\"https:\/\/comixburo.com\/#organization\"},\"alternateName\":\"Comix Buro\",\"potentialAction\":[{\"@type\":\"SearchAction\",\"target\":{\"@type\":\"EntryPoint\",\"urlTemplate\":\"https:\/\/comixburo.com\/?s={search_term_string}\"},\"query-input\":{\"@type\":\"PropertyValueSpecification\",\"valueRequired\":true,\"valueName\":\"search_term_string\"}}],\"inLanguage\":\"en-GB\"},{\"@type\":\"Organization\",\"@id\":\"https:\/\/comixburo.com\/#organization\",\"name\":\"comixburo.com\",\"url\":\"https:\/\/comixburo.com\/\",\"logo\":{\"@type\":\"ImageObject\",\"inLanguage\":\"en-GB\",\"@id\":\"https:\/\/comixburo.com\/#\/schema\/logo\/image\/\",\"url\":\"https:\/\/comixburo.com\/wp-content\/uploads\/2025\/04\/logo-cxb-ROND.webp\",\"contentUrl\":\"https:\/\/comixburo.com\/wp-content\/uploads\/2025\/04\/logo-cxb-ROND.webp\",\"width\":200,\"height\":200,\"caption\":\"comixburo.com\"},\"image\":{\"@id\":\"https:\/\/comixburo.com\/#\/schema\/logo\/image\/\"},\"sameAs\":[\"https:\/\/www.facebook.com\/comixburo\",\"https:\/\/www.instagram.com\/comixburo\/\"]}]}<\/script>\n<!-- \/ Yoast SEO plugin. -->","yoast_head_json":{"title":"Affiche Benjamin \u2013 L\u2019\u00c9p\u00e9e de Xuanyuan - comixburo.com","description":"Affiche de l'artiste Chinois BENJAMIN : L\u2019\u00c9p\u00e9e de Xuanyuan. Au format 18 X 24 offset. Ses couleurs et son originalit\u00e9 devraient vous s\u00e9duire. \u00c0 encadrer.","robots":{"index":"index","follow":"follow","max-snippet":"max-snippet:-1","max-image-preview":"max-image-preview:large","max-video-preview":"max-video-preview:-1"},"canonical":"https:\/\/comixburo.com\/en\/product\/affiche-benjamin-lepee-de-xuanyuan\/","og_locale":"en_GB","og_type":"article","og_title":"Affiche Benjamin \u2013 L\u2019\u00c9p\u00e9e de Xuanyuan - comixburo.com","og_description":"Affiche de l'artiste Chinois BENJAMIN : L\u2019\u00c9p\u00e9e de Xuanyuan. Au format 18 X 24 offset. Ses couleurs et son originalit\u00e9 devraient vous s\u00e9duire. \u00c0 encadrer.","og_url":"https:\/\/comixburo.com\/en\/product\/affiche-benjamin-lepee-de-xuanyuan\/","og_site_name":"comixburo.com","article_publisher":"https:\/\/www.facebook.com\/comixburo","article_modified_time":"2025-05-02T11:00:11+00:00","og_image":[{"width":590,"height":820,"url":"https:\/\/comixburo.com\/wp-content\/uploads\/2025\/02\/cb021_Ben_benjamin-pinup-chine-00.webp","type":"image\/webp"}],"twitter_card":"summary_large_image","twitter_misc":{"Estimated reading time":"2 minutes"},"schema":{"@context":"https:\/\/schema.org","@graph":[{"@type":"WebPage","@id":"https:\/\/comixburo.com\/produit\/affiche-benjamin-lepee-de-xuanyuan\/","url":"https:\/\/comixburo.com\/produit\/affiche-benjamin-lepee-de-xuanyuan\/","name":"Affiche Benjamin \u2013 L\u2019\u00c9p\u00e9e de Xuanyuan - comixburo.com","isPartOf":{"@id":"https:\/\/comixburo.com\/#website"},"primaryImageOfPage":{"@id":"https:\/\/comixburo.com\/produit\/affiche-benjamin-lepee-de-xuanyuan\/#primaryimage"},"image":{"@id":"https:\/\/comixburo.com\/produit\/affiche-benjamin-lepee-de-xuanyuan\/#primaryimage"},"thumbnailUrl":"https:\/\/comixburo.com\/wp-content\/uploads\/2025\/02\/cb021_Ben_benjamin-pinup-chine-00.webp","datePublished":"2025-02-04T13:23:10+00:00","dateModified":"2025-05-02T11:00:11+00:00","description":"Affiche de l'artiste Chinois BENJAMIN : L\u2019\u00c9p\u00e9e de Xuanyuan. Au format 18 X 24 offset. Ses couleurs et son originalit\u00e9 devraient vous s\u00e9duire. \u00c0 encadrer.","breadcrumb":{"@id":"https:\/\/comixburo.com\/produit\/affiche-benjamin-lepee-de-xuanyuan\/#breadcrumb"},"inLanguage":"en-GB","potentialAction":[{"@type":"ReadAction","target":["https:\/\/comixburo.com\/produit\/affiche-benjamin-lepee-de-xuanyuan\/"]}]},{"@type":"ImageObject","inLanguage":"en-GB","@id":"https:\/\/comixburo.com\/produit\/affiche-benjamin-lepee-de-xuanyuan\/#primaryimage","url":"https:\/\/comixburo.com\/wp-content\/uploads\/2025\/02\/cb021_Ben_benjamin-pinup-chine-00.webp","contentUrl":"https:\/\/comixburo.com\/wp-content\/uploads\/2025\/02\/cb021_Ben_benjamin-pinup-chine-00.webp","width":590,"height":820,"caption":"Affiche Benjamin \u2013 L\u2019\u00c9p\u00e9e de Xuanyuan"},{"@type":"BreadcrumbList","@id":"https:\/\/comixburo.com\/produit\/affiche-benjamin-lepee-de-xuanyuan\/#breadcrumb","itemListElement":[{"@type":"ListItem","position":1,"name":"Home","item":"https:\/\/comixburo.com\/"},{"@type":"ListItem","position":2,"name":"La boutique Comix Buro","item":"https:\/\/comixburo.com\/la-boutique-comix-buro\/"},{"@type":"ListItem","position":3,"name":"Affiche Benjamin \u2013 L\u2019\u00c9p\u00e9e de Xuanyuan"}]},{"@type":"WebSite","@id":"https:\/\/comixburo.com\/#website","url":"https:\/\/comixburo.com\/","name":"comixburo.com","description":"Cr\u00e9ateur de projets : Sketchbook d&#039;artistes !","publisher":{"@id":"https:\/\/comixburo.com\/#organization"},"alternateName":"Comix Buro","potentialAction":[{"@type":"SearchAction","target":{"@type":"EntryPoint","urlTemplate":"https:\/\/comixburo.com\/?s={search_term_string}"},"query-input":{"@type":"PropertyValueSpecification","valueRequired":true,"valueName":"search_term_string"}}],"inLanguage":"en-GB"},{"@type":"Organization","@id":"https:\/\/comixburo.com\/#organization","name":"comixburo.com","url":"https:\/\/comixburo.com\/","logo":{"@type":"ImageObject","inLanguage":"en-GB","@id":"https:\/\/comixburo.com\/#\/schema\/logo\/image\/","url":"https:\/\/comixburo.com\/wp-content\/uploads\/2025\/04\/logo-cxb-ROND.webp","contentUrl":"https:\/\/comixburo.com\/wp-content\/uploads\/2025\/04\/logo-cxb-ROND.webp","width":200,"height":200,"caption":"comixburo.com"},"image":{"@id":"https:\/\/comixburo.com\/#\/schema\/logo\/image\/"},"sameAs":["https:\/\/www.facebook.com\/comixburo","https:\/\/www.instagram.com\/comixburo\/"]}]}},"jetpack_sharing_enabled":true,"_links":{"self":[{"href":"https:\/\/comixburo.com\/en\/wp-json\/wp\/v2\/product\/17027","targetHints":{"allow":["GET"]}}],"collection":[{"href":"https:\/\/comixburo.com\/en\/wp-json\/wp\/v2\/product"}],"about":[{"href":"https:\/\/comixburo.com\/en\/wp-json\/wp\/v2\/types\/product"}],"replies":[{"embeddable":true,"href":"https:\/\/comixburo.com\/en\/wp-json\/wp\/v2\/comments?post=17027"}],"version-history":[{"count":2,"href":"https:\/\/comixburo.com\/en\/wp-json\/wp\/v2\/product\/17027\/revisions"}],"predecessor-version":[{"id":19486,"href":"https:\/\/comixburo.com\/en\/wp-json\/wp\/v2\/product\/17027\/revisions\/19486"}],"wp:featuredmedia":[{"embeddable":true,"href":"https:\/\/comixburo.com\/en\/wp-json\/wp\/v2\/media\/17272"}],"wp:attachment":[{"href":"https:\/\/comixburo.com\/en\/wp-json\/wp\/v2\/media?parent=17027"}],"wp:term":[{"taxonomy":"product_brand","embeddable":true,"href":"https:\/\/comixburo.com\/en\/wp-json\/wp\/v2\/product_brand?post=17027"},{"taxonomy":"product_cat","embeddable":true,"href":"https:\/\/comixburo.com\/en\/wp-json\/wp\/v2\/product_cat?post=17027"},{"taxonomy":"product_tag","embeddable":true,"href":"https:\/\/comixburo.com\/en\/wp-json\/wp\/v2\/product_tag?post=17027"}],"curies":[{"name":"wp","href":"https:\/\/api.w.org\/{rel}","templated":true}]}}