{"id":17070,"date":"2025-02-04T16:45:51","date_gmt":"2025-02-04T15:45:51","guid":{"rendered":"https:\/\/comixburo.com\/?post_type=product&#038;p=17070"},"modified":"2025-05-02T12:50:38","modified_gmt":"2025-05-02T10:50:38","slug":"petite-affiche-civiello-chat","status":"publish","type":"product","link":"https:\/\/comixburo.com\/en\/product\/petite-affiche-civiello-chat\/","title":{"rendered":"Petite affiche Civiello \u2013 Chat"},"content":{"rendered":"<p><strong>Grande image Civiello \u2013 Chat<\/strong><\/p>\n<p>Auteur : Emmanuel Civiello<br \/>\nFormat : 18 x 24 cm<br \/>\nImpression : offset<br \/>\nAffichette d\u2019Art \u00e9dit\u00e9e sur un luxueux papier \u00e9pais Rive Tradition.<\/p>\n<p>***<br \/>\nEmmanuel Civiello est n\u00e9 le 17 f\u00e9vrier 1973 dans le nord de la France.<br \/>\nR\u00eavant d\u2019une vie de boh\u00e8me comme artiste peintre, il se retrouve catapult\u00e9 dans le monde la bande dessin\u00e9e en 1995. Associant alors son go\u00fbt pour la peinture flamande et le quattrocento \u00e0 celui des histoires fantastiques, il cr\u00e9e son petit monde de Graine de folie.<br \/>\nR\u00eavant d\u2019\u00eatre un grand explorateur, il change r\u00e9guli\u00e8rement de pays, nourrissant ainsi de nouvelles histoires comme Mamma Mia pour Los Angeles, ou La Dynastie des dragons pour Beijing.<br \/>\nR\u00eavant de demeurer un \u00e9ternel enfant, il cr\u00e9e son pays magique \u00e0 travers les aventures d\u2019un petit croquemitaine (Jimmy, l\u2019apprenti croquemitaine).<br \/>\nMais\u2026 aimant surtout faire r\u00eaver, il dessine afin de faire partager ses r\u00eaves.<\/p>","protected":false},"excerpt":{"rendered":"<p>Grande image Civiello \u2013 Chat Auteur : Emmanuel Civiello Format : 18 x 24 cm Impression : offset Affichette d\u2019Art<\/p>","protected":false},"featured_media":17278,"comment_status":"open","ping_status":"closed","template":"","meta":[],"product_brand":[108],"product_cat":[96,110,93],"product_tag":[],"class_list":{"0":"post-17070","1":"product","2":"type-product","3":"status-publish","4":"has-post-thumbnail","6":"product_brand-comix-buro","7":"product_cat-affiches","8":"product_cat-comix-buro","9":"product_cat-tous","11":"first","12":"instock","13":"taxable","14":"shipping-taxable","15":"purchasable","16":"product-type-simple"},"yoast_head":"<!-- This site is optimized with the Yoast SEO plugin v26.9 - https:\/\/yoast.com\/product\/yoast-seo-wordpress\/ -->\n<title>Petite affiche Civiello \u2013 Chat - comixburo.com<\/title>\n<meta name=\"description\" content=\"Affiche de l&#039;artiste Civiello. Le Chat aux \u00e9ditions Comix Buro sur papier Rive tradition. superbe affiche num\u00e9rot\u00e9e en \u00e9dition limit\u00e9e.\" \/>\n<meta name=\"robots\" content=\"index, follow, max-snippet:-1, max-image-preview:large, max-video-preview:-1\" \/>\n<link rel=\"canonical\" href=\"https:\/\/comixburo.com\/en\/product\/petite-affiche-civiello-chat\/\" \/>\n<meta property=\"og:locale\" content=\"en_GB\" \/>\n<meta property=\"og:type\" content=\"article\" \/>\n<meta property=\"og:title\" content=\"Petite affiche Civiello \u2013 Chat - comixburo.com\" \/>\n<meta property=\"og:description\" content=\"Affiche de l&#039;artiste Civiello. Le Chat aux \u00e9ditions Comix Buro sur papier Rive tradition. superbe affiche num\u00e9rot\u00e9e en \u00e9dition limit\u00e9e.\" \/>\n<meta property=\"og:url\" content=\"https:\/\/comixburo.com\/en\/product\/petite-affiche-civiello-chat\/\" \/>\n<meta property=\"og:site_name\" content=\"comixburo.com\" \/>\n<meta property=\"article:publisher\" content=\"https:\/\/www.facebook.com\/comixburo\" \/>\n<meta property=\"article:modified_time\" content=\"2025-05-02T10:50:38+00:00\" \/>\n<meta property=\"og:image\" content=\"https:\/\/comixburo.com\/wp-content\/uploads\/2025\/02\/cb031-civielle-chat-affiche-poster-00.webp\" \/>\n\t<meta property=\"og:image:width\" content=\"590\" \/>\n\t<meta property=\"og:image:height\" content=\"820\" \/>\n\t<meta property=\"og:image:type\" content=\"image\/webp\" \/>\n<meta name=\"twitter:card\" content=\"summary_large_image\" \/>\n<meta name=\"twitter:label1\" content=\"Estimated reading time\" \/>\n\t<meta name=\"twitter:data1\" content=\"1 minute\" \/>\n<script type=\"application\/ld+json\" class=\"yoast-schema-graph\">{\"@context\":\"https:\/\/schema.org\",\"@graph\":[{\"@type\":\"WebPage\",\"@id\":\"https:\/\/comixburo.com\/produit\/petite-affiche-civiello-chat\/\",\"url\":\"https:\/\/comixburo.com\/produit\/petite-affiche-civiello-chat\/\",\"name\":\"Petite affiche Civiello \u2013 Chat - comixburo.com\",\"isPartOf\":{\"@id\":\"https:\/\/comixburo.com\/#website\"},\"primaryImageOfPage\":{\"@id\":\"https:\/\/comixburo.com\/produit\/petite-affiche-civiello-chat\/#primaryimage\"},\"image\":{\"@id\":\"https:\/\/comixburo.com\/produit\/petite-affiche-civiello-chat\/#primaryimage\"},\"thumbnailUrl\":\"https:\/\/comixburo.com\/wp-content\/uploads\/2025\/02\/cb031-civielle-chat-affiche-poster-00.webp\",\"datePublished\":\"2025-02-04T15:45:51+00:00\",\"dateModified\":\"2025-05-02T10:50:38+00:00\",\"description\":\"Affiche de l'artiste Civiello. Le Chat aux \u00e9ditions Comix Buro sur papier Rive tradition. superbe affiche num\u00e9rot\u00e9e en \u00e9dition limit\u00e9e.\",\"breadcrumb\":{\"@id\":\"https:\/\/comixburo.com\/produit\/petite-affiche-civiello-chat\/#breadcrumb\"},\"inLanguage\":\"en-GB\",\"potentialAction\":[{\"@type\":\"ReadAction\",\"target\":[\"https:\/\/comixburo.com\/produit\/petite-affiche-civiello-chat\/\"]}]},{\"@type\":\"ImageObject\",\"inLanguage\":\"en-GB\",\"@id\":\"https:\/\/comixburo.com\/produit\/petite-affiche-civiello-chat\/#primaryimage\",\"url\":\"https:\/\/comixburo.com\/wp-content\/uploads\/2025\/02\/cb031-civielle-chat-affiche-poster-00.webp\",\"contentUrl\":\"https:\/\/comixburo.com\/wp-content\/uploads\/2025\/02\/cb031-civielle-chat-affiche-poster-00.webp\",\"width\":590,\"height\":820,\"caption\":\"Petite affiche Civiello \u2013 Chat\"},{\"@type\":\"BreadcrumbList\",\"@id\":\"https:\/\/comixburo.com\/produit\/petite-affiche-civiello-chat\/#breadcrumb\",\"itemListElement\":[{\"@type\":\"ListItem\",\"position\":1,\"name\":\"Home\",\"item\":\"https:\/\/comixburo.com\/\"},{\"@type\":\"ListItem\",\"position\":2,\"name\":\"La boutique Comix Buro\",\"item\":\"https:\/\/comixburo.com\/la-boutique-comix-buro\/\"},{\"@type\":\"ListItem\",\"position\":3,\"name\":\"Petite affiche Civiello \u2013 Chat\"}]},{\"@type\":\"WebSite\",\"@id\":\"https:\/\/comixburo.com\/#website\",\"url\":\"https:\/\/comixburo.com\/\",\"name\":\"comixburo.com\",\"description\":\"Cr\u00e9ateur de projets : Sketchbook d&#039;artistes !\",\"publisher\":{\"@id\":\"https:\/\/comixburo.com\/#organization\"},\"alternateName\":\"Comix Buro\",\"potentialAction\":[{\"@type\":\"SearchAction\",\"target\":{\"@type\":\"EntryPoint\",\"urlTemplate\":\"https:\/\/comixburo.com\/?s={search_term_string}\"},\"query-input\":{\"@type\":\"PropertyValueSpecification\",\"valueRequired\":true,\"valueName\":\"search_term_string\"}}],\"inLanguage\":\"en-GB\"},{\"@type\":\"Organization\",\"@id\":\"https:\/\/comixburo.com\/#organization\",\"name\":\"comixburo.com\",\"url\":\"https:\/\/comixburo.com\/\",\"logo\":{\"@type\":\"ImageObject\",\"inLanguage\":\"en-GB\",\"@id\":\"https:\/\/comixburo.com\/#\/schema\/logo\/image\/\",\"url\":\"https:\/\/comixburo.com\/wp-content\/uploads\/2025\/04\/logo-cxb-ROND.webp\",\"contentUrl\":\"https:\/\/comixburo.com\/wp-content\/uploads\/2025\/04\/logo-cxb-ROND.webp\",\"width\":200,\"height\":200,\"caption\":\"comixburo.com\"},\"image\":{\"@id\":\"https:\/\/comixburo.com\/#\/schema\/logo\/image\/\"},\"sameAs\":[\"https:\/\/www.facebook.com\/comixburo\",\"https:\/\/www.instagram.com\/comixburo\/\"]}]}<\/script>\n<!-- \/ Yoast SEO plugin. -->","yoast_head_json":{"title":"Petite affiche Civiello \u2013 Chat - comixburo.com","description":"Affiche de l'artiste Civiello. Le Chat aux \u00e9ditions Comix Buro sur papier Rive tradition. superbe affiche num\u00e9rot\u00e9e en \u00e9dition limit\u00e9e.","robots":{"index":"index","follow":"follow","max-snippet":"max-snippet:-1","max-image-preview":"max-image-preview:large","max-video-preview":"max-video-preview:-1"},"canonical":"https:\/\/comixburo.com\/en\/product\/petite-affiche-civiello-chat\/","og_locale":"en_GB","og_type":"article","og_title":"Petite affiche Civiello \u2013 Chat - comixburo.com","og_description":"Affiche de l'artiste Civiello. Le Chat aux \u00e9ditions Comix Buro sur papier Rive tradition. superbe affiche num\u00e9rot\u00e9e en \u00e9dition limit\u00e9e.","og_url":"https:\/\/comixburo.com\/en\/product\/petite-affiche-civiello-chat\/","og_site_name":"comixburo.com","article_publisher":"https:\/\/www.facebook.com\/comixburo","article_modified_time":"2025-05-02T10:50:38+00:00","og_image":[{"width":590,"height":820,"url":"https:\/\/comixburo.com\/wp-content\/uploads\/2025\/02\/cb031-civielle-chat-affiche-poster-00.webp","type":"image\/webp"}],"twitter_card":"summary_large_image","twitter_misc":{"Estimated reading time":"1 minute"},"schema":{"@context":"https:\/\/schema.org","@graph":[{"@type":"WebPage","@id":"https:\/\/comixburo.com\/produit\/petite-affiche-civiello-chat\/","url":"https:\/\/comixburo.com\/produit\/petite-affiche-civiello-chat\/","name":"Petite affiche Civiello \u2013 Chat - comixburo.com","isPartOf":{"@id":"https:\/\/comixburo.com\/#website"},"primaryImageOfPage":{"@id":"https:\/\/comixburo.com\/produit\/petite-affiche-civiello-chat\/#primaryimage"},"image":{"@id":"https:\/\/comixburo.com\/produit\/petite-affiche-civiello-chat\/#primaryimage"},"thumbnailUrl":"https:\/\/comixburo.com\/wp-content\/uploads\/2025\/02\/cb031-civielle-chat-affiche-poster-00.webp","datePublished":"2025-02-04T15:45:51+00:00","dateModified":"2025-05-02T10:50:38+00:00","description":"Affiche de l'artiste Civiello. Le Chat aux \u00e9ditions Comix Buro sur papier Rive tradition. superbe affiche num\u00e9rot\u00e9e en \u00e9dition limit\u00e9e.","breadcrumb":{"@id":"https:\/\/comixburo.com\/produit\/petite-affiche-civiello-chat\/#breadcrumb"},"inLanguage":"en-GB","potentialAction":[{"@type":"ReadAction","target":["https:\/\/comixburo.com\/produit\/petite-affiche-civiello-chat\/"]}]},{"@type":"ImageObject","inLanguage":"en-GB","@id":"https:\/\/comixburo.com\/produit\/petite-affiche-civiello-chat\/#primaryimage","url":"https:\/\/comixburo.com\/wp-content\/uploads\/2025\/02\/cb031-civielle-chat-affiche-poster-00.webp","contentUrl":"https:\/\/comixburo.com\/wp-content\/uploads\/2025\/02\/cb031-civielle-chat-affiche-poster-00.webp","width":590,"height":820,"caption":"Petite affiche Civiello \u2013 Chat"},{"@type":"BreadcrumbList","@id":"https:\/\/comixburo.com\/produit\/petite-affiche-civiello-chat\/#breadcrumb","itemListElement":[{"@type":"ListItem","position":1,"name":"Home","item":"https:\/\/comixburo.com\/"},{"@type":"ListItem","position":2,"name":"La boutique Comix Buro","item":"https:\/\/comixburo.com\/la-boutique-comix-buro\/"},{"@type":"ListItem","position":3,"name":"Petite affiche Civiello \u2013 Chat"}]},{"@type":"WebSite","@id":"https:\/\/comixburo.com\/#website","url":"https:\/\/comixburo.com\/","name":"comixburo.com","description":"Cr\u00e9ateur de projets : Sketchbook d&#039;artistes !","publisher":{"@id":"https:\/\/comixburo.com\/#organization"},"alternateName":"Comix Buro","potentialAction":[{"@type":"SearchAction","target":{"@type":"EntryPoint","urlTemplate":"https:\/\/comixburo.com\/?s={search_term_string}"},"query-input":{"@type":"PropertyValueSpecification","valueRequired":true,"valueName":"search_term_string"}}],"inLanguage":"en-GB"},{"@type":"Organization","@id":"https:\/\/comixburo.com\/#organization","name":"comixburo.com","url":"https:\/\/comixburo.com\/","logo":{"@type":"ImageObject","inLanguage":"en-GB","@id":"https:\/\/comixburo.com\/#\/schema\/logo\/image\/","url":"https:\/\/comixburo.com\/wp-content\/uploads\/2025\/04\/logo-cxb-ROND.webp","contentUrl":"https:\/\/comixburo.com\/wp-content\/uploads\/2025\/04\/logo-cxb-ROND.webp","width":200,"height":200,"caption":"comixburo.com"},"image":{"@id":"https:\/\/comixburo.com\/#\/schema\/logo\/image\/"},"sameAs":["https:\/\/www.facebook.com\/comixburo","https:\/\/www.instagram.com\/comixburo\/"]}]}},"jetpack_sharing_enabled":true,"_links":{"self":[{"href":"https:\/\/comixburo.com\/en\/wp-json\/wp\/v2\/product\/17070","targetHints":{"allow":["GET"]}}],"collection":[{"href":"https:\/\/comixburo.com\/en\/wp-json\/wp\/v2\/product"}],"about":[{"href":"https:\/\/comixburo.com\/en\/wp-json\/wp\/v2\/types\/product"}],"replies":[{"embeddable":true,"href":"https:\/\/comixburo.com\/en\/wp-json\/wp\/v2\/comments?post=17070"}],"version-history":[{"count":1,"href":"https:\/\/comixburo.com\/en\/wp-json\/wp\/v2\/product\/17070\/revisions"}],"predecessor-version":[{"id":17072,"href":"https:\/\/comixburo.com\/en\/wp-json\/wp\/v2\/product\/17070\/revisions\/17072"}],"wp:featuredmedia":[{"embeddable":true,"href":"https:\/\/comixburo.com\/en\/wp-json\/wp\/v2\/media\/17278"}],"wp:attachment":[{"href":"https:\/\/comixburo.com\/en\/wp-json\/wp\/v2\/media?parent=17070"}],"wp:term":[{"taxonomy":"product_brand","embeddable":true,"href":"https:\/\/comixburo.com\/en\/wp-json\/wp\/v2\/product_brand?post=17070"},{"taxonomy":"product_cat","embeddable":true,"href":"https:\/\/comixburo.com\/en\/wp-json\/wp\/v2\/product_cat?post=17070"},{"taxonomy":"product_tag","embeddable":true,"href":"https:\/\/comixburo.com\/en\/wp-json\/wp\/v2\/product_tag?post=17070"}],"curies":[{"name":"wp","href":"https:\/\/api.w.org\/{rel}","templated":true}]}}