{"id":17076,"date":"2025-02-04T16:53:32","date_gmt":"2025-02-04T15:53:32","guid":{"rendered":"https:\/\/comixburo.com\/?post_type=product&#038;p=17076"},"modified":"2025-05-02T12:48:49","modified_gmt":"2025-05-02T10:48:49","slug":"affiche-ciia-pouf-pouf","status":"publish","type":"product","link":"https:\/\/comixburo.com\/en\/product\/affiche-ciia-pouf-pouf\/","title":{"rendered":"Affiche Ciia \u2013 Pouf-Pouf"},"content":{"rendered":"<h3><strong>Affiche Ciia \u2013 Pouf-Pouf \u2013 Ciia<\/strong><\/h3>\n<p><strong>Affiche Ciia \u2013 Pouf-Pouf<\/strong><br \/>\nAutrice : Ciia<br \/>\nFormat : 50 x 70 cm<br \/>\nLes 300 premiers exemplaires sont num\u00e9rot\u00e9s et sign\u00e9s par l\u2019artiste.<br \/>\nPapier : Rive Tradition<br \/>\nImpression : offset<\/p>\n<p>***<br \/>\nCiia, de son vrai nom Chhuy-Ing Ia, a grandi \u00e0 Paris et suivi des \u00e9tudes litt\u00e9raires et d\u2019anglais, avant de se former au dessin d\u2019animation au LTAM (Luxembourg), et de se faire une place dans le riche et vaste milieu du dessin, tant dans l\u2019animation (character designer) que dans l\u2019illustration jeunesse (Flammarion, Bayard presse, Gr\u00fcnd, etc.) et la bande dessin\u00e9e.<\/p>","protected":false},"excerpt":{"rendered":"<p>Affiche Ciia \u2013 Pouf-Pouf \u2013 Ciia Affiche Ciia \u2013 Pouf-Pouf Autrice : Ciia Format : 50 x 70 cm Les<\/p>","protected":false},"featured_media":17078,"comment_status":"open","ping_status":"closed","template":"","meta":[],"product_brand":[108],"product_cat":[96,110,93],"product_tag":[],"class_list":{"0":"post-17076","1":"product","2":"type-product","3":"status-publish","4":"has-post-thumbnail","6":"product_brand-comix-buro","7":"product_cat-affiches","8":"product_cat-comix-buro","9":"product_cat-tous","11":"first","12":"instock","13":"taxable","14":"shipping-taxable","15":"purchasable","16":"product-type-simple"},"yoast_head":"<!-- This site is optimized with the Yoast SEO plugin v26.9 - https:\/\/yoast.com\/product\/yoast-seo-wordpress\/ -->\n<title>Affiche Ciia \u2013 Pouf-Pouf - comixburo.com<\/title>\n<meta name=\"description\" content=\"Affiche de l&#039;artiste Ciia, POUF-POUF aux \u00e9ditions Comix Buro sur papier Rive tradition. superbe affiche num\u00e9rot\u00e9e en \u00e9dition limit\u00e9e.\" \/>\n<meta name=\"robots\" content=\"index, follow, max-snippet:-1, max-image-preview:large, max-video-preview:-1\" \/>\n<link rel=\"canonical\" href=\"https:\/\/comixburo.com\/en\/product\/affiche-ciia-pouf-pouf\/\" \/>\n<meta property=\"og:locale\" content=\"en_GB\" \/>\n<meta property=\"og:type\" content=\"article\" \/>\n<meta property=\"og:title\" content=\"Affiche Ciia \u2013 Pouf-Pouf - comixburo.com\" \/>\n<meta property=\"og:description\" content=\"Affiche de l&#039;artiste Ciia, POUF-POUF aux \u00e9ditions Comix Buro sur papier Rive tradition. superbe affiche num\u00e9rot\u00e9e en \u00e9dition limit\u00e9e.\" \/>\n<meta property=\"og:url\" content=\"https:\/\/comixburo.com\/en\/product\/affiche-ciia-pouf-pouf\/\" \/>\n<meta property=\"og:site_name\" content=\"comixburo.com\" \/>\n<meta property=\"article:publisher\" content=\"https:\/\/www.facebook.com\/comixburo\" \/>\n<meta property=\"article:modified_time\" content=\"2025-05-02T10:48:49+00:00\" \/>\n<meta property=\"og:image\" content=\"https:\/\/comixburo.com\/wp-content\/uploads\/2025\/02\/cb017_Ciia-pinup-comixburo-saint-valentin.webp\" \/>\n\t<meta property=\"og:image:width\" content=\"586\" \/>\n\t<meta property=\"og:image:height\" content=\"820\" \/>\n\t<meta property=\"og:image:type\" content=\"image\/webp\" \/>\n<meta name=\"twitter:card\" content=\"summary_large_image\" \/>\n<meta name=\"twitter:label1\" content=\"Estimated reading time\" \/>\n\t<meta name=\"twitter:data1\" content=\"1 minute\" \/>\n<script type=\"application\/ld+json\" class=\"yoast-schema-graph\">{\"@context\":\"https:\/\/schema.org\",\"@graph\":[{\"@type\":\"WebPage\",\"@id\":\"https:\/\/comixburo.com\/produit\/affiche-ciia-pouf-pouf\/\",\"url\":\"https:\/\/comixburo.com\/produit\/affiche-ciia-pouf-pouf\/\",\"name\":\"Affiche Ciia \u2013 Pouf-Pouf - comixburo.com\",\"isPartOf\":{\"@id\":\"https:\/\/comixburo.com\/#website\"},\"primaryImageOfPage\":{\"@id\":\"https:\/\/comixburo.com\/produit\/affiche-ciia-pouf-pouf\/#primaryimage\"},\"image\":{\"@id\":\"https:\/\/comixburo.com\/produit\/affiche-ciia-pouf-pouf\/#primaryimage\"},\"thumbnailUrl\":\"https:\/\/comixburo.com\/wp-content\/uploads\/2025\/02\/cb017_Ciia-pinup-comixburo-saint-valentin.webp\",\"datePublished\":\"2025-02-04T15:53:32+00:00\",\"dateModified\":\"2025-05-02T10:48:49+00:00\",\"description\":\"Affiche de l'artiste Ciia, POUF-POUF aux \u00e9ditions Comix Buro sur papier Rive tradition. superbe affiche num\u00e9rot\u00e9e en \u00e9dition limit\u00e9e.\",\"breadcrumb\":{\"@id\":\"https:\/\/comixburo.com\/produit\/affiche-ciia-pouf-pouf\/#breadcrumb\"},\"inLanguage\":\"en-GB\",\"potentialAction\":[{\"@type\":\"ReadAction\",\"target\":[\"https:\/\/comixburo.com\/produit\/affiche-ciia-pouf-pouf\/\"]}]},{\"@type\":\"ImageObject\",\"inLanguage\":\"en-GB\",\"@id\":\"https:\/\/comixburo.com\/produit\/affiche-ciia-pouf-pouf\/#primaryimage\",\"url\":\"https:\/\/comixburo.com\/wp-content\/uploads\/2025\/02\/cb017_Ciia-pinup-comixburo-saint-valentin.webp\",\"contentUrl\":\"https:\/\/comixburo.com\/wp-content\/uploads\/2025\/02\/cb017_Ciia-pinup-comixburo-saint-valentin.webp\",\"width\":586,\"height\":820,\"caption\":\"Affiche Ciia \u2013 Pouf-Pouf\"},{\"@type\":\"BreadcrumbList\",\"@id\":\"https:\/\/comixburo.com\/produit\/affiche-ciia-pouf-pouf\/#breadcrumb\",\"itemListElement\":[{\"@type\":\"ListItem\",\"position\":1,\"name\":\"Home\",\"item\":\"https:\/\/comixburo.com\/\"},{\"@type\":\"ListItem\",\"position\":2,\"name\":\"La boutique Comix Buro\",\"item\":\"https:\/\/comixburo.com\/la-boutique-comix-buro\/\"},{\"@type\":\"ListItem\",\"position\":3,\"name\":\"Affiche Ciia \u2013 Pouf-Pouf\"}]},{\"@type\":\"WebSite\",\"@id\":\"https:\/\/comixburo.com\/#website\",\"url\":\"https:\/\/comixburo.com\/\",\"name\":\"comixburo.com\",\"description\":\"Cr\u00e9ateur de projets : Sketchbook d&#039;artistes !\",\"publisher\":{\"@id\":\"https:\/\/comixburo.com\/#organization\"},\"alternateName\":\"Comix Buro\",\"potentialAction\":[{\"@type\":\"SearchAction\",\"target\":{\"@type\":\"EntryPoint\",\"urlTemplate\":\"https:\/\/comixburo.com\/?s={search_term_string}\"},\"query-input\":{\"@type\":\"PropertyValueSpecification\",\"valueRequired\":true,\"valueName\":\"search_term_string\"}}],\"inLanguage\":\"en-GB\"},{\"@type\":\"Organization\",\"@id\":\"https:\/\/comixburo.com\/#organization\",\"name\":\"comixburo.com\",\"url\":\"https:\/\/comixburo.com\/\",\"logo\":{\"@type\":\"ImageObject\",\"inLanguage\":\"en-GB\",\"@id\":\"https:\/\/comixburo.com\/#\/schema\/logo\/image\/\",\"url\":\"https:\/\/comixburo.com\/wp-content\/uploads\/2025\/04\/logo-cxb-ROND.webp\",\"contentUrl\":\"https:\/\/comixburo.com\/wp-content\/uploads\/2025\/04\/logo-cxb-ROND.webp\",\"width\":200,\"height\":200,\"caption\":\"comixburo.com\"},\"image\":{\"@id\":\"https:\/\/comixburo.com\/#\/schema\/logo\/image\/\"},\"sameAs\":[\"https:\/\/www.facebook.com\/comixburo\",\"https:\/\/www.instagram.com\/comixburo\/\"]}]}<\/script>\n<!-- \/ Yoast SEO plugin. -->","yoast_head_json":{"title":"Affiche Ciia \u2013 Pouf-Pouf - comixburo.com","description":"Affiche de l'artiste Ciia, POUF-POUF aux \u00e9ditions Comix Buro sur papier Rive tradition. superbe affiche num\u00e9rot\u00e9e en \u00e9dition limit\u00e9e.","robots":{"index":"index","follow":"follow","max-snippet":"max-snippet:-1","max-image-preview":"max-image-preview:large","max-video-preview":"max-video-preview:-1"},"canonical":"https:\/\/comixburo.com\/en\/product\/affiche-ciia-pouf-pouf\/","og_locale":"en_GB","og_type":"article","og_title":"Affiche Ciia \u2013 Pouf-Pouf - comixburo.com","og_description":"Affiche de l'artiste Ciia, POUF-POUF aux \u00e9ditions Comix Buro sur papier Rive tradition. superbe affiche num\u00e9rot\u00e9e en \u00e9dition limit\u00e9e.","og_url":"https:\/\/comixburo.com\/en\/product\/affiche-ciia-pouf-pouf\/","og_site_name":"comixburo.com","article_publisher":"https:\/\/www.facebook.com\/comixburo","article_modified_time":"2025-05-02T10:48:49+00:00","og_image":[{"width":586,"height":820,"url":"https:\/\/comixburo.com\/wp-content\/uploads\/2025\/02\/cb017_Ciia-pinup-comixburo-saint-valentin.webp","type":"image\/webp"}],"twitter_card":"summary_large_image","twitter_misc":{"Estimated reading time":"1 minute"},"schema":{"@context":"https:\/\/schema.org","@graph":[{"@type":"WebPage","@id":"https:\/\/comixburo.com\/produit\/affiche-ciia-pouf-pouf\/","url":"https:\/\/comixburo.com\/produit\/affiche-ciia-pouf-pouf\/","name":"Affiche Ciia \u2013 Pouf-Pouf - comixburo.com","isPartOf":{"@id":"https:\/\/comixburo.com\/#website"},"primaryImageOfPage":{"@id":"https:\/\/comixburo.com\/produit\/affiche-ciia-pouf-pouf\/#primaryimage"},"image":{"@id":"https:\/\/comixburo.com\/produit\/affiche-ciia-pouf-pouf\/#primaryimage"},"thumbnailUrl":"https:\/\/comixburo.com\/wp-content\/uploads\/2025\/02\/cb017_Ciia-pinup-comixburo-saint-valentin.webp","datePublished":"2025-02-04T15:53:32+00:00","dateModified":"2025-05-02T10:48:49+00:00","description":"Affiche de l'artiste Ciia, POUF-POUF aux \u00e9ditions Comix Buro sur papier Rive tradition. superbe affiche num\u00e9rot\u00e9e en \u00e9dition limit\u00e9e.","breadcrumb":{"@id":"https:\/\/comixburo.com\/produit\/affiche-ciia-pouf-pouf\/#breadcrumb"},"inLanguage":"en-GB","potentialAction":[{"@type":"ReadAction","target":["https:\/\/comixburo.com\/produit\/affiche-ciia-pouf-pouf\/"]}]},{"@type":"ImageObject","inLanguage":"en-GB","@id":"https:\/\/comixburo.com\/produit\/affiche-ciia-pouf-pouf\/#primaryimage","url":"https:\/\/comixburo.com\/wp-content\/uploads\/2025\/02\/cb017_Ciia-pinup-comixburo-saint-valentin.webp","contentUrl":"https:\/\/comixburo.com\/wp-content\/uploads\/2025\/02\/cb017_Ciia-pinup-comixburo-saint-valentin.webp","width":586,"height":820,"caption":"Affiche Ciia \u2013 Pouf-Pouf"},{"@type":"BreadcrumbList","@id":"https:\/\/comixburo.com\/produit\/affiche-ciia-pouf-pouf\/#breadcrumb","itemListElement":[{"@type":"ListItem","position":1,"name":"Home","item":"https:\/\/comixburo.com\/"},{"@type":"ListItem","position":2,"name":"La boutique Comix Buro","item":"https:\/\/comixburo.com\/la-boutique-comix-buro\/"},{"@type":"ListItem","position":3,"name":"Affiche Ciia \u2013 Pouf-Pouf"}]},{"@type":"WebSite","@id":"https:\/\/comixburo.com\/#website","url":"https:\/\/comixburo.com\/","name":"comixburo.com","description":"Cr\u00e9ateur de projets : Sketchbook d&#039;artistes !","publisher":{"@id":"https:\/\/comixburo.com\/#organization"},"alternateName":"Comix Buro","potentialAction":[{"@type":"SearchAction","target":{"@type":"EntryPoint","urlTemplate":"https:\/\/comixburo.com\/?s={search_term_string}"},"query-input":{"@type":"PropertyValueSpecification","valueRequired":true,"valueName":"search_term_string"}}],"inLanguage":"en-GB"},{"@type":"Organization","@id":"https:\/\/comixburo.com\/#organization","name":"comixburo.com","url":"https:\/\/comixburo.com\/","logo":{"@type":"ImageObject","inLanguage":"en-GB","@id":"https:\/\/comixburo.com\/#\/schema\/logo\/image\/","url":"https:\/\/comixburo.com\/wp-content\/uploads\/2025\/04\/logo-cxb-ROND.webp","contentUrl":"https:\/\/comixburo.com\/wp-content\/uploads\/2025\/04\/logo-cxb-ROND.webp","width":200,"height":200,"caption":"comixburo.com"},"image":{"@id":"https:\/\/comixburo.com\/#\/schema\/logo\/image\/"},"sameAs":["https:\/\/www.facebook.com\/comixburo","https:\/\/www.instagram.com\/comixburo\/"]}]}},"jetpack_sharing_enabled":true,"_links":{"self":[{"href":"https:\/\/comixburo.com\/en\/wp-json\/wp\/v2\/product\/17076","targetHints":{"allow":["GET"]}}],"collection":[{"href":"https:\/\/comixburo.com\/en\/wp-json\/wp\/v2\/product"}],"about":[{"href":"https:\/\/comixburo.com\/en\/wp-json\/wp\/v2\/types\/product"}],"replies":[{"embeddable":true,"href":"https:\/\/comixburo.com\/en\/wp-json\/wp\/v2\/comments?post=17076"}],"version-history":[{"count":1,"href":"https:\/\/comixburo.com\/en\/wp-json\/wp\/v2\/product\/17076\/revisions"}],"predecessor-version":[{"id":17077,"href":"https:\/\/comixburo.com\/en\/wp-json\/wp\/v2\/product\/17076\/revisions\/17077"}],"wp:featuredmedia":[{"embeddable":true,"href":"https:\/\/comixburo.com\/en\/wp-json\/wp\/v2\/media\/17078"}],"wp:attachment":[{"href":"https:\/\/comixburo.com\/en\/wp-json\/wp\/v2\/media?parent=17076"}],"wp:term":[{"taxonomy":"product_brand","embeddable":true,"href":"https:\/\/comixburo.com\/en\/wp-json\/wp\/v2\/product_brand?post=17076"},{"taxonomy":"product_cat","embeddable":true,"href":"https:\/\/comixburo.com\/en\/wp-json\/wp\/v2\/product_cat?post=17076"},{"taxonomy":"product_tag","embeddable":true,"href":"https:\/\/comixburo.com\/en\/wp-json\/wp\/v2\/product_tag?post=17076"}],"curies":[{"name":"wp","href":"https:\/\/api.w.org\/{rel}","templated":true}]}}