{"id":17082,"date":"2025-02-04T17:05:42","date_gmt":"2025-02-04T16:05:42","guid":{"rendered":"https:\/\/comixburo.com\/?post_type=product&#038;p=17082"},"modified":"2025-05-02T11:48:53","modified_gmt":"2025-05-02T09:48:53","slug":"affiche-chaiko-lily","status":"publish","type":"product","link":"https:\/\/comixburo.com\/en\/product\/affiche-chaiko-lily\/","title":{"rendered":"Affiche Chaiko \u2013 Lily"},"content":{"rendered":"<h3><strong>Affiche Chaiko \u2013 Lily<\/strong><\/h3>\n<p><strong>Affiche Chaiko \u2013 Lily<\/strong><\/p>\n<p>Auteur : Chaiko<br \/>\nFormat : 30 x 40 cm<br \/>\nImpression : offset<br \/>\nLes 300 premiers exemplaires sont num\u00e9rot\u00e9s et sign\u00e9s par l\u2019artiste.<br \/>\nAffiche d\u2019Art \u00e9dit\u00e9e sur un luxueux papier \u00e9pais et satin\u00e9 avec un fini au vernis s\u00e9lectif.<\/p>\n<p>***<br \/>\nIllustration inspir\u00e9e de l\u2019ouvrage Love : Fragments Shangai<br \/>\nLily, executive woman prisonni\u00e8re de son pass\u00e9 amoureux, croise la route de Wen, une jeune top-model qui cherche \u00e0 oublier la passion qu\u2019elle a eu avec Jian, un photographe de mode. Jusqu\u2019au jour o\u00f9 Wen retrouve Jian\u2026<\/p>\n<p>***<br \/>\nChaiko (de son vrai nom Cai Feng) est un r\u00e9alisateur de dessins anim\u00e9s bas\u00e9 \u00e0 Shanghai. Son style tr\u00e8s personnel capte l\u2019air du temps de la jeunesse chinoise privil\u00e9gi\u00e9e qu\u2019il transpose ici dans un Paris magnifi\u00e9. Ses personnages affrontent les interrogations d\u2019une jeunesse qui a saut\u00e9 d\u2019un seul coup du 19e au 21e si\u00e8cle. Il a d\u00e9j\u00e0 publi\u00e9 avec succ\u00e8s le graphic novel \u201cLove Fragments Shanghai\u201d chez Xiaopan.<\/p>","protected":false},"excerpt":{"rendered":"<p>Affiche Chaiko \u2013 Lily Affiche Chaiko \u2013 Lily Auteur : Chaiko Format : 30 x 40 cm Impression : offset<\/p>","protected":false},"featured_media":17268,"comment_status":"open","ping_status":"closed","template":"","meta":[],"product_brand":[108],"product_cat":[96,110,93],"product_tag":[],"class_list":{"0":"post-17082","1":"product","2":"type-product","3":"status-publish","4":"has-post-thumbnail","6":"product_brand-comix-buro","7":"product_cat-affiches","8":"product_cat-comix-buro","9":"product_cat-tous","11":"first","12":"instock","13":"sale","14":"taxable","15":"shipping-taxable","16":"purchasable","17":"product-type-simple"},"yoast_head":"<!-- This site is optimized with the Yoast SEO plugin v26.9 - https:\/\/yoast.com\/product\/yoast-seo-wordpress\/ -->\n<title>Affiche Chaiko \u2013 Lily - comixburo.com<\/title>\n<meta name=\"description\" content=\"Affiche Chaiko - Lily. Art-book Livres drawing book recueil Dessins Comix Buro carnets de croquis des meilleurs artistes de la bande dessin\u00e9e\" \/>\n<meta name=\"robots\" content=\"index, follow, max-snippet:-1, max-image-preview:large, max-video-preview:-1\" \/>\n<link rel=\"canonical\" href=\"https:\/\/comixburo.com\/en\/product\/affiche-chaiko-lily\/\" \/>\n<meta property=\"og:locale\" content=\"en_GB\" \/>\n<meta property=\"og:type\" content=\"article\" \/>\n<meta property=\"og:title\" content=\"Affiche Chaiko \u2013 Lily - comixburo.com\" \/>\n<meta property=\"og:description\" content=\"Affiche Chaiko - Lily. Art-book Livres drawing book recueil Dessins Comix Buro carnets de croquis des meilleurs artistes de la bande dessin\u00e9e\" \/>\n<meta property=\"og:url\" content=\"https:\/\/comixburo.com\/en\/product\/affiche-chaiko-lily\/\" \/>\n<meta property=\"og:site_name\" content=\"comixburo.com\" \/>\n<meta property=\"article:publisher\" content=\"https:\/\/www.facebook.com\/comixburo\" \/>\n<meta property=\"article:modified_time\" content=\"2025-05-02T09:48:53+00:00\" \/>\n<meta property=\"og:image\" content=\"https:\/\/comixburo.com\/wp-content\/uploads\/2025\/02\/cb013-chaiko-lily-chine-comixburo-00.webp\" \/>\n\t<meta property=\"og:image:width\" content=\"590\" \/>\n\t<meta property=\"og:image:height\" content=\"820\" \/>\n\t<meta property=\"og:image:type\" content=\"image\/webp\" \/>\n<meta name=\"twitter:card\" content=\"summary_large_image\" \/>\n<meta name=\"twitter:label1\" content=\"Estimated reading time\" \/>\n\t<meta name=\"twitter:data1\" content=\"1 minute\" \/>\n<script type=\"application\/ld+json\" class=\"yoast-schema-graph\">{\"@context\":\"https:\/\/schema.org\",\"@graph\":[{\"@type\":\"WebPage\",\"@id\":\"https:\/\/comixburo.com\/produit\/affiche-chaiko-lily\/\",\"url\":\"https:\/\/comixburo.com\/produit\/affiche-chaiko-lily\/\",\"name\":\"Affiche Chaiko \u2013 Lily - comixburo.com\",\"isPartOf\":{\"@id\":\"https:\/\/comixburo.com\/#website\"},\"primaryImageOfPage\":{\"@id\":\"https:\/\/comixburo.com\/produit\/affiche-chaiko-lily\/#primaryimage\"},\"image\":{\"@id\":\"https:\/\/comixburo.com\/produit\/affiche-chaiko-lily\/#primaryimage\"},\"thumbnailUrl\":\"https:\/\/comixburo.com\/wp-content\/uploads\/2025\/02\/cb013-chaiko-lily-chine-comixburo-00.webp\",\"datePublished\":\"2025-02-04T16:05:42+00:00\",\"dateModified\":\"2025-05-02T09:48:53+00:00\",\"description\":\"Affiche Chaiko - Lily. Art-book Livres drawing book recueil Dessins Comix Buro carnets de croquis des meilleurs artistes de la bande dessin\u00e9e\",\"breadcrumb\":{\"@id\":\"https:\/\/comixburo.com\/produit\/affiche-chaiko-lily\/#breadcrumb\"},\"inLanguage\":\"en-GB\",\"potentialAction\":[{\"@type\":\"ReadAction\",\"target\":[\"https:\/\/comixburo.com\/produit\/affiche-chaiko-lily\/\"]}]},{\"@type\":\"ImageObject\",\"inLanguage\":\"en-GB\",\"@id\":\"https:\/\/comixburo.com\/produit\/affiche-chaiko-lily\/#primaryimage\",\"url\":\"https:\/\/comixburo.com\/wp-content\/uploads\/2025\/02\/cb013-chaiko-lily-chine-comixburo-00.webp\",\"contentUrl\":\"https:\/\/comixburo.com\/wp-content\/uploads\/2025\/02\/cb013-chaiko-lily-chine-comixburo-00.webp\",\"width\":590,\"height\":820,\"caption\":\"Affiche Chaiko \u2013 Lily\"},{\"@type\":\"BreadcrumbList\",\"@id\":\"https:\/\/comixburo.com\/produit\/affiche-chaiko-lily\/#breadcrumb\",\"itemListElement\":[{\"@type\":\"ListItem\",\"position\":1,\"name\":\"Home\",\"item\":\"https:\/\/comixburo.com\/\"},{\"@type\":\"ListItem\",\"position\":2,\"name\":\"La boutique Comix Buro\",\"item\":\"https:\/\/comixburo.com\/la-boutique-comix-buro\/\"},{\"@type\":\"ListItem\",\"position\":3,\"name\":\"Affiche Chaiko \u2013 Lily\"}]},{\"@type\":\"WebSite\",\"@id\":\"https:\/\/comixburo.com\/#website\",\"url\":\"https:\/\/comixburo.com\/\",\"name\":\"comixburo.com\",\"description\":\"Cr\u00e9ateur de projets : Sketchbook d&#039;artistes !\",\"publisher\":{\"@id\":\"https:\/\/comixburo.com\/#organization\"},\"alternateName\":\"Comix Buro\",\"potentialAction\":[{\"@type\":\"SearchAction\",\"target\":{\"@type\":\"EntryPoint\",\"urlTemplate\":\"https:\/\/comixburo.com\/?s={search_term_string}\"},\"query-input\":{\"@type\":\"PropertyValueSpecification\",\"valueRequired\":true,\"valueName\":\"search_term_string\"}}],\"inLanguage\":\"en-GB\"},{\"@type\":\"Organization\",\"@id\":\"https:\/\/comixburo.com\/#organization\",\"name\":\"comixburo.com\",\"url\":\"https:\/\/comixburo.com\/\",\"logo\":{\"@type\":\"ImageObject\",\"inLanguage\":\"en-GB\",\"@id\":\"https:\/\/comixburo.com\/#\/schema\/logo\/image\/\",\"url\":\"https:\/\/comixburo.com\/wp-content\/uploads\/2025\/04\/logo-cxb-ROND.webp\",\"contentUrl\":\"https:\/\/comixburo.com\/wp-content\/uploads\/2025\/04\/logo-cxb-ROND.webp\",\"width\":200,\"height\":200,\"caption\":\"comixburo.com\"},\"image\":{\"@id\":\"https:\/\/comixburo.com\/#\/schema\/logo\/image\/\"},\"sameAs\":[\"https:\/\/www.facebook.com\/comixburo\",\"https:\/\/www.instagram.com\/comixburo\/\"]}]}<\/script>\n<!-- \/ Yoast SEO plugin. -->","yoast_head_json":{"title":"Affiche Chaiko \u2013 Lily - comixburo.com","description":"Affiche Chaiko - Lily. Art-book Livres drawing book recueil Dessins Comix Buro carnets de croquis des meilleurs artistes de la bande dessin\u00e9e","robots":{"index":"index","follow":"follow","max-snippet":"max-snippet:-1","max-image-preview":"max-image-preview:large","max-video-preview":"max-video-preview:-1"},"canonical":"https:\/\/comixburo.com\/en\/product\/affiche-chaiko-lily\/","og_locale":"en_GB","og_type":"article","og_title":"Affiche Chaiko \u2013 Lily - comixburo.com","og_description":"Affiche Chaiko - Lily. Art-book Livres drawing book recueil Dessins Comix Buro carnets de croquis des meilleurs artistes de la bande dessin\u00e9e","og_url":"https:\/\/comixburo.com\/en\/product\/affiche-chaiko-lily\/","og_site_name":"comixburo.com","article_publisher":"https:\/\/www.facebook.com\/comixburo","article_modified_time":"2025-05-02T09:48:53+00:00","og_image":[{"width":590,"height":820,"url":"https:\/\/comixburo.com\/wp-content\/uploads\/2025\/02\/cb013-chaiko-lily-chine-comixburo-00.webp","type":"image\/webp"}],"twitter_card":"summary_large_image","twitter_misc":{"Estimated reading time":"1 minute"},"schema":{"@context":"https:\/\/schema.org","@graph":[{"@type":"WebPage","@id":"https:\/\/comixburo.com\/produit\/affiche-chaiko-lily\/","url":"https:\/\/comixburo.com\/produit\/affiche-chaiko-lily\/","name":"Affiche Chaiko \u2013 Lily - comixburo.com","isPartOf":{"@id":"https:\/\/comixburo.com\/#website"},"primaryImageOfPage":{"@id":"https:\/\/comixburo.com\/produit\/affiche-chaiko-lily\/#primaryimage"},"image":{"@id":"https:\/\/comixburo.com\/produit\/affiche-chaiko-lily\/#primaryimage"},"thumbnailUrl":"https:\/\/comixburo.com\/wp-content\/uploads\/2025\/02\/cb013-chaiko-lily-chine-comixburo-00.webp","datePublished":"2025-02-04T16:05:42+00:00","dateModified":"2025-05-02T09:48:53+00:00","description":"Affiche Chaiko - Lily. Art-book Livres drawing book recueil Dessins Comix Buro carnets de croquis des meilleurs artistes de la bande dessin\u00e9e","breadcrumb":{"@id":"https:\/\/comixburo.com\/produit\/affiche-chaiko-lily\/#breadcrumb"},"inLanguage":"en-GB","potentialAction":[{"@type":"ReadAction","target":["https:\/\/comixburo.com\/produit\/affiche-chaiko-lily\/"]}]},{"@type":"ImageObject","inLanguage":"en-GB","@id":"https:\/\/comixburo.com\/produit\/affiche-chaiko-lily\/#primaryimage","url":"https:\/\/comixburo.com\/wp-content\/uploads\/2025\/02\/cb013-chaiko-lily-chine-comixburo-00.webp","contentUrl":"https:\/\/comixburo.com\/wp-content\/uploads\/2025\/02\/cb013-chaiko-lily-chine-comixburo-00.webp","width":590,"height":820,"caption":"Affiche Chaiko \u2013 Lily"},{"@type":"BreadcrumbList","@id":"https:\/\/comixburo.com\/produit\/affiche-chaiko-lily\/#breadcrumb","itemListElement":[{"@type":"ListItem","position":1,"name":"Home","item":"https:\/\/comixburo.com\/"},{"@type":"ListItem","position":2,"name":"La boutique Comix Buro","item":"https:\/\/comixburo.com\/la-boutique-comix-buro\/"},{"@type":"ListItem","position":3,"name":"Affiche Chaiko \u2013 Lily"}]},{"@type":"WebSite","@id":"https:\/\/comixburo.com\/#website","url":"https:\/\/comixburo.com\/","name":"comixburo.com","description":"Cr\u00e9ateur de projets : Sketchbook d&#039;artistes !","publisher":{"@id":"https:\/\/comixburo.com\/#organization"},"alternateName":"Comix Buro","potentialAction":[{"@type":"SearchAction","target":{"@type":"EntryPoint","urlTemplate":"https:\/\/comixburo.com\/?s={search_term_string}"},"query-input":{"@type":"PropertyValueSpecification","valueRequired":true,"valueName":"search_term_string"}}],"inLanguage":"en-GB"},{"@type":"Organization","@id":"https:\/\/comixburo.com\/#organization","name":"comixburo.com","url":"https:\/\/comixburo.com\/","logo":{"@type":"ImageObject","inLanguage":"en-GB","@id":"https:\/\/comixburo.com\/#\/schema\/logo\/image\/","url":"https:\/\/comixburo.com\/wp-content\/uploads\/2025\/04\/logo-cxb-ROND.webp","contentUrl":"https:\/\/comixburo.com\/wp-content\/uploads\/2025\/04\/logo-cxb-ROND.webp","width":200,"height":200,"caption":"comixburo.com"},"image":{"@id":"https:\/\/comixburo.com\/#\/schema\/logo\/image\/"},"sameAs":["https:\/\/www.facebook.com\/comixburo","https:\/\/www.instagram.com\/comixburo\/"]}]}},"jetpack_sharing_enabled":true,"_links":{"self":[{"href":"https:\/\/comixburo.com\/en\/wp-json\/wp\/v2\/product\/17082","targetHints":{"allow":["GET"]}}],"collection":[{"href":"https:\/\/comixburo.com\/en\/wp-json\/wp\/v2\/product"}],"about":[{"href":"https:\/\/comixburo.com\/en\/wp-json\/wp\/v2\/types\/product"}],"replies":[{"embeddable":true,"href":"https:\/\/comixburo.com\/en\/wp-json\/wp\/v2\/comments?post=17082"}],"version-history":[{"count":1,"href":"https:\/\/comixburo.com\/en\/wp-json\/wp\/v2\/product\/17082\/revisions"}],"predecessor-version":[{"id":17084,"href":"https:\/\/comixburo.com\/en\/wp-json\/wp\/v2\/product\/17082\/revisions\/17084"}],"wp:featuredmedia":[{"embeddable":true,"href":"https:\/\/comixburo.com\/en\/wp-json\/wp\/v2\/media\/17268"}],"wp:attachment":[{"href":"https:\/\/comixburo.com\/en\/wp-json\/wp\/v2\/media?parent=17082"}],"wp:term":[{"taxonomy":"product_brand","embeddable":true,"href":"https:\/\/comixburo.com\/en\/wp-json\/wp\/v2\/product_brand?post=17082"},{"taxonomy":"product_cat","embeddable":true,"href":"https:\/\/comixburo.com\/en\/wp-json\/wp\/v2\/product_cat?post=17082"},{"taxonomy":"product_tag","embeddable":true,"href":"https:\/\/comixburo.com\/en\/wp-json\/wp\/v2\/product_tag?post=17082"}],"curies":[{"name":"wp","href":"https:\/\/api.w.org\/{rel}","templated":true}]}}