{"id":17831,"date":"2025-02-23T01:05:40","date_gmt":"2025-02-23T00:05:40","guid":{"rendered":"https:\/\/comixburo.com\/?post_type=product&#038;p=17831"},"modified":"2025-05-06T11:13:56","modified_gmt":"2025-05-06T09:13:56","slug":"tirage-de-luxe-niouk-t3-alpha","status":"publish","type":"product","link":"https:\/\/comixburo.com\/en\/product\/tirage-de-luxe-niouk-t3-alpha\/","title":{"rendered":"Tirage de luxe NIOUK T3 (Alpha) &#8211; Olivier Vatine"},"content":{"rendered":"<h3><strong>Tirage de luxe Niourk \u2013 T3 \u2013 Olivier Vatine<\/strong><\/h3>\n<p><strong>Tirage de luxe Niourk T3 (Alpha) + Ex-libris<\/strong><\/p>\n<p>Auteur : Olivier Vatine<br \/>\n\u00c9diteur : Comix Buro<br \/>\nDate de parution : f\u00e9vrier 2013<br \/>\nisbn : 9782916518640<br \/>\nFormat : 26,5 x 37,7 cm<br \/>\nNombre de pages : 72 pages (dont planches noir et blanc et cahier bonus couleur)<br \/>\nTirage : \u00a0399 exemplaires num\u00e9rot\u00e9s et sign\u00e9s par Olivier Vatine<\/p>\n<p>***<br \/>\nCe tirage de luxe de Niourk contient l\u2019int\u00e9gralit\u00e9 de l\u2019album en noir et blanc au format des planches originales de l\u2019auteur, ainsi que le storyboard complet et 5 pages de bonus in\u00e9dits. D\u00e9couvrez la couverture in\u00e9dite, de m\u00eame que l\u2019ex-libris (tir\u00e9 de l\u2019illustration originale du chapitre 3 Le Feu des dieux), num\u00e9rot\u00e9 et sign\u00e9 par Olivier Vatine.<\/p>","protected":false},"excerpt":{"rendered":"<h3><strong>Tirage de luxe Niourk \u2013 T3 \u2013 Olivier Vatine<\/strong><\/h3>\n<p><strong>Tirage de luxe Niourk T2 (La Ville) + Ex-libris<\/strong><\/p>","protected":false},"featured_media":17832,"comment_status":"open","ping_status":"closed","template":"","meta":[],"product_brand":[108],"product_cat":[110,105,93],"product_tag":[],"class_list":{"0":"post-17831","1":"product","2":"type-product","3":"status-publish","4":"has-post-thumbnail","6":"product_brand-comix-buro","7":"product_cat-comix-buro","8":"product_cat-tirage-luxe","9":"product_cat-tous","11":"first","12":"instock","13":"taxable","14":"shipping-taxable","15":"purchasable","16":"product-type-simple"},"yoast_head":"<!-- This site is optimized with the Yoast SEO plugin v26.9 - https:\/\/yoast.com\/product\/yoast-seo-wordpress\/ -->\n<title>Tirage de luxe NIOUK T3 (Alpha) - Olivier Vatine - comixburo.com<\/title>\n<meta name=\"description\" content=\"Tirage de luxe T3 en \u00e9dition limit\u00e9e chez Comix Buro en noir et blanc. Ouvrage initialement en \u00e9dition classique chez Ankama.\" \/>\n<meta name=\"robots\" content=\"index, follow, max-snippet:-1, max-image-preview:large, max-video-preview:-1\" \/>\n<link rel=\"canonical\" href=\"https:\/\/comixburo.com\/en\/product\/tirage-de-luxe-niouk-t3-alpha\/\" \/>\n<meta property=\"og:locale\" content=\"en_GB\" \/>\n<meta property=\"og:type\" content=\"article\" \/>\n<meta property=\"og:title\" content=\"Tirage de luxe NIOUK T3 (Alpha) - Olivier Vatine - comixburo.com\" \/>\n<meta property=\"og:description\" content=\"Tirage de luxe T3 en \u00e9dition limit\u00e9e chez Comix Buro en noir et blanc. Ouvrage initialement en \u00e9dition classique chez Ankama.\" \/>\n<meta property=\"og:url\" content=\"https:\/\/comixburo.com\/en\/product\/tirage-de-luxe-niouk-t3-alpha\/\" \/>\n<meta property=\"og:site_name\" content=\"comixburo.com\" \/>\n<meta property=\"article:publisher\" content=\"https:\/\/www.facebook.com\/comixburo\" \/>\n<meta property=\"article:modified_time\" content=\"2025-05-06T09:13:56+00:00\" \/>\n<meta property=\"og:image\" content=\"https:\/\/comixburo.com\/wp-content\/uploads\/2025\/02\/niourk-T3-couver-vatine-sf-wul-anticipation.png\" \/>\n\t<meta property=\"og:image:width\" content=\"645\" \/>\n\t<meta property=\"og:image:height\" content=\"873\" \/>\n\t<meta property=\"og:image:type\" content=\"image\/png\" \/>\n<meta name=\"twitter:card\" content=\"summary_large_image\" \/>\n<meta name=\"twitter:label1\" content=\"Estimated reading time\" \/>\n\t<meta name=\"twitter:data1\" content=\"1 minute\" \/>\n<script type=\"application\/ld+json\" class=\"yoast-schema-graph\">{\"@context\":\"https:\/\/schema.org\",\"@graph\":[{\"@type\":\"WebPage\",\"@id\":\"https:\/\/comixburo.com\/produit\/tirage-de-luxe-niouk-t3-alpha\/\",\"url\":\"https:\/\/comixburo.com\/produit\/tirage-de-luxe-niouk-t3-alpha\/\",\"name\":\"Tirage de luxe NIOUK T3 (Alpha) - Olivier Vatine - comixburo.com\",\"isPartOf\":{\"@id\":\"https:\/\/comixburo.com\/#website\"},\"primaryImageOfPage\":{\"@id\":\"https:\/\/comixburo.com\/produit\/tirage-de-luxe-niouk-t3-alpha\/#primaryimage\"},\"image\":{\"@id\":\"https:\/\/comixburo.com\/produit\/tirage-de-luxe-niouk-t3-alpha\/#primaryimage\"},\"thumbnailUrl\":\"https:\/\/comixburo.com\/wp-content\/uploads\/2025\/02\/niourk-T3-couver-vatine-sf-wul-anticipation.png\",\"datePublished\":\"2025-02-23T00:05:40+00:00\",\"dateModified\":\"2025-05-06T09:13:56+00:00\",\"description\":\"Tirage de luxe T3 en \u00e9dition limit\u00e9e chez Comix Buro en noir et blanc. Ouvrage initialement en \u00e9dition classique chez Ankama.\",\"breadcrumb\":{\"@id\":\"https:\/\/comixburo.com\/produit\/tirage-de-luxe-niouk-t3-alpha\/#breadcrumb\"},\"inLanguage\":\"en-GB\",\"potentialAction\":[{\"@type\":\"ReadAction\",\"target\":[\"https:\/\/comixburo.com\/produit\/tirage-de-luxe-niouk-t3-alpha\/\"]}]},{\"@type\":\"ImageObject\",\"inLanguage\":\"en-GB\",\"@id\":\"https:\/\/comixburo.com\/produit\/tirage-de-luxe-niouk-t3-alpha\/#primaryimage\",\"url\":\"https:\/\/comixburo.com\/wp-content\/uploads\/2025\/02\/niourk-T3-couver-vatine-sf-wul-anticipation.png\",\"contentUrl\":\"https:\/\/comixburo.com\/wp-content\/uploads\/2025\/02\/niourk-T3-couver-vatine-sf-wul-anticipation.png\",\"width\":645,\"height\":873,\"caption\":\"Tirage de luxe NIOUK T3 (Alpha) - Olivier Vatine\"},{\"@type\":\"BreadcrumbList\",\"@id\":\"https:\/\/comixburo.com\/produit\/tirage-de-luxe-niouk-t3-alpha\/#breadcrumb\",\"itemListElement\":[{\"@type\":\"ListItem\",\"position\":1,\"name\":\"Home\",\"item\":\"https:\/\/comixburo.com\/\"},{\"@type\":\"ListItem\",\"position\":2,\"name\":\"La boutique Comix Buro\",\"item\":\"https:\/\/comixburo.com\/la-boutique-comix-buro\/\"},{\"@type\":\"ListItem\",\"position\":3,\"name\":\"Tirage de luxe NIOUK T3 (Alpha) &#8211; Olivier Vatine\"}]},{\"@type\":\"WebSite\",\"@id\":\"https:\/\/comixburo.com\/#website\",\"url\":\"https:\/\/comixburo.com\/\",\"name\":\"comixburo.com\",\"description\":\"Cr\u00e9ateur de projets : Sketchbook d&#039;artistes !\",\"publisher\":{\"@id\":\"https:\/\/comixburo.com\/#organization\"},\"alternateName\":\"Comix Buro\",\"potentialAction\":[{\"@type\":\"SearchAction\",\"target\":{\"@type\":\"EntryPoint\",\"urlTemplate\":\"https:\/\/comixburo.com\/?s={search_term_string}\"},\"query-input\":{\"@type\":\"PropertyValueSpecification\",\"valueRequired\":true,\"valueName\":\"search_term_string\"}}],\"inLanguage\":\"en-GB\"},{\"@type\":\"Organization\",\"@id\":\"https:\/\/comixburo.com\/#organization\",\"name\":\"comixburo.com\",\"url\":\"https:\/\/comixburo.com\/\",\"logo\":{\"@type\":\"ImageObject\",\"inLanguage\":\"en-GB\",\"@id\":\"https:\/\/comixburo.com\/#\/schema\/logo\/image\/\",\"url\":\"https:\/\/comixburo.com\/wp-content\/uploads\/2025\/04\/logo-cxb-ROND.webp\",\"contentUrl\":\"https:\/\/comixburo.com\/wp-content\/uploads\/2025\/04\/logo-cxb-ROND.webp\",\"width\":200,\"height\":200,\"caption\":\"comixburo.com\"},\"image\":{\"@id\":\"https:\/\/comixburo.com\/#\/schema\/logo\/image\/\"},\"sameAs\":[\"https:\/\/www.facebook.com\/comixburo\",\"https:\/\/www.instagram.com\/comixburo\/\"]}]}<\/script>\n<!-- \/ Yoast SEO plugin. -->","yoast_head_json":{"title":"Tirage de luxe NIOUK T3 (Alpha) - Olivier Vatine - comixburo.com","description":"Tirage de luxe T3 en \u00e9dition limit\u00e9e chez Comix Buro en noir et blanc. Ouvrage initialement en \u00e9dition classique chez Ankama.","robots":{"index":"index","follow":"follow","max-snippet":"max-snippet:-1","max-image-preview":"max-image-preview:large","max-video-preview":"max-video-preview:-1"},"canonical":"https:\/\/comixburo.com\/en\/product\/tirage-de-luxe-niouk-t3-alpha\/","og_locale":"en_GB","og_type":"article","og_title":"Tirage de luxe NIOUK T3 (Alpha) - Olivier Vatine - comixburo.com","og_description":"Tirage de luxe T3 en \u00e9dition limit\u00e9e chez Comix Buro en noir et blanc. Ouvrage initialement en \u00e9dition classique chez Ankama.","og_url":"https:\/\/comixburo.com\/en\/product\/tirage-de-luxe-niouk-t3-alpha\/","og_site_name":"comixburo.com","article_publisher":"https:\/\/www.facebook.com\/comixburo","article_modified_time":"2025-05-06T09:13:56+00:00","og_image":[{"width":645,"height":873,"url":"https:\/\/comixburo.com\/wp-content\/uploads\/2025\/02\/niourk-T3-couver-vatine-sf-wul-anticipation.png","type":"image\/png"}],"twitter_card":"summary_large_image","twitter_misc":{"Estimated reading time":"1 minute"},"schema":{"@context":"https:\/\/schema.org","@graph":[{"@type":"WebPage","@id":"https:\/\/comixburo.com\/produit\/tirage-de-luxe-niouk-t3-alpha\/","url":"https:\/\/comixburo.com\/produit\/tirage-de-luxe-niouk-t3-alpha\/","name":"Tirage de luxe NIOUK T3 (Alpha) - Olivier Vatine - comixburo.com","isPartOf":{"@id":"https:\/\/comixburo.com\/#website"},"primaryImageOfPage":{"@id":"https:\/\/comixburo.com\/produit\/tirage-de-luxe-niouk-t3-alpha\/#primaryimage"},"image":{"@id":"https:\/\/comixburo.com\/produit\/tirage-de-luxe-niouk-t3-alpha\/#primaryimage"},"thumbnailUrl":"https:\/\/comixburo.com\/wp-content\/uploads\/2025\/02\/niourk-T3-couver-vatine-sf-wul-anticipation.png","datePublished":"2025-02-23T00:05:40+00:00","dateModified":"2025-05-06T09:13:56+00:00","description":"Tirage de luxe T3 en \u00e9dition limit\u00e9e chez Comix Buro en noir et blanc. Ouvrage initialement en \u00e9dition classique chez Ankama.","breadcrumb":{"@id":"https:\/\/comixburo.com\/produit\/tirage-de-luxe-niouk-t3-alpha\/#breadcrumb"},"inLanguage":"en-GB","potentialAction":[{"@type":"ReadAction","target":["https:\/\/comixburo.com\/produit\/tirage-de-luxe-niouk-t3-alpha\/"]}]},{"@type":"ImageObject","inLanguage":"en-GB","@id":"https:\/\/comixburo.com\/produit\/tirage-de-luxe-niouk-t3-alpha\/#primaryimage","url":"https:\/\/comixburo.com\/wp-content\/uploads\/2025\/02\/niourk-T3-couver-vatine-sf-wul-anticipation.png","contentUrl":"https:\/\/comixburo.com\/wp-content\/uploads\/2025\/02\/niourk-T3-couver-vatine-sf-wul-anticipation.png","width":645,"height":873,"caption":"Tirage de luxe NIOUK T3 (Alpha) - Olivier Vatine"},{"@type":"BreadcrumbList","@id":"https:\/\/comixburo.com\/produit\/tirage-de-luxe-niouk-t3-alpha\/#breadcrumb","itemListElement":[{"@type":"ListItem","position":1,"name":"Home","item":"https:\/\/comixburo.com\/"},{"@type":"ListItem","position":2,"name":"La boutique Comix Buro","item":"https:\/\/comixburo.com\/la-boutique-comix-buro\/"},{"@type":"ListItem","position":3,"name":"Tirage de luxe NIOUK T3 (Alpha) &#8211; Olivier Vatine"}]},{"@type":"WebSite","@id":"https:\/\/comixburo.com\/#website","url":"https:\/\/comixburo.com\/","name":"comixburo.com","description":"Cr\u00e9ateur de projets : Sketchbook d&#039;artistes !","publisher":{"@id":"https:\/\/comixburo.com\/#organization"},"alternateName":"Comix Buro","potentialAction":[{"@type":"SearchAction","target":{"@type":"EntryPoint","urlTemplate":"https:\/\/comixburo.com\/?s={search_term_string}"},"query-input":{"@type":"PropertyValueSpecification","valueRequired":true,"valueName":"search_term_string"}}],"inLanguage":"en-GB"},{"@type":"Organization","@id":"https:\/\/comixburo.com\/#organization","name":"comixburo.com","url":"https:\/\/comixburo.com\/","logo":{"@type":"ImageObject","inLanguage":"en-GB","@id":"https:\/\/comixburo.com\/#\/schema\/logo\/image\/","url":"https:\/\/comixburo.com\/wp-content\/uploads\/2025\/04\/logo-cxb-ROND.webp","contentUrl":"https:\/\/comixburo.com\/wp-content\/uploads\/2025\/04\/logo-cxb-ROND.webp","width":200,"height":200,"caption":"comixburo.com"},"image":{"@id":"https:\/\/comixburo.com\/#\/schema\/logo\/image\/"},"sameAs":["https:\/\/www.facebook.com\/comixburo","https:\/\/www.instagram.com\/comixburo\/"]}]}},"jetpack_sharing_enabled":true,"_links":{"self":[{"href":"https:\/\/comixburo.com\/en\/wp-json\/wp\/v2\/product\/17831","targetHints":{"allow":["GET"]}}],"collection":[{"href":"https:\/\/comixburo.com\/en\/wp-json\/wp\/v2\/product"}],"about":[{"href":"https:\/\/comixburo.com\/en\/wp-json\/wp\/v2\/types\/product"}],"replies":[{"embeddable":true,"href":"https:\/\/comixburo.com\/en\/wp-json\/wp\/v2\/comments?post=17831"}],"version-history":[{"count":4,"href":"https:\/\/comixburo.com\/en\/wp-json\/wp\/v2\/product\/17831\/revisions"}],"predecessor-version":[{"id":20073,"href":"https:\/\/comixburo.com\/en\/wp-json\/wp\/v2\/product\/17831\/revisions\/20073"}],"wp:featuredmedia":[{"embeddable":true,"href":"https:\/\/comixburo.com\/en\/wp-json\/wp\/v2\/media\/17832"}],"wp:attachment":[{"href":"https:\/\/comixburo.com\/en\/wp-json\/wp\/v2\/media?parent=17831"}],"wp:term":[{"taxonomy":"product_brand","embeddable":true,"href":"https:\/\/comixburo.com\/en\/wp-json\/wp\/v2\/product_brand?post=17831"},{"taxonomy":"product_cat","embeddable":true,"href":"https:\/\/comixburo.com\/en\/wp-json\/wp\/v2\/product_cat?post=17831"},{"taxonomy":"product_tag","embeddable":true,"href":"https:\/\/comixburo.com\/en\/wp-json\/wp\/v2\/product_tag?post=17831"}],"curies":[{"name":"wp","href":"https:\/\/api.w.org\/{rel}","templated":true}]}}