{"id":17946,"date":"2025-02-25T09:26:40","date_gmt":"2025-02-25T08:26:40","guid":{"rendered":"https:\/\/comixburo.com\/?post_type=product&#038;p=17946"},"modified":"2025-06-02T18:18:26","modified_gmt":"2025-06-02T16:18:26","slug":"sketchbook-pierre-alary-n2","status":"publish","type":"product","link":"https:\/\/comixburo.com\/en\/product\/sketchbook-pierre-alary-n2\/","title":{"rendered":"Sketchbook Pierre Alary #2"},"content":{"rendered":"<p><strong>Sketchbook sketchbook Alary #2<\/strong><\/p>\n<ul>\n<li>Auteur : <a href=\"https:\/\/www.instagram.com\/alary_pierre\/\">Pierre Alary<\/a><\/li>\n<li>\u00c9diteur : <a href=\"https:\/\/comixburo.com\/en\/\">Comix Buro<\/a><\/li>\n<li>ISBN : 978916518473<\/li>\n<li>48 pages couleur \u2013 Format : 18 x 22 cm \u2013 Broch\u00e9<\/li>\n<li>Les 900 premiers exemplaires sont num\u00e9rot\u00e9s et sign\u00e9s par l\u2019auteur<\/li>\n<\/ul>\n<p>Ce Sketchbook Pierre Alary N\u00b02, fourmille de p\u00e9pites et fait la part belle aux th\u00e8mes chers \u00e0 son auteur tels que le western-spaghetti ou les pirates.<br \/>\nIl regorge en outre d\u2019hommages aux artistes que Pierre Alary admire.<br \/>\nAinsi que de projets qui n\u2019ont pas vus le jour, d\u2019essais de couvertures, de diverses recherches, d\u2019extraits de story-boards, d\u2019ex-libris.<br \/>\nPour ce second sketchbook, Pirre Alary privil\u00e9gie l\u2019illustration et la couleur.<br \/>\nVous pourrez notamment d\u00e9couvrir les diff\u00e9rentes propositions de maquettes, en couleur, r\u00e9alis\u00e9es pour les couvertures de ses albums.<br \/>\nAvec la collection Sketchbooks, Comix Buro vous invite \u00e0 feuilleter les carnets des meilleurs artistes de la bande dessin\u00e9e et de l\u2019illustration.<br \/>\nVous y trouverez au d\u00e9tour des pages des cr\u00e9atures \u00e9tranges, des mod\u00e8les vivants captur\u00e9s sur papier, des croquis ramen\u00e9s de pays lointains, des vaisseaux spatiaux sur leur pas de tir, des story-boards, et bien d\u2019autres choses encore.<\/p>\n<p>&nbsp;<\/p>\n<p><a href=\"https:\/\/comixburo.com\/en\/les-sketchbooks\/\" target=\"_blank\" rel=\"noopener\">Collection Sketchbook Comix Buro<\/a><\/p>\n<p><a href=\"https:\/\/attakus.art\/?s=ALARY&amp;post_type=product\" target=\"_blank\" rel=\"noopener\">ATTAKUS FIGURINES<\/a><\/p>","protected":false},"excerpt":{"rendered":"<p>Plongez dans l\u2019univers de la collection\u00a0<em>Sketchbooks<\/em>\u00a0publi\u00e9e par COMIX BURO et d\u00e9couvrez les carnets de croquis des meilleurs auteurs et autrices de bande dessin\u00e9e !<\/p>","protected":false},"featured_media":17947,"comment_status":"open","ping_status":"closed","template":"","meta":[],"product_brand":[108],"product_cat":[110,75,93],"product_tag":[],"class_list":{"0":"post-17946","1":"product","2":"type-product","3":"status-publish","4":"has-post-thumbnail","6":"product_brand-comix-buro","7":"product_cat-comix-buro","8":"product_cat-sketchbook","9":"product_cat-tous","11":"first","12":"instock","13":"taxable","14":"shipping-taxable","15":"purchasable","16":"product-type-simple"},"yoast_head":"<!-- This site is optimized with the Yoast SEO plugin v26.9 - https:\/\/yoast.com\/product\/yoast-seo-wordpress\/ -->\n<title>Sketchbook Pierre Alary #2 - comixburo.com<\/title>\n<meta name=\"description\" content=\"Sketchbook N\u00b02 de Pierre Alary aux \u00e9ditions comix Buro . Superbe carnet de croquis de l&#039;auteur. \u00c0 ne manquer sous aucun pr\u00e9texte !\" \/>\n<meta name=\"robots\" content=\"index, follow, max-snippet:-1, max-image-preview:large, max-video-preview:-1\" \/>\n<link rel=\"canonical\" href=\"https:\/\/comixburo.com\/en\/product\/sketchbook-pierre-alary-n2\/\" \/>\n<meta property=\"og:locale\" content=\"en_GB\" \/>\n<meta property=\"og:type\" content=\"article\" \/>\n<meta property=\"og:title\" content=\"Sketchbook Pierre Alary #2 - comixburo.com\" \/>\n<meta property=\"og:description\" content=\"Sketchbook N\u00b02 de Pierre Alary aux \u00e9ditions comix Buro . Superbe carnet de croquis de l&#039;auteur. \u00c0 ne manquer sous aucun pr\u00e9texte !\" \/>\n<meta property=\"og:url\" content=\"https:\/\/comixburo.com\/en\/product\/sketchbook-pierre-alary-n2\/\" \/>\n<meta property=\"og:site_name\" content=\"comixburo.com\" \/>\n<meta property=\"article:publisher\" content=\"https:\/\/www.facebook.com\/comixburo\" \/>\n<meta property=\"article:modified_time\" content=\"2025-06-02T16:18:26+00:00\" \/>\n<meta property=\"og:image\" content=\"https:\/\/comixburo.com\/wp-content\/uploads\/2025\/02\/alary-2-sketchbook-comixburo-bande-dessinee-illustrations-croquis.webp\" \/>\n\t<meta property=\"og:image:width\" content=\"736\" \/>\n\t<meta property=\"og:image:height\" content=\"899\" \/>\n\t<meta property=\"og:image:type\" content=\"image\/webp\" \/>\n<meta name=\"twitter:card\" content=\"summary_large_image\" \/>\n<meta name=\"twitter:label1\" content=\"Estimated reading time\" \/>\n\t<meta name=\"twitter:data1\" content=\"2 minutes\" \/>\n<script type=\"application\/ld+json\" class=\"yoast-schema-graph\">{\"@context\":\"https:\/\/schema.org\",\"@graph\":[{\"@type\":\"WebPage\",\"@id\":\"https:\/\/comixburo.com\/produit\/sketchbook-pierre-alary-n2\/\",\"url\":\"https:\/\/comixburo.com\/produit\/sketchbook-pierre-alary-n2\/\",\"name\":\"Sketchbook Pierre Alary #2 - comixburo.com\",\"isPartOf\":{\"@id\":\"https:\/\/comixburo.com\/#website\"},\"primaryImageOfPage\":{\"@id\":\"https:\/\/comixburo.com\/produit\/sketchbook-pierre-alary-n2\/#primaryimage\"},\"image\":{\"@id\":\"https:\/\/comixburo.com\/produit\/sketchbook-pierre-alary-n2\/#primaryimage\"},\"thumbnailUrl\":\"https:\/\/comixburo.com\/wp-content\/uploads\/2025\/02\/alary-2-sketchbook-comixburo-bande-dessinee-illustrations-croquis.webp\",\"datePublished\":\"2025-02-25T08:26:40+00:00\",\"dateModified\":\"2025-06-02T16:18:26+00:00\",\"description\":\"Sketchbook N\u00b02 de Pierre Alary aux \u00e9ditions comix Buro . Superbe carnet de croquis de l'auteur. \u00c0 ne manquer sous aucun pr\u00e9texte !\",\"breadcrumb\":{\"@id\":\"https:\/\/comixburo.com\/produit\/sketchbook-pierre-alary-n2\/#breadcrumb\"},\"inLanguage\":\"en-GB\",\"potentialAction\":[{\"@type\":\"ReadAction\",\"target\":[\"https:\/\/comixburo.com\/produit\/sketchbook-pierre-alary-n2\/\"]}]},{\"@type\":\"ImageObject\",\"inLanguage\":\"en-GB\",\"@id\":\"https:\/\/comixburo.com\/produit\/sketchbook-pierre-alary-n2\/#primaryimage\",\"url\":\"https:\/\/comixburo.com\/wp-content\/uploads\/2025\/02\/alary-2-sketchbook-comixburo-bande-dessinee-illustrations-croquis.webp\",\"contentUrl\":\"https:\/\/comixburo.com\/wp-content\/uploads\/2025\/02\/alary-2-sketchbook-comixburo-bande-dessinee-illustrations-croquis.webp\",\"width\":736,\"height\":899,\"caption\":\"Sketchbook Pierre Alary N\u00b02\"},{\"@type\":\"BreadcrumbList\",\"@id\":\"https:\/\/comixburo.com\/produit\/sketchbook-pierre-alary-n2\/#breadcrumb\",\"itemListElement\":[{\"@type\":\"ListItem\",\"position\":1,\"name\":\"Home\",\"item\":\"https:\/\/comixburo.com\/\"},{\"@type\":\"ListItem\",\"position\":2,\"name\":\"La boutique Comix Buro\",\"item\":\"https:\/\/comixburo.com\/la-boutique-comix-buro\/\"},{\"@type\":\"ListItem\",\"position\":3,\"name\":\"Sketchbook Pierre Alary #2\"}]},{\"@type\":\"WebSite\",\"@id\":\"https:\/\/comixburo.com\/#website\",\"url\":\"https:\/\/comixburo.com\/\",\"name\":\"comixburo.com\",\"description\":\"Cr\u00e9ateur de projets : Sketchbook d&#039;artistes !\",\"publisher\":{\"@id\":\"https:\/\/comixburo.com\/#organization\"},\"alternateName\":\"Comix Buro\",\"potentialAction\":[{\"@type\":\"SearchAction\",\"target\":{\"@type\":\"EntryPoint\",\"urlTemplate\":\"https:\/\/comixburo.com\/?s={search_term_string}\"},\"query-input\":{\"@type\":\"PropertyValueSpecification\",\"valueRequired\":true,\"valueName\":\"search_term_string\"}}],\"inLanguage\":\"en-GB\"},{\"@type\":\"Organization\",\"@id\":\"https:\/\/comixburo.com\/#organization\",\"name\":\"comixburo.com\",\"url\":\"https:\/\/comixburo.com\/\",\"logo\":{\"@type\":\"ImageObject\",\"inLanguage\":\"en-GB\",\"@id\":\"https:\/\/comixburo.com\/#\/schema\/logo\/image\/\",\"url\":\"https:\/\/comixburo.com\/wp-content\/uploads\/2025\/04\/logo-cxb-ROND.webp\",\"contentUrl\":\"https:\/\/comixburo.com\/wp-content\/uploads\/2025\/04\/logo-cxb-ROND.webp\",\"width\":200,\"height\":200,\"caption\":\"comixburo.com\"},\"image\":{\"@id\":\"https:\/\/comixburo.com\/#\/schema\/logo\/image\/\"},\"sameAs\":[\"https:\/\/www.facebook.com\/comixburo\",\"https:\/\/www.instagram.com\/comixburo\/\"]}]}<\/script>\n<!-- \/ Yoast SEO plugin. -->","yoast_head_json":{"title":"Sketchbook Pierre Alary #2 - comixburo.com","description":"Sketchbook N\u00b02 de Pierre Alary aux \u00e9ditions comix Buro . Superbe carnet de croquis de l'auteur. \u00c0 ne manquer sous aucun pr\u00e9texte !","robots":{"index":"index","follow":"follow","max-snippet":"max-snippet:-1","max-image-preview":"max-image-preview:large","max-video-preview":"max-video-preview:-1"},"canonical":"https:\/\/comixburo.com\/en\/product\/sketchbook-pierre-alary-n2\/","og_locale":"en_GB","og_type":"article","og_title":"Sketchbook Pierre Alary #2 - comixburo.com","og_description":"Sketchbook N\u00b02 de Pierre Alary aux \u00e9ditions comix Buro . Superbe carnet de croquis de l'auteur. \u00c0 ne manquer sous aucun pr\u00e9texte !","og_url":"https:\/\/comixburo.com\/en\/product\/sketchbook-pierre-alary-n2\/","og_site_name":"comixburo.com","article_publisher":"https:\/\/www.facebook.com\/comixburo","article_modified_time":"2025-06-02T16:18:26+00:00","og_image":[{"width":736,"height":899,"url":"https:\/\/comixburo.com\/wp-content\/uploads\/2025\/02\/alary-2-sketchbook-comixburo-bande-dessinee-illustrations-croquis.webp","type":"image\/webp"}],"twitter_card":"summary_large_image","twitter_misc":{"Estimated reading time":"2 minutes"},"schema":{"@context":"https:\/\/schema.org","@graph":[{"@type":"WebPage","@id":"https:\/\/comixburo.com\/produit\/sketchbook-pierre-alary-n2\/","url":"https:\/\/comixburo.com\/produit\/sketchbook-pierre-alary-n2\/","name":"Sketchbook Pierre Alary #2 - comixburo.com","isPartOf":{"@id":"https:\/\/comixburo.com\/#website"},"primaryImageOfPage":{"@id":"https:\/\/comixburo.com\/produit\/sketchbook-pierre-alary-n2\/#primaryimage"},"image":{"@id":"https:\/\/comixburo.com\/produit\/sketchbook-pierre-alary-n2\/#primaryimage"},"thumbnailUrl":"https:\/\/comixburo.com\/wp-content\/uploads\/2025\/02\/alary-2-sketchbook-comixburo-bande-dessinee-illustrations-croquis.webp","datePublished":"2025-02-25T08:26:40+00:00","dateModified":"2025-06-02T16:18:26+00:00","description":"Sketchbook N\u00b02 de Pierre Alary aux \u00e9ditions comix Buro . Superbe carnet de croquis de l'auteur. \u00c0 ne manquer sous aucun pr\u00e9texte !","breadcrumb":{"@id":"https:\/\/comixburo.com\/produit\/sketchbook-pierre-alary-n2\/#breadcrumb"},"inLanguage":"en-GB","potentialAction":[{"@type":"ReadAction","target":["https:\/\/comixburo.com\/produit\/sketchbook-pierre-alary-n2\/"]}]},{"@type":"ImageObject","inLanguage":"en-GB","@id":"https:\/\/comixburo.com\/produit\/sketchbook-pierre-alary-n2\/#primaryimage","url":"https:\/\/comixburo.com\/wp-content\/uploads\/2025\/02\/alary-2-sketchbook-comixburo-bande-dessinee-illustrations-croquis.webp","contentUrl":"https:\/\/comixburo.com\/wp-content\/uploads\/2025\/02\/alary-2-sketchbook-comixburo-bande-dessinee-illustrations-croquis.webp","width":736,"height":899,"caption":"Sketchbook Pierre Alary N\u00b02"},{"@type":"BreadcrumbList","@id":"https:\/\/comixburo.com\/produit\/sketchbook-pierre-alary-n2\/#breadcrumb","itemListElement":[{"@type":"ListItem","position":1,"name":"Home","item":"https:\/\/comixburo.com\/"},{"@type":"ListItem","position":2,"name":"La boutique Comix Buro","item":"https:\/\/comixburo.com\/la-boutique-comix-buro\/"},{"@type":"ListItem","position":3,"name":"Sketchbook Pierre Alary #2"}]},{"@type":"WebSite","@id":"https:\/\/comixburo.com\/#website","url":"https:\/\/comixburo.com\/","name":"comixburo.com","description":"Cr\u00e9ateur de projets : Sketchbook d&#039;artistes !","publisher":{"@id":"https:\/\/comixburo.com\/#organization"},"alternateName":"Comix Buro","potentialAction":[{"@type":"SearchAction","target":{"@type":"EntryPoint","urlTemplate":"https:\/\/comixburo.com\/?s={search_term_string}"},"query-input":{"@type":"PropertyValueSpecification","valueRequired":true,"valueName":"search_term_string"}}],"inLanguage":"en-GB"},{"@type":"Organization","@id":"https:\/\/comixburo.com\/#organization","name":"comixburo.com","url":"https:\/\/comixburo.com\/","logo":{"@type":"ImageObject","inLanguage":"en-GB","@id":"https:\/\/comixburo.com\/#\/schema\/logo\/image\/","url":"https:\/\/comixburo.com\/wp-content\/uploads\/2025\/04\/logo-cxb-ROND.webp","contentUrl":"https:\/\/comixburo.com\/wp-content\/uploads\/2025\/04\/logo-cxb-ROND.webp","width":200,"height":200,"caption":"comixburo.com"},"image":{"@id":"https:\/\/comixburo.com\/#\/schema\/logo\/image\/"},"sameAs":["https:\/\/www.facebook.com\/comixburo","https:\/\/www.instagram.com\/comixburo\/"]}]}},"jetpack_sharing_enabled":true,"_links":{"self":[{"href":"https:\/\/comixburo.com\/en\/wp-json\/wp\/v2\/product\/17946","targetHints":{"allow":["GET"]}}],"collection":[{"href":"https:\/\/comixburo.com\/en\/wp-json\/wp\/v2\/product"}],"about":[{"href":"https:\/\/comixburo.com\/en\/wp-json\/wp\/v2\/types\/product"}],"replies":[{"embeddable":true,"href":"https:\/\/comixburo.com\/en\/wp-json\/wp\/v2\/comments?post=17946"}],"version-history":[{"count":8,"href":"https:\/\/comixburo.com\/en\/wp-json\/wp\/v2\/product\/17946\/revisions"}],"predecessor-version":[{"id":20492,"href":"https:\/\/comixburo.com\/en\/wp-json\/wp\/v2\/product\/17946\/revisions\/20492"}],"wp:featuredmedia":[{"embeddable":true,"href":"https:\/\/comixburo.com\/en\/wp-json\/wp\/v2\/media\/17947"}],"wp:attachment":[{"href":"https:\/\/comixburo.com\/en\/wp-json\/wp\/v2\/media?parent=17946"}],"wp:term":[{"taxonomy":"product_brand","embeddable":true,"href":"https:\/\/comixburo.com\/en\/wp-json\/wp\/v2\/product_brand?post=17946"},{"taxonomy":"product_cat","embeddable":true,"href":"https:\/\/comixburo.com\/en\/wp-json\/wp\/v2\/product_cat?post=17946"},{"taxonomy":"product_tag","embeddable":true,"href":"https:\/\/comixburo.com\/en\/wp-json\/wp\/v2\/product_tag?post=17946"}],"curies":[{"name":"wp","href":"https:\/\/api.w.org\/{rel}","templated":true}]}}