{"id":18184,"date":"2025-02-26T14:35:52","date_gmt":"2025-02-26T13:35:52","guid":{"rendered":"https:\/\/comixburo.com\/?post_type=product&#038;p=18184"},"modified":"2026-02-03T23:47:36","modified_gmt":"2026-02-03T22:47:36","slug":"lillie-roadrunner-aero-eastern","status":"publish","type":"product","link":"https:\/\/comixburo.com\/en\/product\/lillie-roadrunner-aero-eastern\/","title":{"rendered":"Lillie Roadrunner Aero Eastern sur son bidon. FAN"},"content":{"rendered":"<h3><strong>Statuette de collection Lillie Roadrunner Aero Eastern \u2013 \u2018Fane<\/strong><\/h3>\n<p><strong>Statue en r\u00e9sine de Lillie Roadrunner sur son baril<\/strong>, d\u2019apr\u00e8s une illustration de \u2018Fane<\/p>\n<p>Statuette de collection num\u00e9rot\u00e9e et limit\u00e9e \u00e0 350 Exemplaires<br \/>\nLivr\u00e9e avec son certificat d\u2019authenticit\u00e9 num\u00e9rot\u00e9 sign\u00e9 par \u2018<a href=\"https:\/\/www.joe-bar-team.fr\/fr\/\">F<\/a>ane<br \/>\nSculpt\u00e9e en France et peinte \u00e0 la main.<br \/>\nTaille : 18 cm \u2013 7,1\u00a0\u00bb<\/p>\n<p>D\u00e9couvrez cette ravissante statue de Lillie Roadrunner, pin-up sixties. Espi\u00e8gle avec sa bulle de chewing-gum, elle est perch\u00e9e sur son baril et observe une course de bolides dans les plaines d\u00e9sertiques am\u00e9ricaines, chronom\u00e8tre en main. C\u2019est la mascotte de notre site www.attakus.art et vous pouvez d\u2019ailleurs la retrouver un peu partout en illustration. \u2018Fane s\u2019est inspir\u00e9 de son univers\u00a0<em><strong>Streamliner<\/strong><\/em> pour cr\u00e9er de toutes pi\u00e8ces cette petite pin-up d\u00e9bordant de charme. C\u2019est pourquoi vous n\u2019avez ne l\u2019aviez jamais aper\u00e7ue auparavant.<\/p>\n<p>&nbsp;<\/p>","protected":false},"excerpt":{"rendered":"<h3><strong>Statuette de collection Lillie Roadrunner Aero Eastern \u2013 \u2018Fane<\/strong><\/h3>","protected":false},"featured_media":18185,"comment_status":"open","ping_status":"closed","template":"","meta":[],"product_brand":[109,108],"product_cat":[111,106,93],"product_tag":[],"class_list":{"0":"post-18184","1":"product","2":"type-product","3":"status-publish","4":"has-post-thumbnail","6":"product_brand-attakus","7":"product_brand-comix-buro","8":"product_cat-attakus","9":"product_cat-statues","10":"product_cat-tous","12":"first","13":"outofstock","14":"taxable","15":"shipping-taxable","16":"purchasable","17":"product-type-simple"},"yoast_head":"<!-- This site is optimized with the Yoast SEO plugin v26.9 - https:\/\/yoast.com\/product\/yoast-seo-wordpress\/ -->\n<title>Lillie Roadrunner Aero Eastern sur son bidon. FAN - comixburo.com<\/title>\n<meta name=\"description\" content=\"Lille Rodrunner sur son bidon Aero Eastern. Statuette de collection Attakus. Inspir\u00e9e des ann\u00e9es 50, cette statue est simplement sublime.\" \/>\n<meta name=\"robots\" content=\"index, follow, max-snippet:-1, max-image-preview:large, max-video-preview:-1\" \/>\n<link rel=\"canonical\" href=\"https:\/\/comixburo.com\/en\/product\/lillie-roadrunner-aero-eastern\/\" \/>\n<meta property=\"og:locale\" content=\"en_GB\" \/>\n<meta property=\"og:type\" content=\"article\" \/>\n<meta property=\"og:title\" content=\"Lillie Roadrunner Aero Eastern sur son bidon. FAN - comixburo.com\" \/>\n<meta property=\"og:description\" content=\"Lille Rodrunner sur son bidon Aero Eastern. Statuette de collection Attakus. Inspir\u00e9e des ann\u00e9es 50, cette statue est simplement sublime.\" \/>\n<meta property=\"og:url\" content=\"https:\/\/comixburo.com\/en\/product\/lillie-roadrunner-aero-eastern\/\" \/>\n<meta property=\"og:site_name\" content=\"comixburo.com\" \/>\n<meta property=\"article:publisher\" content=\"https:\/\/www.facebook.com\/comixburo\" \/>\n<meta property=\"article:modified_time\" content=\"2026-02-03T22:47:36+00:00\" \/>\n<meta property=\"og:image\" content=\"https:\/\/comixburo.com\/wp-content\/uploads\/2025\/02\/c807-lillie-roadrunner-aero-pinup-fane-attakus-face.webp\" \/>\n\t<meta property=\"og:image:width\" content=\"674\" \/>\n\t<meta property=\"og:image:height\" content=\"1000\" \/>\n\t<meta property=\"og:image:type\" content=\"image\/webp\" \/>\n<meta name=\"twitter:card\" content=\"summary_large_image\" \/>\n<meta name=\"twitter:label1\" content=\"Estimated reading time\" \/>\n\t<meta name=\"twitter:data1\" content=\"1 minute\" \/>\n<script type=\"application\/ld+json\" class=\"yoast-schema-graph\">{\"@context\":\"https:\/\/schema.org\",\"@graph\":[{\"@type\":\"WebPage\",\"@id\":\"https:\/\/comixburo.com\/produit\/lillie-roadrunner-aero-eastern\/\",\"url\":\"https:\/\/comixburo.com\/produit\/lillie-roadrunner-aero-eastern\/\",\"name\":\"Lillie Roadrunner Aero Eastern sur son bidon. FAN - comixburo.com\",\"isPartOf\":{\"@id\":\"https:\/\/comixburo.com\/#website\"},\"primaryImageOfPage\":{\"@id\":\"https:\/\/comixburo.com\/produit\/lillie-roadrunner-aero-eastern\/#primaryimage\"},\"image\":{\"@id\":\"https:\/\/comixburo.com\/produit\/lillie-roadrunner-aero-eastern\/#primaryimage\"},\"thumbnailUrl\":\"https:\/\/comixburo.com\/wp-content\/uploads\/2025\/02\/c807-lillie-roadrunner-aero-pinup-fane-attakus-face.webp\",\"datePublished\":\"2025-02-26T13:35:52+00:00\",\"dateModified\":\"2026-02-03T22:47:36+00:00\",\"description\":\"Lille Rodrunner sur son bidon Aero Eastern. Statuette de collection Attakus. Inspir\u00e9e des ann\u00e9es 50, cette statue est simplement sublime.\",\"breadcrumb\":{\"@id\":\"https:\/\/comixburo.com\/produit\/lillie-roadrunner-aero-eastern\/#breadcrumb\"},\"inLanguage\":\"en-GB\",\"potentialAction\":[{\"@type\":\"ReadAction\",\"target\":[\"https:\/\/comixburo.com\/produit\/lillie-roadrunner-aero-eastern\/\"]}]},{\"@type\":\"ImageObject\",\"inLanguage\":\"en-GB\",\"@id\":\"https:\/\/comixburo.com\/produit\/lillie-roadrunner-aero-eastern\/#primaryimage\",\"url\":\"https:\/\/comixburo.com\/wp-content\/uploads\/2025\/02\/c807-lillie-roadrunner-aero-pinup-fane-attakus-face.webp\",\"contentUrl\":\"https:\/\/comixburo.com\/wp-content\/uploads\/2025\/02\/c807-lillie-roadrunner-aero-pinup-fane-attakus-face.webp\",\"width\":674,\"height\":1000},{\"@type\":\"BreadcrumbList\",\"@id\":\"https:\/\/comixburo.com\/produit\/lillie-roadrunner-aero-eastern\/#breadcrumb\",\"itemListElement\":[{\"@type\":\"ListItem\",\"position\":1,\"name\":\"Home\",\"item\":\"https:\/\/comixburo.com\/\"},{\"@type\":\"ListItem\",\"position\":2,\"name\":\"La boutique Comix Buro\",\"item\":\"https:\/\/comixburo.com\/la-boutique-comix-buro\/\"},{\"@type\":\"ListItem\",\"position\":3,\"name\":\"Lillie Roadrunner Aero Eastern sur son bidon. FAN\"}]},{\"@type\":\"WebSite\",\"@id\":\"https:\/\/comixburo.com\/#website\",\"url\":\"https:\/\/comixburo.com\/\",\"name\":\"comixburo.com\",\"description\":\"Cr\u00e9ateur de projets : Sketchbook d&#039;artistes !\",\"publisher\":{\"@id\":\"https:\/\/comixburo.com\/#organization\"},\"alternateName\":\"Comix Buro\",\"potentialAction\":[{\"@type\":\"SearchAction\",\"target\":{\"@type\":\"EntryPoint\",\"urlTemplate\":\"https:\/\/comixburo.com\/?s={search_term_string}\"},\"query-input\":{\"@type\":\"PropertyValueSpecification\",\"valueRequired\":true,\"valueName\":\"search_term_string\"}}],\"inLanguage\":\"en-GB\"},{\"@type\":\"Organization\",\"@id\":\"https:\/\/comixburo.com\/#organization\",\"name\":\"comixburo.com\",\"url\":\"https:\/\/comixburo.com\/\",\"logo\":{\"@type\":\"ImageObject\",\"inLanguage\":\"en-GB\",\"@id\":\"https:\/\/comixburo.com\/#\/schema\/logo\/image\/\",\"url\":\"https:\/\/comixburo.com\/wp-content\/uploads\/2025\/04\/logo-cxb-ROND.webp\",\"contentUrl\":\"https:\/\/comixburo.com\/wp-content\/uploads\/2025\/04\/logo-cxb-ROND.webp\",\"width\":200,\"height\":200,\"caption\":\"comixburo.com\"},\"image\":{\"@id\":\"https:\/\/comixburo.com\/#\/schema\/logo\/image\/\"},\"sameAs\":[\"https:\/\/www.facebook.com\/comixburo\",\"https:\/\/www.instagram.com\/comixburo\/\"]}]}<\/script>\n<!-- \/ Yoast SEO plugin. -->","yoast_head_json":{"title":"Lillie Roadrunner Aero Eastern sur son bidon. FAN - comixburo.com","description":"Lille Rodrunner sur son bidon Aero Eastern. Statuette de collection Attakus. Inspir\u00e9e des ann\u00e9es 50, cette statue est simplement sublime.","robots":{"index":"index","follow":"follow","max-snippet":"max-snippet:-1","max-image-preview":"max-image-preview:large","max-video-preview":"max-video-preview:-1"},"canonical":"https:\/\/comixburo.com\/en\/product\/lillie-roadrunner-aero-eastern\/","og_locale":"en_GB","og_type":"article","og_title":"Lillie Roadrunner Aero Eastern sur son bidon. FAN - comixburo.com","og_description":"Lille Rodrunner sur son bidon Aero Eastern. Statuette de collection Attakus. Inspir\u00e9e des ann\u00e9es 50, cette statue est simplement sublime.","og_url":"https:\/\/comixburo.com\/en\/product\/lillie-roadrunner-aero-eastern\/","og_site_name":"comixburo.com","article_publisher":"https:\/\/www.facebook.com\/comixburo","article_modified_time":"2026-02-03T22:47:36+00:00","og_image":[{"width":674,"height":1000,"url":"https:\/\/comixburo.com\/wp-content\/uploads\/2025\/02\/c807-lillie-roadrunner-aero-pinup-fane-attakus-face.webp","type":"image\/webp"}],"twitter_card":"summary_large_image","twitter_misc":{"Estimated reading time":"1 minute"},"schema":{"@context":"https:\/\/schema.org","@graph":[{"@type":"WebPage","@id":"https:\/\/comixburo.com\/produit\/lillie-roadrunner-aero-eastern\/","url":"https:\/\/comixburo.com\/produit\/lillie-roadrunner-aero-eastern\/","name":"Lillie Roadrunner Aero Eastern sur son bidon. FAN - comixburo.com","isPartOf":{"@id":"https:\/\/comixburo.com\/#website"},"primaryImageOfPage":{"@id":"https:\/\/comixburo.com\/produit\/lillie-roadrunner-aero-eastern\/#primaryimage"},"image":{"@id":"https:\/\/comixburo.com\/produit\/lillie-roadrunner-aero-eastern\/#primaryimage"},"thumbnailUrl":"https:\/\/comixburo.com\/wp-content\/uploads\/2025\/02\/c807-lillie-roadrunner-aero-pinup-fane-attakus-face.webp","datePublished":"2025-02-26T13:35:52+00:00","dateModified":"2026-02-03T22:47:36+00:00","description":"Lille Rodrunner sur son bidon Aero Eastern. Statuette de collection Attakus. Inspir\u00e9e des ann\u00e9es 50, cette statue est simplement sublime.","breadcrumb":{"@id":"https:\/\/comixburo.com\/produit\/lillie-roadrunner-aero-eastern\/#breadcrumb"},"inLanguage":"en-GB","potentialAction":[{"@type":"ReadAction","target":["https:\/\/comixburo.com\/produit\/lillie-roadrunner-aero-eastern\/"]}]},{"@type":"ImageObject","inLanguage":"en-GB","@id":"https:\/\/comixburo.com\/produit\/lillie-roadrunner-aero-eastern\/#primaryimage","url":"https:\/\/comixburo.com\/wp-content\/uploads\/2025\/02\/c807-lillie-roadrunner-aero-pinup-fane-attakus-face.webp","contentUrl":"https:\/\/comixburo.com\/wp-content\/uploads\/2025\/02\/c807-lillie-roadrunner-aero-pinup-fane-attakus-face.webp","width":674,"height":1000},{"@type":"BreadcrumbList","@id":"https:\/\/comixburo.com\/produit\/lillie-roadrunner-aero-eastern\/#breadcrumb","itemListElement":[{"@type":"ListItem","position":1,"name":"Home","item":"https:\/\/comixburo.com\/"},{"@type":"ListItem","position":2,"name":"La boutique Comix Buro","item":"https:\/\/comixburo.com\/la-boutique-comix-buro\/"},{"@type":"ListItem","position":3,"name":"Lillie Roadrunner Aero Eastern sur son bidon. FAN"}]},{"@type":"WebSite","@id":"https:\/\/comixburo.com\/#website","url":"https:\/\/comixburo.com\/","name":"comixburo.com","description":"Cr\u00e9ateur de projets : Sketchbook d&#039;artistes !","publisher":{"@id":"https:\/\/comixburo.com\/#organization"},"alternateName":"Comix Buro","potentialAction":[{"@type":"SearchAction","target":{"@type":"EntryPoint","urlTemplate":"https:\/\/comixburo.com\/?s={search_term_string}"},"query-input":{"@type":"PropertyValueSpecification","valueRequired":true,"valueName":"search_term_string"}}],"inLanguage":"en-GB"},{"@type":"Organization","@id":"https:\/\/comixburo.com\/#organization","name":"comixburo.com","url":"https:\/\/comixburo.com\/","logo":{"@type":"ImageObject","inLanguage":"en-GB","@id":"https:\/\/comixburo.com\/#\/schema\/logo\/image\/","url":"https:\/\/comixburo.com\/wp-content\/uploads\/2025\/04\/logo-cxb-ROND.webp","contentUrl":"https:\/\/comixburo.com\/wp-content\/uploads\/2025\/04\/logo-cxb-ROND.webp","width":200,"height":200,"caption":"comixburo.com"},"image":{"@id":"https:\/\/comixburo.com\/#\/schema\/logo\/image\/"},"sameAs":["https:\/\/www.facebook.com\/comixburo","https:\/\/www.instagram.com\/comixburo\/"]}]}},"jetpack_sharing_enabled":true,"_links":{"self":[{"href":"https:\/\/comixburo.com\/en\/wp-json\/wp\/v2\/product\/18184","targetHints":{"allow":["GET"]}}],"collection":[{"href":"https:\/\/comixburo.com\/en\/wp-json\/wp\/v2\/product"}],"about":[{"href":"https:\/\/comixburo.com\/en\/wp-json\/wp\/v2\/types\/product"}],"replies":[{"embeddable":true,"href":"https:\/\/comixburo.com\/en\/wp-json\/wp\/v2\/comments?post=18184"}],"version-history":[{"count":4,"href":"https:\/\/comixburo.com\/en\/wp-json\/wp\/v2\/product\/18184\/revisions"}],"predecessor-version":[{"id":20148,"href":"https:\/\/comixburo.com\/en\/wp-json\/wp\/v2\/product\/18184\/revisions\/20148"}],"wp:featuredmedia":[{"embeddable":true,"href":"https:\/\/comixburo.com\/en\/wp-json\/wp\/v2\/media\/18185"}],"wp:attachment":[{"href":"https:\/\/comixburo.com\/en\/wp-json\/wp\/v2\/media?parent=18184"}],"wp:term":[{"taxonomy":"product_brand","embeddable":true,"href":"https:\/\/comixburo.com\/en\/wp-json\/wp\/v2\/product_brand?post=18184"},{"taxonomy":"product_cat","embeddable":true,"href":"https:\/\/comixburo.com\/en\/wp-json\/wp\/v2\/product_cat?post=18184"},{"taxonomy":"product_tag","embeddable":true,"href":"https:\/\/comixburo.com\/en\/wp-json\/wp\/v2\/product_tag?post=18184"}],"curies":[{"name":"wp","href":"https:\/\/api.w.org\/{rel}","templated":true}]}}