{"id":18436,"date":"2025-03-01T13:36:28","date_gmt":"2025-03-01T12:36:28","guid":{"rendered":"https:\/\/comixburo.com\/?post_type=product&#038;p=18436"},"modified":"2026-02-12T18:04:45","modified_gmt":"2026-02-12T17:04:45","slug":"tirage-de-luxe-cixi-de-troy-integrale","status":"publish","type":"product","link":"https:\/\/comixburo.com\/en\/product\/tirage-de-luxe-cixi-de-troy-integrale\/","title":{"rendered":"Tirage de luxe Cixi de Troy \u2013 Int\u00e9grale VATINE"},"content":{"rendered":"<h1 class=\"product_title entry-title wd-entities-title\">Tirage de luxe Cixi de Troy \u2013 Int\u00e9grale VATINE<\/h1>\n<h2>Auteurs : Christophe Arleston, Olivier Vatine et Adrien Floch<br \/>\n\u00c9diteur : Comix Buro<br \/>\nDate de parution : d\u00e9cembre 2012<br \/>\nisbn : 9782916518626<br \/>\nFormat : 32,5 x 23 cm<br \/>\nNombre de pages :\u00a0192 pages, broch\u00e9<br \/>\nTirage : 299 exemplaires<br \/>\nCouverture in\u00e9dite. Tirage de luxe num\u00e9rot\u00e9 \u00e0 299 ex et sign\u00e9 par les trois auteurs.<\/h2>\n<p>***<br \/>\nCe premier tirage de luxe \u00e9dit\u00e9 par Comix Buro contient les 3 albums de Cixi de Troy en couleur, accompagn\u00e9s d\u2019un album suppl\u00e9mentaire (46 pages) de bonus in\u00e9dits (recherches de personnages, d\u00e9cors, ambiances, crayonn\u00e9s, storyboards, illustrations in\u00e9dites, etc.). \u00c0 noter, la pr\u00e9sence des visuels de couvertures originaux, les recherches crois\u00e9es d\u2019Olivier Vatine et d\u2019Adrien Floch pour le tome 3, et un ex-libris exclusif num\u00e9rot\u00e9 et sign\u00e9 par Olivier Vatine.<\/p>","protected":false},"excerpt":{"rendered":"<h1 class=\"product_title entry-title wd-entities-title\">Tirage de luxe Cixi de Troy \u2013 Int\u00e9grale.<\/h1>","protected":false},"featured_media":18450,"comment_status":"open","ping_status":"closed","template":"","meta":[],"product_brand":[108],"product_cat":[110,105,93],"product_tag":[],"class_list":{"0":"post-18436","1":"product","2":"type-product","3":"status-publish","4":"has-post-thumbnail","6":"product_brand-comix-buro","7":"product_cat-comix-buro","8":"product_cat-tirage-luxe","9":"product_cat-tous","11":"first","12":"instock","13":"sale","14":"taxable","15":"shipping-taxable","16":"purchasable","17":"product-type-simple"},"yoast_head":"<!-- This site is optimized with the Yoast SEO plugin v26.9 - https:\/\/yoast.com\/product\/yoast-seo-wordpress\/ -->\n<title>Tirage de luxe Cixi de Troy \u2013 Int\u00e9grale VATINE - comixburo.com<\/title>\n<meta name=\"description\" content=\"Exceptionnel tirage de luxe de Cixi de Troy, regroupant l&#039;int\u00e9grale des trois albums. \u00c0 ne manquer sous aucun pr\u00e9texte. Contient des bonus exclusifs.\" \/>\n<meta name=\"robots\" content=\"index, follow, max-snippet:-1, max-image-preview:large, max-video-preview:-1\" \/>\n<link rel=\"canonical\" href=\"https:\/\/comixburo.com\/en\/product\/tirage-de-luxe-cixi-de-troy-integrale\/\" \/>\n<meta property=\"og:locale\" content=\"en_GB\" \/>\n<meta property=\"og:type\" content=\"article\" \/>\n<meta property=\"og:title\" content=\"Tirage de luxe Cixi de Troy \u2013 Int\u00e9grale VATINE - comixburo.com\" \/>\n<meta property=\"og:description\" content=\"Exceptionnel tirage de luxe de Cixi de Troy, regroupant l&#039;int\u00e9grale des trois albums. \u00c0 ne manquer sous aucun pr\u00e9texte. Contient des bonus exclusifs.\" \/>\n<meta property=\"og:url\" content=\"https:\/\/comixburo.com\/en\/product\/tirage-de-luxe-cixi-de-troy-integrale\/\" \/>\n<meta property=\"og:site_name\" content=\"comixburo.com\" \/>\n<meta property=\"article:publisher\" content=\"https:\/\/www.facebook.com\/comixburo\" \/>\n<meta property=\"article:modified_time\" content=\"2026-02-12T17:04:45+00:00\" \/>\n<meta property=\"og:image\" content=\"https:\/\/comixburo.com\/wp-content\/uploads\/2025\/03\/couverture1-cixi-integrale-arleston-vatine-tarquin-floch.png\" \/>\n\t<meta property=\"og:image:width\" content=\"645\" \/>\n\t<meta property=\"og:image:height\" content=\"873\" \/>\n\t<meta property=\"og:image:type\" content=\"image\/png\" \/>\n<meta name=\"twitter:card\" content=\"summary_large_image\" \/>\n<meta name=\"twitter:label1\" content=\"Estimated reading time\" \/>\n\t<meta name=\"twitter:data1\" content=\"1 minute\" \/>\n<script type=\"application\/ld+json\" class=\"yoast-schema-graph\">{\"@context\":\"https:\/\/schema.org\",\"@graph\":[{\"@type\":\"WebPage\",\"@id\":\"https:\/\/comixburo.com\/produit\/tirage-de-luxe-cixi-de-troy-integrale\/\",\"url\":\"https:\/\/comixburo.com\/produit\/tirage-de-luxe-cixi-de-troy-integrale\/\",\"name\":\"Tirage de luxe Cixi de Troy \u2013 Int\u00e9grale VATINE - comixburo.com\",\"isPartOf\":{\"@id\":\"https:\/\/comixburo.com\/#website\"},\"primaryImageOfPage\":{\"@id\":\"https:\/\/comixburo.com\/produit\/tirage-de-luxe-cixi-de-troy-integrale\/#primaryimage\"},\"image\":{\"@id\":\"https:\/\/comixburo.com\/produit\/tirage-de-luxe-cixi-de-troy-integrale\/#primaryimage\"},\"thumbnailUrl\":\"https:\/\/comixburo.com\/wp-content\/uploads\/2025\/03\/couverture1-cixi-integrale-arleston-vatine-tarquin-floch.png\",\"datePublished\":\"2025-03-01T12:36:28+00:00\",\"dateModified\":\"2026-02-12T17:04:45+00:00\",\"description\":\"Exceptionnel tirage de luxe de Cixi de Troy, regroupant l'int\u00e9grale des trois albums. \u00c0 ne manquer sous aucun pr\u00e9texte. Contient des bonus exclusifs.\",\"breadcrumb\":{\"@id\":\"https:\/\/comixburo.com\/produit\/tirage-de-luxe-cixi-de-troy-integrale\/#breadcrumb\"},\"inLanguage\":\"en-GB\",\"potentialAction\":[{\"@type\":\"ReadAction\",\"target\":[\"https:\/\/comixburo.com\/produit\/tirage-de-luxe-cixi-de-troy-integrale\/\"]}]},{\"@type\":\"ImageObject\",\"inLanguage\":\"en-GB\",\"@id\":\"https:\/\/comixburo.com\/produit\/tirage-de-luxe-cixi-de-troy-integrale\/#primaryimage\",\"url\":\"https:\/\/comixburo.com\/wp-content\/uploads\/2025\/03\/couverture1-cixi-integrale-arleston-vatine-tarquin-floch.png\",\"contentUrl\":\"https:\/\/comixburo.com\/wp-content\/uploads\/2025\/03\/couverture1-cixi-integrale-arleston-vatine-tarquin-floch.png\",\"width\":645,\"height\":873,\"caption\":\"Couverture de l'int\u00e9grale Cixi de Troy \u00e9dition de luxe\"},{\"@type\":\"BreadcrumbList\",\"@id\":\"https:\/\/comixburo.com\/produit\/tirage-de-luxe-cixi-de-troy-integrale\/#breadcrumb\",\"itemListElement\":[{\"@type\":\"ListItem\",\"position\":1,\"name\":\"Home\",\"item\":\"https:\/\/comixburo.com\/\"},{\"@type\":\"ListItem\",\"position\":2,\"name\":\"La boutique Comix Buro\",\"item\":\"https:\/\/comixburo.com\/la-boutique-comix-buro\/\"},{\"@type\":\"ListItem\",\"position\":3,\"name\":\"Tirage de luxe Cixi de Troy \u2013 Int\u00e9grale VATINE\"}]},{\"@type\":\"WebSite\",\"@id\":\"https:\/\/comixburo.com\/#website\",\"url\":\"https:\/\/comixburo.com\/\",\"name\":\"comixburo.com\",\"description\":\"Cr\u00e9ateur de projets : Sketchbook d&#039;artistes !\",\"publisher\":{\"@id\":\"https:\/\/comixburo.com\/#organization\"},\"alternateName\":\"Comix Buro\",\"potentialAction\":[{\"@type\":\"SearchAction\",\"target\":{\"@type\":\"EntryPoint\",\"urlTemplate\":\"https:\/\/comixburo.com\/?s={search_term_string}\"},\"query-input\":{\"@type\":\"PropertyValueSpecification\",\"valueRequired\":true,\"valueName\":\"search_term_string\"}}],\"inLanguage\":\"en-GB\"},{\"@type\":\"Organization\",\"@id\":\"https:\/\/comixburo.com\/#organization\",\"name\":\"comixburo.com\",\"url\":\"https:\/\/comixburo.com\/\",\"logo\":{\"@type\":\"ImageObject\",\"inLanguage\":\"en-GB\",\"@id\":\"https:\/\/comixburo.com\/#\/schema\/logo\/image\/\",\"url\":\"https:\/\/comixburo.com\/wp-content\/uploads\/2025\/04\/logo-cxb-ROND.webp\",\"contentUrl\":\"https:\/\/comixburo.com\/wp-content\/uploads\/2025\/04\/logo-cxb-ROND.webp\",\"width\":200,\"height\":200,\"caption\":\"comixburo.com\"},\"image\":{\"@id\":\"https:\/\/comixburo.com\/#\/schema\/logo\/image\/\"},\"sameAs\":[\"https:\/\/www.facebook.com\/comixburo\",\"https:\/\/www.instagram.com\/comixburo\/\"]}]}<\/script>\n<!-- \/ Yoast SEO plugin. -->","yoast_head_json":{"title":"Tirage de luxe Cixi de Troy \u2013 Int\u00e9grale VATINE - comixburo.com","description":"Exceptionnel tirage de luxe de Cixi de Troy, regroupant l'int\u00e9grale des trois albums. \u00c0 ne manquer sous aucun pr\u00e9texte. Contient des bonus exclusifs.","robots":{"index":"index","follow":"follow","max-snippet":"max-snippet:-1","max-image-preview":"max-image-preview:large","max-video-preview":"max-video-preview:-1"},"canonical":"https:\/\/comixburo.com\/en\/product\/tirage-de-luxe-cixi-de-troy-integrale\/","og_locale":"en_GB","og_type":"article","og_title":"Tirage de luxe Cixi de Troy \u2013 Int\u00e9grale VATINE - comixburo.com","og_description":"Exceptionnel tirage de luxe de Cixi de Troy, regroupant l'int\u00e9grale des trois albums. \u00c0 ne manquer sous aucun pr\u00e9texte. Contient des bonus exclusifs.","og_url":"https:\/\/comixburo.com\/en\/product\/tirage-de-luxe-cixi-de-troy-integrale\/","og_site_name":"comixburo.com","article_publisher":"https:\/\/www.facebook.com\/comixburo","article_modified_time":"2026-02-12T17:04:45+00:00","og_image":[{"width":645,"height":873,"url":"https:\/\/comixburo.com\/wp-content\/uploads\/2025\/03\/couverture1-cixi-integrale-arleston-vatine-tarquin-floch.png","type":"image\/png"}],"twitter_card":"summary_large_image","twitter_misc":{"Estimated reading time":"1 minute"},"schema":{"@context":"https:\/\/schema.org","@graph":[{"@type":"WebPage","@id":"https:\/\/comixburo.com\/produit\/tirage-de-luxe-cixi-de-troy-integrale\/","url":"https:\/\/comixburo.com\/produit\/tirage-de-luxe-cixi-de-troy-integrale\/","name":"Tirage de luxe Cixi de Troy \u2013 Int\u00e9grale VATINE - comixburo.com","isPartOf":{"@id":"https:\/\/comixburo.com\/#website"},"primaryImageOfPage":{"@id":"https:\/\/comixburo.com\/produit\/tirage-de-luxe-cixi-de-troy-integrale\/#primaryimage"},"image":{"@id":"https:\/\/comixburo.com\/produit\/tirage-de-luxe-cixi-de-troy-integrale\/#primaryimage"},"thumbnailUrl":"https:\/\/comixburo.com\/wp-content\/uploads\/2025\/03\/couverture1-cixi-integrale-arleston-vatine-tarquin-floch.png","datePublished":"2025-03-01T12:36:28+00:00","dateModified":"2026-02-12T17:04:45+00:00","description":"Exceptionnel tirage de luxe de Cixi de Troy, regroupant l'int\u00e9grale des trois albums. \u00c0 ne manquer sous aucun pr\u00e9texte. Contient des bonus exclusifs.","breadcrumb":{"@id":"https:\/\/comixburo.com\/produit\/tirage-de-luxe-cixi-de-troy-integrale\/#breadcrumb"},"inLanguage":"en-GB","potentialAction":[{"@type":"ReadAction","target":["https:\/\/comixburo.com\/produit\/tirage-de-luxe-cixi-de-troy-integrale\/"]}]},{"@type":"ImageObject","inLanguage":"en-GB","@id":"https:\/\/comixburo.com\/produit\/tirage-de-luxe-cixi-de-troy-integrale\/#primaryimage","url":"https:\/\/comixburo.com\/wp-content\/uploads\/2025\/03\/couverture1-cixi-integrale-arleston-vatine-tarquin-floch.png","contentUrl":"https:\/\/comixburo.com\/wp-content\/uploads\/2025\/03\/couverture1-cixi-integrale-arleston-vatine-tarquin-floch.png","width":645,"height":873,"caption":"Couverture de l'int\u00e9grale Cixi de Troy \u00e9dition de luxe"},{"@type":"BreadcrumbList","@id":"https:\/\/comixburo.com\/produit\/tirage-de-luxe-cixi-de-troy-integrale\/#breadcrumb","itemListElement":[{"@type":"ListItem","position":1,"name":"Home","item":"https:\/\/comixburo.com\/"},{"@type":"ListItem","position":2,"name":"La boutique Comix Buro","item":"https:\/\/comixburo.com\/la-boutique-comix-buro\/"},{"@type":"ListItem","position":3,"name":"Tirage de luxe Cixi de Troy \u2013 Int\u00e9grale VATINE"}]},{"@type":"WebSite","@id":"https:\/\/comixburo.com\/#website","url":"https:\/\/comixburo.com\/","name":"comixburo.com","description":"Cr\u00e9ateur de projets : Sketchbook d&#039;artistes !","publisher":{"@id":"https:\/\/comixburo.com\/#organization"},"alternateName":"Comix Buro","potentialAction":[{"@type":"SearchAction","target":{"@type":"EntryPoint","urlTemplate":"https:\/\/comixburo.com\/?s={search_term_string}"},"query-input":{"@type":"PropertyValueSpecification","valueRequired":true,"valueName":"search_term_string"}}],"inLanguage":"en-GB"},{"@type":"Organization","@id":"https:\/\/comixburo.com\/#organization","name":"comixburo.com","url":"https:\/\/comixburo.com\/","logo":{"@type":"ImageObject","inLanguage":"en-GB","@id":"https:\/\/comixburo.com\/#\/schema\/logo\/image\/","url":"https:\/\/comixburo.com\/wp-content\/uploads\/2025\/04\/logo-cxb-ROND.webp","contentUrl":"https:\/\/comixburo.com\/wp-content\/uploads\/2025\/04\/logo-cxb-ROND.webp","width":200,"height":200,"caption":"comixburo.com"},"image":{"@id":"https:\/\/comixburo.com\/#\/schema\/logo\/image\/"},"sameAs":["https:\/\/www.facebook.com\/comixburo","https:\/\/www.instagram.com\/comixburo\/"]}]}},"jetpack_sharing_enabled":true,"_links":{"self":[{"href":"https:\/\/comixburo.com\/en\/wp-json\/wp\/v2\/product\/18436","targetHints":{"allow":["GET"]}}],"collection":[{"href":"https:\/\/comixburo.com\/en\/wp-json\/wp\/v2\/product"}],"about":[{"href":"https:\/\/comixburo.com\/en\/wp-json\/wp\/v2\/types\/product"}],"replies":[{"embeddable":true,"href":"https:\/\/comixburo.com\/en\/wp-json\/wp\/v2\/comments?post=18436"}],"version-history":[{"count":3,"href":"https:\/\/comixburo.com\/en\/wp-json\/wp\/v2\/product\/18436\/revisions"}],"predecessor-version":[{"id":19991,"href":"https:\/\/comixburo.com\/en\/wp-json\/wp\/v2\/product\/18436\/revisions\/19991"}],"wp:featuredmedia":[{"embeddable":true,"href":"https:\/\/comixburo.com\/en\/wp-json\/wp\/v2\/media\/18450"}],"wp:attachment":[{"href":"https:\/\/comixburo.com\/en\/wp-json\/wp\/v2\/media?parent=18436"}],"wp:term":[{"taxonomy":"product_brand","embeddable":true,"href":"https:\/\/comixburo.com\/en\/wp-json\/wp\/v2\/product_brand?post=18436"},{"taxonomy":"product_cat","embeddable":true,"href":"https:\/\/comixburo.com\/en\/wp-json\/wp\/v2\/product_cat?post=18436"},{"taxonomy":"product_tag","embeddable":true,"href":"https:\/\/comixburo.com\/en\/wp-json\/wp\/v2\/product_tag?post=18436"}],"curies":[{"name":"wp","href":"https:\/\/api.w.org\/{rel}","templated":true}]}}