{"id":18463,"date":"2025-03-03T16:22:37","date_gmt":"2025-03-03T15:22:37","guid":{"rendered":"https:\/\/comixburo.com\/?post_type=product&#038;p=18463"},"modified":"2025-05-02T15:27:17","modified_gmt":"2025-05-02T13:27:17","slug":"cartes-postales-vatine-lot-de-7-cartes-differentes","status":"publish","type":"product","link":"https:\/\/comixburo.com\/en\/product\/cartes-postales-vatine-lot-de-7-cartes-differentes\/","title":{"rendered":"Cartes Postales  Olivier VATINE (lot de 7 cartes diff\u00e9rentes)"},"content":{"rendered":"<h1>7 Cartes Postales Comix Buro r\u00e9alis\u00e9es par Olivier Vatine.<\/h1>\n<p>&nbsp;<\/p>\n<p><span style=\"color: #ffffff;\"><a style=\"color: #ffffff;\" href=\"http:\/\/www.attakus.art\" target=\"_blank\" rel=\"noopener\">Attakus<\/a><\/span><\/p>","protected":false},"excerpt":{"rendered":"<p>7 Cartes Postales Comix Buro r\u00e9alis\u00e9es par Olivier Vatine.<\/p>","protected":false},"featured_media":18652,"comment_status":"open","ping_status":"closed","template":"","meta":[],"product_brand":[108],"product_cat":[96,107,110,93],"product_tag":[],"class_list":{"0":"post-18463","1":"product","2":"type-product","3":"status-publish","4":"has-post-thumbnail","6":"product_brand-comix-buro","7":"product_cat-affiches","8":"product_cat-carte-postale","9":"product_cat-comix-buro","10":"product_cat-tous","12":"first","13":"instock","14":"taxable","15":"shipping-taxable","16":"purchasable","17":"product-type-simple"},"yoast_head":"<!-- This site is optimized with the Yoast SEO plugin v26.9 - https:\/\/yoast.com\/product\/yoast-seo-wordpress\/ -->\n<title>Cartes Postales Olivier VATINE (lot de 7 cartes diff\u00e9rentes) - comixburo.com<\/title>\n<meta name=\"description\" content=\"Cartes postales originales illustr\u00e9es par Olivier Vatine. Id\u00e9ale pour des messages coquins et amicaux. Lot de sept dessins diff\u00e9rents.\" \/>\n<meta name=\"robots\" content=\"index, follow, max-snippet:-1, max-image-preview:large, max-video-preview:-1\" \/>\n<link rel=\"canonical\" href=\"https:\/\/comixburo.com\/en\/product\/cartes-postales-vatine-lot-de-7-cartes-differentes\/\" \/>\n<meta property=\"og:locale\" content=\"en_GB\" \/>\n<meta property=\"og:type\" content=\"article\" \/>\n<meta property=\"og:title\" content=\"Cartes Postales Olivier VATINE (lot de 7 cartes diff\u00e9rentes) - comixburo.com\" \/>\n<meta property=\"og:description\" content=\"Cartes postales originales illustr\u00e9es par Olivier Vatine. Id\u00e9ale pour des messages coquins et amicaux. Lot de sept dessins diff\u00e9rents.\" \/>\n<meta property=\"og:url\" content=\"https:\/\/comixburo.com\/en\/product\/cartes-postales-vatine-lot-de-7-cartes-differentes\/\" \/>\n<meta property=\"og:site_name\" content=\"comixburo.com\" \/>\n<meta property=\"article:publisher\" content=\"https:\/\/www.facebook.com\/comixburo\" \/>\n<meta property=\"article:modified_time\" content=\"2025-05-02T13:27:17+00:00\" \/>\n<meta property=\"og:image\" content=\"https:\/\/comixburo.com\/wp-content\/uploads\/2025\/03\/cartes-postales-vatine-lot-de-7-cartes-differentes.webp\" \/>\n\t<meta property=\"og:image:width\" content=\"590\" \/>\n\t<meta property=\"og:image:height\" content=\"820\" \/>\n\t<meta property=\"og:image:type\" content=\"image\/webp\" \/>\n<meta name=\"twitter:card\" content=\"summary_large_image\" \/>\n<meta name=\"twitter:label1\" content=\"Estimated reading time\" \/>\n\t<meta name=\"twitter:data1\" content=\"1 minute\" \/>\n<script type=\"application\/ld+json\" class=\"yoast-schema-graph\">{\"@context\":\"https:\/\/schema.org\",\"@graph\":[{\"@type\":\"WebPage\",\"@id\":\"https:\/\/comixburo.com\/produit\/cartes-postales-vatine-lot-de-7-cartes-differentes\/\",\"url\":\"https:\/\/comixburo.com\/produit\/cartes-postales-vatine-lot-de-7-cartes-differentes\/\",\"name\":\"Cartes Postales Olivier VATINE (lot de 7 cartes diff\u00e9rentes) - comixburo.com\",\"isPartOf\":{\"@id\":\"https:\/\/comixburo.com\/#website\"},\"primaryImageOfPage\":{\"@id\":\"https:\/\/comixburo.com\/produit\/cartes-postales-vatine-lot-de-7-cartes-differentes\/#primaryimage\"},\"image\":{\"@id\":\"https:\/\/comixburo.com\/produit\/cartes-postales-vatine-lot-de-7-cartes-differentes\/#primaryimage\"},\"thumbnailUrl\":\"https:\/\/comixburo.com\/wp-content\/uploads\/2025\/03\/cartes-postales-vatine-lot-de-7-cartes-differentes.webp\",\"datePublished\":\"2025-03-03T15:22:37+00:00\",\"dateModified\":\"2025-05-02T13:27:17+00:00\",\"description\":\"Cartes postales originales illustr\u00e9es par Olivier Vatine. Id\u00e9ale pour des messages coquins et amicaux. Lot de sept dessins diff\u00e9rents.\",\"breadcrumb\":{\"@id\":\"https:\/\/comixburo.com\/produit\/cartes-postales-vatine-lot-de-7-cartes-differentes\/#breadcrumb\"},\"inLanguage\":\"en-GB\",\"potentialAction\":[{\"@type\":\"ReadAction\",\"target\":[\"https:\/\/comixburo.com\/produit\/cartes-postales-vatine-lot-de-7-cartes-differentes\/\"]}]},{\"@type\":\"ImageObject\",\"inLanguage\":\"en-GB\",\"@id\":\"https:\/\/comixburo.com\/produit\/cartes-postales-vatine-lot-de-7-cartes-differentes\/#primaryimage\",\"url\":\"https:\/\/comixburo.com\/wp-content\/uploads\/2025\/03\/cartes-postales-vatine-lot-de-7-cartes-differentes.webp\",\"contentUrl\":\"https:\/\/comixburo.com\/wp-content\/uploads\/2025\/03\/cartes-postales-vatine-lot-de-7-cartes-differentes.webp\",\"width\":590,\"height\":820,\"caption\":\"Cartes Postales Olivier VATINE (lot de 7 cartes diff\u00e9rentes)\"},{\"@type\":\"BreadcrumbList\",\"@id\":\"https:\/\/comixburo.com\/produit\/cartes-postales-vatine-lot-de-7-cartes-differentes\/#breadcrumb\",\"itemListElement\":[{\"@type\":\"ListItem\",\"position\":1,\"name\":\"Home\",\"item\":\"https:\/\/comixburo.com\/\"},{\"@type\":\"ListItem\",\"position\":2,\"name\":\"La boutique Comix Buro\",\"item\":\"https:\/\/comixburo.com\/la-boutique-comix-buro\/\"},{\"@type\":\"ListItem\",\"position\":3,\"name\":\"Cartes Postales Olivier VATINE (lot de 7 cartes diff\u00e9rentes)\"}]},{\"@type\":\"WebSite\",\"@id\":\"https:\/\/comixburo.com\/#website\",\"url\":\"https:\/\/comixburo.com\/\",\"name\":\"comixburo.com\",\"description\":\"Cr\u00e9ateur de projets : Sketchbook d&#039;artistes !\",\"publisher\":{\"@id\":\"https:\/\/comixburo.com\/#organization\"},\"alternateName\":\"Comix Buro\",\"potentialAction\":[{\"@type\":\"SearchAction\",\"target\":{\"@type\":\"EntryPoint\",\"urlTemplate\":\"https:\/\/comixburo.com\/?s={search_term_string}\"},\"query-input\":{\"@type\":\"PropertyValueSpecification\",\"valueRequired\":true,\"valueName\":\"search_term_string\"}}],\"inLanguage\":\"en-GB\"},{\"@type\":\"Organization\",\"@id\":\"https:\/\/comixburo.com\/#organization\",\"name\":\"comixburo.com\",\"url\":\"https:\/\/comixburo.com\/\",\"logo\":{\"@type\":\"ImageObject\",\"inLanguage\":\"en-GB\",\"@id\":\"https:\/\/comixburo.com\/#\/schema\/logo\/image\/\",\"url\":\"https:\/\/comixburo.com\/wp-content\/uploads\/2025\/04\/logo-cxb-ROND.webp\",\"contentUrl\":\"https:\/\/comixburo.com\/wp-content\/uploads\/2025\/04\/logo-cxb-ROND.webp\",\"width\":200,\"height\":200,\"caption\":\"comixburo.com\"},\"image\":{\"@id\":\"https:\/\/comixburo.com\/#\/schema\/logo\/image\/\"},\"sameAs\":[\"https:\/\/www.facebook.com\/comixburo\",\"https:\/\/www.instagram.com\/comixburo\/\"]}]}<\/script>\n<!-- \/ Yoast SEO plugin. -->","yoast_head_json":{"title":"Cartes Postales Olivier VATINE (lot de 7 cartes diff\u00e9rentes) - comixburo.com","description":"Cartes postales originales illustr\u00e9es par Olivier Vatine. Id\u00e9ale pour des messages coquins et amicaux. Lot de sept dessins diff\u00e9rents.","robots":{"index":"index","follow":"follow","max-snippet":"max-snippet:-1","max-image-preview":"max-image-preview:large","max-video-preview":"max-video-preview:-1"},"canonical":"https:\/\/comixburo.com\/en\/product\/cartes-postales-vatine-lot-de-7-cartes-differentes\/","og_locale":"en_GB","og_type":"article","og_title":"Cartes Postales Olivier VATINE (lot de 7 cartes diff\u00e9rentes) - comixburo.com","og_description":"Cartes postales originales illustr\u00e9es par Olivier Vatine. Id\u00e9ale pour des messages coquins et amicaux. Lot de sept dessins diff\u00e9rents.","og_url":"https:\/\/comixburo.com\/en\/product\/cartes-postales-vatine-lot-de-7-cartes-differentes\/","og_site_name":"comixburo.com","article_publisher":"https:\/\/www.facebook.com\/comixburo","article_modified_time":"2025-05-02T13:27:17+00:00","og_image":[{"width":590,"height":820,"url":"https:\/\/comixburo.com\/wp-content\/uploads\/2025\/03\/cartes-postales-vatine-lot-de-7-cartes-differentes.webp","type":"image\/webp"}],"twitter_card":"summary_large_image","twitter_misc":{"Estimated reading time":"1 minute"},"schema":{"@context":"https:\/\/schema.org","@graph":[{"@type":"WebPage","@id":"https:\/\/comixburo.com\/produit\/cartes-postales-vatine-lot-de-7-cartes-differentes\/","url":"https:\/\/comixburo.com\/produit\/cartes-postales-vatine-lot-de-7-cartes-differentes\/","name":"Cartes Postales Olivier VATINE (lot de 7 cartes diff\u00e9rentes) - comixburo.com","isPartOf":{"@id":"https:\/\/comixburo.com\/#website"},"primaryImageOfPage":{"@id":"https:\/\/comixburo.com\/produit\/cartes-postales-vatine-lot-de-7-cartes-differentes\/#primaryimage"},"image":{"@id":"https:\/\/comixburo.com\/produit\/cartes-postales-vatine-lot-de-7-cartes-differentes\/#primaryimage"},"thumbnailUrl":"https:\/\/comixburo.com\/wp-content\/uploads\/2025\/03\/cartes-postales-vatine-lot-de-7-cartes-differentes.webp","datePublished":"2025-03-03T15:22:37+00:00","dateModified":"2025-05-02T13:27:17+00:00","description":"Cartes postales originales illustr\u00e9es par Olivier Vatine. Id\u00e9ale pour des messages coquins et amicaux. Lot de sept dessins diff\u00e9rents.","breadcrumb":{"@id":"https:\/\/comixburo.com\/produit\/cartes-postales-vatine-lot-de-7-cartes-differentes\/#breadcrumb"},"inLanguage":"en-GB","potentialAction":[{"@type":"ReadAction","target":["https:\/\/comixburo.com\/produit\/cartes-postales-vatine-lot-de-7-cartes-differentes\/"]}]},{"@type":"ImageObject","inLanguage":"en-GB","@id":"https:\/\/comixburo.com\/produit\/cartes-postales-vatine-lot-de-7-cartes-differentes\/#primaryimage","url":"https:\/\/comixburo.com\/wp-content\/uploads\/2025\/03\/cartes-postales-vatine-lot-de-7-cartes-differentes.webp","contentUrl":"https:\/\/comixburo.com\/wp-content\/uploads\/2025\/03\/cartes-postales-vatine-lot-de-7-cartes-differentes.webp","width":590,"height":820,"caption":"Cartes Postales Olivier VATINE (lot de 7 cartes diff\u00e9rentes)"},{"@type":"BreadcrumbList","@id":"https:\/\/comixburo.com\/produit\/cartes-postales-vatine-lot-de-7-cartes-differentes\/#breadcrumb","itemListElement":[{"@type":"ListItem","position":1,"name":"Home","item":"https:\/\/comixburo.com\/"},{"@type":"ListItem","position":2,"name":"La boutique Comix Buro","item":"https:\/\/comixburo.com\/la-boutique-comix-buro\/"},{"@type":"ListItem","position":3,"name":"Cartes Postales Olivier VATINE (lot de 7 cartes diff\u00e9rentes)"}]},{"@type":"WebSite","@id":"https:\/\/comixburo.com\/#website","url":"https:\/\/comixburo.com\/","name":"comixburo.com","description":"Cr\u00e9ateur de projets : Sketchbook d&#039;artistes !","publisher":{"@id":"https:\/\/comixburo.com\/#organization"},"alternateName":"Comix Buro","potentialAction":[{"@type":"SearchAction","target":{"@type":"EntryPoint","urlTemplate":"https:\/\/comixburo.com\/?s={search_term_string}"},"query-input":{"@type":"PropertyValueSpecification","valueRequired":true,"valueName":"search_term_string"}}],"inLanguage":"en-GB"},{"@type":"Organization","@id":"https:\/\/comixburo.com\/#organization","name":"comixburo.com","url":"https:\/\/comixburo.com\/","logo":{"@type":"ImageObject","inLanguage":"en-GB","@id":"https:\/\/comixburo.com\/#\/schema\/logo\/image\/","url":"https:\/\/comixburo.com\/wp-content\/uploads\/2025\/04\/logo-cxb-ROND.webp","contentUrl":"https:\/\/comixburo.com\/wp-content\/uploads\/2025\/04\/logo-cxb-ROND.webp","width":200,"height":200,"caption":"comixburo.com"},"image":{"@id":"https:\/\/comixburo.com\/#\/schema\/logo\/image\/"},"sameAs":["https:\/\/www.facebook.com\/comixburo","https:\/\/www.instagram.com\/comixburo\/"]}]}},"jetpack_sharing_enabled":true,"_links":{"self":[{"href":"https:\/\/comixburo.com\/en\/wp-json\/wp\/v2\/product\/18463","targetHints":{"allow":["GET"]}}],"collection":[{"href":"https:\/\/comixburo.com\/en\/wp-json\/wp\/v2\/product"}],"about":[{"href":"https:\/\/comixburo.com\/en\/wp-json\/wp\/v2\/types\/product"}],"replies":[{"embeddable":true,"href":"https:\/\/comixburo.com\/en\/wp-json\/wp\/v2\/comments?post=18463"}],"version-history":[{"count":3,"href":"https:\/\/comixburo.com\/en\/wp-json\/wp\/v2\/product\/18463\/revisions"}],"predecessor-version":[{"id":20175,"href":"https:\/\/comixburo.com\/en\/wp-json\/wp\/v2\/product\/18463\/revisions\/20175"}],"wp:featuredmedia":[{"embeddable":true,"href":"https:\/\/comixburo.com\/en\/wp-json\/wp\/v2\/media\/18652"}],"wp:attachment":[{"href":"https:\/\/comixburo.com\/en\/wp-json\/wp\/v2\/media?parent=18463"}],"wp:term":[{"taxonomy":"product_brand","embeddable":true,"href":"https:\/\/comixburo.com\/en\/wp-json\/wp\/v2\/product_brand?post=18463"},{"taxonomy":"product_cat","embeddable":true,"href":"https:\/\/comixburo.com\/en\/wp-json\/wp\/v2\/product_cat?post=18463"},{"taxonomy":"product_tag","embeddable":true,"href":"https:\/\/comixburo.com\/en\/wp-json\/wp\/v2\/product_tag?post=18463"}],"curies":[{"name":"wp","href":"https:\/\/api.w.org\/{rel}","templated":true}]}}