{"id":18584,"date":"2025-03-26T17:37:14","date_gmt":"2025-03-26T16:37:14","guid":{"rendered":"https:\/\/comixburo.com\/?post_type=product&#038;p=18584"},"modified":"2025-05-01T20:17:46","modified_gmt":"2025-05-01T18:17:46","slug":"carmen-mc-callum-version-bleue","status":"publish","type":"product","link":"https:\/\/comixburo.com\/en\/product\/carmen-mc-callum-version-bleue\/","title":{"rendered":"Affiche de Gess : Carmen Mc Callum \u2013 Version bleue"},"content":{"rendered":"<h1><strong>Affiche Carmen Mc Callum \u2013 Version bleue<\/strong><\/h1>\n<h2>Auteur : Gess<br \/>\nFormat : 30 x 40 cm<br \/>\nImpression : offset<br \/>\nPapier : Couch\u00e9 satin\u00e9 250g<\/h2>\n<p>***<br \/>\n\u2013 Carmen Mc Callum est une s\u00e9rie BD\u00a0de science-fiction en cinq cycles comprenant 18 tomes au total.<br \/>\n\u2013 La s\u00e9rie\u00a0se d\u00e9roule dans le m\u00eame univers que Travis.\u00a0Dans un futur proche, o\u00f9 la robotique et l\u2019intelligence artificielle sont omnipr\u00e9sentes, la mercenaire Carmen McCallum fait \u00e9vader un prisonnier. Puis s\u2019\u00e9chappe avec des donn\u00e9es\u2026<br \/>\n\u2013 Un spin-off intitul\u00e9\u00a0Code Mc Callum\u00a0(dessin\u00e9\u00a0cette fois par Didier Cassegrain)\u00a0a donn\u00e9 lieu \u00e0 cinq tomes.<\/p>","protected":false},"excerpt":{"rendered":"<p>V\u00e9ritable livre-objet !!<\/p>\n<p>200 exemplaires num\u00e9rot\u00e9s et sign\u00e9s accompagn\u00e9s d\u2019un ex-libris num\u00e9rot\u00e9 et sign\u00e9<\/p>","protected":false},"featured_media":18585,"comment_status":"open","ping_status":"closed","template":"","meta":[],"product_brand":[],"product_cat":[96,93],"product_tag":[],"class_list":{"0":"post-18584","1":"product","2":"type-product","3":"status-publish","4":"has-post-thumbnail","6":"product_cat-affiches","7":"product_cat-tous","9":"first","10":"instock","11":"sale","12":"taxable","13":"shipping-taxable","14":"purchasable","15":"product-type-simple"},"yoast_head":"<!-- This site is optimized with the Yoast SEO plugin v26.9 - https:\/\/yoast.com\/product\/yoast-seo-wordpress\/ -->\n<title>Affiche de Gess : Carmen Mc Callum \u2013 Version bleue - comixburo.com<\/title>\n<meta name=\"description\" content=\"Affiche Carmen Mc Callum - Version bleu. Arbook Livres croquis recueil Dessins, les carnets de croquis des meilleurs artistes\" \/>\n<meta name=\"robots\" content=\"index, follow, max-snippet:-1, max-image-preview:large, max-video-preview:-1\" \/>\n<link rel=\"canonical\" href=\"https:\/\/comixburo.com\/en\/product\/carmen-mc-callum-version-bleue\/\" \/>\n<meta property=\"og:locale\" content=\"en_GB\" \/>\n<meta property=\"og:type\" content=\"article\" \/>\n<meta property=\"og:title\" content=\"Affiche de Gess : Carmen Mc Callum \u2013 Version bleue - comixburo.com\" \/>\n<meta property=\"og:description\" content=\"Affiche Carmen Mc Callum - Version bleu. Arbook Livres croquis recueil Dessins, les carnets de croquis des meilleurs artistes\" \/>\n<meta property=\"og:url\" content=\"https:\/\/comixburo.com\/en\/product\/carmen-mc-callum-version-bleue\/\" \/>\n<meta property=\"og:site_name\" content=\"comixburo.com\" \/>\n<meta property=\"article:publisher\" content=\"https:\/\/www.facebook.com\/comixburo\" \/>\n<meta property=\"article:modified_time\" content=\"2025-05-01T18:17:46+00:00\" \/>\n<meta property=\"og:image\" content=\"https:\/\/comixburo.com\/wp-content\/uploads\/2025\/03\/H02-Carmen-Mc-Callum-\u2013-Version-bleue-comixburo.webp\" \/>\n\t<meta property=\"og:image:width\" content=\"590\" \/>\n\t<meta property=\"og:image:height\" content=\"820\" \/>\n\t<meta property=\"og:image:type\" content=\"image\/webp\" \/>\n<meta name=\"twitter:card\" content=\"summary_large_image\" \/>\n<meta name=\"twitter:label1\" content=\"Estimated reading time\" \/>\n\t<meta name=\"twitter:data1\" content=\"1 minute\" \/>\n<script type=\"application\/ld+json\" class=\"yoast-schema-graph\">{\"@context\":\"https:\/\/schema.org\",\"@graph\":[{\"@type\":\"WebPage\",\"@id\":\"https:\/\/comixburo.com\/produit\/carmen-mc-callum-version-bleue\/\",\"url\":\"https:\/\/comixburo.com\/produit\/carmen-mc-callum-version-bleue\/\",\"name\":\"Affiche de Gess : Carmen Mc Callum \u2013 Version bleue - comixburo.com\",\"isPartOf\":{\"@id\":\"https:\/\/comixburo.com\/#website\"},\"primaryImageOfPage\":{\"@id\":\"https:\/\/comixburo.com\/produit\/carmen-mc-callum-version-bleue\/#primaryimage\"},\"image\":{\"@id\":\"https:\/\/comixburo.com\/produit\/carmen-mc-callum-version-bleue\/#primaryimage\"},\"thumbnailUrl\":\"https:\/\/comixburo.com\/wp-content\/uploads\/2025\/03\/H02-Carmen-Mc-Callum-\u2013-Version-bleue-comixburo.webp\",\"datePublished\":\"2025-03-26T16:37:14+00:00\",\"dateModified\":\"2025-05-01T18:17:46+00:00\",\"description\":\"Affiche Carmen Mc Callum - Version bleu. Arbook Livres croquis recueil Dessins, les carnets de croquis des meilleurs artistes\",\"breadcrumb\":{\"@id\":\"https:\/\/comixburo.com\/produit\/carmen-mc-callum-version-bleue\/#breadcrumb\"},\"inLanguage\":\"en-GB\",\"potentialAction\":[{\"@type\":\"ReadAction\",\"target\":[\"https:\/\/comixburo.com\/produit\/carmen-mc-callum-version-bleue\/\"]}]},{\"@type\":\"ImageObject\",\"inLanguage\":\"en-GB\",\"@id\":\"https:\/\/comixburo.com\/produit\/carmen-mc-callum-version-bleue\/#primaryimage\",\"url\":\"https:\/\/comixburo.com\/wp-content\/uploads\/2025\/03\/H02-Carmen-Mc-Callum-\u2013-Version-bleue-comixburo.webp\",\"contentUrl\":\"https:\/\/comixburo.com\/wp-content\/uploads\/2025\/03\/H02-Carmen-Mc-Callum-\u2013-Version-bleue-comixburo.webp\",\"width\":590,\"height\":820,\"caption\":\"Affiche de Gess : Carmen Mc Callum \u2013 Version bleue\"},{\"@type\":\"BreadcrumbList\",\"@id\":\"https:\/\/comixburo.com\/produit\/carmen-mc-callum-version-bleue\/#breadcrumb\",\"itemListElement\":[{\"@type\":\"ListItem\",\"position\":1,\"name\":\"Home\",\"item\":\"https:\/\/comixburo.com\/\"},{\"@type\":\"ListItem\",\"position\":2,\"name\":\"La boutique Comix Buro\",\"item\":\"https:\/\/comixburo.com\/la-boutique-comix-buro\/\"},{\"@type\":\"ListItem\",\"position\":3,\"name\":\"Affiche de Gess : Carmen Mc Callum \u2013 Version bleue\"}]},{\"@type\":\"WebSite\",\"@id\":\"https:\/\/comixburo.com\/#website\",\"url\":\"https:\/\/comixburo.com\/\",\"name\":\"comixburo.com\",\"description\":\"Cr\u00e9ateur de projets : Sketchbook d&#039;artistes !\",\"publisher\":{\"@id\":\"https:\/\/comixburo.com\/#organization\"},\"alternateName\":\"Comix Buro\",\"potentialAction\":[{\"@type\":\"SearchAction\",\"target\":{\"@type\":\"EntryPoint\",\"urlTemplate\":\"https:\/\/comixburo.com\/?s={search_term_string}\"},\"query-input\":{\"@type\":\"PropertyValueSpecification\",\"valueRequired\":true,\"valueName\":\"search_term_string\"}}],\"inLanguage\":\"en-GB\"},{\"@type\":\"Organization\",\"@id\":\"https:\/\/comixburo.com\/#organization\",\"name\":\"comixburo.com\",\"url\":\"https:\/\/comixburo.com\/\",\"logo\":{\"@type\":\"ImageObject\",\"inLanguage\":\"en-GB\",\"@id\":\"https:\/\/comixburo.com\/#\/schema\/logo\/image\/\",\"url\":\"https:\/\/comixburo.com\/wp-content\/uploads\/2025\/04\/logo-cxb-ROND.webp\",\"contentUrl\":\"https:\/\/comixburo.com\/wp-content\/uploads\/2025\/04\/logo-cxb-ROND.webp\",\"width\":200,\"height\":200,\"caption\":\"comixburo.com\"},\"image\":{\"@id\":\"https:\/\/comixburo.com\/#\/schema\/logo\/image\/\"},\"sameAs\":[\"https:\/\/www.facebook.com\/comixburo\",\"https:\/\/www.instagram.com\/comixburo\/\"]}]}<\/script>\n<!-- \/ Yoast SEO plugin. -->","yoast_head_json":{"title":"Affiche de Gess : Carmen Mc Callum \u2013 Version bleue - comixburo.com","description":"Affiche Carmen Mc Callum - Version bleu. Arbook Livres croquis recueil Dessins, les carnets de croquis des meilleurs artistes","robots":{"index":"index","follow":"follow","max-snippet":"max-snippet:-1","max-image-preview":"max-image-preview:large","max-video-preview":"max-video-preview:-1"},"canonical":"https:\/\/comixburo.com\/en\/product\/carmen-mc-callum-version-bleue\/","og_locale":"en_GB","og_type":"article","og_title":"Affiche de Gess : Carmen Mc Callum \u2013 Version bleue - comixburo.com","og_description":"Affiche Carmen Mc Callum - Version bleu. Arbook Livres croquis recueil Dessins, les carnets de croquis des meilleurs artistes","og_url":"https:\/\/comixburo.com\/en\/product\/carmen-mc-callum-version-bleue\/","og_site_name":"comixburo.com","article_publisher":"https:\/\/www.facebook.com\/comixburo","article_modified_time":"2025-05-01T18:17:46+00:00","og_image":[{"width":590,"height":820,"url":"https:\/\/comixburo.com\/wp-content\/uploads\/2025\/03\/H02-Carmen-Mc-Callum-\u2013-Version-bleue-comixburo.webp","type":"image\/webp"}],"twitter_card":"summary_large_image","twitter_misc":{"Estimated reading time":"1 minute"},"schema":{"@context":"https:\/\/schema.org","@graph":[{"@type":"WebPage","@id":"https:\/\/comixburo.com\/produit\/carmen-mc-callum-version-bleue\/","url":"https:\/\/comixburo.com\/produit\/carmen-mc-callum-version-bleue\/","name":"Affiche de Gess : Carmen Mc Callum \u2013 Version bleue - comixburo.com","isPartOf":{"@id":"https:\/\/comixburo.com\/#website"},"primaryImageOfPage":{"@id":"https:\/\/comixburo.com\/produit\/carmen-mc-callum-version-bleue\/#primaryimage"},"image":{"@id":"https:\/\/comixburo.com\/produit\/carmen-mc-callum-version-bleue\/#primaryimage"},"thumbnailUrl":"https:\/\/comixburo.com\/wp-content\/uploads\/2025\/03\/H02-Carmen-Mc-Callum-\u2013-Version-bleue-comixburo.webp","datePublished":"2025-03-26T16:37:14+00:00","dateModified":"2025-05-01T18:17:46+00:00","description":"Affiche Carmen Mc Callum - Version bleu. Arbook Livres croquis recueil Dessins, les carnets de croquis des meilleurs artistes","breadcrumb":{"@id":"https:\/\/comixburo.com\/produit\/carmen-mc-callum-version-bleue\/#breadcrumb"},"inLanguage":"en-GB","potentialAction":[{"@type":"ReadAction","target":["https:\/\/comixburo.com\/produit\/carmen-mc-callum-version-bleue\/"]}]},{"@type":"ImageObject","inLanguage":"en-GB","@id":"https:\/\/comixburo.com\/produit\/carmen-mc-callum-version-bleue\/#primaryimage","url":"https:\/\/comixburo.com\/wp-content\/uploads\/2025\/03\/H02-Carmen-Mc-Callum-\u2013-Version-bleue-comixburo.webp","contentUrl":"https:\/\/comixburo.com\/wp-content\/uploads\/2025\/03\/H02-Carmen-Mc-Callum-\u2013-Version-bleue-comixburo.webp","width":590,"height":820,"caption":"Affiche de Gess : Carmen Mc Callum \u2013 Version bleue"},{"@type":"BreadcrumbList","@id":"https:\/\/comixburo.com\/produit\/carmen-mc-callum-version-bleue\/#breadcrumb","itemListElement":[{"@type":"ListItem","position":1,"name":"Home","item":"https:\/\/comixburo.com\/"},{"@type":"ListItem","position":2,"name":"La boutique Comix Buro","item":"https:\/\/comixburo.com\/la-boutique-comix-buro\/"},{"@type":"ListItem","position":3,"name":"Affiche de Gess : Carmen Mc Callum \u2013 Version bleue"}]},{"@type":"WebSite","@id":"https:\/\/comixburo.com\/#website","url":"https:\/\/comixburo.com\/","name":"comixburo.com","description":"Cr\u00e9ateur de projets : Sketchbook d&#039;artistes !","publisher":{"@id":"https:\/\/comixburo.com\/#organization"},"alternateName":"Comix Buro","potentialAction":[{"@type":"SearchAction","target":{"@type":"EntryPoint","urlTemplate":"https:\/\/comixburo.com\/?s={search_term_string}"},"query-input":{"@type":"PropertyValueSpecification","valueRequired":true,"valueName":"search_term_string"}}],"inLanguage":"en-GB"},{"@type":"Organization","@id":"https:\/\/comixburo.com\/#organization","name":"comixburo.com","url":"https:\/\/comixburo.com\/","logo":{"@type":"ImageObject","inLanguage":"en-GB","@id":"https:\/\/comixburo.com\/#\/schema\/logo\/image\/","url":"https:\/\/comixburo.com\/wp-content\/uploads\/2025\/04\/logo-cxb-ROND.webp","contentUrl":"https:\/\/comixburo.com\/wp-content\/uploads\/2025\/04\/logo-cxb-ROND.webp","width":200,"height":200,"caption":"comixburo.com"},"image":{"@id":"https:\/\/comixburo.com\/#\/schema\/logo\/image\/"},"sameAs":["https:\/\/www.facebook.com\/comixburo","https:\/\/www.instagram.com\/comixburo\/"]}]}},"jetpack_sharing_enabled":true,"_links":{"self":[{"href":"https:\/\/comixburo.com\/en\/wp-json\/wp\/v2\/product\/18584","targetHints":{"allow":["GET"]}}],"collection":[{"href":"https:\/\/comixburo.com\/en\/wp-json\/wp\/v2\/product"}],"about":[{"href":"https:\/\/comixburo.com\/en\/wp-json\/wp\/v2\/types\/product"}],"replies":[{"embeddable":true,"href":"https:\/\/comixburo.com\/en\/wp-json\/wp\/v2\/comments?post=18584"}],"version-history":[{"count":2,"href":"https:\/\/comixburo.com\/en\/wp-json\/wp\/v2\/product\/18584\/revisions"}],"predecessor-version":[{"id":20120,"href":"https:\/\/comixburo.com\/en\/wp-json\/wp\/v2\/product\/18584\/revisions\/20120"}],"wp:featuredmedia":[{"embeddable":true,"href":"https:\/\/comixburo.com\/en\/wp-json\/wp\/v2\/media\/18585"}],"wp:attachment":[{"href":"https:\/\/comixburo.com\/en\/wp-json\/wp\/v2\/media?parent=18584"}],"wp:term":[{"taxonomy":"product_brand","embeddable":true,"href":"https:\/\/comixburo.com\/en\/wp-json\/wp\/v2\/product_brand?post=18584"},{"taxonomy":"product_cat","embeddable":true,"href":"https:\/\/comixburo.com\/en\/wp-json\/wp\/v2\/product_cat?post=18584"},{"taxonomy":"product_tag","embeddable":true,"href":"https:\/\/comixburo.com\/en\/wp-json\/wp\/v2\/product_tag?post=18584"}],"curies":[{"name":"wp","href":"https:\/\/api.w.org\/{rel}","templated":true}]}}