{"id":18590,"date":"2025-03-27T10:06:58","date_gmt":"2025-03-27T09:06:58","guid":{"rendered":"https:\/\/comixburo.com\/?post_type=product&#038;p=18590"},"modified":"2025-05-01T20:15:20","modified_gmt":"2025-05-01T18:15:20","slug":"guarnido-jazz-n-fun-s-club","status":"publish","type":"product","link":"https:\/\/comixburo.com\/en\/product\/guarnido-jazz-n-fun-s-club\/","title":{"rendered":"Affiche d\u2019art Guarnido \u2013 Jazz N\u2019 Fun\u2019s Club"},"content":{"rendered":"<h3><strong>Art Print\u00a0<\/strong>Jazz N\u2019 Fun\u2019s Club<\/h3>\n<p><strong>Affiche d\u2019art Blacksad :<\/strong>\u00a0<strong>Jazz N\u2019 Fun\u2019s Club<\/strong><\/p>\n<p>Auteur\u00a0 : Juanjo Guarnido<br \/>\n\u00c9diteur : Granit Associ\u00e9s<br \/>\nDescription : Impression Offset sur luxueux papier \u00e9pais et satin\u00e9 (couch\u00e9 mat 250 g) avec finition vernis s\u00e9lectif. Bordure noire.<br \/>\nFormat\u00a0: 100 x 50 cm<br \/>\nS\u00e9rie :\u00a0<em>Blacksad<\/em> AUX \u00e9ditions Dargaud)<\/p>","protected":false},"excerpt":{"rendered":"<p>Illustration panoramique in\u00e9dite r\u00e9alis\u00e9e \u00e0 l\u2019occasion de la sortie du tome 4 de\u00a0<em>Blacksad<\/em>.<br \/>\nAttention\u00a0<strong>BEST-SELLER!!<\/strong><\/p>","protected":false},"featured_media":18591,"comment_status":"open","ping_status":"closed","template":"","meta":[],"product_brand":[],"product_cat":[96,93],"product_tag":[],"class_list":{"0":"post-18590","1":"product","2":"type-product","3":"status-publish","4":"has-post-thumbnail","6":"product_cat-affiches","7":"product_cat-tous","9":"first","10":"instock","11":"taxable","12":"shipping-taxable","13":"purchasable","14":"product-type-simple"},"yoast_head":"<!-- This site is optimized with the Yoast SEO plugin v26.9 - https:\/\/yoast.com\/product\/yoast-seo-wordpress\/ -->\n<title>Affiche d\u2019art Guarnido \u2013 Jazz N\u2019 Fun\u2019s Club - comixburo.com<\/title>\n<meta name=\"description\" content=\"Affiche d&#039;art Blacksad - Jazz N&#039; Fun&#039;s Club. Affiche d&#039;art en 100 x 50cm, par Juanjo Guarnido, tir\u00e9 de sa c\u00e9l\u00e8bre BD Blacksad.\" \/>\n<meta name=\"robots\" content=\"index, follow, max-snippet:-1, max-image-preview:large, max-video-preview:-1\" \/>\n<link rel=\"canonical\" href=\"https:\/\/comixburo.com\/en\/product\/guarnido-jazz-n-fun-s-club\/\" \/>\n<meta property=\"og:locale\" content=\"en_GB\" \/>\n<meta property=\"og:type\" content=\"article\" \/>\n<meta property=\"og:title\" content=\"Affiche d\u2019art Guarnido \u2013 Jazz N\u2019 Fun\u2019s Club - comixburo.com\" \/>\n<meta property=\"og:description\" content=\"Affiche d&#039;art Blacksad - Jazz N&#039; Fun&#039;s Club. Affiche d&#039;art en 100 x 50cm, par Juanjo Guarnido, tir\u00e9 de sa c\u00e9l\u00e8bre BD Blacksad.\" \/>\n<meta property=\"og:url\" content=\"https:\/\/comixburo.com\/en\/product\/guarnido-jazz-n-fun-s-club\/\" \/>\n<meta property=\"og:site_name\" content=\"comixburo.com\" \/>\n<meta property=\"article:publisher\" content=\"https:\/\/www.facebook.com\/comixburo\" \/>\n<meta property=\"article:modified_time\" content=\"2025-05-01T18:15:20+00:00\" \/>\n<meta property=\"og:image\" content=\"https:\/\/comixburo.com\/wp-content\/uploads\/2025\/03\/JG021-Affiche-dart-Guarnido-\u2013-Jazz-N-Funs-Club-comix-buro.webp\" \/>\n\t<meta property=\"og:image:width\" content=\"590\" \/>\n\t<meta property=\"og:image:height\" content=\"820\" \/>\n\t<meta property=\"og:image:type\" content=\"image\/webp\" \/>\n<meta name=\"twitter:card\" content=\"summary_large_image\" \/>\n<meta name=\"twitter:label1\" content=\"Estimated reading time\" \/>\n\t<meta name=\"twitter:data1\" content=\"1 minute\" \/>\n<script type=\"application\/ld+json\" class=\"yoast-schema-graph\">{\"@context\":\"https:\/\/schema.org\",\"@graph\":[{\"@type\":\"WebPage\",\"@id\":\"https:\/\/comixburo.com\/produit\/guarnido-jazz-n-fun-s-club\/\",\"url\":\"https:\/\/comixburo.com\/produit\/guarnido-jazz-n-fun-s-club\/\",\"name\":\"Affiche d\u2019art Guarnido \u2013 Jazz N\u2019 Fun\u2019s Club - comixburo.com\",\"isPartOf\":{\"@id\":\"https:\/\/comixburo.com\/#website\"},\"primaryImageOfPage\":{\"@id\":\"https:\/\/comixburo.com\/produit\/guarnido-jazz-n-fun-s-club\/#primaryimage\"},\"image\":{\"@id\":\"https:\/\/comixburo.com\/produit\/guarnido-jazz-n-fun-s-club\/#primaryimage\"},\"thumbnailUrl\":\"https:\/\/comixburo.com\/wp-content\/uploads\/2025\/03\/JG021-Affiche-dart-Guarnido-\u2013-Jazz-N-Funs-Club-comix-buro.webp\",\"datePublished\":\"2025-03-27T09:06:58+00:00\",\"dateModified\":\"2025-05-01T18:15:20+00:00\",\"description\":\"Affiche d'art Blacksad - Jazz N' Fun's Club. Affiche d'art en 100 x 50cm, par Juanjo Guarnido, tir\u00e9 de sa c\u00e9l\u00e8bre BD Blacksad.\",\"breadcrumb\":{\"@id\":\"https:\/\/comixburo.com\/produit\/guarnido-jazz-n-fun-s-club\/#breadcrumb\"},\"inLanguage\":\"en-GB\",\"potentialAction\":[{\"@type\":\"ReadAction\",\"target\":[\"https:\/\/comixburo.com\/produit\/guarnido-jazz-n-fun-s-club\/\"]}]},{\"@type\":\"ImageObject\",\"inLanguage\":\"en-GB\",\"@id\":\"https:\/\/comixburo.com\/produit\/guarnido-jazz-n-fun-s-club\/#primaryimage\",\"url\":\"https:\/\/comixburo.com\/wp-content\/uploads\/2025\/03\/JG021-Affiche-dart-Guarnido-\u2013-Jazz-N-Funs-Club-comix-buro.webp\",\"contentUrl\":\"https:\/\/comixburo.com\/wp-content\/uploads\/2025\/03\/JG021-Affiche-dart-Guarnido-\u2013-Jazz-N-Funs-Club-comix-buro.webp\",\"width\":590,\"height\":820,\"caption\":\"Affiche d\u2019art Guarnido \u2013 Jazz N\u2019 Fun\u2019s Club\"},{\"@type\":\"BreadcrumbList\",\"@id\":\"https:\/\/comixburo.com\/produit\/guarnido-jazz-n-fun-s-club\/#breadcrumb\",\"itemListElement\":[{\"@type\":\"ListItem\",\"position\":1,\"name\":\"Home\",\"item\":\"https:\/\/comixburo.com\/\"},{\"@type\":\"ListItem\",\"position\":2,\"name\":\"La boutique Comix Buro\",\"item\":\"https:\/\/comixburo.com\/la-boutique-comix-buro\/\"},{\"@type\":\"ListItem\",\"position\":3,\"name\":\"Affiche d\u2019art Guarnido \u2013 Jazz N\u2019 Fun\u2019s Club\"}]},{\"@type\":\"WebSite\",\"@id\":\"https:\/\/comixburo.com\/#website\",\"url\":\"https:\/\/comixburo.com\/\",\"name\":\"comixburo.com\",\"description\":\"Cr\u00e9ateur de projets : Sketchbook d&#039;artistes !\",\"publisher\":{\"@id\":\"https:\/\/comixburo.com\/#organization\"},\"alternateName\":\"Comix Buro\",\"potentialAction\":[{\"@type\":\"SearchAction\",\"target\":{\"@type\":\"EntryPoint\",\"urlTemplate\":\"https:\/\/comixburo.com\/?s={search_term_string}\"},\"query-input\":{\"@type\":\"PropertyValueSpecification\",\"valueRequired\":true,\"valueName\":\"search_term_string\"}}],\"inLanguage\":\"en-GB\"},{\"@type\":\"Organization\",\"@id\":\"https:\/\/comixburo.com\/#organization\",\"name\":\"comixburo.com\",\"url\":\"https:\/\/comixburo.com\/\",\"logo\":{\"@type\":\"ImageObject\",\"inLanguage\":\"en-GB\",\"@id\":\"https:\/\/comixburo.com\/#\/schema\/logo\/image\/\",\"url\":\"https:\/\/comixburo.com\/wp-content\/uploads\/2025\/04\/logo-cxb-ROND.webp\",\"contentUrl\":\"https:\/\/comixburo.com\/wp-content\/uploads\/2025\/04\/logo-cxb-ROND.webp\",\"width\":200,\"height\":200,\"caption\":\"comixburo.com\"},\"image\":{\"@id\":\"https:\/\/comixburo.com\/#\/schema\/logo\/image\/\"},\"sameAs\":[\"https:\/\/www.facebook.com\/comixburo\",\"https:\/\/www.instagram.com\/comixburo\/\"]}]}<\/script>\n<!-- \/ Yoast SEO plugin. -->","yoast_head_json":{"title":"Affiche d\u2019art Guarnido \u2013 Jazz N\u2019 Fun\u2019s Club - comixburo.com","description":"Affiche d'art Blacksad - Jazz N' Fun's Club. Affiche d'art en 100 x 50cm, par Juanjo Guarnido, tir\u00e9 de sa c\u00e9l\u00e8bre BD Blacksad.","robots":{"index":"index","follow":"follow","max-snippet":"max-snippet:-1","max-image-preview":"max-image-preview:large","max-video-preview":"max-video-preview:-1"},"canonical":"https:\/\/comixburo.com\/en\/product\/guarnido-jazz-n-fun-s-club\/","og_locale":"en_GB","og_type":"article","og_title":"Affiche d\u2019art Guarnido \u2013 Jazz N\u2019 Fun\u2019s Club - comixburo.com","og_description":"Affiche d'art Blacksad - Jazz N' Fun's Club. Affiche d'art en 100 x 50cm, par Juanjo Guarnido, tir\u00e9 de sa c\u00e9l\u00e8bre BD Blacksad.","og_url":"https:\/\/comixburo.com\/en\/product\/guarnido-jazz-n-fun-s-club\/","og_site_name":"comixburo.com","article_publisher":"https:\/\/www.facebook.com\/comixburo","article_modified_time":"2025-05-01T18:15:20+00:00","og_image":[{"width":590,"height":820,"url":"https:\/\/comixburo.com\/wp-content\/uploads\/2025\/03\/JG021-Affiche-dart-Guarnido-\u2013-Jazz-N-Funs-Club-comix-buro.webp","type":"image\/webp"}],"twitter_card":"summary_large_image","twitter_misc":{"Estimated reading time":"1 minute"},"schema":{"@context":"https:\/\/schema.org","@graph":[{"@type":"WebPage","@id":"https:\/\/comixburo.com\/produit\/guarnido-jazz-n-fun-s-club\/","url":"https:\/\/comixburo.com\/produit\/guarnido-jazz-n-fun-s-club\/","name":"Affiche d\u2019art Guarnido \u2013 Jazz N\u2019 Fun\u2019s Club - comixburo.com","isPartOf":{"@id":"https:\/\/comixburo.com\/#website"},"primaryImageOfPage":{"@id":"https:\/\/comixburo.com\/produit\/guarnido-jazz-n-fun-s-club\/#primaryimage"},"image":{"@id":"https:\/\/comixburo.com\/produit\/guarnido-jazz-n-fun-s-club\/#primaryimage"},"thumbnailUrl":"https:\/\/comixburo.com\/wp-content\/uploads\/2025\/03\/JG021-Affiche-dart-Guarnido-\u2013-Jazz-N-Funs-Club-comix-buro.webp","datePublished":"2025-03-27T09:06:58+00:00","dateModified":"2025-05-01T18:15:20+00:00","description":"Affiche d'art Blacksad - Jazz N' Fun's Club. Affiche d'art en 100 x 50cm, par Juanjo Guarnido, tir\u00e9 de sa c\u00e9l\u00e8bre BD Blacksad.","breadcrumb":{"@id":"https:\/\/comixburo.com\/produit\/guarnido-jazz-n-fun-s-club\/#breadcrumb"},"inLanguage":"en-GB","potentialAction":[{"@type":"ReadAction","target":["https:\/\/comixburo.com\/produit\/guarnido-jazz-n-fun-s-club\/"]}]},{"@type":"ImageObject","inLanguage":"en-GB","@id":"https:\/\/comixburo.com\/produit\/guarnido-jazz-n-fun-s-club\/#primaryimage","url":"https:\/\/comixburo.com\/wp-content\/uploads\/2025\/03\/JG021-Affiche-dart-Guarnido-\u2013-Jazz-N-Funs-Club-comix-buro.webp","contentUrl":"https:\/\/comixburo.com\/wp-content\/uploads\/2025\/03\/JG021-Affiche-dart-Guarnido-\u2013-Jazz-N-Funs-Club-comix-buro.webp","width":590,"height":820,"caption":"Affiche d\u2019art Guarnido \u2013 Jazz N\u2019 Fun\u2019s Club"},{"@type":"BreadcrumbList","@id":"https:\/\/comixburo.com\/produit\/guarnido-jazz-n-fun-s-club\/#breadcrumb","itemListElement":[{"@type":"ListItem","position":1,"name":"Home","item":"https:\/\/comixburo.com\/"},{"@type":"ListItem","position":2,"name":"La boutique Comix Buro","item":"https:\/\/comixburo.com\/la-boutique-comix-buro\/"},{"@type":"ListItem","position":3,"name":"Affiche d\u2019art Guarnido \u2013 Jazz N\u2019 Fun\u2019s Club"}]},{"@type":"WebSite","@id":"https:\/\/comixburo.com\/#website","url":"https:\/\/comixburo.com\/","name":"comixburo.com","description":"Cr\u00e9ateur de projets : Sketchbook d&#039;artistes !","publisher":{"@id":"https:\/\/comixburo.com\/#organization"},"alternateName":"Comix Buro","potentialAction":[{"@type":"SearchAction","target":{"@type":"EntryPoint","urlTemplate":"https:\/\/comixburo.com\/?s={search_term_string}"},"query-input":{"@type":"PropertyValueSpecification","valueRequired":true,"valueName":"search_term_string"}}],"inLanguage":"en-GB"},{"@type":"Organization","@id":"https:\/\/comixburo.com\/#organization","name":"comixburo.com","url":"https:\/\/comixburo.com\/","logo":{"@type":"ImageObject","inLanguage":"en-GB","@id":"https:\/\/comixburo.com\/#\/schema\/logo\/image\/","url":"https:\/\/comixburo.com\/wp-content\/uploads\/2025\/04\/logo-cxb-ROND.webp","contentUrl":"https:\/\/comixburo.com\/wp-content\/uploads\/2025\/04\/logo-cxb-ROND.webp","width":200,"height":200,"caption":"comixburo.com"},"image":{"@id":"https:\/\/comixburo.com\/#\/schema\/logo\/image\/"},"sameAs":["https:\/\/www.facebook.com\/comixburo","https:\/\/www.instagram.com\/comixburo\/"]}]}},"jetpack_sharing_enabled":true,"_links":{"self":[{"href":"https:\/\/comixburo.com\/en\/wp-json\/wp\/v2\/product\/18590","targetHints":{"allow":["GET"]}}],"collection":[{"href":"https:\/\/comixburo.com\/en\/wp-json\/wp\/v2\/product"}],"about":[{"href":"https:\/\/comixburo.com\/en\/wp-json\/wp\/v2\/types\/product"}],"replies":[{"embeddable":true,"href":"https:\/\/comixburo.com\/en\/wp-json\/wp\/v2\/comments?post=18590"}],"version-history":[{"count":5,"href":"https:\/\/comixburo.com\/en\/wp-json\/wp\/v2\/product\/18590\/revisions"}],"predecessor-version":[{"id":19389,"href":"https:\/\/comixburo.com\/en\/wp-json\/wp\/v2\/product\/18590\/revisions\/19389"}],"wp:featuredmedia":[{"embeddable":true,"href":"https:\/\/comixburo.com\/en\/wp-json\/wp\/v2\/media\/18591"}],"wp:attachment":[{"href":"https:\/\/comixburo.com\/en\/wp-json\/wp\/v2\/media?parent=18590"}],"wp:term":[{"taxonomy":"product_brand","embeddable":true,"href":"https:\/\/comixburo.com\/en\/wp-json\/wp\/v2\/product_brand?post=18590"},{"taxonomy":"product_cat","embeddable":true,"href":"https:\/\/comixburo.com\/en\/wp-json\/wp\/v2\/product_cat?post=18590"},{"taxonomy":"product_tag","embeddable":true,"href":"https:\/\/comixburo.com\/en\/wp-json\/wp\/v2\/product_tag?post=18590"}],"curies":[{"name":"wp","href":"https:\/\/api.w.org\/{rel}","templated":true}]}}