{"id":18602,"date":"2025-03-27T10:21:09","date_gmt":"2025-03-27T09:21:09","guid":{"rendered":"https:\/\/comixburo.com\/?post_type=product&#038;p=18602"},"modified":"2025-05-01T20:10:09","modified_gmt":"2025-05-01T18:10:09","slug":"affiche-dart-loisel-peter-pan-version-couleur","status":"publish","type":"product","link":"https:\/\/comixburo.com\/en\/product\/affiche-dart-loisel-peter-pan-version-couleur\/","title":{"rendered":"Affiche d\u2019art Loisel \u2013 Peter Pan \u2013 version couleur R\u00e9gis Loisel"},"content":{"rendered":"<h3><strong>Art Print Loisel \u2013 Peter Pan \u2013 version couleur<\/strong><\/h3>\n<p><strong>Affiche d\u2019art Loisel \u2013 Peter Pan\u00a0<\/strong><strong>\u2013 version couleur<\/strong><\/p>\n<p>Auteur\u00a0 : R\u00e9gis Loisel<br \/>\n\u00c9diteur : Granit Associ\u00e9s<br \/>\nImpression : Offset<br \/>\nDescription : Affiche version couleur format 100\u00d750 imprim\u00e9e sur papier couch\u00e9 Condat Matt 250g. Illustration reprenant les personnages principaux issus de la s\u00e9rie\u00a0<strong><em>Peter Pan<\/em><\/strong>\u00a0r\u00e9alis\u00e9e par R\u00e9gis Loisel aux \u00e9ditions Vents d\u2019Ouest.<br \/>\nFormat : 100 x 50 cm<\/p>\n<p>&nbsp;<\/p>","protected":false},"excerpt":{"rendered":"<p>Affiche d\u2019art en couleur format 100\u00d750 cm.<\/p>\n<p>Illustration reprenant les personnages principaux issus de la s\u00e9rie\u00a0<strong><em>Peter Pan<\/em><\/strong>\u00a0r\u00e9alis\u00e9e par R\u00e9gis Loisel aux \u00e9ditions Vents d\u2019Ouest.<\/p>","protected":false},"featured_media":18603,"comment_status":"open","ping_status":"closed","template":"","meta":[],"product_brand":[],"product_cat":[96,93],"product_tag":[],"class_list":{"0":"post-18602","1":"product","2":"type-product","3":"status-publish","4":"has-post-thumbnail","6":"product_cat-affiches","7":"product_cat-tous","9":"first","10":"instock","11":"taxable","12":"shipping-taxable","13":"purchasable","14":"product-type-simple"},"yoast_head":"<!-- This site is optimized with the Yoast SEO plugin v26.9 - https:\/\/yoast.com\/product\/yoast-seo-wordpress\/ -->\n<title>Affiche d\u2019art Loisel \u2013 Peter Pan \u2013 version couleur R\u00e9gis Loisel - comixburo.com<\/title>\n<meta name=\"description\" content=\"Affiche d&#039;art R\u00e9gis Loisel - Peter Pan. Affiche d&#039;art en 100 x 50cm, par R\u00e9gis Loisel, repr\u00e9sentant les personnage de sa version BD de Peter Pan.\" \/>\n<meta name=\"robots\" content=\"index, follow, max-snippet:-1, max-image-preview:large, max-video-preview:-1\" \/>\n<link rel=\"canonical\" href=\"https:\/\/comixburo.com\/en\/product\/affiche-dart-loisel-peter-pan-version-couleur\/\" \/>\n<meta property=\"og:locale\" content=\"en_GB\" \/>\n<meta property=\"og:type\" content=\"article\" \/>\n<meta property=\"og:title\" content=\"Affiche d\u2019art Loisel \u2013 Peter Pan \u2013 version couleur R\u00e9gis Loisel - comixburo.com\" \/>\n<meta property=\"og:description\" content=\"Affiche d&#039;art R\u00e9gis Loisel - Peter Pan. Affiche d&#039;art en 100 x 50cm, par R\u00e9gis Loisel, repr\u00e9sentant les personnage de sa version BD de Peter Pan.\" \/>\n<meta property=\"og:url\" content=\"https:\/\/comixburo.com\/en\/product\/affiche-dart-loisel-peter-pan-version-couleur\/\" \/>\n<meta property=\"og:site_name\" content=\"comixburo.com\" \/>\n<meta property=\"article:publisher\" content=\"https:\/\/www.facebook.com\/comixburo\" \/>\n<meta property=\"article:modified_time\" content=\"2025-05-01T18:10:09+00:00\" \/>\n<meta property=\"og:image\" content=\"https:\/\/comixburo.com\/wp-content\/uploads\/2025\/03\/RL069-Affiche-dart-Loisel-\u2013-Peter-Pan-\u2013-version-couleur-comix-buro.webp\" \/>\n\t<meta property=\"og:image:width\" content=\"590\" \/>\n\t<meta property=\"og:image:height\" content=\"820\" \/>\n\t<meta property=\"og:image:type\" content=\"image\/webp\" \/>\n<meta name=\"twitter:card\" content=\"summary_large_image\" \/>\n<meta name=\"twitter:label1\" content=\"Estimated reading time\" \/>\n\t<meta name=\"twitter:data1\" content=\"1 minute\" \/>\n<script type=\"application\/ld+json\" class=\"yoast-schema-graph\">{\"@context\":\"https:\/\/schema.org\",\"@graph\":[{\"@type\":\"WebPage\",\"@id\":\"https:\/\/comixburo.com\/produit\/affiche-dart-loisel-peter-pan-version-couleur\/\",\"url\":\"https:\/\/comixburo.com\/produit\/affiche-dart-loisel-peter-pan-version-couleur\/\",\"name\":\"Affiche d\u2019art Loisel \u2013 Peter Pan \u2013 version couleur R\u00e9gis Loisel - comixburo.com\",\"isPartOf\":{\"@id\":\"https:\/\/comixburo.com\/#website\"},\"primaryImageOfPage\":{\"@id\":\"https:\/\/comixburo.com\/produit\/affiche-dart-loisel-peter-pan-version-couleur\/#primaryimage\"},\"image\":{\"@id\":\"https:\/\/comixburo.com\/produit\/affiche-dart-loisel-peter-pan-version-couleur\/#primaryimage\"},\"thumbnailUrl\":\"https:\/\/comixburo.com\/wp-content\/uploads\/2025\/03\/RL069-Affiche-dart-Loisel-\u2013-Peter-Pan-\u2013-version-couleur-comix-buro.webp\",\"datePublished\":\"2025-03-27T09:21:09+00:00\",\"dateModified\":\"2025-05-01T18:10:09+00:00\",\"description\":\"Affiche d'art R\u00e9gis Loisel - Peter Pan. Affiche d'art en 100 x 50cm, par R\u00e9gis Loisel, repr\u00e9sentant les personnage de sa version BD de Peter Pan.\",\"breadcrumb\":{\"@id\":\"https:\/\/comixburo.com\/produit\/affiche-dart-loisel-peter-pan-version-couleur\/#breadcrumb\"},\"inLanguage\":\"en-GB\",\"potentialAction\":[{\"@type\":\"ReadAction\",\"target\":[\"https:\/\/comixburo.com\/produit\/affiche-dart-loisel-peter-pan-version-couleur\/\"]}]},{\"@type\":\"ImageObject\",\"inLanguage\":\"en-GB\",\"@id\":\"https:\/\/comixburo.com\/produit\/affiche-dart-loisel-peter-pan-version-couleur\/#primaryimage\",\"url\":\"https:\/\/comixburo.com\/wp-content\/uploads\/2025\/03\/RL069-Affiche-dart-Loisel-\u2013-Peter-Pan-\u2013-version-couleur-comix-buro.webp\",\"contentUrl\":\"https:\/\/comixburo.com\/wp-content\/uploads\/2025\/03\/RL069-Affiche-dart-Loisel-\u2013-Peter-Pan-\u2013-version-couleur-comix-buro.webp\",\"width\":590,\"height\":820,\"caption\":\"Affiche d\u2019art Loisel \u2013 Peter Pan \u2013 version couleur R\u00e9gis Loisel\"},{\"@type\":\"BreadcrumbList\",\"@id\":\"https:\/\/comixburo.com\/produit\/affiche-dart-loisel-peter-pan-version-couleur\/#breadcrumb\",\"itemListElement\":[{\"@type\":\"ListItem\",\"position\":1,\"name\":\"Home\",\"item\":\"https:\/\/comixburo.com\/\"},{\"@type\":\"ListItem\",\"position\":2,\"name\":\"La boutique Comix Buro\",\"item\":\"https:\/\/comixburo.com\/la-boutique-comix-buro\/\"},{\"@type\":\"ListItem\",\"position\":3,\"name\":\"Affiche d\u2019art Loisel \u2013 Peter Pan \u2013 version couleur R\u00e9gis Loisel\"}]},{\"@type\":\"WebSite\",\"@id\":\"https:\/\/comixburo.com\/#website\",\"url\":\"https:\/\/comixburo.com\/\",\"name\":\"comixburo.com\",\"description\":\"Cr\u00e9ateur de projets : Sketchbook d&#039;artistes !\",\"publisher\":{\"@id\":\"https:\/\/comixburo.com\/#organization\"},\"alternateName\":\"Comix Buro\",\"potentialAction\":[{\"@type\":\"SearchAction\",\"target\":{\"@type\":\"EntryPoint\",\"urlTemplate\":\"https:\/\/comixburo.com\/?s={search_term_string}\"},\"query-input\":{\"@type\":\"PropertyValueSpecification\",\"valueRequired\":true,\"valueName\":\"search_term_string\"}}],\"inLanguage\":\"en-GB\"},{\"@type\":\"Organization\",\"@id\":\"https:\/\/comixburo.com\/#organization\",\"name\":\"comixburo.com\",\"url\":\"https:\/\/comixburo.com\/\",\"logo\":{\"@type\":\"ImageObject\",\"inLanguage\":\"en-GB\",\"@id\":\"https:\/\/comixburo.com\/#\/schema\/logo\/image\/\",\"url\":\"https:\/\/comixburo.com\/wp-content\/uploads\/2025\/04\/logo-cxb-ROND.webp\",\"contentUrl\":\"https:\/\/comixburo.com\/wp-content\/uploads\/2025\/04\/logo-cxb-ROND.webp\",\"width\":200,\"height\":200,\"caption\":\"comixburo.com\"},\"image\":{\"@id\":\"https:\/\/comixburo.com\/#\/schema\/logo\/image\/\"},\"sameAs\":[\"https:\/\/www.facebook.com\/comixburo\",\"https:\/\/www.instagram.com\/comixburo\/\"]}]}<\/script>\n<!-- \/ Yoast SEO plugin. -->","yoast_head_json":{"title":"Affiche d\u2019art Loisel \u2013 Peter Pan \u2013 version couleur R\u00e9gis Loisel - comixburo.com","description":"Affiche d'art R\u00e9gis Loisel - Peter Pan. Affiche d'art en 100 x 50cm, par R\u00e9gis Loisel, repr\u00e9sentant les personnage de sa version BD de Peter Pan.","robots":{"index":"index","follow":"follow","max-snippet":"max-snippet:-1","max-image-preview":"max-image-preview:large","max-video-preview":"max-video-preview:-1"},"canonical":"https:\/\/comixburo.com\/en\/product\/affiche-dart-loisel-peter-pan-version-couleur\/","og_locale":"en_GB","og_type":"article","og_title":"Affiche d\u2019art Loisel \u2013 Peter Pan \u2013 version couleur R\u00e9gis Loisel - comixburo.com","og_description":"Affiche d'art R\u00e9gis Loisel - Peter Pan. Affiche d'art en 100 x 50cm, par R\u00e9gis Loisel, repr\u00e9sentant les personnage de sa version BD de Peter Pan.","og_url":"https:\/\/comixburo.com\/en\/product\/affiche-dart-loisel-peter-pan-version-couleur\/","og_site_name":"comixburo.com","article_publisher":"https:\/\/www.facebook.com\/comixburo","article_modified_time":"2025-05-01T18:10:09+00:00","og_image":[{"width":590,"height":820,"url":"https:\/\/comixburo.com\/wp-content\/uploads\/2025\/03\/RL069-Affiche-dart-Loisel-\u2013-Peter-Pan-\u2013-version-couleur-comix-buro.webp","type":"image\/webp"}],"twitter_card":"summary_large_image","twitter_misc":{"Estimated reading time":"1 minute"},"schema":{"@context":"https:\/\/schema.org","@graph":[{"@type":"WebPage","@id":"https:\/\/comixburo.com\/produit\/affiche-dart-loisel-peter-pan-version-couleur\/","url":"https:\/\/comixburo.com\/produit\/affiche-dart-loisel-peter-pan-version-couleur\/","name":"Affiche d\u2019art Loisel \u2013 Peter Pan \u2013 version couleur R\u00e9gis Loisel - comixburo.com","isPartOf":{"@id":"https:\/\/comixburo.com\/#website"},"primaryImageOfPage":{"@id":"https:\/\/comixburo.com\/produit\/affiche-dart-loisel-peter-pan-version-couleur\/#primaryimage"},"image":{"@id":"https:\/\/comixburo.com\/produit\/affiche-dart-loisel-peter-pan-version-couleur\/#primaryimage"},"thumbnailUrl":"https:\/\/comixburo.com\/wp-content\/uploads\/2025\/03\/RL069-Affiche-dart-Loisel-\u2013-Peter-Pan-\u2013-version-couleur-comix-buro.webp","datePublished":"2025-03-27T09:21:09+00:00","dateModified":"2025-05-01T18:10:09+00:00","description":"Affiche d'art R\u00e9gis Loisel - Peter Pan. Affiche d'art en 100 x 50cm, par R\u00e9gis Loisel, repr\u00e9sentant les personnage de sa version BD de Peter Pan.","breadcrumb":{"@id":"https:\/\/comixburo.com\/produit\/affiche-dart-loisel-peter-pan-version-couleur\/#breadcrumb"},"inLanguage":"en-GB","potentialAction":[{"@type":"ReadAction","target":["https:\/\/comixburo.com\/produit\/affiche-dart-loisel-peter-pan-version-couleur\/"]}]},{"@type":"ImageObject","inLanguage":"en-GB","@id":"https:\/\/comixburo.com\/produit\/affiche-dart-loisel-peter-pan-version-couleur\/#primaryimage","url":"https:\/\/comixburo.com\/wp-content\/uploads\/2025\/03\/RL069-Affiche-dart-Loisel-\u2013-Peter-Pan-\u2013-version-couleur-comix-buro.webp","contentUrl":"https:\/\/comixburo.com\/wp-content\/uploads\/2025\/03\/RL069-Affiche-dart-Loisel-\u2013-Peter-Pan-\u2013-version-couleur-comix-buro.webp","width":590,"height":820,"caption":"Affiche d\u2019art Loisel \u2013 Peter Pan \u2013 version couleur R\u00e9gis Loisel"},{"@type":"BreadcrumbList","@id":"https:\/\/comixburo.com\/produit\/affiche-dart-loisel-peter-pan-version-couleur\/#breadcrumb","itemListElement":[{"@type":"ListItem","position":1,"name":"Home","item":"https:\/\/comixburo.com\/"},{"@type":"ListItem","position":2,"name":"La boutique Comix Buro","item":"https:\/\/comixburo.com\/la-boutique-comix-buro\/"},{"@type":"ListItem","position":3,"name":"Affiche d\u2019art Loisel \u2013 Peter Pan \u2013 version couleur R\u00e9gis Loisel"}]},{"@type":"WebSite","@id":"https:\/\/comixburo.com\/#website","url":"https:\/\/comixburo.com\/","name":"comixburo.com","description":"Cr\u00e9ateur de projets : Sketchbook d&#039;artistes !","publisher":{"@id":"https:\/\/comixburo.com\/#organization"},"alternateName":"Comix Buro","potentialAction":[{"@type":"SearchAction","target":{"@type":"EntryPoint","urlTemplate":"https:\/\/comixburo.com\/?s={search_term_string}"},"query-input":{"@type":"PropertyValueSpecification","valueRequired":true,"valueName":"search_term_string"}}],"inLanguage":"en-GB"},{"@type":"Organization","@id":"https:\/\/comixburo.com\/#organization","name":"comixburo.com","url":"https:\/\/comixburo.com\/","logo":{"@type":"ImageObject","inLanguage":"en-GB","@id":"https:\/\/comixburo.com\/#\/schema\/logo\/image\/","url":"https:\/\/comixburo.com\/wp-content\/uploads\/2025\/04\/logo-cxb-ROND.webp","contentUrl":"https:\/\/comixburo.com\/wp-content\/uploads\/2025\/04\/logo-cxb-ROND.webp","width":200,"height":200,"caption":"comixburo.com"},"image":{"@id":"https:\/\/comixburo.com\/#\/schema\/logo\/image\/"},"sameAs":["https:\/\/www.facebook.com\/comixburo","https:\/\/www.instagram.com\/comixburo\/"]}]}},"jetpack_sharing_enabled":true,"_links":{"self":[{"href":"https:\/\/comixburo.com\/en\/wp-json\/wp\/v2\/product\/18602","targetHints":{"allow":["GET"]}}],"collection":[{"href":"https:\/\/comixburo.com\/en\/wp-json\/wp\/v2\/product"}],"about":[{"href":"https:\/\/comixburo.com\/en\/wp-json\/wp\/v2\/types\/product"}],"replies":[{"embeddable":true,"href":"https:\/\/comixburo.com\/en\/wp-json\/wp\/v2\/comments?post=18602"}],"version-history":[{"count":3,"href":"https:\/\/comixburo.com\/en\/wp-json\/wp\/v2\/product\/18602\/revisions"}],"predecessor-version":[{"id":20116,"href":"https:\/\/comixburo.com\/en\/wp-json\/wp\/v2\/product\/18602\/revisions\/20116"}],"wp:featuredmedia":[{"embeddable":true,"href":"https:\/\/comixburo.com\/en\/wp-json\/wp\/v2\/media\/18603"}],"wp:attachment":[{"href":"https:\/\/comixburo.com\/en\/wp-json\/wp\/v2\/media?parent=18602"}],"wp:term":[{"taxonomy":"product_brand","embeddable":true,"href":"https:\/\/comixburo.com\/en\/wp-json\/wp\/v2\/product_brand?post=18602"},{"taxonomy":"product_cat","embeddable":true,"href":"https:\/\/comixburo.com\/en\/wp-json\/wp\/v2\/product_cat?post=18602"},{"taxonomy":"product_tag","embeddable":true,"href":"https:\/\/comixburo.com\/en\/wp-json\/wp\/v2\/product_tag?post=18602"}],"curies":[{"name":"wp","href":"https:\/\/api.w.org\/{rel}","templated":true}]}}