{"id":18611,"date":"2025-03-27T10:31:23","date_gmt":"2025-03-27T09:31:23","guid":{"rendered":"https:\/\/comixburo.com\/?post_type=product&#038;p=18611"},"modified":"2025-05-01T20:07:02","modified_gmt":"2025-05-01T18:07:02","slug":"affiche-dart-noa-sky-doll-70-x-50-cm","status":"publish","type":"product","link":"https:\/\/comixburo.com\/en\/product\/affiche-dart-noa-sky-doll-70-x-50-cm\/","title":{"rendered":"Affiche d\u2019art Noa Sky-Doll 70 x 50 cm -Canepa-Barbucci"},"content":{"rendered":"<h1><strong>Affiche d\u2019art de Noa \u2013 Sky-Doll\u00a0<\/strong><\/h1>\n<h2><strong>Noa, l\u2019h\u00e9ro\u00efne de la s\u00e9rie culte Sky-Doll\u00a0<\/strong>par Canepa &amp; Barbucci<\/h2>\n<ul>\n<li><span class=\"\">\u00c9ditions : Granit Associ\u00e9s<\/span><\/li>\n<li><span class=\"\">Impression : Offset quadri.<\/span><\/li>\n<li><span class=\"\">Illustrateurs : Caneppa \/ Barbucci<\/span><\/li>\n<li><span class=\"\">Description : papier \u00e9pais\u00a0\u00a0luxueux et satin\u00e9 (couch\u00e9 mat 250g).<\/span><\/li>\n<li><span class=\"\">Format : 50 x 70 cm (vertical)<\/span><\/li>\n<li><span class=\"\">S\u00e9rie BD : Sky Doll (Caneppa \/ Barbucci \u2013 \u00e9ditions Soleil)<\/span><\/li>\n<\/ul>\n<p>***<br \/>\n<em>Sky-Doll<\/em>\u00a0est une s\u00e9rie de bande dessin\u00e9e italienne de science-fiction sc\u00e9naris\u00e9e\/dessin\u00e9e\/coloris\u00e9e par Alessandro Barbucci et Barbara Canepa. Commenc\u00e9e en 2000, la s\u00e9rie compte \u00e0 l\u2019heure actuelle quatre volumes et des hors-s\u00e9ries.<br \/>\nNoa n\u2019est pas une poup\u00e9e comme les autres. Certes elle doit \u00eatre remont\u00e9e toutes les 33 heures pour continuer d\u2019exister et perd la m\u00e9moire. Seulement, elle r\u00eave de libert\u00e9 et n\u2019est pas tout \u00e0 fait docile. Certaines brides de souvenirs lui restent, comme des sensations de sentiments humains. L\u2019aventure prend forme quand elle se retrouve, par la force du destin, \u00e0 bord d\u2019un vaisseau de la papesse Ludovique avec Roy et Jahu \u2026<br \/>\nSitu\u00e9e dans une dystopie religieuse corrompue, Sky-Doll suit les p\u00e9r\u00e9grinations de l\u2019andro\u00efde Noa, qui croise malgr\u00e9 elle le chemin de deux \u00e9missaires de l\u2019\u00c9glise en tentant d\u2019\u00e9chapper \u00e0 sa condition d\u2019esclave.<\/p>","protected":false},"excerpt":{"rendered":"<p>Plongez dans l\u2019univers de la s\u00e9rie BD Sky-Doll et d\u00e9couvrez l\u2019affiche de Noa !<\/p>","protected":false},"featured_media":18612,"comment_status":"open","ping_status":"closed","template":"","meta":[],"product_brand":[],"product_cat":[96,93],"product_tag":[],"class_list":{"0":"post-18611","1":"product","2":"type-product","3":"status-publish","4":"has-post-thumbnail","6":"product_cat-affiches","7":"product_cat-tous","9":"first","10":"instock","11":"taxable","12":"shipping-taxable","13":"purchasable","14":"product-type-simple"},"yoast_head":"<!-- This site is optimized with the Yoast SEO plugin v26.9 - https:\/\/yoast.com\/product\/yoast-seo-wordpress\/ -->\n<title>Affiche d\u2019art Noa Sky-Doll 70 x 50 cm -Canepa-Barbucci - comixburo.com<\/title>\n<meta name=\"description\" content=\"affiche-art-noa-sky-doll-70-x-50-cm barbara caneppa et alexandro Barbucci a mettre en cadre franco belge bande dessinee italie\" \/>\n<meta name=\"robots\" content=\"index, follow, max-snippet:-1, max-image-preview:large, max-video-preview:-1\" \/>\n<link rel=\"canonical\" href=\"https:\/\/comixburo.com\/en\/product\/affiche-dart-noa-sky-doll-70-x-50-cm\/\" \/>\n<meta property=\"og:locale\" content=\"en_GB\" \/>\n<meta property=\"og:type\" content=\"article\" \/>\n<meta property=\"og:title\" content=\"Affiche d\u2019art Noa Sky-Doll 70 x 50 cm -Canepa-Barbucci - comixburo.com\" \/>\n<meta property=\"og:description\" content=\"affiche-art-noa-sky-doll-70-x-50-cm barbara caneppa et alexandro Barbucci a mettre en cadre franco belge bande dessinee italie\" \/>\n<meta property=\"og:url\" content=\"https:\/\/comixburo.com\/en\/product\/affiche-dart-noa-sky-doll-70-x-50-cm\/\" \/>\n<meta property=\"og:site_name\" content=\"comixburo.com\" \/>\n<meta property=\"article:publisher\" content=\"https:\/\/www.facebook.com\/comixburo\" \/>\n<meta property=\"article:modified_time\" content=\"2025-05-01T18:07:02+00:00\" \/>\n<meta property=\"og:image\" content=\"https:\/\/comixburo.com\/wp-content\/uploads\/2025\/03\/CB002-Affiche-art-Sky-Doll-comix-buro.webp\" \/>\n\t<meta property=\"og:image:width\" content=\"590\" \/>\n\t<meta property=\"og:image:height\" content=\"820\" \/>\n\t<meta property=\"og:image:type\" content=\"image\/webp\" \/>\n<meta name=\"twitter:card\" content=\"summary_large_image\" \/>\n<meta name=\"twitter:label1\" content=\"Estimated reading time\" \/>\n\t<meta name=\"twitter:data1\" content=\"2 minutes\" \/>\n<script type=\"application\/ld+json\" class=\"yoast-schema-graph\">{\"@context\":\"https:\/\/schema.org\",\"@graph\":[{\"@type\":\"WebPage\",\"@id\":\"https:\/\/comixburo.com\/produit\/affiche-dart-noa-sky-doll-70-x-50-cm\/\",\"url\":\"https:\/\/comixburo.com\/produit\/affiche-dart-noa-sky-doll-70-x-50-cm\/\",\"name\":\"Affiche d\u2019art Noa Sky-Doll 70 x 50 cm -Canepa-Barbucci - comixburo.com\",\"isPartOf\":{\"@id\":\"https:\/\/comixburo.com\/#website\"},\"primaryImageOfPage\":{\"@id\":\"https:\/\/comixburo.com\/produit\/affiche-dart-noa-sky-doll-70-x-50-cm\/#primaryimage\"},\"image\":{\"@id\":\"https:\/\/comixburo.com\/produit\/affiche-dart-noa-sky-doll-70-x-50-cm\/#primaryimage\"},\"thumbnailUrl\":\"https:\/\/comixburo.com\/wp-content\/uploads\/2025\/03\/CB002-Affiche-art-Sky-Doll-comix-buro.webp\",\"datePublished\":\"2025-03-27T09:31:23+00:00\",\"dateModified\":\"2025-05-01T18:07:02+00:00\",\"description\":\"affiche-art-noa-sky-doll-70-x-50-cm barbara caneppa et alexandro Barbucci a mettre en cadre franco belge bande dessinee italie\",\"breadcrumb\":{\"@id\":\"https:\/\/comixburo.com\/produit\/affiche-dart-noa-sky-doll-70-x-50-cm\/#breadcrumb\"},\"inLanguage\":\"en-GB\",\"potentialAction\":[{\"@type\":\"ReadAction\",\"target\":[\"https:\/\/comixburo.com\/produit\/affiche-dart-noa-sky-doll-70-x-50-cm\/\"]}]},{\"@type\":\"ImageObject\",\"inLanguage\":\"en-GB\",\"@id\":\"https:\/\/comixburo.com\/produit\/affiche-dart-noa-sky-doll-70-x-50-cm\/#primaryimage\",\"url\":\"https:\/\/comixburo.com\/wp-content\/uploads\/2025\/03\/CB002-Affiche-art-Sky-Doll-comix-buro.webp\",\"contentUrl\":\"https:\/\/comixburo.com\/wp-content\/uploads\/2025\/03\/CB002-Affiche-art-Sky-Doll-comix-buro.webp\",\"width\":590,\"height\":820,\"caption\":\"Affiche d\u2019art Noa Sky-Doll 70 x 50 cm -Canepa-Barbucci\"},{\"@type\":\"BreadcrumbList\",\"@id\":\"https:\/\/comixburo.com\/produit\/affiche-dart-noa-sky-doll-70-x-50-cm\/#breadcrumb\",\"itemListElement\":[{\"@type\":\"ListItem\",\"position\":1,\"name\":\"Home\",\"item\":\"https:\/\/comixburo.com\/\"},{\"@type\":\"ListItem\",\"position\":2,\"name\":\"La boutique Comix Buro\",\"item\":\"https:\/\/comixburo.com\/la-boutique-comix-buro\/\"},{\"@type\":\"ListItem\",\"position\":3,\"name\":\"Affiche d\u2019art Noa Sky-Doll 70 x 50 cm -Canepa-Barbucci\"}]},{\"@type\":\"WebSite\",\"@id\":\"https:\/\/comixburo.com\/#website\",\"url\":\"https:\/\/comixburo.com\/\",\"name\":\"comixburo.com\",\"description\":\"Cr\u00e9ateur de projets : Sketchbook d&#039;artistes !\",\"publisher\":{\"@id\":\"https:\/\/comixburo.com\/#organization\"},\"alternateName\":\"Comix Buro\",\"potentialAction\":[{\"@type\":\"SearchAction\",\"target\":{\"@type\":\"EntryPoint\",\"urlTemplate\":\"https:\/\/comixburo.com\/?s={search_term_string}\"},\"query-input\":{\"@type\":\"PropertyValueSpecification\",\"valueRequired\":true,\"valueName\":\"search_term_string\"}}],\"inLanguage\":\"en-GB\"},{\"@type\":\"Organization\",\"@id\":\"https:\/\/comixburo.com\/#organization\",\"name\":\"comixburo.com\",\"url\":\"https:\/\/comixburo.com\/\",\"logo\":{\"@type\":\"ImageObject\",\"inLanguage\":\"en-GB\",\"@id\":\"https:\/\/comixburo.com\/#\/schema\/logo\/image\/\",\"url\":\"https:\/\/comixburo.com\/wp-content\/uploads\/2025\/04\/logo-cxb-ROND.webp\",\"contentUrl\":\"https:\/\/comixburo.com\/wp-content\/uploads\/2025\/04\/logo-cxb-ROND.webp\",\"width\":200,\"height\":200,\"caption\":\"comixburo.com\"},\"image\":{\"@id\":\"https:\/\/comixburo.com\/#\/schema\/logo\/image\/\"},\"sameAs\":[\"https:\/\/www.facebook.com\/comixburo\",\"https:\/\/www.instagram.com\/comixburo\/\"]}]}<\/script>\n<!-- \/ Yoast SEO plugin. -->","yoast_head_json":{"title":"Affiche d\u2019art Noa Sky-Doll 70 x 50 cm -Canepa-Barbucci - comixburo.com","description":"affiche-art-noa-sky-doll-70-x-50-cm barbara caneppa et alexandro Barbucci a mettre en cadre franco belge bande dessinee italie","robots":{"index":"index","follow":"follow","max-snippet":"max-snippet:-1","max-image-preview":"max-image-preview:large","max-video-preview":"max-video-preview:-1"},"canonical":"https:\/\/comixburo.com\/en\/product\/affiche-dart-noa-sky-doll-70-x-50-cm\/","og_locale":"en_GB","og_type":"article","og_title":"Affiche d\u2019art Noa Sky-Doll 70 x 50 cm -Canepa-Barbucci - comixburo.com","og_description":"affiche-art-noa-sky-doll-70-x-50-cm barbara caneppa et alexandro Barbucci a mettre en cadre franco belge bande dessinee italie","og_url":"https:\/\/comixburo.com\/en\/product\/affiche-dart-noa-sky-doll-70-x-50-cm\/","og_site_name":"comixburo.com","article_publisher":"https:\/\/www.facebook.com\/comixburo","article_modified_time":"2025-05-01T18:07:02+00:00","og_image":[{"width":590,"height":820,"url":"https:\/\/comixburo.com\/wp-content\/uploads\/2025\/03\/CB002-Affiche-art-Sky-Doll-comix-buro.webp","type":"image\/webp"}],"twitter_card":"summary_large_image","twitter_misc":{"Estimated reading time":"2 minutes"},"schema":{"@context":"https:\/\/schema.org","@graph":[{"@type":"WebPage","@id":"https:\/\/comixburo.com\/produit\/affiche-dart-noa-sky-doll-70-x-50-cm\/","url":"https:\/\/comixburo.com\/produit\/affiche-dart-noa-sky-doll-70-x-50-cm\/","name":"Affiche d\u2019art Noa Sky-Doll 70 x 50 cm -Canepa-Barbucci - comixburo.com","isPartOf":{"@id":"https:\/\/comixburo.com\/#website"},"primaryImageOfPage":{"@id":"https:\/\/comixburo.com\/produit\/affiche-dart-noa-sky-doll-70-x-50-cm\/#primaryimage"},"image":{"@id":"https:\/\/comixburo.com\/produit\/affiche-dart-noa-sky-doll-70-x-50-cm\/#primaryimage"},"thumbnailUrl":"https:\/\/comixburo.com\/wp-content\/uploads\/2025\/03\/CB002-Affiche-art-Sky-Doll-comix-buro.webp","datePublished":"2025-03-27T09:31:23+00:00","dateModified":"2025-05-01T18:07:02+00:00","description":"affiche-art-noa-sky-doll-70-x-50-cm barbara caneppa et alexandro Barbucci a mettre en cadre franco belge bande dessinee italie","breadcrumb":{"@id":"https:\/\/comixburo.com\/produit\/affiche-dart-noa-sky-doll-70-x-50-cm\/#breadcrumb"},"inLanguage":"en-GB","potentialAction":[{"@type":"ReadAction","target":["https:\/\/comixburo.com\/produit\/affiche-dart-noa-sky-doll-70-x-50-cm\/"]}]},{"@type":"ImageObject","inLanguage":"en-GB","@id":"https:\/\/comixburo.com\/produit\/affiche-dart-noa-sky-doll-70-x-50-cm\/#primaryimage","url":"https:\/\/comixburo.com\/wp-content\/uploads\/2025\/03\/CB002-Affiche-art-Sky-Doll-comix-buro.webp","contentUrl":"https:\/\/comixburo.com\/wp-content\/uploads\/2025\/03\/CB002-Affiche-art-Sky-Doll-comix-buro.webp","width":590,"height":820,"caption":"Affiche d\u2019art Noa Sky-Doll 70 x 50 cm -Canepa-Barbucci"},{"@type":"BreadcrumbList","@id":"https:\/\/comixburo.com\/produit\/affiche-dart-noa-sky-doll-70-x-50-cm\/#breadcrumb","itemListElement":[{"@type":"ListItem","position":1,"name":"Home","item":"https:\/\/comixburo.com\/"},{"@type":"ListItem","position":2,"name":"La boutique Comix Buro","item":"https:\/\/comixburo.com\/la-boutique-comix-buro\/"},{"@type":"ListItem","position":3,"name":"Affiche d\u2019art Noa Sky-Doll 70 x 50 cm -Canepa-Barbucci"}]},{"@type":"WebSite","@id":"https:\/\/comixburo.com\/#website","url":"https:\/\/comixburo.com\/","name":"comixburo.com","description":"Cr\u00e9ateur de projets : Sketchbook d&#039;artistes !","publisher":{"@id":"https:\/\/comixburo.com\/#organization"},"alternateName":"Comix Buro","potentialAction":[{"@type":"SearchAction","target":{"@type":"EntryPoint","urlTemplate":"https:\/\/comixburo.com\/?s={search_term_string}"},"query-input":{"@type":"PropertyValueSpecification","valueRequired":true,"valueName":"search_term_string"}}],"inLanguage":"en-GB"},{"@type":"Organization","@id":"https:\/\/comixburo.com\/#organization","name":"comixburo.com","url":"https:\/\/comixburo.com\/","logo":{"@type":"ImageObject","inLanguage":"en-GB","@id":"https:\/\/comixburo.com\/#\/schema\/logo\/image\/","url":"https:\/\/comixburo.com\/wp-content\/uploads\/2025\/04\/logo-cxb-ROND.webp","contentUrl":"https:\/\/comixburo.com\/wp-content\/uploads\/2025\/04\/logo-cxb-ROND.webp","width":200,"height":200,"caption":"comixburo.com"},"image":{"@id":"https:\/\/comixburo.com\/#\/schema\/logo\/image\/"},"sameAs":["https:\/\/www.facebook.com\/comixburo","https:\/\/www.instagram.com\/comixburo\/"]}]}},"jetpack_sharing_enabled":true,"_links":{"self":[{"href":"https:\/\/comixburo.com\/en\/wp-json\/wp\/v2\/product\/18611","targetHints":{"allow":["GET"]}}],"collection":[{"href":"https:\/\/comixburo.com\/en\/wp-json\/wp\/v2\/product"}],"about":[{"href":"https:\/\/comixburo.com\/en\/wp-json\/wp\/v2\/types\/product"}],"replies":[{"embeddable":true,"href":"https:\/\/comixburo.com\/en\/wp-json\/wp\/v2\/comments?post=18611"}],"version-history":[{"count":2,"href":"https:\/\/comixburo.com\/en\/wp-json\/wp\/v2\/product\/18611\/revisions"}],"predecessor-version":[{"id":20113,"href":"https:\/\/comixburo.com\/en\/wp-json\/wp\/v2\/product\/18611\/revisions\/20113"}],"wp:featuredmedia":[{"embeddable":true,"href":"https:\/\/comixburo.com\/en\/wp-json\/wp\/v2\/media\/18612"}],"wp:attachment":[{"href":"https:\/\/comixburo.com\/en\/wp-json\/wp\/v2\/media?parent=18611"}],"wp:term":[{"taxonomy":"product_brand","embeddable":true,"href":"https:\/\/comixburo.com\/en\/wp-json\/wp\/v2\/product_brand?post=18611"},{"taxonomy":"product_cat","embeddable":true,"href":"https:\/\/comixburo.com\/en\/wp-json\/wp\/v2\/product_cat?post=18611"},{"taxonomy":"product_tag","embeddable":true,"href":"https:\/\/comixburo.com\/en\/wp-json\/wp\/v2\/product_tag?post=18611"}],"curies":[{"name":"wp","href":"https:\/\/api.w.org\/{rel}","templated":true}]}}