{"id":18620,"date":"2025-03-27T11:03:50","date_gmt":"2025-03-27T10:03:50","guid":{"rendered":"https:\/\/comixburo.com\/?post_type=product&#038;p=18620"},"modified":"2025-05-02T11:28:09","modified_gmt":"2025-05-02T09:28:09","slug":"affiche-yslaire-le-caveau-des-sambres","status":"publish","type":"product","link":"https:\/\/comixburo.com\/en\/product\/affiche-yslaire-le-caveau-des-sambres\/","title":{"rendered":"Affiche Yslaire \u2013 Le Caveau des Sambres"},"content":{"rendered":"<h1><strong>Affiche Yslaire \u2013 Le Caveau des Sambres \u2013 Yslaire<\/strong><\/h1>\n<p><strong>Affiche Yslaire \u2013 Le Caveau des Sambres<\/strong><\/p>\n<p>Auteur : Yslaire<br \/>\n\u00c9diteur : Galerie Champaka<br \/>\nFormat : 60 x 80 cm<br \/>\n\u00c9dit\u00e9e \u00e0 500 exemplaires sur papier couch\u00e9 mat 300g. Laqu\u00e9.<\/p>\n<p>***<br \/>\nJe t\u2019en prie\u2026 Sois tendre et ne nous d\u00e9\u00e7ois pas\u2026 Je fermerai les yeux si tu m\u2019entrouvres ton \u00e2me. Mon c\u0153ur n\u2019a pas de paupi\u00e8re, lui\u2026 \u00bb (Julie Saintange, 1847)<br \/>\nTel est le texte, discret, quasi ton sur ton, du bas de l\u2019image. La collection \u00ab L\u00e9gendes d\u2019Yslaire \u00bb accueille des images li\u00e9es aux multiples univers de l\u2019artiste. Texte (discret) et image (puissante) sont \u00e0 nouveau li\u00e9s dans un nouvel \u00e9quilibre qui renforce l\u2019imagerie de ce g\u00e9ant de la bande dessin\u00e9e.<\/p>","protected":false},"excerpt":{"rendered":"<p>Affiche Yslaire \u2013 Le Caveau des Sambres \u2013 Yslaire Affiche Yslaire \u2013 Le Caveau des Sambres Auteur : Yslaire \u00c9diteur<\/p>","protected":false},"featured_media":18621,"comment_status":"open","ping_status":"closed","template":"","meta":[],"product_brand":[],"product_cat":[96,93],"product_tag":[],"class_list":{"0":"post-18620","1":"product","2":"type-product","3":"status-publish","4":"has-post-thumbnail","6":"product_cat-affiches","7":"product_cat-tous","9":"first","10":"instock","11":"sale","12":"taxable","13":"shipping-taxable","14":"purchasable","15":"product-type-simple"},"yoast_head":"<!-- This site is optimized with the Yoast SEO plugin v26.9 - https:\/\/yoast.com\/product\/yoast-seo-wordpress\/ -->\n<title>Affiche Yslaire \u2013 Le Caveau des Sambres - comixburo.com<\/title>\n<meta name=\"description\" content=\"Affiche Yslaire - Le Caveau des Sambres. Arbook Livres drawing book recueil Dessins Comix Buro carnets de croquis des meilleurs artistes\" \/>\n<meta name=\"robots\" content=\"index, follow, max-snippet:-1, max-image-preview:large, max-video-preview:-1\" \/>\n<link rel=\"canonical\" href=\"https:\/\/comixburo.com\/en\/product\/affiche-yslaire-le-caveau-des-sambres\/\" \/>\n<meta property=\"og:locale\" content=\"en_GB\" \/>\n<meta property=\"og:type\" content=\"article\" \/>\n<meta property=\"og:title\" content=\"Affiche Yslaire \u2013 Le Caveau des Sambres - comixburo.com\" \/>\n<meta property=\"og:description\" content=\"Affiche Yslaire - Le Caveau des Sambres. Arbook Livres drawing book recueil Dessins Comix Buro carnets de croquis des meilleurs artistes\" \/>\n<meta property=\"og:url\" content=\"https:\/\/comixburo.com\/en\/product\/affiche-yslaire-le-caveau-des-sambres\/\" \/>\n<meta property=\"og:site_name\" content=\"comixburo.com\" \/>\n<meta property=\"article:publisher\" content=\"https:\/\/www.facebook.com\/comixburo\" \/>\n<meta property=\"article:modified_time\" content=\"2025-05-02T09:28:09+00:00\" \/>\n<meta property=\"og:image\" content=\"https:\/\/comixburo.com\/wp-content\/uploads\/2025\/03\/CH017-affiche-Yslaire-\u2013-Le-Caveau-des-Sambres.webp\" \/>\n\t<meta property=\"og:image:width\" content=\"590\" \/>\n\t<meta property=\"og:image:height\" content=\"820\" \/>\n\t<meta property=\"og:image:type\" content=\"image\/webp\" \/>\n<meta name=\"twitter:card\" content=\"summary_large_image\" \/>\n<meta name=\"twitter:label1\" content=\"Estimated reading time\" \/>\n\t<meta name=\"twitter:data1\" content=\"1 minute\" \/>\n<script type=\"application\/ld+json\" class=\"yoast-schema-graph\">{\"@context\":\"https:\/\/schema.org\",\"@graph\":[{\"@type\":\"WebPage\",\"@id\":\"https:\/\/comixburo.com\/produit\/affiche-yslaire-le-caveau-des-sambres\/\",\"url\":\"https:\/\/comixburo.com\/produit\/affiche-yslaire-le-caveau-des-sambres\/\",\"name\":\"Affiche Yslaire \u2013 Le Caveau des Sambres - comixburo.com\",\"isPartOf\":{\"@id\":\"https:\/\/comixburo.com\/#website\"},\"primaryImageOfPage\":{\"@id\":\"https:\/\/comixburo.com\/produit\/affiche-yslaire-le-caveau-des-sambres\/#primaryimage\"},\"image\":{\"@id\":\"https:\/\/comixburo.com\/produit\/affiche-yslaire-le-caveau-des-sambres\/#primaryimage\"},\"thumbnailUrl\":\"https:\/\/comixburo.com\/wp-content\/uploads\/2025\/03\/CH017-affiche-Yslaire-\u2013-Le-Caveau-des-Sambres.webp\",\"datePublished\":\"2025-03-27T10:03:50+00:00\",\"dateModified\":\"2025-05-02T09:28:09+00:00\",\"description\":\"Affiche Yslaire - Le Caveau des Sambres. Arbook Livres drawing book recueil Dessins Comix Buro carnets de croquis des meilleurs artistes\",\"breadcrumb\":{\"@id\":\"https:\/\/comixburo.com\/produit\/affiche-yslaire-le-caveau-des-sambres\/#breadcrumb\"},\"inLanguage\":\"en-GB\",\"potentialAction\":[{\"@type\":\"ReadAction\",\"target\":[\"https:\/\/comixburo.com\/produit\/affiche-yslaire-le-caveau-des-sambres\/\"]}]},{\"@type\":\"ImageObject\",\"inLanguage\":\"en-GB\",\"@id\":\"https:\/\/comixburo.com\/produit\/affiche-yslaire-le-caveau-des-sambres\/#primaryimage\",\"url\":\"https:\/\/comixburo.com\/wp-content\/uploads\/2025\/03\/CH017-affiche-Yslaire-\u2013-Le-Caveau-des-Sambres.webp\",\"contentUrl\":\"https:\/\/comixburo.com\/wp-content\/uploads\/2025\/03\/CH017-affiche-Yslaire-\u2013-Le-Caveau-des-Sambres.webp\",\"width\":590,\"height\":820,\"caption\":\"Affiche Yslaire \u2013 Le Caveau des Sambres \u2013 Yslaire\"},{\"@type\":\"BreadcrumbList\",\"@id\":\"https:\/\/comixburo.com\/produit\/affiche-yslaire-le-caveau-des-sambres\/#breadcrumb\",\"itemListElement\":[{\"@type\":\"ListItem\",\"position\":1,\"name\":\"Home\",\"item\":\"https:\/\/comixburo.com\/\"},{\"@type\":\"ListItem\",\"position\":2,\"name\":\"La boutique Comix Buro\",\"item\":\"https:\/\/comixburo.com\/la-boutique-comix-buro\/\"},{\"@type\":\"ListItem\",\"position\":3,\"name\":\"Affiche Yslaire \u2013 Le Caveau des Sambres\"}]},{\"@type\":\"WebSite\",\"@id\":\"https:\/\/comixburo.com\/#website\",\"url\":\"https:\/\/comixburo.com\/\",\"name\":\"comixburo.com\",\"description\":\"Cr\u00e9ateur de projets : Sketchbook d&#039;artistes !\",\"publisher\":{\"@id\":\"https:\/\/comixburo.com\/#organization\"},\"alternateName\":\"Comix Buro\",\"potentialAction\":[{\"@type\":\"SearchAction\",\"target\":{\"@type\":\"EntryPoint\",\"urlTemplate\":\"https:\/\/comixburo.com\/?s={search_term_string}\"},\"query-input\":{\"@type\":\"PropertyValueSpecification\",\"valueRequired\":true,\"valueName\":\"search_term_string\"}}],\"inLanguage\":\"en-GB\"},{\"@type\":\"Organization\",\"@id\":\"https:\/\/comixburo.com\/#organization\",\"name\":\"comixburo.com\",\"url\":\"https:\/\/comixburo.com\/\",\"logo\":{\"@type\":\"ImageObject\",\"inLanguage\":\"en-GB\",\"@id\":\"https:\/\/comixburo.com\/#\/schema\/logo\/image\/\",\"url\":\"https:\/\/comixburo.com\/wp-content\/uploads\/2025\/04\/logo-cxb-ROND.webp\",\"contentUrl\":\"https:\/\/comixburo.com\/wp-content\/uploads\/2025\/04\/logo-cxb-ROND.webp\",\"width\":200,\"height\":200,\"caption\":\"comixburo.com\"},\"image\":{\"@id\":\"https:\/\/comixburo.com\/#\/schema\/logo\/image\/\"},\"sameAs\":[\"https:\/\/www.facebook.com\/comixburo\",\"https:\/\/www.instagram.com\/comixburo\/\"]}]}<\/script>\n<!-- \/ Yoast SEO plugin. -->","yoast_head_json":{"title":"Affiche Yslaire \u2013 Le Caveau des Sambres - comixburo.com","description":"Affiche Yslaire - Le Caveau des Sambres. Arbook Livres drawing book recueil Dessins Comix Buro carnets de croquis des meilleurs artistes","robots":{"index":"index","follow":"follow","max-snippet":"max-snippet:-1","max-image-preview":"max-image-preview:large","max-video-preview":"max-video-preview:-1"},"canonical":"https:\/\/comixburo.com\/en\/product\/affiche-yslaire-le-caveau-des-sambres\/","og_locale":"en_GB","og_type":"article","og_title":"Affiche Yslaire \u2013 Le Caveau des Sambres - comixburo.com","og_description":"Affiche Yslaire - Le Caveau des Sambres. Arbook Livres drawing book recueil Dessins Comix Buro carnets de croquis des meilleurs artistes","og_url":"https:\/\/comixburo.com\/en\/product\/affiche-yslaire-le-caveau-des-sambres\/","og_site_name":"comixburo.com","article_publisher":"https:\/\/www.facebook.com\/comixburo","article_modified_time":"2025-05-02T09:28:09+00:00","og_image":[{"width":590,"height":820,"url":"https:\/\/comixburo.com\/wp-content\/uploads\/2025\/03\/CH017-affiche-Yslaire-\u2013-Le-Caveau-des-Sambres.webp","type":"image\/webp"}],"twitter_card":"summary_large_image","twitter_misc":{"Estimated reading time":"1 minute"},"schema":{"@context":"https:\/\/schema.org","@graph":[{"@type":"WebPage","@id":"https:\/\/comixburo.com\/produit\/affiche-yslaire-le-caveau-des-sambres\/","url":"https:\/\/comixburo.com\/produit\/affiche-yslaire-le-caveau-des-sambres\/","name":"Affiche Yslaire \u2013 Le Caveau des Sambres - comixburo.com","isPartOf":{"@id":"https:\/\/comixburo.com\/#website"},"primaryImageOfPage":{"@id":"https:\/\/comixburo.com\/produit\/affiche-yslaire-le-caveau-des-sambres\/#primaryimage"},"image":{"@id":"https:\/\/comixburo.com\/produit\/affiche-yslaire-le-caveau-des-sambres\/#primaryimage"},"thumbnailUrl":"https:\/\/comixburo.com\/wp-content\/uploads\/2025\/03\/CH017-affiche-Yslaire-\u2013-Le-Caveau-des-Sambres.webp","datePublished":"2025-03-27T10:03:50+00:00","dateModified":"2025-05-02T09:28:09+00:00","description":"Affiche Yslaire - Le Caveau des Sambres. Arbook Livres drawing book recueil Dessins Comix Buro carnets de croquis des meilleurs artistes","breadcrumb":{"@id":"https:\/\/comixburo.com\/produit\/affiche-yslaire-le-caveau-des-sambres\/#breadcrumb"},"inLanguage":"en-GB","potentialAction":[{"@type":"ReadAction","target":["https:\/\/comixburo.com\/produit\/affiche-yslaire-le-caveau-des-sambres\/"]}]},{"@type":"ImageObject","inLanguage":"en-GB","@id":"https:\/\/comixburo.com\/produit\/affiche-yslaire-le-caveau-des-sambres\/#primaryimage","url":"https:\/\/comixburo.com\/wp-content\/uploads\/2025\/03\/CH017-affiche-Yslaire-\u2013-Le-Caveau-des-Sambres.webp","contentUrl":"https:\/\/comixburo.com\/wp-content\/uploads\/2025\/03\/CH017-affiche-Yslaire-\u2013-Le-Caveau-des-Sambres.webp","width":590,"height":820,"caption":"Affiche Yslaire \u2013 Le Caveau des Sambres \u2013 Yslaire"},{"@type":"BreadcrumbList","@id":"https:\/\/comixburo.com\/produit\/affiche-yslaire-le-caveau-des-sambres\/#breadcrumb","itemListElement":[{"@type":"ListItem","position":1,"name":"Home","item":"https:\/\/comixburo.com\/"},{"@type":"ListItem","position":2,"name":"La boutique Comix Buro","item":"https:\/\/comixburo.com\/la-boutique-comix-buro\/"},{"@type":"ListItem","position":3,"name":"Affiche Yslaire \u2013 Le Caveau des Sambres"}]},{"@type":"WebSite","@id":"https:\/\/comixburo.com\/#website","url":"https:\/\/comixburo.com\/","name":"comixburo.com","description":"Cr\u00e9ateur de projets : Sketchbook d&#039;artistes !","publisher":{"@id":"https:\/\/comixburo.com\/#organization"},"alternateName":"Comix Buro","potentialAction":[{"@type":"SearchAction","target":{"@type":"EntryPoint","urlTemplate":"https:\/\/comixburo.com\/?s={search_term_string}"},"query-input":{"@type":"PropertyValueSpecification","valueRequired":true,"valueName":"search_term_string"}}],"inLanguage":"en-GB"},{"@type":"Organization","@id":"https:\/\/comixburo.com\/#organization","name":"comixburo.com","url":"https:\/\/comixburo.com\/","logo":{"@type":"ImageObject","inLanguage":"en-GB","@id":"https:\/\/comixburo.com\/#\/schema\/logo\/image\/","url":"https:\/\/comixburo.com\/wp-content\/uploads\/2025\/04\/logo-cxb-ROND.webp","contentUrl":"https:\/\/comixburo.com\/wp-content\/uploads\/2025\/04\/logo-cxb-ROND.webp","width":200,"height":200,"caption":"comixburo.com"},"image":{"@id":"https:\/\/comixburo.com\/#\/schema\/logo\/image\/"},"sameAs":["https:\/\/www.facebook.com\/comixburo","https:\/\/www.instagram.com\/comixburo\/"]}]}},"jetpack_sharing_enabled":true,"_links":{"self":[{"href":"https:\/\/comixburo.com\/en\/wp-json\/wp\/v2\/product\/18620","targetHints":{"allow":["GET"]}}],"collection":[{"href":"https:\/\/comixburo.com\/en\/wp-json\/wp\/v2\/product"}],"about":[{"href":"https:\/\/comixburo.com\/en\/wp-json\/wp\/v2\/types\/product"}],"replies":[{"embeddable":true,"href":"https:\/\/comixburo.com\/en\/wp-json\/wp\/v2\/comments?post=18620"}],"version-history":[{"count":2,"href":"https:\/\/comixburo.com\/en\/wp-json\/wp\/v2\/product\/18620\/revisions"}],"predecessor-version":[{"id":20139,"href":"https:\/\/comixburo.com\/en\/wp-json\/wp\/v2\/product\/18620\/revisions\/20139"}],"wp:featuredmedia":[{"embeddable":true,"href":"https:\/\/comixburo.com\/en\/wp-json\/wp\/v2\/media\/18621"}],"wp:attachment":[{"href":"https:\/\/comixburo.com\/en\/wp-json\/wp\/v2\/media?parent=18620"}],"wp:term":[{"taxonomy":"product_brand","embeddable":true,"href":"https:\/\/comixburo.com\/en\/wp-json\/wp\/v2\/product_brand?post=18620"},{"taxonomy":"product_cat","embeddable":true,"href":"https:\/\/comixburo.com\/en\/wp-json\/wp\/v2\/product_cat?post=18620"},{"taxonomy":"product_tag","embeddable":true,"href":"https:\/\/comixburo.com\/en\/wp-json\/wp\/v2\/product_tag?post=18620"}],"curies":[{"name":"wp","href":"https:\/\/api.w.org\/{rel}","templated":true}]}}