{"id":18629,"date":"2025-03-27T11:10:33","date_gmt":"2025-03-27T10:10:33","guid":{"rendered":"https:\/\/comixburo.com\/?post_type=product&#038;p=18629"},"modified":"2025-05-01T19:59:16","modified_gmt":"2025-05-01T17:59:16","slug":"les-littles-petite-abeille-grande-image","status":"publish","type":"product","link":"https:\/\/comixburo.com\/en\/product\/les-littles-petite-abeille-grande-image\/","title":{"rendered":"Les Littles Varanda \u2013 Petite abeille (grande image)"},"content":{"rendered":"<p><strong>Les Littles \u2013 Petite abeille (grande image)<\/strong><\/p>\n<p>D\u2019apr\u00e8s l\u2019univers des Littles Animaux, par Alberto Varanda<br \/>\n\u00c9diteur : Comix Buro<br \/>\nFormat : 18 x 24 cm<br \/>\nPapier : Linvercote 350 gr, avec pelliculage brillant<\/p>\n<p>***<br \/>\nLe monde des Littles Animaux existe sous forme de cadres lamin\u00e9s (6 petits mod\u00e8les &amp; 3 grands mod\u00e8les), cartes postales (13 mod\u00e8les diff\u00e9rents formant une frise f\u00e9\u00e9rique et infinie), posters 30 x 40 cm (3 mod\u00e8les), grandes cartes 18 x 24 cm (6 mod\u00e8les), figurines\u00a0(3 mod\u00e8les) &amp; porte-cl\u00e9s\u00a0(3 mod\u00e8les).<\/p>","protected":false},"excerpt":{"rendered":"<p>Les Littles \u2013 Petite abeille (grande image) D\u2019apr\u00e8s l\u2019univers des Littles Animaux, par Alberto Varanda \u00c9diteur : Comix Buro Format<\/p>","protected":false},"featured_media":18630,"comment_status":"open","ping_status":"closed","template":"","meta":[],"product_brand":[],"product_cat":[96,93],"product_tag":[],"class_list":{"0":"post-18629","1":"product","2":"type-product","3":"status-publish","4":"has-post-thumbnail","6":"product_cat-affiches","7":"product_cat-tous","9":"first","10":"instock","11":"taxable","12":"shipping-taxable","13":"purchasable","14":"product-type-simple"},"yoast_head":"<!-- This site is optimized with the Yoast SEO plugin v26.9 - https:\/\/yoast.com\/product\/yoast-seo-wordpress\/ -->\n<title>Les Littles Varanda \u2013 Petite abeille (grande image) - comixburo.com<\/title>\n<meta name=\"description\" content=\"petit affiche litles animaux petite abeille alberto varanda artste affiche a mettre sous cadre standard ikea petit poulpe image dimensions 18x24\" \/>\n<meta name=\"robots\" content=\"index, follow, max-snippet:-1, max-image-preview:large, max-video-preview:-1\" \/>\n<link rel=\"canonical\" href=\"https:\/\/comixburo.com\/en\/product\/les-littles-petite-abeille-grande-image\/\" \/>\n<meta property=\"og:locale\" content=\"en_GB\" \/>\n<meta property=\"og:type\" content=\"article\" \/>\n<meta property=\"og:title\" content=\"Les Littles Varanda \u2013 Petite abeille (grande image) - comixburo.com\" \/>\n<meta property=\"og:description\" content=\"petit affiche litles animaux petite abeille alberto varanda artste affiche a mettre sous cadre standard ikea petit poulpe image dimensions 18x24\" \/>\n<meta property=\"og:url\" content=\"https:\/\/comixburo.com\/en\/product\/les-littles-petite-abeille-grande-image\/\" \/>\n<meta property=\"og:site_name\" content=\"comixburo.com\" \/>\n<meta property=\"article:publisher\" content=\"https:\/\/www.facebook.com\/comixburo\" \/>\n<meta property=\"article:modified_time\" content=\"2025-05-01T17:59:16+00:00\" \/>\n<meta property=\"og:image\" content=\"https:\/\/comixburo.com\/wp-content\/uploads\/2025\/03\/AVAR008-affiche-Les-Littles-\u2013-Poster-petite-abeille.webp\" \/>\n\t<meta property=\"og:image:width\" content=\"590\" \/>\n\t<meta property=\"og:image:height\" content=\"820\" \/>\n\t<meta property=\"og:image:type\" content=\"image\/webp\" \/>\n<meta name=\"twitter:card\" content=\"summary_large_image\" \/>\n<meta name=\"twitter:label1\" content=\"Estimated reading time\" \/>\n\t<meta name=\"twitter:data1\" content=\"1 minute\" \/>\n<script type=\"application\/ld+json\" class=\"yoast-schema-graph\">{\"@context\":\"https:\/\/schema.org\",\"@graph\":[{\"@type\":\"WebPage\",\"@id\":\"https:\/\/comixburo.com\/produit\/les-littles-petite-abeille-grande-image\/\",\"url\":\"https:\/\/comixburo.com\/produit\/les-littles-petite-abeille-grande-image\/\",\"name\":\"Les Littles Varanda \u2013 Petite abeille (grande image) - comixburo.com\",\"isPartOf\":{\"@id\":\"https:\/\/comixburo.com\/#website\"},\"primaryImageOfPage\":{\"@id\":\"https:\/\/comixburo.com\/produit\/les-littles-petite-abeille-grande-image\/#primaryimage\"},\"image\":{\"@id\":\"https:\/\/comixburo.com\/produit\/les-littles-petite-abeille-grande-image\/#primaryimage\"},\"thumbnailUrl\":\"https:\/\/comixburo.com\/wp-content\/uploads\/2025\/03\/AVAR008-affiche-Les-Littles-\u2013-Poster-petite-abeille.webp\",\"datePublished\":\"2025-03-27T10:10:33+00:00\",\"dateModified\":\"2025-05-01T17:59:16+00:00\",\"description\":\"petit affiche litles animaux petite abeille alberto varanda artste affiche a mettre sous cadre standard ikea petit poulpe image dimensions 18x24\",\"breadcrumb\":{\"@id\":\"https:\/\/comixburo.com\/produit\/les-littles-petite-abeille-grande-image\/#breadcrumb\"},\"inLanguage\":\"en-GB\",\"potentialAction\":[{\"@type\":\"ReadAction\",\"target\":[\"https:\/\/comixburo.com\/produit\/les-littles-petite-abeille-grande-image\/\"]}]},{\"@type\":\"ImageObject\",\"inLanguage\":\"en-GB\",\"@id\":\"https:\/\/comixburo.com\/produit\/les-littles-petite-abeille-grande-image\/#primaryimage\",\"url\":\"https:\/\/comixburo.com\/wp-content\/uploads\/2025\/03\/AVAR008-affiche-Les-Littles-\u2013-Poster-petite-abeille.webp\",\"contentUrl\":\"https:\/\/comixburo.com\/wp-content\/uploads\/2025\/03\/AVAR008-affiche-Les-Littles-\u2013-Poster-petite-abeille.webp\",\"width\":590,\"height\":820,\"caption\":\"Les Littles Varanda \u2013 Petite abeille (grande image)\"},{\"@type\":\"BreadcrumbList\",\"@id\":\"https:\/\/comixburo.com\/produit\/les-littles-petite-abeille-grande-image\/#breadcrumb\",\"itemListElement\":[{\"@type\":\"ListItem\",\"position\":1,\"name\":\"Home\",\"item\":\"https:\/\/comixburo.com\/\"},{\"@type\":\"ListItem\",\"position\":2,\"name\":\"La boutique Comix Buro\",\"item\":\"https:\/\/comixburo.com\/la-boutique-comix-buro\/\"},{\"@type\":\"ListItem\",\"position\":3,\"name\":\"Les Littles Varanda \u2013 Petite abeille (grande image)\"}]},{\"@type\":\"WebSite\",\"@id\":\"https:\/\/comixburo.com\/#website\",\"url\":\"https:\/\/comixburo.com\/\",\"name\":\"comixburo.com\",\"description\":\"Cr\u00e9ateur de projets : Sketchbook d&#039;artistes !\",\"publisher\":{\"@id\":\"https:\/\/comixburo.com\/#organization\"},\"alternateName\":\"Comix Buro\",\"potentialAction\":[{\"@type\":\"SearchAction\",\"target\":{\"@type\":\"EntryPoint\",\"urlTemplate\":\"https:\/\/comixburo.com\/?s={search_term_string}\"},\"query-input\":{\"@type\":\"PropertyValueSpecification\",\"valueRequired\":true,\"valueName\":\"search_term_string\"}}],\"inLanguage\":\"en-GB\"},{\"@type\":\"Organization\",\"@id\":\"https:\/\/comixburo.com\/#organization\",\"name\":\"comixburo.com\",\"url\":\"https:\/\/comixburo.com\/\",\"logo\":{\"@type\":\"ImageObject\",\"inLanguage\":\"en-GB\",\"@id\":\"https:\/\/comixburo.com\/#\/schema\/logo\/image\/\",\"url\":\"https:\/\/comixburo.com\/wp-content\/uploads\/2025\/04\/logo-cxb-ROND.webp\",\"contentUrl\":\"https:\/\/comixburo.com\/wp-content\/uploads\/2025\/04\/logo-cxb-ROND.webp\",\"width\":200,\"height\":200,\"caption\":\"comixburo.com\"},\"image\":{\"@id\":\"https:\/\/comixburo.com\/#\/schema\/logo\/image\/\"},\"sameAs\":[\"https:\/\/www.facebook.com\/comixburo\",\"https:\/\/www.instagram.com\/comixburo\/\"]}]}<\/script>\n<!-- \/ Yoast SEO plugin. -->","yoast_head_json":{"title":"Les Littles Varanda \u2013 Petite abeille (grande image) - comixburo.com","description":"petit affiche litles animaux petite abeille alberto varanda artste affiche a mettre sous cadre standard ikea petit poulpe image dimensions 18x24","robots":{"index":"index","follow":"follow","max-snippet":"max-snippet:-1","max-image-preview":"max-image-preview:large","max-video-preview":"max-video-preview:-1"},"canonical":"https:\/\/comixburo.com\/en\/product\/les-littles-petite-abeille-grande-image\/","og_locale":"en_GB","og_type":"article","og_title":"Les Littles Varanda \u2013 Petite abeille (grande image) - comixburo.com","og_description":"petit affiche litles animaux petite abeille alberto varanda artste affiche a mettre sous cadre standard ikea petit poulpe image dimensions 18x24","og_url":"https:\/\/comixburo.com\/en\/product\/les-littles-petite-abeille-grande-image\/","og_site_name":"comixburo.com","article_publisher":"https:\/\/www.facebook.com\/comixburo","article_modified_time":"2025-05-01T17:59:16+00:00","og_image":[{"width":590,"height":820,"url":"https:\/\/comixburo.com\/wp-content\/uploads\/2025\/03\/AVAR008-affiche-Les-Littles-\u2013-Poster-petite-abeille.webp","type":"image\/webp"}],"twitter_card":"summary_large_image","twitter_misc":{"Estimated reading time":"1 minute"},"schema":{"@context":"https:\/\/schema.org","@graph":[{"@type":"WebPage","@id":"https:\/\/comixburo.com\/produit\/les-littles-petite-abeille-grande-image\/","url":"https:\/\/comixburo.com\/produit\/les-littles-petite-abeille-grande-image\/","name":"Les Littles Varanda \u2013 Petite abeille (grande image) - comixburo.com","isPartOf":{"@id":"https:\/\/comixburo.com\/#website"},"primaryImageOfPage":{"@id":"https:\/\/comixburo.com\/produit\/les-littles-petite-abeille-grande-image\/#primaryimage"},"image":{"@id":"https:\/\/comixburo.com\/produit\/les-littles-petite-abeille-grande-image\/#primaryimage"},"thumbnailUrl":"https:\/\/comixburo.com\/wp-content\/uploads\/2025\/03\/AVAR008-affiche-Les-Littles-\u2013-Poster-petite-abeille.webp","datePublished":"2025-03-27T10:10:33+00:00","dateModified":"2025-05-01T17:59:16+00:00","description":"petit affiche litles animaux petite abeille alberto varanda artste affiche a mettre sous cadre standard ikea petit poulpe image dimensions 18x24","breadcrumb":{"@id":"https:\/\/comixburo.com\/produit\/les-littles-petite-abeille-grande-image\/#breadcrumb"},"inLanguage":"en-GB","potentialAction":[{"@type":"ReadAction","target":["https:\/\/comixburo.com\/produit\/les-littles-petite-abeille-grande-image\/"]}]},{"@type":"ImageObject","inLanguage":"en-GB","@id":"https:\/\/comixburo.com\/produit\/les-littles-petite-abeille-grande-image\/#primaryimage","url":"https:\/\/comixburo.com\/wp-content\/uploads\/2025\/03\/AVAR008-affiche-Les-Littles-\u2013-Poster-petite-abeille.webp","contentUrl":"https:\/\/comixburo.com\/wp-content\/uploads\/2025\/03\/AVAR008-affiche-Les-Littles-\u2013-Poster-petite-abeille.webp","width":590,"height":820,"caption":"Les Littles Varanda \u2013 Petite abeille (grande image)"},{"@type":"BreadcrumbList","@id":"https:\/\/comixburo.com\/produit\/les-littles-petite-abeille-grande-image\/#breadcrumb","itemListElement":[{"@type":"ListItem","position":1,"name":"Home","item":"https:\/\/comixburo.com\/"},{"@type":"ListItem","position":2,"name":"La boutique Comix Buro","item":"https:\/\/comixburo.com\/la-boutique-comix-buro\/"},{"@type":"ListItem","position":3,"name":"Les Littles Varanda \u2013 Petite abeille (grande image)"}]},{"@type":"WebSite","@id":"https:\/\/comixburo.com\/#website","url":"https:\/\/comixburo.com\/","name":"comixburo.com","description":"Cr\u00e9ateur de projets : Sketchbook d&#039;artistes !","publisher":{"@id":"https:\/\/comixburo.com\/#organization"},"alternateName":"Comix Buro","potentialAction":[{"@type":"SearchAction","target":{"@type":"EntryPoint","urlTemplate":"https:\/\/comixburo.com\/?s={search_term_string}"},"query-input":{"@type":"PropertyValueSpecification","valueRequired":true,"valueName":"search_term_string"}}],"inLanguage":"en-GB"},{"@type":"Organization","@id":"https:\/\/comixburo.com\/#organization","name":"comixburo.com","url":"https:\/\/comixburo.com\/","logo":{"@type":"ImageObject","inLanguage":"en-GB","@id":"https:\/\/comixburo.com\/#\/schema\/logo\/image\/","url":"https:\/\/comixburo.com\/wp-content\/uploads\/2025\/04\/logo-cxb-ROND.webp","contentUrl":"https:\/\/comixburo.com\/wp-content\/uploads\/2025\/04\/logo-cxb-ROND.webp","width":200,"height":200,"caption":"comixburo.com"},"image":{"@id":"https:\/\/comixburo.com\/#\/schema\/logo\/image\/"},"sameAs":["https:\/\/www.facebook.com\/comixburo","https:\/\/www.instagram.com\/comixburo\/"]}]}},"jetpack_sharing_enabled":true,"_links":{"self":[{"href":"https:\/\/comixburo.com\/en\/wp-json\/wp\/v2\/product\/18629","targetHints":{"allow":["GET"]}}],"collection":[{"href":"https:\/\/comixburo.com\/en\/wp-json\/wp\/v2\/product"}],"about":[{"href":"https:\/\/comixburo.com\/en\/wp-json\/wp\/v2\/types\/product"}],"replies":[{"embeddable":true,"href":"https:\/\/comixburo.com\/en\/wp-json\/wp\/v2\/comments?post=18629"}],"version-history":[{"count":2,"href":"https:\/\/comixburo.com\/en\/wp-json\/wp\/v2\/product\/18629\/revisions"}],"predecessor-version":[{"id":20107,"href":"https:\/\/comixburo.com\/en\/wp-json\/wp\/v2\/product\/18629\/revisions\/20107"}],"wp:featuredmedia":[{"embeddable":true,"href":"https:\/\/comixburo.com\/en\/wp-json\/wp\/v2\/media\/18630"}],"wp:attachment":[{"href":"https:\/\/comixburo.com\/en\/wp-json\/wp\/v2\/media?parent=18629"}],"wp:term":[{"taxonomy":"product_brand","embeddable":true,"href":"https:\/\/comixburo.com\/en\/wp-json\/wp\/v2\/product_brand?post=18629"},{"taxonomy":"product_cat","embeddable":true,"href":"https:\/\/comixburo.com\/en\/wp-json\/wp\/v2\/product_cat?post=18629"},{"taxonomy":"product_tag","embeddable":true,"href":"https:\/\/comixburo.com\/en\/wp-json\/wp\/v2\/product_tag?post=18629"}],"curies":[{"name":"wp","href":"https:\/\/api.w.org\/{rel}","templated":true}]}}