{"id":18648,"date":"2025-03-27T11:24:52","date_gmt":"2025-03-27T10:24:52","guid":{"rendered":"https:\/\/comixburo.com\/?post_type=product&#038;p=18648"},"modified":"2025-05-01T19:53:11","modified_gmt":"2025-05-01T17:53:11","slug":"affiche-labrosse-morea-aventuriere","status":"publish","type":"product","link":"https:\/\/comixburo.com\/en\/product\/affiche-labrosse-morea-aventuriere\/","title":{"rendered":"Affiche Thierry Labrosse Labrosse \u2013 Mor\u00e9a aventuri\u00e8re"},"content":{"rendered":"<h3><strong>Affiche \u2013 Mor\u00e9a aventuri\u00e8re \u2013 Thierry Labrosse<\/strong><\/h3>\n<p><strong>Affiche Labrosse \u2013 Mor\u00e9a aventuri\u00e8re<\/strong><\/p>\n<p>Auteur : Thierry Labrosse<br \/>\nFormat : 30 x 40 cm<br \/>\n\u00c9dit\u00e9e \u00e0 50 exemplaires num\u00e9rot\u00e9s et sign\u00e9s par l\u2019artiste.<br \/>\nPapier : Chiffon<br \/>\nImpression : offset num\u00e9rique<\/p>\n<p>***<br \/>\nThierry Labrosse est auteur BD, illustrateur et peintre. Il d\u00e9bute sa carri\u00e8re d\u2019illustrateur \u00e0 l\u2019a\u0302ge de 19 ans en dessinant un agenda d\u2019\u00e9coliers pour la mythique s\u00e9rie t\u00e9l\u00e9vis\u00e9e \u00ab\u00a0Goldorak\u00a0\u00bb. Ses premi\u00e8res armes il les fait \u00e0 la fin des ann\u00e9es 80 en publicit\u00e9, se sp\u00e9cialisant tout particuli\u00e8rement en maquettes de pr\u00e9sentation et storyboards couleur. Ce travail servait \u00e0 vendre les concepts de campagnes publicitaires aux grands d\u00e9cideurs d\u2019entreprises. Assez rapidement il se taille une place de choix dans ce domaine, attirant les plus grandes agences de Montr\u00e9al \u00e0 faire appel \u00e0 ses services.<\/p>","protected":false},"excerpt":{"rendered":"<p>Affiche \u2013 Mor\u00e9a aventuri\u00e8re \u2013 Thierry Labrosse Affiche Labrosse \u2013 Mor\u00e9a aventuri\u00e8re Auteur : Thierry Labrosse Format : 30 x<\/p>","protected":false},"featured_media":18649,"comment_status":"open","ping_status":"closed","template":"","meta":[],"product_brand":[],"product_cat":[96,93],"product_tag":[],"class_list":{"0":"post-18648","1":"product","2":"type-product","3":"status-publish","4":"has-post-thumbnail","6":"product_cat-affiches","7":"product_cat-tous","9":"first","10":"instock","11":"sale","12":"taxable","13":"shipping-taxable","14":"purchasable","15":"product-type-simple"},"yoast_head":"<!-- This site is optimized with the Yoast SEO plugin v26.9 - https:\/\/yoast.com\/product\/yoast-seo-wordpress\/ -->\n<title>Affiche Thierry Labrosse Labrosse \u2013 Mor\u00e9a aventuri\u00e8re - comixburo.com<\/title>\n<meta name=\"description\" content=\"Affiche Labrosse - Mor\u00e9a aventuri\u00e8re Format : 30 x 40 cm. \u00c9dit\u00e9e \u00e0 50 exemplaires num\u00e9rot\u00e9s et sign\u00e9s par l\u2019artiste. Impression num\u00e9rique\" \/>\n<meta name=\"robots\" content=\"index, follow, max-snippet:-1, max-image-preview:large, max-video-preview:-1\" \/>\n<link rel=\"canonical\" href=\"https:\/\/comixburo.com\/en\/product\/affiche-labrosse-morea-aventuriere\/\" \/>\n<meta property=\"og:locale\" content=\"en_GB\" \/>\n<meta property=\"og:type\" content=\"article\" \/>\n<meta property=\"og:title\" content=\"Affiche Thierry Labrosse Labrosse \u2013 Mor\u00e9a aventuri\u00e8re - comixburo.com\" \/>\n<meta property=\"og:description\" content=\"Affiche Labrosse - Mor\u00e9a aventuri\u00e8re Format : 30 x 40 cm. \u00c9dit\u00e9e \u00e0 50 exemplaires num\u00e9rot\u00e9s et sign\u00e9s par l\u2019artiste. Impression num\u00e9rique\" \/>\n<meta property=\"og:url\" content=\"https:\/\/comixburo.com\/en\/product\/affiche-labrosse-morea-aventuriere\/\" \/>\n<meta property=\"og:site_name\" content=\"comixburo.com\" \/>\n<meta property=\"article:publisher\" content=\"https:\/\/www.facebook.com\/comixburo\" \/>\n<meta property=\"article:modified_time\" content=\"2025-05-01T17:53:11+00:00\" \/>\n<meta property=\"og:image\" content=\"https:\/\/comixburo.com\/wp-content\/uploads\/2025\/03\/GAL04-Labrosse-\u2013-Morea-aventuriere-comixburo.webp\" \/>\n\t<meta property=\"og:image:width\" content=\"590\" \/>\n\t<meta property=\"og:image:height\" content=\"820\" \/>\n\t<meta property=\"og:image:type\" content=\"image\/webp\" \/>\n<meta name=\"twitter:card\" content=\"summary_large_image\" \/>\n<meta name=\"twitter:label1\" content=\"Estimated reading time\" \/>\n\t<meta name=\"twitter:data1\" content=\"1 minute\" \/>\n<script type=\"application\/ld+json\" class=\"yoast-schema-graph\">{\"@context\":\"https:\/\/schema.org\",\"@graph\":[{\"@type\":\"WebPage\",\"@id\":\"https:\/\/comixburo.com\/produit\/affiche-labrosse-morea-aventuriere\/\",\"url\":\"https:\/\/comixburo.com\/produit\/affiche-labrosse-morea-aventuriere\/\",\"name\":\"Affiche Thierry Labrosse Labrosse \u2013 Mor\u00e9a aventuri\u00e8re - comixburo.com\",\"isPartOf\":{\"@id\":\"https:\/\/comixburo.com\/#website\"},\"primaryImageOfPage\":{\"@id\":\"https:\/\/comixburo.com\/produit\/affiche-labrosse-morea-aventuriere\/#primaryimage\"},\"image\":{\"@id\":\"https:\/\/comixburo.com\/produit\/affiche-labrosse-morea-aventuriere\/#primaryimage\"},\"thumbnailUrl\":\"https:\/\/comixburo.com\/wp-content\/uploads\/2025\/03\/GAL04-Labrosse-\u2013-Morea-aventuriere-comixburo.webp\",\"datePublished\":\"2025-03-27T10:24:52+00:00\",\"dateModified\":\"2025-05-01T17:53:11+00:00\",\"description\":\"Affiche Labrosse - Mor\u00e9a aventuri\u00e8re Format : 30 x 40 cm. \u00c9dit\u00e9e \u00e0 50 exemplaires num\u00e9rot\u00e9s et sign\u00e9s par l\u2019artiste. Impression num\u00e9rique\",\"breadcrumb\":{\"@id\":\"https:\/\/comixburo.com\/produit\/affiche-labrosse-morea-aventuriere\/#breadcrumb\"},\"inLanguage\":\"en-GB\",\"potentialAction\":[{\"@type\":\"ReadAction\",\"target\":[\"https:\/\/comixburo.com\/produit\/affiche-labrosse-morea-aventuriere\/\"]}]},{\"@type\":\"ImageObject\",\"inLanguage\":\"en-GB\",\"@id\":\"https:\/\/comixburo.com\/produit\/affiche-labrosse-morea-aventuriere\/#primaryimage\",\"url\":\"https:\/\/comixburo.com\/wp-content\/uploads\/2025\/03\/GAL04-Labrosse-\u2013-Morea-aventuriere-comixburo.webp\",\"contentUrl\":\"https:\/\/comixburo.com\/wp-content\/uploads\/2025\/03\/GAL04-Labrosse-\u2013-Morea-aventuriere-comixburo.webp\",\"width\":590,\"height\":820,\"caption\":\"Affiche Thierry Labrosse Labrosse \u2013 Mor\u00e9a aventuri\u00e8re\"},{\"@type\":\"BreadcrumbList\",\"@id\":\"https:\/\/comixburo.com\/produit\/affiche-labrosse-morea-aventuriere\/#breadcrumb\",\"itemListElement\":[{\"@type\":\"ListItem\",\"position\":1,\"name\":\"Home\",\"item\":\"https:\/\/comixburo.com\/\"},{\"@type\":\"ListItem\",\"position\":2,\"name\":\"La boutique Comix Buro\",\"item\":\"https:\/\/comixburo.com\/la-boutique-comix-buro\/\"},{\"@type\":\"ListItem\",\"position\":3,\"name\":\"Affiche Thierry Labrosse Labrosse \u2013 Mor\u00e9a aventuri\u00e8re\"}]},{\"@type\":\"WebSite\",\"@id\":\"https:\/\/comixburo.com\/#website\",\"url\":\"https:\/\/comixburo.com\/\",\"name\":\"comixburo.com\",\"description\":\"Cr\u00e9ateur de projets : Sketchbook d&#039;artistes !\",\"publisher\":{\"@id\":\"https:\/\/comixburo.com\/#organization\"},\"alternateName\":\"Comix Buro\",\"potentialAction\":[{\"@type\":\"SearchAction\",\"target\":{\"@type\":\"EntryPoint\",\"urlTemplate\":\"https:\/\/comixburo.com\/?s={search_term_string}\"},\"query-input\":{\"@type\":\"PropertyValueSpecification\",\"valueRequired\":true,\"valueName\":\"search_term_string\"}}],\"inLanguage\":\"en-GB\"},{\"@type\":\"Organization\",\"@id\":\"https:\/\/comixburo.com\/#organization\",\"name\":\"comixburo.com\",\"url\":\"https:\/\/comixburo.com\/\",\"logo\":{\"@type\":\"ImageObject\",\"inLanguage\":\"en-GB\",\"@id\":\"https:\/\/comixburo.com\/#\/schema\/logo\/image\/\",\"url\":\"https:\/\/comixburo.com\/wp-content\/uploads\/2025\/04\/logo-cxb-ROND.webp\",\"contentUrl\":\"https:\/\/comixburo.com\/wp-content\/uploads\/2025\/04\/logo-cxb-ROND.webp\",\"width\":200,\"height\":200,\"caption\":\"comixburo.com\"},\"image\":{\"@id\":\"https:\/\/comixburo.com\/#\/schema\/logo\/image\/\"},\"sameAs\":[\"https:\/\/www.facebook.com\/comixburo\",\"https:\/\/www.instagram.com\/comixburo\/\"]}]}<\/script>\n<!-- \/ Yoast SEO plugin. -->","yoast_head_json":{"title":"Affiche Thierry Labrosse Labrosse \u2013 Mor\u00e9a aventuri\u00e8re - comixburo.com","description":"Affiche Labrosse - Mor\u00e9a aventuri\u00e8re Format : 30 x 40 cm. \u00c9dit\u00e9e \u00e0 50 exemplaires num\u00e9rot\u00e9s et sign\u00e9s par l\u2019artiste. Impression num\u00e9rique","robots":{"index":"index","follow":"follow","max-snippet":"max-snippet:-1","max-image-preview":"max-image-preview:large","max-video-preview":"max-video-preview:-1"},"canonical":"https:\/\/comixburo.com\/en\/product\/affiche-labrosse-morea-aventuriere\/","og_locale":"en_GB","og_type":"article","og_title":"Affiche Thierry Labrosse Labrosse \u2013 Mor\u00e9a aventuri\u00e8re - comixburo.com","og_description":"Affiche Labrosse - Mor\u00e9a aventuri\u00e8re Format : 30 x 40 cm. \u00c9dit\u00e9e \u00e0 50 exemplaires num\u00e9rot\u00e9s et sign\u00e9s par l\u2019artiste. Impression num\u00e9rique","og_url":"https:\/\/comixburo.com\/en\/product\/affiche-labrosse-morea-aventuriere\/","og_site_name":"comixburo.com","article_publisher":"https:\/\/www.facebook.com\/comixburo","article_modified_time":"2025-05-01T17:53:11+00:00","og_image":[{"width":590,"height":820,"url":"https:\/\/comixburo.com\/wp-content\/uploads\/2025\/03\/GAL04-Labrosse-\u2013-Morea-aventuriere-comixburo.webp","type":"image\/webp"}],"twitter_card":"summary_large_image","twitter_misc":{"Estimated reading time":"1 minute"},"schema":{"@context":"https:\/\/schema.org","@graph":[{"@type":"WebPage","@id":"https:\/\/comixburo.com\/produit\/affiche-labrosse-morea-aventuriere\/","url":"https:\/\/comixburo.com\/produit\/affiche-labrosse-morea-aventuriere\/","name":"Affiche Thierry Labrosse Labrosse \u2013 Mor\u00e9a aventuri\u00e8re - comixburo.com","isPartOf":{"@id":"https:\/\/comixburo.com\/#website"},"primaryImageOfPage":{"@id":"https:\/\/comixburo.com\/produit\/affiche-labrosse-morea-aventuriere\/#primaryimage"},"image":{"@id":"https:\/\/comixburo.com\/produit\/affiche-labrosse-morea-aventuriere\/#primaryimage"},"thumbnailUrl":"https:\/\/comixburo.com\/wp-content\/uploads\/2025\/03\/GAL04-Labrosse-\u2013-Morea-aventuriere-comixburo.webp","datePublished":"2025-03-27T10:24:52+00:00","dateModified":"2025-05-01T17:53:11+00:00","description":"Affiche Labrosse - Mor\u00e9a aventuri\u00e8re Format : 30 x 40 cm. \u00c9dit\u00e9e \u00e0 50 exemplaires num\u00e9rot\u00e9s et sign\u00e9s par l\u2019artiste. Impression num\u00e9rique","breadcrumb":{"@id":"https:\/\/comixburo.com\/produit\/affiche-labrosse-morea-aventuriere\/#breadcrumb"},"inLanguage":"en-GB","potentialAction":[{"@type":"ReadAction","target":["https:\/\/comixburo.com\/produit\/affiche-labrosse-morea-aventuriere\/"]}]},{"@type":"ImageObject","inLanguage":"en-GB","@id":"https:\/\/comixburo.com\/produit\/affiche-labrosse-morea-aventuriere\/#primaryimage","url":"https:\/\/comixburo.com\/wp-content\/uploads\/2025\/03\/GAL04-Labrosse-\u2013-Morea-aventuriere-comixburo.webp","contentUrl":"https:\/\/comixburo.com\/wp-content\/uploads\/2025\/03\/GAL04-Labrosse-\u2013-Morea-aventuriere-comixburo.webp","width":590,"height":820,"caption":"Affiche Thierry Labrosse Labrosse \u2013 Mor\u00e9a aventuri\u00e8re"},{"@type":"BreadcrumbList","@id":"https:\/\/comixburo.com\/produit\/affiche-labrosse-morea-aventuriere\/#breadcrumb","itemListElement":[{"@type":"ListItem","position":1,"name":"Home","item":"https:\/\/comixburo.com\/"},{"@type":"ListItem","position":2,"name":"La boutique Comix Buro","item":"https:\/\/comixburo.com\/la-boutique-comix-buro\/"},{"@type":"ListItem","position":3,"name":"Affiche Thierry Labrosse Labrosse \u2013 Mor\u00e9a aventuri\u00e8re"}]},{"@type":"WebSite","@id":"https:\/\/comixburo.com\/#website","url":"https:\/\/comixburo.com\/","name":"comixburo.com","description":"Cr\u00e9ateur de projets : Sketchbook d&#039;artistes !","publisher":{"@id":"https:\/\/comixburo.com\/#organization"},"alternateName":"Comix Buro","potentialAction":[{"@type":"SearchAction","target":{"@type":"EntryPoint","urlTemplate":"https:\/\/comixburo.com\/?s={search_term_string}"},"query-input":{"@type":"PropertyValueSpecification","valueRequired":true,"valueName":"search_term_string"}}],"inLanguage":"en-GB"},{"@type":"Organization","@id":"https:\/\/comixburo.com\/#organization","name":"comixburo.com","url":"https:\/\/comixburo.com\/","logo":{"@type":"ImageObject","inLanguage":"en-GB","@id":"https:\/\/comixburo.com\/#\/schema\/logo\/image\/","url":"https:\/\/comixburo.com\/wp-content\/uploads\/2025\/04\/logo-cxb-ROND.webp","contentUrl":"https:\/\/comixburo.com\/wp-content\/uploads\/2025\/04\/logo-cxb-ROND.webp","width":200,"height":200,"caption":"comixburo.com"},"image":{"@id":"https:\/\/comixburo.com\/#\/schema\/logo\/image\/"},"sameAs":["https:\/\/www.facebook.com\/comixburo","https:\/\/www.instagram.com\/comixburo\/"]}]}},"jetpack_sharing_enabled":true,"_links":{"self":[{"href":"https:\/\/comixburo.com\/en\/wp-json\/wp\/v2\/product\/18648","targetHints":{"allow":["GET"]}}],"collection":[{"href":"https:\/\/comixburo.com\/en\/wp-json\/wp\/v2\/product"}],"about":[{"href":"https:\/\/comixburo.com\/en\/wp-json\/wp\/v2\/types\/product"}],"replies":[{"embeddable":true,"href":"https:\/\/comixburo.com\/en\/wp-json\/wp\/v2\/comments?post=18648"}],"version-history":[{"count":2,"href":"https:\/\/comixburo.com\/en\/wp-json\/wp\/v2\/product\/18648\/revisions"}],"predecessor-version":[{"id":20101,"href":"https:\/\/comixburo.com\/en\/wp-json\/wp\/v2\/product\/18648\/revisions\/20101"}],"wp:featuredmedia":[{"embeddable":true,"href":"https:\/\/comixburo.com\/en\/wp-json\/wp\/v2\/media\/18649"}],"wp:attachment":[{"href":"https:\/\/comixburo.com\/en\/wp-json\/wp\/v2\/media?parent=18648"}],"wp:term":[{"taxonomy":"product_brand","embeddable":true,"href":"https:\/\/comixburo.com\/en\/wp-json\/wp\/v2\/product_brand?post=18648"},{"taxonomy":"product_cat","embeddable":true,"href":"https:\/\/comixburo.com\/en\/wp-json\/wp\/v2\/product_cat?post=18648"},{"taxonomy":"product_tag","embeddable":true,"href":"https:\/\/comixburo.com\/en\/wp-json\/wp\/v2\/product_tag?post=18648"}],"curies":[{"name":"wp","href":"https:\/\/api.w.org\/{rel}","templated":true}]}}