{"id":18662,"date":"2025-03-27T14:38:35","date_gmt":"2025-03-27T13:38:35","guid":{"rendered":"https:\/\/comixburo.com\/?post_type=product&#038;p=18662"},"modified":"2026-02-02T17:14:06","modified_gmt":"2026-02-02T16:14:06","slug":"serigraphie-guarnido-le-plongeon-des-heros","status":"publish","type":"product","link":"https:\/\/comixburo.com\/en\/product\/serigraphie-guarnido-le-plongeon-des-heros\/","title":{"rendered":"S\u00e9rigraphie super h\u00e9ros-Juanjo Guarnido \u2013 Le Plongeon des h\u00e9ros"},"content":{"rendered":"<h1>S\u00e9rigraphie super h\u00e9ros &#8211; Juanjo Guarnido \u2013 Le Plongeon des h\u00e9ros<\/h1>\n<h2><strong>S\u00e9rigraphie Guarnido \u2013 Le Plongeon des h\u00e9ros<\/strong><\/h2>\n<p>Auteur : Juanjo Guarnido<br \/>\nFormat : 38 x 58 cm<br \/>\n\u00c9dit\u00e9e \u00e0 150 exemplaires num\u00e9rot\u00e9s et sign\u00e9s par l\u2019artiste.<\/p>\n<p>***<br \/>\nCe visuel a \u00e9t\u00e9 imagin\u00e9 par Guarnido \u00e0 l\u2019occasion du festival de la BD de Mandelieu en 2004. Il met en sc\u00e8ne plusieurs ic\u00f4nes de la BD pr\u00eats \u00e0 piquer une t\u00eate tous ensemble.<\/p>\n<p>***<br \/>\nLa\u00a0s\u00e9rigraphie est une technique d\u2019imprimerie qui utilise des pochoirs (\u00e0 l\u2019origine, des \u00e9crans de soie) interpos\u00e9s entre l\u2019encre et le support. Elle permet d\u2019obtenir \u00e0 chaque fois une impression unique selon la pression exerc\u00e9e et les encres employ\u00e9es.\u00a0Cette technique d\u2019impression garantit une couleur intense qui dure dans le temps, des graphismes tr\u00e8s d\u00e9taill\u00e9s et une bonne opacit\u00e9.<\/p>","protected":false},"excerpt":{"rendered":"<p>S\u00e9rigraphie super h\u00e9ros &#8211; Juanjo Guarnido \u2013 Le Plongeon des h\u00e9ros S\u00e9rigraphie Guarnido \u2013 Le Plongeon des h\u00e9ros Auteur :<\/p>","protected":false},"featured_media":18663,"comment_status":"open","ping_status":"closed","template":"","meta":[],"product_brand":[],"product_cat":[96,93],"product_tag":[],"class_list":{"0":"post-18662","1":"product","2":"type-product","3":"status-publish","4":"has-post-thumbnail","6":"product_cat-affiches","7":"product_cat-tous","9":"first","10":"instock","11":"sale","12":"taxable","13":"shipping-taxable","14":"purchasable","15":"product-type-simple"},"yoast_head":"<!-- This site is optimized with the Yoast SEO plugin v26.9 - https:\/\/yoast.com\/product\/yoast-seo-wordpress\/ -->\n<title>s\u00e9rigraphie-super-h\u00e9ro-juanjo-guarnido-le-plongeon-des-heros<\/title>\n<meta name=\"description\" content=\"S\u00e9rigraphie Guarnido - Le Plongeon des h\u00e9ros. BD drawing book artbook recueil Dessins Comix Buro carnets de croquis super h\u00e9ros\" \/>\n<meta name=\"robots\" content=\"index, follow, max-snippet:-1, max-image-preview:large, max-video-preview:-1\" \/>\n<link rel=\"canonical\" href=\"https:\/\/comixburo.com\/en\/product\/serigraphie-guarnido-le-plongeon-des-heros\/\" \/>\n<meta property=\"og:locale\" content=\"en_GB\" \/>\n<meta property=\"og:type\" content=\"article\" \/>\n<meta property=\"og:title\" content=\"s\u00e9rigraphie-super-h\u00e9ro-juanjo-guarnido-le-plongeon-des-heros\" \/>\n<meta property=\"og:description\" content=\"S\u00e9rigraphie Guarnido - Le Plongeon des h\u00e9ros. BD drawing book artbook recueil Dessins Comix Buro carnets de croquis super h\u00e9ros\" \/>\n<meta property=\"og:url\" content=\"https:\/\/comixburo.com\/en\/product\/serigraphie-guarnido-le-plongeon-des-heros\/\" \/>\n<meta property=\"og:site_name\" content=\"comixburo.com\" \/>\n<meta property=\"article:publisher\" content=\"https:\/\/www.facebook.com\/comixburo\" \/>\n<meta property=\"article:modified_time\" content=\"2026-02-02T16:14:06+00:00\" \/>\n<meta property=\"og:image\" content=\"https:\/\/comixburo.com\/wp-content\/uploads\/2025\/03\/S014-Serigraphie-Guarnido-\u2013-Le-Plongeon-des-heros-comix-buro.webp\" \/>\n\t<meta property=\"og:image:width\" content=\"590\" \/>\n\t<meta property=\"og:image:height\" content=\"820\" \/>\n\t<meta property=\"og:image:type\" content=\"image\/webp\" \/>\n<meta name=\"twitter:card\" content=\"summary_large_image\" \/>\n<meta name=\"twitter:label1\" content=\"Estimated reading time\" \/>\n\t<meta name=\"twitter:data1\" content=\"1 minute\" \/>\n<script type=\"application\/ld+json\" class=\"yoast-schema-graph\">{\"@context\":\"https:\/\/schema.org\",\"@graph\":[{\"@type\":\"WebPage\",\"@id\":\"https:\/\/comixburo.com\/produit\/serigraphie-guarnido-le-plongeon-des-heros\/\",\"url\":\"https:\/\/comixburo.com\/produit\/serigraphie-guarnido-le-plongeon-des-heros\/\",\"name\":\"s\u00e9rigraphie-super-h\u00e9ro-juanjo-guarnido-le-plongeon-des-heros\",\"isPartOf\":{\"@id\":\"https:\/\/comixburo.com\/#website\"},\"primaryImageOfPage\":{\"@id\":\"https:\/\/comixburo.com\/produit\/serigraphie-guarnido-le-plongeon-des-heros\/#primaryimage\"},\"image\":{\"@id\":\"https:\/\/comixburo.com\/produit\/serigraphie-guarnido-le-plongeon-des-heros\/#primaryimage\"},\"thumbnailUrl\":\"https:\/\/comixburo.com\/wp-content\/uploads\/2025\/03\/S014-Serigraphie-Guarnido-\u2013-Le-Plongeon-des-heros-comix-buro.webp\",\"datePublished\":\"2025-03-27T13:38:35+00:00\",\"dateModified\":\"2026-02-02T16:14:06+00:00\",\"description\":\"S\u00e9rigraphie Guarnido - Le Plongeon des h\u00e9ros. BD drawing book artbook recueil Dessins Comix Buro carnets de croquis super h\u00e9ros\",\"breadcrumb\":{\"@id\":\"https:\/\/comixburo.com\/produit\/serigraphie-guarnido-le-plongeon-des-heros\/#breadcrumb\"},\"inLanguage\":\"en-GB\",\"potentialAction\":[{\"@type\":\"ReadAction\",\"target\":[\"https:\/\/comixburo.com\/produit\/serigraphie-guarnido-le-plongeon-des-heros\/\"]}]},{\"@type\":\"ImageObject\",\"inLanguage\":\"en-GB\",\"@id\":\"https:\/\/comixburo.com\/produit\/serigraphie-guarnido-le-plongeon-des-heros\/#primaryimage\",\"url\":\"https:\/\/comixburo.com\/wp-content\/uploads\/2025\/03\/S014-Serigraphie-Guarnido-\u2013-Le-Plongeon-des-heros-comix-buro.webp\",\"contentUrl\":\"https:\/\/comixburo.com\/wp-content\/uploads\/2025\/03\/S014-Serigraphie-Guarnido-\u2013-Le-Plongeon-des-heros-comix-buro.webp\",\"width\":590,\"height\":820,\"caption\":\"S\u00e9rigraphie super h\u00e9ros-Juanjo Guarnido \u2013 Le Plongeon des h\u00e9ros\"},{\"@type\":\"BreadcrumbList\",\"@id\":\"https:\/\/comixburo.com\/produit\/serigraphie-guarnido-le-plongeon-des-heros\/#breadcrumb\",\"itemListElement\":[{\"@type\":\"ListItem\",\"position\":1,\"name\":\"Home\",\"item\":\"https:\/\/comixburo.com\/\"},{\"@type\":\"ListItem\",\"position\":2,\"name\":\"La boutique Comix Buro\",\"item\":\"https:\/\/comixburo.com\/la-boutique-comix-buro\/\"},{\"@type\":\"ListItem\",\"position\":3,\"name\":\"S\u00e9rigraphie super h\u00e9ros-Juanjo Guarnido \u2013 Le Plongeon des h\u00e9ros\"}]},{\"@type\":\"WebSite\",\"@id\":\"https:\/\/comixburo.com\/#website\",\"url\":\"https:\/\/comixburo.com\/\",\"name\":\"comixburo.com\",\"description\":\"Cr\u00e9ateur de projets : Sketchbook d&#039;artistes !\",\"publisher\":{\"@id\":\"https:\/\/comixburo.com\/#organization\"},\"alternateName\":\"Comix Buro\",\"potentialAction\":[{\"@type\":\"SearchAction\",\"target\":{\"@type\":\"EntryPoint\",\"urlTemplate\":\"https:\/\/comixburo.com\/?s={search_term_string}\"},\"query-input\":{\"@type\":\"PropertyValueSpecification\",\"valueRequired\":true,\"valueName\":\"search_term_string\"}}],\"inLanguage\":\"en-GB\"},{\"@type\":\"Organization\",\"@id\":\"https:\/\/comixburo.com\/#organization\",\"name\":\"comixburo.com\",\"url\":\"https:\/\/comixburo.com\/\",\"logo\":{\"@type\":\"ImageObject\",\"inLanguage\":\"en-GB\",\"@id\":\"https:\/\/comixburo.com\/#\/schema\/logo\/image\/\",\"url\":\"https:\/\/comixburo.com\/wp-content\/uploads\/2025\/04\/logo-cxb-ROND.webp\",\"contentUrl\":\"https:\/\/comixburo.com\/wp-content\/uploads\/2025\/04\/logo-cxb-ROND.webp\",\"width\":200,\"height\":200,\"caption\":\"comixburo.com\"},\"image\":{\"@id\":\"https:\/\/comixburo.com\/#\/schema\/logo\/image\/\"},\"sameAs\":[\"https:\/\/www.facebook.com\/comixburo\",\"https:\/\/www.instagram.com\/comixburo\/\"]}]}<\/script>\n<!-- \/ Yoast SEO plugin. -->","yoast_head_json":{"title":"s\u00e9rigraphie-super-h\u00e9ro-juanjo-guarnido-le-plongeon-des-heros","description":"S\u00e9rigraphie Guarnido - Le Plongeon des h\u00e9ros. BD drawing book artbook recueil Dessins Comix Buro carnets de croquis super h\u00e9ros","robots":{"index":"index","follow":"follow","max-snippet":"max-snippet:-1","max-image-preview":"max-image-preview:large","max-video-preview":"max-video-preview:-1"},"canonical":"https:\/\/comixburo.com\/en\/product\/serigraphie-guarnido-le-plongeon-des-heros\/","og_locale":"en_GB","og_type":"article","og_title":"s\u00e9rigraphie-super-h\u00e9ro-juanjo-guarnido-le-plongeon-des-heros","og_description":"S\u00e9rigraphie Guarnido - Le Plongeon des h\u00e9ros. BD drawing book artbook recueil Dessins Comix Buro carnets de croquis super h\u00e9ros","og_url":"https:\/\/comixburo.com\/en\/product\/serigraphie-guarnido-le-plongeon-des-heros\/","og_site_name":"comixburo.com","article_publisher":"https:\/\/www.facebook.com\/comixburo","article_modified_time":"2026-02-02T16:14:06+00:00","og_image":[{"width":590,"height":820,"url":"https:\/\/comixburo.com\/wp-content\/uploads\/2025\/03\/S014-Serigraphie-Guarnido-\u2013-Le-Plongeon-des-heros-comix-buro.webp","type":"image\/webp"}],"twitter_card":"summary_large_image","twitter_misc":{"Estimated reading time":"1 minute"},"schema":{"@context":"https:\/\/schema.org","@graph":[{"@type":"WebPage","@id":"https:\/\/comixburo.com\/produit\/serigraphie-guarnido-le-plongeon-des-heros\/","url":"https:\/\/comixburo.com\/produit\/serigraphie-guarnido-le-plongeon-des-heros\/","name":"s\u00e9rigraphie-super-h\u00e9ro-juanjo-guarnido-le-plongeon-des-heros","isPartOf":{"@id":"https:\/\/comixburo.com\/#website"},"primaryImageOfPage":{"@id":"https:\/\/comixburo.com\/produit\/serigraphie-guarnido-le-plongeon-des-heros\/#primaryimage"},"image":{"@id":"https:\/\/comixburo.com\/produit\/serigraphie-guarnido-le-plongeon-des-heros\/#primaryimage"},"thumbnailUrl":"https:\/\/comixburo.com\/wp-content\/uploads\/2025\/03\/S014-Serigraphie-Guarnido-\u2013-Le-Plongeon-des-heros-comix-buro.webp","datePublished":"2025-03-27T13:38:35+00:00","dateModified":"2026-02-02T16:14:06+00:00","description":"S\u00e9rigraphie Guarnido - Le Plongeon des h\u00e9ros. BD drawing book artbook recueil Dessins Comix Buro carnets de croquis super h\u00e9ros","breadcrumb":{"@id":"https:\/\/comixburo.com\/produit\/serigraphie-guarnido-le-plongeon-des-heros\/#breadcrumb"},"inLanguage":"en-GB","potentialAction":[{"@type":"ReadAction","target":["https:\/\/comixburo.com\/produit\/serigraphie-guarnido-le-plongeon-des-heros\/"]}]},{"@type":"ImageObject","inLanguage":"en-GB","@id":"https:\/\/comixburo.com\/produit\/serigraphie-guarnido-le-plongeon-des-heros\/#primaryimage","url":"https:\/\/comixburo.com\/wp-content\/uploads\/2025\/03\/S014-Serigraphie-Guarnido-\u2013-Le-Plongeon-des-heros-comix-buro.webp","contentUrl":"https:\/\/comixburo.com\/wp-content\/uploads\/2025\/03\/S014-Serigraphie-Guarnido-\u2013-Le-Plongeon-des-heros-comix-buro.webp","width":590,"height":820,"caption":"S\u00e9rigraphie super h\u00e9ros-Juanjo Guarnido \u2013 Le Plongeon des h\u00e9ros"},{"@type":"BreadcrumbList","@id":"https:\/\/comixburo.com\/produit\/serigraphie-guarnido-le-plongeon-des-heros\/#breadcrumb","itemListElement":[{"@type":"ListItem","position":1,"name":"Home","item":"https:\/\/comixburo.com\/"},{"@type":"ListItem","position":2,"name":"La boutique Comix Buro","item":"https:\/\/comixburo.com\/la-boutique-comix-buro\/"},{"@type":"ListItem","position":3,"name":"S\u00e9rigraphie super h\u00e9ros-Juanjo Guarnido \u2013 Le Plongeon des h\u00e9ros"}]},{"@type":"WebSite","@id":"https:\/\/comixburo.com\/#website","url":"https:\/\/comixburo.com\/","name":"comixburo.com","description":"Cr\u00e9ateur de projets : Sketchbook d&#039;artistes !","publisher":{"@id":"https:\/\/comixburo.com\/#organization"},"alternateName":"Comix Buro","potentialAction":[{"@type":"SearchAction","target":{"@type":"EntryPoint","urlTemplate":"https:\/\/comixburo.com\/?s={search_term_string}"},"query-input":{"@type":"PropertyValueSpecification","valueRequired":true,"valueName":"search_term_string"}}],"inLanguage":"en-GB"},{"@type":"Organization","@id":"https:\/\/comixburo.com\/#organization","name":"comixburo.com","url":"https:\/\/comixburo.com\/","logo":{"@type":"ImageObject","inLanguage":"en-GB","@id":"https:\/\/comixburo.com\/#\/schema\/logo\/image\/","url":"https:\/\/comixburo.com\/wp-content\/uploads\/2025\/04\/logo-cxb-ROND.webp","contentUrl":"https:\/\/comixburo.com\/wp-content\/uploads\/2025\/04\/logo-cxb-ROND.webp","width":200,"height":200,"caption":"comixburo.com"},"image":{"@id":"https:\/\/comixburo.com\/#\/schema\/logo\/image\/"},"sameAs":["https:\/\/www.facebook.com\/comixburo","https:\/\/www.instagram.com\/comixburo\/"]}]}},"jetpack_sharing_enabled":true,"_links":{"self":[{"href":"https:\/\/comixburo.com\/en\/wp-json\/wp\/v2\/product\/18662","targetHints":{"allow":["GET"]}}],"collection":[{"href":"https:\/\/comixburo.com\/en\/wp-json\/wp\/v2\/product"}],"about":[{"href":"https:\/\/comixburo.com\/en\/wp-json\/wp\/v2\/types\/product"}],"replies":[{"embeddable":true,"href":"https:\/\/comixburo.com\/en\/wp-json\/wp\/v2\/comments?post=18662"}],"version-history":[{"count":4,"href":"https:\/\/comixburo.com\/en\/wp-json\/wp\/v2\/product\/18662\/revisions"}],"predecessor-version":[{"id":21333,"href":"https:\/\/comixburo.com\/en\/wp-json\/wp\/v2\/product\/18662\/revisions\/21333"}],"wp:featuredmedia":[{"embeddable":true,"href":"https:\/\/comixburo.com\/en\/wp-json\/wp\/v2\/media\/18663"}],"wp:attachment":[{"href":"https:\/\/comixburo.com\/en\/wp-json\/wp\/v2\/media?parent=18662"}],"wp:term":[{"taxonomy":"product_brand","embeddable":true,"href":"https:\/\/comixburo.com\/en\/wp-json\/wp\/v2\/product_brand?post=18662"},{"taxonomy":"product_cat","embeddable":true,"href":"https:\/\/comixburo.com\/en\/wp-json\/wp\/v2\/product_cat?post=18662"},{"taxonomy":"product_tag","embeddable":true,"href":"https:\/\/comixburo.com\/en\/wp-json\/wp\/v2\/product_tag?post=18662"}],"curies":[{"name":"wp","href":"https:\/\/api.w.org\/{rel}","templated":true}]}}