{"id":18671,"date":"2025-03-27T15:31:51","date_gmt":"2025-03-27T14:31:51","guid":{"rendered":"https:\/\/comixburo.com\/?post_type=product&#038;p=18671"},"modified":"2025-05-01T19:42:00","modified_gmt":"2025-05-01T17:42:00","slug":"serigraphie-coeurs-croises","status":"publish","type":"product","link":"https:\/\/comixburo.com\/en\/product\/serigraphie-coeurs-croises\/","title":{"rendered":"S\u00e9rigraphie Coeurs crois\u00e9s &#8211; Zanzim et Anne-Claire Mac\u00e9"},"content":{"rendered":"<h3><strong>S\u00e9rigraphie C\u0153urs crois\u00e9s \u2013 Zanzim et Anne-Claire Mac\u00e9<\/strong><\/h3>\n<p><strong>S\u00e9rigraphie C\u0153urs crois\u00e9s\u00a0<\/strong><\/p>\n<ul>\n<li>Auteurs : Zanzim &amp; Anne-Claire Mac\u00e9<\/li>\n<li>\u00c9diteur : Quai des bulles<\/li>\n<li>Format : 35 x 50 cm<\/li>\n<li>Tirage : 100 exemplaires num\u00e9rot\u00e9s et sign\u00e9s par l\u2019artiste.<\/li>\n<li>S\u00e9rigraphie r\u00e9alis\u00e9e en 6 passages couleur sur papier Rivoli blanc 240 g.<\/li>\n<\/ul>\n<p>***<br \/>\nLa\u00a0s\u00e9rigraphie est une technique d\u2019imprimerie qui utilise des pochoirs (\u00e0 l\u2019origine, des \u00e9crans de soie) interpos\u00e9s entre l\u2019encre et le support. Elle permet d\u2019obtenir \u00e0 chaque fois une impression unique selon la pression exerc\u00e9e et les encres employ\u00e9es.\u00a0Cette technique d\u2019impression garantit une couleur intense qui dure dans le temps, des graphismes tr\u00e8s d\u00e9taill\u00e9s et une bonne opacit\u00e9.<\/p>","protected":false},"excerpt":{"rendered":"<p>S\u00e9rigraphie C\u0153urs crois\u00e9s \u2013 Zanzim et Anne-Claire Mac\u00e9 S\u00e9rigraphie C\u0153urs crois\u00e9s\u00a0 Auteurs : Zanzim &amp; Anne-Claire Mac\u00e9 \u00c9diteur : Quai<\/p>","protected":false},"featured_media":18672,"comment_status":"open","ping_status":"closed","template":"","meta":[],"product_brand":[],"product_cat":[96,93],"product_tag":[],"class_list":{"0":"post-18671","1":"product","2":"type-product","3":"status-publish","4":"has-post-thumbnail","6":"product_cat-affiches","7":"product_cat-tous","9":"first","10":"instock","11":"sale","12":"taxable","13":"shipping-taxable","14":"purchasable","15":"product-type-simple"},"yoast_head":"<!-- This site is optimized with the Yoast SEO plugin v26.9 - https:\/\/yoast.com\/product\/yoast-seo-wordpress\/ -->\n<title>S\u00e9rigraphie Coeurs crois\u00e9s - Zanzim et Anne-Claire Mac\u00e9 - comixburo.com<\/title>\n<meta name=\"description\" content=\"S\u00e9rigraphie coeurs crois\u00e9s aux dimensions de 35x50 zanzim et annez-claire mace. auteurs de bandes dessin\u00e9es franco-belge. affiche\" \/>\n<meta name=\"robots\" content=\"index, follow, max-snippet:-1, max-image-preview:large, max-video-preview:-1\" \/>\n<link rel=\"canonical\" href=\"https:\/\/comixburo.com\/en\/product\/serigraphie-coeurs-croises\/\" \/>\n<meta property=\"og:locale\" content=\"en_GB\" \/>\n<meta property=\"og:type\" content=\"article\" \/>\n<meta property=\"og:title\" content=\"S\u00e9rigraphie Coeurs crois\u00e9s - Zanzim et Anne-Claire Mac\u00e9 - comixburo.com\" \/>\n<meta property=\"og:description\" content=\"S\u00e9rigraphie coeurs crois\u00e9s aux dimensions de 35x50 zanzim et annez-claire mace. auteurs de bandes dessin\u00e9es franco-belge. affiche\" \/>\n<meta property=\"og:url\" content=\"https:\/\/comixburo.com\/en\/product\/serigraphie-coeurs-croises\/\" \/>\n<meta property=\"og:site_name\" content=\"comixburo.com\" \/>\n<meta property=\"article:publisher\" content=\"https:\/\/www.facebook.com\/comixburo\" \/>\n<meta property=\"article:modified_time\" content=\"2025-05-01T17:42:00+00:00\" \/>\n<meta property=\"og:image\" content=\"https:\/\/comixburo.com\/wp-content\/uploads\/2025\/03\/S023-Serigraphie-Coeurs-croises-\u2013-Zanzim-et-Anne-Claire-Mace.webp\" \/>\n\t<meta property=\"og:image:width\" content=\"590\" \/>\n\t<meta property=\"og:image:height\" content=\"820\" \/>\n\t<meta property=\"og:image:type\" content=\"image\/webp\" \/>\n<meta name=\"twitter:card\" content=\"summary_large_image\" \/>\n<meta name=\"twitter:label1\" content=\"Estimated reading time\" \/>\n\t<meta name=\"twitter:data1\" content=\"1 minute\" \/>\n<script type=\"application\/ld+json\" class=\"yoast-schema-graph\">{\"@context\":\"https:\/\/schema.org\",\"@graph\":[{\"@type\":\"WebPage\",\"@id\":\"https:\/\/comixburo.com\/produit\/serigraphie-coeurs-croises\/\",\"url\":\"https:\/\/comixburo.com\/produit\/serigraphie-coeurs-croises\/\",\"name\":\"S\u00e9rigraphie Coeurs crois\u00e9s - Zanzim et Anne-Claire Mac\u00e9 - comixburo.com\",\"isPartOf\":{\"@id\":\"https:\/\/comixburo.com\/#website\"},\"primaryImageOfPage\":{\"@id\":\"https:\/\/comixburo.com\/produit\/serigraphie-coeurs-croises\/#primaryimage\"},\"image\":{\"@id\":\"https:\/\/comixburo.com\/produit\/serigraphie-coeurs-croises\/#primaryimage\"},\"thumbnailUrl\":\"https:\/\/comixburo.com\/wp-content\/uploads\/2025\/03\/S023-Serigraphie-Coeurs-croises-\u2013-Zanzim-et-Anne-Claire-Mace.webp\",\"datePublished\":\"2025-03-27T14:31:51+00:00\",\"dateModified\":\"2025-05-01T17:42:00+00:00\",\"description\":\"S\u00e9rigraphie coeurs crois\u00e9s aux dimensions de 35x50 zanzim et annez-claire mace. auteurs de bandes dessin\u00e9es franco-belge. affiche\",\"breadcrumb\":{\"@id\":\"https:\/\/comixburo.com\/produit\/serigraphie-coeurs-croises\/#breadcrumb\"},\"inLanguage\":\"en-GB\",\"potentialAction\":[{\"@type\":\"ReadAction\",\"target\":[\"https:\/\/comixburo.com\/produit\/serigraphie-coeurs-croises\/\"]}]},{\"@type\":\"ImageObject\",\"inLanguage\":\"en-GB\",\"@id\":\"https:\/\/comixburo.com\/produit\/serigraphie-coeurs-croises\/#primaryimage\",\"url\":\"https:\/\/comixburo.com\/wp-content\/uploads\/2025\/03\/S023-Serigraphie-Coeurs-croises-\u2013-Zanzim-et-Anne-Claire-Mace.webp\",\"contentUrl\":\"https:\/\/comixburo.com\/wp-content\/uploads\/2025\/03\/S023-Serigraphie-Coeurs-croises-\u2013-Zanzim-et-Anne-Claire-Mace.webp\",\"width\":590,\"height\":820,\"caption\":\"S\u00e9rigraphie Coeurs crois\u00e9s - Zanzim et Anne-Claire Mac\u00e9\"},{\"@type\":\"BreadcrumbList\",\"@id\":\"https:\/\/comixburo.com\/produit\/serigraphie-coeurs-croises\/#breadcrumb\",\"itemListElement\":[{\"@type\":\"ListItem\",\"position\":1,\"name\":\"Home\",\"item\":\"https:\/\/comixburo.com\/\"},{\"@type\":\"ListItem\",\"position\":2,\"name\":\"La boutique Comix Buro\",\"item\":\"https:\/\/comixburo.com\/la-boutique-comix-buro\/\"},{\"@type\":\"ListItem\",\"position\":3,\"name\":\"S\u00e9rigraphie Coeurs crois\u00e9s &#8211; Zanzim et Anne-Claire Mac\u00e9\"}]},{\"@type\":\"WebSite\",\"@id\":\"https:\/\/comixburo.com\/#website\",\"url\":\"https:\/\/comixburo.com\/\",\"name\":\"comixburo.com\",\"description\":\"Cr\u00e9ateur de projets : Sketchbook d&#039;artistes !\",\"publisher\":{\"@id\":\"https:\/\/comixburo.com\/#organization\"},\"alternateName\":\"Comix Buro\",\"potentialAction\":[{\"@type\":\"SearchAction\",\"target\":{\"@type\":\"EntryPoint\",\"urlTemplate\":\"https:\/\/comixburo.com\/?s={search_term_string}\"},\"query-input\":{\"@type\":\"PropertyValueSpecification\",\"valueRequired\":true,\"valueName\":\"search_term_string\"}}],\"inLanguage\":\"en-GB\"},{\"@type\":\"Organization\",\"@id\":\"https:\/\/comixburo.com\/#organization\",\"name\":\"comixburo.com\",\"url\":\"https:\/\/comixburo.com\/\",\"logo\":{\"@type\":\"ImageObject\",\"inLanguage\":\"en-GB\",\"@id\":\"https:\/\/comixburo.com\/#\/schema\/logo\/image\/\",\"url\":\"https:\/\/comixburo.com\/wp-content\/uploads\/2025\/04\/logo-cxb-ROND.webp\",\"contentUrl\":\"https:\/\/comixburo.com\/wp-content\/uploads\/2025\/04\/logo-cxb-ROND.webp\",\"width\":200,\"height\":200,\"caption\":\"comixburo.com\"},\"image\":{\"@id\":\"https:\/\/comixburo.com\/#\/schema\/logo\/image\/\"},\"sameAs\":[\"https:\/\/www.facebook.com\/comixburo\",\"https:\/\/www.instagram.com\/comixburo\/\"]}]}<\/script>\n<!-- \/ Yoast SEO plugin. -->","yoast_head_json":{"title":"S\u00e9rigraphie Coeurs crois\u00e9s - Zanzim et Anne-Claire Mac\u00e9 - comixburo.com","description":"S\u00e9rigraphie coeurs crois\u00e9s aux dimensions de 35x50 zanzim et annez-claire mace. auteurs de bandes dessin\u00e9es franco-belge. affiche","robots":{"index":"index","follow":"follow","max-snippet":"max-snippet:-1","max-image-preview":"max-image-preview:large","max-video-preview":"max-video-preview:-1"},"canonical":"https:\/\/comixburo.com\/en\/product\/serigraphie-coeurs-croises\/","og_locale":"en_GB","og_type":"article","og_title":"S\u00e9rigraphie Coeurs crois\u00e9s - Zanzim et Anne-Claire Mac\u00e9 - comixburo.com","og_description":"S\u00e9rigraphie coeurs crois\u00e9s aux dimensions de 35x50 zanzim et annez-claire mace. auteurs de bandes dessin\u00e9es franco-belge. affiche","og_url":"https:\/\/comixburo.com\/en\/product\/serigraphie-coeurs-croises\/","og_site_name":"comixburo.com","article_publisher":"https:\/\/www.facebook.com\/comixburo","article_modified_time":"2025-05-01T17:42:00+00:00","og_image":[{"width":590,"height":820,"url":"https:\/\/comixburo.com\/wp-content\/uploads\/2025\/03\/S023-Serigraphie-Coeurs-croises-\u2013-Zanzim-et-Anne-Claire-Mace.webp","type":"image\/webp"}],"twitter_card":"summary_large_image","twitter_misc":{"Estimated reading time":"1 minute"},"schema":{"@context":"https:\/\/schema.org","@graph":[{"@type":"WebPage","@id":"https:\/\/comixburo.com\/produit\/serigraphie-coeurs-croises\/","url":"https:\/\/comixburo.com\/produit\/serigraphie-coeurs-croises\/","name":"S\u00e9rigraphie Coeurs crois\u00e9s - Zanzim et Anne-Claire Mac\u00e9 - comixburo.com","isPartOf":{"@id":"https:\/\/comixburo.com\/#website"},"primaryImageOfPage":{"@id":"https:\/\/comixburo.com\/produit\/serigraphie-coeurs-croises\/#primaryimage"},"image":{"@id":"https:\/\/comixburo.com\/produit\/serigraphie-coeurs-croises\/#primaryimage"},"thumbnailUrl":"https:\/\/comixburo.com\/wp-content\/uploads\/2025\/03\/S023-Serigraphie-Coeurs-croises-\u2013-Zanzim-et-Anne-Claire-Mace.webp","datePublished":"2025-03-27T14:31:51+00:00","dateModified":"2025-05-01T17:42:00+00:00","description":"S\u00e9rigraphie coeurs crois\u00e9s aux dimensions de 35x50 zanzim et annez-claire mace. auteurs de bandes dessin\u00e9es franco-belge. affiche","breadcrumb":{"@id":"https:\/\/comixburo.com\/produit\/serigraphie-coeurs-croises\/#breadcrumb"},"inLanguage":"en-GB","potentialAction":[{"@type":"ReadAction","target":["https:\/\/comixburo.com\/produit\/serigraphie-coeurs-croises\/"]}]},{"@type":"ImageObject","inLanguage":"en-GB","@id":"https:\/\/comixburo.com\/produit\/serigraphie-coeurs-croises\/#primaryimage","url":"https:\/\/comixburo.com\/wp-content\/uploads\/2025\/03\/S023-Serigraphie-Coeurs-croises-\u2013-Zanzim-et-Anne-Claire-Mace.webp","contentUrl":"https:\/\/comixburo.com\/wp-content\/uploads\/2025\/03\/S023-Serigraphie-Coeurs-croises-\u2013-Zanzim-et-Anne-Claire-Mace.webp","width":590,"height":820,"caption":"S\u00e9rigraphie Coeurs crois\u00e9s - Zanzim et Anne-Claire Mac\u00e9"},{"@type":"BreadcrumbList","@id":"https:\/\/comixburo.com\/produit\/serigraphie-coeurs-croises\/#breadcrumb","itemListElement":[{"@type":"ListItem","position":1,"name":"Home","item":"https:\/\/comixburo.com\/"},{"@type":"ListItem","position":2,"name":"La boutique Comix Buro","item":"https:\/\/comixburo.com\/la-boutique-comix-buro\/"},{"@type":"ListItem","position":3,"name":"S\u00e9rigraphie Coeurs crois\u00e9s &#8211; Zanzim et Anne-Claire Mac\u00e9"}]},{"@type":"WebSite","@id":"https:\/\/comixburo.com\/#website","url":"https:\/\/comixburo.com\/","name":"comixburo.com","description":"Cr\u00e9ateur de projets : Sketchbook d&#039;artistes !","publisher":{"@id":"https:\/\/comixburo.com\/#organization"},"alternateName":"Comix Buro","potentialAction":[{"@type":"SearchAction","target":{"@type":"EntryPoint","urlTemplate":"https:\/\/comixburo.com\/?s={search_term_string}"},"query-input":{"@type":"PropertyValueSpecification","valueRequired":true,"valueName":"search_term_string"}}],"inLanguage":"en-GB"},{"@type":"Organization","@id":"https:\/\/comixburo.com\/#organization","name":"comixburo.com","url":"https:\/\/comixburo.com\/","logo":{"@type":"ImageObject","inLanguage":"en-GB","@id":"https:\/\/comixburo.com\/#\/schema\/logo\/image\/","url":"https:\/\/comixburo.com\/wp-content\/uploads\/2025\/04\/logo-cxb-ROND.webp","contentUrl":"https:\/\/comixburo.com\/wp-content\/uploads\/2025\/04\/logo-cxb-ROND.webp","width":200,"height":200,"caption":"comixburo.com"},"image":{"@id":"https:\/\/comixburo.com\/#\/schema\/logo\/image\/"},"sameAs":["https:\/\/www.facebook.com\/comixburo","https:\/\/www.instagram.com\/comixburo\/"]}]}},"jetpack_sharing_enabled":true,"_links":{"self":[{"href":"https:\/\/comixburo.com\/en\/wp-json\/wp\/v2\/product\/18671","targetHints":{"allow":["GET"]}}],"collection":[{"href":"https:\/\/comixburo.com\/en\/wp-json\/wp\/v2\/product"}],"about":[{"href":"https:\/\/comixburo.com\/en\/wp-json\/wp\/v2\/types\/product"}],"replies":[{"embeddable":true,"href":"https:\/\/comixburo.com\/en\/wp-json\/wp\/v2\/comments?post=18671"}],"version-history":[{"count":4,"href":"https:\/\/comixburo.com\/en\/wp-json\/wp\/v2\/product\/18671\/revisions"}],"predecessor-version":[{"id":20089,"href":"https:\/\/comixburo.com\/en\/wp-json\/wp\/v2\/product\/18671\/revisions\/20089"}],"wp:featuredmedia":[{"embeddable":true,"href":"https:\/\/comixburo.com\/en\/wp-json\/wp\/v2\/media\/18672"}],"wp:attachment":[{"href":"https:\/\/comixburo.com\/en\/wp-json\/wp\/v2\/media?parent=18671"}],"wp:term":[{"taxonomy":"product_brand","embeddable":true,"href":"https:\/\/comixburo.com\/en\/wp-json\/wp\/v2\/product_brand?post=18671"},{"taxonomy":"product_cat","embeddable":true,"href":"https:\/\/comixburo.com\/en\/wp-json\/wp\/v2\/product_cat?post=18671"},{"taxonomy":"product_tag","embeddable":true,"href":"https:\/\/comixburo.com\/en\/wp-json\/wp\/v2\/product_tag?post=18671"}],"curies":[{"name":"wp","href":"https:\/\/api.w.org\/{rel}","templated":true}]}}