{"id":18701,"date":"2025-03-28T10:44:54","date_gmt":"2025-03-28T09:44:54","guid":{"rendered":"https:\/\/comixburo.com\/?post_type=product&#038;p=18701"},"modified":"2025-05-06T11:13:55","modified_gmt":"2025-05-06T09:13:55","slug":"tirage-de-luxe-largo-winch-tomes-17-18","status":"publish","type":"product","link":"https:\/\/comixburo.com\/en\/product\/tirage-de-luxe-largo-winch-tomes-17-18\/","title":{"rendered":"Tirage de luxe Largo Winch \u2013 Tomes 17\/18 &#8211; Francq &#038; Van Hamme"},"content":{"rendered":"<h1>Tirage de luxe Largo Winch \u2013 Tomes 17\/18 &#8211; Francq &amp; Van Hamme<\/h1>\n<h2><strong>Tirage de luxe Largo Winch \u2013 Tomes 17 &amp; 18<\/strong><\/h2>\n<ul>\n<li>Auteurs : Francq &amp; Van Hamme<\/li>\n<li>\u00c9diteur : Khani \u00c9ditions<\/li>\n<li>Format : 31,5 x 45 cm \u2013 Couverture cartonn\u00e9e et dos toil\u00e9<\/li>\n<li>isbn :\u00a0 2-907159-99-2<\/li>\n<li>Nombre de pages : 112 pages<\/li>\n<li>Tirage : 400 exemplaires num\u00e9rot\u00e9s et sign\u00e9s accompagn\u00e9s d\u2019un ex-libris num\u00e9rot\u00e9 et sign\u00e9<\/li>\n<\/ul>\n<p>***<br \/>\nAlbum double reprenant l\u2019int\u00e9grale des volumes 17 &amp; 18 de la s\u00e9rie (planches reproduites en noir et blanc), plus\u00a016\u00a0pages de croquis.<\/p>","protected":false},"excerpt":{"rendered":"<p class=\"product_title entry-title wd-entities-title\">400 exemplaires num\u00e9rot\u00e9s et sign\u00e9s accompagn\u00e9s d\u2019un\u00a0ex-libris num\u00e9rot\u00e9 et sign\u00e9<\/p>","protected":false},"featured_media":18702,"comment_status":"open","ping_status":"closed","template":"","meta":[],"product_brand":[],"product_cat":[105,93],"product_tag":[],"class_list":{"0":"post-18701","1":"product","2":"type-product","3":"status-publish","4":"has-post-thumbnail","6":"product_cat-tirage-luxe","7":"product_cat-tous","9":"first","10":"instock","11":"sale","12":"taxable","13":"shipping-taxable","14":"purchasable","15":"product-type-simple"},"yoast_head":"<!-- This site is optimized with the Yoast SEO plugin v26.9 - https:\/\/yoast.com\/product\/yoast-seo-wordpress\/ -->\n<title>Tirage de luxe Largo Winch \u2013 Tomes 17\/18 - Francq &amp; Van Hamme - comixburo.com<\/title>\n<meta name=\"description\" content=\"Tirage de luxe Largo Winch. Livre artbook auteur collection de luxe bande dessin\u00e9es recueils de croquis dedicass\u00e9, couverture cartonn\u00e9e\" \/>\n<meta name=\"robots\" content=\"index, follow, max-snippet:-1, max-image-preview:large, max-video-preview:-1\" \/>\n<link rel=\"canonical\" href=\"https:\/\/comixburo.com\/en\/product\/tirage-de-luxe-largo-winch-tomes-17-18\/\" \/>\n<meta property=\"og:locale\" content=\"en_GB\" \/>\n<meta property=\"og:type\" content=\"article\" \/>\n<meta property=\"og:title\" content=\"Tirage de luxe Largo Winch \u2013 Tomes 17\/18 - Francq &amp; Van Hamme - comixburo.com\" \/>\n<meta property=\"og:description\" content=\"Tirage de luxe Largo Winch. Livre artbook auteur collection de luxe bande dessin\u00e9es recueils de croquis dedicass\u00e9, couverture cartonn\u00e9e\" \/>\n<meta property=\"og:url\" content=\"https:\/\/comixburo.com\/en\/product\/tirage-de-luxe-largo-winch-tomes-17-18\/\" \/>\n<meta property=\"og:site_name\" content=\"comixburo.com\" \/>\n<meta property=\"article:publisher\" content=\"https:\/\/www.facebook.com\/comixburo\" \/>\n<meta property=\"article:modified_time\" content=\"2025-05-06T09:13:55+00:00\" \/>\n<meta property=\"og:image\" content=\"https:\/\/comixburo.com\/wp-content\/uploads\/2025\/03\/T062-Tirage-de-luxe-Largo-Winch-\u2013-Tomes-17-18.webp\" \/>\n\t<meta property=\"og:image:width\" content=\"645\" \/>\n\t<meta property=\"og:image:height\" content=\"873\" \/>\n\t<meta property=\"og:image:type\" content=\"image\/webp\" \/>\n<meta name=\"twitter:card\" content=\"summary_large_image\" \/>\n<meta name=\"twitter:label1\" content=\"Estimated reading time\" \/>\n\t<meta name=\"twitter:data1\" content=\"1 minute\" \/>\n<script type=\"application\/ld+json\" class=\"yoast-schema-graph\">{\"@context\":\"https:\/\/schema.org\",\"@graph\":[{\"@type\":\"WebPage\",\"@id\":\"https:\/\/comixburo.com\/produit\/tirage-de-luxe-largo-winch-tomes-17-18\/\",\"url\":\"https:\/\/comixburo.com\/produit\/tirage-de-luxe-largo-winch-tomes-17-18\/\",\"name\":\"Tirage de luxe Largo Winch \u2013 Tomes 17\/18 - Francq & Van Hamme - comixburo.com\",\"isPartOf\":{\"@id\":\"https:\/\/comixburo.com\/#website\"},\"primaryImageOfPage\":{\"@id\":\"https:\/\/comixburo.com\/produit\/tirage-de-luxe-largo-winch-tomes-17-18\/#primaryimage\"},\"image\":{\"@id\":\"https:\/\/comixburo.com\/produit\/tirage-de-luxe-largo-winch-tomes-17-18\/#primaryimage\"},\"thumbnailUrl\":\"https:\/\/comixburo.com\/wp-content\/uploads\/2025\/03\/T062-Tirage-de-luxe-Largo-Winch-\u2013-Tomes-17-18.webp\",\"datePublished\":\"2025-03-28T09:44:54+00:00\",\"dateModified\":\"2025-05-06T09:13:55+00:00\",\"description\":\"Tirage de luxe Largo Winch. Livre artbook auteur collection de luxe bande dessin\u00e9es recueils de croquis dedicass\u00e9, couverture cartonn\u00e9e\",\"breadcrumb\":{\"@id\":\"https:\/\/comixburo.com\/produit\/tirage-de-luxe-largo-winch-tomes-17-18\/#breadcrumb\"},\"inLanguage\":\"en-GB\",\"potentialAction\":[{\"@type\":\"ReadAction\",\"target\":[\"https:\/\/comixburo.com\/produit\/tirage-de-luxe-largo-winch-tomes-17-18\/\"]}]},{\"@type\":\"ImageObject\",\"inLanguage\":\"en-GB\",\"@id\":\"https:\/\/comixburo.com\/produit\/tirage-de-luxe-largo-winch-tomes-17-18\/#primaryimage\",\"url\":\"https:\/\/comixburo.com\/wp-content\/uploads\/2025\/03\/T062-Tirage-de-luxe-Largo-Winch-\u2013-Tomes-17-18.webp\",\"contentUrl\":\"https:\/\/comixburo.com\/wp-content\/uploads\/2025\/03\/T062-Tirage-de-luxe-Largo-Winch-\u2013-Tomes-17-18.webp\",\"width\":645,\"height\":873,\"caption\":\"Tirage de luxe Largo Winch \u2013 Tomes 17\/18 - Francq & Van Hamme\"},{\"@type\":\"BreadcrumbList\",\"@id\":\"https:\/\/comixburo.com\/produit\/tirage-de-luxe-largo-winch-tomes-17-18\/#breadcrumb\",\"itemListElement\":[{\"@type\":\"ListItem\",\"position\":1,\"name\":\"Home\",\"item\":\"https:\/\/comixburo.com\/\"},{\"@type\":\"ListItem\",\"position\":2,\"name\":\"La boutique Comix Buro\",\"item\":\"https:\/\/comixburo.com\/la-boutique-comix-buro\/\"},{\"@type\":\"ListItem\",\"position\":3,\"name\":\"Tirage de luxe Largo Winch \u2013 Tomes 17\/18 &#8211; Francq &#038; Van Hamme\"}]},{\"@type\":\"WebSite\",\"@id\":\"https:\/\/comixburo.com\/#website\",\"url\":\"https:\/\/comixburo.com\/\",\"name\":\"comixburo.com\",\"description\":\"Cr\u00e9ateur de projets : Sketchbook d&#039;artistes !\",\"publisher\":{\"@id\":\"https:\/\/comixburo.com\/#organization\"},\"alternateName\":\"Comix Buro\",\"potentialAction\":[{\"@type\":\"SearchAction\",\"target\":{\"@type\":\"EntryPoint\",\"urlTemplate\":\"https:\/\/comixburo.com\/?s={search_term_string}\"},\"query-input\":{\"@type\":\"PropertyValueSpecification\",\"valueRequired\":true,\"valueName\":\"search_term_string\"}}],\"inLanguage\":\"en-GB\"},{\"@type\":\"Organization\",\"@id\":\"https:\/\/comixburo.com\/#organization\",\"name\":\"comixburo.com\",\"url\":\"https:\/\/comixburo.com\/\",\"logo\":{\"@type\":\"ImageObject\",\"inLanguage\":\"en-GB\",\"@id\":\"https:\/\/comixburo.com\/#\/schema\/logo\/image\/\",\"url\":\"https:\/\/comixburo.com\/wp-content\/uploads\/2025\/04\/logo-cxb-ROND.webp\",\"contentUrl\":\"https:\/\/comixburo.com\/wp-content\/uploads\/2025\/04\/logo-cxb-ROND.webp\",\"width\":200,\"height\":200,\"caption\":\"comixburo.com\"},\"image\":{\"@id\":\"https:\/\/comixburo.com\/#\/schema\/logo\/image\/\"},\"sameAs\":[\"https:\/\/www.facebook.com\/comixburo\",\"https:\/\/www.instagram.com\/comixburo\/\"]}]}<\/script>\n<!-- \/ Yoast SEO plugin. -->","yoast_head_json":{"title":"Tirage de luxe Largo Winch \u2013 Tomes 17\/18 - Francq & Van Hamme - comixburo.com","description":"Tirage de luxe Largo Winch. Livre artbook auteur collection de luxe bande dessin\u00e9es recueils de croquis dedicass\u00e9, couverture cartonn\u00e9e","robots":{"index":"index","follow":"follow","max-snippet":"max-snippet:-1","max-image-preview":"max-image-preview:large","max-video-preview":"max-video-preview:-1"},"canonical":"https:\/\/comixburo.com\/en\/product\/tirage-de-luxe-largo-winch-tomes-17-18\/","og_locale":"en_GB","og_type":"article","og_title":"Tirage de luxe Largo Winch \u2013 Tomes 17\/18 - Francq & Van Hamme - comixburo.com","og_description":"Tirage de luxe Largo Winch. Livre artbook auteur collection de luxe bande dessin\u00e9es recueils de croquis dedicass\u00e9, couverture cartonn\u00e9e","og_url":"https:\/\/comixburo.com\/en\/product\/tirage-de-luxe-largo-winch-tomes-17-18\/","og_site_name":"comixburo.com","article_publisher":"https:\/\/www.facebook.com\/comixburo","article_modified_time":"2025-05-06T09:13:55+00:00","og_image":[{"width":645,"height":873,"url":"https:\/\/comixburo.com\/wp-content\/uploads\/2025\/03\/T062-Tirage-de-luxe-Largo-Winch-\u2013-Tomes-17-18.webp","type":"image\/webp"}],"twitter_card":"summary_large_image","twitter_misc":{"Estimated reading time":"1 minute"},"schema":{"@context":"https:\/\/schema.org","@graph":[{"@type":"WebPage","@id":"https:\/\/comixburo.com\/produit\/tirage-de-luxe-largo-winch-tomes-17-18\/","url":"https:\/\/comixburo.com\/produit\/tirage-de-luxe-largo-winch-tomes-17-18\/","name":"Tirage de luxe Largo Winch \u2013 Tomes 17\/18 - Francq & Van Hamme - comixburo.com","isPartOf":{"@id":"https:\/\/comixburo.com\/#website"},"primaryImageOfPage":{"@id":"https:\/\/comixburo.com\/produit\/tirage-de-luxe-largo-winch-tomes-17-18\/#primaryimage"},"image":{"@id":"https:\/\/comixburo.com\/produit\/tirage-de-luxe-largo-winch-tomes-17-18\/#primaryimage"},"thumbnailUrl":"https:\/\/comixburo.com\/wp-content\/uploads\/2025\/03\/T062-Tirage-de-luxe-Largo-Winch-\u2013-Tomes-17-18.webp","datePublished":"2025-03-28T09:44:54+00:00","dateModified":"2025-05-06T09:13:55+00:00","description":"Tirage de luxe Largo Winch. Livre artbook auteur collection de luxe bande dessin\u00e9es recueils de croquis dedicass\u00e9, couverture cartonn\u00e9e","breadcrumb":{"@id":"https:\/\/comixburo.com\/produit\/tirage-de-luxe-largo-winch-tomes-17-18\/#breadcrumb"},"inLanguage":"en-GB","potentialAction":[{"@type":"ReadAction","target":["https:\/\/comixburo.com\/produit\/tirage-de-luxe-largo-winch-tomes-17-18\/"]}]},{"@type":"ImageObject","inLanguage":"en-GB","@id":"https:\/\/comixburo.com\/produit\/tirage-de-luxe-largo-winch-tomes-17-18\/#primaryimage","url":"https:\/\/comixburo.com\/wp-content\/uploads\/2025\/03\/T062-Tirage-de-luxe-Largo-Winch-\u2013-Tomes-17-18.webp","contentUrl":"https:\/\/comixburo.com\/wp-content\/uploads\/2025\/03\/T062-Tirage-de-luxe-Largo-Winch-\u2013-Tomes-17-18.webp","width":645,"height":873,"caption":"Tirage de luxe Largo Winch \u2013 Tomes 17\/18 - Francq & Van Hamme"},{"@type":"BreadcrumbList","@id":"https:\/\/comixburo.com\/produit\/tirage-de-luxe-largo-winch-tomes-17-18\/#breadcrumb","itemListElement":[{"@type":"ListItem","position":1,"name":"Home","item":"https:\/\/comixburo.com\/"},{"@type":"ListItem","position":2,"name":"La boutique Comix Buro","item":"https:\/\/comixburo.com\/la-boutique-comix-buro\/"},{"@type":"ListItem","position":3,"name":"Tirage de luxe Largo Winch \u2013 Tomes 17\/18 &#8211; Francq &#038; Van Hamme"}]},{"@type":"WebSite","@id":"https:\/\/comixburo.com\/#website","url":"https:\/\/comixburo.com\/","name":"comixburo.com","description":"Cr\u00e9ateur de projets : Sketchbook d&#039;artistes !","publisher":{"@id":"https:\/\/comixburo.com\/#organization"},"alternateName":"Comix Buro","potentialAction":[{"@type":"SearchAction","target":{"@type":"EntryPoint","urlTemplate":"https:\/\/comixburo.com\/?s={search_term_string}"},"query-input":{"@type":"PropertyValueSpecification","valueRequired":true,"valueName":"search_term_string"}}],"inLanguage":"en-GB"},{"@type":"Organization","@id":"https:\/\/comixburo.com\/#organization","name":"comixburo.com","url":"https:\/\/comixburo.com\/","logo":{"@type":"ImageObject","inLanguage":"en-GB","@id":"https:\/\/comixburo.com\/#\/schema\/logo\/image\/","url":"https:\/\/comixburo.com\/wp-content\/uploads\/2025\/04\/logo-cxb-ROND.webp","contentUrl":"https:\/\/comixburo.com\/wp-content\/uploads\/2025\/04\/logo-cxb-ROND.webp","width":200,"height":200,"caption":"comixburo.com"},"image":{"@id":"https:\/\/comixburo.com\/#\/schema\/logo\/image\/"},"sameAs":["https:\/\/www.facebook.com\/comixburo","https:\/\/www.instagram.com\/comixburo\/"]}]}},"jetpack_sharing_enabled":true,"_links":{"self":[{"href":"https:\/\/comixburo.com\/en\/wp-json\/wp\/v2\/product\/18701","targetHints":{"allow":["GET"]}}],"collection":[{"href":"https:\/\/comixburo.com\/en\/wp-json\/wp\/v2\/product"}],"about":[{"href":"https:\/\/comixburo.com\/en\/wp-json\/wp\/v2\/types\/product"}],"replies":[{"embeddable":true,"href":"https:\/\/comixburo.com\/en\/wp-json\/wp\/v2\/comments?post=18701"}],"version-history":[{"count":3,"href":"https:\/\/comixburo.com\/en\/wp-json\/wp\/v2\/product\/18701\/revisions"}],"predecessor-version":[{"id":20061,"href":"https:\/\/comixburo.com\/en\/wp-json\/wp\/v2\/product\/18701\/revisions\/20061"}],"wp:featuredmedia":[{"embeddable":true,"href":"https:\/\/comixburo.com\/en\/wp-json\/wp\/v2\/media\/18702"}],"wp:attachment":[{"href":"https:\/\/comixburo.com\/en\/wp-json\/wp\/v2\/media?parent=18701"}],"wp:term":[{"taxonomy":"product_brand","embeddable":true,"href":"https:\/\/comixburo.com\/en\/wp-json\/wp\/v2\/product_brand?post=18701"},{"taxonomy":"product_cat","embeddable":true,"href":"https:\/\/comixburo.com\/en\/wp-json\/wp\/v2\/product_cat?post=18701"},{"taxonomy":"product_tag","embeddable":true,"href":"https:\/\/comixburo.com\/en\/wp-json\/wp\/v2\/product_tag?post=18701"}],"curies":[{"name":"wp","href":"https:\/\/api.w.org\/{rel}","templated":true}]}}