{"id":18710,"date":"2025-03-28T10:58:12","date_gmt":"2025-03-28T09:58:12","guid":{"rendered":"https:\/\/comixburo.com\/?post_type=product&#038;p=18710"},"modified":"2025-05-06T11:13:55","modified_gmt":"2025-05-06T09:13:55","slug":"tirage-de-luxe-lady-s-tomes-1-2","status":"publish","type":"product","link":"https:\/\/comixburo.com\/en\/product\/tirage-de-luxe-lady-s-tomes-1-2\/","title":{"rendered":"Tirage de luxe Lady S \u2013 Tomes 1\/2 Van Hamme"},"content":{"rendered":"<h3><strong>Tirage de luxe Lady S \u2013 Tomes 1\/2 \u2013 Aymond et Van Hamme<\/strong><\/h3>\n<p><strong>Tirage de luxe Lady S \u2013 Tomes 1 &amp; 2<\/strong><\/p>\n<ul>\n<li>Auteurs : Aymond &amp; Van Hamme<\/li>\n<li>\u00c9diteur : Khani \u00c9ditions<\/li>\n<li>Format : 25,5 x 35,5 cm \u2013 Couverture cartonn\u00e9e et dos toil\u00e9<\/li>\n<li>Nombre de pages : 100 pages<\/li>\n<li>Tirage : 350 exemplaires num\u00e9rot\u00e9s et sign\u00e9s accompagn\u00e9s d\u2019un ex-libris num\u00e9rot\u00e9 et sign\u00e9<\/li>\n<\/ul>\n<p>***<br \/>\nTirage de t\u00eate, dos toil\u00e9, couverture in\u00e9dite. + un ex-libris num\u00e9rot\u00e9 et sign\u00e9 + 8 pages d\u2019esquisses et de croquis + bleu et son calque. Ce magnifique tirage de luxe regroupe les deux premiers tomes de la s\u00e9rie. Le tome 1 est pr\u00e9sent\u00e9 dans sa version encr\u00e9e et le tome 2 reprend les planches en crayonn\u00e9.<\/p>","protected":false},"excerpt":{"rendered":"<p class=\"product_title entry-title wd-entities-title\">350 exemplaires num\u00e9rot\u00e9s et sign\u00e9s accompagn\u00e9s d\u2019un\u00a0ex-libris num\u00e9rot\u00e9 et sign\u00e9<\/p>","protected":false},"featured_media":18711,"comment_status":"open","ping_status":"closed","template":"","meta":[],"product_brand":[],"product_cat":[105,93],"product_tag":[],"class_list":{"0":"post-18710","1":"product","2":"type-product","3":"status-publish","4":"has-post-thumbnail","6":"product_cat-tirage-luxe","7":"product_cat-tous","9":"first","10":"instock","11":"sale","12":"taxable","13":"shipping-taxable","14":"purchasable","15":"product-type-simple"},"yoast_head":"<!-- This site is optimized with the Yoast SEO plugin v26.9 - https:\/\/yoast.com\/product\/yoast-seo-wordpress\/ -->\n<title>Tirage de luxe Lady S \u2013 Tomes 1\/2 Van Hamme - comixburo.com<\/title>\n<meta name=\"description\" content=\"Tirage de luxe Lady S - Tomes 1\/2. Exemplaires num\u00e9rot\u00e9s et sign\u00e9s accompagn\u00e9s d&#039;un\u00a0ex-libris. Tirage de t\u00eate, dos toil\u00e9, couverture in\u00e9dite\" \/>\n<meta name=\"robots\" content=\"index, follow, max-snippet:-1, max-image-preview:large, max-video-preview:-1\" \/>\n<link rel=\"canonical\" href=\"https:\/\/comixburo.com\/en\/product\/tirage-de-luxe-lady-s-tomes-1-2\/\" \/>\n<meta property=\"og:locale\" content=\"en_GB\" \/>\n<meta property=\"og:type\" content=\"article\" \/>\n<meta property=\"og:title\" content=\"Tirage de luxe Lady S \u2013 Tomes 1\/2 Van Hamme - comixburo.com\" \/>\n<meta property=\"og:description\" content=\"Tirage de luxe Lady S - Tomes 1\/2. Exemplaires num\u00e9rot\u00e9s et sign\u00e9s accompagn\u00e9s d&#039;un\u00a0ex-libris. Tirage de t\u00eate, dos toil\u00e9, couverture in\u00e9dite\" \/>\n<meta property=\"og:url\" content=\"https:\/\/comixburo.com\/en\/product\/tirage-de-luxe-lady-s-tomes-1-2\/\" \/>\n<meta property=\"og:site_name\" content=\"comixburo.com\" \/>\n<meta property=\"article:publisher\" content=\"https:\/\/www.facebook.com\/comixburo\" \/>\n<meta property=\"article:modified_time\" content=\"2025-05-06T09:13:55+00:00\" \/>\n<meta property=\"og:image\" content=\"https:\/\/comixburo.com\/wp-content\/uploads\/2025\/03\/T030-Tirage-de-luxe-Lady-S-\u2013-Tomes-1-2.webp\" \/>\n\t<meta property=\"og:image:width\" content=\"645\" \/>\n\t<meta property=\"og:image:height\" content=\"873\" \/>\n\t<meta property=\"og:image:type\" content=\"image\/webp\" \/>\n<meta name=\"twitter:card\" content=\"summary_large_image\" \/>\n<meta name=\"twitter:label1\" content=\"Estimated reading time\" \/>\n\t<meta name=\"twitter:data1\" content=\"1 minute\" \/>\n<script type=\"application\/ld+json\" class=\"yoast-schema-graph\">{\"@context\":\"https:\/\/schema.org\",\"@graph\":[{\"@type\":\"WebPage\",\"@id\":\"https:\/\/comixburo.com\/produit\/tirage-de-luxe-lady-s-tomes-1-2\/\",\"url\":\"https:\/\/comixburo.com\/produit\/tirage-de-luxe-lady-s-tomes-1-2\/\",\"name\":\"Tirage de luxe Lady S \u2013 Tomes 1\/2 Van Hamme - comixburo.com\",\"isPartOf\":{\"@id\":\"https:\/\/comixburo.com\/#website\"},\"primaryImageOfPage\":{\"@id\":\"https:\/\/comixburo.com\/produit\/tirage-de-luxe-lady-s-tomes-1-2\/#primaryimage\"},\"image\":{\"@id\":\"https:\/\/comixburo.com\/produit\/tirage-de-luxe-lady-s-tomes-1-2\/#primaryimage\"},\"thumbnailUrl\":\"https:\/\/comixburo.com\/wp-content\/uploads\/2025\/03\/T030-Tirage-de-luxe-Lady-S-\u2013-Tomes-1-2.webp\",\"datePublished\":\"2025-03-28T09:58:12+00:00\",\"dateModified\":\"2025-05-06T09:13:55+00:00\",\"description\":\"Tirage de luxe Lady S - Tomes 1\/2. Exemplaires num\u00e9rot\u00e9s et sign\u00e9s accompagn\u00e9s d'un\u00a0ex-libris. Tirage de t\u00eate, dos toil\u00e9, couverture in\u00e9dite\",\"breadcrumb\":{\"@id\":\"https:\/\/comixburo.com\/produit\/tirage-de-luxe-lady-s-tomes-1-2\/#breadcrumb\"},\"inLanguage\":\"en-GB\",\"potentialAction\":[{\"@type\":\"ReadAction\",\"target\":[\"https:\/\/comixburo.com\/produit\/tirage-de-luxe-lady-s-tomes-1-2\/\"]}]},{\"@type\":\"ImageObject\",\"inLanguage\":\"en-GB\",\"@id\":\"https:\/\/comixburo.com\/produit\/tirage-de-luxe-lady-s-tomes-1-2\/#primaryimage\",\"url\":\"https:\/\/comixburo.com\/wp-content\/uploads\/2025\/03\/T030-Tirage-de-luxe-Lady-S-\u2013-Tomes-1-2.webp\",\"contentUrl\":\"https:\/\/comixburo.com\/wp-content\/uploads\/2025\/03\/T030-Tirage-de-luxe-Lady-S-\u2013-Tomes-1-2.webp\",\"width\":645,\"height\":873,\"caption\":\"Tirage de luxe Lady S \u2013 Tomes 1\/2 \u2013 Aymond et Van Hamme\"},{\"@type\":\"BreadcrumbList\",\"@id\":\"https:\/\/comixburo.com\/produit\/tirage-de-luxe-lady-s-tomes-1-2\/#breadcrumb\",\"itemListElement\":[{\"@type\":\"ListItem\",\"position\":1,\"name\":\"Home\",\"item\":\"https:\/\/comixburo.com\/\"},{\"@type\":\"ListItem\",\"position\":2,\"name\":\"La boutique Comix Buro\",\"item\":\"https:\/\/comixburo.com\/la-boutique-comix-buro\/\"},{\"@type\":\"ListItem\",\"position\":3,\"name\":\"Tirage de luxe Lady S \u2013 Tomes 1\/2 Van Hamme\"}]},{\"@type\":\"WebSite\",\"@id\":\"https:\/\/comixburo.com\/#website\",\"url\":\"https:\/\/comixburo.com\/\",\"name\":\"comixburo.com\",\"description\":\"Cr\u00e9ateur de projets : Sketchbook d&#039;artistes !\",\"publisher\":{\"@id\":\"https:\/\/comixburo.com\/#organization\"},\"alternateName\":\"Comix Buro\",\"potentialAction\":[{\"@type\":\"SearchAction\",\"target\":{\"@type\":\"EntryPoint\",\"urlTemplate\":\"https:\/\/comixburo.com\/?s={search_term_string}\"},\"query-input\":{\"@type\":\"PropertyValueSpecification\",\"valueRequired\":true,\"valueName\":\"search_term_string\"}}],\"inLanguage\":\"en-GB\"},{\"@type\":\"Organization\",\"@id\":\"https:\/\/comixburo.com\/#organization\",\"name\":\"comixburo.com\",\"url\":\"https:\/\/comixburo.com\/\",\"logo\":{\"@type\":\"ImageObject\",\"inLanguage\":\"en-GB\",\"@id\":\"https:\/\/comixburo.com\/#\/schema\/logo\/image\/\",\"url\":\"https:\/\/comixburo.com\/wp-content\/uploads\/2025\/04\/logo-cxb-ROND.webp\",\"contentUrl\":\"https:\/\/comixburo.com\/wp-content\/uploads\/2025\/04\/logo-cxb-ROND.webp\",\"width\":200,\"height\":200,\"caption\":\"comixburo.com\"},\"image\":{\"@id\":\"https:\/\/comixburo.com\/#\/schema\/logo\/image\/\"},\"sameAs\":[\"https:\/\/www.facebook.com\/comixburo\",\"https:\/\/www.instagram.com\/comixburo\/\"]}]}<\/script>\n<!-- \/ Yoast SEO plugin. -->","yoast_head_json":{"title":"Tirage de luxe Lady S \u2013 Tomes 1\/2 Van Hamme - comixburo.com","description":"Tirage de luxe Lady S - Tomes 1\/2. Exemplaires num\u00e9rot\u00e9s et sign\u00e9s accompagn\u00e9s d'un\u00a0ex-libris. Tirage de t\u00eate, dos toil\u00e9, couverture in\u00e9dite","robots":{"index":"index","follow":"follow","max-snippet":"max-snippet:-1","max-image-preview":"max-image-preview:large","max-video-preview":"max-video-preview:-1"},"canonical":"https:\/\/comixburo.com\/en\/product\/tirage-de-luxe-lady-s-tomes-1-2\/","og_locale":"en_GB","og_type":"article","og_title":"Tirage de luxe Lady S \u2013 Tomes 1\/2 Van Hamme - comixburo.com","og_description":"Tirage de luxe Lady S - Tomes 1\/2. Exemplaires num\u00e9rot\u00e9s et sign\u00e9s accompagn\u00e9s d'un\u00a0ex-libris. Tirage de t\u00eate, dos toil\u00e9, couverture in\u00e9dite","og_url":"https:\/\/comixburo.com\/en\/product\/tirage-de-luxe-lady-s-tomes-1-2\/","og_site_name":"comixburo.com","article_publisher":"https:\/\/www.facebook.com\/comixburo","article_modified_time":"2025-05-06T09:13:55+00:00","og_image":[{"width":645,"height":873,"url":"https:\/\/comixburo.com\/wp-content\/uploads\/2025\/03\/T030-Tirage-de-luxe-Lady-S-\u2013-Tomes-1-2.webp","type":"image\/webp"}],"twitter_card":"summary_large_image","twitter_misc":{"Estimated reading time":"1 minute"},"schema":{"@context":"https:\/\/schema.org","@graph":[{"@type":"WebPage","@id":"https:\/\/comixburo.com\/produit\/tirage-de-luxe-lady-s-tomes-1-2\/","url":"https:\/\/comixburo.com\/produit\/tirage-de-luxe-lady-s-tomes-1-2\/","name":"Tirage de luxe Lady S \u2013 Tomes 1\/2 Van Hamme - comixburo.com","isPartOf":{"@id":"https:\/\/comixburo.com\/#website"},"primaryImageOfPage":{"@id":"https:\/\/comixburo.com\/produit\/tirage-de-luxe-lady-s-tomes-1-2\/#primaryimage"},"image":{"@id":"https:\/\/comixburo.com\/produit\/tirage-de-luxe-lady-s-tomes-1-2\/#primaryimage"},"thumbnailUrl":"https:\/\/comixburo.com\/wp-content\/uploads\/2025\/03\/T030-Tirage-de-luxe-Lady-S-\u2013-Tomes-1-2.webp","datePublished":"2025-03-28T09:58:12+00:00","dateModified":"2025-05-06T09:13:55+00:00","description":"Tirage de luxe Lady S - Tomes 1\/2. Exemplaires num\u00e9rot\u00e9s et sign\u00e9s accompagn\u00e9s d'un\u00a0ex-libris. Tirage de t\u00eate, dos toil\u00e9, couverture in\u00e9dite","breadcrumb":{"@id":"https:\/\/comixburo.com\/produit\/tirage-de-luxe-lady-s-tomes-1-2\/#breadcrumb"},"inLanguage":"en-GB","potentialAction":[{"@type":"ReadAction","target":["https:\/\/comixburo.com\/produit\/tirage-de-luxe-lady-s-tomes-1-2\/"]}]},{"@type":"ImageObject","inLanguage":"en-GB","@id":"https:\/\/comixburo.com\/produit\/tirage-de-luxe-lady-s-tomes-1-2\/#primaryimage","url":"https:\/\/comixburo.com\/wp-content\/uploads\/2025\/03\/T030-Tirage-de-luxe-Lady-S-\u2013-Tomes-1-2.webp","contentUrl":"https:\/\/comixburo.com\/wp-content\/uploads\/2025\/03\/T030-Tirage-de-luxe-Lady-S-\u2013-Tomes-1-2.webp","width":645,"height":873,"caption":"Tirage de luxe Lady S \u2013 Tomes 1\/2 \u2013 Aymond et Van Hamme"},{"@type":"BreadcrumbList","@id":"https:\/\/comixburo.com\/produit\/tirage-de-luxe-lady-s-tomes-1-2\/#breadcrumb","itemListElement":[{"@type":"ListItem","position":1,"name":"Home","item":"https:\/\/comixburo.com\/"},{"@type":"ListItem","position":2,"name":"La boutique Comix Buro","item":"https:\/\/comixburo.com\/la-boutique-comix-buro\/"},{"@type":"ListItem","position":3,"name":"Tirage de luxe Lady S \u2013 Tomes 1\/2 Van Hamme"}]},{"@type":"WebSite","@id":"https:\/\/comixburo.com\/#website","url":"https:\/\/comixburo.com\/","name":"comixburo.com","description":"Cr\u00e9ateur de projets : Sketchbook d&#039;artistes !","publisher":{"@id":"https:\/\/comixburo.com\/#organization"},"alternateName":"Comix Buro","potentialAction":[{"@type":"SearchAction","target":{"@type":"EntryPoint","urlTemplate":"https:\/\/comixburo.com\/?s={search_term_string}"},"query-input":{"@type":"PropertyValueSpecification","valueRequired":true,"valueName":"search_term_string"}}],"inLanguage":"en-GB"},{"@type":"Organization","@id":"https:\/\/comixburo.com\/#organization","name":"comixburo.com","url":"https:\/\/comixburo.com\/","logo":{"@type":"ImageObject","inLanguage":"en-GB","@id":"https:\/\/comixburo.com\/#\/schema\/logo\/image\/","url":"https:\/\/comixburo.com\/wp-content\/uploads\/2025\/04\/logo-cxb-ROND.webp","contentUrl":"https:\/\/comixburo.com\/wp-content\/uploads\/2025\/04\/logo-cxb-ROND.webp","width":200,"height":200,"caption":"comixburo.com"},"image":{"@id":"https:\/\/comixburo.com\/#\/schema\/logo\/image\/"},"sameAs":["https:\/\/www.facebook.com\/comixburo","https:\/\/www.instagram.com\/comixburo\/"]}]}},"jetpack_sharing_enabled":true,"_links":{"self":[{"href":"https:\/\/comixburo.com\/en\/wp-json\/wp\/v2\/product\/18710","targetHints":{"allow":["GET"]}}],"collection":[{"href":"https:\/\/comixburo.com\/en\/wp-json\/wp\/v2\/product"}],"about":[{"href":"https:\/\/comixburo.com\/en\/wp-json\/wp\/v2\/types\/product"}],"replies":[{"embeddable":true,"href":"https:\/\/comixburo.com\/en\/wp-json\/wp\/v2\/comments?post=18710"}],"version-history":[{"count":2,"href":"https:\/\/comixburo.com\/en\/wp-json\/wp\/v2\/product\/18710\/revisions"}],"predecessor-version":[{"id":20056,"href":"https:\/\/comixburo.com\/en\/wp-json\/wp\/v2\/product\/18710\/revisions\/20056"}],"wp:featuredmedia":[{"embeddable":true,"href":"https:\/\/comixburo.com\/en\/wp-json\/wp\/v2\/media\/18711"}],"wp:attachment":[{"href":"https:\/\/comixburo.com\/en\/wp-json\/wp\/v2\/media?parent=18710"}],"wp:term":[{"taxonomy":"product_brand","embeddable":true,"href":"https:\/\/comixburo.com\/en\/wp-json\/wp\/v2\/product_brand?post=18710"},{"taxonomy":"product_cat","embeddable":true,"href":"https:\/\/comixburo.com\/en\/wp-json\/wp\/v2\/product_cat?post=18710"},{"taxonomy":"product_tag","embeddable":true,"href":"https:\/\/comixburo.com\/en\/wp-json\/wp\/v2\/product_tag?post=18710"}],"curies":[{"name":"wp","href":"https:\/\/api.w.org\/{rel}","templated":true}]}}