{"id":18716,"date":"2025-03-28T11:09:20","date_gmt":"2025-03-28T10:09:20","guid":{"rendered":"https:\/\/comixburo.com\/?post_type=product&#038;p=18716"},"modified":"2025-05-06T11:13:55","modified_gmt":"2025-05-06T09:13:55","slug":"tirage-de-luxe-golden-city-jessica","status":"publish","type":"product","link":"https:\/\/comixburo.com\/en\/product\/tirage-de-luxe-golden-city-jessica\/","title":{"rendered":"Tirage de luxe Golden City \u2013 Jessica &#8211; Daniel Pecqueur &#038; Nicolas Malfin"},"content":{"rendered":"<h1><strong>Tirage de luxe Golden City \u2013 Tome 6<\/strong><\/h1>\n<h2><strong>Tirage de luxe Golden City \u2013 Jessica (Tome 6)<\/strong><\/h2>\n<ul>\n<li>Auteurs : Daniel Pecqueur &amp; Nicolas Malfin<\/li>\n<li>\u00c9diteur : Khani \u00c9ditions<\/li>\n<li>S\u00e9rie : Golden City<\/li>\n<li>Format :\u00a0 25,5 x 35,5 cm \u2013 Couverture cartonn\u00e9e et dos toil\u00e9<\/li>\n<li>Nombre de pages : 60 pages<\/li>\n<li>Tirage : 350 exemplaires num\u00e9rot\u00e9s et sign\u00e9s accompagn\u00e9s d\u2019un ex-libris num\u00e9rot\u00e9 et sign\u00e9.<\/li>\n<\/ul>\n<p>***<br \/>\n<strong>Description :<\/strong><\/p>\n<ul>\n<li>350 ex. num\u00e9rot\u00e9s et sign\u00e9s<\/li>\n<li>L\u2019album en noir et blanc plus 12 pages de croquis dont 4 en couleurs.<\/li>\n<li>Avec bleu de coloriage, film<\/li>\n<li>1 ex-libris s\u00e9rigraphi\u00e9.<\/li>\n<\/ul>\n<p>***<br \/>\nBD d\u2019anticipation, <strong>Golden City<\/strong> est le nom de la saga SF de <strong>Pecqueur et de Malfin<\/strong> mais \u00e9galement le nom du navire-\u00c9tat o\u00f9 vit une population privil\u00e9gi\u00e9e.<br \/>\nEn effet, apr\u00e8s une terrible mont\u00e9e des eaux, les terres du continent sont devenues des terres d\u00e9sol\u00e9es o\u00f9 r\u00e8gnent des populations sans foi ni lois.<br \/>\nAinsi, les plus fortun\u00e9s ont construit Golden City et y vivent d\u00e9sormais une existence paisible, sous la protection du pr\u00e9sident Harrison Banks.<br \/>\nCe dernier semble aim\u00e9 de tous, jusqu\u2019au jour o\u00f9 un terrible complot voit le jour, complot visant \u00e0 le remplacer par un clone.<\/p>","protected":false},"excerpt":{"rendered":"<p class=\"product_title entry-title wd-entities-title\">Tirage de T\u00eate Khani \u00c9dition sign\u00e9 &amp; numerot\u00e9 : L\u2019int\u00e9gralit\u00e9 du volume 6 de\u00a0<em>Golden City<\/em>\u00a0\u2013\u00a0<em>Jessica<\/em><\/p>","protected":false},"featured_media":18719,"comment_status":"open","ping_status":"closed","template":"","meta":[],"product_brand":[],"product_cat":[105,93],"product_tag":[],"class_list":{"0":"post-18716","1":"product","2":"type-product","3":"status-publish","4":"has-post-thumbnail","6":"product_cat-tirage-luxe","7":"product_cat-tous","9":"first","10":"instock","11":"sale","12":"taxable","13":"shipping-taxable","14":"purchasable","15":"product-type-simple"},"yoast_head":"<!-- This site is optimized with the Yoast SEO plugin v26.9 - https:\/\/yoast.com\/product\/yoast-seo-wordpress\/ -->\n<title>Tirage de luxe Golden City \u2013 Jessica - Daniel Pecqueur &amp; Nicolas Malfin - comixburo.com<\/title>\n<meta name=\"description\" content=\"Tirage de luxe Golden City - Les Enfants perdus. Livres BD drawing book artbook recueil Dessins Comix Buro carnets de croquis\" \/>\n<meta name=\"robots\" content=\"index, follow, max-snippet:-1, max-image-preview:large, max-video-preview:-1\" \/>\n<link rel=\"canonical\" href=\"https:\/\/comixburo.com\/en\/product\/tirage-de-luxe-golden-city-jessica\/\" \/>\n<meta property=\"og:locale\" content=\"en_GB\" \/>\n<meta property=\"og:type\" content=\"article\" \/>\n<meta property=\"og:title\" content=\"Tirage de luxe Golden City \u2013 Jessica - Daniel Pecqueur &amp; Nicolas Malfin - comixburo.com\" \/>\n<meta property=\"og:description\" content=\"Tirage de luxe Golden City - Les Enfants perdus. Livres BD drawing book artbook recueil Dessins Comix Buro carnets de croquis\" \/>\n<meta property=\"og:url\" content=\"https:\/\/comixburo.com\/en\/product\/tirage-de-luxe-golden-city-jessica\/\" \/>\n<meta property=\"og:site_name\" content=\"comixburo.com\" \/>\n<meta property=\"article:publisher\" content=\"https:\/\/www.facebook.com\/comixburo\" \/>\n<meta property=\"article:modified_time\" content=\"2025-05-06T09:13:55+00:00\" \/>\n<meta property=\"og:image\" content=\"https:\/\/comixburo.com\/wp-content\/uploads\/2025\/03\/T028-Tirage-de-luxe-Golden-City-\u2013-Jessica-comix-buro-2.webp\" \/>\n\t<meta property=\"og:image:width\" content=\"645\" \/>\n\t<meta property=\"og:image:height\" content=\"873\" \/>\n\t<meta property=\"og:image:type\" content=\"image\/webp\" \/>\n<meta name=\"twitter:card\" content=\"summary_large_image\" \/>\n<meta name=\"twitter:label1\" content=\"Estimated reading time\" \/>\n\t<meta name=\"twitter:data1\" content=\"2 minutes\" \/>\n<script type=\"application\/ld+json\" class=\"yoast-schema-graph\">{\"@context\":\"https:\/\/schema.org\",\"@graph\":[{\"@type\":\"WebPage\",\"@id\":\"https:\/\/comixburo.com\/produit\/tirage-de-luxe-golden-city-jessica\/\",\"url\":\"https:\/\/comixburo.com\/produit\/tirage-de-luxe-golden-city-jessica\/\",\"name\":\"Tirage de luxe Golden City \u2013 Jessica - Daniel Pecqueur & Nicolas Malfin - comixburo.com\",\"isPartOf\":{\"@id\":\"https:\/\/comixburo.com\/#website\"},\"primaryImageOfPage\":{\"@id\":\"https:\/\/comixburo.com\/produit\/tirage-de-luxe-golden-city-jessica\/#primaryimage\"},\"image\":{\"@id\":\"https:\/\/comixburo.com\/produit\/tirage-de-luxe-golden-city-jessica\/#primaryimage\"},\"thumbnailUrl\":\"https:\/\/comixburo.com\/wp-content\/uploads\/2025\/03\/T028-Tirage-de-luxe-Golden-City-\u2013-Jessica-comix-buro-2.webp\",\"datePublished\":\"2025-03-28T10:09:20+00:00\",\"dateModified\":\"2025-05-06T09:13:55+00:00\",\"description\":\"Tirage de luxe Golden City - Les Enfants perdus. Livres BD drawing book artbook recueil Dessins Comix Buro carnets de croquis\",\"breadcrumb\":{\"@id\":\"https:\/\/comixburo.com\/produit\/tirage-de-luxe-golden-city-jessica\/#breadcrumb\"},\"inLanguage\":\"en-GB\",\"potentialAction\":[{\"@type\":\"ReadAction\",\"target\":[\"https:\/\/comixburo.com\/produit\/tirage-de-luxe-golden-city-jessica\/\"]}]},{\"@type\":\"ImageObject\",\"inLanguage\":\"en-GB\",\"@id\":\"https:\/\/comixburo.com\/produit\/tirage-de-luxe-golden-city-jessica\/#primaryimage\",\"url\":\"https:\/\/comixburo.com\/wp-content\/uploads\/2025\/03\/T028-Tirage-de-luxe-Golden-City-\u2013-Jessica-comix-buro-2.webp\",\"contentUrl\":\"https:\/\/comixburo.com\/wp-content\/uploads\/2025\/03\/T028-Tirage-de-luxe-Golden-City-\u2013-Jessica-comix-buro-2.webp\",\"width\":645,\"height\":873,\"caption\":\"Tirage de luxe Golden City \u2013 Jessica - Daniel Pecqueur & Nicolas Malfin\"},{\"@type\":\"BreadcrumbList\",\"@id\":\"https:\/\/comixburo.com\/produit\/tirage-de-luxe-golden-city-jessica\/#breadcrumb\",\"itemListElement\":[{\"@type\":\"ListItem\",\"position\":1,\"name\":\"Home\",\"item\":\"https:\/\/comixburo.com\/\"},{\"@type\":\"ListItem\",\"position\":2,\"name\":\"La boutique Comix Buro\",\"item\":\"https:\/\/comixburo.com\/la-boutique-comix-buro\/\"},{\"@type\":\"ListItem\",\"position\":3,\"name\":\"Tirage de luxe Golden City \u2013 Jessica &#8211; Daniel Pecqueur &#038; Nicolas Malfin\"}]},{\"@type\":\"WebSite\",\"@id\":\"https:\/\/comixburo.com\/#website\",\"url\":\"https:\/\/comixburo.com\/\",\"name\":\"comixburo.com\",\"description\":\"Cr\u00e9ateur de projets : Sketchbook d&#039;artistes !\",\"publisher\":{\"@id\":\"https:\/\/comixburo.com\/#organization\"},\"alternateName\":\"Comix Buro\",\"potentialAction\":[{\"@type\":\"SearchAction\",\"target\":{\"@type\":\"EntryPoint\",\"urlTemplate\":\"https:\/\/comixburo.com\/?s={search_term_string}\"},\"query-input\":{\"@type\":\"PropertyValueSpecification\",\"valueRequired\":true,\"valueName\":\"search_term_string\"}}],\"inLanguage\":\"en-GB\"},{\"@type\":\"Organization\",\"@id\":\"https:\/\/comixburo.com\/#organization\",\"name\":\"comixburo.com\",\"url\":\"https:\/\/comixburo.com\/\",\"logo\":{\"@type\":\"ImageObject\",\"inLanguage\":\"en-GB\",\"@id\":\"https:\/\/comixburo.com\/#\/schema\/logo\/image\/\",\"url\":\"https:\/\/comixburo.com\/wp-content\/uploads\/2025\/04\/logo-cxb-ROND.webp\",\"contentUrl\":\"https:\/\/comixburo.com\/wp-content\/uploads\/2025\/04\/logo-cxb-ROND.webp\",\"width\":200,\"height\":200,\"caption\":\"comixburo.com\"},\"image\":{\"@id\":\"https:\/\/comixburo.com\/#\/schema\/logo\/image\/\"},\"sameAs\":[\"https:\/\/www.facebook.com\/comixburo\",\"https:\/\/www.instagram.com\/comixburo\/\"]}]}<\/script>\n<!-- \/ Yoast SEO plugin. -->","yoast_head_json":{"title":"Tirage de luxe Golden City \u2013 Jessica - Daniel Pecqueur & Nicolas Malfin - comixburo.com","description":"Tirage de luxe Golden City - Les Enfants perdus. Livres BD drawing book artbook recueil Dessins Comix Buro carnets de croquis","robots":{"index":"index","follow":"follow","max-snippet":"max-snippet:-1","max-image-preview":"max-image-preview:large","max-video-preview":"max-video-preview:-1"},"canonical":"https:\/\/comixburo.com\/en\/product\/tirage-de-luxe-golden-city-jessica\/","og_locale":"en_GB","og_type":"article","og_title":"Tirage de luxe Golden City \u2013 Jessica - Daniel Pecqueur & Nicolas Malfin - comixburo.com","og_description":"Tirage de luxe Golden City - Les Enfants perdus. Livres BD drawing book artbook recueil Dessins Comix Buro carnets de croquis","og_url":"https:\/\/comixburo.com\/en\/product\/tirage-de-luxe-golden-city-jessica\/","og_site_name":"comixburo.com","article_publisher":"https:\/\/www.facebook.com\/comixburo","article_modified_time":"2025-05-06T09:13:55+00:00","og_image":[{"width":645,"height":873,"url":"https:\/\/comixburo.com\/wp-content\/uploads\/2025\/03\/T028-Tirage-de-luxe-Golden-City-\u2013-Jessica-comix-buro-2.webp","type":"image\/webp"}],"twitter_card":"summary_large_image","twitter_misc":{"Estimated reading time":"2 minutes"},"schema":{"@context":"https:\/\/schema.org","@graph":[{"@type":"WebPage","@id":"https:\/\/comixburo.com\/produit\/tirage-de-luxe-golden-city-jessica\/","url":"https:\/\/comixburo.com\/produit\/tirage-de-luxe-golden-city-jessica\/","name":"Tirage de luxe Golden City \u2013 Jessica - Daniel Pecqueur & Nicolas Malfin - comixburo.com","isPartOf":{"@id":"https:\/\/comixburo.com\/#website"},"primaryImageOfPage":{"@id":"https:\/\/comixburo.com\/produit\/tirage-de-luxe-golden-city-jessica\/#primaryimage"},"image":{"@id":"https:\/\/comixburo.com\/produit\/tirage-de-luxe-golden-city-jessica\/#primaryimage"},"thumbnailUrl":"https:\/\/comixburo.com\/wp-content\/uploads\/2025\/03\/T028-Tirage-de-luxe-Golden-City-\u2013-Jessica-comix-buro-2.webp","datePublished":"2025-03-28T10:09:20+00:00","dateModified":"2025-05-06T09:13:55+00:00","description":"Tirage de luxe Golden City - Les Enfants perdus. Livres BD drawing book artbook recueil Dessins Comix Buro carnets de croquis","breadcrumb":{"@id":"https:\/\/comixburo.com\/produit\/tirage-de-luxe-golden-city-jessica\/#breadcrumb"},"inLanguage":"en-GB","potentialAction":[{"@type":"ReadAction","target":["https:\/\/comixburo.com\/produit\/tirage-de-luxe-golden-city-jessica\/"]}]},{"@type":"ImageObject","inLanguage":"en-GB","@id":"https:\/\/comixburo.com\/produit\/tirage-de-luxe-golden-city-jessica\/#primaryimage","url":"https:\/\/comixburo.com\/wp-content\/uploads\/2025\/03\/T028-Tirage-de-luxe-Golden-City-\u2013-Jessica-comix-buro-2.webp","contentUrl":"https:\/\/comixburo.com\/wp-content\/uploads\/2025\/03\/T028-Tirage-de-luxe-Golden-City-\u2013-Jessica-comix-buro-2.webp","width":645,"height":873,"caption":"Tirage de luxe Golden City \u2013 Jessica - Daniel Pecqueur & Nicolas Malfin"},{"@type":"BreadcrumbList","@id":"https:\/\/comixburo.com\/produit\/tirage-de-luxe-golden-city-jessica\/#breadcrumb","itemListElement":[{"@type":"ListItem","position":1,"name":"Home","item":"https:\/\/comixburo.com\/"},{"@type":"ListItem","position":2,"name":"La boutique Comix Buro","item":"https:\/\/comixburo.com\/la-boutique-comix-buro\/"},{"@type":"ListItem","position":3,"name":"Tirage de luxe Golden City \u2013 Jessica &#8211; Daniel Pecqueur &#038; Nicolas Malfin"}]},{"@type":"WebSite","@id":"https:\/\/comixburo.com\/#website","url":"https:\/\/comixburo.com\/","name":"comixburo.com","description":"Cr\u00e9ateur de projets : Sketchbook d&#039;artistes !","publisher":{"@id":"https:\/\/comixburo.com\/#organization"},"alternateName":"Comix Buro","potentialAction":[{"@type":"SearchAction","target":{"@type":"EntryPoint","urlTemplate":"https:\/\/comixburo.com\/?s={search_term_string}"},"query-input":{"@type":"PropertyValueSpecification","valueRequired":true,"valueName":"search_term_string"}}],"inLanguage":"en-GB"},{"@type":"Organization","@id":"https:\/\/comixburo.com\/#organization","name":"comixburo.com","url":"https:\/\/comixburo.com\/","logo":{"@type":"ImageObject","inLanguage":"en-GB","@id":"https:\/\/comixburo.com\/#\/schema\/logo\/image\/","url":"https:\/\/comixburo.com\/wp-content\/uploads\/2025\/04\/logo-cxb-ROND.webp","contentUrl":"https:\/\/comixburo.com\/wp-content\/uploads\/2025\/04\/logo-cxb-ROND.webp","width":200,"height":200,"caption":"comixburo.com"},"image":{"@id":"https:\/\/comixburo.com\/#\/schema\/logo\/image\/"},"sameAs":["https:\/\/www.facebook.com\/comixburo","https:\/\/www.instagram.com\/comixburo\/"]}]}},"jetpack_sharing_enabled":true,"_links":{"self":[{"href":"https:\/\/comixburo.com\/en\/wp-json\/wp\/v2\/product\/18716","targetHints":{"allow":["GET"]}}],"collection":[{"href":"https:\/\/comixburo.com\/en\/wp-json\/wp\/v2\/product"}],"about":[{"href":"https:\/\/comixburo.com\/en\/wp-json\/wp\/v2\/types\/product"}],"replies":[{"embeddable":true,"href":"https:\/\/comixburo.com\/en\/wp-json\/wp\/v2\/comments?post=18716"}],"version-history":[{"count":3,"href":"https:\/\/comixburo.com\/en\/wp-json\/wp\/v2\/product\/18716\/revisions"}],"predecessor-version":[{"id":20052,"href":"https:\/\/comixburo.com\/en\/wp-json\/wp\/v2\/product\/18716\/revisions\/20052"}],"wp:featuredmedia":[{"embeddable":true,"href":"https:\/\/comixburo.com\/en\/wp-json\/wp\/v2\/media\/18719"}],"wp:attachment":[{"href":"https:\/\/comixburo.com\/en\/wp-json\/wp\/v2\/media?parent=18716"}],"wp:term":[{"taxonomy":"product_brand","embeddable":true,"href":"https:\/\/comixburo.com\/en\/wp-json\/wp\/v2\/product_brand?post=18716"},{"taxonomy":"product_cat","embeddable":true,"href":"https:\/\/comixburo.com\/en\/wp-json\/wp\/v2\/product_cat?post=18716"},{"taxonomy":"product_tag","embeddable":true,"href":"https:\/\/comixburo.com\/en\/wp-json\/wp\/v2\/product_tag?post=18716"}],"curies":[{"name":"wp","href":"https:\/\/api.w.org\/{rel}","templated":true}]}}