{"id":18718,"date":"2025-03-28T11:11:12","date_gmt":"2025-03-28T10:11:12","guid":{"rendered":"https:\/\/comixburo.com\/?post_type=product&#038;p=18718"},"modified":"2025-05-06T11:13:55","modified_gmt":"2025-05-06T09:13:55","slug":"tirage-de-luxe-tosca","status":"publish","type":"product","link":"https:\/\/comixburo.com\/en\/product\/tirage-de-luxe-tosca\/","title":{"rendered":"Tirage de luxe Tosca &#8211; Vall\u00e8s et Desberg"},"content":{"rendered":"<h1><strong>Tirage de luxe Tosca \u2013 Serie Tosca \u2013 Vall\u00e8s et Desberg<\/strong><\/h1>\n<h2><strong>Tirage de luxe Tosca<\/strong><\/h2>\n<ul>\n<li>Auteurs : Vall\u00e8s\u00a0 (dessin) &amp; Desberg (sc\u00e9nario)<\/li>\n<li>\u00c9diteur : Raspoutine<\/li>\n<li>S\u00e9rie : Tosca<\/li>\n<li>Format :\u00a0 \u00a031 x 40,7 cm \u2013 Couverture Cartonn\u00e9e avec Dos Toil\u00e9<\/li>\n<li>EAN :\u00a0 9782940171262<\/li>\n<li>Pagination :\u00a0 56 pages<\/li>\n<li>Tirage : 399 exemplaires num\u00e9rot\u00e9s et sign\u00e9s<\/li>\n<li>Genre : Policier \u2013 Thriller<\/li>\n<li>Tirage de T\u00eate en couleur<\/li>\n<\/ul>","protected":false},"excerpt":{"rendered":"<p class=\"product_title entry-title wd-entities-title\">399 exemplaires num\u00e9rot\u00e9s et sign\u00e9s<\/p>","protected":false},"featured_media":18720,"comment_status":"open","ping_status":"closed","template":"","meta":[],"product_brand":[],"product_cat":[105,93],"product_tag":[],"class_list":{"0":"post-18718","1":"product","2":"type-product","3":"status-publish","4":"has-post-thumbnail","6":"product_cat-tirage-luxe","7":"product_cat-tous","9":"first","10":"instock","11":"sale","12":"taxable","13":"shipping-taxable","14":"purchasable","15":"product-type-simple"},"yoast_head":"<!-- This site is optimized with the Yoast SEO plugin v26.9 - https:\/\/yoast.com\/product\/yoast-seo-wordpress\/ -->\n<title>Tirage de luxe Tosca - Vall\u00e8s et Desberg - comixburo.com<\/title>\n<meta name=\"description\" content=\"Tirage de luxe Tosca, exemplaires num\u00e9rot\u00e9s et sign\u00e9s. Livre artbook auteur \u00e9dition limit\u00e9e. Genre : Policier - Thriller_\" \/>\n<meta name=\"robots\" content=\"index, follow, max-snippet:-1, max-image-preview:large, max-video-preview:-1\" \/>\n<link rel=\"canonical\" href=\"https:\/\/comixburo.com\/en\/product\/tirage-de-luxe-tosca\/\" \/>\n<meta property=\"og:locale\" content=\"en_GB\" \/>\n<meta property=\"og:type\" content=\"article\" \/>\n<meta property=\"og:title\" content=\"Tirage de luxe Tosca - Vall\u00e8s et Desberg - comixburo.com\" \/>\n<meta property=\"og:description\" content=\"Tirage de luxe Tosca, exemplaires num\u00e9rot\u00e9s et sign\u00e9s. Livre artbook auteur \u00e9dition limit\u00e9e. Genre : Policier - Thriller_\" \/>\n<meta property=\"og:url\" content=\"https:\/\/comixburo.com\/en\/product\/tirage-de-luxe-tosca\/\" \/>\n<meta property=\"og:site_name\" content=\"comixburo.com\" \/>\n<meta property=\"article:publisher\" content=\"https:\/\/www.facebook.com\/comixburo\" \/>\n<meta property=\"article:modified_time\" content=\"2025-05-06T09:13:55+00:00\" \/>\n<meta property=\"og:image\" content=\"https:\/\/comixburo.com\/wp-content\/uploads\/2025\/03\/T100-Tosca-comix-buro.webp\" \/>\n\t<meta property=\"og:image:width\" content=\"645\" \/>\n\t<meta property=\"og:image:height\" content=\"873\" \/>\n\t<meta property=\"og:image:type\" content=\"image\/webp\" \/>\n<meta name=\"twitter:card\" content=\"summary_large_image\" \/>\n<meta name=\"twitter:label1\" content=\"Estimated reading time\" \/>\n\t<meta name=\"twitter:data1\" content=\"1 minute\" \/>\n<script type=\"application\/ld+json\" class=\"yoast-schema-graph\">{\"@context\":\"https:\/\/schema.org\",\"@graph\":[{\"@type\":\"WebPage\",\"@id\":\"https:\/\/comixburo.com\/produit\/tirage-de-luxe-tosca\/\",\"url\":\"https:\/\/comixburo.com\/produit\/tirage-de-luxe-tosca\/\",\"name\":\"Tirage de luxe Tosca - Vall\u00e8s et Desberg - comixburo.com\",\"isPartOf\":{\"@id\":\"https:\/\/comixburo.com\/#website\"},\"primaryImageOfPage\":{\"@id\":\"https:\/\/comixburo.com\/produit\/tirage-de-luxe-tosca\/#primaryimage\"},\"image\":{\"@id\":\"https:\/\/comixburo.com\/produit\/tirage-de-luxe-tosca\/#primaryimage\"},\"thumbnailUrl\":\"https:\/\/comixburo.com\/wp-content\/uploads\/2025\/03\/T100-Tosca-comix-buro.webp\",\"datePublished\":\"2025-03-28T10:11:12+00:00\",\"dateModified\":\"2025-05-06T09:13:55+00:00\",\"description\":\"Tirage de luxe Tosca, exemplaires num\u00e9rot\u00e9s et sign\u00e9s. Livre artbook auteur \u00e9dition limit\u00e9e. Genre : Policier - Thriller_\",\"breadcrumb\":{\"@id\":\"https:\/\/comixburo.com\/produit\/tirage-de-luxe-tosca\/#breadcrumb\"},\"inLanguage\":\"en-GB\",\"potentialAction\":[{\"@type\":\"ReadAction\",\"target\":[\"https:\/\/comixburo.com\/produit\/tirage-de-luxe-tosca\/\"]}]},{\"@type\":\"ImageObject\",\"inLanguage\":\"en-GB\",\"@id\":\"https:\/\/comixburo.com\/produit\/tirage-de-luxe-tosca\/#primaryimage\",\"url\":\"https:\/\/comixburo.com\/wp-content\/uploads\/2025\/03\/T100-Tosca-comix-buro.webp\",\"contentUrl\":\"https:\/\/comixburo.com\/wp-content\/uploads\/2025\/03\/T100-Tosca-comix-buro.webp\",\"width\":645,\"height\":873,\"caption\":\"Tirage de luxe Tosca - Vall\u00e8s et Desberg\"},{\"@type\":\"BreadcrumbList\",\"@id\":\"https:\/\/comixburo.com\/produit\/tirage-de-luxe-tosca\/#breadcrumb\",\"itemListElement\":[{\"@type\":\"ListItem\",\"position\":1,\"name\":\"Home\",\"item\":\"https:\/\/comixburo.com\/\"},{\"@type\":\"ListItem\",\"position\":2,\"name\":\"La boutique Comix Buro\",\"item\":\"https:\/\/comixburo.com\/la-boutique-comix-buro\/\"},{\"@type\":\"ListItem\",\"position\":3,\"name\":\"Tirage de luxe Tosca &#8211; Vall\u00e8s et Desberg\"}]},{\"@type\":\"WebSite\",\"@id\":\"https:\/\/comixburo.com\/#website\",\"url\":\"https:\/\/comixburo.com\/\",\"name\":\"comixburo.com\",\"description\":\"Cr\u00e9ateur de projets : Sketchbook d&#039;artistes !\",\"publisher\":{\"@id\":\"https:\/\/comixburo.com\/#organization\"},\"alternateName\":\"Comix Buro\",\"potentialAction\":[{\"@type\":\"SearchAction\",\"target\":{\"@type\":\"EntryPoint\",\"urlTemplate\":\"https:\/\/comixburo.com\/?s={search_term_string}\"},\"query-input\":{\"@type\":\"PropertyValueSpecification\",\"valueRequired\":true,\"valueName\":\"search_term_string\"}}],\"inLanguage\":\"en-GB\"},{\"@type\":\"Organization\",\"@id\":\"https:\/\/comixburo.com\/#organization\",\"name\":\"comixburo.com\",\"url\":\"https:\/\/comixburo.com\/\",\"logo\":{\"@type\":\"ImageObject\",\"inLanguage\":\"en-GB\",\"@id\":\"https:\/\/comixburo.com\/#\/schema\/logo\/image\/\",\"url\":\"https:\/\/comixburo.com\/wp-content\/uploads\/2025\/04\/logo-cxb-ROND.webp\",\"contentUrl\":\"https:\/\/comixburo.com\/wp-content\/uploads\/2025\/04\/logo-cxb-ROND.webp\",\"width\":200,\"height\":200,\"caption\":\"comixburo.com\"},\"image\":{\"@id\":\"https:\/\/comixburo.com\/#\/schema\/logo\/image\/\"},\"sameAs\":[\"https:\/\/www.facebook.com\/comixburo\",\"https:\/\/www.instagram.com\/comixburo\/\"]}]}<\/script>\n<!-- \/ Yoast SEO plugin. -->","yoast_head_json":{"title":"Tirage de luxe Tosca - Vall\u00e8s et Desberg - comixburo.com","description":"Tirage de luxe Tosca, exemplaires num\u00e9rot\u00e9s et sign\u00e9s. Livre artbook auteur \u00e9dition limit\u00e9e. Genre : Policier - Thriller_","robots":{"index":"index","follow":"follow","max-snippet":"max-snippet:-1","max-image-preview":"max-image-preview:large","max-video-preview":"max-video-preview:-1"},"canonical":"https:\/\/comixburo.com\/en\/product\/tirage-de-luxe-tosca\/","og_locale":"en_GB","og_type":"article","og_title":"Tirage de luxe Tosca - Vall\u00e8s et Desberg - comixburo.com","og_description":"Tirage de luxe Tosca, exemplaires num\u00e9rot\u00e9s et sign\u00e9s. Livre artbook auteur \u00e9dition limit\u00e9e. Genre : Policier - Thriller_","og_url":"https:\/\/comixburo.com\/en\/product\/tirage-de-luxe-tosca\/","og_site_name":"comixburo.com","article_publisher":"https:\/\/www.facebook.com\/comixburo","article_modified_time":"2025-05-06T09:13:55+00:00","og_image":[{"width":645,"height":873,"url":"https:\/\/comixburo.com\/wp-content\/uploads\/2025\/03\/T100-Tosca-comix-buro.webp","type":"image\/webp"}],"twitter_card":"summary_large_image","twitter_misc":{"Estimated reading time":"1 minute"},"schema":{"@context":"https:\/\/schema.org","@graph":[{"@type":"WebPage","@id":"https:\/\/comixburo.com\/produit\/tirage-de-luxe-tosca\/","url":"https:\/\/comixburo.com\/produit\/tirage-de-luxe-tosca\/","name":"Tirage de luxe Tosca - Vall\u00e8s et Desberg - comixburo.com","isPartOf":{"@id":"https:\/\/comixburo.com\/#website"},"primaryImageOfPage":{"@id":"https:\/\/comixburo.com\/produit\/tirage-de-luxe-tosca\/#primaryimage"},"image":{"@id":"https:\/\/comixburo.com\/produit\/tirage-de-luxe-tosca\/#primaryimage"},"thumbnailUrl":"https:\/\/comixburo.com\/wp-content\/uploads\/2025\/03\/T100-Tosca-comix-buro.webp","datePublished":"2025-03-28T10:11:12+00:00","dateModified":"2025-05-06T09:13:55+00:00","description":"Tirage de luxe Tosca, exemplaires num\u00e9rot\u00e9s et sign\u00e9s. Livre artbook auteur \u00e9dition limit\u00e9e. Genre : Policier - Thriller_","breadcrumb":{"@id":"https:\/\/comixburo.com\/produit\/tirage-de-luxe-tosca\/#breadcrumb"},"inLanguage":"en-GB","potentialAction":[{"@type":"ReadAction","target":["https:\/\/comixburo.com\/produit\/tirage-de-luxe-tosca\/"]}]},{"@type":"ImageObject","inLanguage":"en-GB","@id":"https:\/\/comixburo.com\/produit\/tirage-de-luxe-tosca\/#primaryimage","url":"https:\/\/comixburo.com\/wp-content\/uploads\/2025\/03\/T100-Tosca-comix-buro.webp","contentUrl":"https:\/\/comixburo.com\/wp-content\/uploads\/2025\/03\/T100-Tosca-comix-buro.webp","width":645,"height":873,"caption":"Tirage de luxe Tosca - Vall\u00e8s et Desberg"},{"@type":"BreadcrumbList","@id":"https:\/\/comixburo.com\/produit\/tirage-de-luxe-tosca\/#breadcrumb","itemListElement":[{"@type":"ListItem","position":1,"name":"Home","item":"https:\/\/comixburo.com\/"},{"@type":"ListItem","position":2,"name":"La boutique Comix Buro","item":"https:\/\/comixburo.com\/la-boutique-comix-buro\/"},{"@type":"ListItem","position":3,"name":"Tirage de luxe Tosca &#8211; Vall\u00e8s et Desberg"}]},{"@type":"WebSite","@id":"https:\/\/comixburo.com\/#website","url":"https:\/\/comixburo.com\/","name":"comixburo.com","description":"Cr\u00e9ateur de projets : Sketchbook d&#039;artistes !","publisher":{"@id":"https:\/\/comixburo.com\/#organization"},"alternateName":"Comix Buro","potentialAction":[{"@type":"SearchAction","target":{"@type":"EntryPoint","urlTemplate":"https:\/\/comixburo.com\/?s={search_term_string}"},"query-input":{"@type":"PropertyValueSpecification","valueRequired":true,"valueName":"search_term_string"}}],"inLanguage":"en-GB"},{"@type":"Organization","@id":"https:\/\/comixburo.com\/#organization","name":"comixburo.com","url":"https:\/\/comixburo.com\/","logo":{"@type":"ImageObject","inLanguage":"en-GB","@id":"https:\/\/comixburo.com\/#\/schema\/logo\/image\/","url":"https:\/\/comixburo.com\/wp-content\/uploads\/2025\/04\/logo-cxb-ROND.webp","contentUrl":"https:\/\/comixburo.com\/wp-content\/uploads\/2025\/04\/logo-cxb-ROND.webp","width":200,"height":200,"caption":"comixburo.com"},"image":{"@id":"https:\/\/comixburo.com\/#\/schema\/logo\/image\/"},"sameAs":["https:\/\/www.facebook.com\/comixburo","https:\/\/www.instagram.com\/comixburo\/"]}]}},"jetpack_sharing_enabled":true,"_links":{"self":[{"href":"https:\/\/comixburo.com\/en\/wp-json\/wp\/v2\/product\/18718","targetHints":{"allow":["GET"]}}],"collection":[{"href":"https:\/\/comixburo.com\/en\/wp-json\/wp\/v2\/product"}],"about":[{"href":"https:\/\/comixburo.com\/en\/wp-json\/wp\/v2\/types\/product"}],"replies":[{"embeddable":true,"href":"https:\/\/comixburo.com\/en\/wp-json\/wp\/v2\/comments?post=18718"}],"version-history":[{"count":4,"href":"https:\/\/comixburo.com\/en\/wp-json\/wp\/v2\/product\/18718\/revisions"}],"predecessor-version":[{"id":20050,"href":"https:\/\/comixburo.com\/en\/wp-json\/wp\/v2\/product\/18718\/revisions\/20050"}],"wp:featuredmedia":[{"embeddable":true,"href":"https:\/\/comixburo.com\/en\/wp-json\/wp\/v2\/media\/18720"}],"wp:attachment":[{"href":"https:\/\/comixburo.com\/en\/wp-json\/wp\/v2\/media?parent=18718"}],"wp:term":[{"taxonomy":"product_brand","embeddable":true,"href":"https:\/\/comixburo.com\/en\/wp-json\/wp\/v2\/product_brand?post=18718"},{"taxonomy":"product_cat","embeddable":true,"href":"https:\/\/comixburo.com\/en\/wp-json\/wp\/v2\/product_cat?post=18718"},{"taxonomy":"product_tag","embeddable":true,"href":"https:\/\/comixburo.com\/en\/wp-json\/wp\/v2\/product_tag?post=18718"}],"curies":[{"name":"wp","href":"https:\/\/api.w.org\/{rel}","templated":true}]}}