{"id":18731,"date":"2025-03-28T12:02:06","date_gmt":"2025-03-28T11:02:06","guid":{"rendered":"https:\/\/comixburo.com\/?post_type=product&#038;p=18731"},"modified":"2026-02-14T10:02:23","modified_gmt":"2026-02-14T09:02:23","slug":"john-blacksad-pare-a-tirer","status":"publish","type":"product","link":"https:\/\/comixburo.com\/en\/product\/john-blacksad-pare-a-tirer\/","title":{"rendered":"John Blacksad par\u00e9 \u00e0 tirer \u2013 Juanjo Guarnido"},"content":{"rendered":"<div data-elementor-type=\"wp-post\" data-elementor-id=\"18731\" class=\"elementor elementor-18731\">\n\t\t\t\t<div class=\"wd-negative-gap elementor-element elementor-element-18ecd3e7 e-flex e-con-boxed e-con e-parent\" data-id=\"18ecd3e7\" data-element_type=\"container\" data-e-type=\"container\">\n\t\t\t\t\t<div class=\"e-con-inner\">\n\t\t\t\t<div class=\"elementor-element elementor-element-72f11acd color-scheme-inherit text-left elementor-widget elementor-widget-text-editor\" data-id=\"72f11acd\" data-element_type=\"widget\" data-e-type=\"widget\" data-widget_type=\"text-editor.default\">\n\t\t\t\t<div class=\"elementor-widget-container\">\n\t\t\t\t\t\t\t\t\t<h1><strong>Statuette de John Blacksad par\u00e9 \u00e0 tirer \u2013 Juanjo Guarnido<br \/><\/strong><\/h1><h2>John Blacksad par\u00e9 \u00e0 tirer Juanjo Guarnido<\/h2><ul><li>R\u00e9f. : C830<\/li><li>Taille : 25 cm<\/li><li>Taille du socle : 15\u00d720 cm<\/li><li>Tirage : 600 ex. avec son certificat sign\u00e9 par Juanjo Guarnido.<\/li><li>Parution : 30 octobre 2023<\/li><\/ul><p>\u00a0<\/p><ul><li>Plongez dans l\u2019univers ATTAKUS de Blacksad et collectionnez les personnages de la BD culte !<\/li><li>Cette figurine en r\u00e9sine est une repr\u00e9sentation de John Blacksad, h\u00e9ros de la s\u00e9rie Blacksad de Juanjo Guarnido et Juan D\u00edaz Canales, publi\u00e9e aux \u00e9ditions Dargaud.<\/li><li>Elle est inspir\u00e9e de plusieurs dessins de Juanjo Guarnido, qui voulait une pose dynamique et h\u00e9lico\u00efdale.<\/li><li>Statuette de collection num\u00e9rot\u00e9e et limit\u00e9e \u00e0 600 exemplaires. Sculpt\u00e9e en France et peinte \u00e0 la main. Livr\u00e9e avec son certificat d\u2019authenticit\u00e9 Attakus.<\/li><\/ul>\t\t\t\t\t\t\t\t<\/div>\n\t\t\t\t<\/div>\n\t\t\t\t\t<\/div>\n\t\t\t\t<\/div>\n\t\t\t\t<\/div>","protected":false},"excerpt":{"rendered":"<h1>John Blacksad par\u00e9 \u00e0 tirer \u2013 Juanjo Guarnido<\/h1>","protected":false},"featured_media":18732,"comment_status":"open","ping_status":"closed","template":"","meta":[],"product_brand":[109,108],"product_cat":[111,106,93],"product_tag":[],"class_list":{"0":"post-18731","1":"product","2":"type-product","3":"status-publish","4":"has-post-thumbnail","6":"product_brand-attakus","7":"product_brand-comix-buro","8":"product_cat-attakus","9":"product_cat-statues","10":"product_cat-tous","12":"first","13":"instock","14":"taxable","15":"shipping-taxable","16":"purchasable","17":"product-type-simple"},"yoast_head":"<!-- This site is optimized with the Yoast SEO plugin v26.9 - https:\/\/yoast.com\/product\/yoast-seo-wordpress\/ -->\n<title>John Blacksad par\u00e9 \u00e0 tirer \u2013 Juanjo Guarnido - comixburo.com<\/title>\n<meta name=\"description\" content=\"Figurine en r\u00e9sine de John Blacksad par\u00e9 \u00e0 tirer. Tir\u00e9 de plusieurs dessins de Juanjo Guarnido. D\u00e9couvrez l\u2019univers de la BD culte Blacksad !\" \/>\n<meta name=\"robots\" content=\"index, follow, max-snippet:-1, max-image-preview:large, max-video-preview:-1\" \/>\n<link rel=\"canonical\" href=\"https:\/\/comixburo.com\/en\/product\/john-blacksad-pare-a-tirer\/\" \/>\n<meta property=\"og:locale\" content=\"en_GB\" \/>\n<meta property=\"og:type\" content=\"article\" \/>\n<meta property=\"og:title\" content=\"John Blacksad par\u00e9 \u00e0 tirer \u2013 Juanjo Guarnido - comixburo.com\" \/>\n<meta property=\"og:description\" content=\"Figurine en r\u00e9sine de John Blacksad par\u00e9 \u00e0 tirer. Tir\u00e9 de plusieurs dessins de Juanjo Guarnido. D\u00e9couvrez l\u2019univers de la BD culte Blacksad !\" \/>\n<meta property=\"og:url\" content=\"https:\/\/comixburo.com\/en\/product\/john-blacksad-pare-a-tirer\/\" \/>\n<meta property=\"og:site_name\" content=\"comixburo.com\" \/>\n<meta property=\"article:publisher\" content=\"https:\/\/www.facebook.com\/comixburo\" \/>\n<meta property=\"article:modified_time\" content=\"2026-02-14T09:02:23+00:00\" \/>\n<meta property=\"og:image\" content=\"https:\/\/comixburo.com\/wp-content\/uploads\/2025\/03\/C830-john-blacksad-pare-a-tirer-attakus-face.webp\" \/>\n\t<meta property=\"og:image:width\" content=\"674\" \/>\n\t<meta property=\"og:image:height\" content=\"1000\" \/>\n\t<meta property=\"og:image:type\" content=\"image\/webp\" \/>\n<meta name=\"twitter:card\" content=\"summary_large_image\" \/>\n<meta name=\"twitter:label1\" content=\"Estimated reading time\" \/>\n\t<meta name=\"twitter:data1\" content=\"1 minute\" \/>\n<script type=\"application\/ld+json\" class=\"yoast-schema-graph\">{\"@context\":\"https:\/\/schema.org\",\"@graph\":[{\"@type\":\"WebPage\",\"@id\":\"https:\/\/comixburo.com\/produit\/john-blacksad-pare-a-tirer\/\",\"url\":\"https:\/\/comixburo.com\/produit\/john-blacksad-pare-a-tirer\/\",\"name\":\"John Blacksad par\u00e9 \u00e0 tirer \u2013 Juanjo Guarnido - comixburo.com\",\"isPartOf\":{\"@id\":\"https:\/\/comixburo.com\/#website\"},\"primaryImageOfPage\":{\"@id\":\"https:\/\/comixburo.com\/produit\/john-blacksad-pare-a-tirer\/#primaryimage\"},\"image\":{\"@id\":\"https:\/\/comixburo.com\/produit\/john-blacksad-pare-a-tirer\/#primaryimage\"},\"thumbnailUrl\":\"https:\/\/comixburo.com\/wp-content\/uploads\/2025\/03\/C830-john-blacksad-pare-a-tirer-attakus-face.webp\",\"datePublished\":\"2025-03-28T11:02:06+00:00\",\"dateModified\":\"2026-02-14T09:02:23+00:00\",\"description\":\"Figurine en r\u00e9sine de John Blacksad par\u00e9 \u00e0 tirer. Tir\u00e9 de plusieurs dessins de Juanjo Guarnido. D\u00e9couvrez l\u2019univers de la BD culte Blacksad !\",\"breadcrumb\":{\"@id\":\"https:\/\/comixburo.com\/produit\/john-blacksad-pare-a-tirer\/#breadcrumb\"},\"inLanguage\":\"en-GB\",\"potentialAction\":[{\"@type\":\"ReadAction\",\"target\":[\"https:\/\/comixburo.com\/produit\/john-blacksad-pare-a-tirer\/\"]}]},{\"@type\":\"ImageObject\",\"inLanguage\":\"en-GB\",\"@id\":\"https:\/\/comixburo.com\/produit\/john-blacksad-pare-a-tirer\/#primaryimage\",\"url\":\"https:\/\/comixburo.com\/wp-content\/uploads\/2025\/03\/C830-john-blacksad-pare-a-tirer-attakus-face.webp\",\"contentUrl\":\"https:\/\/comixburo.com\/wp-content\/uploads\/2025\/03\/C830-john-blacksad-pare-a-tirer-attakus-face.webp\",\"width\":674,\"height\":1000,\"caption\":\"John Blacksad par\u00e9 \u00e0 tirer \u2013 Juanjo Guarnido\"},{\"@type\":\"BreadcrumbList\",\"@id\":\"https:\/\/comixburo.com\/produit\/john-blacksad-pare-a-tirer\/#breadcrumb\",\"itemListElement\":[{\"@type\":\"ListItem\",\"position\":1,\"name\":\"Home\",\"item\":\"https:\/\/comixburo.com\/\"},{\"@type\":\"ListItem\",\"position\":2,\"name\":\"La boutique Comix Buro\",\"item\":\"https:\/\/comixburo.com\/la-boutique-comix-buro\/\"},{\"@type\":\"ListItem\",\"position\":3,\"name\":\"John Blacksad par\u00e9 \u00e0 tirer \u2013 Juanjo Guarnido\"}]},{\"@type\":\"WebSite\",\"@id\":\"https:\/\/comixburo.com\/#website\",\"url\":\"https:\/\/comixburo.com\/\",\"name\":\"comixburo.com\",\"description\":\"Cr\u00e9ateur de projets : Sketchbook d&#039;artistes !\",\"publisher\":{\"@id\":\"https:\/\/comixburo.com\/#organization\"},\"alternateName\":\"Comix Buro\",\"potentialAction\":[{\"@type\":\"SearchAction\",\"target\":{\"@type\":\"EntryPoint\",\"urlTemplate\":\"https:\/\/comixburo.com\/?s={search_term_string}\"},\"query-input\":{\"@type\":\"PropertyValueSpecification\",\"valueRequired\":true,\"valueName\":\"search_term_string\"}}],\"inLanguage\":\"en-GB\"},{\"@type\":\"Organization\",\"@id\":\"https:\/\/comixburo.com\/#organization\",\"name\":\"comixburo.com\",\"url\":\"https:\/\/comixburo.com\/\",\"logo\":{\"@type\":\"ImageObject\",\"inLanguage\":\"en-GB\",\"@id\":\"https:\/\/comixburo.com\/#\/schema\/logo\/image\/\",\"url\":\"https:\/\/comixburo.com\/wp-content\/uploads\/2025\/04\/logo-cxb-ROND.webp\",\"contentUrl\":\"https:\/\/comixburo.com\/wp-content\/uploads\/2025\/04\/logo-cxb-ROND.webp\",\"width\":200,\"height\":200,\"caption\":\"comixburo.com\"},\"image\":{\"@id\":\"https:\/\/comixburo.com\/#\/schema\/logo\/image\/\"},\"sameAs\":[\"https:\/\/www.facebook.com\/comixburo\",\"https:\/\/www.instagram.com\/comixburo\/\"]}]}<\/script>\n<!-- \/ Yoast SEO plugin. -->","yoast_head_json":{"title":"John Blacksad par\u00e9 \u00e0 tirer \u2013 Juanjo Guarnido - comixburo.com","description":"Figurine en r\u00e9sine de John Blacksad par\u00e9 \u00e0 tirer. Tir\u00e9 de plusieurs dessins de Juanjo Guarnido. D\u00e9couvrez l\u2019univers de la BD culte Blacksad !","robots":{"index":"index","follow":"follow","max-snippet":"max-snippet:-1","max-image-preview":"max-image-preview:large","max-video-preview":"max-video-preview:-1"},"canonical":"https:\/\/comixburo.com\/en\/product\/john-blacksad-pare-a-tirer\/","og_locale":"en_GB","og_type":"article","og_title":"John Blacksad par\u00e9 \u00e0 tirer \u2013 Juanjo Guarnido - comixburo.com","og_description":"Figurine en r\u00e9sine de John Blacksad par\u00e9 \u00e0 tirer. Tir\u00e9 de plusieurs dessins de Juanjo Guarnido. D\u00e9couvrez l\u2019univers de la BD culte Blacksad !","og_url":"https:\/\/comixburo.com\/en\/product\/john-blacksad-pare-a-tirer\/","og_site_name":"comixburo.com","article_publisher":"https:\/\/www.facebook.com\/comixburo","article_modified_time":"2026-02-14T09:02:23+00:00","og_image":[{"width":674,"height":1000,"url":"https:\/\/comixburo.com\/wp-content\/uploads\/2025\/03\/C830-john-blacksad-pare-a-tirer-attakus-face.webp","type":"image\/webp"}],"twitter_card":"summary_large_image","twitter_misc":{"Estimated reading time":"1 minute"},"schema":{"@context":"https:\/\/schema.org","@graph":[{"@type":"WebPage","@id":"https:\/\/comixburo.com\/produit\/john-blacksad-pare-a-tirer\/","url":"https:\/\/comixburo.com\/produit\/john-blacksad-pare-a-tirer\/","name":"John Blacksad par\u00e9 \u00e0 tirer \u2013 Juanjo Guarnido - comixburo.com","isPartOf":{"@id":"https:\/\/comixburo.com\/#website"},"primaryImageOfPage":{"@id":"https:\/\/comixburo.com\/produit\/john-blacksad-pare-a-tirer\/#primaryimage"},"image":{"@id":"https:\/\/comixburo.com\/produit\/john-blacksad-pare-a-tirer\/#primaryimage"},"thumbnailUrl":"https:\/\/comixburo.com\/wp-content\/uploads\/2025\/03\/C830-john-blacksad-pare-a-tirer-attakus-face.webp","datePublished":"2025-03-28T11:02:06+00:00","dateModified":"2026-02-14T09:02:23+00:00","description":"Figurine en r\u00e9sine de John Blacksad par\u00e9 \u00e0 tirer. Tir\u00e9 de plusieurs dessins de Juanjo Guarnido. D\u00e9couvrez l\u2019univers de la BD culte Blacksad !","breadcrumb":{"@id":"https:\/\/comixburo.com\/produit\/john-blacksad-pare-a-tirer\/#breadcrumb"},"inLanguage":"en-GB","potentialAction":[{"@type":"ReadAction","target":["https:\/\/comixburo.com\/produit\/john-blacksad-pare-a-tirer\/"]}]},{"@type":"ImageObject","inLanguage":"en-GB","@id":"https:\/\/comixburo.com\/produit\/john-blacksad-pare-a-tirer\/#primaryimage","url":"https:\/\/comixburo.com\/wp-content\/uploads\/2025\/03\/C830-john-blacksad-pare-a-tirer-attakus-face.webp","contentUrl":"https:\/\/comixburo.com\/wp-content\/uploads\/2025\/03\/C830-john-blacksad-pare-a-tirer-attakus-face.webp","width":674,"height":1000,"caption":"John Blacksad par\u00e9 \u00e0 tirer \u2013 Juanjo Guarnido"},{"@type":"BreadcrumbList","@id":"https:\/\/comixburo.com\/produit\/john-blacksad-pare-a-tirer\/#breadcrumb","itemListElement":[{"@type":"ListItem","position":1,"name":"Home","item":"https:\/\/comixburo.com\/"},{"@type":"ListItem","position":2,"name":"La boutique Comix Buro","item":"https:\/\/comixburo.com\/la-boutique-comix-buro\/"},{"@type":"ListItem","position":3,"name":"John Blacksad par\u00e9 \u00e0 tirer \u2013 Juanjo Guarnido"}]},{"@type":"WebSite","@id":"https:\/\/comixburo.com\/#website","url":"https:\/\/comixburo.com\/","name":"comixburo.com","description":"Cr\u00e9ateur de projets : Sketchbook d&#039;artistes !","publisher":{"@id":"https:\/\/comixburo.com\/#organization"},"alternateName":"Comix Buro","potentialAction":[{"@type":"SearchAction","target":{"@type":"EntryPoint","urlTemplate":"https:\/\/comixburo.com\/?s={search_term_string}"},"query-input":{"@type":"PropertyValueSpecification","valueRequired":true,"valueName":"search_term_string"}}],"inLanguage":"en-GB"},{"@type":"Organization","@id":"https:\/\/comixburo.com\/#organization","name":"comixburo.com","url":"https:\/\/comixburo.com\/","logo":{"@type":"ImageObject","inLanguage":"en-GB","@id":"https:\/\/comixburo.com\/#\/schema\/logo\/image\/","url":"https:\/\/comixburo.com\/wp-content\/uploads\/2025\/04\/logo-cxb-ROND.webp","contentUrl":"https:\/\/comixburo.com\/wp-content\/uploads\/2025\/04\/logo-cxb-ROND.webp","width":200,"height":200,"caption":"comixburo.com"},"image":{"@id":"https:\/\/comixburo.com\/#\/schema\/logo\/image\/"},"sameAs":["https:\/\/www.facebook.com\/comixburo","https:\/\/www.instagram.com\/comixburo\/"]}]}},"jetpack_sharing_enabled":true,"_links":{"self":[{"href":"https:\/\/comixburo.com\/en\/wp-json\/wp\/v2\/product\/18731","targetHints":{"allow":["GET"]}}],"collection":[{"href":"https:\/\/comixburo.com\/en\/wp-json\/wp\/v2\/product"}],"about":[{"href":"https:\/\/comixburo.com\/en\/wp-json\/wp\/v2\/types\/product"}],"replies":[{"embeddable":true,"href":"https:\/\/comixburo.com\/en\/wp-json\/wp\/v2\/comments?post=18731"}],"version-history":[{"count":7,"href":"https:\/\/comixburo.com\/en\/wp-json\/wp\/v2\/product\/18731\/revisions"}],"predecessor-version":[{"id":20043,"href":"https:\/\/comixburo.com\/en\/wp-json\/wp\/v2\/product\/18731\/revisions\/20043"}],"wp:featuredmedia":[{"embeddable":true,"href":"https:\/\/comixburo.com\/en\/wp-json\/wp\/v2\/media\/18732"}],"wp:attachment":[{"href":"https:\/\/comixburo.com\/en\/wp-json\/wp\/v2\/media?parent=18731"}],"wp:term":[{"taxonomy":"product_brand","embeddable":true,"href":"https:\/\/comixburo.com\/en\/wp-json\/wp\/v2\/product_brand?post=18731"},{"taxonomy":"product_cat","embeddable":true,"href":"https:\/\/comixburo.com\/en\/wp-json\/wp\/v2\/product_cat?post=18731"},{"taxonomy":"product_tag","embeddable":true,"href":"https:\/\/comixburo.com\/en\/wp-json\/wp\/v2\/product_tag?post=18731"}],"curies":[{"name":"wp","href":"https:\/\/api.w.org\/{rel}","templated":true}]}}