{"id":18734,"date":"2025-03-28T12:20:52","date_gmt":"2025-03-28T11:20:52","guid":{"rendered":"https:\/\/comixburo.com\/?post_type=product&#038;p=18734"},"modified":"2026-02-14T10:02:44","modified_gmt":"2026-02-14T09:02:44","slug":"buste-iris-allen-blacksad","status":"publish","type":"product","link":"https:\/\/comixburo.com\/en\/product\/buste-iris-allen-blacksad\/","title":{"rendered":"Buste Iris Allen \u2013 Blacksad Juanjo Guarnido"},"content":{"rendered":"<h2 class=\"fiche-produit\">Statuette de collection Iris Allen \u2013 BD Blacksad Juanjo Guarnido et Juan D\u00edaz Canal\u00e8s<\/h2>\n<ul>\n<li>Iris Allen<\/li>\n<li>R\u00e9f. : B435<\/li>\n<li>Limit\u00e9e \u00e0 1500 ex.<\/li>\n<li>Taille : 16.5 cm<\/li>\n<\/ul>\n<p>Plongez dans l\u2019univers de Blacksad et collectionnez les personnages de la BD culte !!<br \/>\nBuste en r\u00e9sine d\u2019Iris Allen, d\u2019apr\u00e8s la s\u00e9rie de bande dessin\u00e9e Blacksad de Juanjo Guarnido et Juan D\u00edaz Canales.<br \/>\nStatuette de collection num\u00e9rot\u00e9e et limit\u00e9e. Sculpt\u00e9e en France et peinte \u00e0 la main. Livr\u00e9e avec son certificat d\u2019authenticit\u00e9 Attakus.<\/p>\n<h3>Apparition du personnage d\u2019Iris Allen<\/h3>\n<p>Iris Allen est une Alpaga. Elle endosse le r\u00f4le de directrice de la troupe de th\u00e9\u00e2tre \u00e0 laquelle appartient Rachel Zucco. Elle est \u00e9galement la veuve de Luis Allen, dont la disparition ne semble pas \u00e9trang\u00e8re \u00e0 l\u2019ascencion du magnat de l\u2019immobilier Solomon. Son apparition se fait dans le tome 6 \u00ab\u00a0Alors tout tombe\u00a0\u00bb lorsque l\u2019avenir de sa troupe est mis en danger par un certain projet immobilier, dirig\u00e9 par un certain Solomon\u2026<\/p>\n<h3>La bande-dessin\u00e9e\u00a0<strong>Blacksad<\/strong><\/h3>\n<p>Tous les personnages sont des animaux anthropomorphes dont l\u2019esp\u00e8ce refl\u00e8te le caract\u00e8re ainsi que le r\u00f4le dans l\u2019histoire.<br \/>\nLe h\u00e9ros, John Blacksad est un chat noir \u00e0 museau blanc exer\u00e7ant comme d\u00e9tective priv\u00e9.<br \/>\nEn 6 tomes, la s\u00e9rie Blacksad, cr\u00e9\u00e9e par Juanjo Guarnido et Juan D\u00edaz Canal\u00e8s, a r\u00e9ussi \u00e0 s\u2019imposer comme une r\u00e9f\u00e9rence de la BD contemporaine en enthousiasmant aussi bien le public que la critique.<br \/>\nPour ceux qui ne le connaissent pas encore, John Blacksad est un d\u00e9tective, un chat noir \u00e0 la truffe blanche, qui aime les jolies minettes et qui tra\u00eene ses pattes dans l\u2019Am\u00e9rique des ann\u00e9es 50.<\/p>\n<p>Charme d\u00e9vastateur, virilit\u00e9 romantique, allure myst\u00e9rieuse et f\u00e9line\u2026 Le h\u00e9ros \u00e9volue dans une atmosph\u00e8re de polar entour\u00e9 de personnages anthropomorphiques tous plus charismatiques les uns que les autres.<\/p>\n<h3>D\u00e9j\u00e0 6 Tomes !<\/h3>\n<p>***<br \/>\nEn 6 tomes (bient\u00f4t 7 !), la s\u00e9rie\u00a0<em><strong>Blacksad<\/strong><\/em>, cr\u00e9\u00e9e par Juanjo Guarnido et Juan D\u00edaz Canal\u00e8s, a r\u00e9ussi \u00e0 s\u2019imposer comme une r\u00e9f\u00e9rence de la BD contemporaine en enthousiasmant aussi bien le public que la critique. Pour ceux qui ne le connaissent pas encore, John Blacksad est un d\u00e9tective, un chat noir \u00e0 la truffe blanche qui tra\u00eene ses pattes dans l\u2019Am\u00e9rique des ann\u00e9es 50. Charme d\u00e9vastateur mais n\u00e9anmoins romantique, allure myst\u00e9rieuse et\u00a0<a href=\"https:\/\/attakus.art\/produit\/faust-lachapelle-statuette-figurine-de-collection-blacksad-attakus\/\" target=\"_blank\" rel=\"noopener\">f<\/a>\u00e9line\u2026 Notre h\u00e9ros \u00e9volue dans une atmosph\u00e8re sombre de polar entour\u00e9 d\u2019une galerie de personnages anthropomorphiques tous plus charismatiques les uns que les autres.<\/p>\n<p>ATTAKUS vous propose donc de red\u00e9couvrir tous ces personnages gr\u00e2ce \u00e0 sa collection de bustes Blacksad en \u00e9dition limit\u00e9e.<\/p>","protected":false},"excerpt":{"rendered":"<p>Iris Allen est la directrice de la troupe de th\u00e9\u00e2tre dans laquelle figure Rachel Zucco. D\u00e9termin\u00e9e \u00e0 ne pas se laisser chasser par l\u2019avidit\u00e9 du magnat de l\u2019immobilier\u00a0 Lewis Solomon, elle est pr\u00eate \u00e0 se battre pour d\u00e9fendre l\u2019existence de sa troupe. D\u00e9couvrez l\u2019univers Blacksad imagin\u00e9 par Juanjo Guarnido et Juan D\u00edaz Canal\u00e8s au travers de cette s\u00e9rie de magnifiques bustes \u00e0 collectionner sans mod\u00e9ration !<\/p>","protected":false},"featured_media":18735,"comment_status":"open","ping_status":"closed","template":"","meta":[],"product_brand":[109,108],"product_cat":[111,106,93],"product_tag":[],"class_list":{"0":"post-18734","1":"product","2":"type-product","3":"status-publish","4":"has-post-thumbnail","6":"product_brand-attakus","7":"product_brand-comix-buro","8":"product_cat-attakus","9":"product_cat-statues","10":"product_cat-tous","12":"first","13":"instock","14":"taxable","15":"shipping-taxable","16":"purchasable","17":"product-type-simple"},"yoast_head":"<!-- This site is optimized with the Yoast SEO plugin v26.9 - https:\/\/yoast.com\/product\/yoast-seo-wordpress\/ -->\n<title>Buste Iris Allen \u2013 Blacksad Juanjo Guarnido - comixburo.com<\/title>\n<meta name=\"description\" content=\"Buste d&#039;Iris Allen. Collection des bustes Attakus Blacksad, tir\u00e9s de la BD de Juanjo Guarnido et Juan Diaz Canales ! livr\u00e9 avec certificat.\" \/>\n<meta name=\"robots\" content=\"index, follow, max-snippet:-1, max-image-preview:large, max-video-preview:-1\" \/>\n<link rel=\"canonical\" href=\"https:\/\/comixburo.com\/en\/product\/buste-iris-allen-blacksad\/\" \/>\n<meta property=\"og:locale\" content=\"en_GB\" \/>\n<meta property=\"og:type\" content=\"article\" \/>\n<meta property=\"og:title\" content=\"Buste Iris Allen \u2013 Blacksad Juanjo Guarnido - comixburo.com\" \/>\n<meta property=\"og:description\" content=\"Buste d&#039;Iris Allen. Collection des bustes Attakus Blacksad, tir\u00e9s de la BD de Juanjo Guarnido et Juan Diaz Canales ! livr\u00e9 avec certificat.\" \/>\n<meta property=\"og:url\" content=\"https:\/\/comixburo.com\/en\/product\/buste-iris-allen-blacksad\/\" \/>\n<meta property=\"og:site_name\" content=\"comixburo.com\" \/>\n<meta property=\"article:publisher\" content=\"https:\/\/www.facebook.com\/comixburo\" \/>\n<meta property=\"article:modified_time\" content=\"2026-02-14T09:02:44+00:00\" \/>\n<meta property=\"og:image\" content=\"https:\/\/comixburo.com\/wp-content\/uploads\/2025\/03\/B435-iris-allen-attakus-face.webp\" \/>\n\t<meta property=\"og:image:width\" content=\"674\" \/>\n\t<meta property=\"og:image:height\" content=\"1000\" \/>\n\t<meta property=\"og:image:type\" content=\"image\/webp\" \/>\n<meta name=\"twitter:card\" content=\"summary_large_image\" \/>\n<meta name=\"twitter:label1\" content=\"Estimated reading time\" \/>\n\t<meta name=\"twitter:data1\" content=\"3 minutes\" \/>\n<script type=\"application\/ld+json\" class=\"yoast-schema-graph\">{\"@context\":\"https:\/\/schema.org\",\"@graph\":[{\"@type\":\"WebPage\",\"@id\":\"https:\/\/comixburo.com\/produit\/buste-iris-allen-blacksad\/\",\"url\":\"https:\/\/comixburo.com\/produit\/buste-iris-allen-blacksad\/\",\"name\":\"Buste Iris Allen \u2013 Blacksad Juanjo Guarnido - comixburo.com\",\"isPartOf\":{\"@id\":\"https:\/\/comixburo.com\/#website\"},\"primaryImageOfPage\":{\"@id\":\"https:\/\/comixburo.com\/produit\/buste-iris-allen-blacksad\/#primaryimage\"},\"image\":{\"@id\":\"https:\/\/comixburo.com\/produit\/buste-iris-allen-blacksad\/#primaryimage\"},\"thumbnailUrl\":\"https:\/\/comixburo.com\/wp-content\/uploads\/2025\/03\/B435-iris-allen-attakus-face.webp\",\"datePublished\":\"2025-03-28T11:20:52+00:00\",\"dateModified\":\"2026-02-14T09:02:44+00:00\",\"description\":\"Buste d'Iris Allen. Collection des bustes Attakus Blacksad, tir\u00e9s de la BD de Juanjo Guarnido et Juan Diaz Canales ! livr\u00e9 avec certificat.\",\"breadcrumb\":{\"@id\":\"https:\/\/comixburo.com\/produit\/buste-iris-allen-blacksad\/#breadcrumb\"},\"inLanguage\":\"en-GB\",\"potentialAction\":[{\"@type\":\"ReadAction\",\"target\":[\"https:\/\/comixburo.com\/produit\/buste-iris-allen-blacksad\/\"]}]},{\"@type\":\"ImageObject\",\"inLanguage\":\"en-GB\",\"@id\":\"https:\/\/comixburo.com\/produit\/buste-iris-allen-blacksad\/#primaryimage\",\"url\":\"https:\/\/comixburo.com\/wp-content\/uploads\/2025\/03\/B435-iris-allen-attakus-face.webp\",\"contentUrl\":\"https:\/\/comixburo.com\/wp-content\/uploads\/2025\/03\/B435-iris-allen-attakus-face.webp\",\"width\":674,\"height\":1000},{\"@type\":\"BreadcrumbList\",\"@id\":\"https:\/\/comixburo.com\/produit\/buste-iris-allen-blacksad\/#breadcrumb\",\"itemListElement\":[{\"@type\":\"ListItem\",\"position\":1,\"name\":\"Home\",\"item\":\"https:\/\/comixburo.com\/\"},{\"@type\":\"ListItem\",\"position\":2,\"name\":\"La boutique Comix Buro\",\"item\":\"https:\/\/comixburo.com\/la-boutique-comix-buro\/\"},{\"@type\":\"ListItem\",\"position\":3,\"name\":\"Buste Iris Allen \u2013 Blacksad Juanjo Guarnido\"}]},{\"@type\":\"WebSite\",\"@id\":\"https:\/\/comixburo.com\/#website\",\"url\":\"https:\/\/comixburo.com\/\",\"name\":\"comixburo.com\",\"description\":\"Cr\u00e9ateur de projets : Sketchbook d&#039;artistes !\",\"publisher\":{\"@id\":\"https:\/\/comixburo.com\/#organization\"},\"alternateName\":\"Comix Buro\",\"potentialAction\":[{\"@type\":\"SearchAction\",\"target\":{\"@type\":\"EntryPoint\",\"urlTemplate\":\"https:\/\/comixburo.com\/?s={search_term_string}\"},\"query-input\":{\"@type\":\"PropertyValueSpecification\",\"valueRequired\":true,\"valueName\":\"search_term_string\"}}],\"inLanguage\":\"en-GB\"},{\"@type\":\"Organization\",\"@id\":\"https:\/\/comixburo.com\/#organization\",\"name\":\"comixburo.com\",\"url\":\"https:\/\/comixburo.com\/\",\"logo\":{\"@type\":\"ImageObject\",\"inLanguage\":\"en-GB\",\"@id\":\"https:\/\/comixburo.com\/#\/schema\/logo\/image\/\",\"url\":\"https:\/\/comixburo.com\/wp-content\/uploads\/2025\/04\/logo-cxb-ROND.webp\",\"contentUrl\":\"https:\/\/comixburo.com\/wp-content\/uploads\/2025\/04\/logo-cxb-ROND.webp\",\"width\":200,\"height\":200,\"caption\":\"comixburo.com\"},\"image\":{\"@id\":\"https:\/\/comixburo.com\/#\/schema\/logo\/image\/\"},\"sameAs\":[\"https:\/\/www.facebook.com\/comixburo\",\"https:\/\/www.instagram.com\/comixburo\/\"]}]}<\/script>\n<!-- \/ Yoast SEO plugin. -->","yoast_head_json":{"title":"Buste Iris Allen \u2013 Blacksad Juanjo Guarnido - comixburo.com","description":"Buste d'Iris Allen. Collection des bustes Attakus Blacksad, tir\u00e9s de la BD de Juanjo Guarnido et Juan Diaz Canales ! livr\u00e9 avec certificat.","robots":{"index":"index","follow":"follow","max-snippet":"max-snippet:-1","max-image-preview":"max-image-preview:large","max-video-preview":"max-video-preview:-1"},"canonical":"https:\/\/comixburo.com\/en\/product\/buste-iris-allen-blacksad\/","og_locale":"en_GB","og_type":"article","og_title":"Buste Iris Allen \u2013 Blacksad Juanjo Guarnido - comixburo.com","og_description":"Buste d'Iris Allen. Collection des bustes Attakus Blacksad, tir\u00e9s de la BD de Juanjo Guarnido et Juan Diaz Canales ! livr\u00e9 avec certificat.","og_url":"https:\/\/comixburo.com\/en\/product\/buste-iris-allen-blacksad\/","og_site_name":"comixburo.com","article_publisher":"https:\/\/www.facebook.com\/comixburo","article_modified_time":"2026-02-14T09:02:44+00:00","og_image":[{"width":674,"height":1000,"url":"https:\/\/comixburo.com\/wp-content\/uploads\/2025\/03\/B435-iris-allen-attakus-face.webp","type":"image\/webp"}],"twitter_card":"summary_large_image","twitter_misc":{"Estimated reading time":"3 minutes"},"schema":{"@context":"https:\/\/schema.org","@graph":[{"@type":"WebPage","@id":"https:\/\/comixburo.com\/produit\/buste-iris-allen-blacksad\/","url":"https:\/\/comixburo.com\/produit\/buste-iris-allen-blacksad\/","name":"Buste Iris Allen \u2013 Blacksad Juanjo Guarnido - comixburo.com","isPartOf":{"@id":"https:\/\/comixburo.com\/#website"},"primaryImageOfPage":{"@id":"https:\/\/comixburo.com\/produit\/buste-iris-allen-blacksad\/#primaryimage"},"image":{"@id":"https:\/\/comixburo.com\/produit\/buste-iris-allen-blacksad\/#primaryimage"},"thumbnailUrl":"https:\/\/comixburo.com\/wp-content\/uploads\/2025\/03\/B435-iris-allen-attakus-face.webp","datePublished":"2025-03-28T11:20:52+00:00","dateModified":"2026-02-14T09:02:44+00:00","description":"Buste d'Iris Allen. Collection des bustes Attakus Blacksad, tir\u00e9s de la BD de Juanjo Guarnido et Juan Diaz Canales ! livr\u00e9 avec certificat.","breadcrumb":{"@id":"https:\/\/comixburo.com\/produit\/buste-iris-allen-blacksad\/#breadcrumb"},"inLanguage":"en-GB","potentialAction":[{"@type":"ReadAction","target":["https:\/\/comixburo.com\/produit\/buste-iris-allen-blacksad\/"]}]},{"@type":"ImageObject","inLanguage":"en-GB","@id":"https:\/\/comixburo.com\/produit\/buste-iris-allen-blacksad\/#primaryimage","url":"https:\/\/comixburo.com\/wp-content\/uploads\/2025\/03\/B435-iris-allen-attakus-face.webp","contentUrl":"https:\/\/comixburo.com\/wp-content\/uploads\/2025\/03\/B435-iris-allen-attakus-face.webp","width":674,"height":1000},{"@type":"BreadcrumbList","@id":"https:\/\/comixburo.com\/produit\/buste-iris-allen-blacksad\/#breadcrumb","itemListElement":[{"@type":"ListItem","position":1,"name":"Home","item":"https:\/\/comixburo.com\/"},{"@type":"ListItem","position":2,"name":"La boutique Comix Buro","item":"https:\/\/comixburo.com\/la-boutique-comix-buro\/"},{"@type":"ListItem","position":3,"name":"Buste Iris Allen \u2013 Blacksad Juanjo Guarnido"}]},{"@type":"WebSite","@id":"https:\/\/comixburo.com\/#website","url":"https:\/\/comixburo.com\/","name":"comixburo.com","description":"Cr\u00e9ateur de projets : Sketchbook d&#039;artistes !","publisher":{"@id":"https:\/\/comixburo.com\/#organization"},"alternateName":"Comix Buro","potentialAction":[{"@type":"SearchAction","target":{"@type":"EntryPoint","urlTemplate":"https:\/\/comixburo.com\/?s={search_term_string}"},"query-input":{"@type":"PropertyValueSpecification","valueRequired":true,"valueName":"search_term_string"}}],"inLanguage":"en-GB"},{"@type":"Organization","@id":"https:\/\/comixburo.com\/#organization","name":"comixburo.com","url":"https:\/\/comixburo.com\/","logo":{"@type":"ImageObject","inLanguage":"en-GB","@id":"https:\/\/comixburo.com\/#\/schema\/logo\/image\/","url":"https:\/\/comixburo.com\/wp-content\/uploads\/2025\/04\/logo-cxb-ROND.webp","contentUrl":"https:\/\/comixburo.com\/wp-content\/uploads\/2025\/04\/logo-cxb-ROND.webp","width":200,"height":200,"caption":"comixburo.com"},"image":{"@id":"https:\/\/comixburo.com\/#\/schema\/logo\/image\/"},"sameAs":["https:\/\/www.facebook.com\/comixburo","https:\/\/www.instagram.com\/comixburo\/"]}]}},"jetpack_sharing_enabled":true,"_links":{"self":[{"href":"https:\/\/comixburo.com\/en\/wp-json\/wp\/v2\/product\/18734","targetHints":{"allow":["GET"]}}],"collection":[{"href":"https:\/\/comixburo.com\/en\/wp-json\/wp\/v2\/product"}],"about":[{"href":"https:\/\/comixburo.com\/en\/wp-json\/wp\/v2\/types\/product"}],"replies":[{"embeddable":true,"href":"https:\/\/comixburo.com\/en\/wp-json\/wp\/v2\/comments?post=18734"}],"version-history":[{"count":2,"href":"https:\/\/comixburo.com\/en\/wp-json\/wp\/v2\/product\/18734\/revisions"}],"predecessor-version":[{"id":20029,"href":"https:\/\/comixburo.com\/en\/wp-json\/wp\/v2\/product\/18734\/revisions\/20029"}],"wp:featuredmedia":[{"embeddable":true,"href":"https:\/\/comixburo.com\/en\/wp-json\/wp\/v2\/media\/18735"}],"wp:attachment":[{"href":"https:\/\/comixburo.com\/en\/wp-json\/wp\/v2\/media?parent=18734"}],"wp:term":[{"taxonomy":"product_brand","embeddable":true,"href":"https:\/\/comixburo.com\/en\/wp-json\/wp\/v2\/product_brand?post=18734"},{"taxonomy":"product_cat","embeddable":true,"href":"https:\/\/comixburo.com\/en\/wp-json\/wp\/v2\/product_cat?post=18734"},{"taxonomy":"product_tag","embeddable":true,"href":"https:\/\/comixburo.com\/en\/wp-json\/wp\/v2\/product_tag?post=18734"}],"curies":[{"name":"wp","href":"https:\/\/api.w.org\/{rel}","templated":true}]}}