{"id":18740,"date":"2025-03-28T12:25:58","date_gmt":"2025-03-28T11:25:58","guid":{"rendered":"https:\/\/comixburo.com\/?post_type=product&#038;p=18740"},"modified":"2026-02-14T10:04:16","modified_gmt":"2026-02-14T09:04:16","slug":"buste-rachel-zucco-blacksad","status":"publish","type":"product","link":"https:\/\/comixburo.com\/en\/product\/buste-rachel-zucco-blacksad\/","title":{"rendered":"Buste Rachel Zucco \u2013 Blacksad Juanjo Guarnido"},"content":{"rendered":"<h2 class=\"fiche-produit\">Statuette de collection Rachel Zucco \u2013 BD Blacksad Juanjo Guarnido et Juan D\u00edaz Canal\u00e8s<\/h2>\n<p>Rachel Zucco<\/p>\n<ul>\n<li>R\u00e9f. : B436<\/li>\n<li>Limit\u00e9e \u00e0 1500 ex.<\/li>\n<li>Taille : 14 cm<\/li>\n<\/ul>\n<p>Plongez dans l\u2019univers de Blacksad et collectionnez les personnages de la BD culte !!<br \/>\nBuste en r\u00e9sine de Rachel Zucco, d\u2019apr\u00e8s la s\u00e9rie de bande dessin\u00e9e Blacksad de Juanjo Guarnido et Juan D\u00edaz Canales.<br \/>\nStatuette de collection num\u00e9rot\u00e9e et limit\u00e9e. Sculpt\u00e9e en France et peinte \u00e0 la main. Livr\u00e9e avec son certificat d\u2019authenticit\u00e9 Attakus.<\/p>\n<h3>Apparition du personnage Rachel Zucco<\/h3>\n<p>Rachel appara\u00eet pour la premi\u00e8re fois dans le deuxi\u00e8me volume de la s\u00e9rie, intitul\u00e9 \u00ab\u00a0Artic-Nation\u00a0\u00bb. Elle est une journaliste qui travaille pour le journal \u00ab\u00a0M\u00e9t\u00e9o\u00a0\u00bb, mais elle est en train de pr\u00e9parer un article d\u2019investigation sur les activit\u00e9s criminelles du gang \u00ab\u00a0Artic-Nation\u00a0\u00bb. Elle est \u00e0 la recherche d\u2019informations sur la mani\u00e8re dont le gang op\u00e8re et sur les liens qu\u2019il entretient avec les politiciens et les forces de police corrompus. Dans le Tome 6 \u00ab\u00a0Alors tout tombe\u00a0\u00bb elle fait partie de la troupe de th\u00e9\u00e2tre dirig\u00e9e par Iris Allen.<\/p>\n<h3>La bande-dessin\u00e9e\u00a0<strong>Blacksad<\/strong><\/h3>\n<p>Tous les personnages sont des animaux anthropomorphes dont l\u2019esp\u00e8ce refl\u00e8te le caract\u00e8re ainsi que le r\u00f4le dans l\u2019histoire.<br \/>\nLe h\u00e9ros, John Blacksad est un chat noir \u00e0 museau blanc exer\u00e7ant comme d\u00e9tective priv\u00e9.<br \/>\nEn 6 tomes, la s\u00e9rie Blacksad, cr\u00e9\u00e9e par Juanjo Guarnido et Juan D\u00edaz Canal\u00e8s, a r\u00e9ussi \u00e0 s\u2019imposer comme une r\u00e9f\u00e9rence de la BD contemporaine en enthousiasmant aussi bien le public que la critique.<br \/>\nPour ceux qui ne le connaissent pas encore, John Blacksad est un d\u00e9tective, un chat noir \u00e0 la truffe blanche, qui aime les jolies minettes et qui tra\u00eene ses pattes dans l\u2019Am\u00e9rique des ann\u00e9es 50.<\/p>\n<p>Charme d\u00e9vastateur, virilit\u00e9 romantique, allure myst\u00e9rieuse et f\u00e9line\u2026 Le h\u00e9ros \u00e9volue dans une atmosph\u00e8re de polar entour\u00e9 de personnages anthropomorphiques tous plus charismatiques les uns que les autres.<\/p>","protected":false},"excerpt":{"rendered":"<p>Rachel Zucco est une renarde argent\u00e9e qui fait partie de la troupe de th\u00e9\u00e2tre d\u2019Iris Allen dans le tome 6 \u00ab\u00a0Alors, tout tombe\u00a0\u00bb. Elle ne laisse pas Weekly indiff\u00e9rent\u2026 D\u00e9couvrez l\u2019univers Blacksad imagin\u00e9 par Juanjo Guarnido et Juan D\u00edaz Canal\u00e8s au travers de cette s\u00e9rie de magnifiques bustes \u00e0 collectionner sans mod\u00e9ration !<\/p>","protected":false},"featured_media":18741,"comment_status":"open","ping_status":"closed","template":"","meta":[],"product_brand":[109,108],"product_cat":[111,106,93],"product_tag":[],"class_list":{"0":"post-18740","1":"product","2":"type-product","3":"status-publish","4":"has-post-thumbnail","6":"product_brand-attakus","7":"product_brand-comix-buro","8":"product_cat-attakus","9":"product_cat-statues","10":"product_cat-tous","12":"first","13":"instock","14":"taxable","15":"shipping-taxable","16":"purchasable","17":"product-type-simple"},"yoast_head":"<!-- This site is optimized with the Yoast SEO plugin v26.9 - https:\/\/yoast.com\/product\/yoast-seo-wordpress\/ -->\n<title>Buste Rachel Zucco \u2013 Blacksad Juanjo Guarnido - comixburo.com<\/title>\n<meta name=\"description\" content=\"Buste de Rachel Zucco. Collection des bustes Attakus Blacksad, tir\u00e9s de la BD de Juanjo Guarnido et Juan Diaz Canales ! Livr\u00e9 avec certificat d&#039;authenticit\u00e9\" \/>\n<meta name=\"robots\" content=\"index, follow, max-snippet:-1, max-image-preview:large, max-video-preview:-1\" \/>\n<link rel=\"canonical\" href=\"https:\/\/comixburo.com\/en\/product\/buste-rachel-zucco-blacksad\/\" \/>\n<meta property=\"og:locale\" content=\"en_GB\" \/>\n<meta property=\"og:type\" content=\"article\" \/>\n<meta property=\"og:title\" content=\"Buste Rachel Zucco \u2013 Blacksad Juanjo Guarnido - comixburo.com\" \/>\n<meta property=\"og:description\" content=\"Buste de Rachel Zucco. Collection des bustes Attakus Blacksad, tir\u00e9s de la BD de Juanjo Guarnido et Juan Diaz Canales ! Livr\u00e9 avec certificat d&#039;authenticit\u00e9\" \/>\n<meta property=\"og:url\" content=\"https:\/\/comixburo.com\/en\/product\/buste-rachel-zucco-blacksad\/\" \/>\n<meta property=\"og:site_name\" content=\"comixburo.com\" \/>\n<meta property=\"article:publisher\" content=\"https:\/\/www.facebook.com\/comixburo\" \/>\n<meta property=\"article:modified_time\" content=\"2026-02-14T09:04:16+00:00\" \/>\n<meta property=\"og:image\" content=\"https:\/\/comixburo.com\/wp-content\/uploads\/2025\/03\/B436-rachel-zucco-attakus-face.webp\" \/>\n\t<meta property=\"og:image:width\" content=\"674\" \/>\n\t<meta property=\"og:image:height\" content=\"1000\" \/>\n\t<meta property=\"og:image:type\" content=\"image\/webp\" \/>\n<meta name=\"twitter:card\" content=\"summary_large_image\" \/>\n<meta name=\"twitter:label1\" content=\"Estimated reading time\" \/>\n\t<meta name=\"twitter:data1\" content=\"2 minutes\" \/>\n<script type=\"application\/ld+json\" class=\"yoast-schema-graph\">{\"@context\":\"https:\/\/schema.org\",\"@graph\":[{\"@type\":\"WebPage\",\"@id\":\"https:\/\/comixburo.com\/produit\/buste-rachel-zucco-blacksad\/\",\"url\":\"https:\/\/comixburo.com\/produit\/buste-rachel-zucco-blacksad\/\",\"name\":\"Buste Rachel Zucco \u2013 Blacksad Juanjo Guarnido - comixburo.com\",\"isPartOf\":{\"@id\":\"https:\/\/comixburo.com\/#website\"},\"primaryImageOfPage\":{\"@id\":\"https:\/\/comixburo.com\/produit\/buste-rachel-zucco-blacksad\/#primaryimage\"},\"image\":{\"@id\":\"https:\/\/comixburo.com\/produit\/buste-rachel-zucco-blacksad\/#primaryimage\"},\"thumbnailUrl\":\"https:\/\/comixburo.com\/wp-content\/uploads\/2025\/03\/B436-rachel-zucco-attakus-face.webp\",\"datePublished\":\"2025-03-28T11:25:58+00:00\",\"dateModified\":\"2026-02-14T09:04:16+00:00\",\"description\":\"Buste de Rachel Zucco. Collection des bustes Attakus Blacksad, tir\u00e9s de la BD de Juanjo Guarnido et Juan Diaz Canales ! Livr\u00e9 avec certificat d'authenticit\u00e9\",\"breadcrumb\":{\"@id\":\"https:\/\/comixburo.com\/produit\/buste-rachel-zucco-blacksad\/#breadcrumb\"},\"inLanguage\":\"en-GB\",\"potentialAction\":[{\"@type\":\"ReadAction\",\"target\":[\"https:\/\/comixburo.com\/produit\/buste-rachel-zucco-blacksad\/\"]}]},{\"@type\":\"ImageObject\",\"inLanguage\":\"en-GB\",\"@id\":\"https:\/\/comixburo.com\/produit\/buste-rachel-zucco-blacksad\/#primaryimage\",\"url\":\"https:\/\/comixburo.com\/wp-content\/uploads\/2025\/03\/B436-rachel-zucco-attakus-face.webp\",\"contentUrl\":\"https:\/\/comixburo.com\/wp-content\/uploads\/2025\/03\/B436-rachel-zucco-attakus-face.webp\",\"width\":674,\"height\":1000},{\"@type\":\"BreadcrumbList\",\"@id\":\"https:\/\/comixburo.com\/produit\/buste-rachel-zucco-blacksad\/#breadcrumb\",\"itemListElement\":[{\"@type\":\"ListItem\",\"position\":1,\"name\":\"Home\",\"item\":\"https:\/\/comixburo.com\/\"},{\"@type\":\"ListItem\",\"position\":2,\"name\":\"La boutique Comix Buro\",\"item\":\"https:\/\/comixburo.com\/la-boutique-comix-buro\/\"},{\"@type\":\"ListItem\",\"position\":3,\"name\":\"Buste Rachel Zucco \u2013 Blacksad Juanjo Guarnido\"}]},{\"@type\":\"WebSite\",\"@id\":\"https:\/\/comixburo.com\/#website\",\"url\":\"https:\/\/comixburo.com\/\",\"name\":\"comixburo.com\",\"description\":\"Cr\u00e9ateur de projets : Sketchbook d&#039;artistes !\",\"publisher\":{\"@id\":\"https:\/\/comixburo.com\/#organization\"},\"alternateName\":\"Comix Buro\",\"potentialAction\":[{\"@type\":\"SearchAction\",\"target\":{\"@type\":\"EntryPoint\",\"urlTemplate\":\"https:\/\/comixburo.com\/?s={search_term_string}\"},\"query-input\":{\"@type\":\"PropertyValueSpecification\",\"valueRequired\":true,\"valueName\":\"search_term_string\"}}],\"inLanguage\":\"en-GB\"},{\"@type\":\"Organization\",\"@id\":\"https:\/\/comixburo.com\/#organization\",\"name\":\"comixburo.com\",\"url\":\"https:\/\/comixburo.com\/\",\"logo\":{\"@type\":\"ImageObject\",\"inLanguage\":\"en-GB\",\"@id\":\"https:\/\/comixburo.com\/#\/schema\/logo\/image\/\",\"url\":\"https:\/\/comixburo.com\/wp-content\/uploads\/2025\/04\/logo-cxb-ROND.webp\",\"contentUrl\":\"https:\/\/comixburo.com\/wp-content\/uploads\/2025\/04\/logo-cxb-ROND.webp\",\"width\":200,\"height\":200,\"caption\":\"comixburo.com\"},\"image\":{\"@id\":\"https:\/\/comixburo.com\/#\/schema\/logo\/image\/\"},\"sameAs\":[\"https:\/\/www.facebook.com\/comixburo\",\"https:\/\/www.instagram.com\/comixburo\/\"]}]}<\/script>\n<!-- \/ Yoast SEO plugin. -->","yoast_head_json":{"title":"Buste Rachel Zucco \u2013 Blacksad Juanjo Guarnido - comixburo.com","description":"Buste de Rachel Zucco. Collection des bustes Attakus Blacksad, tir\u00e9s de la BD de Juanjo Guarnido et Juan Diaz Canales ! Livr\u00e9 avec certificat d'authenticit\u00e9","robots":{"index":"index","follow":"follow","max-snippet":"max-snippet:-1","max-image-preview":"max-image-preview:large","max-video-preview":"max-video-preview:-1"},"canonical":"https:\/\/comixburo.com\/en\/product\/buste-rachel-zucco-blacksad\/","og_locale":"en_GB","og_type":"article","og_title":"Buste Rachel Zucco \u2013 Blacksad Juanjo Guarnido - comixburo.com","og_description":"Buste de Rachel Zucco. Collection des bustes Attakus Blacksad, tir\u00e9s de la BD de Juanjo Guarnido et Juan Diaz Canales ! Livr\u00e9 avec certificat d'authenticit\u00e9","og_url":"https:\/\/comixburo.com\/en\/product\/buste-rachel-zucco-blacksad\/","og_site_name":"comixburo.com","article_publisher":"https:\/\/www.facebook.com\/comixburo","article_modified_time":"2026-02-14T09:04:16+00:00","og_image":[{"width":674,"height":1000,"url":"https:\/\/comixburo.com\/wp-content\/uploads\/2025\/03\/B436-rachel-zucco-attakus-face.webp","type":"image\/webp"}],"twitter_card":"summary_large_image","twitter_misc":{"Estimated reading time":"2 minutes"},"schema":{"@context":"https:\/\/schema.org","@graph":[{"@type":"WebPage","@id":"https:\/\/comixburo.com\/produit\/buste-rachel-zucco-blacksad\/","url":"https:\/\/comixburo.com\/produit\/buste-rachel-zucco-blacksad\/","name":"Buste Rachel Zucco \u2013 Blacksad Juanjo Guarnido - comixburo.com","isPartOf":{"@id":"https:\/\/comixburo.com\/#website"},"primaryImageOfPage":{"@id":"https:\/\/comixburo.com\/produit\/buste-rachel-zucco-blacksad\/#primaryimage"},"image":{"@id":"https:\/\/comixburo.com\/produit\/buste-rachel-zucco-blacksad\/#primaryimage"},"thumbnailUrl":"https:\/\/comixburo.com\/wp-content\/uploads\/2025\/03\/B436-rachel-zucco-attakus-face.webp","datePublished":"2025-03-28T11:25:58+00:00","dateModified":"2026-02-14T09:04:16+00:00","description":"Buste de Rachel Zucco. Collection des bustes Attakus Blacksad, tir\u00e9s de la BD de Juanjo Guarnido et Juan Diaz Canales ! Livr\u00e9 avec certificat d'authenticit\u00e9","breadcrumb":{"@id":"https:\/\/comixburo.com\/produit\/buste-rachel-zucco-blacksad\/#breadcrumb"},"inLanguage":"en-GB","potentialAction":[{"@type":"ReadAction","target":["https:\/\/comixburo.com\/produit\/buste-rachel-zucco-blacksad\/"]}]},{"@type":"ImageObject","inLanguage":"en-GB","@id":"https:\/\/comixburo.com\/produit\/buste-rachel-zucco-blacksad\/#primaryimage","url":"https:\/\/comixburo.com\/wp-content\/uploads\/2025\/03\/B436-rachel-zucco-attakus-face.webp","contentUrl":"https:\/\/comixburo.com\/wp-content\/uploads\/2025\/03\/B436-rachel-zucco-attakus-face.webp","width":674,"height":1000},{"@type":"BreadcrumbList","@id":"https:\/\/comixburo.com\/produit\/buste-rachel-zucco-blacksad\/#breadcrumb","itemListElement":[{"@type":"ListItem","position":1,"name":"Home","item":"https:\/\/comixburo.com\/"},{"@type":"ListItem","position":2,"name":"La boutique Comix Buro","item":"https:\/\/comixburo.com\/la-boutique-comix-buro\/"},{"@type":"ListItem","position":3,"name":"Buste Rachel Zucco \u2013 Blacksad Juanjo Guarnido"}]},{"@type":"WebSite","@id":"https:\/\/comixburo.com\/#website","url":"https:\/\/comixburo.com\/","name":"comixburo.com","description":"Cr\u00e9ateur de projets : Sketchbook d&#039;artistes !","publisher":{"@id":"https:\/\/comixburo.com\/#organization"},"alternateName":"Comix Buro","potentialAction":[{"@type":"SearchAction","target":{"@type":"EntryPoint","urlTemplate":"https:\/\/comixburo.com\/?s={search_term_string}"},"query-input":{"@type":"PropertyValueSpecification","valueRequired":true,"valueName":"search_term_string"}}],"inLanguage":"en-GB"},{"@type":"Organization","@id":"https:\/\/comixburo.com\/#organization","name":"comixburo.com","url":"https:\/\/comixburo.com\/","logo":{"@type":"ImageObject","inLanguage":"en-GB","@id":"https:\/\/comixburo.com\/#\/schema\/logo\/image\/","url":"https:\/\/comixburo.com\/wp-content\/uploads\/2025\/04\/logo-cxb-ROND.webp","contentUrl":"https:\/\/comixburo.com\/wp-content\/uploads\/2025\/04\/logo-cxb-ROND.webp","width":200,"height":200,"caption":"comixburo.com"},"image":{"@id":"https:\/\/comixburo.com\/#\/schema\/logo\/image\/"},"sameAs":["https:\/\/www.facebook.com\/comixburo","https:\/\/www.instagram.com\/comixburo\/"]}]}},"jetpack_sharing_enabled":true,"_links":{"self":[{"href":"https:\/\/comixburo.com\/en\/wp-json\/wp\/v2\/product\/18740","targetHints":{"allow":["GET"]}}],"collection":[{"href":"https:\/\/comixburo.com\/en\/wp-json\/wp\/v2\/product"}],"about":[{"href":"https:\/\/comixburo.com\/en\/wp-json\/wp\/v2\/types\/product"}],"replies":[{"embeddable":true,"href":"https:\/\/comixburo.com\/en\/wp-json\/wp\/v2\/comments?post=18740"}],"version-history":[{"count":2,"href":"https:\/\/comixburo.com\/en\/wp-json\/wp\/v2\/product\/18740\/revisions"}],"predecessor-version":[{"id":20027,"href":"https:\/\/comixburo.com\/en\/wp-json\/wp\/v2\/product\/18740\/revisions\/20027"}],"wp:featuredmedia":[{"embeddable":true,"href":"https:\/\/comixburo.com\/en\/wp-json\/wp\/v2\/media\/18741"}],"wp:attachment":[{"href":"https:\/\/comixburo.com\/en\/wp-json\/wp\/v2\/media?parent=18740"}],"wp:term":[{"taxonomy":"product_brand","embeddable":true,"href":"https:\/\/comixburo.com\/en\/wp-json\/wp\/v2\/product_brand?post=18740"},{"taxonomy":"product_cat","embeddable":true,"href":"https:\/\/comixburo.com\/en\/wp-json\/wp\/v2\/product_cat?post=18740"},{"taxonomy":"product_tag","embeddable":true,"href":"https:\/\/comixburo.com\/en\/wp-json\/wp\/v2\/product_tag?post=18740"}],"curies":[{"name":"wp","href":"https:\/\/api.w.org\/{rel}","templated":true}]}}