{"id":18743,"date":"2025-03-28T12:27:48","date_gmt":"2025-03-28T11:27:48","guid":{"rendered":"https:\/\/comixburo.com\/?post_type=product&#038;p=18743"},"modified":"2026-02-14T10:04:06","modified_gmt":"2026-02-14T09:04:06","slug":"buste-john-blacksad-2","status":"publish","type":"product","link":"https:\/\/comixburo.com\/en\/product\/buste-john-blacksad-2\/","title":{"rendered":"Buste John Blacksad #2 Juanjo Guarnido"},"content":{"rendered":"<h3><strong>Buste John Blacksad #2 \u2013 BD Blacksad Juanjo Guarnido et Juan D\u00edaz Canal\u00e8s<\/strong><\/h3>\n<p>Buste John Blacksad #2<br \/>\nR\u00e9f : B425<br \/>\nTirage : num\u00e9rot\u00e9<br \/>\nHauteur : 17 cm<\/p>\n<ul>\n<li>Plongez dans l\u2019univers de <a href=\"https:\/\/www.dargaud.com\/bd\/blacksad\/blacksad\" target=\"_blank\" rel=\"noopener\">Blacksad<\/a>\u00a0et collectionnez les personnages de la BD culte !!<\/li>\n<li>Buste en r\u00e9sine de John Blacksad #2, h\u00e9ros de la s\u00e9rie de bande dessin\u00e9e Blacksad de Juanjo Guarnido et Juan D\u00edaz Canales.<\/li>\n<li>Statuette de collection num\u00e9rot\u00e9e. Sculpt\u00e9e en France et peinte \u00e0 la main. Livr\u00e9e avec son certificat d\u2019authenticit\u00e9 Attakus.<\/li>\n<\/ul>\n<p>ATTAKUS vous propose de red\u00e9couvrir tous ces personnages gr\u00e2ce \u00e0 sa collection de bustes Blacksad en \u00e9dition limit\u00e9e.<br \/>\nPlus de 25 bustes d\u00e9j\u00e0 dans la collection !<\/p>","protected":false},"excerpt":{"rendered":"<p>John Blacksad (n\u00e9 en 1926) est un chat noir d\u00e9tective priv\u00e9. Enfant grandissant dans les bas-fonds de New-York, il y apprend \u00e0 se battre et se fait r\u00e9guli\u00e8rement poursuivre par la police. Le fils du pasteur local, le professeur Otto Lieber, le tire un jour d\u2019un mauvais pas en lui accordant une \u00ab seconde chance \u00bb. D\u00e9couvrez l\u2019univers Blacksad imagin\u00e9 par Juanjo Guarnido au travers de cette s\u00e9rie de magnifiques bustes \u00e0 collectionner sans mod\u00e9ration.<\/p>","protected":false},"featured_media":18744,"comment_status":"open","ping_status":"closed","template":"","meta":[],"product_brand":[109,108],"product_cat":[111,106,93],"product_tag":[],"class_list":{"0":"post-18743","1":"product","2":"type-product","3":"status-publish","4":"has-post-thumbnail","6":"product_brand-attakus","7":"product_brand-comix-buro","8":"product_cat-attakus","9":"product_cat-statues","10":"product_cat-tous","12":"first","13":"instock","14":"taxable","15":"shipping-taxable","16":"purchasable","17":"product-type-simple"},"yoast_head":"<!-- This site is optimized with the Yoast SEO plugin v26.9 - https:\/\/yoast.com\/product\/yoast-seo-wordpress\/ -->\n<title>Buste John Blacksad #2 Juanjo Guarnido - comixburo.com<\/title>\n<meta name=\"description\" content=\"Buste John Blacksad #2. Collection des Bustes Blacksad Attakus. BD Blacksad de Juanjo Guarnido et Juan D\u00edaz Canales. Attakus\" \/>\n<meta name=\"robots\" content=\"index, follow, max-snippet:-1, max-image-preview:large, max-video-preview:-1\" \/>\n<link rel=\"canonical\" href=\"https:\/\/comixburo.com\/en\/product\/buste-john-blacksad-2\/\" \/>\n<meta property=\"og:locale\" content=\"en_GB\" \/>\n<meta property=\"og:type\" content=\"article\" \/>\n<meta property=\"og:title\" content=\"Buste John Blacksad #2 Juanjo Guarnido - comixburo.com\" \/>\n<meta property=\"og:description\" content=\"Buste John Blacksad #2. Collection des Bustes Blacksad Attakus. BD Blacksad de Juanjo Guarnido et Juan D\u00edaz Canales. Attakus\" \/>\n<meta property=\"og:url\" content=\"https:\/\/comixburo.com\/en\/product\/buste-john-blacksad-2\/\" \/>\n<meta property=\"og:site_name\" content=\"comixburo.com\" \/>\n<meta property=\"article:publisher\" content=\"https:\/\/www.facebook.com\/comixburo\" \/>\n<meta property=\"article:modified_time\" content=\"2026-02-14T09:04:06+00:00\" \/>\n<meta property=\"og:image\" content=\"https:\/\/comixburo.com\/wp-content\/uploads\/2025\/03\/B425-john-blacksad-2-attakus-face.webp\" \/>\n\t<meta property=\"og:image:width\" content=\"674\" \/>\n\t<meta property=\"og:image:height\" content=\"1000\" \/>\n\t<meta property=\"og:image:type\" content=\"image\/webp\" \/>\n<meta name=\"twitter:card\" content=\"summary_large_image\" \/>\n<meta name=\"twitter:label1\" content=\"Estimated reading time\" \/>\n\t<meta name=\"twitter:data1\" content=\"1 minute\" \/>\n<script type=\"application\/ld+json\" class=\"yoast-schema-graph\">{\"@context\":\"https:\/\/schema.org\",\"@graph\":[{\"@type\":\"WebPage\",\"@id\":\"https:\/\/comixburo.com\/produit\/buste-john-blacksad-2\/\",\"url\":\"https:\/\/comixburo.com\/produit\/buste-john-blacksad-2\/\",\"name\":\"Buste John Blacksad #2 Juanjo Guarnido - comixburo.com\",\"isPartOf\":{\"@id\":\"https:\/\/comixburo.com\/#website\"},\"primaryImageOfPage\":{\"@id\":\"https:\/\/comixburo.com\/produit\/buste-john-blacksad-2\/#primaryimage\"},\"image\":{\"@id\":\"https:\/\/comixburo.com\/produit\/buste-john-blacksad-2\/#primaryimage\"},\"thumbnailUrl\":\"https:\/\/comixburo.com\/wp-content\/uploads\/2025\/03\/B425-john-blacksad-2-attakus-face.webp\",\"datePublished\":\"2025-03-28T11:27:48+00:00\",\"dateModified\":\"2026-02-14T09:04:06+00:00\",\"description\":\"Buste John Blacksad #2. Collection des Bustes Blacksad Attakus. BD Blacksad de Juanjo Guarnido et Juan D\u00edaz Canales. Attakus\",\"breadcrumb\":{\"@id\":\"https:\/\/comixburo.com\/produit\/buste-john-blacksad-2\/#breadcrumb\"},\"inLanguage\":\"en-GB\",\"potentialAction\":[{\"@type\":\"ReadAction\",\"target\":[\"https:\/\/comixburo.com\/produit\/buste-john-blacksad-2\/\"]}]},{\"@type\":\"ImageObject\",\"inLanguage\":\"en-GB\",\"@id\":\"https:\/\/comixburo.com\/produit\/buste-john-blacksad-2\/#primaryimage\",\"url\":\"https:\/\/comixburo.com\/wp-content\/uploads\/2025\/03\/B425-john-blacksad-2-attakus-face.webp\",\"contentUrl\":\"https:\/\/comixburo.com\/wp-content\/uploads\/2025\/03\/B425-john-blacksad-2-attakus-face.webp\",\"width\":674,\"height\":1000},{\"@type\":\"BreadcrumbList\",\"@id\":\"https:\/\/comixburo.com\/produit\/buste-john-blacksad-2\/#breadcrumb\",\"itemListElement\":[{\"@type\":\"ListItem\",\"position\":1,\"name\":\"Home\",\"item\":\"https:\/\/comixburo.com\/\"},{\"@type\":\"ListItem\",\"position\":2,\"name\":\"La boutique Comix Buro\",\"item\":\"https:\/\/comixburo.com\/la-boutique-comix-buro\/\"},{\"@type\":\"ListItem\",\"position\":3,\"name\":\"Buste John Blacksad #2 Juanjo Guarnido\"}]},{\"@type\":\"WebSite\",\"@id\":\"https:\/\/comixburo.com\/#website\",\"url\":\"https:\/\/comixburo.com\/\",\"name\":\"comixburo.com\",\"description\":\"Cr\u00e9ateur de projets : Sketchbook d&#039;artistes !\",\"publisher\":{\"@id\":\"https:\/\/comixburo.com\/#organization\"},\"alternateName\":\"Comix Buro\",\"potentialAction\":[{\"@type\":\"SearchAction\",\"target\":{\"@type\":\"EntryPoint\",\"urlTemplate\":\"https:\/\/comixburo.com\/?s={search_term_string}\"},\"query-input\":{\"@type\":\"PropertyValueSpecification\",\"valueRequired\":true,\"valueName\":\"search_term_string\"}}],\"inLanguage\":\"en-GB\"},{\"@type\":\"Organization\",\"@id\":\"https:\/\/comixburo.com\/#organization\",\"name\":\"comixburo.com\",\"url\":\"https:\/\/comixburo.com\/\",\"logo\":{\"@type\":\"ImageObject\",\"inLanguage\":\"en-GB\",\"@id\":\"https:\/\/comixburo.com\/#\/schema\/logo\/image\/\",\"url\":\"https:\/\/comixburo.com\/wp-content\/uploads\/2025\/04\/logo-cxb-ROND.webp\",\"contentUrl\":\"https:\/\/comixburo.com\/wp-content\/uploads\/2025\/04\/logo-cxb-ROND.webp\",\"width\":200,\"height\":200,\"caption\":\"comixburo.com\"},\"image\":{\"@id\":\"https:\/\/comixburo.com\/#\/schema\/logo\/image\/\"},\"sameAs\":[\"https:\/\/www.facebook.com\/comixburo\",\"https:\/\/www.instagram.com\/comixburo\/\"]}]}<\/script>\n<!-- \/ Yoast SEO plugin. -->","yoast_head_json":{"title":"Buste John Blacksad #2 Juanjo Guarnido - comixburo.com","description":"Buste John Blacksad #2. Collection des Bustes Blacksad Attakus. BD Blacksad de Juanjo Guarnido et Juan D\u00edaz Canales. Attakus","robots":{"index":"index","follow":"follow","max-snippet":"max-snippet:-1","max-image-preview":"max-image-preview:large","max-video-preview":"max-video-preview:-1"},"canonical":"https:\/\/comixburo.com\/en\/product\/buste-john-blacksad-2\/","og_locale":"en_GB","og_type":"article","og_title":"Buste John Blacksad #2 Juanjo Guarnido - comixburo.com","og_description":"Buste John Blacksad #2. Collection des Bustes Blacksad Attakus. BD Blacksad de Juanjo Guarnido et Juan D\u00edaz Canales. Attakus","og_url":"https:\/\/comixburo.com\/en\/product\/buste-john-blacksad-2\/","og_site_name":"comixburo.com","article_publisher":"https:\/\/www.facebook.com\/comixburo","article_modified_time":"2026-02-14T09:04:06+00:00","og_image":[{"width":674,"height":1000,"url":"https:\/\/comixburo.com\/wp-content\/uploads\/2025\/03\/B425-john-blacksad-2-attakus-face.webp","type":"image\/webp"}],"twitter_card":"summary_large_image","twitter_misc":{"Estimated reading time":"1 minute"},"schema":{"@context":"https:\/\/schema.org","@graph":[{"@type":"WebPage","@id":"https:\/\/comixburo.com\/produit\/buste-john-blacksad-2\/","url":"https:\/\/comixburo.com\/produit\/buste-john-blacksad-2\/","name":"Buste John Blacksad #2 Juanjo Guarnido - comixburo.com","isPartOf":{"@id":"https:\/\/comixburo.com\/#website"},"primaryImageOfPage":{"@id":"https:\/\/comixburo.com\/produit\/buste-john-blacksad-2\/#primaryimage"},"image":{"@id":"https:\/\/comixburo.com\/produit\/buste-john-blacksad-2\/#primaryimage"},"thumbnailUrl":"https:\/\/comixburo.com\/wp-content\/uploads\/2025\/03\/B425-john-blacksad-2-attakus-face.webp","datePublished":"2025-03-28T11:27:48+00:00","dateModified":"2026-02-14T09:04:06+00:00","description":"Buste John Blacksad #2. Collection des Bustes Blacksad Attakus. BD Blacksad de Juanjo Guarnido et Juan D\u00edaz Canales. Attakus","breadcrumb":{"@id":"https:\/\/comixburo.com\/produit\/buste-john-blacksad-2\/#breadcrumb"},"inLanguage":"en-GB","potentialAction":[{"@type":"ReadAction","target":["https:\/\/comixburo.com\/produit\/buste-john-blacksad-2\/"]}]},{"@type":"ImageObject","inLanguage":"en-GB","@id":"https:\/\/comixburo.com\/produit\/buste-john-blacksad-2\/#primaryimage","url":"https:\/\/comixburo.com\/wp-content\/uploads\/2025\/03\/B425-john-blacksad-2-attakus-face.webp","contentUrl":"https:\/\/comixburo.com\/wp-content\/uploads\/2025\/03\/B425-john-blacksad-2-attakus-face.webp","width":674,"height":1000},{"@type":"BreadcrumbList","@id":"https:\/\/comixburo.com\/produit\/buste-john-blacksad-2\/#breadcrumb","itemListElement":[{"@type":"ListItem","position":1,"name":"Home","item":"https:\/\/comixburo.com\/"},{"@type":"ListItem","position":2,"name":"La boutique Comix Buro","item":"https:\/\/comixburo.com\/la-boutique-comix-buro\/"},{"@type":"ListItem","position":3,"name":"Buste John Blacksad #2 Juanjo Guarnido"}]},{"@type":"WebSite","@id":"https:\/\/comixburo.com\/#website","url":"https:\/\/comixburo.com\/","name":"comixburo.com","description":"Cr\u00e9ateur de projets : Sketchbook d&#039;artistes !","publisher":{"@id":"https:\/\/comixburo.com\/#organization"},"alternateName":"Comix Buro","potentialAction":[{"@type":"SearchAction","target":{"@type":"EntryPoint","urlTemplate":"https:\/\/comixburo.com\/?s={search_term_string}"},"query-input":{"@type":"PropertyValueSpecification","valueRequired":true,"valueName":"search_term_string"}}],"inLanguage":"en-GB"},{"@type":"Organization","@id":"https:\/\/comixburo.com\/#organization","name":"comixburo.com","url":"https:\/\/comixburo.com\/","logo":{"@type":"ImageObject","inLanguage":"en-GB","@id":"https:\/\/comixburo.com\/#\/schema\/logo\/image\/","url":"https:\/\/comixburo.com\/wp-content\/uploads\/2025\/04\/logo-cxb-ROND.webp","contentUrl":"https:\/\/comixburo.com\/wp-content\/uploads\/2025\/04\/logo-cxb-ROND.webp","width":200,"height":200,"caption":"comixburo.com"},"image":{"@id":"https:\/\/comixburo.com\/#\/schema\/logo\/image\/"},"sameAs":["https:\/\/www.facebook.com\/comixburo","https:\/\/www.instagram.com\/comixburo\/"]}]}},"jetpack_sharing_enabled":true,"_links":{"self":[{"href":"https:\/\/comixburo.com\/en\/wp-json\/wp\/v2\/product\/18743","targetHints":{"allow":["GET"]}}],"collection":[{"href":"https:\/\/comixburo.com\/en\/wp-json\/wp\/v2\/product"}],"about":[{"href":"https:\/\/comixburo.com\/en\/wp-json\/wp\/v2\/types\/product"}],"replies":[{"embeddable":true,"href":"https:\/\/comixburo.com\/en\/wp-json\/wp\/v2\/comments?post=18743"}],"version-history":[{"count":3,"href":"https:\/\/comixburo.com\/en\/wp-json\/wp\/v2\/product\/18743\/revisions"}],"predecessor-version":[{"id":20026,"href":"https:\/\/comixburo.com\/en\/wp-json\/wp\/v2\/product\/18743\/revisions\/20026"}],"wp:featuredmedia":[{"embeddable":true,"href":"https:\/\/comixburo.com\/en\/wp-json\/wp\/v2\/media\/18744"}],"wp:attachment":[{"href":"https:\/\/comixburo.com\/en\/wp-json\/wp\/v2\/media?parent=18743"}],"wp:term":[{"taxonomy":"product_brand","embeddable":true,"href":"https:\/\/comixburo.com\/en\/wp-json\/wp\/v2\/product_brand?post=18743"},{"taxonomy":"product_cat","embeddable":true,"href":"https:\/\/comixburo.com\/en\/wp-json\/wp\/v2\/product_cat?post=18743"},{"taxonomy":"product_tag","embeddable":true,"href":"https:\/\/comixburo.com\/en\/wp-json\/wp\/v2\/product_tag?post=18743"}],"curies":[{"name":"wp","href":"https:\/\/api.w.org\/{rel}","templated":true}]}}