{"id":18749,"date":"2025-03-28T12:30:52","date_gmt":"2025-03-28T11:30:52","guid":{"rendered":"https:\/\/comixburo.com\/?post_type=product&#038;p=18749"},"modified":"2025-05-02T15:23:29","modified_gmt":"2025-05-02T13:23:29","slug":"buste-faust-lachapelle-blacksad","status":"publish","type":"product","link":"https:\/\/comixburo.com\/en\/product\/buste-faust-lachapelle-blacksad\/","title":{"rendered":"Buste Faust Lachapelle \u2013 Blacksad \u2013 Guarnido"},"content":{"rendered":"<h3><strong>Statuette de collection Faust Lachapelle \u2013 BD Blacksad Juanjo Guarnido et Juan D\u00edaz Canal\u00e8s<\/strong><\/h3>\n<p>R\u00e9f : B433<br \/>\nTirage : num\u00e9rot\u00e9 et limit\u00e9e<br \/>\nHauteur : 17 cm<\/p>\n<p><strong>Plongez dans l\u2019univers de Blacksad et collectionnez les personnages de la BD culte<\/strong>\u00a0!!<br \/>\nBuste en r\u00e9sine de Faust Lachapelle, d\u2019apr\u00e8s la s\u00e9rie de bande dessin\u00e9e Blacksad de Juanjo Guarnido et Juan D\u00edaz Canales.<br \/>\nStatuette de collection num\u00e9rot\u00e9e et limit\u00e9e. Sculpt\u00e9e en France et peinte \u00e0 la main. Livr\u00e9e avec son certificat d\u2019authenticit\u00e9 Attakus.<br \/>\n***<\/p>\n<p>Faust Lachapelle est le propri\u00e9taire d\u2019un important label local de la Nouvelle-Orl\u00e9ans. C\u2019est un musicien rat\u00e9 qui a r\u00e9ussi \u00e0 recruter des musiciens plus talentueux, mais moins chanceux. Il est en phase terminale et est soign\u00e9 par Mme Gibraltar, une pr\u00eatresse vodou.<\/p>\n<p>En 6 tomes, la s\u00e9rie\u00a0<a href=\"https:\/\/www.dargaud.com\/bd\/blacksad\/blacksad\" target=\"_blank\" rel=\"noopener\"><em><strong>Blacksad<\/strong><\/em><\/a>, cr\u00e9\u00e9e par Juanjo Guarnido et Juan D\u00edaz Canal\u00e8s, a r\u00e9ussi \u00e0 s\u2019imposer comme une r\u00e9f\u00e9rence de la BD contemporaine en enthousiasmant aussi bien le public que la critique. Pour ceux qui ne le connaissent pas encore, John Blacksad est un d\u00e9tective, un chat noir \u00e0 la truffe blanche, qui aime les jolies minettes et qui tra\u00eene ses pattes dans l\u2019Am\u00e9rique des ann\u00e9es\u00a050. Charme d\u00e9vastateur, virilit\u00e9 romantique, allure myst\u00e9rieuse et f\u00e9line, le h\u00e9ros \u00e9volue dans une atmosph\u00e8re sombre de polar entour\u00e9 d\u2019une galerie de personnages anthropomorphiques tous plus charismatiques les uns que les autres.<\/p>\n<p>ATTAKUS vous propose de red\u00e9couvrir tous ces personnages gr\u00e2ce \u00e0 sa collection de bustes Blacksad en \u00e9dition limit\u00e9e.<\/p>","protected":false},"excerpt":{"rendered":"<p>Faust Lachapelle est le propri\u00e9taire d\u2019un important label local de la Nouvelle-Orl\u00e9ans. C\u2019est un musicien rat\u00e9 qui a r\u00e9ussi \u00e0 recruter des musiciens plus talentueux mais moins chanceux. Il est en phase terminale et est soign\u00e9 par Mme Gibraltar, une pr\u00eatresse vodou.<\/p>\n<p>D\u00e9couvrez l\u2019univers\u00a0<em><strong>Blacksad<\/strong><\/em>\u00a0imagin\u00e9 par\u00a0<strong>Juanjo Guarnido<\/strong>\u00a0au travers de cette s\u00e9rie de magnifiques bustes \u00e0 collectionner sans mod\u00e9ration !<\/p>","protected":false},"featured_media":18750,"comment_status":"open","ping_status":"closed","template":"","meta":[],"product_brand":[109,108],"product_cat":[111,106,93],"product_tag":[],"class_list":{"0":"post-18749","1":"product","2":"type-product","3":"status-publish","4":"has-post-thumbnail","6":"product_brand-attakus","7":"product_brand-comix-buro","8":"product_cat-attakus","9":"product_cat-statues","10":"product_cat-tous","12":"first","13":"instock","14":"taxable","15":"shipping-taxable","16":"purchasable","17":"product-type-simple"},"yoast_head":"<!-- This site is optimized with the Yoast SEO plugin v26.9 - https:\/\/yoast.com\/product\/yoast-seo-wordpress\/ -->\n<title>Buste Faust Lachapelle \u2013 Blacksad \u2013 Guarnido - comixburo.com<\/title>\n<meta name=\"description\" content=\"Buste de Faust Lachapelle Blacksad. Collection des Bustes Blacksad par Attakus, bande dessin\u00e9e de Juanjo Guarnido et Juan D\u00edaz Canales.\" \/>\n<meta name=\"robots\" content=\"index, follow, max-snippet:-1, max-image-preview:large, max-video-preview:-1\" \/>\n<link rel=\"canonical\" href=\"https:\/\/comixburo.com\/en\/product\/buste-faust-lachapelle-blacksad\/\" \/>\n<meta property=\"og:locale\" content=\"en_GB\" \/>\n<meta property=\"og:type\" content=\"article\" \/>\n<meta property=\"og:title\" content=\"Buste Faust Lachapelle \u2013 Blacksad \u2013 Guarnido - comixburo.com\" \/>\n<meta property=\"og:description\" content=\"Buste de Faust Lachapelle Blacksad. Collection des Bustes Blacksad par Attakus, bande dessin\u00e9e de Juanjo Guarnido et Juan D\u00edaz Canales.\" \/>\n<meta property=\"og:url\" content=\"https:\/\/comixburo.com\/en\/product\/buste-faust-lachapelle-blacksad\/\" \/>\n<meta property=\"og:site_name\" content=\"comixburo.com\" \/>\n<meta property=\"article:publisher\" content=\"https:\/\/www.facebook.com\/comixburo\" \/>\n<meta property=\"article:modified_time\" content=\"2025-05-02T13:23:29+00:00\" \/>\n<meta property=\"og:image\" content=\"https:\/\/comixburo.com\/wp-content\/uploads\/2025\/03\/B433-faust-lachapelle-attakus-face.webp\" \/>\n\t<meta property=\"og:image:width\" content=\"674\" \/>\n\t<meta property=\"og:image:height\" content=\"1000\" \/>\n\t<meta property=\"og:image:type\" content=\"image\/webp\" \/>\n<meta name=\"twitter:card\" content=\"summary_large_image\" \/>\n<meta name=\"twitter:label1\" content=\"Estimated reading time\" \/>\n\t<meta name=\"twitter:data1\" content=\"2 minutes\" \/>\n<script type=\"application\/ld+json\" class=\"yoast-schema-graph\">{\"@context\":\"https:\/\/schema.org\",\"@graph\":[{\"@type\":\"WebPage\",\"@id\":\"https:\/\/comixburo.com\/produit\/buste-faust-lachapelle-blacksad\/\",\"url\":\"https:\/\/comixburo.com\/produit\/buste-faust-lachapelle-blacksad\/\",\"name\":\"Buste Faust Lachapelle \u2013 Blacksad \u2013 Guarnido - comixburo.com\",\"isPartOf\":{\"@id\":\"https:\/\/comixburo.com\/#website\"},\"primaryImageOfPage\":{\"@id\":\"https:\/\/comixburo.com\/produit\/buste-faust-lachapelle-blacksad\/#primaryimage\"},\"image\":{\"@id\":\"https:\/\/comixburo.com\/produit\/buste-faust-lachapelle-blacksad\/#primaryimage\"},\"thumbnailUrl\":\"https:\/\/comixburo.com\/wp-content\/uploads\/2025\/03\/B433-faust-lachapelle-attakus-face.webp\",\"datePublished\":\"2025-03-28T11:30:52+00:00\",\"dateModified\":\"2025-05-02T13:23:29+00:00\",\"description\":\"Buste de Faust Lachapelle Blacksad. Collection des Bustes Blacksad par Attakus, bande dessin\u00e9e de Juanjo Guarnido et Juan D\u00edaz Canales.\",\"breadcrumb\":{\"@id\":\"https:\/\/comixburo.com\/produit\/buste-faust-lachapelle-blacksad\/#breadcrumb\"},\"inLanguage\":\"en-GB\",\"potentialAction\":[{\"@type\":\"ReadAction\",\"target\":[\"https:\/\/comixburo.com\/produit\/buste-faust-lachapelle-blacksad\/\"]}]},{\"@type\":\"ImageObject\",\"inLanguage\":\"en-GB\",\"@id\":\"https:\/\/comixburo.com\/produit\/buste-faust-lachapelle-blacksad\/#primaryimage\",\"url\":\"https:\/\/comixburo.com\/wp-content\/uploads\/2025\/03\/B433-faust-lachapelle-attakus-face.webp\",\"contentUrl\":\"https:\/\/comixburo.com\/wp-content\/uploads\/2025\/03\/B433-faust-lachapelle-attakus-face.webp\",\"width\":674,\"height\":1000,\"caption\":\"Buste Faust Lachapelle \u2013 Blacksad \u2013 Guarnido\"},{\"@type\":\"BreadcrumbList\",\"@id\":\"https:\/\/comixburo.com\/produit\/buste-faust-lachapelle-blacksad\/#breadcrumb\",\"itemListElement\":[{\"@type\":\"ListItem\",\"position\":1,\"name\":\"Home\",\"item\":\"https:\/\/comixburo.com\/\"},{\"@type\":\"ListItem\",\"position\":2,\"name\":\"La boutique Comix Buro\",\"item\":\"https:\/\/comixburo.com\/la-boutique-comix-buro\/\"},{\"@type\":\"ListItem\",\"position\":3,\"name\":\"Buste Faust Lachapelle \u2013 Blacksad \u2013 Guarnido\"}]},{\"@type\":\"WebSite\",\"@id\":\"https:\/\/comixburo.com\/#website\",\"url\":\"https:\/\/comixburo.com\/\",\"name\":\"comixburo.com\",\"description\":\"Cr\u00e9ateur de projets : Sketchbook d&#039;artistes !\",\"publisher\":{\"@id\":\"https:\/\/comixburo.com\/#organization\"},\"alternateName\":\"Comix Buro\",\"potentialAction\":[{\"@type\":\"SearchAction\",\"target\":{\"@type\":\"EntryPoint\",\"urlTemplate\":\"https:\/\/comixburo.com\/?s={search_term_string}\"},\"query-input\":{\"@type\":\"PropertyValueSpecification\",\"valueRequired\":true,\"valueName\":\"search_term_string\"}}],\"inLanguage\":\"en-GB\"},{\"@type\":\"Organization\",\"@id\":\"https:\/\/comixburo.com\/#organization\",\"name\":\"comixburo.com\",\"url\":\"https:\/\/comixburo.com\/\",\"logo\":{\"@type\":\"ImageObject\",\"inLanguage\":\"en-GB\",\"@id\":\"https:\/\/comixburo.com\/#\/schema\/logo\/image\/\",\"url\":\"https:\/\/comixburo.com\/wp-content\/uploads\/2025\/04\/logo-cxb-ROND.webp\",\"contentUrl\":\"https:\/\/comixburo.com\/wp-content\/uploads\/2025\/04\/logo-cxb-ROND.webp\",\"width\":200,\"height\":200,\"caption\":\"comixburo.com\"},\"image\":{\"@id\":\"https:\/\/comixburo.com\/#\/schema\/logo\/image\/\"},\"sameAs\":[\"https:\/\/www.facebook.com\/comixburo\",\"https:\/\/www.instagram.com\/comixburo\/\"]}]}<\/script>\n<!-- \/ Yoast SEO plugin. -->","yoast_head_json":{"title":"Buste Faust Lachapelle \u2013 Blacksad \u2013 Guarnido - comixburo.com","description":"Buste de Faust Lachapelle Blacksad. Collection des Bustes Blacksad par Attakus, bande dessin\u00e9e de Juanjo Guarnido et Juan D\u00edaz Canales.","robots":{"index":"index","follow":"follow","max-snippet":"max-snippet:-1","max-image-preview":"max-image-preview:large","max-video-preview":"max-video-preview:-1"},"canonical":"https:\/\/comixburo.com\/en\/product\/buste-faust-lachapelle-blacksad\/","og_locale":"en_GB","og_type":"article","og_title":"Buste Faust Lachapelle \u2013 Blacksad \u2013 Guarnido - comixburo.com","og_description":"Buste de Faust Lachapelle Blacksad. Collection des Bustes Blacksad par Attakus, bande dessin\u00e9e de Juanjo Guarnido et Juan D\u00edaz Canales.","og_url":"https:\/\/comixburo.com\/en\/product\/buste-faust-lachapelle-blacksad\/","og_site_name":"comixburo.com","article_publisher":"https:\/\/www.facebook.com\/comixburo","article_modified_time":"2025-05-02T13:23:29+00:00","og_image":[{"width":674,"height":1000,"url":"https:\/\/comixburo.com\/wp-content\/uploads\/2025\/03\/B433-faust-lachapelle-attakus-face.webp","type":"image\/webp"}],"twitter_card":"summary_large_image","twitter_misc":{"Estimated reading time":"2 minutes"},"schema":{"@context":"https:\/\/schema.org","@graph":[{"@type":"WebPage","@id":"https:\/\/comixburo.com\/produit\/buste-faust-lachapelle-blacksad\/","url":"https:\/\/comixburo.com\/produit\/buste-faust-lachapelle-blacksad\/","name":"Buste Faust Lachapelle \u2013 Blacksad \u2013 Guarnido - comixburo.com","isPartOf":{"@id":"https:\/\/comixburo.com\/#website"},"primaryImageOfPage":{"@id":"https:\/\/comixburo.com\/produit\/buste-faust-lachapelle-blacksad\/#primaryimage"},"image":{"@id":"https:\/\/comixburo.com\/produit\/buste-faust-lachapelle-blacksad\/#primaryimage"},"thumbnailUrl":"https:\/\/comixburo.com\/wp-content\/uploads\/2025\/03\/B433-faust-lachapelle-attakus-face.webp","datePublished":"2025-03-28T11:30:52+00:00","dateModified":"2025-05-02T13:23:29+00:00","description":"Buste de Faust Lachapelle Blacksad. Collection des Bustes Blacksad par Attakus, bande dessin\u00e9e de Juanjo Guarnido et Juan D\u00edaz Canales.","breadcrumb":{"@id":"https:\/\/comixburo.com\/produit\/buste-faust-lachapelle-blacksad\/#breadcrumb"},"inLanguage":"en-GB","potentialAction":[{"@type":"ReadAction","target":["https:\/\/comixburo.com\/produit\/buste-faust-lachapelle-blacksad\/"]}]},{"@type":"ImageObject","inLanguage":"en-GB","@id":"https:\/\/comixburo.com\/produit\/buste-faust-lachapelle-blacksad\/#primaryimage","url":"https:\/\/comixburo.com\/wp-content\/uploads\/2025\/03\/B433-faust-lachapelle-attakus-face.webp","contentUrl":"https:\/\/comixburo.com\/wp-content\/uploads\/2025\/03\/B433-faust-lachapelle-attakus-face.webp","width":674,"height":1000,"caption":"Buste Faust Lachapelle \u2013 Blacksad \u2013 Guarnido"},{"@type":"BreadcrumbList","@id":"https:\/\/comixburo.com\/produit\/buste-faust-lachapelle-blacksad\/#breadcrumb","itemListElement":[{"@type":"ListItem","position":1,"name":"Home","item":"https:\/\/comixburo.com\/"},{"@type":"ListItem","position":2,"name":"La boutique Comix Buro","item":"https:\/\/comixburo.com\/la-boutique-comix-buro\/"},{"@type":"ListItem","position":3,"name":"Buste Faust Lachapelle \u2013 Blacksad \u2013 Guarnido"}]},{"@type":"WebSite","@id":"https:\/\/comixburo.com\/#website","url":"https:\/\/comixburo.com\/","name":"comixburo.com","description":"Cr\u00e9ateur de projets : Sketchbook d&#039;artistes !","publisher":{"@id":"https:\/\/comixburo.com\/#organization"},"alternateName":"Comix Buro","potentialAction":[{"@type":"SearchAction","target":{"@type":"EntryPoint","urlTemplate":"https:\/\/comixburo.com\/?s={search_term_string}"},"query-input":{"@type":"PropertyValueSpecification","valueRequired":true,"valueName":"search_term_string"}}],"inLanguage":"en-GB"},{"@type":"Organization","@id":"https:\/\/comixburo.com\/#organization","name":"comixburo.com","url":"https:\/\/comixburo.com\/","logo":{"@type":"ImageObject","inLanguage":"en-GB","@id":"https:\/\/comixburo.com\/#\/schema\/logo\/image\/","url":"https:\/\/comixburo.com\/wp-content\/uploads\/2025\/04\/logo-cxb-ROND.webp","contentUrl":"https:\/\/comixburo.com\/wp-content\/uploads\/2025\/04\/logo-cxb-ROND.webp","width":200,"height":200,"caption":"comixburo.com"},"image":{"@id":"https:\/\/comixburo.com\/#\/schema\/logo\/image\/"},"sameAs":["https:\/\/www.facebook.com\/comixburo","https:\/\/www.instagram.com\/comixburo\/"]}]}},"jetpack_sharing_enabled":true,"_links":{"self":[{"href":"https:\/\/comixburo.com\/en\/wp-json\/wp\/v2\/product\/18749","targetHints":{"allow":["GET"]}}],"collection":[{"href":"https:\/\/comixburo.com\/en\/wp-json\/wp\/v2\/product"}],"about":[{"href":"https:\/\/comixburo.com\/en\/wp-json\/wp\/v2\/types\/product"}],"replies":[{"embeddable":true,"href":"https:\/\/comixburo.com\/en\/wp-json\/wp\/v2\/comments?post=18749"}],"version-history":[{"count":2,"href":"https:\/\/comixburo.com\/en\/wp-json\/wp\/v2\/product\/18749\/revisions"}],"predecessor-version":[{"id":20173,"href":"https:\/\/comixburo.com\/en\/wp-json\/wp\/v2\/product\/18749\/revisions\/20173"}],"wp:featuredmedia":[{"embeddable":true,"href":"https:\/\/comixburo.com\/en\/wp-json\/wp\/v2\/media\/18750"}],"wp:attachment":[{"href":"https:\/\/comixburo.com\/en\/wp-json\/wp\/v2\/media?parent=18749"}],"wp:term":[{"taxonomy":"product_brand","embeddable":true,"href":"https:\/\/comixburo.com\/en\/wp-json\/wp\/v2\/product_brand?post=18749"},{"taxonomy":"product_cat","embeddable":true,"href":"https:\/\/comixburo.com\/en\/wp-json\/wp\/v2\/product_cat?post=18749"},{"taxonomy":"product_tag","embeddable":true,"href":"https:\/\/comixburo.com\/en\/wp-json\/wp\/v2\/product_tag?post=18749"}],"curies":[{"name":"wp","href":"https:\/\/api.w.org\/{rel}","templated":true}]}}