{"id":18752,"date":"2025-03-28T14:04:00","date_gmt":"2025-03-28T13:04:00","guid":{"rendered":"https:\/\/comixburo.com\/?post_type=product&#038;p=18752"},"modified":"2026-02-14T10:04:54","modified_gmt":"2026-02-14T09:04:54","slug":"buste-weekly-2-blacksad","status":"publish","type":"product","link":"https:\/\/comixburo.com\/en\/product\/buste-weekly-2-blacksad\/","title":{"rendered":"Buste Weekly #2 \u2013 Blacksad \u2013 Guarnido"},"content":{"rendered":"<h3><strong>Statuette de collection Weekly #2 \u2013 BD Blacksad Juanjo Guarnido et Juan D\u00edaz Canal\u00e8s<\/strong><\/h3>\n<p>Limit\u00e9e \u00e0 2000 ex<br \/>\nTaille : 11,2 cm<br \/>\nFourni avec : certificat d\u2019authenticit\u00e9<br \/>\nTir\u00e9 de l\u2019\u0153uvre : BlackSad<br \/>\nMati\u00e8re : R\u00e9sine peinte \u00e0 la main<\/p>\n<p>Apparaissant pour la 1\u00e8re fois dans le tome 2 de la s\u00e9rie\u00a0<em><strong>Blacksad<\/strong><\/em>\u00a0(<em>Artic Nation<\/em>), Weekly est un reporter travaillant pour un journal \u00e0 sensations, que John Blacksad sauve d\u2019un lynchage en r\u00e8gle par les membres de \u00ab\u00a0l\u2019Arctic-Nation\u00a0\u00bb.<br \/>\nTr\u00e8s appr\u00e9ci\u00e9 des lecteurs, Weekly est un fouineur fut\u00e9 toujours au courant de tout, parfois exasp\u00e9rant, mais loyal, toujours optimiste et tellement attachant! Devenu le meilleur ami de John, il est un fid\u00e8le compagnon qui l\u2019assiste dans ses enqu\u00eates et il devient au fil des albums un des personnages centraux de la s\u00e9rie.<\/p>\n<p>ATTAKUS vous propose de red\u00e9couvrir tous ces personnages gr\u00e2ce \u00e0 sa collection de bustes Blacksad en \u00e9dition limit\u00e9e disponibles sur ce site.<\/p>","protected":false},"excerpt":{"rendered":"<p>Weekly est un journaliste de presse, qui devient le nouvel ami\/acolyte de Blacksad. C\u2019est une fouine avec une attitude optimiste et un reporter travaillant pour un journal \u00e0 sensations, que John Blacksad sauve d\u2019un lynchage en r\u00e8gle par les membres de \u00ab\u00a0l\u2019Arctic-Nation\u00a0\u00bb. D\u00e9couvrez l\u2019univers Blacksad imagin\u00e9 par Juanjo Guarnido au travers de cette s\u00e9rie de magnifiques bustes \u00e0 collectionner sans mod\u00e9ration !<\/p>","protected":false},"featured_media":18753,"comment_status":"open","ping_status":"closed","template":"","meta":[],"product_brand":[109,108],"product_cat":[111,106,93],"product_tag":[],"class_list":{"0":"post-18752","1":"product","2":"type-product","3":"status-publish","4":"has-post-thumbnail","6":"product_brand-attakus","7":"product_brand-comix-buro","8":"product_cat-attakus","9":"product_cat-statues","10":"product_cat-tous","12":"first","13":"instock","14":"taxable","15":"shipping-taxable","16":"purchasable","17":"product-type-simple"},"yoast_head":"<!-- This site is optimized with the Yoast SEO plugin v26.9 - https:\/\/yoast.com\/product\/yoast-seo-wordpress\/ -->\n<title>Buste Weekly #2 \u2013 Blacksad \u2013 Guarnido - comixburo.com<\/title>\n<meta name=\"description\" content=\"Buste Weekly #2 Blacksad. Statuette Figurine de collection \u00e9dition limit\u00e9e en r\u00e9sine peinte \u00e0 la main, Taille : 11,2 cm ATTAKUS\" \/>\n<meta name=\"robots\" content=\"index, follow, max-snippet:-1, max-image-preview:large, max-video-preview:-1\" \/>\n<link rel=\"canonical\" href=\"https:\/\/comixburo.com\/en\/product\/buste-weekly-2-blacksad\/\" \/>\n<meta property=\"og:locale\" content=\"en_GB\" \/>\n<meta property=\"og:type\" content=\"article\" \/>\n<meta property=\"og:title\" content=\"Buste Weekly #2 \u2013 Blacksad \u2013 Guarnido - comixburo.com\" \/>\n<meta property=\"og:description\" content=\"Buste Weekly #2 Blacksad. Statuette Figurine de collection \u00e9dition limit\u00e9e en r\u00e9sine peinte \u00e0 la main, Taille : 11,2 cm ATTAKUS\" \/>\n<meta property=\"og:url\" content=\"https:\/\/comixburo.com\/en\/product\/buste-weekly-2-blacksad\/\" \/>\n<meta property=\"og:site_name\" content=\"comixburo.com\" \/>\n<meta property=\"article:publisher\" content=\"https:\/\/www.facebook.com\/comixburo\" \/>\n<meta property=\"article:modified_time\" content=\"2026-02-14T09:04:54+00:00\" \/>\n<meta property=\"og:image\" content=\"https:\/\/comixburo.com\/wp-content\/uploads\/2025\/03\/B434-weekly-2-attakus-face.webp\" \/>\n\t<meta property=\"og:image:width\" content=\"674\" \/>\n\t<meta property=\"og:image:height\" content=\"1000\" \/>\n\t<meta property=\"og:image:type\" content=\"image\/webp\" \/>\n<meta name=\"twitter:card\" content=\"summary_large_image\" \/>\n<meta name=\"twitter:label1\" content=\"Estimated reading time\" \/>\n\t<meta name=\"twitter:data1\" content=\"1 minute\" \/>\n<script type=\"application\/ld+json\" class=\"yoast-schema-graph\">{\"@context\":\"https:\/\/schema.org\",\"@graph\":[{\"@type\":\"WebPage\",\"@id\":\"https:\/\/comixburo.com\/produit\/buste-weekly-2-blacksad\/\",\"url\":\"https:\/\/comixburo.com\/produit\/buste-weekly-2-blacksad\/\",\"name\":\"Buste Weekly #2 \u2013 Blacksad \u2013 Guarnido - comixburo.com\",\"isPartOf\":{\"@id\":\"https:\/\/comixburo.com\/#website\"},\"primaryImageOfPage\":{\"@id\":\"https:\/\/comixburo.com\/produit\/buste-weekly-2-blacksad\/#primaryimage\"},\"image\":{\"@id\":\"https:\/\/comixburo.com\/produit\/buste-weekly-2-blacksad\/#primaryimage\"},\"thumbnailUrl\":\"https:\/\/comixburo.com\/wp-content\/uploads\/2025\/03\/B434-weekly-2-attakus-face.webp\",\"datePublished\":\"2025-03-28T13:04:00+00:00\",\"dateModified\":\"2026-02-14T09:04:54+00:00\",\"description\":\"Buste Weekly #2 Blacksad. Statuette Figurine de collection \u00e9dition limit\u00e9e en r\u00e9sine peinte \u00e0 la main, Taille : 11,2 cm ATTAKUS\",\"breadcrumb\":{\"@id\":\"https:\/\/comixburo.com\/produit\/buste-weekly-2-blacksad\/#breadcrumb\"},\"inLanguage\":\"en-GB\",\"potentialAction\":[{\"@type\":\"ReadAction\",\"target\":[\"https:\/\/comixburo.com\/produit\/buste-weekly-2-blacksad\/\"]}]},{\"@type\":\"ImageObject\",\"inLanguage\":\"en-GB\",\"@id\":\"https:\/\/comixburo.com\/produit\/buste-weekly-2-blacksad\/#primaryimage\",\"url\":\"https:\/\/comixburo.com\/wp-content\/uploads\/2025\/03\/B434-weekly-2-attakus-face.webp\",\"contentUrl\":\"https:\/\/comixburo.com\/wp-content\/uploads\/2025\/03\/B434-weekly-2-attakus-face.webp\",\"width\":674,\"height\":1000},{\"@type\":\"BreadcrumbList\",\"@id\":\"https:\/\/comixburo.com\/produit\/buste-weekly-2-blacksad\/#breadcrumb\",\"itemListElement\":[{\"@type\":\"ListItem\",\"position\":1,\"name\":\"Home\",\"item\":\"https:\/\/comixburo.com\/\"},{\"@type\":\"ListItem\",\"position\":2,\"name\":\"La boutique Comix Buro\",\"item\":\"https:\/\/comixburo.com\/la-boutique-comix-buro\/\"},{\"@type\":\"ListItem\",\"position\":3,\"name\":\"Buste Weekly #2 \u2013 Blacksad \u2013 Guarnido\"}]},{\"@type\":\"WebSite\",\"@id\":\"https:\/\/comixburo.com\/#website\",\"url\":\"https:\/\/comixburo.com\/\",\"name\":\"comixburo.com\",\"description\":\"Cr\u00e9ateur de projets : Sketchbook d&#039;artistes !\",\"publisher\":{\"@id\":\"https:\/\/comixburo.com\/#organization\"},\"alternateName\":\"Comix Buro\",\"potentialAction\":[{\"@type\":\"SearchAction\",\"target\":{\"@type\":\"EntryPoint\",\"urlTemplate\":\"https:\/\/comixburo.com\/?s={search_term_string}\"},\"query-input\":{\"@type\":\"PropertyValueSpecification\",\"valueRequired\":true,\"valueName\":\"search_term_string\"}}],\"inLanguage\":\"en-GB\"},{\"@type\":\"Organization\",\"@id\":\"https:\/\/comixburo.com\/#organization\",\"name\":\"comixburo.com\",\"url\":\"https:\/\/comixburo.com\/\",\"logo\":{\"@type\":\"ImageObject\",\"inLanguage\":\"en-GB\",\"@id\":\"https:\/\/comixburo.com\/#\/schema\/logo\/image\/\",\"url\":\"https:\/\/comixburo.com\/wp-content\/uploads\/2025\/04\/logo-cxb-ROND.webp\",\"contentUrl\":\"https:\/\/comixburo.com\/wp-content\/uploads\/2025\/04\/logo-cxb-ROND.webp\",\"width\":200,\"height\":200,\"caption\":\"comixburo.com\"},\"image\":{\"@id\":\"https:\/\/comixburo.com\/#\/schema\/logo\/image\/\"},\"sameAs\":[\"https:\/\/www.facebook.com\/comixburo\",\"https:\/\/www.instagram.com\/comixburo\/\"]}]}<\/script>\n<!-- \/ Yoast SEO plugin. -->","yoast_head_json":{"title":"Buste Weekly #2 \u2013 Blacksad \u2013 Guarnido - comixburo.com","description":"Buste Weekly #2 Blacksad. Statuette Figurine de collection \u00e9dition limit\u00e9e en r\u00e9sine peinte \u00e0 la main, Taille : 11,2 cm ATTAKUS","robots":{"index":"index","follow":"follow","max-snippet":"max-snippet:-1","max-image-preview":"max-image-preview:large","max-video-preview":"max-video-preview:-1"},"canonical":"https:\/\/comixburo.com\/en\/product\/buste-weekly-2-blacksad\/","og_locale":"en_GB","og_type":"article","og_title":"Buste Weekly #2 \u2013 Blacksad \u2013 Guarnido - comixburo.com","og_description":"Buste Weekly #2 Blacksad. Statuette Figurine de collection \u00e9dition limit\u00e9e en r\u00e9sine peinte \u00e0 la main, Taille : 11,2 cm ATTAKUS","og_url":"https:\/\/comixburo.com\/en\/product\/buste-weekly-2-blacksad\/","og_site_name":"comixburo.com","article_publisher":"https:\/\/www.facebook.com\/comixburo","article_modified_time":"2026-02-14T09:04:54+00:00","og_image":[{"width":674,"height":1000,"url":"https:\/\/comixburo.com\/wp-content\/uploads\/2025\/03\/B434-weekly-2-attakus-face.webp","type":"image\/webp"}],"twitter_card":"summary_large_image","twitter_misc":{"Estimated reading time":"1 minute"},"schema":{"@context":"https:\/\/schema.org","@graph":[{"@type":"WebPage","@id":"https:\/\/comixburo.com\/produit\/buste-weekly-2-blacksad\/","url":"https:\/\/comixburo.com\/produit\/buste-weekly-2-blacksad\/","name":"Buste Weekly #2 \u2013 Blacksad \u2013 Guarnido - comixburo.com","isPartOf":{"@id":"https:\/\/comixburo.com\/#website"},"primaryImageOfPage":{"@id":"https:\/\/comixburo.com\/produit\/buste-weekly-2-blacksad\/#primaryimage"},"image":{"@id":"https:\/\/comixburo.com\/produit\/buste-weekly-2-blacksad\/#primaryimage"},"thumbnailUrl":"https:\/\/comixburo.com\/wp-content\/uploads\/2025\/03\/B434-weekly-2-attakus-face.webp","datePublished":"2025-03-28T13:04:00+00:00","dateModified":"2026-02-14T09:04:54+00:00","description":"Buste Weekly #2 Blacksad. Statuette Figurine de collection \u00e9dition limit\u00e9e en r\u00e9sine peinte \u00e0 la main, Taille : 11,2 cm ATTAKUS","breadcrumb":{"@id":"https:\/\/comixburo.com\/produit\/buste-weekly-2-blacksad\/#breadcrumb"},"inLanguage":"en-GB","potentialAction":[{"@type":"ReadAction","target":["https:\/\/comixburo.com\/produit\/buste-weekly-2-blacksad\/"]}]},{"@type":"ImageObject","inLanguage":"en-GB","@id":"https:\/\/comixburo.com\/produit\/buste-weekly-2-blacksad\/#primaryimage","url":"https:\/\/comixburo.com\/wp-content\/uploads\/2025\/03\/B434-weekly-2-attakus-face.webp","contentUrl":"https:\/\/comixburo.com\/wp-content\/uploads\/2025\/03\/B434-weekly-2-attakus-face.webp","width":674,"height":1000},{"@type":"BreadcrumbList","@id":"https:\/\/comixburo.com\/produit\/buste-weekly-2-blacksad\/#breadcrumb","itemListElement":[{"@type":"ListItem","position":1,"name":"Home","item":"https:\/\/comixburo.com\/"},{"@type":"ListItem","position":2,"name":"La boutique Comix Buro","item":"https:\/\/comixburo.com\/la-boutique-comix-buro\/"},{"@type":"ListItem","position":3,"name":"Buste Weekly #2 \u2013 Blacksad \u2013 Guarnido"}]},{"@type":"WebSite","@id":"https:\/\/comixburo.com\/#website","url":"https:\/\/comixburo.com\/","name":"comixburo.com","description":"Cr\u00e9ateur de projets : Sketchbook d&#039;artistes !","publisher":{"@id":"https:\/\/comixburo.com\/#organization"},"alternateName":"Comix Buro","potentialAction":[{"@type":"SearchAction","target":{"@type":"EntryPoint","urlTemplate":"https:\/\/comixburo.com\/?s={search_term_string}"},"query-input":{"@type":"PropertyValueSpecification","valueRequired":true,"valueName":"search_term_string"}}],"inLanguage":"en-GB"},{"@type":"Organization","@id":"https:\/\/comixburo.com\/#organization","name":"comixburo.com","url":"https:\/\/comixburo.com\/","logo":{"@type":"ImageObject","inLanguage":"en-GB","@id":"https:\/\/comixburo.com\/#\/schema\/logo\/image\/","url":"https:\/\/comixburo.com\/wp-content\/uploads\/2025\/04\/logo-cxb-ROND.webp","contentUrl":"https:\/\/comixburo.com\/wp-content\/uploads\/2025\/04\/logo-cxb-ROND.webp","width":200,"height":200,"caption":"comixburo.com"},"image":{"@id":"https:\/\/comixburo.com\/#\/schema\/logo\/image\/"},"sameAs":["https:\/\/www.facebook.com\/comixburo","https:\/\/www.instagram.com\/comixburo\/"]}]}},"jetpack_sharing_enabled":true,"_links":{"self":[{"href":"https:\/\/comixburo.com\/en\/wp-json\/wp\/v2\/product\/18752","targetHints":{"allow":["GET"]}}],"collection":[{"href":"https:\/\/comixburo.com\/en\/wp-json\/wp\/v2\/product"}],"about":[{"href":"https:\/\/comixburo.com\/en\/wp-json\/wp\/v2\/types\/product"}],"replies":[{"embeddable":true,"href":"https:\/\/comixburo.com\/en\/wp-json\/wp\/v2\/comments?post=18752"}],"version-history":[{"count":4,"href":"https:\/\/comixburo.com\/en\/wp-json\/wp\/v2\/product\/18752\/revisions"}],"predecessor-version":[{"id":20172,"href":"https:\/\/comixburo.com\/en\/wp-json\/wp\/v2\/product\/18752\/revisions\/20172"}],"wp:featuredmedia":[{"embeddable":true,"href":"https:\/\/comixburo.com\/en\/wp-json\/wp\/v2\/media\/18753"}],"wp:attachment":[{"href":"https:\/\/comixburo.com\/en\/wp-json\/wp\/v2\/media?parent=18752"}],"wp:term":[{"taxonomy":"product_brand","embeddable":true,"href":"https:\/\/comixburo.com\/en\/wp-json\/wp\/v2\/product_brand?post=18752"},{"taxonomy":"product_cat","embeddable":true,"href":"https:\/\/comixburo.com\/en\/wp-json\/wp\/v2\/product_cat?post=18752"},{"taxonomy":"product_tag","embeddable":true,"href":"https:\/\/comixburo.com\/en\/wp-json\/wp\/v2\/product_tag?post=18752"}],"curies":[{"name":"wp","href":"https:\/\/api.w.org\/{rel}","templated":true}]}}