{"id":18758,"date":"2025-03-28T14:11:37","date_gmt":"2025-03-28T13:11:37","guid":{"rendered":"https:\/\/comixburo.com\/?post_type=product&#038;p=18758"},"modified":"2026-02-14T10:05:21","modified_gmt":"2026-02-14T09:05:21","slug":"buste-donna-blacksad","status":"publish","type":"product","link":"https:\/\/comixburo.com\/en\/product\/buste-donna-blacksad\/","title":{"rendered":"Buste Donna \u2013 Blacksad \u2013 Guarnido"},"content":{"rendered":"<h3><strong>Statuette de collection Donna \u2013 BD Blacksad Juanjo Guarnido et Juan D\u00edaz Canal\u00e8s<\/strong><\/h3>\n<p>R\u00e9f. : B432<br \/>\nTirage :\u00a0 2000 ex.<br \/>\nHauteur : 14,5 cm<br \/>\nMati\u00e8re : r\u00e9sine<\/p>\n<p>\u2013 Plongez dans l\u2019univers de Blacksad et collectionnez les personnages de la BD culte !!<br \/>\n\u2013 Buste en r\u00e9sine de Donna Blacksad, h\u00e9ros de la s\u00e9rie de bande dessin\u00e9e Blacksad de Juanjo Guarnido et Juan D\u00edaz Canales.<br \/>\n\u2013 Statuette de collection num\u00e9rot\u00e9e. Sculpt\u00e9e en France et peinte \u00e0 la main. Livr\u00e9e avec son certificat d\u2019authenticit\u00e9 Attakus.<\/p>\n<p>ATTAKUS vous propose de red\u00e9couvrir tous ces personnages gr\u00e2ce \u00e0 sa collection de bustes Blacksad en \u00e9dition limit\u00e9e.<\/p>","protected":false},"excerpt":{"rendered":"<p>Donna Blacksad est la soeur de John Blacksad. Elle appara\u00eet dans le cinqui\u00e8me album de la s\u00e9rie : Amarillo.<\/p>\n<p>Donna est une jeune chatte noire et blanche, comme son fr\u00e8re. Elle \u00e9l\u00e8ve seule son fils, un petit chaton roux du nom de Ray, et travaille comme guide touristique \u00e0 Santa Fe, au Nouveau-Mexique. Ellenous permet d\u2019en apprendre un peu plus sur la famille de Blacksad. D\u00e9couvrez l\u2019univers Blacksad imagin\u00e9 par Juanjo Guarnido au travers de cette s\u00e9rie de magnifiques bustes \u00e0 collectionner sans mod\u00e9ration !<\/p>","protected":false},"featured_media":18759,"comment_status":"open","ping_status":"closed","template":"","meta":[],"product_brand":[109,108],"product_cat":[111,106,93],"product_tag":[],"class_list":{"0":"post-18758","1":"product","2":"type-product","3":"status-publish","4":"has-post-thumbnail","6":"product_brand-attakus","7":"product_brand-comix-buro","8":"product_cat-attakus","9":"product_cat-statues","10":"product_cat-tous","12":"first","13":"instock","14":"taxable","15":"shipping-taxable","16":"purchasable","17":"product-type-simple"},"yoast_head":"<!-- This site is optimized with the Yoast SEO plugin v26.9 - https:\/\/yoast.com\/product\/yoast-seo-wordpress\/ -->\n<title>Buste Donna \u2013 Blacksad \u2013 Guarnido - comixburo.com<\/title>\n<meta name=\"description\" content=\"Buste Donna Blacksad Blacksad Statuette Figurine h\u00e9ros de la s\u00e9rie de bande dessin\u00e9e Blacksad de Juanjo Guarnido et Juan D\u00edaz Canales.\" \/>\n<meta name=\"robots\" content=\"index, follow, max-snippet:-1, max-image-preview:large, max-video-preview:-1\" \/>\n<link rel=\"canonical\" href=\"https:\/\/comixburo.com\/en\/product\/buste-donna-blacksad\/\" \/>\n<meta property=\"og:locale\" content=\"en_GB\" \/>\n<meta property=\"og:type\" content=\"article\" \/>\n<meta property=\"og:title\" content=\"Buste Donna \u2013 Blacksad \u2013 Guarnido - comixburo.com\" \/>\n<meta property=\"og:description\" content=\"Buste Donna Blacksad Blacksad Statuette Figurine h\u00e9ros de la s\u00e9rie de bande dessin\u00e9e Blacksad de Juanjo Guarnido et Juan D\u00edaz Canales.\" \/>\n<meta property=\"og:url\" content=\"https:\/\/comixburo.com\/en\/product\/buste-donna-blacksad\/\" \/>\n<meta property=\"og:site_name\" content=\"comixburo.com\" \/>\n<meta property=\"article:publisher\" content=\"https:\/\/www.facebook.com\/comixburo\" \/>\n<meta property=\"article:modified_time\" content=\"2026-02-14T09:05:21+00:00\" \/>\n<meta property=\"og:image\" content=\"https:\/\/comixburo.com\/wp-content\/uploads\/2025\/03\/B432-donna-blacksad-attakus-face.webp\" \/>\n\t<meta property=\"og:image:width\" content=\"674\" \/>\n\t<meta property=\"og:image:height\" content=\"1000\" \/>\n\t<meta property=\"og:image:type\" content=\"image\/webp\" \/>\n<meta name=\"twitter:card\" content=\"summary_large_image\" \/>\n<meta name=\"twitter:label1\" content=\"Estimated reading time\" \/>\n\t<meta name=\"twitter:data1\" content=\"1 minute\" \/>\n<script type=\"application\/ld+json\" class=\"yoast-schema-graph\">{\"@context\":\"https:\/\/schema.org\",\"@graph\":[{\"@type\":\"WebPage\",\"@id\":\"https:\/\/comixburo.com\/produit\/buste-donna-blacksad\/\",\"url\":\"https:\/\/comixburo.com\/produit\/buste-donna-blacksad\/\",\"name\":\"Buste Donna \u2013 Blacksad \u2013 Guarnido - comixburo.com\",\"isPartOf\":{\"@id\":\"https:\/\/comixburo.com\/#website\"},\"primaryImageOfPage\":{\"@id\":\"https:\/\/comixburo.com\/produit\/buste-donna-blacksad\/#primaryimage\"},\"image\":{\"@id\":\"https:\/\/comixburo.com\/produit\/buste-donna-blacksad\/#primaryimage\"},\"thumbnailUrl\":\"https:\/\/comixburo.com\/wp-content\/uploads\/2025\/03\/B432-donna-blacksad-attakus-face.webp\",\"datePublished\":\"2025-03-28T13:11:37+00:00\",\"dateModified\":\"2026-02-14T09:05:21+00:00\",\"description\":\"Buste Donna Blacksad Blacksad Statuette Figurine h\u00e9ros de la s\u00e9rie de bande dessin\u00e9e Blacksad de Juanjo Guarnido et Juan D\u00edaz Canales.\",\"breadcrumb\":{\"@id\":\"https:\/\/comixburo.com\/produit\/buste-donna-blacksad\/#breadcrumb\"},\"inLanguage\":\"en-GB\",\"potentialAction\":[{\"@type\":\"ReadAction\",\"target\":[\"https:\/\/comixburo.com\/produit\/buste-donna-blacksad\/\"]}]},{\"@type\":\"ImageObject\",\"inLanguage\":\"en-GB\",\"@id\":\"https:\/\/comixburo.com\/produit\/buste-donna-blacksad\/#primaryimage\",\"url\":\"https:\/\/comixburo.com\/wp-content\/uploads\/2025\/03\/B432-donna-blacksad-attakus-face.webp\",\"contentUrl\":\"https:\/\/comixburo.com\/wp-content\/uploads\/2025\/03\/B432-donna-blacksad-attakus-face.webp\",\"width\":674,\"height\":1000,\"caption\":\"Buste Donna \u2013 Blacksad \u2013 Guarnido\"},{\"@type\":\"BreadcrumbList\",\"@id\":\"https:\/\/comixburo.com\/produit\/buste-donna-blacksad\/#breadcrumb\",\"itemListElement\":[{\"@type\":\"ListItem\",\"position\":1,\"name\":\"Home\",\"item\":\"https:\/\/comixburo.com\/\"},{\"@type\":\"ListItem\",\"position\":2,\"name\":\"La boutique Comix Buro\",\"item\":\"https:\/\/comixburo.com\/la-boutique-comix-buro\/\"},{\"@type\":\"ListItem\",\"position\":3,\"name\":\"Buste Donna \u2013 Blacksad \u2013 Guarnido\"}]},{\"@type\":\"WebSite\",\"@id\":\"https:\/\/comixburo.com\/#website\",\"url\":\"https:\/\/comixburo.com\/\",\"name\":\"comixburo.com\",\"description\":\"Cr\u00e9ateur de projets : Sketchbook d&#039;artistes !\",\"publisher\":{\"@id\":\"https:\/\/comixburo.com\/#organization\"},\"alternateName\":\"Comix Buro\",\"potentialAction\":[{\"@type\":\"SearchAction\",\"target\":{\"@type\":\"EntryPoint\",\"urlTemplate\":\"https:\/\/comixburo.com\/?s={search_term_string}\"},\"query-input\":{\"@type\":\"PropertyValueSpecification\",\"valueRequired\":true,\"valueName\":\"search_term_string\"}}],\"inLanguage\":\"en-GB\"},{\"@type\":\"Organization\",\"@id\":\"https:\/\/comixburo.com\/#organization\",\"name\":\"comixburo.com\",\"url\":\"https:\/\/comixburo.com\/\",\"logo\":{\"@type\":\"ImageObject\",\"inLanguage\":\"en-GB\",\"@id\":\"https:\/\/comixburo.com\/#\/schema\/logo\/image\/\",\"url\":\"https:\/\/comixburo.com\/wp-content\/uploads\/2025\/04\/logo-cxb-ROND.webp\",\"contentUrl\":\"https:\/\/comixburo.com\/wp-content\/uploads\/2025\/04\/logo-cxb-ROND.webp\",\"width\":200,\"height\":200,\"caption\":\"comixburo.com\"},\"image\":{\"@id\":\"https:\/\/comixburo.com\/#\/schema\/logo\/image\/\"},\"sameAs\":[\"https:\/\/www.facebook.com\/comixburo\",\"https:\/\/www.instagram.com\/comixburo\/\"]}]}<\/script>\n<!-- \/ Yoast SEO plugin. -->","yoast_head_json":{"title":"Buste Donna \u2013 Blacksad \u2013 Guarnido - comixburo.com","description":"Buste Donna Blacksad Blacksad Statuette Figurine h\u00e9ros de la s\u00e9rie de bande dessin\u00e9e Blacksad de Juanjo Guarnido et Juan D\u00edaz Canales.","robots":{"index":"index","follow":"follow","max-snippet":"max-snippet:-1","max-image-preview":"max-image-preview:large","max-video-preview":"max-video-preview:-1"},"canonical":"https:\/\/comixburo.com\/en\/product\/buste-donna-blacksad\/","og_locale":"en_GB","og_type":"article","og_title":"Buste Donna \u2013 Blacksad \u2013 Guarnido - comixburo.com","og_description":"Buste Donna Blacksad Blacksad Statuette Figurine h\u00e9ros de la s\u00e9rie de bande dessin\u00e9e Blacksad de Juanjo Guarnido et Juan D\u00edaz Canales.","og_url":"https:\/\/comixburo.com\/en\/product\/buste-donna-blacksad\/","og_site_name":"comixburo.com","article_publisher":"https:\/\/www.facebook.com\/comixburo","article_modified_time":"2026-02-14T09:05:21+00:00","og_image":[{"width":674,"height":1000,"url":"https:\/\/comixburo.com\/wp-content\/uploads\/2025\/03\/B432-donna-blacksad-attakus-face.webp","type":"image\/webp"}],"twitter_card":"summary_large_image","twitter_misc":{"Estimated reading time":"1 minute"},"schema":{"@context":"https:\/\/schema.org","@graph":[{"@type":"WebPage","@id":"https:\/\/comixburo.com\/produit\/buste-donna-blacksad\/","url":"https:\/\/comixburo.com\/produit\/buste-donna-blacksad\/","name":"Buste Donna \u2013 Blacksad \u2013 Guarnido - comixburo.com","isPartOf":{"@id":"https:\/\/comixburo.com\/#website"},"primaryImageOfPage":{"@id":"https:\/\/comixburo.com\/produit\/buste-donna-blacksad\/#primaryimage"},"image":{"@id":"https:\/\/comixburo.com\/produit\/buste-donna-blacksad\/#primaryimage"},"thumbnailUrl":"https:\/\/comixburo.com\/wp-content\/uploads\/2025\/03\/B432-donna-blacksad-attakus-face.webp","datePublished":"2025-03-28T13:11:37+00:00","dateModified":"2026-02-14T09:05:21+00:00","description":"Buste Donna Blacksad Blacksad Statuette Figurine h\u00e9ros de la s\u00e9rie de bande dessin\u00e9e Blacksad de Juanjo Guarnido et Juan D\u00edaz Canales.","breadcrumb":{"@id":"https:\/\/comixburo.com\/produit\/buste-donna-blacksad\/#breadcrumb"},"inLanguage":"en-GB","potentialAction":[{"@type":"ReadAction","target":["https:\/\/comixburo.com\/produit\/buste-donna-blacksad\/"]}]},{"@type":"ImageObject","inLanguage":"en-GB","@id":"https:\/\/comixburo.com\/produit\/buste-donna-blacksad\/#primaryimage","url":"https:\/\/comixburo.com\/wp-content\/uploads\/2025\/03\/B432-donna-blacksad-attakus-face.webp","contentUrl":"https:\/\/comixburo.com\/wp-content\/uploads\/2025\/03\/B432-donna-blacksad-attakus-face.webp","width":674,"height":1000,"caption":"Buste Donna \u2013 Blacksad \u2013 Guarnido"},{"@type":"BreadcrumbList","@id":"https:\/\/comixburo.com\/produit\/buste-donna-blacksad\/#breadcrumb","itemListElement":[{"@type":"ListItem","position":1,"name":"Home","item":"https:\/\/comixburo.com\/"},{"@type":"ListItem","position":2,"name":"La boutique Comix Buro","item":"https:\/\/comixburo.com\/la-boutique-comix-buro\/"},{"@type":"ListItem","position":3,"name":"Buste Donna \u2013 Blacksad \u2013 Guarnido"}]},{"@type":"WebSite","@id":"https:\/\/comixburo.com\/#website","url":"https:\/\/comixburo.com\/","name":"comixburo.com","description":"Cr\u00e9ateur de projets : Sketchbook d&#039;artistes !","publisher":{"@id":"https:\/\/comixburo.com\/#organization"},"alternateName":"Comix Buro","potentialAction":[{"@type":"SearchAction","target":{"@type":"EntryPoint","urlTemplate":"https:\/\/comixburo.com\/?s={search_term_string}"},"query-input":{"@type":"PropertyValueSpecification","valueRequired":true,"valueName":"search_term_string"}}],"inLanguage":"en-GB"},{"@type":"Organization","@id":"https:\/\/comixburo.com\/#organization","name":"comixburo.com","url":"https:\/\/comixburo.com\/","logo":{"@type":"ImageObject","inLanguage":"en-GB","@id":"https:\/\/comixburo.com\/#\/schema\/logo\/image\/","url":"https:\/\/comixburo.com\/wp-content\/uploads\/2025\/04\/logo-cxb-ROND.webp","contentUrl":"https:\/\/comixburo.com\/wp-content\/uploads\/2025\/04\/logo-cxb-ROND.webp","width":200,"height":200,"caption":"comixburo.com"},"image":{"@id":"https:\/\/comixburo.com\/#\/schema\/logo\/image\/"},"sameAs":["https:\/\/www.facebook.com\/comixburo","https:\/\/www.instagram.com\/comixburo\/"]}]}},"jetpack_sharing_enabled":true,"_links":{"self":[{"href":"https:\/\/comixburo.com\/en\/wp-json\/wp\/v2\/product\/18758","targetHints":{"allow":["GET"]}}],"collection":[{"href":"https:\/\/comixburo.com\/en\/wp-json\/wp\/v2\/product"}],"about":[{"href":"https:\/\/comixburo.com\/en\/wp-json\/wp\/v2\/types\/product"}],"replies":[{"embeddable":true,"href":"https:\/\/comixburo.com\/en\/wp-json\/wp\/v2\/comments?post=18758"}],"version-history":[{"count":3,"href":"https:\/\/comixburo.com\/en\/wp-json\/wp\/v2\/product\/18758\/revisions"}],"predecessor-version":[{"id":20170,"href":"https:\/\/comixburo.com\/en\/wp-json\/wp\/v2\/product\/18758\/revisions\/20170"}],"wp:featuredmedia":[{"embeddable":true,"href":"https:\/\/comixburo.com\/en\/wp-json\/wp\/v2\/media\/18759"}],"wp:attachment":[{"href":"https:\/\/comixburo.com\/en\/wp-json\/wp\/v2\/media?parent=18758"}],"wp:term":[{"taxonomy":"product_brand","embeddable":true,"href":"https:\/\/comixburo.com\/en\/wp-json\/wp\/v2\/product_brand?post=18758"},{"taxonomy":"product_cat","embeddable":true,"href":"https:\/\/comixburo.com\/en\/wp-json\/wp\/v2\/product_cat?post=18758"},{"taxonomy":"product_tag","embeddable":true,"href":"https:\/\/comixburo.com\/en\/wp-json\/wp\/v2\/product_tag?post=18758"}],"curies":[{"name":"wp","href":"https:\/\/api.w.org\/{rel}","templated":true}]}}