{"id":18764,"date":"2025-03-28T14:16:52","date_gmt":"2025-03-28T13:16:52","guid":{"rendered":"https:\/\/comixburo.com\/?post_type=product&#038;p=18764"},"modified":"2026-02-03T17:37:24","modified_gmt":"2026-02-03T16:37:24","slug":"buste-thomas-lachapelle-blacksad","status":"publish","type":"product","link":"https:\/\/comixburo.com\/en\/product\/buste-thomas-lachapelle-blacksad\/","title":{"rendered":"Buste Thomas Lachapelle \u2013 Blacksad &#8211; Guarnido"},"content":{"rendered":"<h3><strong>Statuette de collection Thomas Lachapelle \u2013 BD Blacksad Juanjo Guarnido et Juan D\u00edaz Canal\u00e8s<\/strong><\/h3>\n<p>R\u00e9f. : B427<br \/>\nTirage : 2000 ex.<br \/>\nHauteur : 16,5 cm<br \/>\nMati\u00e8re : r\u00e9sine<br \/>\nParution :\u00a010\u00a0d\u00e9cembre 2013<\/p>\n<p>\u2013 Plongez dans l\u2019univers de Blacksad et collectionnez les personnages de la BD culte !!<br \/>\n\u2013 Statuette de collection num\u00e9rot\u00e9e et limit\u00e9e \u00e0 2000 Exemplaires. Sculpt\u00e9e en France et peinte \u00e0 la main. Livr\u00e9e avec son certificat d\u2019authenticit\u00e9 Attakus.<br \/>\n\u2013 Dans ce 4\u00e8me volume, John Blacksad, de passage \u00e0 La Nouvelle-Orl\u00e9ans pour une enqu\u00eate, est engag\u00e9 par Faust Lachapelle, directeur agonisant d\u2019une c\u00e9l\u00e8bre maison de disques de blues, pour retrouver son musicien f\u00e9tiche, S\u00e9bastian \u00ab Little Hand \u00bb Fletcher, un pianiste h\u00e9ro\u00efnomane qui fuit un lourd secret. Blacksad accepte de mener l\u2019enqu\u00eate mais se rend tr\u00e8s vite compte que l\u2019affaire n\u2019est pas si simple\u2026 Pourquoi Ted Leeman, le d\u00e9tective engag\u00e9 par Faust avant Blacksad a-t-il \u00e9t\u00e9 vir\u00e9 ? Que signifie la jalousie de Thomas Lachapelle, le fils de Faust ? Quels secrets cachent les amis de Sebastian ?<br \/>\n***<\/p>\n<p>ATTAKUS vous propose de red\u00e9couvrir tous ces personnages gr\u00e2ce \u00e0 sa collection de bustes Blacksad en \u00e9dition limit\u00e9e disponibles sur ce site.<\/p>","protected":false},"excerpt":{"rendered":"<p>Thomas Lachapelle est le fils de Faust. Il s\u2019occupe d\u2019Hannah depuis que Sebastian a disparu dans la nature. Est-ce par jalousie vis-\u00e0-vis de ce dernier ou par amour sinc\u00e8re envers elle ? Au vu de son expression faciale, cela doit sans doute \u00eatre de la jalousie\u2026 D\u00e9couvrez l\u2019univers Blacksad imagin\u00e9 par Juanjo Guarnido au travers de cette s\u00e9rie de magnifiques bustes \u00e0 collectionner sans mod\u00e9ration !<\/p>","protected":false},"featured_media":18765,"comment_status":"open","ping_status":"closed","template":"","meta":[],"product_brand":[109,108],"product_cat":[111,106,93],"product_tag":[],"class_list":{"0":"post-18764","1":"product","2":"type-product","3":"status-publish","4":"has-post-thumbnail","6":"product_brand-attakus","7":"product_brand-comix-buro","8":"product_cat-attakus","9":"product_cat-statues","10":"product_cat-tous","12":"first","13":"instock","14":"taxable","15":"shipping-taxable","16":"purchasable","17":"product-type-simple"},"yoast_head":"<!-- This site is optimized with the Yoast SEO plugin v26.9 - https:\/\/yoast.com\/product\/yoast-seo-wordpress\/ -->\n<title>Buste Thomas Lachapelle \u2013 Blacksad - Guarnido - comixburo.com<\/title>\n<meta name=\"description\" content=\"Buste Thomas Lachapelle Blacksad. Statuette en r\u00e9sine Thomas Lachapelle, Bande dessin\u00e9e Blacksad de Juanjo Guarnido et Juan D\u00edaz Canales.\" \/>\n<meta name=\"robots\" content=\"index, follow, max-snippet:-1, max-image-preview:large, max-video-preview:-1\" \/>\n<link rel=\"canonical\" href=\"https:\/\/comixburo.com\/en\/product\/buste-thomas-lachapelle-blacksad\/\" \/>\n<meta property=\"og:locale\" content=\"en_GB\" \/>\n<meta property=\"og:type\" content=\"article\" \/>\n<meta property=\"og:title\" content=\"Buste Thomas Lachapelle \u2013 Blacksad - Guarnido - comixburo.com\" \/>\n<meta property=\"og:description\" content=\"Buste Thomas Lachapelle Blacksad. Statuette en r\u00e9sine Thomas Lachapelle, Bande dessin\u00e9e Blacksad de Juanjo Guarnido et Juan D\u00edaz Canales.\" \/>\n<meta property=\"og:url\" content=\"https:\/\/comixburo.com\/en\/product\/buste-thomas-lachapelle-blacksad\/\" \/>\n<meta property=\"og:site_name\" content=\"comixburo.com\" \/>\n<meta property=\"article:publisher\" content=\"https:\/\/www.facebook.com\/comixburo\" \/>\n<meta property=\"article:modified_time\" content=\"2026-02-03T16:37:24+00:00\" \/>\n<meta property=\"og:image\" content=\"https:\/\/comixburo.com\/wp-content\/uploads\/2025\/03\/B427-thomas-lachapelle-attakus-face.webp\" \/>\n\t<meta property=\"og:image:width\" content=\"674\" \/>\n\t<meta property=\"og:image:height\" content=\"1000\" \/>\n\t<meta property=\"og:image:type\" content=\"image\/webp\" \/>\n<meta name=\"twitter:card\" content=\"summary_large_image\" \/>\n<meta name=\"twitter:label1\" content=\"Estimated reading time\" \/>\n\t<meta name=\"twitter:data1\" content=\"2 minutes\" \/>\n<script type=\"application\/ld+json\" class=\"yoast-schema-graph\">{\"@context\":\"https:\/\/schema.org\",\"@graph\":[{\"@type\":\"WebPage\",\"@id\":\"https:\/\/comixburo.com\/produit\/buste-thomas-lachapelle-blacksad\/\",\"url\":\"https:\/\/comixburo.com\/produit\/buste-thomas-lachapelle-blacksad\/\",\"name\":\"Buste Thomas Lachapelle \u2013 Blacksad - Guarnido - comixburo.com\",\"isPartOf\":{\"@id\":\"https:\/\/comixburo.com\/#website\"},\"primaryImageOfPage\":{\"@id\":\"https:\/\/comixburo.com\/produit\/buste-thomas-lachapelle-blacksad\/#primaryimage\"},\"image\":{\"@id\":\"https:\/\/comixburo.com\/produit\/buste-thomas-lachapelle-blacksad\/#primaryimage\"},\"thumbnailUrl\":\"https:\/\/comixburo.com\/wp-content\/uploads\/2025\/03\/B427-thomas-lachapelle-attakus-face.webp\",\"datePublished\":\"2025-03-28T13:16:52+00:00\",\"dateModified\":\"2026-02-03T16:37:24+00:00\",\"description\":\"Buste Thomas Lachapelle Blacksad. Statuette en r\u00e9sine Thomas Lachapelle, Bande dessin\u00e9e Blacksad de Juanjo Guarnido et Juan D\u00edaz Canales.\",\"breadcrumb\":{\"@id\":\"https:\/\/comixburo.com\/produit\/buste-thomas-lachapelle-blacksad\/#breadcrumb\"},\"inLanguage\":\"en-GB\",\"potentialAction\":[{\"@type\":\"ReadAction\",\"target\":[\"https:\/\/comixburo.com\/produit\/buste-thomas-lachapelle-blacksad\/\"]}]},{\"@type\":\"ImageObject\",\"inLanguage\":\"en-GB\",\"@id\":\"https:\/\/comixburo.com\/produit\/buste-thomas-lachapelle-blacksad\/#primaryimage\",\"url\":\"https:\/\/comixburo.com\/wp-content\/uploads\/2025\/03\/B427-thomas-lachapelle-attakus-face.webp\",\"contentUrl\":\"https:\/\/comixburo.com\/wp-content\/uploads\/2025\/03\/B427-thomas-lachapelle-attakus-face.webp\",\"width\":674,\"height\":1000,\"caption\":\"Buste Thomas Lachapelle \u2013 Blacksad - Guarnido\"},{\"@type\":\"BreadcrumbList\",\"@id\":\"https:\/\/comixburo.com\/produit\/buste-thomas-lachapelle-blacksad\/#breadcrumb\",\"itemListElement\":[{\"@type\":\"ListItem\",\"position\":1,\"name\":\"Home\",\"item\":\"https:\/\/comixburo.com\/\"},{\"@type\":\"ListItem\",\"position\":2,\"name\":\"La boutique Comix Buro\",\"item\":\"https:\/\/comixburo.com\/la-boutique-comix-buro\/\"},{\"@type\":\"ListItem\",\"position\":3,\"name\":\"Buste Thomas Lachapelle \u2013 Blacksad &#8211; Guarnido\"}]},{\"@type\":\"WebSite\",\"@id\":\"https:\/\/comixburo.com\/#website\",\"url\":\"https:\/\/comixburo.com\/\",\"name\":\"comixburo.com\",\"description\":\"Cr\u00e9ateur de projets : Sketchbook d&#039;artistes !\",\"publisher\":{\"@id\":\"https:\/\/comixburo.com\/#organization\"},\"alternateName\":\"Comix Buro\",\"potentialAction\":[{\"@type\":\"SearchAction\",\"target\":{\"@type\":\"EntryPoint\",\"urlTemplate\":\"https:\/\/comixburo.com\/?s={search_term_string}\"},\"query-input\":{\"@type\":\"PropertyValueSpecification\",\"valueRequired\":true,\"valueName\":\"search_term_string\"}}],\"inLanguage\":\"en-GB\"},{\"@type\":\"Organization\",\"@id\":\"https:\/\/comixburo.com\/#organization\",\"name\":\"comixburo.com\",\"url\":\"https:\/\/comixburo.com\/\",\"logo\":{\"@type\":\"ImageObject\",\"inLanguage\":\"en-GB\",\"@id\":\"https:\/\/comixburo.com\/#\/schema\/logo\/image\/\",\"url\":\"https:\/\/comixburo.com\/wp-content\/uploads\/2025\/04\/logo-cxb-ROND.webp\",\"contentUrl\":\"https:\/\/comixburo.com\/wp-content\/uploads\/2025\/04\/logo-cxb-ROND.webp\",\"width\":200,\"height\":200,\"caption\":\"comixburo.com\"},\"image\":{\"@id\":\"https:\/\/comixburo.com\/#\/schema\/logo\/image\/\"},\"sameAs\":[\"https:\/\/www.facebook.com\/comixburo\",\"https:\/\/www.instagram.com\/comixburo\/\"]}]}<\/script>\n<!-- \/ Yoast SEO plugin. -->","yoast_head_json":{"title":"Buste Thomas Lachapelle \u2013 Blacksad - Guarnido - comixburo.com","description":"Buste Thomas Lachapelle Blacksad. Statuette en r\u00e9sine Thomas Lachapelle, Bande dessin\u00e9e Blacksad de Juanjo Guarnido et Juan D\u00edaz Canales.","robots":{"index":"index","follow":"follow","max-snippet":"max-snippet:-1","max-image-preview":"max-image-preview:large","max-video-preview":"max-video-preview:-1"},"canonical":"https:\/\/comixburo.com\/en\/product\/buste-thomas-lachapelle-blacksad\/","og_locale":"en_GB","og_type":"article","og_title":"Buste Thomas Lachapelle \u2013 Blacksad - Guarnido - comixburo.com","og_description":"Buste Thomas Lachapelle Blacksad. Statuette en r\u00e9sine Thomas Lachapelle, Bande dessin\u00e9e Blacksad de Juanjo Guarnido et Juan D\u00edaz Canales.","og_url":"https:\/\/comixburo.com\/en\/product\/buste-thomas-lachapelle-blacksad\/","og_site_name":"comixburo.com","article_publisher":"https:\/\/www.facebook.com\/comixburo","article_modified_time":"2026-02-03T16:37:24+00:00","og_image":[{"width":674,"height":1000,"url":"https:\/\/comixburo.com\/wp-content\/uploads\/2025\/03\/B427-thomas-lachapelle-attakus-face.webp","type":"image\/webp"}],"twitter_card":"summary_large_image","twitter_misc":{"Estimated reading time":"2 minutes"},"schema":{"@context":"https:\/\/schema.org","@graph":[{"@type":"WebPage","@id":"https:\/\/comixburo.com\/produit\/buste-thomas-lachapelle-blacksad\/","url":"https:\/\/comixburo.com\/produit\/buste-thomas-lachapelle-blacksad\/","name":"Buste Thomas Lachapelle \u2013 Blacksad - Guarnido - comixburo.com","isPartOf":{"@id":"https:\/\/comixburo.com\/#website"},"primaryImageOfPage":{"@id":"https:\/\/comixburo.com\/produit\/buste-thomas-lachapelle-blacksad\/#primaryimage"},"image":{"@id":"https:\/\/comixburo.com\/produit\/buste-thomas-lachapelle-blacksad\/#primaryimage"},"thumbnailUrl":"https:\/\/comixburo.com\/wp-content\/uploads\/2025\/03\/B427-thomas-lachapelle-attakus-face.webp","datePublished":"2025-03-28T13:16:52+00:00","dateModified":"2026-02-03T16:37:24+00:00","description":"Buste Thomas Lachapelle Blacksad. Statuette en r\u00e9sine Thomas Lachapelle, Bande dessin\u00e9e Blacksad de Juanjo Guarnido et Juan D\u00edaz Canales.","breadcrumb":{"@id":"https:\/\/comixburo.com\/produit\/buste-thomas-lachapelle-blacksad\/#breadcrumb"},"inLanguage":"en-GB","potentialAction":[{"@type":"ReadAction","target":["https:\/\/comixburo.com\/produit\/buste-thomas-lachapelle-blacksad\/"]}]},{"@type":"ImageObject","inLanguage":"en-GB","@id":"https:\/\/comixburo.com\/produit\/buste-thomas-lachapelle-blacksad\/#primaryimage","url":"https:\/\/comixburo.com\/wp-content\/uploads\/2025\/03\/B427-thomas-lachapelle-attakus-face.webp","contentUrl":"https:\/\/comixburo.com\/wp-content\/uploads\/2025\/03\/B427-thomas-lachapelle-attakus-face.webp","width":674,"height":1000,"caption":"Buste Thomas Lachapelle \u2013 Blacksad - Guarnido"},{"@type":"BreadcrumbList","@id":"https:\/\/comixburo.com\/produit\/buste-thomas-lachapelle-blacksad\/#breadcrumb","itemListElement":[{"@type":"ListItem","position":1,"name":"Home","item":"https:\/\/comixburo.com\/"},{"@type":"ListItem","position":2,"name":"La boutique Comix Buro","item":"https:\/\/comixburo.com\/la-boutique-comix-buro\/"},{"@type":"ListItem","position":3,"name":"Buste Thomas Lachapelle \u2013 Blacksad &#8211; Guarnido"}]},{"@type":"WebSite","@id":"https:\/\/comixburo.com\/#website","url":"https:\/\/comixburo.com\/","name":"comixburo.com","description":"Cr\u00e9ateur de projets : Sketchbook d&#039;artistes !","publisher":{"@id":"https:\/\/comixburo.com\/#organization"},"alternateName":"Comix Buro","potentialAction":[{"@type":"SearchAction","target":{"@type":"EntryPoint","urlTemplate":"https:\/\/comixburo.com\/?s={search_term_string}"},"query-input":{"@type":"PropertyValueSpecification","valueRequired":true,"valueName":"search_term_string"}}],"inLanguage":"en-GB"},{"@type":"Organization","@id":"https:\/\/comixburo.com\/#organization","name":"comixburo.com","url":"https:\/\/comixburo.com\/","logo":{"@type":"ImageObject","inLanguage":"en-GB","@id":"https:\/\/comixburo.com\/#\/schema\/logo\/image\/","url":"https:\/\/comixburo.com\/wp-content\/uploads\/2025\/04\/logo-cxb-ROND.webp","contentUrl":"https:\/\/comixburo.com\/wp-content\/uploads\/2025\/04\/logo-cxb-ROND.webp","width":200,"height":200,"caption":"comixburo.com"},"image":{"@id":"https:\/\/comixburo.com\/#\/schema\/logo\/image\/"},"sameAs":["https:\/\/www.facebook.com\/comixburo","https:\/\/www.instagram.com\/comixburo\/"]}]}},"jetpack_sharing_enabled":true,"_links":{"self":[{"href":"https:\/\/comixburo.com\/en\/wp-json\/wp\/v2\/product\/18764","targetHints":{"allow":["GET"]}}],"collection":[{"href":"https:\/\/comixburo.com\/en\/wp-json\/wp\/v2\/product"}],"about":[{"href":"https:\/\/comixburo.com\/en\/wp-json\/wp\/v2\/types\/product"}],"replies":[{"embeddable":true,"href":"https:\/\/comixburo.com\/en\/wp-json\/wp\/v2\/comments?post=18764"}],"version-history":[{"count":4,"href":"https:\/\/comixburo.com\/en\/wp-json\/wp\/v2\/product\/18764\/revisions"}],"predecessor-version":[{"id":20168,"href":"https:\/\/comixburo.com\/en\/wp-json\/wp\/v2\/product\/18764\/revisions\/20168"}],"wp:featuredmedia":[{"embeddable":true,"href":"https:\/\/comixburo.com\/en\/wp-json\/wp\/v2\/media\/18765"}],"wp:attachment":[{"href":"https:\/\/comixburo.com\/en\/wp-json\/wp\/v2\/media?parent=18764"}],"wp:term":[{"taxonomy":"product_brand","embeddable":true,"href":"https:\/\/comixburo.com\/en\/wp-json\/wp\/v2\/product_brand?post=18764"},{"taxonomy":"product_cat","embeddable":true,"href":"https:\/\/comixburo.com\/en\/wp-json\/wp\/v2\/product_cat?post=18764"},{"taxonomy":"product_tag","embeddable":true,"href":"https:\/\/comixburo.com\/en\/wp-json\/wp\/v2\/product_tag?post=18764"}],"curies":[{"name":"wp","href":"https:\/\/api.w.org\/{rel}","templated":true}]}}