{"id":18767,"date":"2025-03-28T14:19:14","date_gmt":"2025-03-28T13:19:14","guid":{"rendered":"https:\/\/comixburo.com\/?post_type=product&#038;p=18767"},"modified":"2026-02-14T10:01:19","modified_gmt":"2026-02-14T09:01:19","slug":"buste-sebastian-fletcher-blacksad","status":"publish","type":"product","link":"https:\/\/comixburo.com\/en\/product\/buste-sebastian-fletcher-blacksad\/","title":{"rendered":"Buste Sebastian Fletcher \u2013 Blacksad \u2013 Guarnido"},"content":{"rendered":"<h3><strong>Statuette de collection Sebastian Fletcher \u2013 BD Blacksad Juanjo Guarnido et Juan D\u00edaz Canal\u00e8s<\/strong><\/h3>\n<p>R\u00e9f. : B429<br \/>\nTirage : 1500 ex.<br \/>\nHauteur : 15,5 cm<br \/>\nMati\u00e8re : r\u00e9sine<\/p>\n<p>Plongez dans l\u2019univers de Blacksad et collectionnez les personnages de la BD culte !!<br \/>\n\u2013 Buste en r\u00e9sine de Sebastian, d\u2019apr\u00e8s la bande dessin\u00e9e Blacksad de Juanjo Guarnido et Juan D\u00edaz Canales.<br \/>\nStatuette de collection num\u00e9rot\u00e9e et limit\u00e9e \u00e0 2000 Exemplaires. Sculpt\u00e9e en France et peinte \u00e0 la main. Livr\u00e9e avec son certificat d\u2019authenticit\u00e9 Attakus.<br \/>\n\u2013 Sebastian \u00ab Little Hand \u00bb Fletcher est un musicien noir qui doit son surnom \u00e0 sa malformation cong\u00e9nitale : une de ses mains est minuscule. Sa musique connut un immense succ\u00e8s, mais comme il est aujourd\u2019hui ravag\u00e9 par la drogue, c\u2019est sa disparition aussi soudaine que myst\u00e9rieuse qui pousse Faust Lachapelle \u00e0 engager John Blacksad pour le retrouver. Il appara\u00eet dans le tome 4 de la s\u00e9rie Blacksad (L\u2019Enfer, Le Silence)<\/p>\n<p>ATTAKUS vous propose de red\u00e9couvrir tous ces personnages gr\u00e2ce \u00e0 sa collection de bustes Blacksad en \u00e9dition limit\u00e9e disponibles sur ce site.<\/p>","protected":false},"excerpt":{"rendered":"<p>Sebastian \u00ab Little Hand \u00bb Fletcher, pianiste h\u00e9ro\u00efnomane et musicien f\u00e9tiche de Faust, directeur d\u2019une c\u00e9l\u00e8bre maison de disques de blues, sera activement recherch\u00e9 par John dans le Tome 4 (l\u2019Enfer, le silence), de passage \u00e0 La Nouvelle-Orl\u00e9ans. Il dispara\u00eet sans laisser de trace, laissant penser qu\u2019un lourd secret le tient pour prisonnier. D\u00e9couvrez l\u2019univers Blacksad imagin\u00e9 par Juanjo Guarnido au travers de cette s\u00e9rie de magnifiques bustes \u00e0 collectionner sans mod\u00e9ration !<\/p>","protected":false},"featured_media":18768,"comment_status":"open","ping_status":"closed","template":"","meta":[],"product_brand":[109,108],"product_cat":[111,106,93],"product_tag":[],"class_list":{"0":"post-18767","1":"product","2":"type-product","3":"status-publish","4":"has-post-thumbnail","6":"product_brand-attakus","7":"product_brand-comix-buro","8":"product_cat-attakus","9":"product_cat-statues","10":"product_cat-tous","12":"first","13":"instock","14":"taxable","15":"shipping-taxable","16":"purchasable","17":"product-type-simple"},"yoast_head":"<!-- This site is optimized with the Yoast SEO plugin v26.9 - https:\/\/yoast.com\/product\/yoast-seo-wordpress\/ -->\n<title>Buste Sebastian Fletcher \u2013 Blacksad \u2013 Guarnido - comixburo.com<\/title>\n<meta name=\"description\" content=\"Buste Sebastian Fletcher Blacksad. Statuette en r\u00e9sine de Sebastian, bande dessin\u00e9e Blacksad de Juanjo Guarnido et Juan D\u00edaz Canales.\" \/>\n<meta name=\"robots\" content=\"index, follow, max-snippet:-1, max-image-preview:large, max-video-preview:-1\" \/>\n<link rel=\"canonical\" href=\"https:\/\/comixburo.com\/en\/product\/buste-sebastian-fletcher-blacksad\/\" \/>\n<meta property=\"og:locale\" content=\"en_GB\" \/>\n<meta property=\"og:type\" content=\"article\" \/>\n<meta property=\"og:title\" content=\"Buste Sebastian Fletcher \u2013 Blacksad \u2013 Guarnido - comixburo.com\" \/>\n<meta property=\"og:description\" content=\"Buste Sebastian Fletcher Blacksad. Statuette en r\u00e9sine de Sebastian, bande dessin\u00e9e Blacksad de Juanjo Guarnido et Juan D\u00edaz Canales.\" \/>\n<meta property=\"og:url\" content=\"https:\/\/comixburo.com\/en\/product\/buste-sebastian-fletcher-blacksad\/\" \/>\n<meta property=\"og:site_name\" content=\"comixburo.com\" \/>\n<meta property=\"article:publisher\" content=\"https:\/\/www.facebook.com\/comixburo\" \/>\n<meta property=\"article:modified_time\" content=\"2026-02-14T09:01:19+00:00\" \/>\n<meta property=\"og:image\" content=\"https:\/\/comixburo.com\/wp-content\/uploads\/2025\/03\/B429-sebastien-attakus-face.webp\" \/>\n\t<meta property=\"og:image:width\" content=\"674\" \/>\n\t<meta property=\"og:image:height\" content=\"1000\" \/>\n\t<meta property=\"og:image:type\" content=\"image\/webp\" \/>\n<meta name=\"twitter:card\" content=\"summary_large_image\" \/>\n<meta name=\"twitter:label1\" content=\"Estimated reading time\" \/>\n\t<meta name=\"twitter:data1\" content=\"2 minutes\" \/>\n<script type=\"application\/ld+json\" class=\"yoast-schema-graph\">{\"@context\":\"https:\/\/schema.org\",\"@graph\":[{\"@type\":\"WebPage\",\"@id\":\"https:\/\/comixburo.com\/produit\/buste-sebastian-fletcher-blacksad\/\",\"url\":\"https:\/\/comixburo.com\/produit\/buste-sebastian-fletcher-blacksad\/\",\"name\":\"Buste Sebastian Fletcher \u2013 Blacksad \u2013 Guarnido - comixburo.com\",\"isPartOf\":{\"@id\":\"https:\/\/comixburo.com\/#website\"},\"primaryImageOfPage\":{\"@id\":\"https:\/\/comixburo.com\/produit\/buste-sebastian-fletcher-blacksad\/#primaryimage\"},\"image\":{\"@id\":\"https:\/\/comixburo.com\/produit\/buste-sebastian-fletcher-blacksad\/#primaryimage\"},\"thumbnailUrl\":\"https:\/\/comixburo.com\/wp-content\/uploads\/2025\/03\/B429-sebastien-attakus-face.webp\",\"datePublished\":\"2025-03-28T13:19:14+00:00\",\"dateModified\":\"2026-02-14T09:01:19+00:00\",\"description\":\"Buste Sebastian Fletcher Blacksad. Statuette en r\u00e9sine de Sebastian, bande dessin\u00e9e Blacksad de Juanjo Guarnido et Juan D\u00edaz Canales.\",\"breadcrumb\":{\"@id\":\"https:\/\/comixburo.com\/produit\/buste-sebastian-fletcher-blacksad\/#breadcrumb\"},\"inLanguage\":\"en-GB\",\"potentialAction\":[{\"@type\":\"ReadAction\",\"target\":[\"https:\/\/comixburo.com\/produit\/buste-sebastian-fletcher-blacksad\/\"]}]},{\"@type\":\"ImageObject\",\"inLanguage\":\"en-GB\",\"@id\":\"https:\/\/comixburo.com\/produit\/buste-sebastian-fletcher-blacksad\/#primaryimage\",\"url\":\"https:\/\/comixburo.com\/wp-content\/uploads\/2025\/03\/B429-sebastien-attakus-face.webp\",\"contentUrl\":\"https:\/\/comixburo.com\/wp-content\/uploads\/2025\/03\/B429-sebastien-attakus-face.webp\",\"width\":674,\"height\":1000,\"caption\":\"Buste Sebastian Fletcher \u2013 Blacksad \u2013 Guarnido\"},{\"@type\":\"BreadcrumbList\",\"@id\":\"https:\/\/comixburo.com\/produit\/buste-sebastian-fletcher-blacksad\/#breadcrumb\",\"itemListElement\":[{\"@type\":\"ListItem\",\"position\":1,\"name\":\"Home\",\"item\":\"https:\/\/comixburo.com\/\"},{\"@type\":\"ListItem\",\"position\":2,\"name\":\"La boutique Comix Buro\",\"item\":\"https:\/\/comixburo.com\/la-boutique-comix-buro\/\"},{\"@type\":\"ListItem\",\"position\":3,\"name\":\"Buste Sebastian Fletcher \u2013 Blacksad \u2013 Guarnido\"}]},{\"@type\":\"WebSite\",\"@id\":\"https:\/\/comixburo.com\/#website\",\"url\":\"https:\/\/comixburo.com\/\",\"name\":\"comixburo.com\",\"description\":\"Cr\u00e9ateur de projets : Sketchbook d&#039;artistes !\",\"publisher\":{\"@id\":\"https:\/\/comixburo.com\/#organization\"},\"alternateName\":\"Comix Buro\",\"potentialAction\":[{\"@type\":\"SearchAction\",\"target\":{\"@type\":\"EntryPoint\",\"urlTemplate\":\"https:\/\/comixburo.com\/?s={search_term_string}\"},\"query-input\":{\"@type\":\"PropertyValueSpecification\",\"valueRequired\":true,\"valueName\":\"search_term_string\"}}],\"inLanguage\":\"en-GB\"},{\"@type\":\"Organization\",\"@id\":\"https:\/\/comixburo.com\/#organization\",\"name\":\"comixburo.com\",\"url\":\"https:\/\/comixburo.com\/\",\"logo\":{\"@type\":\"ImageObject\",\"inLanguage\":\"en-GB\",\"@id\":\"https:\/\/comixburo.com\/#\/schema\/logo\/image\/\",\"url\":\"https:\/\/comixburo.com\/wp-content\/uploads\/2025\/04\/logo-cxb-ROND.webp\",\"contentUrl\":\"https:\/\/comixburo.com\/wp-content\/uploads\/2025\/04\/logo-cxb-ROND.webp\",\"width\":200,\"height\":200,\"caption\":\"comixburo.com\"},\"image\":{\"@id\":\"https:\/\/comixburo.com\/#\/schema\/logo\/image\/\"},\"sameAs\":[\"https:\/\/www.facebook.com\/comixburo\",\"https:\/\/www.instagram.com\/comixburo\/\"]}]}<\/script>\n<!-- \/ Yoast SEO plugin. -->","yoast_head_json":{"title":"Buste Sebastian Fletcher \u2013 Blacksad \u2013 Guarnido - comixburo.com","description":"Buste Sebastian Fletcher Blacksad. Statuette en r\u00e9sine de Sebastian, bande dessin\u00e9e Blacksad de Juanjo Guarnido et Juan D\u00edaz Canales.","robots":{"index":"index","follow":"follow","max-snippet":"max-snippet:-1","max-image-preview":"max-image-preview:large","max-video-preview":"max-video-preview:-1"},"canonical":"https:\/\/comixburo.com\/en\/product\/buste-sebastian-fletcher-blacksad\/","og_locale":"en_GB","og_type":"article","og_title":"Buste Sebastian Fletcher \u2013 Blacksad \u2013 Guarnido - comixburo.com","og_description":"Buste Sebastian Fletcher Blacksad. Statuette en r\u00e9sine de Sebastian, bande dessin\u00e9e Blacksad de Juanjo Guarnido et Juan D\u00edaz Canales.","og_url":"https:\/\/comixburo.com\/en\/product\/buste-sebastian-fletcher-blacksad\/","og_site_name":"comixburo.com","article_publisher":"https:\/\/www.facebook.com\/comixburo","article_modified_time":"2026-02-14T09:01:19+00:00","og_image":[{"width":674,"height":1000,"url":"https:\/\/comixburo.com\/wp-content\/uploads\/2025\/03\/B429-sebastien-attakus-face.webp","type":"image\/webp"}],"twitter_card":"summary_large_image","twitter_misc":{"Estimated reading time":"2 minutes"},"schema":{"@context":"https:\/\/schema.org","@graph":[{"@type":"WebPage","@id":"https:\/\/comixburo.com\/produit\/buste-sebastian-fletcher-blacksad\/","url":"https:\/\/comixburo.com\/produit\/buste-sebastian-fletcher-blacksad\/","name":"Buste Sebastian Fletcher \u2013 Blacksad \u2013 Guarnido - comixburo.com","isPartOf":{"@id":"https:\/\/comixburo.com\/#website"},"primaryImageOfPage":{"@id":"https:\/\/comixburo.com\/produit\/buste-sebastian-fletcher-blacksad\/#primaryimage"},"image":{"@id":"https:\/\/comixburo.com\/produit\/buste-sebastian-fletcher-blacksad\/#primaryimage"},"thumbnailUrl":"https:\/\/comixburo.com\/wp-content\/uploads\/2025\/03\/B429-sebastien-attakus-face.webp","datePublished":"2025-03-28T13:19:14+00:00","dateModified":"2026-02-14T09:01:19+00:00","description":"Buste Sebastian Fletcher Blacksad. Statuette en r\u00e9sine de Sebastian, bande dessin\u00e9e Blacksad de Juanjo Guarnido et Juan D\u00edaz Canales.","breadcrumb":{"@id":"https:\/\/comixburo.com\/produit\/buste-sebastian-fletcher-blacksad\/#breadcrumb"},"inLanguage":"en-GB","potentialAction":[{"@type":"ReadAction","target":["https:\/\/comixburo.com\/produit\/buste-sebastian-fletcher-blacksad\/"]}]},{"@type":"ImageObject","inLanguage":"en-GB","@id":"https:\/\/comixburo.com\/produit\/buste-sebastian-fletcher-blacksad\/#primaryimage","url":"https:\/\/comixburo.com\/wp-content\/uploads\/2025\/03\/B429-sebastien-attakus-face.webp","contentUrl":"https:\/\/comixburo.com\/wp-content\/uploads\/2025\/03\/B429-sebastien-attakus-face.webp","width":674,"height":1000,"caption":"Buste Sebastian Fletcher \u2013 Blacksad \u2013 Guarnido"},{"@type":"BreadcrumbList","@id":"https:\/\/comixburo.com\/produit\/buste-sebastian-fletcher-blacksad\/#breadcrumb","itemListElement":[{"@type":"ListItem","position":1,"name":"Home","item":"https:\/\/comixburo.com\/"},{"@type":"ListItem","position":2,"name":"La boutique Comix Buro","item":"https:\/\/comixburo.com\/la-boutique-comix-buro\/"},{"@type":"ListItem","position":3,"name":"Buste Sebastian Fletcher \u2013 Blacksad \u2013 Guarnido"}]},{"@type":"WebSite","@id":"https:\/\/comixburo.com\/#website","url":"https:\/\/comixburo.com\/","name":"comixburo.com","description":"Cr\u00e9ateur de projets : Sketchbook d&#039;artistes !","publisher":{"@id":"https:\/\/comixburo.com\/#organization"},"alternateName":"Comix Buro","potentialAction":[{"@type":"SearchAction","target":{"@type":"EntryPoint","urlTemplate":"https:\/\/comixburo.com\/?s={search_term_string}"},"query-input":{"@type":"PropertyValueSpecification","valueRequired":true,"valueName":"search_term_string"}}],"inLanguage":"en-GB"},{"@type":"Organization","@id":"https:\/\/comixburo.com\/#organization","name":"comixburo.com","url":"https:\/\/comixburo.com\/","logo":{"@type":"ImageObject","inLanguage":"en-GB","@id":"https:\/\/comixburo.com\/#\/schema\/logo\/image\/","url":"https:\/\/comixburo.com\/wp-content\/uploads\/2025\/04\/logo-cxb-ROND.webp","contentUrl":"https:\/\/comixburo.com\/wp-content\/uploads\/2025\/04\/logo-cxb-ROND.webp","width":200,"height":200,"caption":"comixburo.com"},"image":{"@id":"https:\/\/comixburo.com\/#\/schema\/logo\/image\/"},"sameAs":["https:\/\/www.facebook.com\/comixburo","https:\/\/www.instagram.com\/comixburo\/"]}]}},"jetpack_sharing_enabled":true,"_links":{"self":[{"href":"https:\/\/comixburo.com\/en\/wp-json\/wp\/v2\/product\/18767","targetHints":{"allow":["GET"]}}],"collection":[{"href":"https:\/\/comixburo.com\/en\/wp-json\/wp\/v2\/product"}],"about":[{"href":"https:\/\/comixburo.com\/en\/wp-json\/wp\/v2\/types\/product"}],"replies":[{"embeddable":true,"href":"https:\/\/comixburo.com\/en\/wp-json\/wp\/v2\/comments?post=18767"}],"version-history":[{"count":4,"href":"https:\/\/comixburo.com\/en\/wp-json\/wp\/v2\/product\/18767\/revisions"}],"predecessor-version":[{"id":20167,"href":"https:\/\/comixburo.com\/en\/wp-json\/wp\/v2\/product\/18767\/revisions\/20167"}],"wp:featuredmedia":[{"embeddable":true,"href":"https:\/\/comixburo.com\/en\/wp-json\/wp\/v2\/media\/18768"}],"wp:attachment":[{"href":"https:\/\/comixburo.com\/en\/wp-json\/wp\/v2\/media?parent=18767"}],"wp:term":[{"taxonomy":"product_brand","embeddable":true,"href":"https:\/\/comixburo.com\/en\/wp-json\/wp\/v2\/product_brand?post=18767"},{"taxonomy":"product_cat","embeddable":true,"href":"https:\/\/comixburo.com\/en\/wp-json\/wp\/v2\/product_cat?post=18767"},{"taxonomy":"product_tag","embeddable":true,"href":"https:\/\/comixburo.com\/en\/wp-json\/wp\/v2\/product_tag?post=18767"}],"curies":[{"name":"wp","href":"https:\/\/api.w.org\/{rel}","templated":true}]}}