{"id":18773,"date":"2025-03-28T14:25:23","date_gmt":"2025-03-28T13:25:23","guid":{"rendered":"https:\/\/comixburo.com\/?post_type=product&#038;p=18773"},"modified":"2026-02-14T10:01:03","modified_gmt":"2026-02-14T09:01:03","slug":"buste-fiston-blacksad","status":"publish","type":"product","link":"https:\/\/comixburo.com\/en\/product\/buste-fiston-blacksad\/","title":{"rendered":"Buste Fiston \u2013 Blacksad Juanjo Guarnido"},"content":{"rendered":"<h3><strong>Statuette de collection Fiston \u2013 BD Blacksad Juanjo Guarnido et Juan D\u00edaz Canal\u00e8s<\/strong><\/h3>\n<p>R\u00e9f. : B403<br \/>\nLimit\u00e9e \u00e0 2000 ex.<br \/>\nTaille : 11,5 cm<br \/>\nMati\u00e8re: r\u00e9sine<\/p>\n<p>Plongez dans l\u2019univers ATTAKUS de Blacksad et collectionnez les personnages de la BD culte !!<br \/>\n\u2013 Statuette de collection num\u00e9rot\u00e9e et limit\u00e9e \u00e0 2000 Exemplaires. Sculpt\u00e9e en France et peinte \u00e0 la main. Livr\u00e9e avec son certificat d\u2019authenticit\u00e9 Attakus. Taille : 11,5 cm.<br \/>\n\u2013 Fiston est un l\u00e9zard, envoy\u00e9 par Ivo Statoc pour \u00e9liminer John Blacksad dans le tome 1 de la s\u00e9rie Blacksad (Quelque part entre les ombres).<\/p>","protected":false},"excerpt":{"rendered":"<p>Fiston, est un l\u00e9zard envoy\u00e9 par Ivo Statoc afin d\u2019\u00e9liminer John. Mais il se fera tuer par un autre homme de main d\u2019Ivo. D\u00e9couvrez l\u2019univers Blacksad imagin\u00e9 par Juanjo Guarnido au travers de cette s\u00e9rie de magnifiques bustes \u00e0 collectionner sans mod\u00e9ration.<\/p>","protected":false},"featured_media":18774,"comment_status":"open","ping_status":"closed","template":"","meta":[],"product_brand":[109,108],"product_cat":[111,106,93],"product_tag":[],"class_list":{"0":"post-18773","1":"product","2":"type-product","3":"status-publish","4":"has-post-thumbnail","6":"product_brand-attakus","7":"product_brand-comix-buro","8":"product_cat-attakus","9":"product_cat-statues","10":"product_cat-tous","12":"first","13":"instock","14":"taxable","15":"shipping-taxable","16":"purchasable","17":"product-type-simple"},"yoast_head":"<!-- This site is optimized with the Yoast SEO plugin v26.9 - https:\/\/yoast.com\/product\/yoast-seo-wordpress\/ -->\n<title>Buste Fiston \u2013 Blacksad Juanjo Guarnido - comixburo.com<\/title>\n<meta name=\"description\" content=\"Buste Fiston Blacksad. Statuette de collection edition limit\u00e9e Blacksad en r\u00e9sine, Bande dessin\u00e9e Blacksad de Juanjo Guarnido et Juan D\u00edaz Canales.\" \/>\n<meta name=\"robots\" content=\"index, follow, max-snippet:-1, max-image-preview:large, max-video-preview:-1\" \/>\n<link rel=\"canonical\" href=\"https:\/\/comixburo.com\/en\/product\/buste-fiston-blacksad\/\" \/>\n<meta property=\"og:locale\" content=\"en_GB\" \/>\n<meta property=\"og:type\" content=\"article\" \/>\n<meta property=\"og:title\" content=\"Buste Fiston \u2013 Blacksad Juanjo Guarnido - comixburo.com\" \/>\n<meta property=\"og:description\" content=\"Buste Fiston Blacksad. Statuette de collection edition limit\u00e9e Blacksad en r\u00e9sine, Bande dessin\u00e9e Blacksad de Juanjo Guarnido et Juan D\u00edaz Canales.\" \/>\n<meta property=\"og:url\" content=\"https:\/\/comixburo.com\/en\/product\/buste-fiston-blacksad\/\" \/>\n<meta property=\"og:site_name\" content=\"comixburo.com\" \/>\n<meta property=\"article:publisher\" content=\"https:\/\/www.facebook.com\/comixburo\" \/>\n<meta property=\"article:modified_time\" content=\"2026-02-14T09:01:03+00:00\" \/>\n<meta property=\"og:image\" content=\"https:\/\/comixburo.com\/wp-content\/uploads\/2025\/03\/B403-fiston-snake-attakus-face.webp\" \/>\n\t<meta property=\"og:image:width\" content=\"674\" \/>\n\t<meta property=\"og:image:height\" content=\"1000\" \/>\n\t<meta property=\"og:image:type\" content=\"image\/webp\" \/>\n<meta name=\"twitter:card\" content=\"summary_large_image\" \/>\n<meta name=\"twitter:label1\" content=\"Estimated reading time\" \/>\n\t<meta name=\"twitter:data1\" content=\"1 minute\" \/>\n<script type=\"application\/ld+json\" class=\"yoast-schema-graph\">{\"@context\":\"https:\/\/schema.org\",\"@graph\":[{\"@type\":\"WebPage\",\"@id\":\"https:\/\/comixburo.com\/produit\/buste-fiston-blacksad\/\",\"url\":\"https:\/\/comixburo.com\/produit\/buste-fiston-blacksad\/\",\"name\":\"Buste Fiston \u2013 Blacksad Juanjo Guarnido - comixburo.com\",\"isPartOf\":{\"@id\":\"https:\/\/comixburo.com\/#website\"},\"primaryImageOfPage\":{\"@id\":\"https:\/\/comixburo.com\/produit\/buste-fiston-blacksad\/#primaryimage\"},\"image\":{\"@id\":\"https:\/\/comixburo.com\/produit\/buste-fiston-blacksad\/#primaryimage\"},\"thumbnailUrl\":\"https:\/\/comixburo.com\/wp-content\/uploads\/2025\/03\/B403-fiston-snake-attakus-face.webp\",\"datePublished\":\"2025-03-28T13:25:23+00:00\",\"dateModified\":\"2026-02-14T09:01:03+00:00\",\"description\":\"Buste Fiston Blacksad. Statuette de collection edition limit\u00e9e Blacksad en r\u00e9sine, Bande dessin\u00e9e Blacksad de Juanjo Guarnido et Juan D\u00edaz Canales.\",\"breadcrumb\":{\"@id\":\"https:\/\/comixburo.com\/produit\/buste-fiston-blacksad\/#breadcrumb\"},\"inLanguage\":\"en-GB\",\"potentialAction\":[{\"@type\":\"ReadAction\",\"target\":[\"https:\/\/comixburo.com\/produit\/buste-fiston-blacksad\/\"]}]},{\"@type\":\"ImageObject\",\"inLanguage\":\"en-GB\",\"@id\":\"https:\/\/comixburo.com\/produit\/buste-fiston-blacksad\/#primaryimage\",\"url\":\"https:\/\/comixburo.com\/wp-content\/uploads\/2025\/03\/B403-fiston-snake-attakus-face.webp\",\"contentUrl\":\"https:\/\/comixburo.com\/wp-content\/uploads\/2025\/03\/B403-fiston-snake-attakus-face.webp\",\"width\":674,\"height\":1000,\"caption\":\"Buste Fiston \u2013 Blacksad Juanjo Guarnido\"},{\"@type\":\"BreadcrumbList\",\"@id\":\"https:\/\/comixburo.com\/produit\/buste-fiston-blacksad\/#breadcrumb\",\"itemListElement\":[{\"@type\":\"ListItem\",\"position\":1,\"name\":\"Home\",\"item\":\"https:\/\/comixburo.com\/\"},{\"@type\":\"ListItem\",\"position\":2,\"name\":\"La boutique Comix Buro\",\"item\":\"https:\/\/comixburo.com\/la-boutique-comix-buro\/\"},{\"@type\":\"ListItem\",\"position\":3,\"name\":\"Buste Fiston \u2013 Blacksad Juanjo Guarnido\"}]},{\"@type\":\"WebSite\",\"@id\":\"https:\/\/comixburo.com\/#website\",\"url\":\"https:\/\/comixburo.com\/\",\"name\":\"comixburo.com\",\"description\":\"Cr\u00e9ateur de projets : Sketchbook d&#039;artistes !\",\"publisher\":{\"@id\":\"https:\/\/comixburo.com\/#organization\"},\"alternateName\":\"Comix Buro\",\"potentialAction\":[{\"@type\":\"SearchAction\",\"target\":{\"@type\":\"EntryPoint\",\"urlTemplate\":\"https:\/\/comixburo.com\/?s={search_term_string}\"},\"query-input\":{\"@type\":\"PropertyValueSpecification\",\"valueRequired\":true,\"valueName\":\"search_term_string\"}}],\"inLanguage\":\"en-GB\"},{\"@type\":\"Organization\",\"@id\":\"https:\/\/comixburo.com\/#organization\",\"name\":\"comixburo.com\",\"url\":\"https:\/\/comixburo.com\/\",\"logo\":{\"@type\":\"ImageObject\",\"inLanguage\":\"en-GB\",\"@id\":\"https:\/\/comixburo.com\/#\/schema\/logo\/image\/\",\"url\":\"https:\/\/comixburo.com\/wp-content\/uploads\/2025\/04\/logo-cxb-ROND.webp\",\"contentUrl\":\"https:\/\/comixburo.com\/wp-content\/uploads\/2025\/04\/logo-cxb-ROND.webp\",\"width\":200,\"height\":200,\"caption\":\"comixburo.com\"},\"image\":{\"@id\":\"https:\/\/comixburo.com\/#\/schema\/logo\/image\/\"},\"sameAs\":[\"https:\/\/www.facebook.com\/comixburo\",\"https:\/\/www.instagram.com\/comixburo\/\"]}]}<\/script>\n<!-- \/ Yoast SEO plugin. -->","yoast_head_json":{"title":"Buste Fiston \u2013 Blacksad Juanjo Guarnido - comixburo.com","description":"Buste Fiston Blacksad. Statuette de collection edition limit\u00e9e Blacksad en r\u00e9sine, Bande dessin\u00e9e Blacksad de Juanjo Guarnido et Juan D\u00edaz Canales.","robots":{"index":"index","follow":"follow","max-snippet":"max-snippet:-1","max-image-preview":"max-image-preview:large","max-video-preview":"max-video-preview:-1"},"canonical":"https:\/\/comixburo.com\/en\/product\/buste-fiston-blacksad\/","og_locale":"en_GB","og_type":"article","og_title":"Buste Fiston \u2013 Blacksad Juanjo Guarnido - comixburo.com","og_description":"Buste Fiston Blacksad. Statuette de collection edition limit\u00e9e Blacksad en r\u00e9sine, Bande dessin\u00e9e Blacksad de Juanjo Guarnido et Juan D\u00edaz Canales.","og_url":"https:\/\/comixburo.com\/en\/product\/buste-fiston-blacksad\/","og_site_name":"comixburo.com","article_publisher":"https:\/\/www.facebook.com\/comixburo","article_modified_time":"2026-02-14T09:01:03+00:00","og_image":[{"width":674,"height":1000,"url":"https:\/\/comixburo.com\/wp-content\/uploads\/2025\/03\/B403-fiston-snake-attakus-face.webp","type":"image\/webp"}],"twitter_card":"summary_large_image","twitter_misc":{"Estimated reading time":"1 minute"},"schema":{"@context":"https:\/\/schema.org","@graph":[{"@type":"WebPage","@id":"https:\/\/comixburo.com\/produit\/buste-fiston-blacksad\/","url":"https:\/\/comixburo.com\/produit\/buste-fiston-blacksad\/","name":"Buste Fiston \u2013 Blacksad Juanjo Guarnido - comixburo.com","isPartOf":{"@id":"https:\/\/comixburo.com\/#website"},"primaryImageOfPage":{"@id":"https:\/\/comixburo.com\/produit\/buste-fiston-blacksad\/#primaryimage"},"image":{"@id":"https:\/\/comixburo.com\/produit\/buste-fiston-blacksad\/#primaryimage"},"thumbnailUrl":"https:\/\/comixburo.com\/wp-content\/uploads\/2025\/03\/B403-fiston-snake-attakus-face.webp","datePublished":"2025-03-28T13:25:23+00:00","dateModified":"2026-02-14T09:01:03+00:00","description":"Buste Fiston Blacksad. Statuette de collection edition limit\u00e9e Blacksad en r\u00e9sine, Bande dessin\u00e9e Blacksad de Juanjo Guarnido et Juan D\u00edaz Canales.","breadcrumb":{"@id":"https:\/\/comixburo.com\/produit\/buste-fiston-blacksad\/#breadcrumb"},"inLanguage":"en-GB","potentialAction":[{"@type":"ReadAction","target":["https:\/\/comixburo.com\/produit\/buste-fiston-blacksad\/"]}]},{"@type":"ImageObject","inLanguage":"en-GB","@id":"https:\/\/comixburo.com\/produit\/buste-fiston-blacksad\/#primaryimage","url":"https:\/\/comixburo.com\/wp-content\/uploads\/2025\/03\/B403-fiston-snake-attakus-face.webp","contentUrl":"https:\/\/comixburo.com\/wp-content\/uploads\/2025\/03\/B403-fiston-snake-attakus-face.webp","width":674,"height":1000,"caption":"Buste Fiston \u2013 Blacksad Juanjo Guarnido"},{"@type":"BreadcrumbList","@id":"https:\/\/comixburo.com\/produit\/buste-fiston-blacksad\/#breadcrumb","itemListElement":[{"@type":"ListItem","position":1,"name":"Home","item":"https:\/\/comixburo.com\/"},{"@type":"ListItem","position":2,"name":"La boutique Comix Buro","item":"https:\/\/comixburo.com\/la-boutique-comix-buro\/"},{"@type":"ListItem","position":3,"name":"Buste Fiston \u2013 Blacksad Juanjo Guarnido"}]},{"@type":"WebSite","@id":"https:\/\/comixburo.com\/#website","url":"https:\/\/comixburo.com\/","name":"comixburo.com","description":"Cr\u00e9ateur de projets : Sketchbook d&#039;artistes !","publisher":{"@id":"https:\/\/comixburo.com\/#organization"},"alternateName":"Comix Buro","potentialAction":[{"@type":"SearchAction","target":{"@type":"EntryPoint","urlTemplate":"https:\/\/comixburo.com\/?s={search_term_string}"},"query-input":{"@type":"PropertyValueSpecification","valueRequired":true,"valueName":"search_term_string"}}],"inLanguage":"en-GB"},{"@type":"Organization","@id":"https:\/\/comixburo.com\/#organization","name":"comixburo.com","url":"https:\/\/comixburo.com\/","logo":{"@type":"ImageObject","inLanguage":"en-GB","@id":"https:\/\/comixburo.com\/#\/schema\/logo\/image\/","url":"https:\/\/comixburo.com\/wp-content\/uploads\/2025\/04\/logo-cxb-ROND.webp","contentUrl":"https:\/\/comixburo.com\/wp-content\/uploads\/2025\/04\/logo-cxb-ROND.webp","width":200,"height":200,"caption":"comixburo.com"},"image":{"@id":"https:\/\/comixburo.com\/#\/schema\/logo\/image\/"},"sameAs":["https:\/\/www.facebook.com\/comixburo","https:\/\/www.instagram.com\/comixburo\/"]}]}},"jetpack_sharing_enabled":true,"_links":{"self":[{"href":"https:\/\/comixburo.com\/en\/wp-json\/wp\/v2\/product\/18773","targetHints":{"allow":["GET"]}}],"collection":[{"href":"https:\/\/comixburo.com\/en\/wp-json\/wp\/v2\/product"}],"about":[{"href":"https:\/\/comixburo.com\/en\/wp-json\/wp\/v2\/types\/product"}],"replies":[{"embeddable":true,"href":"https:\/\/comixburo.com\/en\/wp-json\/wp\/v2\/comments?post=18773"}],"version-history":[{"count":4,"href":"https:\/\/comixburo.com\/en\/wp-json\/wp\/v2\/product\/18773\/revisions"}],"predecessor-version":[{"id":20166,"href":"https:\/\/comixburo.com\/en\/wp-json\/wp\/v2\/product\/18773\/revisions\/20166"}],"wp:featuredmedia":[{"embeddable":true,"href":"https:\/\/comixburo.com\/en\/wp-json\/wp\/v2\/media\/18774"}],"wp:attachment":[{"href":"https:\/\/comixburo.com\/en\/wp-json\/wp\/v2\/media?parent=18773"}],"wp:term":[{"taxonomy":"product_brand","embeddable":true,"href":"https:\/\/comixburo.com\/en\/wp-json\/wp\/v2\/product_brand?post=18773"},{"taxonomy":"product_cat","embeddable":true,"href":"https:\/\/comixburo.com\/en\/wp-json\/wp\/v2\/product_cat?post=18773"},{"taxonomy":"product_tag","embeddable":true,"href":"https:\/\/comixburo.com\/en\/wp-json\/wp\/v2\/product_tag?post=18773"}],"curies":[{"name":"wp","href":"https:\/\/api.w.org\/{rel}","templated":true}]}}