{"id":18780,"date":"2025-03-28T14:50:12","date_gmt":"2025-03-28T13:50:12","guid":{"rendered":"https:\/\/comixburo.com\/?post_type=product&#038;p=18780"},"modified":"2026-02-14T10:00:24","modified_gmt":"2026-02-14T09:00:24","slug":"buste-jake-ostiombe-blacksad","status":"publish","type":"product","link":"https:\/\/comixburo.com\/en\/product\/buste-jake-ostiombe-blacksad\/","title":{"rendered":"Buste Jake Ostiombe \u2013 Blacksad \u2013 Juanjo Guarnido"},"content":{"rendered":"<h3>Buste Jake Ostiombe \u2013 Blacksad \u2013 Juanjo Guarnido<\/h3>\n<p>R\u00e9f. : B401<br \/>\nLimit\u00e9e \u00e0 2000 ex<br \/>\nTaille : 17 cm<\/p>\n<p>\u2013 Plongez dans l\u2019univers de Blacksad et collectionnez les personnages de la BD culte !!<br \/>\n\u2013 Buste en r\u00e9sine de Jack Ostiombe, d\u2019apr\u00e8s la bande dessin\u00e9e Blacksad de Juanjo Guarnido et Juan D\u00edaz Canales.<br \/>\n\u2013 Statuette de collection num\u00e9rot\u00e9e et limit\u00e9e \u00e0 2000 Exemplaires. Sculpt\u00e9e en France et peinte \u00e0 la main. Livr\u00e9e avec son certificat d\u2019authenticit\u00e9 Attakus.<br \/>\n\u2013 Jake Ostiombe est un gorille boxeur ancien garde du corps de Natalia et ami de John Blacksad. Il appara\u00eet dans le tome 1 de la s\u00e9rie Blacksad (Quelque part entre les ombres).<\/p>","protected":false},"excerpt":{"rendered":"<p>Attention, mettre en col\u00e8re Jake Ostiombe n\u2019est pas une bonne id\u00e9e ! Fid\u00e8le ami de John, mais \u00e9galement boxeur, ce gorille est l\u2019ancien garde du corps de Natalia. D\u00e9couvrez l\u2019univers Blacksad imagin\u00e9 par Juanjo Guarnido au travers de cette s\u00e9rie de magnifiques bustes \u00e0 collectionner sans mod\u00e9ration !<\/p>","protected":false},"featured_media":18784,"comment_status":"open","ping_status":"closed","template":"","meta":[],"product_brand":[109,108],"product_cat":[111,106,93],"product_tag":[],"class_list":{"0":"post-18780","1":"product","2":"type-product","3":"status-publish","4":"has-post-thumbnail","6":"product_brand-attakus","7":"product_brand-comix-buro","8":"product_cat-attakus","9":"product_cat-statues","10":"product_cat-tous","12":"first","13":"instock","14":"taxable","15":"shipping-taxable","16":"purchasable","17":"product-type-simple"},"yoast_head":"<!-- This site is optimized with the Yoast SEO plugin v26.9 - https:\/\/yoast.com\/product\/yoast-seo-wordpress\/ -->\n<title>Buste Jake Ostiombe \u2013 Blacksad \u2013 Juanjo Guarnido - comixburo.com<\/title>\n<meta name=\"description\" content=\"Buste Jake Ostiombe Blacksad en r\u00e9sine, Bande dessin\u00e9e univers Blacksad imagin\u00e9 par Juanjo Guarnido, Statuette de collection num\u00e9rot\u00e9e\" \/>\n<meta name=\"robots\" content=\"index, follow, max-snippet:-1, max-image-preview:large, max-video-preview:-1\" \/>\n<link rel=\"canonical\" href=\"https:\/\/comixburo.com\/en\/product\/buste-jake-ostiombe-blacksad\/\" \/>\n<meta property=\"og:locale\" content=\"en_GB\" \/>\n<meta property=\"og:type\" content=\"article\" \/>\n<meta property=\"og:title\" content=\"Buste Jake Ostiombe \u2013 Blacksad \u2013 Juanjo Guarnido - comixburo.com\" \/>\n<meta property=\"og:description\" content=\"Buste Jake Ostiombe Blacksad en r\u00e9sine, Bande dessin\u00e9e univers Blacksad imagin\u00e9 par Juanjo Guarnido, Statuette de collection num\u00e9rot\u00e9e\" \/>\n<meta property=\"og:url\" content=\"https:\/\/comixburo.com\/en\/product\/buste-jake-ostiombe-blacksad\/\" \/>\n<meta property=\"og:site_name\" content=\"comixburo.com\" \/>\n<meta property=\"article:publisher\" content=\"https:\/\/www.facebook.com\/comixburo\" \/>\n<meta property=\"article:modified_time\" content=\"2026-02-14T09:00:24+00:00\" \/>\n<meta property=\"og:image\" content=\"https:\/\/comixburo.com\/wp-content\/uploads\/2025\/03\/B401-jack-ostiombe-attakus-face.webp\" \/>\n\t<meta property=\"og:image:width\" content=\"674\" \/>\n\t<meta property=\"og:image:height\" content=\"1000\" \/>\n\t<meta property=\"og:image:type\" content=\"image\/webp\" \/>\n<meta name=\"twitter:card\" content=\"summary_large_image\" \/>\n<meta name=\"twitter:label1\" content=\"Estimated reading time\" \/>\n\t<meta name=\"twitter:data1\" content=\"1 minute\" \/>\n<script type=\"application\/ld+json\" class=\"yoast-schema-graph\">{\"@context\":\"https:\/\/schema.org\",\"@graph\":[{\"@type\":\"WebPage\",\"@id\":\"https:\/\/comixburo.com\/produit\/buste-jake-ostiombe-blacksad\/\",\"url\":\"https:\/\/comixburo.com\/produit\/buste-jake-ostiombe-blacksad\/\",\"name\":\"Buste Jake Ostiombe \u2013 Blacksad \u2013 Juanjo Guarnido - comixburo.com\",\"isPartOf\":{\"@id\":\"https:\/\/comixburo.com\/#website\"},\"primaryImageOfPage\":{\"@id\":\"https:\/\/comixburo.com\/produit\/buste-jake-ostiombe-blacksad\/#primaryimage\"},\"image\":{\"@id\":\"https:\/\/comixburo.com\/produit\/buste-jake-ostiombe-blacksad\/#primaryimage\"},\"thumbnailUrl\":\"https:\/\/comixburo.com\/wp-content\/uploads\/2025\/03\/B401-jack-ostiombe-attakus-face.webp\",\"datePublished\":\"2025-03-28T13:50:12+00:00\",\"dateModified\":\"2026-02-14T09:00:24+00:00\",\"description\":\"Buste Jake Ostiombe Blacksad en r\u00e9sine, Bande dessin\u00e9e univers Blacksad imagin\u00e9 par Juanjo Guarnido, Statuette de collection num\u00e9rot\u00e9e\",\"breadcrumb\":{\"@id\":\"https:\/\/comixburo.com\/produit\/buste-jake-ostiombe-blacksad\/#breadcrumb\"},\"inLanguage\":\"en-GB\",\"potentialAction\":[{\"@type\":\"ReadAction\",\"target\":[\"https:\/\/comixburo.com\/produit\/buste-jake-ostiombe-blacksad\/\"]}]},{\"@type\":\"ImageObject\",\"inLanguage\":\"en-GB\",\"@id\":\"https:\/\/comixburo.com\/produit\/buste-jake-ostiombe-blacksad\/#primaryimage\",\"url\":\"https:\/\/comixburo.com\/wp-content\/uploads\/2025\/03\/B401-jack-ostiombe-attakus-face.webp\",\"contentUrl\":\"https:\/\/comixburo.com\/wp-content\/uploads\/2025\/03\/B401-jack-ostiombe-attakus-face.webp\",\"width\":674,\"height\":1000,\"caption\":\"Buste Jake Ostiombe \u2013 Blacksad \u2013 Juanjo Guarnido\"},{\"@type\":\"BreadcrumbList\",\"@id\":\"https:\/\/comixburo.com\/produit\/buste-jake-ostiombe-blacksad\/#breadcrumb\",\"itemListElement\":[{\"@type\":\"ListItem\",\"position\":1,\"name\":\"Home\",\"item\":\"https:\/\/comixburo.com\/\"},{\"@type\":\"ListItem\",\"position\":2,\"name\":\"La boutique Comix Buro\",\"item\":\"https:\/\/comixburo.com\/la-boutique-comix-buro\/\"},{\"@type\":\"ListItem\",\"position\":3,\"name\":\"Buste Jake Ostiombe \u2013 Blacksad \u2013 Juanjo Guarnido\"}]},{\"@type\":\"WebSite\",\"@id\":\"https:\/\/comixburo.com\/#website\",\"url\":\"https:\/\/comixburo.com\/\",\"name\":\"comixburo.com\",\"description\":\"Cr\u00e9ateur de projets : Sketchbook d&#039;artistes !\",\"publisher\":{\"@id\":\"https:\/\/comixburo.com\/#organization\"},\"alternateName\":\"Comix Buro\",\"potentialAction\":[{\"@type\":\"SearchAction\",\"target\":{\"@type\":\"EntryPoint\",\"urlTemplate\":\"https:\/\/comixburo.com\/?s={search_term_string}\"},\"query-input\":{\"@type\":\"PropertyValueSpecification\",\"valueRequired\":true,\"valueName\":\"search_term_string\"}}],\"inLanguage\":\"en-GB\"},{\"@type\":\"Organization\",\"@id\":\"https:\/\/comixburo.com\/#organization\",\"name\":\"comixburo.com\",\"url\":\"https:\/\/comixburo.com\/\",\"logo\":{\"@type\":\"ImageObject\",\"inLanguage\":\"en-GB\",\"@id\":\"https:\/\/comixburo.com\/#\/schema\/logo\/image\/\",\"url\":\"https:\/\/comixburo.com\/wp-content\/uploads\/2025\/04\/logo-cxb-ROND.webp\",\"contentUrl\":\"https:\/\/comixburo.com\/wp-content\/uploads\/2025\/04\/logo-cxb-ROND.webp\",\"width\":200,\"height\":200,\"caption\":\"comixburo.com\"},\"image\":{\"@id\":\"https:\/\/comixburo.com\/#\/schema\/logo\/image\/\"},\"sameAs\":[\"https:\/\/www.facebook.com\/comixburo\",\"https:\/\/www.instagram.com\/comixburo\/\"]}]}<\/script>\n<!-- \/ Yoast SEO plugin. -->","yoast_head_json":{"title":"Buste Jake Ostiombe \u2013 Blacksad \u2013 Juanjo Guarnido - comixburo.com","description":"Buste Jake Ostiombe Blacksad en r\u00e9sine, Bande dessin\u00e9e univers Blacksad imagin\u00e9 par Juanjo Guarnido, Statuette de collection num\u00e9rot\u00e9e","robots":{"index":"index","follow":"follow","max-snippet":"max-snippet:-1","max-image-preview":"max-image-preview:large","max-video-preview":"max-video-preview:-1"},"canonical":"https:\/\/comixburo.com\/en\/product\/buste-jake-ostiombe-blacksad\/","og_locale":"en_GB","og_type":"article","og_title":"Buste Jake Ostiombe \u2013 Blacksad \u2013 Juanjo Guarnido - comixburo.com","og_description":"Buste Jake Ostiombe Blacksad en r\u00e9sine, Bande dessin\u00e9e univers Blacksad imagin\u00e9 par Juanjo Guarnido, Statuette de collection num\u00e9rot\u00e9e","og_url":"https:\/\/comixburo.com\/en\/product\/buste-jake-ostiombe-blacksad\/","og_site_name":"comixburo.com","article_publisher":"https:\/\/www.facebook.com\/comixburo","article_modified_time":"2026-02-14T09:00:24+00:00","og_image":[{"width":674,"height":1000,"url":"https:\/\/comixburo.com\/wp-content\/uploads\/2025\/03\/B401-jack-ostiombe-attakus-face.webp","type":"image\/webp"}],"twitter_card":"summary_large_image","twitter_misc":{"Estimated reading time":"1 minute"},"schema":{"@context":"https:\/\/schema.org","@graph":[{"@type":"WebPage","@id":"https:\/\/comixburo.com\/produit\/buste-jake-ostiombe-blacksad\/","url":"https:\/\/comixburo.com\/produit\/buste-jake-ostiombe-blacksad\/","name":"Buste Jake Ostiombe \u2013 Blacksad \u2013 Juanjo Guarnido - comixburo.com","isPartOf":{"@id":"https:\/\/comixburo.com\/#website"},"primaryImageOfPage":{"@id":"https:\/\/comixburo.com\/produit\/buste-jake-ostiombe-blacksad\/#primaryimage"},"image":{"@id":"https:\/\/comixburo.com\/produit\/buste-jake-ostiombe-blacksad\/#primaryimage"},"thumbnailUrl":"https:\/\/comixburo.com\/wp-content\/uploads\/2025\/03\/B401-jack-ostiombe-attakus-face.webp","datePublished":"2025-03-28T13:50:12+00:00","dateModified":"2026-02-14T09:00:24+00:00","description":"Buste Jake Ostiombe Blacksad en r\u00e9sine, Bande dessin\u00e9e univers Blacksad imagin\u00e9 par Juanjo Guarnido, Statuette de collection num\u00e9rot\u00e9e","breadcrumb":{"@id":"https:\/\/comixburo.com\/produit\/buste-jake-ostiombe-blacksad\/#breadcrumb"},"inLanguage":"en-GB","potentialAction":[{"@type":"ReadAction","target":["https:\/\/comixburo.com\/produit\/buste-jake-ostiombe-blacksad\/"]}]},{"@type":"ImageObject","inLanguage":"en-GB","@id":"https:\/\/comixburo.com\/produit\/buste-jake-ostiombe-blacksad\/#primaryimage","url":"https:\/\/comixburo.com\/wp-content\/uploads\/2025\/03\/B401-jack-ostiombe-attakus-face.webp","contentUrl":"https:\/\/comixburo.com\/wp-content\/uploads\/2025\/03\/B401-jack-ostiombe-attakus-face.webp","width":674,"height":1000,"caption":"Buste Jake Ostiombe \u2013 Blacksad \u2013 Juanjo Guarnido"},{"@type":"BreadcrumbList","@id":"https:\/\/comixburo.com\/produit\/buste-jake-ostiombe-blacksad\/#breadcrumb","itemListElement":[{"@type":"ListItem","position":1,"name":"Home","item":"https:\/\/comixburo.com\/"},{"@type":"ListItem","position":2,"name":"La boutique Comix Buro","item":"https:\/\/comixburo.com\/la-boutique-comix-buro\/"},{"@type":"ListItem","position":3,"name":"Buste Jake Ostiombe \u2013 Blacksad \u2013 Juanjo Guarnido"}]},{"@type":"WebSite","@id":"https:\/\/comixburo.com\/#website","url":"https:\/\/comixburo.com\/","name":"comixburo.com","description":"Cr\u00e9ateur de projets : Sketchbook d&#039;artistes !","publisher":{"@id":"https:\/\/comixburo.com\/#organization"},"alternateName":"Comix Buro","potentialAction":[{"@type":"SearchAction","target":{"@type":"EntryPoint","urlTemplate":"https:\/\/comixburo.com\/?s={search_term_string}"},"query-input":{"@type":"PropertyValueSpecification","valueRequired":true,"valueName":"search_term_string"}}],"inLanguage":"en-GB"},{"@type":"Organization","@id":"https:\/\/comixburo.com\/#organization","name":"comixburo.com","url":"https:\/\/comixburo.com\/","logo":{"@type":"ImageObject","inLanguage":"en-GB","@id":"https:\/\/comixburo.com\/#\/schema\/logo\/image\/","url":"https:\/\/comixburo.com\/wp-content\/uploads\/2025\/04\/logo-cxb-ROND.webp","contentUrl":"https:\/\/comixburo.com\/wp-content\/uploads\/2025\/04\/logo-cxb-ROND.webp","width":200,"height":200,"caption":"comixburo.com"},"image":{"@id":"https:\/\/comixburo.com\/#\/schema\/logo\/image\/"},"sameAs":["https:\/\/www.facebook.com\/comixburo","https:\/\/www.instagram.com\/comixburo\/"]}]}},"jetpack_sharing_enabled":true,"_links":{"self":[{"href":"https:\/\/comixburo.com\/en\/wp-json\/wp\/v2\/product\/18780","targetHints":{"allow":["GET"]}}],"collection":[{"href":"https:\/\/comixburo.com\/en\/wp-json\/wp\/v2\/product"}],"about":[{"href":"https:\/\/comixburo.com\/en\/wp-json\/wp\/v2\/types\/product"}],"replies":[{"embeddable":true,"href":"https:\/\/comixburo.com\/en\/wp-json\/wp\/v2\/comments?post=18780"}],"version-history":[{"count":3,"href":"https:\/\/comixburo.com\/en\/wp-json\/wp\/v2\/product\/18780\/revisions"}],"predecessor-version":[{"id":20084,"href":"https:\/\/comixburo.com\/en\/wp-json\/wp\/v2\/product\/18780\/revisions\/20084"}],"wp:featuredmedia":[{"embeddable":true,"href":"https:\/\/comixburo.com\/en\/wp-json\/wp\/v2\/media\/18784"}],"wp:attachment":[{"href":"https:\/\/comixburo.com\/en\/wp-json\/wp\/v2\/media?parent=18780"}],"wp:term":[{"taxonomy":"product_brand","embeddable":true,"href":"https:\/\/comixburo.com\/en\/wp-json\/wp\/v2\/product_brand?post=18780"},{"taxonomy":"product_cat","embeddable":true,"href":"https:\/\/comixburo.com\/en\/wp-json\/wp\/v2\/product_cat?post=18780"},{"taxonomy":"product_tag","embeddable":true,"href":"https:\/\/comixburo.com\/en\/wp-json\/wp\/v2\/product_tag?post=18780"}],"curies":[{"name":"wp","href":"https:\/\/api.w.org\/{rel}","templated":true}]}}