{"id":18782,"date":"2025-03-28T14:52:09","date_gmt":"2025-03-28T13:52:09","guid":{"rendered":"https:\/\/comixburo.com\/?post_type=product&#038;p=18782"},"modified":"2025-05-01T19:29:37","modified_gmt":"2025-05-01T17:29:37","slug":"donjon-potron-minet-trio-collector-l-trondheim-j-sfar-c-blain","status":"publish","type":"product","link":"https:\/\/comixburo.com\/en\/product\/donjon-potron-minet-trio-collector-l-trondheim-j-sfar-c-blain\/","title":{"rendered":"Donjon Potron-Minet Trio Collector \u2013 Trondheim \u2013 Sfar \u2013 Blain"},"content":{"rendered":"<h1><strong>Donjon Potron-Minet Trio Collector \u2013 Trondheim \u2013 Sfar \u2013 Blain<\/strong><\/h1>\n<h2><strong>Donjon Potron-Minet TRIO collector<\/strong><\/h2>\n<p>Les personnages : Alexandra, Horous, Hyacinthe de Cavall\u00e8re<br \/>\nAuteurs : Lewis Trondheim, Joann Sfar et Christophe Blain<br \/>\nTaille :<\/p>\n<ul>\n<li><strong>Alexandra sur son socle \u2013 14,5 cm<\/strong><\/li>\n<li><strong>Horous sur son socle \u2013 13 cm<\/strong><\/li>\n<li><strong>Hyacinthe de Cavall\u00e8re sur son socle \u2013 9,3 cm<\/strong><\/li>\n<\/ul>\n<p>600 exemplaires au total (dont 400 dans le Coffret Ultra Collector) !<\/p>","protected":false},"excerpt":{"rendered":"<p style=\"text-align: center;\">Alexandra, Horous et Hyacinthe de Cavall\u00e8re !!<\/p>\n<p><center><strong>Coffret Trio limit\u00e9 \u00e0 200 exemplaires num\u00e9rot\u00e9s de 401 \u00e0 600<\/strong><\/center><\/p>","protected":false},"featured_media":18785,"comment_status":"open","ping_status":"closed","template":"","meta":[],"product_brand":[109,108],"product_cat":[111,106,93],"product_tag":[],"class_list":{"0":"post-18782","1":"product","2":"type-product","3":"status-publish","4":"has-post-thumbnail","6":"product_brand-attakus","7":"product_brand-comix-buro","8":"product_cat-attakus","9":"product_cat-statues","10":"product_cat-tous","12":"first","13":"instock","14":"taxable","15":"shipping-taxable","16":"purchasable","17":"product-type-simple"},"yoast_head":"<!-- This site is optimized with the Yoast SEO plugin v26.9 - https:\/\/yoast.com\/product\/yoast-seo-wordpress\/ -->\n<title>Donjon Potron-Minet Trio Collector \u2013 Trondheim \u2013 Sfar \u2013 Blain - comixburo.com<\/title>\n<meta name=\"description\" content=\"Le Trio Donjon Potron-Minet est disponible chez Attakus ! Figurines de collection d&#039;apr\u00e8s la BD de Lewis Trondheim &amp; Joann Sfar\" \/>\n<meta name=\"robots\" content=\"index, follow, max-snippet:-1, max-image-preview:large, max-video-preview:-1\" \/>\n<link rel=\"canonical\" href=\"https:\/\/comixburo.com\/en\/product\/donjon-potron-minet-trio-collector-l-trondheim-j-sfar-c-blain\/\" \/>\n<meta property=\"og:locale\" content=\"en_GB\" \/>\n<meta property=\"og:type\" content=\"article\" \/>\n<meta property=\"og:title\" content=\"Donjon Potron-Minet Trio Collector \u2013 Trondheim \u2013 Sfar \u2013 Blain - comixburo.com\" \/>\n<meta property=\"og:description\" content=\"Le Trio Donjon Potron-Minet est disponible chez Attakus ! Figurines de collection d&#039;apr\u00e8s la BD de Lewis Trondheim &amp; Joann Sfar\" \/>\n<meta property=\"og:url\" content=\"https:\/\/comixburo.com\/en\/product\/donjon-potron-minet-trio-collector-l-trondheim-j-sfar-c-blain\/\" \/>\n<meta property=\"og:site_name\" content=\"comixburo.com\" \/>\n<meta property=\"article:publisher\" content=\"https:\/\/www.facebook.com\/comixburo\" \/>\n<meta property=\"article:modified_time\" content=\"2025-05-01T17:29:37+00:00\" \/>\n<meta property=\"og:image\" content=\"https:\/\/comixburo.com\/wp-content\/uploads\/2025\/03\/C833-Donjon-potron-minet-trondheim-attakus-face.webp\" \/>\n\t<meta property=\"og:image:width\" content=\"674\" \/>\n\t<meta property=\"og:image:height\" content=\"1000\" \/>\n\t<meta property=\"og:image:type\" content=\"image\/webp\" \/>\n<meta name=\"twitter:card\" content=\"summary_large_image\" \/>\n<meta name=\"twitter:label1\" content=\"Estimated reading time\" \/>\n\t<meta name=\"twitter:data1\" content=\"1 minute\" \/>\n<script type=\"application\/ld+json\" class=\"yoast-schema-graph\">{\"@context\":\"https:\/\/schema.org\",\"@graph\":[{\"@type\":\"WebPage\",\"@id\":\"https:\/\/comixburo.com\/produit\/donjon-potron-minet-trio-collector-l-trondheim-j-sfar-c-blain\/\",\"url\":\"https:\/\/comixburo.com\/produit\/donjon-potron-minet-trio-collector-l-trondheim-j-sfar-c-blain\/\",\"name\":\"Donjon Potron-Minet Trio Collector \u2013 Trondheim \u2013 Sfar \u2013 Blain - comixburo.com\",\"isPartOf\":{\"@id\":\"https:\/\/comixburo.com\/#website\"},\"primaryImageOfPage\":{\"@id\":\"https:\/\/comixburo.com\/produit\/donjon-potron-minet-trio-collector-l-trondheim-j-sfar-c-blain\/#primaryimage\"},\"image\":{\"@id\":\"https:\/\/comixburo.com\/produit\/donjon-potron-minet-trio-collector-l-trondheim-j-sfar-c-blain\/#primaryimage\"},\"thumbnailUrl\":\"https:\/\/comixburo.com\/wp-content\/uploads\/2025\/03\/C833-Donjon-potron-minet-trondheim-attakus-face.webp\",\"datePublished\":\"2025-03-28T13:52:09+00:00\",\"dateModified\":\"2025-05-01T17:29:37+00:00\",\"description\":\"Le Trio Donjon Potron-Minet est disponible chez Attakus ! Figurines de collection d'apr\u00e8s la BD de Lewis Trondheim & Joann Sfar\",\"breadcrumb\":{\"@id\":\"https:\/\/comixburo.com\/produit\/donjon-potron-minet-trio-collector-l-trondheim-j-sfar-c-blain\/#breadcrumb\"},\"inLanguage\":\"en-GB\",\"potentialAction\":[{\"@type\":\"ReadAction\",\"target\":[\"https:\/\/comixburo.com\/produit\/donjon-potron-minet-trio-collector-l-trondheim-j-sfar-c-blain\/\"]}]},{\"@type\":\"ImageObject\",\"inLanguage\":\"en-GB\",\"@id\":\"https:\/\/comixburo.com\/produit\/donjon-potron-minet-trio-collector-l-trondheim-j-sfar-c-blain\/#primaryimage\",\"url\":\"https:\/\/comixburo.com\/wp-content\/uploads\/2025\/03\/C833-Donjon-potron-minet-trondheim-attakus-face.webp\",\"contentUrl\":\"https:\/\/comixburo.com\/wp-content\/uploads\/2025\/03\/C833-Donjon-potron-minet-trondheim-attakus-face.webp\",\"width\":674,\"height\":1000,\"caption\":\"Donjon Potron-Minet Trio Collector \u2013 Trondheim \u2013 Sfar \u2013 Blain\"},{\"@type\":\"BreadcrumbList\",\"@id\":\"https:\/\/comixburo.com\/produit\/donjon-potron-minet-trio-collector-l-trondheim-j-sfar-c-blain\/#breadcrumb\",\"itemListElement\":[{\"@type\":\"ListItem\",\"position\":1,\"name\":\"Home\",\"item\":\"https:\/\/comixburo.com\/\"},{\"@type\":\"ListItem\",\"position\":2,\"name\":\"La boutique Comix Buro\",\"item\":\"https:\/\/comixburo.com\/la-boutique-comix-buro\/\"},{\"@type\":\"ListItem\",\"position\":3,\"name\":\"Donjon Potron-Minet Trio Collector \u2013 Trondheim \u2013 Sfar \u2013 Blain\"}]},{\"@type\":\"WebSite\",\"@id\":\"https:\/\/comixburo.com\/#website\",\"url\":\"https:\/\/comixburo.com\/\",\"name\":\"comixburo.com\",\"description\":\"Cr\u00e9ateur de projets : Sketchbook d&#039;artistes !\",\"publisher\":{\"@id\":\"https:\/\/comixburo.com\/#organization\"},\"alternateName\":\"Comix Buro\",\"potentialAction\":[{\"@type\":\"SearchAction\",\"target\":{\"@type\":\"EntryPoint\",\"urlTemplate\":\"https:\/\/comixburo.com\/?s={search_term_string}\"},\"query-input\":{\"@type\":\"PropertyValueSpecification\",\"valueRequired\":true,\"valueName\":\"search_term_string\"}}],\"inLanguage\":\"en-GB\"},{\"@type\":\"Organization\",\"@id\":\"https:\/\/comixburo.com\/#organization\",\"name\":\"comixburo.com\",\"url\":\"https:\/\/comixburo.com\/\",\"logo\":{\"@type\":\"ImageObject\",\"inLanguage\":\"en-GB\",\"@id\":\"https:\/\/comixburo.com\/#\/schema\/logo\/image\/\",\"url\":\"https:\/\/comixburo.com\/wp-content\/uploads\/2025\/04\/logo-cxb-ROND.webp\",\"contentUrl\":\"https:\/\/comixburo.com\/wp-content\/uploads\/2025\/04\/logo-cxb-ROND.webp\",\"width\":200,\"height\":200,\"caption\":\"comixburo.com\"},\"image\":{\"@id\":\"https:\/\/comixburo.com\/#\/schema\/logo\/image\/\"},\"sameAs\":[\"https:\/\/www.facebook.com\/comixburo\",\"https:\/\/www.instagram.com\/comixburo\/\"]}]}<\/script>\n<!-- \/ Yoast SEO plugin. -->","yoast_head_json":{"title":"Donjon Potron-Minet Trio Collector \u2013 Trondheim \u2013 Sfar \u2013 Blain - comixburo.com","description":"Le Trio Donjon Potron-Minet est disponible chez Attakus ! Figurines de collection d'apr\u00e8s la BD de Lewis Trondheim & Joann Sfar","robots":{"index":"index","follow":"follow","max-snippet":"max-snippet:-1","max-image-preview":"max-image-preview:large","max-video-preview":"max-video-preview:-1"},"canonical":"https:\/\/comixburo.com\/en\/product\/donjon-potron-minet-trio-collector-l-trondheim-j-sfar-c-blain\/","og_locale":"en_GB","og_type":"article","og_title":"Donjon Potron-Minet Trio Collector \u2013 Trondheim \u2013 Sfar \u2013 Blain - comixburo.com","og_description":"Le Trio Donjon Potron-Minet est disponible chez Attakus ! Figurines de collection d'apr\u00e8s la BD de Lewis Trondheim & Joann Sfar","og_url":"https:\/\/comixburo.com\/en\/product\/donjon-potron-minet-trio-collector-l-trondheim-j-sfar-c-blain\/","og_site_name":"comixburo.com","article_publisher":"https:\/\/www.facebook.com\/comixburo","article_modified_time":"2025-05-01T17:29:37+00:00","og_image":[{"width":674,"height":1000,"url":"https:\/\/comixburo.com\/wp-content\/uploads\/2025\/03\/C833-Donjon-potron-minet-trondheim-attakus-face.webp","type":"image\/webp"}],"twitter_card":"summary_large_image","twitter_misc":{"Estimated reading time":"1 minute"},"schema":{"@context":"https:\/\/schema.org","@graph":[{"@type":"WebPage","@id":"https:\/\/comixburo.com\/produit\/donjon-potron-minet-trio-collector-l-trondheim-j-sfar-c-blain\/","url":"https:\/\/comixburo.com\/produit\/donjon-potron-minet-trio-collector-l-trondheim-j-sfar-c-blain\/","name":"Donjon Potron-Minet Trio Collector \u2013 Trondheim \u2013 Sfar \u2013 Blain - comixburo.com","isPartOf":{"@id":"https:\/\/comixburo.com\/#website"},"primaryImageOfPage":{"@id":"https:\/\/comixburo.com\/produit\/donjon-potron-minet-trio-collector-l-trondheim-j-sfar-c-blain\/#primaryimage"},"image":{"@id":"https:\/\/comixburo.com\/produit\/donjon-potron-minet-trio-collector-l-trondheim-j-sfar-c-blain\/#primaryimage"},"thumbnailUrl":"https:\/\/comixburo.com\/wp-content\/uploads\/2025\/03\/C833-Donjon-potron-minet-trondheim-attakus-face.webp","datePublished":"2025-03-28T13:52:09+00:00","dateModified":"2025-05-01T17:29:37+00:00","description":"Le Trio Donjon Potron-Minet est disponible chez Attakus ! Figurines de collection d'apr\u00e8s la BD de Lewis Trondheim & Joann Sfar","breadcrumb":{"@id":"https:\/\/comixburo.com\/produit\/donjon-potron-minet-trio-collector-l-trondheim-j-sfar-c-blain\/#breadcrumb"},"inLanguage":"en-GB","potentialAction":[{"@type":"ReadAction","target":["https:\/\/comixburo.com\/produit\/donjon-potron-minet-trio-collector-l-trondheim-j-sfar-c-blain\/"]}]},{"@type":"ImageObject","inLanguage":"en-GB","@id":"https:\/\/comixburo.com\/produit\/donjon-potron-minet-trio-collector-l-trondheim-j-sfar-c-blain\/#primaryimage","url":"https:\/\/comixburo.com\/wp-content\/uploads\/2025\/03\/C833-Donjon-potron-minet-trondheim-attakus-face.webp","contentUrl":"https:\/\/comixburo.com\/wp-content\/uploads\/2025\/03\/C833-Donjon-potron-minet-trondheim-attakus-face.webp","width":674,"height":1000,"caption":"Donjon Potron-Minet Trio Collector \u2013 Trondheim \u2013 Sfar \u2013 Blain"},{"@type":"BreadcrumbList","@id":"https:\/\/comixburo.com\/produit\/donjon-potron-minet-trio-collector-l-trondheim-j-sfar-c-blain\/#breadcrumb","itemListElement":[{"@type":"ListItem","position":1,"name":"Home","item":"https:\/\/comixburo.com\/"},{"@type":"ListItem","position":2,"name":"La boutique Comix Buro","item":"https:\/\/comixburo.com\/la-boutique-comix-buro\/"},{"@type":"ListItem","position":3,"name":"Donjon Potron-Minet Trio Collector \u2013 Trondheim \u2013 Sfar \u2013 Blain"}]},{"@type":"WebSite","@id":"https:\/\/comixburo.com\/#website","url":"https:\/\/comixburo.com\/","name":"comixburo.com","description":"Cr\u00e9ateur de projets : Sketchbook d&#039;artistes !","publisher":{"@id":"https:\/\/comixburo.com\/#organization"},"alternateName":"Comix Buro","potentialAction":[{"@type":"SearchAction","target":{"@type":"EntryPoint","urlTemplate":"https:\/\/comixburo.com\/?s={search_term_string}"},"query-input":{"@type":"PropertyValueSpecification","valueRequired":true,"valueName":"search_term_string"}}],"inLanguage":"en-GB"},{"@type":"Organization","@id":"https:\/\/comixburo.com\/#organization","name":"comixburo.com","url":"https:\/\/comixburo.com\/","logo":{"@type":"ImageObject","inLanguage":"en-GB","@id":"https:\/\/comixburo.com\/#\/schema\/logo\/image\/","url":"https:\/\/comixburo.com\/wp-content\/uploads\/2025\/04\/logo-cxb-ROND.webp","contentUrl":"https:\/\/comixburo.com\/wp-content\/uploads\/2025\/04\/logo-cxb-ROND.webp","width":200,"height":200,"caption":"comixburo.com"},"image":{"@id":"https:\/\/comixburo.com\/#\/schema\/logo\/image\/"},"sameAs":["https:\/\/www.facebook.com\/comixburo","https:\/\/www.instagram.com\/comixburo\/"]}]}},"jetpack_sharing_enabled":true,"_links":{"self":[{"href":"https:\/\/comixburo.com\/en\/wp-json\/wp\/v2\/product\/18782","targetHints":{"allow":["GET"]}}],"collection":[{"href":"https:\/\/comixburo.com\/en\/wp-json\/wp\/v2\/product"}],"about":[{"href":"https:\/\/comixburo.com\/en\/wp-json\/wp\/v2\/types\/product"}],"replies":[{"embeddable":true,"href":"https:\/\/comixburo.com\/en\/wp-json\/wp\/v2\/comments?post=18782"}],"version-history":[{"count":2,"href":"https:\/\/comixburo.com\/en\/wp-json\/wp\/v2\/product\/18782\/revisions"}],"predecessor-version":[{"id":20083,"href":"https:\/\/comixburo.com\/en\/wp-json\/wp\/v2\/product\/18782\/revisions\/20083"}],"wp:featuredmedia":[{"embeddable":true,"href":"https:\/\/comixburo.com\/en\/wp-json\/wp\/v2\/media\/18785"}],"wp:attachment":[{"href":"https:\/\/comixburo.com\/en\/wp-json\/wp\/v2\/media?parent=18782"}],"wp:term":[{"taxonomy":"product_brand","embeddable":true,"href":"https:\/\/comixburo.com\/en\/wp-json\/wp\/v2\/product_brand?post=18782"},{"taxonomy":"product_cat","embeddable":true,"href":"https:\/\/comixburo.com\/en\/wp-json\/wp\/v2\/product_cat?post=18782"},{"taxonomy":"product_tag","embeddable":true,"href":"https:\/\/comixburo.com\/en\/wp-json\/wp\/v2\/product_tag?post=18782"}],"curies":[{"name":"wp","href":"https:\/\/api.w.org\/{rel}","templated":true}]}}