{"id":18790,"date":"2025-03-28T14:59:55","date_gmt":"2025-03-28T13:59:55","guid":{"rendered":"https:\/\/comixburo.com\/?post_type=product&#038;p=18790"},"modified":"2025-05-01T19:28:04","modified_gmt":"2025-05-01T17:28:04","slug":"elyacin-le-troll-des-cavernes-donjon","status":"publish","type":"product","link":"https:\/\/comixburo.com\/en\/product\/elyacin-le-troll-des-cavernes-donjon\/","title":{"rendered":"Elyacin le Troll des cavernes \u2013 Donjon \u2013\u00a0Lewis Trondheim &#038; Joann Sfar"},"content":{"rendered":"<h3><strong>Elyacin le Troll des cavernes \u2013 Donjon \u2013\u00a0<\/strong><strong>Lewis Trondheim &amp; Joann Sfar<\/strong><\/h3>\n<p><strong>Elyacin le Troll des cavernes, de la fameuse s\u00e9rie BD Donjon Cr\u00e9puscule<\/strong><br \/>\nlivr\u00e9 avec son certificat d\u2019authenticit\u00e9.<\/p>\n<p>Auteurs : Lewis Trondheim et Joann Sfar<br \/>\nTaille :\u00a0\u00a0<i>H: 10,5 cm \u2013\u00a0<\/i><i>L: 17,2 cm \u2013\u00a0<\/i><i>W: 6,4 cm<\/i><\/p>\n<p>Mati\u00e8re : r\u00e9sine<br \/>\ntirage : 300 ex.<\/p>\n<p>Troll cavernicole, Elyacin est le fils adoptif d\u2019Herbert et Isis. Il devient le nouveau Duc de Vaucanson apr\u00e8s le bannissement de Papsukal. Il combattra le Mal absolu aux c\u00f4t\u00e9s de son p\u00e8re dans la bataille finale, mais, soudainement poss\u00e9d\u00e9 par l\u2019Entit\u00e9 Noire, il sera alors pr\u00e9cipit\u00e9 dans les profondeurs de Terra Amata.<\/p>\n<p>Le\u00a0<a href=\"https:\/\/www.editions-delcourt.fr\/actualites\/le-retour-de-la-bd-donjon\" target=\"_blank\" rel=\"noopener\">D<\/a>onjon est un lieu o\u00f9 des aventuriers viennent chercher la richesse et la gloire. \u00c0 la suite d\u2019une erreur de sa part, Herbert le canard, qui est un modeste employ\u00e9, doit remplir une mission pour le Gardien du Donjon. Aid\u00e9 de Marvin le saurien, avec qui il deviendra ami, il la m\u00e8ne tant bien que mal \u00e0 terme. Au fil du temps, Herbert va apprendre \u00e0 se battre et avec Marvin, va ainsi se confronter \u00e0 diff\u00e9rents dangers durant leurs aventures communes. Herbert va collecter par hasard les objets du destin dont le r\u00f4le et la puissance leur sont encore inconnus.<\/p>","protected":false},"excerpt":{"rendered":"<p style=\"text-align: left;\">Voici Elyacin, le Troll des Cavernes de la BD\u00a0<em><strong>Donjon<\/strong><\/em>, par Trondheim &amp; Sfar, il d\u00e9barque dans la collection Franco-Belge Attakus !<\/p>","protected":false},"featured_media":18791,"comment_status":"open","ping_status":"closed","template":"","meta":[],"product_brand":[109,108],"product_cat":[111,106,93],"product_tag":[],"class_list":{"0":"post-18790","1":"product","2":"type-product","3":"status-publish","4":"has-post-thumbnail","6":"product_brand-attakus","7":"product_brand-comix-buro","8":"product_cat-attakus","9":"product_cat-statues","10":"product_cat-tous","12":"first","13":"instock","14":"taxable","15":"shipping-taxable","16":"purchasable","17":"product-type-simple"},"yoast_head":"<!-- This site is optimized with the Yoast SEO plugin v26.9 - https:\/\/yoast.com\/product\/yoast-seo-wordpress\/ -->\n<title>titre-site-comix-buro-com-donjon<\/title>\n<meta name=\"description\" content=\"D\u00e9couvre le Troll Elyacin chez Attakus ! d&#039;apr\u00e8s la s\u00e9rie BD Donjon \u00e9crite par Lewis Trondheim &amp; Joann Sfar aux \u00e9ditions Delcourt.\" \/>\n<meta name=\"robots\" content=\"index, follow, max-snippet:-1, max-image-preview:large, max-video-preview:-1\" \/>\n<link rel=\"canonical\" href=\"https:\/\/comixburo.com\/en\/product\/elyacin-le-troll-des-cavernes-donjon\/\" \/>\n<meta property=\"og:locale\" content=\"en_GB\" \/>\n<meta property=\"og:type\" content=\"article\" \/>\n<meta property=\"og:title\" content=\"titre-site-comix-buro-com-donjon\" \/>\n<meta property=\"og:description\" content=\"D\u00e9couvre le Troll Elyacin chez Attakus ! d&#039;apr\u00e8s la s\u00e9rie BD Donjon \u00e9crite par Lewis Trondheim &amp; Joann Sfar aux \u00e9ditions Delcourt.\" \/>\n<meta property=\"og:url\" content=\"https:\/\/comixburo.com\/en\/product\/elyacin-le-troll-des-cavernes-donjon\/\" \/>\n<meta property=\"og:site_name\" content=\"comixburo.com\" \/>\n<meta property=\"article:publisher\" content=\"https:\/\/www.facebook.com\/comixburo\" \/>\n<meta property=\"article:modified_time\" content=\"2025-05-01T17:28:04+00:00\" \/>\n<meta property=\"og:image\" content=\"https:\/\/comixburo.com\/wp-content\/uploads\/2025\/03\/C824-Donjon-crepucule-elyacin-trondheim-attakus-face.webp\" \/>\n\t<meta property=\"og:image:width\" content=\"674\" \/>\n\t<meta property=\"og:image:height\" content=\"1000\" \/>\n\t<meta property=\"og:image:type\" content=\"image\/webp\" \/>\n<meta name=\"twitter:card\" content=\"summary_large_image\" \/>\n<meta name=\"twitter:label1\" content=\"Estimated reading time\" \/>\n\t<meta name=\"twitter:data1\" content=\"2 minutes\" \/>\n<script type=\"application\/ld+json\" class=\"yoast-schema-graph\">{\"@context\":\"https:\/\/schema.org\",\"@graph\":[{\"@type\":\"WebPage\",\"@id\":\"https:\/\/comixburo.com\/produit\/elyacin-le-troll-des-cavernes-donjon\/\",\"url\":\"https:\/\/comixburo.com\/produit\/elyacin-le-troll-des-cavernes-donjon\/\",\"name\":\"titre-site-comix-buro-com-donjon\",\"isPartOf\":{\"@id\":\"https:\/\/comixburo.com\/#website\"},\"primaryImageOfPage\":{\"@id\":\"https:\/\/comixburo.com\/produit\/elyacin-le-troll-des-cavernes-donjon\/#primaryimage\"},\"image\":{\"@id\":\"https:\/\/comixburo.com\/produit\/elyacin-le-troll-des-cavernes-donjon\/#primaryimage\"},\"thumbnailUrl\":\"https:\/\/comixburo.com\/wp-content\/uploads\/2025\/03\/C824-Donjon-crepucule-elyacin-trondheim-attakus-face.webp\",\"datePublished\":\"2025-03-28T13:59:55+00:00\",\"dateModified\":\"2025-05-01T17:28:04+00:00\",\"description\":\"D\u00e9couvre le Troll Elyacin chez Attakus ! d'apr\u00e8s la s\u00e9rie BD Donjon \u00e9crite par Lewis Trondheim & Joann Sfar aux \u00e9ditions Delcourt.\",\"breadcrumb\":{\"@id\":\"https:\/\/comixburo.com\/produit\/elyacin-le-troll-des-cavernes-donjon\/#breadcrumb\"},\"inLanguage\":\"en-GB\",\"potentialAction\":[{\"@type\":\"ReadAction\",\"target\":[\"https:\/\/comixburo.com\/produit\/elyacin-le-troll-des-cavernes-donjon\/\"]}]},{\"@type\":\"ImageObject\",\"inLanguage\":\"en-GB\",\"@id\":\"https:\/\/comixburo.com\/produit\/elyacin-le-troll-des-cavernes-donjon\/#primaryimage\",\"url\":\"https:\/\/comixburo.com\/wp-content\/uploads\/2025\/03\/C824-Donjon-crepucule-elyacin-trondheim-attakus-face.webp\",\"contentUrl\":\"https:\/\/comixburo.com\/wp-content\/uploads\/2025\/03\/C824-Donjon-crepucule-elyacin-trondheim-attakus-face.webp\",\"width\":674,\"height\":1000,\"caption\":\"Elyacin le Troll des cavernes \u2013 Donjon \u2013\u00a0Lewis Trondheim & Joann Sfar\"},{\"@type\":\"BreadcrumbList\",\"@id\":\"https:\/\/comixburo.com\/produit\/elyacin-le-troll-des-cavernes-donjon\/#breadcrumb\",\"itemListElement\":[{\"@type\":\"ListItem\",\"position\":1,\"name\":\"Home\",\"item\":\"https:\/\/comixburo.com\/\"},{\"@type\":\"ListItem\",\"position\":2,\"name\":\"La boutique Comix Buro\",\"item\":\"https:\/\/comixburo.com\/la-boutique-comix-buro\/\"},{\"@type\":\"ListItem\",\"position\":3,\"name\":\"Elyacin le Troll des cavernes \u2013 Donjon \u2013\u00a0Lewis Trondheim &#038; Joann Sfar\"}]},{\"@type\":\"WebSite\",\"@id\":\"https:\/\/comixburo.com\/#website\",\"url\":\"https:\/\/comixburo.com\/\",\"name\":\"comixburo.com\",\"description\":\"Cr\u00e9ateur de projets : Sketchbook d&#039;artistes !\",\"publisher\":{\"@id\":\"https:\/\/comixburo.com\/#organization\"},\"alternateName\":\"Comix Buro\",\"potentialAction\":[{\"@type\":\"SearchAction\",\"target\":{\"@type\":\"EntryPoint\",\"urlTemplate\":\"https:\/\/comixburo.com\/?s={search_term_string}\"},\"query-input\":{\"@type\":\"PropertyValueSpecification\",\"valueRequired\":true,\"valueName\":\"search_term_string\"}}],\"inLanguage\":\"en-GB\"},{\"@type\":\"Organization\",\"@id\":\"https:\/\/comixburo.com\/#organization\",\"name\":\"comixburo.com\",\"url\":\"https:\/\/comixburo.com\/\",\"logo\":{\"@type\":\"ImageObject\",\"inLanguage\":\"en-GB\",\"@id\":\"https:\/\/comixburo.com\/#\/schema\/logo\/image\/\",\"url\":\"https:\/\/comixburo.com\/wp-content\/uploads\/2025\/04\/logo-cxb-ROND.webp\",\"contentUrl\":\"https:\/\/comixburo.com\/wp-content\/uploads\/2025\/04\/logo-cxb-ROND.webp\",\"width\":200,\"height\":200,\"caption\":\"comixburo.com\"},\"image\":{\"@id\":\"https:\/\/comixburo.com\/#\/schema\/logo\/image\/\"},\"sameAs\":[\"https:\/\/www.facebook.com\/comixburo\",\"https:\/\/www.instagram.com\/comixburo\/\"]}]}<\/script>\n<!-- \/ Yoast SEO plugin. -->","yoast_head_json":{"title":"titre-site-comix-buro-com-donjon","description":"D\u00e9couvre le Troll Elyacin chez Attakus ! d'apr\u00e8s la s\u00e9rie BD Donjon \u00e9crite par Lewis Trondheim & Joann Sfar aux \u00e9ditions Delcourt.","robots":{"index":"index","follow":"follow","max-snippet":"max-snippet:-1","max-image-preview":"max-image-preview:large","max-video-preview":"max-video-preview:-1"},"canonical":"https:\/\/comixburo.com\/en\/product\/elyacin-le-troll-des-cavernes-donjon\/","og_locale":"en_GB","og_type":"article","og_title":"titre-site-comix-buro-com-donjon","og_description":"D\u00e9couvre le Troll Elyacin chez Attakus ! d'apr\u00e8s la s\u00e9rie BD Donjon \u00e9crite par Lewis Trondheim & Joann Sfar aux \u00e9ditions Delcourt.","og_url":"https:\/\/comixburo.com\/en\/product\/elyacin-le-troll-des-cavernes-donjon\/","og_site_name":"comixburo.com","article_publisher":"https:\/\/www.facebook.com\/comixburo","article_modified_time":"2025-05-01T17:28:04+00:00","og_image":[{"width":674,"height":1000,"url":"https:\/\/comixburo.com\/wp-content\/uploads\/2025\/03\/C824-Donjon-crepucule-elyacin-trondheim-attakus-face.webp","type":"image\/webp"}],"twitter_card":"summary_large_image","twitter_misc":{"Estimated reading time":"2 minutes"},"schema":{"@context":"https:\/\/schema.org","@graph":[{"@type":"WebPage","@id":"https:\/\/comixburo.com\/produit\/elyacin-le-troll-des-cavernes-donjon\/","url":"https:\/\/comixburo.com\/produit\/elyacin-le-troll-des-cavernes-donjon\/","name":"titre-site-comix-buro-com-donjon","isPartOf":{"@id":"https:\/\/comixburo.com\/#website"},"primaryImageOfPage":{"@id":"https:\/\/comixburo.com\/produit\/elyacin-le-troll-des-cavernes-donjon\/#primaryimage"},"image":{"@id":"https:\/\/comixburo.com\/produit\/elyacin-le-troll-des-cavernes-donjon\/#primaryimage"},"thumbnailUrl":"https:\/\/comixburo.com\/wp-content\/uploads\/2025\/03\/C824-Donjon-crepucule-elyacin-trondheim-attakus-face.webp","datePublished":"2025-03-28T13:59:55+00:00","dateModified":"2025-05-01T17:28:04+00:00","description":"D\u00e9couvre le Troll Elyacin chez Attakus ! d'apr\u00e8s la s\u00e9rie BD Donjon \u00e9crite par Lewis Trondheim & Joann Sfar aux \u00e9ditions Delcourt.","breadcrumb":{"@id":"https:\/\/comixburo.com\/produit\/elyacin-le-troll-des-cavernes-donjon\/#breadcrumb"},"inLanguage":"en-GB","potentialAction":[{"@type":"ReadAction","target":["https:\/\/comixburo.com\/produit\/elyacin-le-troll-des-cavernes-donjon\/"]}]},{"@type":"ImageObject","inLanguage":"en-GB","@id":"https:\/\/comixburo.com\/produit\/elyacin-le-troll-des-cavernes-donjon\/#primaryimage","url":"https:\/\/comixburo.com\/wp-content\/uploads\/2025\/03\/C824-Donjon-crepucule-elyacin-trondheim-attakus-face.webp","contentUrl":"https:\/\/comixburo.com\/wp-content\/uploads\/2025\/03\/C824-Donjon-crepucule-elyacin-trondheim-attakus-face.webp","width":674,"height":1000,"caption":"Elyacin le Troll des cavernes \u2013 Donjon \u2013\u00a0Lewis Trondheim & Joann Sfar"},{"@type":"BreadcrumbList","@id":"https:\/\/comixburo.com\/produit\/elyacin-le-troll-des-cavernes-donjon\/#breadcrumb","itemListElement":[{"@type":"ListItem","position":1,"name":"Home","item":"https:\/\/comixburo.com\/"},{"@type":"ListItem","position":2,"name":"La boutique Comix Buro","item":"https:\/\/comixburo.com\/la-boutique-comix-buro\/"},{"@type":"ListItem","position":3,"name":"Elyacin le Troll des cavernes \u2013 Donjon \u2013\u00a0Lewis Trondheim &#038; Joann Sfar"}]},{"@type":"WebSite","@id":"https:\/\/comixburo.com\/#website","url":"https:\/\/comixburo.com\/","name":"comixburo.com","description":"Cr\u00e9ateur de projets : Sketchbook d&#039;artistes !","publisher":{"@id":"https:\/\/comixburo.com\/#organization"},"alternateName":"Comix Buro","potentialAction":[{"@type":"SearchAction","target":{"@type":"EntryPoint","urlTemplate":"https:\/\/comixburo.com\/?s={search_term_string}"},"query-input":{"@type":"PropertyValueSpecification","valueRequired":true,"valueName":"search_term_string"}}],"inLanguage":"en-GB"},{"@type":"Organization","@id":"https:\/\/comixburo.com\/#organization","name":"comixburo.com","url":"https:\/\/comixburo.com\/","logo":{"@type":"ImageObject","inLanguage":"en-GB","@id":"https:\/\/comixburo.com\/#\/schema\/logo\/image\/","url":"https:\/\/comixburo.com\/wp-content\/uploads\/2025\/04\/logo-cxb-ROND.webp","contentUrl":"https:\/\/comixburo.com\/wp-content\/uploads\/2025\/04\/logo-cxb-ROND.webp","width":200,"height":200,"caption":"comixburo.com"},"image":{"@id":"https:\/\/comixburo.com\/#\/schema\/logo\/image\/"},"sameAs":["https:\/\/www.facebook.com\/comixburo","https:\/\/www.instagram.com\/comixburo\/"]}]}},"jetpack_sharing_enabled":true,"_links":{"self":[{"href":"https:\/\/comixburo.com\/en\/wp-json\/wp\/v2\/product\/18790","targetHints":{"allow":["GET"]}}],"collection":[{"href":"https:\/\/comixburo.com\/en\/wp-json\/wp\/v2\/product"}],"about":[{"href":"https:\/\/comixburo.com\/en\/wp-json\/wp\/v2\/types\/product"}],"replies":[{"embeddable":true,"href":"https:\/\/comixburo.com\/en\/wp-json\/wp\/v2\/comments?post=18790"}],"version-history":[{"count":4,"href":"https:\/\/comixburo.com\/en\/wp-json\/wp\/v2\/product\/18790\/revisions"}],"predecessor-version":[{"id":20082,"href":"https:\/\/comixburo.com\/en\/wp-json\/wp\/v2\/product\/18790\/revisions\/20082"}],"wp:featuredmedia":[{"embeddable":true,"href":"https:\/\/comixburo.com\/en\/wp-json\/wp\/v2\/media\/18791"}],"wp:attachment":[{"href":"https:\/\/comixburo.com\/en\/wp-json\/wp\/v2\/media?parent=18790"}],"wp:term":[{"taxonomy":"product_brand","embeddable":true,"href":"https:\/\/comixburo.com\/en\/wp-json\/wp\/v2\/product_brand?post=18790"},{"taxonomy":"product_cat","embeddable":true,"href":"https:\/\/comixburo.com\/en\/wp-json\/wp\/v2\/product_cat?post=18790"},{"taxonomy":"product_tag","embeddable":true,"href":"https:\/\/comixburo.com\/en\/wp-json\/wp\/v2\/product_tag?post=18790"}],"curies":[{"name":"wp","href":"https:\/\/api.w.org\/{rel}","templated":true}]}}