{"id":18793,"date":"2025-03-28T15:02:02","date_gmt":"2025-03-28T14:02:02","guid":{"rendered":"https:\/\/comixburo.com\/?post_type=product&#038;p=18793"},"modified":"2025-04-30T21:36:29","modified_gmt":"2025-04-30T19:36:29","slug":"grogro-et-sa-brochette-de-tilapins-donjon","status":"publish","type":"product","link":"https:\/\/comixburo.com\/en\/product\/grogro-et-sa-brochette-de-tilapins-donjon\/","title":{"rendered":"Grogro et sa brochette de tilapins \u2013 Donjon &#8211; Lewis Trondheim &#038; Joann Sfar"},"content":{"rendered":"<h3><strong>Grogro \u2013 Donjon\u00a0<\/strong>\u2013\u00a0<strong>Lewis Trondheim &amp; Joann Sfar<\/strong><\/h3>\n<p><strong>Grogro et sa brochette, tir\u00e9 de l\u2019a<a href=\"https:\/\/attakus.art\/2022\/02\/18\/donjon-une-fin-de-campagne-ulule-en-apotheose\/\">r<\/a>c Donjon Z\u00e9nith<\/strong><br \/>\nlivr\u00e9 avec son certificat d\u2019authenticit\u00e9.<\/p>\n<p>Grogro et sa brochette \u2013 Donjon<br \/>\nAuteurs : Lewis Trondheim, Joann Sfar<br \/>\nTaille : 13,5 cm<br \/>\nMati\u00e8re : r\u00e9sine<br \/>\ntirage : 800 ex.<\/p>\n<p>Le beau Grogro, monstre gentil et niais adorant manger les \u00ab tilapins \u00bb. C&rsquo;est le dernier de la race des P\u00e9l\u00e9ens et peut d\u2019utiliser la technique ancestrale P\u00e9l\u00e9enne.<\/p>\n<p>Le\u00a0<a href=\"https:\/\/www.editions-delcourt.fr\/actualites\/le-retour-de-la-bd-donjon\" target=\"_blank\" rel=\"noopener\">D<\/a>onjon est un lieu o\u00f9 des aventuriers viennent chercher la richesse et la gloire. \u00c0 la suite d\u2019une erreur de sa part, Herbert le canard, modeste employ\u00e9, doit remplir une mission pour le Gardien du Donjon. Aid\u00e9 de Marvin le saurien, avec qui il deviendra ami, il la m\u00e8ne \u00e0 terme. Au fil du temps, Herbert va apprendre \u00e0 se battre et avec Marvin, va \u00eatre confront\u00e9 \u00e0 diff\u00e9rents dangers. Durant leurs aventures, Herbert va collecter par hasard les objets du destin dont le r\u00f4le et la puissance sont inconnus.<\/p>\n<p>&nbsp;<\/p>","protected":false},"excerpt":{"rendered":"<p style=\"text-align: left;\">Grogro et sa brochette de tilapins et de tipoulets, personnage phare de la BD\u00a0<em>Donjon Z\u00e9nith<\/em>, par Trondheim &amp; Sfar, d\u00e9barque dans la collection Franco-Belge Attakus !<\/p>","protected":false},"featured_media":18794,"comment_status":"open","ping_status":"closed","template":"","meta":[],"product_brand":[109,108],"product_cat":[111,106,93],"product_tag":[],"class_list":{"0":"post-18793","1":"product","2":"type-product","3":"status-publish","4":"has-post-thumbnail","6":"product_brand-attakus","7":"product_brand-comix-buro","8":"product_cat-attakus","9":"product_cat-statues","10":"product_cat-tous","12":"first","13":"instock","14":"taxable","15":"shipping-taxable","16":"purchasable","17":"product-type-simple"},"yoast_head":"<!-- This site is optimized with the Yoast SEO plugin v26.9 - https:\/\/yoast.com\/product\/yoast-seo-wordpress\/ -->\n<title>Grogro et sa brochette de tilapins \u2013 Donjon - Lewis Trondheim &amp; Joann Sfar - comixburo.com<\/title>\n<meta name=\"description\" content=\"Grogro est enfin disponibles chez Attakus ! Avec sa belle brochette de Tilapins et de Tipoulets, d&#039;apr\u00e8s la BD de Lewis Trondheim &amp; Joann Sfar.\" \/>\n<meta name=\"robots\" content=\"index, follow, max-snippet:-1, max-image-preview:large, max-video-preview:-1\" \/>\n<link rel=\"canonical\" href=\"https:\/\/comixburo.com\/en\/product\/grogro-et-sa-brochette-de-tilapins-donjon\/\" \/>\n<meta property=\"og:locale\" content=\"en_GB\" \/>\n<meta property=\"og:type\" content=\"article\" \/>\n<meta property=\"og:title\" content=\"Grogro et sa brochette de tilapins \u2013 Donjon - Lewis Trondheim &amp; Joann Sfar - comixburo.com\" \/>\n<meta property=\"og:description\" content=\"Grogro est enfin disponibles chez Attakus ! Avec sa belle brochette de Tilapins et de Tipoulets, d&#039;apr\u00e8s la BD de Lewis Trondheim &amp; Joann Sfar.\" \/>\n<meta property=\"og:url\" content=\"https:\/\/comixburo.com\/en\/product\/grogro-et-sa-brochette-de-tilapins-donjon\/\" \/>\n<meta property=\"og:site_name\" content=\"comixburo.com\" \/>\n<meta property=\"article:publisher\" content=\"https:\/\/www.facebook.com\/comixburo\" \/>\n<meta property=\"article:modified_time\" content=\"2025-04-30T19:36:29+00:00\" \/>\n<meta property=\"og:image\" content=\"https:\/\/comixburo.com\/wp-content\/uploads\/2025\/03\/C816-Donjon-zenith-grogro-trondheim-attakus-face.webp\" \/>\n\t<meta property=\"og:image:width\" content=\"674\" \/>\n\t<meta property=\"og:image:height\" content=\"1000\" \/>\n\t<meta property=\"og:image:type\" content=\"image\/webp\" \/>\n<meta name=\"twitter:card\" content=\"summary_large_image\" \/>\n<meta name=\"twitter:label1\" content=\"Estimated reading time\" \/>\n\t<meta name=\"twitter:data1\" content=\"2 minutes\" \/>\n<script type=\"application\/ld+json\" class=\"yoast-schema-graph\">{\"@context\":\"https:\/\/schema.org\",\"@graph\":[{\"@type\":\"WebPage\",\"@id\":\"https:\/\/comixburo.com\/produit\/grogro-et-sa-brochette-de-tilapins-donjon\/\",\"url\":\"https:\/\/comixburo.com\/produit\/grogro-et-sa-brochette-de-tilapins-donjon\/\",\"name\":\"Grogro et sa brochette de tilapins \u2013 Donjon - Lewis Trondheim & Joann Sfar - comixburo.com\",\"isPartOf\":{\"@id\":\"https:\/\/comixburo.com\/#website\"},\"primaryImageOfPage\":{\"@id\":\"https:\/\/comixburo.com\/produit\/grogro-et-sa-brochette-de-tilapins-donjon\/#primaryimage\"},\"image\":{\"@id\":\"https:\/\/comixburo.com\/produit\/grogro-et-sa-brochette-de-tilapins-donjon\/#primaryimage\"},\"thumbnailUrl\":\"https:\/\/comixburo.com\/wp-content\/uploads\/2025\/03\/C816-Donjon-zenith-grogro-trondheim-attakus-face.webp\",\"datePublished\":\"2025-03-28T14:02:02+00:00\",\"dateModified\":\"2025-04-30T19:36:29+00:00\",\"description\":\"Grogro est enfin disponibles chez Attakus ! Avec sa belle brochette de Tilapins et de Tipoulets, d'apr\u00e8s la BD de Lewis Trondheim & Joann Sfar.\",\"breadcrumb\":{\"@id\":\"https:\/\/comixburo.com\/produit\/grogro-et-sa-brochette-de-tilapins-donjon\/#breadcrumb\"},\"inLanguage\":\"en-GB\",\"potentialAction\":[{\"@type\":\"ReadAction\",\"target\":[\"https:\/\/comixburo.com\/produit\/grogro-et-sa-brochette-de-tilapins-donjon\/\"]}]},{\"@type\":\"ImageObject\",\"inLanguage\":\"en-GB\",\"@id\":\"https:\/\/comixburo.com\/produit\/grogro-et-sa-brochette-de-tilapins-donjon\/#primaryimage\",\"url\":\"https:\/\/comixburo.com\/wp-content\/uploads\/2025\/03\/C816-Donjon-zenith-grogro-trondheim-attakus-face.webp\",\"contentUrl\":\"https:\/\/comixburo.com\/wp-content\/uploads\/2025\/03\/C816-Donjon-zenith-grogro-trondheim-attakus-face.webp\",\"width\":674,\"height\":1000},{\"@type\":\"BreadcrumbList\",\"@id\":\"https:\/\/comixburo.com\/produit\/grogro-et-sa-brochette-de-tilapins-donjon\/#breadcrumb\",\"itemListElement\":[{\"@type\":\"ListItem\",\"position\":1,\"name\":\"Home\",\"item\":\"https:\/\/comixburo.com\/\"},{\"@type\":\"ListItem\",\"position\":2,\"name\":\"La boutique Comix Buro\",\"item\":\"https:\/\/comixburo.com\/la-boutique-comix-buro\/\"},{\"@type\":\"ListItem\",\"position\":3,\"name\":\"Grogro et sa brochette de tilapins \u2013 Donjon &#8211; Lewis Trondheim &#038; Joann Sfar\"}]},{\"@type\":\"WebSite\",\"@id\":\"https:\/\/comixburo.com\/#website\",\"url\":\"https:\/\/comixburo.com\/\",\"name\":\"comixburo.com\",\"description\":\"Cr\u00e9ateur de projets : Sketchbook d&#039;artistes !\",\"publisher\":{\"@id\":\"https:\/\/comixburo.com\/#organization\"},\"alternateName\":\"Comix Buro\",\"potentialAction\":[{\"@type\":\"SearchAction\",\"target\":{\"@type\":\"EntryPoint\",\"urlTemplate\":\"https:\/\/comixburo.com\/?s={search_term_string}\"},\"query-input\":{\"@type\":\"PropertyValueSpecification\",\"valueRequired\":true,\"valueName\":\"search_term_string\"}}],\"inLanguage\":\"en-GB\"},{\"@type\":\"Organization\",\"@id\":\"https:\/\/comixburo.com\/#organization\",\"name\":\"comixburo.com\",\"url\":\"https:\/\/comixburo.com\/\",\"logo\":{\"@type\":\"ImageObject\",\"inLanguage\":\"en-GB\",\"@id\":\"https:\/\/comixburo.com\/#\/schema\/logo\/image\/\",\"url\":\"https:\/\/comixburo.com\/wp-content\/uploads\/2025\/04\/logo-cxb-ROND.webp\",\"contentUrl\":\"https:\/\/comixburo.com\/wp-content\/uploads\/2025\/04\/logo-cxb-ROND.webp\",\"width\":200,\"height\":200,\"caption\":\"comixburo.com\"},\"image\":{\"@id\":\"https:\/\/comixburo.com\/#\/schema\/logo\/image\/\"},\"sameAs\":[\"https:\/\/www.facebook.com\/comixburo\",\"https:\/\/www.instagram.com\/comixburo\/\"]}]}<\/script>\n<!-- \/ Yoast SEO plugin. -->","yoast_head_json":{"title":"Grogro et sa brochette de tilapins \u2013 Donjon - Lewis Trondheim & Joann Sfar - comixburo.com","description":"Grogro est enfin disponibles chez Attakus ! Avec sa belle brochette de Tilapins et de Tipoulets, d'apr\u00e8s la BD de Lewis Trondheim & Joann Sfar.","robots":{"index":"index","follow":"follow","max-snippet":"max-snippet:-1","max-image-preview":"max-image-preview:large","max-video-preview":"max-video-preview:-1"},"canonical":"https:\/\/comixburo.com\/en\/product\/grogro-et-sa-brochette-de-tilapins-donjon\/","og_locale":"en_GB","og_type":"article","og_title":"Grogro et sa brochette de tilapins \u2013 Donjon - Lewis Trondheim & Joann Sfar - comixburo.com","og_description":"Grogro est enfin disponibles chez Attakus ! Avec sa belle brochette de Tilapins et de Tipoulets, d'apr\u00e8s la BD de Lewis Trondheim & Joann Sfar.","og_url":"https:\/\/comixburo.com\/en\/product\/grogro-et-sa-brochette-de-tilapins-donjon\/","og_site_name":"comixburo.com","article_publisher":"https:\/\/www.facebook.com\/comixburo","article_modified_time":"2025-04-30T19:36:29+00:00","og_image":[{"width":674,"height":1000,"url":"https:\/\/comixburo.com\/wp-content\/uploads\/2025\/03\/C816-Donjon-zenith-grogro-trondheim-attakus-face.webp","type":"image\/webp"}],"twitter_card":"summary_large_image","twitter_misc":{"Estimated reading time":"2 minutes"},"schema":{"@context":"https:\/\/schema.org","@graph":[{"@type":"WebPage","@id":"https:\/\/comixburo.com\/produit\/grogro-et-sa-brochette-de-tilapins-donjon\/","url":"https:\/\/comixburo.com\/produit\/grogro-et-sa-brochette-de-tilapins-donjon\/","name":"Grogro et sa brochette de tilapins \u2013 Donjon - Lewis Trondheim & Joann Sfar - comixburo.com","isPartOf":{"@id":"https:\/\/comixburo.com\/#website"},"primaryImageOfPage":{"@id":"https:\/\/comixburo.com\/produit\/grogro-et-sa-brochette-de-tilapins-donjon\/#primaryimage"},"image":{"@id":"https:\/\/comixburo.com\/produit\/grogro-et-sa-brochette-de-tilapins-donjon\/#primaryimage"},"thumbnailUrl":"https:\/\/comixburo.com\/wp-content\/uploads\/2025\/03\/C816-Donjon-zenith-grogro-trondheim-attakus-face.webp","datePublished":"2025-03-28T14:02:02+00:00","dateModified":"2025-04-30T19:36:29+00:00","description":"Grogro est enfin disponibles chez Attakus ! Avec sa belle brochette de Tilapins et de Tipoulets, d'apr\u00e8s la BD de Lewis Trondheim & Joann Sfar.","breadcrumb":{"@id":"https:\/\/comixburo.com\/produit\/grogro-et-sa-brochette-de-tilapins-donjon\/#breadcrumb"},"inLanguage":"en-GB","potentialAction":[{"@type":"ReadAction","target":["https:\/\/comixburo.com\/produit\/grogro-et-sa-brochette-de-tilapins-donjon\/"]}]},{"@type":"ImageObject","inLanguage":"en-GB","@id":"https:\/\/comixburo.com\/produit\/grogro-et-sa-brochette-de-tilapins-donjon\/#primaryimage","url":"https:\/\/comixburo.com\/wp-content\/uploads\/2025\/03\/C816-Donjon-zenith-grogro-trondheim-attakus-face.webp","contentUrl":"https:\/\/comixburo.com\/wp-content\/uploads\/2025\/03\/C816-Donjon-zenith-grogro-trondheim-attakus-face.webp","width":674,"height":1000},{"@type":"BreadcrumbList","@id":"https:\/\/comixburo.com\/produit\/grogro-et-sa-brochette-de-tilapins-donjon\/#breadcrumb","itemListElement":[{"@type":"ListItem","position":1,"name":"Home","item":"https:\/\/comixburo.com\/"},{"@type":"ListItem","position":2,"name":"La boutique Comix Buro","item":"https:\/\/comixburo.com\/la-boutique-comix-buro\/"},{"@type":"ListItem","position":3,"name":"Grogro et sa brochette de tilapins \u2013 Donjon &#8211; Lewis Trondheim &#038; Joann Sfar"}]},{"@type":"WebSite","@id":"https:\/\/comixburo.com\/#website","url":"https:\/\/comixburo.com\/","name":"comixburo.com","description":"Cr\u00e9ateur de projets : Sketchbook d&#039;artistes !","publisher":{"@id":"https:\/\/comixburo.com\/#organization"},"alternateName":"Comix Buro","potentialAction":[{"@type":"SearchAction","target":{"@type":"EntryPoint","urlTemplate":"https:\/\/comixburo.com\/?s={search_term_string}"},"query-input":{"@type":"PropertyValueSpecification","valueRequired":true,"valueName":"search_term_string"}}],"inLanguage":"en-GB"},{"@type":"Organization","@id":"https:\/\/comixburo.com\/#organization","name":"comixburo.com","url":"https:\/\/comixburo.com\/","logo":{"@type":"ImageObject","inLanguage":"en-GB","@id":"https:\/\/comixburo.com\/#\/schema\/logo\/image\/","url":"https:\/\/comixburo.com\/wp-content\/uploads\/2025\/04\/logo-cxb-ROND.webp","contentUrl":"https:\/\/comixburo.com\/wp-content\/uploads\/2025\/04\/logo-cxb-ROND.webp","width":200,"height":200,"caption":"comixburo.com"},"image":{"@id":"https:\/\/comixburo.com\/#\/schema\/logo\/image\/"},"sameAs":["https:\/\/www.facebook.com\/comixburo","https:\/\/www.instagram.com\/comixburo\/"]}]}},"jetpack_sharing_enabled":true,"_links":{"self":[{"href":"https:\/\/comixburo.com\/en\/wp-json\/wp\/v2\/product\/18793","targetHints":{"allow":["GET"]}}],"collection":[{"href":"https:\/\/comixburo.com\/en\/wp-json\/wp\/v2\/product"}],"about":[{"href":"https:\/\/comixburo.com\/en\/wp-json\/wp\/v2\/types\/product"}],"replies":[{"embeddable":true,"href":"https:\/\/comixburo.com\/en\/wp-json\/wp\/v2\/comments?post=18793"}],"version-history":[{"count":3,"href":"https:\/\/comixburo.com\/en\/wp-json\/wp\/v2\/product\/18793\/revisions"}],"predecessor-version":[{"id":20025,"href":"https:\/\/comixburo.com\/en\/wp-json\/wp\/v2\/product\/18793\/revisions\/20025"}],"wp:featuredmedia":[{"embeddable":true,"href":"https:\/\/comixburo.com\/en\/wp-json\/wp\/v2\/media\/18794"}],"wp:attachment":[{"href":"https:\/\/comixburo.com\/en\/wp-json\/wp\/v2\/media?parent=18793"}],"wp:term":[{"taxonomy":"product_brand","embeddable":true,"href":"https:\/\/comixburo.com\/en\/wp-json\/wp\/v2\/product_brand?post=18793"},{"taxonomy":"product_cat","embeddable":true,"href":"https:\/\/comixburo.com\/en\/wp-json\/wp\/v2\/product_cat?post=18793"},{"taxonomy":"product_tag","embeddable":true,"href":"https:\/\/comixburo.com\/en\/wp-json\/wp\/v2\/product_tag?post=18793"}],"curies":[{"name":"wp","href":"https:\/\/api.w.org\/{rel}","templated":true}]}}