{"id":18796,"date":"2025-03-28T15:05:09","date_gmt":"2025-03-28T14:05:09","guid":{"rendered":"https:\/\/comixburo.com\/?post_type=product&#038;p=18796"},"modified":"2025-04-30T21:35:28","modified_gmt":"2025-04-30T19:35:28","slug":"donjon-zenith-coffret-collector-lewis-trondheim-joann-sfar","status":"publish","type":"product","link":"https:\/\/comixburo.com\/en\/product\/donjon-zenith-coffret-collector-lewis-trondheim-joann-sfar\/","title":{"rendered":"Donjon Z\u00e9nith Coffret Collector \u2013 Lewis Trondheim &#038; Joann Sfar"},"content":{"rendered":"<h3><strong>Donjon Z\u00e9nith coffret collector 3 personnages \u2013 Lewis Trondheim &amp; Joann Sfar<\/strong><\/h3>\n<p><strong>Donjon Z\u00e9nith coffret collector 3 personnages<\/strong><br \/>\nlivr\u00e9 avec son certificat d\u2019authenticit\u00e9 !<\/p>\n<p>3 personnages : Marvin, Herbert, Le Gardien<br \/>\nAuteurs : Lewis Trondheim, Joann Sfar<br \/>\nTaille :<\/p>\n<ul>\n<li>Herbert sur son socle \u2013 10,7 cm<\/li>\n<li>Marvin sur son socle \u2013 11,2 cm<\/li>\n<li>Le Gardien sur son socle\u200b \u2013 8 cm<\/li>\n<\/ul>\n<p>1000 exemplaires au total<\/p>\n<p>D\u00e9couvrez le coffret collector paru suite \u00e0 la magnifique campagne sur\u00a0<a href=\"https:\/\/fr.ulule.com\/figurines-donjon\/\">Ulule\u00a0<\/a>d\u2019Attakus et Lewis Trondheim !<\/p>\n<h3>L&rsquo;Arc Z\u00e9nith<\/h3>\n<p>Le Donjon est un lieu o\u00f9 des aventuriers viennent chercher la richesse et la gloire. \u00c0 la suite d\u2019une erreur de sa part, Herbert le canard, modeste employ\u00e9, est oblig\u00e9 de remplir une mission pour le Gardien du Donjon. Aid\u00e9 de Marvin le saurien, avec qui il deviendra ami, il la m\u00e8ne \u00e0 terme. Au fil du temps, Herbert va apprendre \u00e0 se battre et avec Marvin, va \u00eatre confront\u00e9 \u00e0 diff\u00e9rents dangers. Durant leurs aventures, Herbert va collecter par hasard les objets du destin dont le r\u00f4le et la puissance sont inconnus.<\/p>\n<p><em>Source : Wikip\u00e9dia<\/em><\/p>\n<p>Suite au succ\u00e8s de la premi\u00e8re campagne de financement participatif autour de l\u2019\u0153uvre de L.Trondheim et J.Sfar, nous avons d\u00e9cid\u00e9 sous votre impulsion de poursuivre l\u2019aventure !<\/p>\n<p>En d\u00e9cembre 2022 s\u2019est achev\u00e9e la campagne autour de <a href=\"https:\/\/fr.ulule.com\/donjon-crepuscule\/\" target=\"_blank\" rel=\"noopener\"><em><strong>Donjon Cr\u00e9puscule<\/strong><\/em><\/a>\u00a0et seulement quelques exemplaires sont en vente en exclusivit\u00e9 dans la boutique Attakus !<\/p>","protected":false},"excerpt":{"rendered":"<p style=\"text-align: left;\">Herbert, Marvin et Le Gardien, les trois personnages phares de la BD Donjon Z\u00e9nith, par Trondheim &amp; Sfar, d\u00e9barquent dans ce coffret collector \u00e9dit\u00e9 en 1000 ex. !<\/p>","protected":false},"featured_media":18797,"comment_status":"open","ping_status":"closed","template":"","meta":[],"product_brand":[109,108],"product_cat":[111,106,93],"product_tag":[],"class_list":{"0":"post-18796","1":"product","2":"type-product","3":"status-publish","4":"has-post-thumbnail","6":"product_brand-attakus","7":"product_brand-comix-buro","8":"product_cat-attakus","9":"product_cat-statues","10":"product_cat-tous","12":"first","13":"instock","14":"taxable","15":"shipping-taxable","16":"purchasable","17":"product-type-simple"},"yoast_head":"<!-- This site is optimized with the Yoast SEO plugin v26.9 - https:\/\/yoast.com\/product\/yoast-seo-wordpress\/ -->\n<title>Donjon Z\u00e9nith Coffret Collector \u2013 Lewis Trondheim &amp; Joann Sfar - comixburo.com<\/title>\n<meta name=\"description\" content=\"Le coffret collector Donjon Z\u00e9nith est enfin disponible chez Attakus ! Figurines de collection d&#039;apr\u00e8s la BD de Lewis Trondheim &amp; Joann Sfar\" \/>\n<meta name=\"robots\" content=\"index, follow, max-snippet:-1, max-image-preview:large, max-video-preview:-1\" \/>\n<link rel=\"canonical\" href=\"https:\/\/comixburo.com\/en\/product\/donjon-zenith-coffret-collector-lewis-trondheim-joann-sfar\/\" \/>\n<meta property=\"og:locale\" content=\"en_GB\" \/>\n<meta property=\"og:type\" content=\"article\" \/>\n<meta property=\"og:title\" content=\"Donjon Z\u00e9nith Coffret Collector \u2013 Lewis Trondheim &amp; Joann Sfar - comixburo.com\" \/>\n<meta property=\"og:description\" content=\"Le coffret collector Donjon Z\u00e9nith est enfin disponible chez Attakus ! Figurines de collection d&#039;apr\u00e8s la BD de Lewis Trondheim &amp; Joann Sfar\" \/>\n<meta property=\"og:url\" content=\"https:\/\/comixburo.com\/en\/product\/donjon-zenith-coffret-collector-lewis-trondheim-joann-sfar\/\" \/>\n<meta property=\"og:site_name\" content=\"comixburo.com\" \/>\n<meta property=\"article:publisher\" content=\"https:\/\/www.facebook.com\/comixburo\" \/>\n<meta property=\"article:modified_time\" content=\"2025-04-30T19:35:28+00:00\" \/>\n<meta property=\"og:image\" content=\"https:\/\/comixburo.com\/wp-content\/uploads\/2025\/03\/c809-Donjon-zenith-trondheim-attakus-face.webp\" \/>\n\t<meta property=\"og:image:width\" content=\"674\" \/>\n\t<meta property=\"og:image:height\" content=\"1000\" \/>\n\t<meta property=\"og:image:type\" content=\"image\/webp\" \/>\n<meta name=\"twitter:card\" content=\"summary_large_image\" \/>\n<meta name=\"twitter:label1\" content=\"Estimated reading time\" \/>\n\t<meta name=\"twitter:data1\" content=\"2 minutes\" \/>\n<script type=\"application\/ld+json\" class=\"yoast-schema-graph\">{\"@context\":\"https:\/\/schema.org\",\"@graph\":[{\"@type\":\"WebPage\",\"@id\":\"https:\/\/comixburo.com\/produit\/donjon-zenith-coffret-collector-lewis-trondheim-joann-sfar\/\",\"url\":\"https:\/\/comixburo.com\/produit\/donjon-zenith-coffret-collector-lewis-trondheim-joann-sfar\/\",\"name\":\"Donjon Z\u00e9nith Coffret Collector \u2013 Lewis Trondheim & Joann Sfar - comixburo.com\",\"isPartOf\":{\"@id\":\"https:\/\/comixburo.com\/#website\"},\"primaryImageOfPage\":{\"@id\":\"https:\/\/comixburo.com\/produit\/donjon-zenith-coffret-collector-lewis-trondheim-joann-sfar\/#primaryimage\"},\"image\":{\"@id\":\"https:\/\/comixburo.com\/produit\/donjon-zenith-coffret-collector-lewis-trondheim-joann-sfar\/#primaryimage\"},\"thumbnailUrl\":\"https:\/\/comixburo.com\/wp-content\/uploads\/2025\/03\/c809-Donjon-zenith-trondheim-attakus-face.webp\",\"datePublished\":\"2025-03-28T14:05:09+00:00\",\"dateModified\":\"2025-04-30T19:35:28+00:00\",\"description\":\"Le coffret collector Donjon Z\u00e9nith est enfin disponible chez Attakus ! Figurines de collection d'apr\u00e8s la BD de Lewis Trondheim & Joann Sfar\",\"breadcrumb\":{\"@id\":\"https:\/\/comixburo.com\/produit\/donjon-zenith-coffret-collector-lewis-trondheim-joann-sfar\/#breadcrumb\"},\"inLanguage\":\"en-GB\",\"potentialAction\":[{\"@type\":\"ReadAction\",\"target\":[\"https:\/\/comixburo.com\/produit\/donjon-zenith-coffret-collector-lewis-trondheim-joann-sfar\/\"]}]},{\"@type\":\"ImageObject\",\"inLanguage\":\"en-GB\",\"@id\":\"https:\/\/comixburo.com\/produit\/donjon-zenith-coffret-collector-lewis-trondheim-joann-sfar\/#primaryimage\",\"url\":\"https:\/\/comixburo.com\/wp-content\/uploads\/2025\/03\/c809-Donjon-zenith-trondheim-attakus-face.webp\",\"contentUrl\":\"https:\/\/comixburo.com\/wp-content\/uploads\/2025\/03\/c809-Donjon-zenith-trondheim-attakus-face.webp\",\"width\":674,\"height\":1000},{\"@type\":\"BreadcrumbList\",\"@id\":\"https:\/\/comixburo.com\/produit\/donjon-zenith-coffret-collector-lewis-trondheim-joann-sfar\/#breadcrumb\",\"itemListElement\":[{\"@type\":\"ListItem\",\"position\":1,\"name\":\"Home\",\"item\":\"https:\/\/comixburo.com\/\"},{\"@type\":\"ListItem\",\"position\":2,\"name\":\"La boutique Comix Buro\",\"item\":\"https:\/\/comixburo.com\/la-boutique-comix-buro\/\"},{\"@type\":\"ListItem\",\"position\":3,\"name\":\"Donjon Z\u00e9nith Coffret Collector \u2013 Lewis Trondheim &#038; Joann Sfar\"}]},{\"@type\":\"WebSite\",\"@id\":\"https:\/\/comixburo.com\/#website\",\"url\":\"https:\/\/comixburo.com\/\",\"name\":\"comixburo.com\",\"description\":\"Cr\u00e9ateur de projets : Sketchbook d&#039;artistes !\",\"publisher\":{\"@id\":\"https:\/\/comixburo.com\/#organization\"},\"alternateName\":\"Comix Buro\",\"potentialAction\":[{\"@type\":\"SearchAction\",\"target\":{\"@type\":\"EntryPoint\",\"urlTemplate\":\"https:\/\/comixburo.com\/?s={search_term_string}\"},\"query-input\":{\"@type\":\"PropertyValueSpecification\",\"valueRequired\":true,\"valueName\":\"search_term_string\"}}],\"inLanguage\":\"en-GB\"},{\"@type\":\"Organization\",\"@id\":\"https:\/\/comixburo.com\/#organization\",\"name\":\"comixburo.com\",\"url\":\"https:\/\/comixburo.com\/\",\"logo\":{\"@type\":\"ImageObject\",\"inLanguage\":\"en-GB\",\"@id\":\"https:\/\/comixburo.com\/#\/schema\/logo\/image\/\",\"url\":\"https:\/\/comixburo.com\/wp-content\/uploads\/2025\/04\/logo-cxb-ROND.webp\",\"contentUrl\":\"https:\/\/comixburo.com\/wp-content\/uploads\/2025\/04\/logo-cxb-ROND.webp\",\"width\":200,\"height\":200,\"caption\":\"comixburo.com\"},\"image\":{\"@id\":\"https:\/\/comixburo.com\/#\/schema\/logo\/image\/\"},\"sameAs\":[\"https:\/\/www.facebook.com\/comixburo\",\"https:\/\/www.instagram.com\/comixburo\/\"]}]}<\/script>\n<!-- \/ Yoast SEO plugin. -->","yoast_head_json":{"title":"Donjon Z\u00e9nith Coffret Collector \u2013 Lewis Trondheim & Joann Sfar - comixburo.com","description":"Le coffret collector Donjon Z\u00e9nith est enfin disponible chez Attakus ! Figurines de collection d'apr\u00e8s la BD de Lewis Trondheim & Joann Sfar","robots":{"index":"index","follow":"follow","max-snippet":"max-snippet:-1","max-image-preview":"max-image-preview:large","max-video-preview":"max-video-preview:-1"},"canonical":"https:\/\/comixburo.com\/en\/product\/donjon-zenith-coffret-collector-lewis-trondheim-joann-sfar\/","og_locale":"en_GB","og_type":"article","og_title":"Donjon Z\u00e9nith Coffret Collector \u2013 Lewis Trondheim & Joann Sfar - comixburo.com","og_description":"Le coffret collector Donjon Z\u00e9nith est enfin disponible chez Attakus ! Figurines de collection d'apr\u00e8s la BD de Lewis Trondheim & Joann Sfar","og_url":"https:\/\/comixburo.com\/en\/product\/donjon-zenith-coffret-collector-lewis-trondheim-joann-sfar\/","og_site_name":"comixburo.com","article_publisher":"https:\/\/www.facebook.com\/comixburo","article_modified_time":"2025-04-30T19:35:28+00:00","og_image":[{"width":674,"height":1000,"url":"https:\/\/comixburo.com\/wp-content\/uploads\/2025\/03\/c809-Donjon-zenith-trondheim-attakus-face.webp","type":"image\/webp"}],"twitter_card":"summary_large_image","twitter_misc":{"Estimated reading time":"2 minutes"},"schema":{"@context":"https:\/\/schema.org","@graph":[{"@type":"WebPage","@id":"https:\/\/comixburo.com\/produit\/donjon-zenith-coffret-collector-lewis-trondheim-joann-sfar\/","url":"https:\/\/comixburo.com\/produit\/donjon-zenith-coffret-collector-lewis-trondheim-joann-sfar\/","name":"Donjon Z\u00e9nith Coffret Collector \u2013 Lewis Trondheim & Joann Sfar - comixburo.com","isPartOf":{"@id":"https:\/\/comixburo.com\/#website"},"primaryImageOfPage":{"@id":"https:\/\/comixburo.com\/produit\/donjon-zenith-coffret-collector-lewis-trondheim-joann-sfar\/#primaryimage"},"image":{"@id":"https:\/\/comixburo.com\/produit\/donjon-zenith-coffret-collector-lewis-trondheim-joann-sfar\/#primaryimage"},"thumbnailUrl":"https:\/\/comixburo.com\/wp-content\/uploads\/2025\/03\/c809-Donjon-zenith-trondheim-attakus-face.webp","datePublished":"2025-03-28T14:05:09+00:00","dateModified":"2025-04-30T19:35:28+00:00","description":"Le coffret collector Donjon Z\u00e9nith est enfin disponible chez Attakus ! Figurines de collection d'apr\u00e8s la BD de Lewis Trondheim & Joann Sfar","breadcrumb":{"@id":"https:\/\/comixburo.com\/produit\/donjon-zenith-coffret-collector-lewis-trondheim-joann-sfar\/#breadcrumb"},"inLanguage":"en-GB","potentialAction":[{"@type":"ReadAction","target":["https:\/\/comixburo.com\/produit\/donjon-zenith-coffret-collector-lewis-trondheim-joann-sfar\/"]}]},{"@type":"ImageObject","inLanguage":"en-GB","@id":"https:\/\/comixburo.com\/produit\/donjon-zenith-coffret-collector-lewis-trondheim-joann-sfar\/#primaryimage","url":"https:\/\/comixburo.com\/wp-content\/uploads\/2025\/03\/c809-Donjon-zenith-trondheim-attakus-face.webp","contentUrl":"https:\/\/comixburo.com\/wp-content\/uploads\/2025\/03\/c809-Donjon-zenith-trondheim-attakus-face.webp","width":674,"height":1000},{"@type":"BreadcrumbList","@id":"https:\/\/comixburo.com\/produit\/donjon-zenith-coffret-collector-lewis-trondheim-joann-sfar\/#breadcrumb","itemListElement":[{"@type":"ListItem","position":1,"name":"Home","item":"https:\/\/comixburo.com\/"},{"@type":"ListItem","position":2,"name":"La boutique Comix Buro","item":"https:\/\/comixburo.com\/la-boutique-comix-buro\/"},{"@type":"ListItem","position":3,"name":"Donjon Z\u00e9nith Coffret Collector \u2013 Lewis Trondheim &#038; Joann Sfar"}]},{"@type":"WebSite","@id":"https:\/\/comixburo.com\/#website","url":"https:\/\/comixburo.com\/","name":"comixburo.com","description":"Cr\u00e9ateur de projets : Sketchbook d&#039;artistes !","publisher":{"@id":"https:\/\/comixburo.com\/#organization"},"alternateName":"Comix Buro","potentialAction":[{"@type":"SearchAction","target":{"@type":"EntryPoint","urlTemplate":"https:\/\/comixburo.com\/?s={search_term_string}"},"query-input":{"@type":"PropertyValueSpecification","valueRequired":true,"valueName":"search_term_string"}}],"inLanguage":"en-GB"},{"@type":"Organization","@id":"https:\/\/comixburo.com\/#organization","name":"comixburo.com","url":"https:\/\/comixburo.com\/","logo":{"@type":"ImageObject","inLanguage":"en-GB","@id":"https:\/\/comixburo.com\/#\/schema\/logo\/image\/","url":"https:\/\/comixburo.com\/wp-content\/uploads\/2025\/04\/logo-cxb-ROND.webp","contentUrl":"https:\/\/comixburo.com\/wp-content\/uploads\/2025\/04\/logo-cxb-ROND.webp","width":200,"height":200,"caption":"comixburo.com"},"image":{"@id":"https:\/\/comixburo.com\/#\/schema\/logo\/image\/"},"sameAs":["https:\/\/www.facebook.com\/comixburo","https:\/\/www.instagram.com\/comixburo\/"]}]}},"jetpack_sharing_enabled":true,"_links":{"self":[{"href":"https:\/\/comixburo.com\/en\/wp-json\/wp\/v2\/product\/18796","targetHints":{"allow":["GET"]}}],"collection":[{"href":"https:\/\/comixburo.com\/en\/wp-json\/wp\/v2\/product"}],"about":[{"href":"https:\/\/comixburo.com\/en\/wp-json\/wp\/v2\/types\/product"}],"replies":[{"embeddable":true,"href":"https:\/\/comixburo.com\/en\/wp-json\/wp\/v2\/comments?post=18796"}],"version-history":[{"count":1,"href":"https:\/\/comixburo.com\/en\/wp-json\/wp\/v2\/product\/18796\/revisions"}],"predecessor-version":[{"id":18801,"href":"https:\/\/comixburo.com\/en\/wp-json\/wp\/v2\/product\/18796\/revisions\/18801"}],"wp:featuredmedia":[{"embeddable":true,"href":"https:\/\/comixburo.com\/en\/wp-json\/wp\/v2\/media\/18797"}],"wp:attachment":[{"href":"https:\/\/comixburo.com\/en\/wp-json\/wp\/v2\/media?parent=18796"}],"wp:term":[{"taxonomy":"product_brand","embeddable":true,"href":"https:\/\/comixburo.com\/en\/wp-json\/wp\/v2\/product_brand?post=18796"},{"taxonomy":"product_cat","embeddable":true,"href":"https:\/\/comixburo.com\/en\/wp-json\/wp\/v2\/product_cat?post=18796"},{"taxonomy":"product_tag","embeddable":true,"href":"https:\/\/comixburo.com\/en\/wp-json\/wp\/v2\/product_tag?post=18796"}],"curies":[{"name":"wp","href":"https:\/\/api.w.org\/{rel}","templated":true}]}}