{"id":18826,"date":"2025-03-28T15:47:18","date_gmt":"2025-03-28T14:47:18","guid":{"rendered":"https:\/\/comixburo.com\/?post_type=product&#038;p=18826"},"modified":"2025-04-30T21:21:53","modified_gmt":"2025-04-30T19:21:53","slug":"pan-opikanoba","status":"publish","type":"product","link":"https:\/\/comixburo.com\/en\/product\/pan-opikanoba\/","title":{"rendered":"Pan \u00ab Opikanoba \u00bb R\u00e9gis Loisel"},"content":{"rendered":"<h3><strong>Statuette de collection Pan \u00ab\u00a0Opikano<\/strong>ba\u00a0\u00bb \u2013 BD<strong> Peter Pan \u2013 Peter Pan<\/strong><\/h3>\n<p>Cette statuette en m\u00e9tal de Pan, est issue de la bande dessin\u00e9e \u00e9dit\u00e9e aux \u00e9ditions Dargaud : Peter Pan<em> (<\/em>tome 2 \u2013 Opikanoba), par l&rsquo;auteur R\u00e9gis Loisel<\/p>\n<ul>\n<li>Statuette de collection num\u00e9rot\u00e9e et limit\u00e9e \u00e0\u00a0999\u00a0exemplaires<\/li>\n<li>Livr\u00e9e avec son certificat d\u2019authenticit\u00e9 num\u00e9rot\u00e9 et\u00a0sign\u00e9 par R\u00e9gis Loisel<\/li>\n<li>Sculpt\u00e9e en France et peinte \u00e0 la main.<\/li>\n<li>Taille :\u00a0<strong>7,5<\/strong>\u00a0cm<\/li>\n<li>Gencod : 3700472001556<\/li>\n<\/ul>\n<p>***<br \/>\nLa s\u00e9rie BD Peter Pan, chef-d&rsquo;\u0153uvre de R\u00e9gis Loisel, relate la Gen\u00e8se du personnage. D&rsquo;apr\u00e8s l&rsquo;ouvrage de Sir James Matthew Barrie. Plus sombre et plus violente que le roman original. Retrace les aventures de Peter et son arriv\u00e9e au pays imaginaire (Neverland).<\/p>\n<p>Ce cycle de six tomes, commenc\u00e9 en 1990, s\u2019est achev\u00e9 en 2004.<\/p>\n<p>L\u2019histoire d\u00e9bute \u00e0 la fin du 19\u1d49 si\u00e8cle. Le jeune Peter se bat pour survivre entre une m\u00e8re alcoolique et les faubourgs mis\u00e9rables de Londres. Tels ceux que Charles Dickens a d\u00e9peints dans ses romans. Son imagination et les contes du vieux M. Kundal sont les seuls instants de bonheur. Il peut s\u2019offrir au milieu de la mis\u00e8re et de l\u2019absurdit\u00e9 du monde des adultes. Tout bascule le jour o\u00f9 il rencontre une petite f\u00e9e \u00e9gar\u00e9e. Clochette, qui vient pour l\u2019emmener dans son monde imaginaire. L\u00e0-bas, il rencontrera des f\u00e9es, des lutins, des sir\u00e8nes, des indiens. Un capitaine que l\u2019on n\u2019appelle pas encore Crochet et un jeune satyre nomm\u00e9 Pan.<\/p>","protected":false},"excerpt":{"rendered":"<div class=\"woocommerce-product-details__short-description\">\n<p>Plongez dans l\u2019univers de\u00a0<em>Peter Pan<\/em>\u00a0de\u00a0<strong>R\u00e9gis Loisel<\/strong>\u00a0et collectionnez les personnages de la BD culte !!<\/p>\n<\/div>","protected":false},"featured_media":18827,"comment_status":"open","ping_status":"closed","template":"","meta":[],"product_brand":[109,108],"product_cat":[111,106,93],"product_tag":[],"class_list":{"0":"post-18826","1":"product","2":"type-product","3":"status-publish","4":"has-post-thumbnail","6":"product_brand-attakus","7":"product_brand-comix-buro","8":"product_cat-attakus","9":"product_cat-statues","10":"product_cat-tous","12":"first","13":"instock","14":"taxable","15":"shipping-taxable","16":"purchasable","17":"product-type-simple"},"yoast_head":"<!-- This site is optimized with the Yoast SEO plugin v26.9 - https:\/\/yoast.com\/product\/yoast-seo-wordpress\/ -->\n<title>Pan \u00ab Opikanoba \u00bb R\u00e9gis Loisel - comixburo.com<\/title>\n<meta name=\"description\" content=\"Statuette Pan Opikanoba. Figurine en m\u00e9tal. L&#039;histoire d\u00e9bute \u00e0 la fin du 19\u00e8me si\u00e8cle. bande dessin\u00e9e de R\u00e9gis Loisel en m\u00e9tal-pixi\" \/>\n<meta name=\"robots\" content=\"index, follow, max-snippet:-1, max-image-preview:large, max-video-preview:-1\" \/>\n<link rel=\"canonical\" href=\"https:\/\/comixburo.com\/en\/product\/pan-opikanoba\/\" \/>\n<meta property=\"og:locale\" content=\"en_GB\" \/>\n<meta property=\"og:type\" content=\"article\" \/>\n<meta property=\"og:title\" content=\"Pan \u00ab Opikanoba \u00bb R\u00e9gis Loisel - comixburo.com\" \/>\n<meta property=\"og:description\" content=\"Statuette Pan Opikanoba. Figurine en m\u00e9tal. L&#039;histoire d\u00e9bute \u00e0 la fin du 19\u00e8me si\u00e8cle. bande dessin\u00e9e de R\u00e9gis Loisel en m\u00e9tal-pixi\" \/>\n<meta property=\"og:url\" content=\"https:\/\/comixburo.com\/en\/product\/pan-opikanoba\/\" \/>\n<meta property=\"og:site_name\" content=\"comixburo.com\" \/>\n<meta property=\"article:publisher\" content=\"https:\/\/www.facebook.com\/comixburo\" \/>\n<meta property=\"article:modified_time\" content=\"2025-04-30T19:21:53+00:00\" \/>\n<meta property=\"og:image\" content=\"https:\/\/comixburo.com\/wp-content\/uploads\/2025\/03\/M105-Pan-Opikanoba.webp\" \/>\n\t<meta property=\"og:image:width\" content=\"674\" \/>\n\t<meta property=\"og:image:height\" content=\"1000\" \/>\n\t<meta property=\"og:image:type\" content=\"image\/webp\" \/>\n<meta name=\"twitter:card\" content=\"summary_large_image\" \/>\n<meta name=\"twitter:label1\" content=\"Estimated reading time\" \/>\n\t<meta name=\"twitter:data1\" content=\"2 minutes\" \/>\n<script type=\"application\/ld+json\" class=\"yoast-schema-graph\">{\"@context\":\"https:\/\/schema.org\",\"@graph\":[{\"@type\":\"WebPage\",\"@id\":\"https:\/\/comixburo.com\/produit\/pan-opikanoba\/\",\"url\":\"https:\/\/comixburo.com\/produit\/pan-opikanoba\/\",\"name\":\"Pan \u00ab Opikanoba \u00bb R\u00e9gis Loisel - comixburo.com\",\"isPartOf\":{\"@id\":\"https:\/\/comixburo.com\/#website\"},\"primaryImageOfPage\":{\"@id\":\"https:\/\/comixburo.com\/produit\/pan-opikanoba\/#primaryimage\"},\"image\":{\"@id\":\"https:\/\/comixburo.com\/produit\/pan-opikanoba\/#primaryimage\"},\"thumbnailUrl\":\"https:\/\/comixburo.com\/wp-content\/uploads\/2025\/03\/M105-Pan-Opikanoba.webp\",\"datePublished\":\"2025-03-28T14:47:18+00:00\",\"dateModified\":\"2025-04-30T19:21:53+00:00\",\"description\":\"Statuette Pan Opikanoba. Figurine en m\u00e9tal. L'histoire d\u00e9bute \u00e0 la fin du 19\u00e8me si\u00e8cle. bande dessin\u00e9e de R\u00e9gis Loisel en m\u00e9tal-pixi\",\"breadcrumb\":{\"@id\":\"https:\/\/comixburo.com\/produit\/pan-opikanoba\/#breadcrumb\"},\"inLanguage\":\"en-GB\",\"potentialAction\":[{\"@type\":\"ReadAction\",\"target\":[\"https:\/\/comixburo.com\/produit\/pan-opikanoba\/\"]}]},{\"@type\":\"ImageObject\",\"inLanguage\":\"en-GB\",\"@id\":\"https:\/\/comixburo.com\/produit\/pan-opikanoba\/#primaryimage\",\"url\":\"https:\/\/comixburo.com\/wp-content\/uploads\/2025\/03\/M105-Pan-Opikanoba.webp\",\"contentUrl\":\"https:\/\/comixburo.com\/wp-content\/uploads\/2025\/03\/M105-Pan-Opikanoba.webp\",\"width\":674,\"height\":1000},{\"@type\":\"BreadcrumbList\",\"@id\":\"https:\/\/comixburo.com\/produit\/pan-opikanoba\/#breadcrumb\",\"itemListElement\":[{\"@type\":\"ListItem\",\"position\":1,\"name\":\"Home\",\"item\":\"https:\/\/comixburo.com\/\"},{\"@type\":\"ListItem\",\"position\":2,\"name\":\"La boutique Comix Buro\",\"item\":\"https:\/\/comixburo.com\/la-boutique-comix-buro\/\"},{\"@type\":\"ListItem\",\"position\":3,\"name\":\"Pan \u00ab Opikanoba \u00bb R\u00e9gis Loisel\"}]},{\"@type\":\"WebSite\",\"@id\":\"https:\/\/comixburo.com\/#website\",\"url\":\"https:\/\/comixburo.com\/\",\"name\":\"comixburo.com\",\"description\":\"Cr\u00e9ateur de projets : Sketchbook d&#039;artistes !\",\"publisher\":{\"@id\":\"https:\/\/comixburo.com\/#organization\"},\"alternateName\":\"Comix Buro\",\"potentialAction\":[{\"@type\":\"SearchAction\",\"target\":{\"@type\":\"EntryPoint\",\"urlTemplate\":\"https:\/\/comixburo.com\/?s={search_term_string}\"},\"query-input\":{\"@type\":\"PropertyValueSpecification\",\"valueRequired\":true,\"valueName\":\"search_term_string\"}}],\"inLanguage\":\"en-GB\"},{\"@type\":\"Organization\",\"@id\":\"https:\/\/comixburo.com\/#organization\",\"name\":\"comixburo.com\",\"url\":\"https:\/\/comixburo.com\/\",\"logo\":{\"@type\":\"ImageObject\",\"inLanguage\":\"en-GB\",\"@id\":\"https:\/\/comixburo.com\/#\/schema\/logo\/image\/\",\"url\":\"https:\/\/comixburo.com\/wp-content\/uploads\/2025\/04\/logo-cxb-ROND.webp\",\"contentUrl\":\"https:\/\/comixburo.com\/wp-content\/uploads\/2025\/04\/logo-cxb-ROND.webp\",\"width\":200,\"height\":200,\"caption\":\"comixburo.com\"},\"image\":{\"@id\":\"https:\/\/comixburo.com\/#\/schema\/logo\/image\/\"},\"sameAs\":[\"https:\/\/www.facebook.com\/comixburo\",\"https:\/\/www.instagram.com\/comixburo\/\"]}]}<\/script>\n<!-- \/ Yoast SEO plugin. -->","yoast_head_json":{"title":"Pan \u00ab Opikanoba \u00bb R\u00e9gis Loisel - comixburo.com","description":"Statuette Pan Opikanoba. Figurine en m\u00e9tal. L'histoire d\u00e9bute \u00e0 la fin du 19\u00e8me si\u00e8cle. bande dessin\u00e9e de R\u00e9gis Loisel en m\u00e9tal-pixi","robots":{"index":"index","follow":"follow","max-snippet":"max-snippet:-1","max-image-preview":"max-image-preview:large","max-video-preview":"max-video-preview:-1"},"canonical":"https:\/\/comixburo.com\/en\/product\/pan-opikanoba\/","og_locale":"en_GB","og_type":"article","og_title":"Pan \u00ab Opikanoba \u00bb R\u00e9gis Loisel - comixburo.com","og_description":"Statuette Pan Opikanoba. Figurine en m\u00e9tal. L'histoire d\u00e9bute \u00e0 la fin du 19\u00e8me si\u00e8cle. bande dessin\u00e9e de R\u00e9gis Loisel en m\u00e9tal-pixi","og_url":"https:\/\/comixburo.com\/en\/product\/pan-opikanoba\/","og_site_name":"comixburo.com","article_publisher":"https:\/\/www.facebook.com\/comixburo","article_modified_time":"2025-04-30T19:21:53+00:00","og_image":[{"width":674,"height":1000,"url":"https:\/\/comixburo.com\/wp-content\/uploads\/2025\/03\/M105-Pan-Opikanoba.webp","type":"image\/webp"}],"twitter_card":"summary_large_image","twitter_misc":{"Estimated reading time":"2 minutes"},"schema":{"@context":"https:\/\/schema.org","@graph":[{"@type":"WebPage","@id":"https:\/\/comixburo.com\/produit\/pan-opikanoba\/","url":"https:\/\/comixburo.com\/produit\/pan-opikanoba\/","name":"Pan \u00ab Opikanoba \u00bb R\u00e9gis Loisel - comixburo.com","isPartOf":{"@id":"https:\/\/comixburo.com\/#website"},"primaryImageOfPage":{"@id":"https:\/\/comixburo.com\/produit\/pan-opikanoba\/#primaryimage"},"image":{"@id":"https:\/\/comixburo.com\/produit\/pan-opikanoba\/#primaryimage"},"thumbnailUrl":"https:\/\/comixburo.com\/wp-content\/uploads\/2025\/03\/M105-Pan-Opikanoba.webp","datePublished":"2025-03-28T14:47:18+00:00","dateModified":"2025-04-30T19:21:53+00:00","description":"Statuette Pan Opikanoba. Figurine en m\u00e9tal. L'histoire d\u00e9bute \u00e0 la fin du 19\u00e8me si\u00e8cle. bande dessin\u00e9e de R\u00e9gis Loisel en m\u00e9tal-pixi","breadcrumb":{"@id":"https:\/\/comixburo.com\/produit\/pan-opikanoba\/#breadcrumb"},"inLanguage":"en-GB","potentialAction":[{"@type":"ReadAction","target":["https:\/\/comixburo.com\/produit\/pan-opikanoba\/"]}]},{"@type":"ImageObject","inLanguage":"en-GB","@id":"https:\/\/comixburo.com\/produit\/pan-opikanoba\/#primaryimage","url":"https:\/\/comixburo.com\/wp-content\/uploads\/2025\/03\/M105-Pan-Opikanoba.webp","contentUrl":"https:\/\/comixburo.com\/wp-content\/uploads\/2025\/03\/M105-Pan-Opikanoba.webp","width":674,"height":1000},{"@type":"BreadcrumbList","@id":"https:\/\/comixburo.com\/produit\/pan-opikanoba\/#breadcrumb","itemListElement":[{"@type":"ListItem","position":1,"name":"Home","item":"https:\/\/comixburo.com\/"},{"@type":"ListItem","position":2,"name":"La boutique Comix Buro","item":"https:\/\/comixburo.com\/la-boutique-comix-buro\/"},{"@type":"ListItem","position":3,"name":"Pan \u00ab Opikanoba \u00bb R\u00e9gis Loisel"}]},{"@type":"WebSite","@id":"https:\/\/comixburo.com\/#website","url":"https:\/\/comixburo.com\/","name":"comixburo.com","description":"Cr\u00e9ateur de projets : Sketchbook d&#039;artistes !","publisher":{"@id":"https:\/\/comixburo.com\/#organization"},"alternateName":"Comix Buro","potentialAction":[{"@type":"SearchAction","target":{"@type":"EntryPoint","urlTemplate":"https:\/\/comixburo.com\/?s={search_term_string}"},"query-input":{"@type":"PropertyValueSpecification","valueRequired":true,"valueName":"search_term_string"}}],"inLanguage":"en-GB"},{"@type":"Organization","@id":"https:\/\/comixburo.com\/#organization","name":"comixburo.com","url":"https:\/\/comixburo.com\/","logo":{"@type":"ImageObject","inLanguage":"en-GB","@id":"https:\/\/comixburo.com\/#\/schema\/logo\/image\/","url":"https:\/\/comixburo.com\/wp-content\/uploads\/2025\/04\/logo-cxb-ROND.webp","contentUrl":"https:\/\/comixburo.com\/wp-content\/uploads\/2025\/04\/logo-cxb-ROND.webp","width":200,"height":200,"caption":"comixburo.com"},"image":{"@id":"https:\/\/comixburo.com\/#\/schema\/logo\/image\/"},"sameAs":["https:\/\/www.facebook.com\/comixburo","https:\/\/www.instagram.com\/comixburo\/"]}]}},"jetpack_sharing_enabled":true,"_links":{"self":[{"href":"https:\/\/comixburo.com\/en\/wp-json\/wp\/v2\/product\/18826","targetHints":{"allow":["GET"]}}],"collection":[{"href":"https:\/\/comixburo.com\/en\/wp-json\/wp\/v2\/product"}],"about":[{"href":"https:\/\/comixburo.com\/en\/wp-json\/wp\/v2\/types\/product"}],"replies":[{"embeddable":true,"href":"https:\/\/comixburo.com\/en\/wp-json\/wp\/v2\/comments?post=18826"}],"version-history":[{"count":6,"href":"https:\/\/comixburo.com\/en\/wp-json\/wp\/v2\/product\/18826\/revisions"}],"predecessor-version":[{"id":20017,"href":"https:\/\/comixburo.com\/en\/wp-json\/wp\/v2\/product\/18826\/revisions\/20017"}],"wp:featuredmedia":[{"embeddable":true,"href":"https:\/\/comixburo.com\/en\/wp-json\/wp\/v2\/media\/18827"}],"wp:attachment":[{"href":"https:\/\/comixburo.com\/en\/wp-json\/wp\/v2\/media?parent=18826"}],"wp:term":[{"taxonomy":"product_brand","embeddable":true,"href":"https:\/\/comixburo.com\/en\/wp-json\/wp\/v2\/product_brand?post=18826"},{"taxonomy":"product_cat","embeddable":true,"href":"https:\/\/comixburo.com\/en\/wp-json\/wp\/v2\/product_cat?post=18826"},{"taxonomy":"product_tag","embeddable":true,"href":"https:\/\/comixburo.com\/en\/wp-json\/wp\/v2\/product_tag?post=18826"}],"curies":[{"name":"wp","href":"https:\/\/api.w.org\/{rel}","templated":true}]}}