{"id":18829,"date":"2025-03-28T15:49:45","date_gmt":"2025-03-28T14:49:45","guid":{"rendered":"https:\/\/comixburo.com\/?post_type=product&#038;p=18829"},"modified":"2025-04-30T21:19:54","modified_gmt":"2025-04-30T19:19:54","slug":"capitaine-crochet-version-polychromecapitaine-crochet-version-polychrome","status":"publish","type":"product","link":"https:\/\/comixburo.com\/en\/product\/capitaine-crochet-version-polychromecapitaine-crochet-version-polychrome\/","title":{"rendered":"Capitaine Crochet \u2013 Version polychrome  \u2013 R\u00e9gis Loisel"},"content":{"rendered":"<h3><strong>Statuette de collection Capitaine Crochet \u2013 Version polychrome<\/strong><\/h3>\n<p><strong>Un Buste en couleur et en r\u00e9sine du Capitaine Crochet, d\u2019apr\u00e8s le personnage embl\u00e9matique donc de la bande dessin\u00e9e <em>Peter Pan<\/em>, par R\u00e9gis Loisel<\/strong><\/p>\n<ul>\n<li>Statuette de collection num\u00e9rot\u00e9e et limit\u00e9e \u00e0\u00a0<strong>500<\/strong>\u00a0exemplaires<\/li>\n<li>Livr\u00e9e avec son certificat d\u2019authenticit\u00e9 num\u00e9rot\u00e9\u00a0et\u00a0<strong>sign\u00e9 par R\u00e9gis Loisel<\/strong><\/li>\n<li>Sculpt\u00e9e en France et peinte \u00e0 la main.<\/li>\n<li>Taille :\u00a0<strong>20<\/strong>\u00a0cm<\/li>\n<li>Gencod : 3700472001891<\/li>\n<\/ul>\n<p>***<br \/>\n<strong>Une version monochrome s\u00e9pia de ce buste est \u00e9galement disponible sur ce site.<\/strong><\/p>\n<p>***<br \/>\nLa s\u00e9rie BD\u00a0<strong><em>Peter Pan<\/em><\/strong>, chef-d&rsquo;\u0153uvre de <strong>R\u00e9gis Loisel<\/strong>, relate la Gen\u00e8se du personnage, de l\u2019ouvrage de Sir James Matthew Barrie. Plus sombre et plus violente que le roman original. Elle retrace les aventures de Peter et son arriv\u00e9e au pays imaginaire (Neverland).<\/p>\n<p>Ce cycle de six tomes, commenc\u00e9 en 1990, s\u2019est achev\u00e9 en 2004.<\/p>\n<p>L\u2019histoire d\u00e9bute \u00e0 la fin du 19\u00e8me si\u00e8cle. Le jeune Peter se bat pour survivre entre une m\u00e8re alcoolique et les faubourgs mis\u00e9rables de Londres. Tels ceux que Charles Dickens a d\u00e9peints dans ses romans. Son imagination et les contes du vieux M. Kundal sont les seuls instants de bonheur qu\u2019il peut s\u2019offrir. Au milieu de la mis\u00e8re et de l\u2019absurdit\u00e9 du monde des adultes. Tout bascule le jour o\u00f9 il rencontre une petite f\u00e9e \u00e9gar\u00e9e. Clochette, qui vient pour l\u2019emmener dans son monde imaginaire. L\u00e0-bas, il rencontrera des f\u00e9es, des lutins, des sir\u00e8nes, des indiens. Un capitaine que l\u2019on n\u2019appelle pas encore Crochet et un jeune satyre nomm\u00e9 Pan.<\/p>","protected":false},"excerpt":{"rendered":"<p style=\"text-align: left;\">Plongez dans l\u2019univers de\u00a0<em>Peter Pan<\/em>\u00a0de\u00a0<strong>R\u00e9gis Loisel<\/strong>\u00a0et collectionnez les personnages de la BD culte !!<\/p>","protected":false},"featured_media":18830,"comment_status":"open","ping_status":"closed","template":"","meta":[],"product_brand":[109,108],"product_cat":[111,106,93],"product_tag":[],"class_list":{"0":"post-18829","1":"product","2":"type-product","3":"status-publish","4":"has-post-thumbnail","6":"product_brand-attakus","7":"product_brand-comix-buro","8":"product_cat-attakus","9":"product_cat-statues","10":"product_cat-tous","12":"first","13":"instock","14":"taxable","15":"shipping-taxable","16":"purchasable","17":"product-type-simple"},"yoast_head":"<!-- This site is optimized with the Yoast SEO plugin v26.9 - https:\/\/yoast.com\/product\/yoast-seo-wordpress\/ -->\n<title>Capitaine Crochet \u2013 Version polychrome \u2013 R\u00e9gis Loisel - comixburo.com<\/title>\n<meta name=\"description\" content=\"Capitaine Crochet - Version polychrome statuette de collection. Buste sculpt\u00e9 en France et peinte \u00e0 la main. R\u00e9gis Loisel.\" \/>\n<meta name=\"robots\" content=\"index, follow, max-snippet:-1, max-image-preview:large, max-video-preview:-1\" \/>\n<link rel=\"canonical\" href=\"https:\/\/comixburo.com\/en\/product\/capitaine-crochet-version-polychromecapitaine-crochet-version-polychrome\/\" \/>\n<meta property=\"og:locale\" content=\"en_GB\" \/>\n<meta property=\"og:type\" content=\"article\" \/>\n<meta property=\"og:title\" content=\"Capitaine Crochet \u2013 Version polychrome \u2013 R\u00e9gis Loisel - comixburo.com\" \/>\n<meta property=\"og:description\" content=\"Capitaine Crochet - Version polychrome statuette de collection. Buste sculpt\u00e9 en France et peinte \u00e0 la main. R\u00e9gis Loisel.\" \/>\n<meta property=\"og:url\" content=\"https:\/\/comixburo.com\/en\/product\/capitaine-crochet-version-polychromecapitaine-crochet-version-polychrome\/\" \/>\n<meta property=\"og:site_name\" content=\"comixburo.com\" \/>\n<meta property=\"article:publisher\" content=\"https:\/\/www.facebook.com\/comixburo\" \/>\n<meta property=\"article:modified_time\" content=\"2025-04-30T19:19:54+00:00\" \/>\n<meta property=\"og:image\" content=\"https:\/\/comixburo.com\/wp-content\/uploads\/2025\/03\/B304-crochet-couleur-buste-loisel-attakus-face.webp\" \/>\n\t<meta property=\"og:image:width\" content=\"674\" \/>\n\t<meta property=\"og:image:height\" content=\"1000\" \/>\n\t<meta property=\"og:image:type\" content=\"image\/webp\" \/>\n<meta name=\"twitter:card\" content=\"summary_large_image\" \/>\n<meta name=\"twitter:label1\" content=\"Estimated reading time\" \/>\n\t<meta name=\"twitter:data1\" content=\"2 minutes\" \/>\n<script type=\"application\/ld+json\" class=\"yoast-schema-graph\">{\"@context\":\"https:\/\/schema.org\",\"@graph\":[{\"@type\":\"WebPage\",\"@id\":\"https:\/\/comixburo.com\/produit\/capitaine-crochet-version-polychromecapitaine-crochet-version-polychrome\/\",\"url\":\"https:\/\/comixburo.com\/produit\/capitaine-crochet-version-polychromecapitaine-crochet-version-polychrome\/\",\"name\":\"Capitaine Crochet \u2013 Version polychrome \u2013 R\u00e9gis Loisel - comixburo.com\",\"isPartOf\":{\"@id\":\"https:\/\/comixburo.com\/#website\"},\"primaryImageOfPage\":{\"@id\":\"https:\/\/comixburo.com\/produit\/capitaine-crochet-version-polychromecapitaine-crochet-version-polychrome\/#primaryimage\"},\"image\":{\"@id\":\"https:\/\/comixburo.com\/produit\/capitaine-crochet-version-polychromecapitaine-crochet-version-polychrome\/#primaryimage\"},\"thumbnailUrl\":\"https:\/\/comixburo.com\/wp-content\/uploads\/2025\/03\/B304-crochet-couleur-buste-loisel-attakus-face.webp\",\"datePublished\":\"2025-03-28T14:49:45+00:00\",\"dateModified\":\"2025-04-30T19:19:54+00:00\",\"description\":\"Capitaine Crochet - Version polychrome statuette de collection. Buste sculpt\u00e9 en France et peinte \u00e0 la main. R\u00e9gis Loisel.\",\"breadcrumb\":{\"@id\":\"https:\/\/comixburo.com\/produit\/capitaine-crochet-version-polychromecapitaine-crochet-version-polychrome\/#breadcrumb\"},\"inLanguage\":\"en-GB\",\"potentialAction\":[{\"@type\":\"ReadAction\",\"target\":[\"https:\/\/comixburo.com\/produit\/capitaine-crochet-version-polychromecapitaine-crochet-version-polychrome\/\"]}]},{\"@type\":\"ImageObject\",\"inLanguage\":\"en-GB\",\"@id\":\"https:\/\/comixburo.com\/produit\/capitaine-crochet-version-polychromecapitaine-crochet-version-polychrome\/#primaryimage\",\"url\":\"https:\/\/comixburo.com\/wp-content\/uploads\/2025\/03\/B304-crochet-couleur-buste-loisel-attakus-face.webp\",\"contentUrl\":\"https:\/\/comixburo.com\/wp-content\/uploads\/2025\/03\/B304-crochet-couleur-buste-loisel-attakus-face.webp\",\"width\":674,\"height\":1000},{\"@type\":\"BreadcrumbList\",\"@id\":\"https:\/\/comixburo.com\/produit\/capitaine-crochet-version-polychromecapitaine-crochet-version-polychrome\/#breadcrumb\",\"itemListElement\":[{\"@type\":\"ListItem\",\"position\":1,\"name\":\"Home\",\"item\":\"https:\/\/comixburo.com\/\"},{\"@type\":\"ListItem\",\"position\":2,\"name\":\"La boutique Comix Buro\",\"item\":\"https:\/\/comixburo.com\/la-boutique-comix-buro\/\"},{\"@type\":\"ListItem\",\"position\":3,\"name\":\"Capitaine Crochet \u2013 Version polychrome \u2013 R\u00e9gis Loisel\"}]},{\"@type\":\"WebSite\",\"@id\":\"https:\/\/comixburo.com\/#website\",\"url\":\"https:\/\/comixburo.com\/\",\"name\":\"comixburo.com\",\"description\":\"Cr\u00e9ateur de projets : Sketchbook d&#039;artistes !\",\"publisher\":{\"@id\":\"https:\/\/comixburo.com\/#organization\"},\"alternateName\":\"Comix Buro\",\"potentialAction\":[{\"@type\":\"SearchAction\",\"target\":{\"@type\":\"EntryPoint\",\"urlTemplate\":\"https:\/\/comixburo.com\/?s={search_term_string}\"},\"query-input\":{\"@type\":\"PropertyValueSpecification\",\"valueRequired\":true,\"valueName\":\"search_term_string\"}}],\"inLanguage\":\"en-GB\"},{\"@type\":\"Organization\",\"@id\":\"https:\/\/comixburo.com\/#organization\",\"name\":\"comixburo.com\",\"url\":\"https:\/\/comixburo.com\/\",\"logo\":{\"@type\":\"ImageObject\",\"inLanguage\":\"en-GB\",\"@id\":\"https:\/\/comixburo.com\/#\/schema\/logo\/image\/\",\"url\":\"https:\/\/comixburo.com\/wp-content\/uploads\/2025\/04\/logo-cxb-ROND.webp\",\"contentUrl\":\"https:\/\/comixburo.com\/wp-content\/uploads\/2025\/04\/logo-cxb-ROND.webp\",\"width\":200,\"height\":200,\"caption\":\"comixburo.com\"},\"image\":{\"@id\":\"https:\/\/comixburo.com\/#\/schema\/logo\/image\/\"},\"sameAs\":[\"https:\/\/www.facebook.com\/comixburo\",\"https:\/\/www.instagram.com\/comixburo\/\"]}]}<\/script>\n<!-- \/ Yoast SEO plugin. -->","yoast_head_json":{"title":"Capitaine Crochet \u2013 Version polychrome \u2013 R\u00e9gis Loisel - comixburo.com","description":"Capitaine Crochet - Version polychrome statuette de collection. Buste sculpt\u00e9 en France et peinte \u00e0 la main. R\u00e9gis Loisel.","robots":{"index":"index","follow":"follow","max-snippet":"max-snippet:-1","max-image-preview":"max-image-preview:large","max-video-preview":"max-video-preview:-1"},"canonical":"https:\/\/comixburo.com\/en\/product\/capitaine-crochet-version-polychromecapitaine-crochet-version-polychrome\/","og_locale":"en_GB","og_type":"article","og_title":"Capitaine Crochet \u2013 Version polychrome \u2013 R\u00e9gis Loisel - comixburo.com","og_description":"Capitaine Crochet - Version polychrome statuette de collection. Buste sculpt\u00e9 en France et peinte \u00e0 la main. R\u00e9gis Loisel.","og_url":"https:\/\/comixburo.com\/en\/product\/capitaine-crochet-version-polychromecapitaine-crochet-version-polychrome\/","og_site_name":"comixburo.com","article_publisher":"https:\/\/www.facebook.com\/comixburo","article_modified_time":"2025-04-30T19:19:54+00:00","og_image":[{"width":674,"height":1000,"url":"https:\/\/comixburo.com\/wp-content\/uploads\/2025\/03\/B304-crochet-couleur-buste-loisel-attakus-face.webp","type":"image\/webp"}],"twitter_card":"summary_large_image","twitter_misc":{"Estimated reading time":"2 minutes"},"schema":{"@context":"https:\/\/schema.org","@graph":[{"@type":"WebPage","@id":"https:\/\/comixburo.com\/produit\/capitaine-crochet-version-polychromecapitaine-crochet-version-polychrome\/","url":"https:\/\/comixburo.com\/produit\/capitaine-crochet-version-polychromecapitaine-crochet-version-polychrome\/","name":"Capitaine Crochet \u2013 Version polychrome \u2013 R\u00e9gis Loisel - comixburo.com","isPartOf":{"@id":"https:\/\/comixburo.com\/#website"},"primaryImageOfPage":{"@id":"https:\/\/comixburo.com\/produit\/capitaine-crochet-version-polychromecapitaine-crochet-version-polychrome\/#primaryimage"},"image":{"@id":"https:\/\/comixburo.com\/produit\/capitaine-crochet-version-polychromecapitaine-crochet-version-polychrome\/#primaryimage"},"thumbnailUrl":"https:\/\/comixburo.com\/wp-content\/uploads\/2025\/03\/B304-crochet-couleur-buste-loisel-attakus-face.webp","datePublished":"2025-03-28T14:49:45+00:00","dateModified":"2025-04-30T19:19:54+00:00","description":"Capitaine Crochet - Version polychrome statuette de collection. Buste sculpt\u00e9 en France et peinte \u00e0 la main. R\u00e9gis Loisel.","breadcrumb":{"@id":"https:\/\/comixburo.com\/produit\/capitaine-crochet-version-polychromecapitaine-crochet-version-polychrome\/#breadcrumb"},"inLanguage":"en-GB","potentialAction":[{"@type":"ReadAction","target":["https:\/\/comixburo.com\/produit\/capitaine-crochet-version-polychromecapitaine-crochet-version-polychrome\/"]}]},{"@type":"ImageObject","inLanguage":"en-GB","@id":"https:\/\/comixburo.com\/produit\/capitaine-crochet-version-polychromecapitaine-crochet-version-polychrome\/#primaryimage","url":"https:\/\/comixburo.com\/wp-content\/uploads\/2025\/03\/B304-crochet-couleur-buste-loisel-attakus-face.webp","contentUrl":"https:\/\/comixburo.com\/wp-content\/uploads\/2025\/03\/B304-crochet-couleur-buste-loisel-attakus-face.webp","width":674,"height":1000},{"@type":"BreadcrumbList","@id":"https:\/\/comixburo.com\/produit\/capitaine-crochet-version-polychromecapitaine-crochet-version-polychrome\/#breadcrumb","itemListElement":[{"@type":"ListItem","position":1,"name":"Home","item":"https:\/\/comixburo.com\/"},{"@type":"ListItem","position":2,"name":"La boutique Comix Buro","item":"https:\/\/comixburo.com\/la-boutique-comix-buro\/"},{"@type":"ListItem","position":3,"name":"Capitaine Crochet \u2013 Version polychrome \u2013 R\u00e9gis Loisel"}]},{"@type":"WebSite","@id":"https:\/\/comixburo.com\/#website","url":"https:\/\/comixburo.com\/","name":"comixburo.com","description":"Cr\u00e9ateur de projets : Sketchbook d&#039;artistes !","publisher":{"@id":"https:\/\/comixburo.com\/#organization"},"alternateName":"Comix Buro","potentialAction":[{"@type":"SearchAction","target":{"@type":"EntryPoint","urlTemplate":"https:\/\/comixburo.com\/?s={search_term_string}"},"query-input":{"@type":"PropertyValueSpecification","valueRequired":true,"valueName":"search_term_string"}}],"inLanguage":"en-GB"},{"@type":"Organization","@id":"https:\/\/comixburo.com\/#organization","name":"comixburo.com","url":"https:\/\/comixburo.com\/","logo":{"@type":"ImageObject","inLanguage":"en-GB","@id":"https:\/\/comixburo.com\/#\/schema\/logo\/image\/","url":"https:\/\/comixburo.com\/wp-content\/uploads\/2025\/04\/logo-cxb-ROND.webp","contentUrl":"https:\/\/comixburo.com\/wp-content\/uploads\/2025\/04\/logo-cxb-ROND.webp","width":200,"height":200,"caption":"comixburo.com"},"image":{"@id":"https:\/\/comixburo.com\/#\/schema\/logo\/image\/"},"sameAs":["https:\/\/www.facebook.com\/comixburo","https:\/\/www.instagram.com\/comixburo\/"]}]}},"jetpack_sharing_enabled":true,"_links":{"self":[{"href":"https:\/\/comixburo.com\/en\/wp-json\/wp\/v2\/product\/18829","targetHints":{"allow":["GET"]}}],"collection":[{"href":"https:\/\/comixburo.com\/en\/wp-json\/wp\/v2\/product"}],"about":[{"href":"https:\/\/comixburo.com\/en\/wp-json\/wp\/v2\/types\/product"}],"replies":[{"embeddable":true,"href":"https:\/\/comixburo.com\/en\/wp-json\/wp\/v2\/comments?post=18829"}],"version-history":[{"count":5,"href":"https:\/\/comixburo.com\/en\/wp-json\/wp\/v2\/product\/18829\/revisions"}],"predecessor-version":[{"id":20015,"href":"https:\/\/comixburo.com\/en\/wp-json\/wp\/v2\/product\/18829\/revisions\/20015"}],"wp:featuredmedia":[{"embeddable":true,"href":"https:\/\/comixburo.com\/en\/wp-json\/wp\/v2\/media\/18830"}],"wp:attachment":[{"href":"https:\/\/comixburo.com\/en\/wp-json\/wp\/v2\/media?parent=18829"}],"wp:term":[{"taxonomy":"product_brand","embeddable":true,"href":"https:\/\/comixburo.com\/en\/wp-json\/wp\/v2\/product_brand?post=18829"},{"taxonomy":"product_cat","embeddable":true,"href":"https:\/\/comixburo.com\/en\/wp-json\/wp\/v2\/product_cat?post=18829"},{"taxonomy":"product_tag","embeddable":true,"href":"https:\/\/comixburo.com\/en\/wp-json\/wp\/v2\/product_tag?post=18829"}],"curies":[{"name":"wp","href":"https:\/\/api.w.org\/{rel}","templated":true}]}}