{"id":18836,"date":"2025-03-28T16:17:10","date_gmt":"2025-03-28T15:17:10","guid":{"rendered":"https:\/\/comixburo.com\/?post_type=product&#038;p=18836"},"modified":"2025-04-30T21:19:01","modified_gmt":"2025-04-30T19:19:01","slug":"anastasia-alberto-varanda","status":"publish","type":"product","link":"https:\/\/comixburo.com\/en\/product\/anastasia-alberto-varanda\/","title":{"rendered":"Anastasia \u2013 statue &#8211; Alberto Varanda"},"content":{"rendered":"<h3><strong>ANASTASIA, statuette de collection Pin-up art nouveau \u2013 Alberto Varanda<\/strong><\/h3>\n<p><strong>Statue en r\u00e9sine d\u2019une pin-up raffin\u00e9e style Arts-Nouveau<\/strong>, d\u2019apr\u00e8s une illustration\u00a0d\u2019Alberto Varanda<\/p>\n<p>Statuette de collection num\u00e9rot\u00e9e et limit\u00e9e \u00e0 350 Exemplaires<br \/>\nLivr\u00e9e avec son certificat d\u2019authenticit\u00e9 num\u00e9rot\u00e9 et sign\u00e9 par Alberto Varanda.<br \/>\nSculpt\u00e9e en France et peinte \u00e0 la main.<br \/>\nTaille : 28,50 cm<br \/>\nGencod : 3700472005417<\/p>\n<p>***<br \/>\nAlberto Varanda, n\u00e9 en 1965 au Portugal, arrive en France en 1968. Il \u00e9tudie la sculpture sur bois, puis le graphisme publicitaire et l\u2019illustration \u00e0 Paris. Apr\u00e8s ses \u00e9tudes, il collabore aux magazines\u00a0Rantanplan presse,\u00a0Spirou\u00a0et\u00a0Tintin Reporter. Il donne ensuite des cours de dessin et rencontre Croc, cr\u00e9ateur de jeux de r\u00f4le chez Siroz. De leur complicit\u00e9 na\u00eetront des jeux comme\u00a0INS\/MV,\u00a0Bloodlust,\u00a0Scales\u00a0et\u00a0Bitume. Il r\u00e9alise aussi \u00e0 cette p\u00e9riode des illustrations pour\u00a0Casus Belli. Sa collaboration avec Ange commence avec la BD\u00a0Reflets d\u2019\u00e9cume. Puis viendront les s\u00e9ries\u00a0Bloodline,\u00a0La Geste des Chevaliers Dragons\u00a0et\u00a0Paradis perdu. Parall\u00e8lement, Alberto r\u00e9alise des couvertures de romans chez Fleuve Noir. Il rencontre ensuite Christophe Arleston, le sc\u00e9nariste de\u00a0Lanfeust de Troy, avec qui il commence\u00a0\u00c9lixirs. Il r\u00e9alise dans le m\u00eame temps une s\u00e9rie de toiles qui deviendront des couvertures de romans pour les \u00e9ditions Bragelonne. En 2010, il signe chez Soleil Edition une tr\u00e8s belle trilogie, un livre illustr\u00e9 po\u00e9tique et r\u00eaveur, destin\u00e9 aux petits et aux plus grands :\u00a0Petit Pierrot. Outre\u00a0La Mort vivante, il d\u00e9veloppe avec Comix Buro une nouvelle s\u00e9rie jeunesse :\u00a0Les Little H\u00e9ros.<\/p>\n<p><em>\u00a9 Varanda. ATTAKUS<\/em><\/p>","protected":false},"excerpt":{"rendered":"<p style=\"text-align: left;\">Admirez la finesse du trait d\u2019Alberto Varanda gr\u00e2ce \u00e0 cette envoutante pin-up\u202f!<\/p>","protected":false},"featured_media":18837,"comment_status":"open","ping_status":"closed","template":"","meta":[],"product_brand":[109,108],"product_cat":[111,106,93],"product_tag":[],"class_list":{"0":"post-18836","1":"product","2":"type-product","3":"status-publish","4":"has-post-thumbnail","6":"product_brand-attakus","7":"product_brand-comix-buro","8":"product_cat-attakus","9":"product_cat-statues","10":"product_cat-tous","12":"first","13":"instock","14":"taxable","15":"shipping-taxable","16":"purchasable","17":"product-type-simple"},"yoast_head":"<!-- This site is optimized with the Yoast SEO plugin v26.9 - https:\/\/yoast.com\/product\/yoast-seo-wordpress\/ -->\n<title>Anastasia \u2013 statue - Alberto Varanda - comixburo.com<\/title>\n<meta name=\"description\" content=\"Statuette d&#039;Anastasia &quot;Art Nouveau&quot; une pin-up raffin\u00e9e par Alberto Varanda. Statuette de collection num\u00e9rot\u00e9e et limit\u00e9e sculpt\u00e9e \u00e0 la main.\" \/>\n<meta name=\"robots\" content=\"index, follow, max-snippet:-1, max-image-preview:large, max-video-preview:-1\" \/>\n<link rel=\"canonical\" href=\"https:\/\/comixburo.com\/en\/product\/anastasia-alberto-varanda\/\" \/>\n<meta property=\"og:locale\" content=\"en_GB\" \/>\n<meta property=\"og:type\" content=\"article\" \/>\n<meta property=\"og:title\" content=\"Anastasia \u2013 statue - Alberto Varanda - comixburo.com\" \/>\n<meta property=\"og:description\" content=\"Statuette d&#039;Anastasia &quot;Art Nouveau&quot; une pin-up raffin\u00e9e par Alberto Varanda. Statuette de collection num\u00e9rot\u00e9e et limit\u00e9e sculpt\u00e9e \u00e0 la main.\" \/>\n<meta property=\"og:url\" content=\"https:\/\/comixburo.com\/en\/product\/anastasia-alberto-varanda\/\" \/>\n<meta property=\"og:site_name\" content=\"comixburo.com\" \/>\n<meta property=\"article:publisher\" content=\"https:\/\/www.facebook.com\/comixburo\" \/>\n<meta property=\"article:modified_time\" content=\"2025-04-30T19:19:01+00:00\" \/>\n<meta property=\"og:image\" content=\"https:\/\/comixburo.com\/wp-content\/uploads\/2025\/03\/c804-anastasia-varanda-attakus-face.webp\" \/>\n\t<meta property=\"og:image:width\" content=\"674\" \/>\n\t<meta property=\"og:image:height\" content=\"1000\" \/>\n\t<meta property=\"og:image:type\" content=\"image\/webp\" \/>\n<meta name=\"twitter:card\" content=\"summary_large_image\" \/>\n<meta name=\"twitter:label1\" content=\"Estimated reading time\" \/>\n\t<meta name=\"twitter:data1\" content=\"2 minutes\" \/>\n<script type=\"application\/ld+json\" class=\"yoast-schema-graph\">{\"@context\":\"https:\/\/schema.org\",\"@graph\":[{\"@type\":\"WebPage\",\"@id\":\"https:\/\/comixburo.com\/produit\/anastasia-alberto-varanda\/\",\"url\":\"https:\/\/comixburo.com\/produit\/anastasia-alberto-varanda\/\",\"name\":\"Anastasia \u2013 statue - Alberto Varanda - comixburo.com\",\"isPartOf\":{\"@id\":\"https:\/\/comixburo.com\/#website\"},\"primaryImageOfPage\":{\"@id\":\"https:\/\/comixburo.com\/produit\/anastasia-alberto-varanda\/#primaryimage\"},\"image\":{\"@id\":\"https:\/\/comixburo.com\/produit\/anastasia-alberto-varanda\/#primaryimage\"},\"thumbnailUrl\":\"https:\/\/comixburo.com\/wp-content\/uploads\/2025\/03\/c804-anastasia-varanda-attakus-face.webp\",\"datePublished\":\"2025-03-28T15:17:10+00:00\",\"dateModified\":\"2025-04-30T19:19:01+00:00\",\"description\":\"Statuette d'Anastasia \\\"Art Nouveau\\\" une pin-up raffin\u00e9e par Alberto Varanda. Statuette de collection num\u00e9rot\u00e9e et limit\u00e9e sculpt\u00e9e \u00e0 la main.\",\"breadcrumb\":{\"@id\":\"https:\/\/comixburo.com\/produit\/anastasia-alberto-varanda\/#breadcrumb\"},\"inLanguage\":\"en-GB\",\"potentialAction\":[{\"@type\":\"ReadAction\",\"target\":[\"https:\/\/comixburo.com\/produit\/anastasia-alberto-varanda\/\"]}]},{\"@type\":\"ImageObject\",\"inLanguage\":\"en-GB\",\"@id\":\"https:\/\/comixburo.com\/produit\/anastasia-alberto-varanda\/#primaryimage\",\"url\":\"https:\/\/comixburo.com\/wp-content\/uploads\/2025\/03\/c804-anastasia-varanda-attakus-face.webp\",\"contentUrl\":\"https:\/\/comixburo.com\/wp-content\/uploads\/2025\/03\/c804-anastasia-varanda-attakus-face.webp\",\"width\":674,\"height\":1000},{\"@type\":\"BreadcrumbList\",\"@id\":\"https:\/\/comixburo.com\/produit\/anastasia-alberto-varanda\/#breadcrumb\",\"itemListElement\":[{\"@type\":\"ListItem\",\"position\":1,\"name\":\"Home\",\"item\":\"https:\/\/comixburo.com\/\"},{\"@type\":\"ListItem\",\"position\":2,\"name\":\"La boutique Comix Buro\",\"item\":\"https:\/\/comixburo.com\/la-boutique-comix-buro\/\"},{\"@type\":\"ListItem\",\"position\":3,\"name\":\"Anastasia \u2013 statue &#8211; Alberto Varanda\"}]},{\"@type\":\"WebSite\",\"@id\":\"https:\/\/comixburo.com\/#website\",\"url\":\"https:\/\/comixburo.com\/\",\"name\":\"comixburo.com\",\"description\":\"Cr\u00e9ateur de projets : Sketchbook d&#039;artistes !\",\"publisher\":{\"@id\":\"https:\/\/comixburo.com\/#organization\"},\"alternateName\":\"Comix Buro\",\"potentialAction\":[{\"@type\":\"SearchAction\",\"target\":{\"@type\":\"EntryPoint\",\"urlTemplate\":\"https:\/\/comixburo.com\/?s={search_term_string}\"},\"query-input\":{\"@type\":\"PropertyValueSpecification\",\"valueRequired\":true,\"valueName\":\"search_term_string\"}}],\"inLanguage\":\"en-GB\"},{\"@type\":\"Organization\",\"@id\":\"https:\/\/comixburo.com\/#organization\",\"name\":\"comixburo.com\",\"url\":\"https:\/\/comixburo.com\/\",\"logo\":{\"@type\":\"ImageObject\",\"inLanguage\":\"en-GB\",\"@id\":\"https:\/\/comixburo.com\/#\/schema\/logo\/image\/\",\"url\":\"https:\/\/comixburo.com\/wp-content\/uploads\/2025\/04\/logo-cxb-ROND.webp\",\"contentUrl\":\"https:\/\/comixburo.com\/wp-content\/uploads\/2025\/04\/logo-cxb-ROND.webp\",\"width\":200,\"height\":200,\"caption\":\"comixburo.com\"},\"image\":{\"@id\":\"https:\/\/comixburo.com\/#\/schema\/logo\/image\/\"},\"sameAs\":[\"https:\/\/www.facebook.com\/comixburo\",\"https:\/\/www.instagram.com\/comixburo\/\"]}]}<\/script>\n<!-- \/ Yoast SEO plugin. -->","yoast_head_json":{"title":"Anastasia \u2013 statue - Alberto Varanda - comixburo.com","description":"Statuette d'Anastasia \"Art Nouveau\" une pin-up raffin\u00e9e par Alberto Varanda. Statuette de collection num\u00e9rot\u00e9e et limit\u00e9e sculpt\u00e9e \u00e0 la main.","robots":{"index":"index","follow":"follow","max-snippet":"max-snippet:-1","max-image-preview":"max-image-preview:large","max-video-preview":"max-video-preview:-1"},"canonical":"https:\/\/comixburo.com\/en\/product\/anastasia-alberto-varanda\/","og_locale":"en_GB","og_type":"article","og_title":"Anastasia \u2013 statue - Alberto Varanda - comixburo.com","og_description":"Statuette d'Anastasia \"Art Nouveau\" une pin-up raffin\u00e9e par Alberto Varanda. Statuette de collection num\u00e9rot\u00e9e et limit\u00e9e sculpt\u00e9e \u00e0 la main.","og_url":"https:\/\/comixburo.com\/en\/product\/anastasia-alberto-varanda\/","og_site_name":"comixburo.com","article_publisher":"https:\/\/www.facebook.com\/comixburo","article_modified_time":"2025-04-30T19:19:01+00:00","og_image":[{"width":674,"height":1000,"url":"https:\/\/comixburo.com\/wp-content\/uploads\/2025\/03\/c804-anastasia-varanda-attakus-face.webp","type":"image\/webp"}],"twitter_card":"summary_large_image","twitter_misc":{"Estimated reading time":"2 minutes"},"schema":{"@context":"https:\/\/schema.org","@graph":[{"@type":"WebPage","@id":"https:\/\/comixburo.com\/produit\/anastasia-alberto-varanda\/","url":"https:\/\/comixburo.com\/produit\/anastasia-alberto-varanda\/","name":"Anastasia \u2013 statue - Alberto Varanda - comixburo.com","isPartOf":{"@id":"https:\/\/comixburo.com\/#website"},"primaryImageOfPage":{"@id":"https:\/\/comixburo.com\/produit\/anastasia-alberto-varanda\/#primaryimage"},"image":{"@id":"https:\/\/comixburo.com\/produit\/anastasia-alberto-varanda\/#primaryimage"},"thumbnailUrl":"https:\/\/comixburo.com\/wp-content\/uploads\/2025\/03\/c804-anastasia-varanda-attakus-face.webp","datePublished":"2025-03-28T15:17:10+00:00","dateModified":"2025-04-30T19:19:01+00:00","description":"Statuette d'Anastasia \"Art Nouveau\" une pin-up raffin\u00e9e par Alberto Varanda. Statuette de collection num\u00e9rot\u00e9e et limit\u00e9e sculpt\u00e9e \u00e0 la main.","breadcrumb":{"@id":"https:\/\/comixburo.com\/produit\/anastasia-alberto-varanda\/#breadcrumb"},"inLanguage":"en-GB","potentialAction":[{"@type":"ReadAction","target":["https:\/\/comixburo.com\/produit\/anastasia-alberto-varanda\/"]}]},{"@type":"ImageObject","inLanguage":"en-GB","@id":"https:\/\/comixburo.com\/produit\/anastasia-alberto-varanda\/#primaryimage","url":"https:\/\/comixburo.com\/wp-content\/uploads\/2025\/03\/c804-anastasia-varanda-attakus-face.webp","contentUrl":"https:\/\/comixburo.com\/wp-content\/uploads\/2025\/03\/c804-anastasia-varanda-attakus-face.webp","width":674,"height":1000},{"@type":"BreadcrumbList","@id":"https:\/\/comixburo.com\/produit\/anastasia-alberto-varanda\/#breadcrumb","itemListElement":[{"@type":"ListItem","position":1,"name":"Home","item":"https:\/\/comixburo.com\/"},{"@type":"ListItem","position":2,"name":"La boutique Comix Buro","item":"https:\/\/comixburo.com\/la-boutique-comix-buro\/"},{"@type":"ListItem","position":3,"name":"Anastasia \u2013 statue &#8211; Alberto Varanda"}]},{"@type":"WebSite","@id":"https:\/\/comixburo.com\/#website","url":"https:\/\/comixburo.com\/","name":"comixburo.com","description":"Cr\u00e9ateur de projets : Sketchbook d&#039;artistes !","publisher":{"@id":"https:\/\/comixburo.com\/#organization"},"alternateName":"Comix Buro","potentialAction":[{"@type":"SearchAction","target":{"@type":"EntryPoint","urlTemplate":"https:\/\/comixburo.com\/?s={search_term_string}"},"query-input":{"@type":"PropertyValueSpecification","valueRequired":true,"valueName":"search_term_string"}}],"inLanguage":"en-GB"},{"@type":"Organization","@id":"https:\/\/comixburo.com\/#organization","name":"comixburo.com","url":"https:\/\/comixburo.com\/","logo":{"@type":"ImageObject","inLanguage":"en-GB","@id":"https:\/\/comixburo.com\/#\/schema\/logo\/image\/","url":"https:\/\/comixburo.com\/wp-content\/uploads\/2025\/04\/logo-cxb-ROND.webp","contentUrl":"https:\/\/comixburo.com\/wp-content\/uploads\/2025\/04\/logo-cxb-ROND.webp","width":200,"height":200,"caption":"comixburo.com"},"image":{"@id":"https:\/\/comixburo.com\/#\/schema\/logo\/image\/"},"sameAs":["https:\/\/www.facebook.com\/comixburo","https:\/\/www.instagram.com\/comixburo\/"]}]}},"jetpack_sharing_enabled":true,"_links":{"self":[{"href":"https:\/\/comixburo.com\/en\/wp-json\/wp\/v2\/product\/18836","targetHints":{"allow":["GET"]}}],"collection":[{"href":"https:\/\/comixburo.com\/en\/wp-json\/wp\/v2\/product"}],"about":[{"href":"https:\/\/comixburo.com\/en\/wp-json\/wp\/v2\/types\/product"}],"replies":[{"embeddable":true,"href":"https:\/\/comixburo.com\/en\/wp-json\/wp\/v2\/comments?post=18836"}],"version-history":[{"count":2,"href":"https:\/\/comixburo.com\/en\/wp-json\/wp\/v2\/product\/18836\/revisions"}],"predecessor-version":[{"id":20014,"href":"https:\/\/comixburo.com\/en\/wp-json\/wp\/v2\/product\/18836\/revisions\/20014"}],"wp:featuredmedia":[{"embeddable":true,"href":"https:\/\/comixburo.com\/en\/wp-json\/wp\/v2\/media\/18837"}],"wp:attachment":[{"href":"https:\/\/comixburo.com\/en\/wp-json\/wp\/v2\/media?parent=18836"}],"wp:term":[{"taxonomy":"product_brand","embeddable":true,"href":"https:\/\/comixburo.com\/en\/wp-json\/wp\/v2\/product_brand?post=18836"},{"taxonomy":"product_cat","embeddable":true,"href":"https:\/\/comixburo.com\/en\/wp-json\/wp\/v2\/product_cat?post=18836"},{"taxonomy":"product_tag","embeddable":true,"href":"https:\/\/comixburo.com\/en\/wp-json\/wp\/v2\/product_tag?post=18836"}],"curies":[{"name":"wp","href":"https:\/\/api.w.org\/{rel}","templated":true}]}}