{"id":18842,"date":"2025-03-28T17:02:58","date_gmt":"2025-03-28T16:02:58","guid":{"rendered":"https:\/\/comixburo.com\/?post_type=product&#038;p=18842"},"modified":"2025-04-30T21:12:49","modified_gmt":"2025-04-30T19:12:49","slug":"paleozoic-peggy","status":"publish","type":"product","link":"https:\/\/comixburo.com\/en\/product\/paleozoic-peggy\/","title":{"rendered":"Paleozoic Peggy \u2013 Olivier Vatine"},"content":{"rendered":"<h3><strong>Statuette de collection Paleozoic Peggy \u2013 Olivier Vatine<\/strong><\/h3>\n<p><strong>Statue en r\u00e9sine de Paleozoic Peggy<\/strong>, d\u2019apr\u00e8s une illustration d\u2019Olivier Vatine.<\/p>\n<p>Num\u00e9rot\u00e9e et limit\u00e9e \u00e0 250 exemplaires<br \/>\nLivr\u00e9e avec son certificat d\u2019authenticit\u00e9 num\u00e9rot\u00e9 sign\u00e9 par Olivier Vatine<br \/>\nSculpt\u00e9e en France et peinte \u00e0 la main.<br \/>\nTaille : 23 cm<br \/>\nGencod : 3700472001761<\/p>\n<p>***<br \/>\nD\u2019apr\u00e8s une s\u00e9rie d\u2019illustrations d\u2019Olivier Vatine<br \/>\nStatue collector en r\u00e9sine num\u00e9rot\u00e9e et limit\u00e9e \u00e0 seulement 250 exemplaires dans le monde. Sculpt\u00e9e en France, en collaboration avec Olivier Vatine, et peinte \u00e0 la main. Livr\u00e9e avec son certificat d\u2019authenticit\u00e9 Attakus.<br \/>\nAttakus met une fois de plus en avant les personnages f\u00e9minins de ses auteurs f\u00e9tiches avec cette statuette inspir\u00e9e d\u2019une illustration d\u2019Olivier Vatine, repr\u00e9sentant la pin-up Paleozoic Peggy port\u00e9e par un gorille.<\/p>\n<p>***<br \/>\nOlivier Vatine est un sc\u00e9nariste et dessinateur fran\u00e7ais de bande dessin\u00e9e.<br \/>\nIl est le dessinateur de la s\u00e9rie de science-fictions Aquablue, sc\u00e9naris\u00e9e par Cailleteau (\u00e9d. Delcourt). Il publie en 2005 le western Angela, avec Pecqueur et Isabelle Rabarot.<br \/>\nEn 2012, il adapte en BD la trilogie culte Niourk (d\u2019apr\u00e8s les romans de Stefan Wul).<br \/>\nEn 2018, il publie avec Alberto Varanda La Mort vivante d\u2019apr\u00e8s Stefan Wul (\u00c9d. Comix Buro).<br \/>\nSp\u00e9cialiste incontest\u00e9 des pin-up, il a r\u00e9alis\u00e9, en collaboration avec Attakus, de nombreuses statues de femmes, inspir\u00e9es de ses illustrations et personnages f\u00e9tiches de BD.<\/p>","protected":false},"excerpt":{"rendered":"<p style=\"text-align: left;\">Plongez dans l\u2019univers d\u2019Olivier Vatine et d\u00e9couvrez Paleozoic Peggy !<\/p>","protected":false},"featured_media":18843,"comment_status":"open","ping_status":"closed","template":"","meta":[],"product_brand":[109,108],"product_cat":[111,106,93],"product_tag":[],"class_list":{"0":"post-18842","1":"product","2":"type-product","3":"status-publish","4":"has-post-thumbnail","6":"product_brand-attakus","7":"product_brand-comix-buro","8":"product_cat-attakus","9":"product_cat-statues","10":"product_cat-tous","12":"first","13":"instock","14":"taxable","15":"shipping-taxable","16":"purchasable","17":"product-type-simple"},"yoast_head":"<!-- This site is optimized with the Yoast SEO plugin v26.9 - https:\/\/yoast.com\/product\/yoast-seo-wordpress\/ -->\n<title>Paleozoic Peggy \u2013 Olivier Vatine - comixburo.com<\/title>\n<meta name=\"description\" content=\"Statuette Paleozoic Peggy. Statuette de collection num\u00e9rot\u00e9e. Sculpt\u00e9e en France et peinte \u00e0 la main. Certificat d&#039;authenticit\u00e9\" \/>\n<meta name=\"robots\" content=\"index, follow, max-snippet:-1, max-image-preview:large, max-video-preview:-1\" \/>\n<link rel=\"canonical\" href=\"https:\/\/comixburo.com\/en\/product\/paleozoic-peggy\/\" \/>\n<meta property=\"og:locale\" content=\"en_GB\" \/>\n<meta property=\"og:type\" content=\"article\" \/>\n<meta property=\"og:title\" content=\"Paleozoic Peggy \u2013 Olivier Vatine - comixburo.com\" \/>\n<meta property=\"og:description\" content=\"Statuette Paleozoic Peggy. Statuette de collection num\u00e9rot\u00e9e. Sculpt\u00e9e en France et peinte \u00e0 la main. Certificat d&#039;authenticit\u00e9\" \/>\n<meta property=\"og:url\" content=\"https:\/\/comixburo.com\/en\/product\/paleozoic-peggy\/\" \/>\n<meta property=\"og:site_name\" content=\"comixburo.com\" \/>\n<meta property=\"article:publisher\" content=\"https:\/\/www.facebook.com\/comixburo\" \/>\n<meta property=\"article:modified_time\" content=\"2025-04-30T19:12:49+00:00\" \/>\n<meta property=\"og:image\" content=\"https:\/\/comixburo.com\/wp-content\/uploads\/2025\/03\/c634-paleozoic-peggy-vatine-attakus-face.webp\" \/>\n\t<meta property=\"og:image:width\" content=\"674\" \/>\n\t<meta property=\"og:image:height\" content=\"1000\" \/>\n\t<meta property=\"og:image:type\" content=\"image\/webp\" \/>\n<meta name=\"twitter:card\" content=\"summary_large_image\" \/>\n<meta name=\"twitter:label1\" content=\"Estimated reading time\" \/>\n\t<meta name=\"twitter:data1\" content=\"2 minutes\" \/>\n<script type=\"application\/ld+json\" class=\"yoast-schema-graph\">{\"@context\":\"https:\/\/schema.org\",\"@graph\":[{\"@type\":\"WebPage\",\"@id\":\"https:\/\/comixburo.com\/produit\/paleozoic-peggy\/\",\"url\":\"https:\/\/comixburo.com\/produit\/paleozoic-peggy\/\",\"name\":\"Paleozoic Peggy \u2013 Olivier Vatine - comixburo.com\",\"isPartOf\":{\"@id\":\"https:\/\/comixburo.com\/#website\"},\"primaryImageOfPage\":{\"@id\":\"https:\/\/comixburo.com\/produit\/paleozoic-peggy\/#primaryimage\"},\"image\":{\"@id\":\"https:\/\/comixburo.com\/produit\/paleozoic-peggy\/#primaryimage\"},\"thumbnailUrl\":\"https:\/\/comixburo.com\/wp-content\/uploads\/2025\/03\/c634-paleozoic-peggy-vatine-attakus-face.webp\",\"datePublished\":\"2025-03-28T16:02:58+00:00\",\"dateModified\":\"2025-04-30T19:12:49+00:00\",\"description\":\"Statuette Paleozoic Peggy. Statuette de collection num\u00e9rot\u00e9e. Sculpt\u00e9e en France et peinte \u00e0 la main. Certificat d'authenticit\u00e9\",\"breadcrumb\":{\"@id\":\"https:\/\/comixburo.com\/produit\/paleozoic-peggy\/#breadcrumb\"},\"inLanguage\":\"en-GB\",\"potentialAction\":[{\"@type\":\"ReadAction\",\"target\":[\"https:\/\/comixburo.com\/produit\/paleozoic-peggy\/\"]}]},{\"@type\":\"ImageObject\",\"inLanguage\":\"en-GB\",\"@id\":\"https:\/\/comixburo.com\/produit\/paleozoic-peggy\/#primaryimage\",\"url\":\"https:\/\/comixburo.com\/wp-content\/uploads\/2025\/03\/c634-paleozoic-peggy-vatine-attakus-face.webp\",\"contentUrl\":\"https:\/\/comixburo.com\/wp-content\/uploads\/2025\/03\/c634-paleozoic-peggy-vatine-attakus-face.webp\",\"width\":674,\"height\":1000},{\"@type\":\"BreadcrumbList\",\"@id\":\"https:\/\/comixburo.com\/produit\/paleozoic-peggy\/#breadcrumb\",\"itemListElement\":[{\"@type\":\"ListItem\",\"position\":1,\"name\":\"Home\",\"item\":\"https:\/\/comixburo.com\/\"},{\"@type\":\"ListItem\",\"position\":2,\"name\":\"La boutique Comix Buro\",\"item\":\"https:\/\/comixburo.com\/la-boutique-comix-buro\/\"},{\"@type\":\"ListItem\",\"position\":3,\"name\":\"Paleozoic Peggy \u2013 Olivier Vatine\"}]},{\"@type\":\"WebSite\",\"@id\":\"https:\/\/comixburo.com\/#website\",\"url\":\"https:\/\/comixburo.com\/\",\"name\":\"comixburo.com\",\"description\":\"Cr\u00e9ateur de projets : Sketchbook d&#039;artistes !\",\"publisher\":{\"@id\":\"https:\/\/comixburo.com\/#organization\"},\"alternateName\":\"Comix Buro\",\"potentialAction\":[{\"@type\":\"SearchAction\",\"target\":{\"@type\":\"EntryPoint\",\"urlTemplate\":\"https:\/\/comixburo.com\/?s={search_term_string}\"},\"query-input\":{\"@type\":\"PropertyValueSpecification\",\"valueRequired\":true,\"valueName\":\"search_term_string\"}}],\"inLanguage\":\"en-GB\"},{\"@type\":\"Organization\",\"@id\":\"https:\/\/comixburo.com\/#organization\",\"name\":\"comixburo.com\",\"url\":\"https:\/\/comixburo.com\/\",\"logo\":{\"@type\":\"ImageObject\",\"inLanguage\":\"en-GB\",\"@id\":\"https:\/\/comixburo.com\/#\/schema\/logo\/image\/\",\"url\":\"https:\/\/comixburo.com\/wp-content\/uploads\/2025\/04\/logo-cxb-ROND.webp\",\"contentUrl\":\"https:\/\/comixburo.com\/wp-content\/uploads\/2025\/04\/logo-cxb-ROND.webp\",\"width\":200,\"height\":200,\"caption\":\"comixburo.com\"},\"image\":{\"@id\":\"https:\/\/comixburo.com\/#\/schema\/logo\/image\/\"},\"sameAs\":[\"https:\/\/www.facebook.com\/comixburo\",\"https:\/\/www.instagram.com\/comixburo\/\"]}]}<\/script>\n<!-- \/ Yoast SEO plugin. -->","yoast_head_json":{"title":"Paleozoic Peggy \u2013 Olivier Vatine - comixburo.com","description":"Statuette Paleozoic Peggy. Statuette de collection num\u00e9rot\u00e9e. Sculpt\u00e9e en France et peinte \u00e0 la main. Certificat d'authenticit\u00e9","robots":{"index":"index","follow":"follow","max-snippet":"max-snippet:-1","max-image-preview":"max-image-preview:large","max-video-preview":"max-video-preview:-1"},"canonical":"https:\/\/comixburo.com\/en\/product\/paleozoic-peggy\/","og_locale":"en_GB","og_type":"article","og_title":"Paleozoic Peggy \u2013 Olivier Vatine - comixburo.com","og_description":"Statuette Paleozoic Peggy. Statuette de collection num\u00e9rot\u00e9e. Sculpt\u00e9e en France et peinte \u00e0 la main. Certificat d'authenticit\u00e9","og_url":"https:\/\/comixburo.com\/en\/product\/paleozoic-peggy\/","og_site_name":"comixburo.com","article_publisher":"https:\/\/www.facebook.com\/comixburo","article_modified_time":"2025-04-30T19:12:49+00:00","og_image":[{"width":674,"height":1000,"url":"https:\/\/comixburo.com\/wp-content\/uploads\/2025\/03\/c634-paleozoic-peggy-vatine-attakus-face.webp","type":"image\/webp"}],"twitter_card":"summary_large_image","twitter_misc":{"Estimated reading time":"2 minutes"},"schema":{"@context":"https:\/\/schema.org","@graph":[{"@type":"WebPage","@id":"https:\/\/comixburo.com\/produit\/paleozoic-peggy\/","url":"https:\/\/comixburo.com\/produit\/paleozoic-peggy\/","name":"Paleozoic Peggy \u2013 Olivier Vatine - comixburo.com","isPartOf":{"@id":"https:\/\/comixburo.com\/#website"},"primaryImageOfPage":{"@id":"https:\/\/comixburo.com\/produit\/paleozoic-peggy\/#primaryimage"},"image":{"@id":"https:\/\/comixburo.com\/produit\/paleozoic-peggy\/#primaryimage"},"thumbnailUrl":"https:\/\/comixburo.com\/wp-content\/uploads\/2025\/03\/c634-paleozoic-peggy-vatine-attakus-face.webp","datePublished":"2025-03-28T16:02:58+00:00","dateModified":"2025-04-30T19:12:49+00:00","description":"Statuette Paleozoic Peggy. Statuette de collection num\u00e9rot\u00e9e. Sculpt\u00e9e en France et peinte \u00e0 la main. Certificat d'authenticit\u00e9","breadcrumb":{"@id":"https:\/\/comixburo.com\/produit\/paleozoic-peggy\/#breadcrumb"},"inLanguage":"en-GB","potentialAction":[{"@type":"ReadAction","target":["https:\/\/comixburo.com\/produit\/paleozoic-peggy\/"]}]},{"@type":"ImageObject","inLanguage":"en-GB","@id":"https:\/\/comixburo.com\/produit\/paleozoic-peggy\/#primaryimage","url":"https:\/\/comixburo.com\/wp-content\/uploads\/2025\/03\/c634-paleozoic-peggy-vatine-attakus-face.webp","contentUrl":"https:\/\/comixburo.com\/wp-content\/uploads\/2025\/03\/c634-paleozoic-peggy-vatine-attakus-face.webp","width":674,"height":1000},{"@type":"BreadcrumbList","@id":"https:\/\/comixburo.com\/produit\/paleozoic-peggy\/#breadcrumb","itemListElement":[{"@type":"ListItem","position":1,"name":"Home","item":"https:\/\/comixburo.com\/"},{"@type":"ListItem","position":2,"name":"La boutique Comix Buro","item":"https:\/\/comixburo.com\/la-boutique-comix-buro\/"},{"@type":"ListItem","position":3,"name":"Paleozoic Peggy \u2013 Olivier Vatine"}]},{"@type":"WebSite","@id":"https:\/\/comixburo.com\/#website","url":"https:\/\/comixburo.com\/","name":"comixburo.com","description":"Cr\u00e9ateur de projets : Sketchbook d&#039;artistes !","publisher":{"@id":"https:\/\/comixburo.com\/#organization"},"alternateName":"Comix Buro","potentialAction":[{"@type":"SearchAction","target":{"@type":"EntryPoint","urlTemplate":"https:\/\/comixburo.com\/?s={search_term_string}"},"query-input":{"@type":"PropertyValueSpecification","valueRequired":true,"valueName":"search_term_string"}}],"inLanguage":"en-GB"},{"@type":"Organization","@id":"https:\/\/comixburo.com\/#organization","name":"comixburo.com","url":"https:\/\/comixburo.com\/","logo":{"@type":"ImageObject","inLanguage":"en-GB","@id":"https:\/\/comixburo.com\/#\/schema\/logo\/image\/","url":"https:\/\/comixburo.com\/wp-content\/uploads\/2025\/04\/logo-cxb-ROND.webp","contentUrl":"https:\/\/comixburo.com\/wp-content\/uploads\/2025\/04\/logo-cxb-ROND.webp","width":200,"height":200,"caption":"comixburo.com"},"image":{"@id":"https:\/\/comixburo.com\/#\/schema\/logo\/image\/"},"sameAs":["https:\/\/www.facebook.com\/comixburo","https:\/\/www.instagram.com\/comixburo\/"]}]}},"jetpack_sharing_enabled":true,"_links":{"self":[{"href":"https:\/\/comixburo.com\/en\/wp-json\/wp\/v2\/product\/18842","targetHints":{"allow":["GET"]}}],"collection":[{"href":"https:\/\/comixburo.com\/en\/wp-json\/wp\/v2\/product"}],"about":[{"href":"https:\/\/comixburo.com\/en\/wp-json\/wp\/v2\/types\/product"}],"replies":[{"embeddable":true,"href":"https:\/\/comixburo.com\/en\/wp-json\/wp\/v2\/comments?post=18842"}],"version-history":[{"count":2,"href":"https:\/\/comixburo.com\/en\/wp-json\/wp\/v2\/product\/18842\/revisions"}],"predecessor-version":[{"id":20011,"href":"https:\/\/comixburo.com\/en\/wp-json\/wp\/v2\/product\/18842\/revisions\/20011"}],"wp:featuredmedia":[{"embeddable":true,"href":"https:\/\/comixburo.com\/en\/wp-json\/wp\/v2\/media\/18843"}],"wp:attachment":[{"href":"https:\/\/comixburo.com\/en\/wp-json\/wp\/v2\/media?parent=18842"}],"wp:term":[{"taxonomy":"product_brand","embeddable":true,"href":"https:\/\/comixburo.com\/en\/wp-json\/wp\/v2\/product_brand?post=18842"},{"taxonomy":"product_cat","embeddable":true,"href":"https:\/\/comixburo.com\/en\/wp-json\/wp\/v2\/product_cat?post=18842"},{"taxonomy":"product_tag","embeddable":true,"href":"https:\/\/comixburo.com\/en\/wp-json\/wp\/v2\/product_tag?post=18842"}],"curies":[{"name":"wp","href":"https:\/\/api.w.org\/{rel}","templated":true}]}}