{"id":18845,"date":"2025-03-28T17:05:55","date_gmt":"2025-03-28T16:05:55","guid":{"rendered":"https:\/\/comixburo.com\/?post_type=product&#038;p=18845"},"modified":"2025-04-30T21:11:50","modified_gmt":"2025-04-30T19:11:50","slug":"sasmira-version-ivoire","status":"publish","type":"product","link":"https:\/\/comixburo.com\/en\/product\/sasmira-version-ivoire\/","title":{"rendered":"Sasmira version ivoire BD Laurent Vicomte"},"content":{"rendered":"<h3><strong>Statuette de collection Sasmira version ivoire \u2013 BD Laurent Vicomte<\/strong><\/h3>\n<p><strong>Statue en r\u00e9sine de Sasmira, d\u2019apr\u00e8s la s\u00e9rie Sasmira<\/strong>, par Laurent Vicomte.<\/p>\n<p>Statuette de collection num\u00e9rot\u00e9e et limit\u00e9e \u00e0 250 exemplaires<br \/>\nLivr\u00e9e avec son certificat d\u2019authenticit\u00e9 num\u00e9rot\u00e9 sign\u00e9 par Laurent Vicomte<br \/>\nSculpt\u00e9e en France et peinte \u00e0 la main.<br \/>\nTaille : 20 cm<br \/>\nGencod : 3700472001143<\/p>\n<p>***<br \/>\nAttakus met une fois de plus en avant les personnages f\u00e9minins de ses auteurs f\u00e9tiches avec cette statuette inspir\u00e9e de la s\u00e9rie Sasmira par Laurent Vicomte.<br \/>\nCette figurine monochrome repr\u00e9sente Sasmira en couleur ivoire, le visage partiellement cach\u00e9 derri\u00e8re un \u00e9ventail. Elle est la femme que Stanislas, musicien, croise dans ses r\u00eaves et recherche dans le pass\u00e9.<\/p>\n<p>***<br \/>\nCette figurine de Sasmira version ivoire r\u00e9alis\u00e9e par Attakus est \u00e9galement disponible sur notre site en\u00a0<strong>couleur rouge<\/strong>.<\/p>","protected":false},"excerpt":{"rendered":"<p style=\"text-align: left;\">Plongez dans l\u2019univers de la bande dessin\u00e9e et d\u00e9couvrez Sasmira !<\/p>","protected":false},"featured_media":19067,"comment_status":"open","ping_status":"closed","template":"","meta":[],"product_brand":[109,108],"product_cat":[111,106,93],"product_tag":[],"class_list":{"0":"post-18845","1":"product","2":"type-product","3":"status-publish","4":"has-post-thumbnail","6":"product_brand-attakus","7":"product_brand-comix-buro","8":"product_cat-attakus","9":"product_cat-statues","10":"product_cat-tous","12":"first","13":"instock","14":"taxable","15":"shipping-taxable","16":"purchasable","17":"product-type-simple"},"yoast_head":"<!-- This site is optimized with the Yoast SEO plugin v26.9 - https:\/\/yoast.com\/product\/yoast-seo-wordpress\/ -->\n<title>Sasmira version ivoire BD Laurent Vicomte - comixburo.com<\/title>\n<meta name=\"description\" content=\"Statuette Sasmira version ivoire. Livr\u00e9e avec son certificat d&#039;authenticit\u00e9 num\u00e9rot\u00e9. Sculpt\u00e9e en France et peinte \u00e0 la main\" \/>\n<meta name=\"robots\" content=\"index, follow, max-snippet:-1, max-image-preview:large, max-video-preview:-1\" \/>\n<link rel=\"canonical\" href=\"https:\/\/comixburo.com\/en\/product\/sasmira-version-ivoire\/\" \/>\n<meta property=\"og:locale\" content=\"en_GB\" \/>\n<meta property=\"og:type\" content=\"article\" \/>\n<meta property=\"og:title\" content=\"Sasmira version ivoire BD Laurent Vicomte - comixburo.com\" \/>\n<meta property=\"og:description\" content=\"Statuette Sasmira version ivoire. Livr\u00e9e avec son certificat d&#039;authenticit\u00e9 num\u00e9rot\u00e9. Sculpt\u00e9e en France et peinte \u00e0 la main\" \/>\n<meta property=\"og:url\" content=\"https:\/\/comixburo.com\/en\/product\/sasmira-version-ivoire\/\" \/>\n<meta property=\"og:site_name\" content=\"comixburo.com\" \/>\n<meta property=\"article:publisher\" content=\"https:\/\/www.facebook.com\/comixburo\" \/>\n<meta property=\"article:modified_time\" content=\"2025-04-30T19:11:50+00:00\" \/>\n<meta property=\"og:image\" content=\"https:\/\/comixburo.com\/wp-content\/uploads\/2025\/03\/C740-sasmira-ivoire-attakus-01.webp\" \/>\n\t<meta property=\"og:image:width\" content=\"674\" \/>\n\t<meta property=\"og:image:height\" content=\"1000\" \/>\n\t<meta property=\"og:image:type\" content=\"image\/webp\" \/>\n<meta name=\"twitter:card\" content=\"summary_large_image\" \/>\n<meta name=\"twitter:label1\" content=\"Estimated reading time\" \/>\n\t<meta name=\"twitter:data1\" content=\"1 minute\" \/>\n<script type=\"application\/ld+json\" class=\"yoast-schema-graph\">{\"@context\":\"https:\/\/schema.org\",\"@graph\":[{\"@type\":\"WebPage\",\"@id\":\"https:\/\/comixburo.com\/produit\/sasmira-version-ivoire\/\",\"url\":\"https:\/\/comixburo.com\/produit\/sasmira-version-ivoire\/\",\"name\":\"Sasmira version ivoire BD Laurent Vicomte - comixburo.com\",\"isPartOf\":{\"@id\":\"https:\/\/comixburo.com\/#website\"},\"primaryImageOfPage\":{\"@id\":\"https:\/\/comixburo.com\/produit\/sasmira-version-ivoire\/#primaryimage\"},\"image\":{\"@id\":\"https:\/\/comixburo.com\/produit\/sasmira-version-ivoire\/#primaryimage\"},\"thumbnailUrl\":\"https:\/\/comixburo.com\/wp-content\/uploads\/2025\/03\/C740-sasmira-ivoire-attakus-01.webp\",\"datePublished\":\"2025-03-28T16:05:55+00:00\",\"dateModified\":\"2025-04-30T19:11:50+00:00\",\"description\":\"Statuette Sasmira version ivoire. Livr\u00e9e avec son certificat d'authenticit\u00e9 num\u00e9rot\u00e9. Sculpt\u00e9e en France et peinte \u00e0 la main\",\"breadcrumb\":{\"@id\":\"https:\/\/comixburo.com\/produit\/sasmira-version-ivoire\/#breadcrumb\"},\"inLanguage\":\"en-GB\",\"potentialAction\":[{\"@type\":\"ReadAction\",\"target\":[\"https:\/\/comixburo.com\/produit\/sasmira-version-ivoire\/\"]}]},{\"@type\":\"ImageObject\",\"inLanguage\":\"en-GB\",\"@id\":\"https:\/\/comixburo.com\/produit\/sasmira-version-ivoire\/#primaryimage\",\"url\":\"https:\/\/comixburo.com\/wp-content\/uploads\/2025\/03\/C740-sasmira-ivoire-attakus-01.webp\",\"contentUrl\":\"https:\/\/comixburo.com\/wp-content\/uploads\/2025\/03\/C740-sasmira-ivoire-attakus-01.webp\",\"width\":674,\"height\":1000},{\"@type\":\"BreadcrumbList\",\"@id\":\"https:\/\/comixburo.com\/produit\/sasmira-version-ivoire\/#breadcrumb\",\"itemListElement\":[{\"@type\":\"ListItem\",\"position\":1,\"name\":\"Home\",\"item\":\"https:\/\/comixburo.com\/\"},{\"@type\":\"ListItem\",\"position\":2,\"name\":\"La boutique Comix Buro\",\"item\":\"https:\/\/comixburo.com\/la-boutique-comix-buro\/\"},{\"@type\":\"ListItem\",\"position\":3,\"name\":\"Sasmira version ivoire BD Laurent Vicomte\"}]},{\"@type\":\"WebSite\",\"@id\":\"https:\/\/comixburo.com\/#website\",\"url\":\"https:\/\/comixburo.com\/\",\"name\":\"comixburo.com\",\"description\":\"Cr\u00e9ateur de projets : Sketchbook d&#039;artistes !\",\"publisher\":{\"@id\":\"https:\/\/comixburo.com\/#organization\"},\"alternateName\":\"Comix Buro\",\"potentialAction\":[{\"@type\":\"SearchAction\",\"target\":{\"@type\":\"EntryPoint\",\"urlTemplate\":\"https:\/\/comixburo.com\/?s={search_term_string}\"},\"query-input\":{\"@type\":\"PropertyValueSpecification\",\"valueRequired\":true,\"valueName\":\"search_term_string\"}}],\"inLanguage\":\"en-GB\"},{\"@type\":\"Organization\",\"@id\":\"https:\/\/comixburo.com\/#organization\",\"name\":\"comixburo.com\",\"url\":\"https:\/\/comixburo.com\/\",\"logo\":{\"@type\":\"ImageObject\",\"inLanguage\":\"en-GB\",\"@id\":\"https:\/\/comixburo.com\/#\/schema\/logo\/image\/\",\"url\":\"https:\/\/comixburo.com\/wp-content\/uploads\/2025\/04\/logo-cxb-ROND.webp\",\"contentUrl\":\"https:\/\/comixburo.com\/wp-content\/uploads\/2025\/04\/logo-cxb-ROND.webp\",\"width\":200,\"height\":200,\"caption\":\"comixburo.com\"},\"image\":{\"@id\":\"https:\/\/comixburo.com\/#\/schema\/logo\/image\/\"},\"sameAs\":[\"https:\/\/www.facebook.com\/comixburo\",\"https:\/\/www.instagram.com\/comixburo\/\"]}]}<\/script>\n<!-- \/ Yoast SEO plugin. -->","yoast_head_json":{"title":"Sasmira version ivoire BD Laurent Vicomte - comixburo.com","description":"Statuette Sasmira version ivoire. Livr\u00e9e avec son certificat d'authenticit\u00e9 num\u00e9rot\u00e9. Sculpt\u00e9e en France et peinte \u00e0 la main","robots":{"index":"index","follow":"follow","max-snippet":"max-snippet:-1","max-image-preview":"max-image-preview:large","max-video-preview":"max-video-preview:-1"},"canonical":"https:\/\/comixburo.com\/en\/product\/sasmira-version-ivoire\/","og_locale":"en_GB","og_type":"article","og_title":"Sasmira version ivoire BD Laurent Vicomte - comixburo.com","og_description":"Statuette Sasmira version ivoire. Livr\u00e9e avec son certificat d'authenticit\u00e9 num\u00e9rot\u00e9. Sculpt\u00e9e en France et peinte \u00e0 la main","og_url":"https:\/\/comixburo.com\/en\/product\/sasmira-version-ivoire\/","og_site_name":"comixburo.com","article_publisher":"https:\/\/www.facebook.com\/comixburo","article_modified_time":"2025-04-30T19:11:50+00:00","og_image":[{"width":674,"height":1000,"url":"https:\/\/comixburo.com\/wp-content\/uploads\/2025\/03\/C740-sasmira-ivoire-attakus-01.webp","type":"image\/webp"}],"twitter_card":"summary_large_image","twitter_misc":{"Estimated reading time":"1 minute"},"schema":{"@context":"https:\/\/schema.org","@graph":[{"@type":"WebPage","@id":"https:\/\/comixburo.com\/produit\/sasmira-version-ivoire\/","url":"https:\/\/comixburo.com\/produit\/sasmira-version-ivoire\/","name":"Sasmira version ivoire BD Laurent Vicomte - comixburo.com","isPartOf":{"@id":"https:\/\/comixburo.com\/#website"},"primaryImageOfPage":{"@id":"https:\/\/comixburo.com\/produit\/sasmira-version-ivoire\/#primaryimage"},"image":{"@id":"https:\/\/comixburo.com\/produit\/sasmira-version-ivoire\/#primaryimage"},"thumbnailUrl":"https:\/\/comixburo.com\/wp-content\/uploads\/2025\/03\/C740-sasmira-ivoire-attakus-01.webp","datePublished":"2025-03-28T16:05:55+00:00","dateModified":"2025-04-30T19:11:50+00:00","description":"Statuette Sasmira version ivoire. Livr\u00e9e avec son certificat d'authenticit\u00e9 num\u00e9rot\u00e9. Sculpt\u00e9e en France et peinte \u00e0 la main","breadcrumb":{"@id":"https:\/\/comixburo.com\/produit\/sasmira-version-ivoire\/#breadcrumb"},"inLanguage":"en-GB","potentialAction":[{"@type":"ReadAction","target":["https:\/\/comixburo.com\/produit\/sasmira-version-ivoire\/"]}]},{"@type":"ImageObject","inLanguage":"en-GB","@id":"https:\/\/comixburo.com\/produit\/sasmira-version-ivoire\/#primaryimage","url":"https:\/\/comixburo.com\/wp-content\/uploads\/2025\/03\/C740-sasmira-ivoire-attakus-01.webp","contentUrl":"https:\/\/comixburo.com\/wp-content\/uploads\/2025\/03\/C740-sasmira-ivoire-attakus-01.webp","width":674,"height":1000},{"@type":"BreadcrumbList","@id":"https:\/\/comixburo.com\/produit\/sasmira-version-ivoire\/#breadcrumb","itemListElement":[{"@type":"ListItem","position":1,"name":"Home","item":"https:\/\/comixburo.com\/"},{"@type":"ListItem","position":2,"name":"La boutique Comix Buro","item":"https:\/\/comixburo.com\/la-boutique-comix-buro\/"},{"@type":"ListItem","position":3,"name":"Sasmira version ivoire BD Laurent Vicomte"}]},{"@type":"WebSite","@id":"https:\/\/comixburo.com\/#website","url":"https:\/\/comixburo.com\/","name":"comixburo.com","description":"Cr\u00e9ateur de projets : Sketchbook d&#039;artistes !","publisher":{"@id":"https:\/\/comixburo.com\/#organization"},"alternateName":"Comix Buro","potentialAction":[{"@type":"SearchAction","target":{"@type":"EntryPoint","urlTemplate":"https:\/\/comixburo.com\/?s={search_term_string}"},"query-input":{"@type":"PropertyValueSpecification","valueRequired":true,"valueName":"search_term_string"}}],"inLanguage":"en-GB"},{"@type":"Organization","@id":"https:\/\/comixburo.com\/#organization","name":"comixburo.com","url":"https:\/\/comixburo.com\/","logo":{"@type":"ImageObject","inLanguage":"en-GB","@id":"https:\/\/comixburo.com\/#\/schema\/logo\/image\/","url":"https:\/\/comixburo.com\/wp-content\/uploads\/2025\/04\/logo-cxb-ROND.webp","contentUrl":"https:\/\/comixburo.com\/wp-content\/uploads\/2025\/04\/logo-cxb-ROND.webp","width":200,"height":200,"caption":"comixburo.com"},"image":{"@id":"https:\/\/comixburo.com\/#\/schema\/logo\/image\/"},"sameAs":["https:\/\/www.facebook.com\/comixburo","https:\/\/www.instagram.com\/comixburo\/"]}]}},"jetpack_sharing_enabled":true,"_links":{"self":[{"href":"https:\/\/comixburo.com\/en\/wp-json\/wp\/v2\/product\/18845","targetHints":{"allow":["GET"]}}],"collection":[{"href":"https:\/\/comixburo.com\/en\/wp-json\/wp\/v2\/product"}],"about":[{"href":"https:\/\/comixburo.com\/en\/wp-json\/wp\/v2\/types\/product"}],"replies":[{"embeddable":true,"href":"https:\/\/comixburo.com\/en\/wp-json\/wp\/v2\/comments?post=18845"}],"version-history":[{"count":6,"href":"https:\/\/comixburo.com\/en\/wp-json\/wp\/v2\/product\/18845\/revisions"}],"predecessor-version":[{"id":20010,"href":"https:\/\/comixburo.com\/en\/wp-json\/wp\/v2\/product\/18845\/revisions\/20010"}],"wp:featuredmedia":[{"embeddable":true,"href":"https:\/\/comixburo.com\/en\/wp-json\/wp\/v2\/media\/19067"}],"wp:attachment":[{"href":"https:\/\/comixburo.com\/en\/wp-json\/wp\/v2\/media?parent=18845"}],"wp:term":[{"taxonomy":"product_brand","embeddable":true,"href":"https:\/\/comixburo.com\/en\/wp-json\/wp\/v2\/product_brand?post=18845"},{"taxonomy":"product_cat","embeddable":true,"href":"https:\/\/comixburo.com\/en\/wp-json\/wp\/v2\/product_cat?post=18845"},{"taxonomy":"product_tag","embeddable":true,"href":"https:\/\/comixburo.com\/en\/wp-json\/wp\/v2\/product_tag?post=18845"}],"curies":[{"name":"wp","href":"https:\/\/api.w.org\/{rel}","templated":true}]}}