{"id":18850,"date":"2025-03-28T17:10:08","date_gmt":"2025-03-28T16:10:08","guid":{"rendered":"https:\/\/comixburo.com\/?post_type=product&#038;p=18850"},"modified":"2025-04-30T21:10:15","modified_gmt":"2025-04-30T19:10:15","slug":"marie-monochrome-blanche","status":"publish","type":"product","link":"https:\/\/comixburo.com\/en\/product\/marie-monochrome-blanche\/","title":{"rendered":"Marie \u2013 Monochrome blanche-Une nuit \u00e0 Rome \u2013 Jim"},"content":{"rendered":"<h3><strong>Statuette de collection Marie \u2013 Une nuit \u00e0 Rome \u2013 Jim<\/strong><\/h3>\n<p><strong>Statue en r\u00e9sine monochrome de Marie<\/strong>, d\u2019apr\u00e8s la s\u00e9rie BD\u00a0<em>Une nuit \u00e0 Rome\u00a0<\/em>de Jim.<\/p>\n<p>Statuette de collection num\u00e9rot\u00e9e et limit\u00e9e \u00e0 80 Exemplaires<br \/>\nLivr\u00e9e avec son certificat d\u2019authenticit\u00e9 num\u00e9rot\u00e9 et sign\u00e9e par l\u2019auteur.<br \/>\nSculpt\u00e9e en France et peinte \u00e0 la main.<br \/>\nTaille : 21,5 cm<br \/>\nGencod : 3700472005554<\/p>\n<p>R\u00e9f : C812 Marie une nuit \u00e0 Rome monochrome<\/p>\n<p>Allez d\u00e9couvrir plus d\u2019infos sur la figurine dans notre\u00a0<em><strong><a href=\"https:\/\/attakus.art\/2022\/05\/31\/marie-une-nuit-a-rome-figurine-attakus-jim\/\">note de blog<\/a><\/strong><\/em>\u00a0d\u00e9di\u00e9e<\/p>\n<p>***<br \/>\n<em>Une nuit \u00e0 Rome<\/em>,\u00a0la saga romantique culte en 4 tomes, cr\u00e9\u00e9e\u00a0par Jim<br \/>\n\u00c0 20 ans ils se sont fait le serment d\u2019\u00eatre r\u00e9unis pour leurs 40 ans\u2026<br \/>\nComme tous les gens heureux en couple, Rapha\u00ebl aurait pu avoir une vie sans histoire. Mais deux jours avant son quaranti\u00e8me anniversaire, il re\u00e7oit une vieille VHS accompagn\u00e9e d\u2019un simple num\u00e9ro de t\u00e9l\u00e9phone. Sur l\u2019image, il reconna\u00eet Marie.<br \/>\nElle a vingt ans et ils sont n\u00e9s le m\u00eame jour. C\u2019est le film d\u2019un serment, leur serment. Celui de se retrouver \u00e0 Rome la nuit de leurs 40 ans\u2026 Bien s\u00fbr, ce serait vraiment pu\u00e9ril de tout plaquer pour la retrouver deux jours plus tard en Italie. Ce serait tellement stupide et immature. Tellement\u2026<\/p>\n<p><em>\u00a9 Bamboo\/Jim. ATTAKUS<\/em><\/p>","protected":false},"excerpt":{"rendered":"<p style=\"text-align: left;\">D\u00e9couvrez l\u2019h\u00e9ro\u00efne d\u2019<strong>Une nuit \u00e0 Rome<\/strong>\u00a0!<\/p>","protected":false},"featured_media":18851,"comment_status":"open","ping_status":"closed","template":"","meta":[],"product_brand":[109,108],"product_cat":[111,106,93],"product_tag":[],"class_list":{"0":"post-18850","1":"product","2":"type-product","3":"status-publish","4":"has-post-thumbnail","6":"product_brand-attakus","7":"product_brand-comix-buro","8":"product_cat-attakus","9":"product_cat-statues","10":"product_cat-tous","12":"first","13":"instock","14":"taxable","15":"shipping-taxable","16":"purchasable","17":"product-type-simple"},"yoast_head":"<!-- This site is optimized with the Yoast SEO plugin v26.9 - https:\/\/yoast.com\/product\/yoast-seo-wordpress\/ -->\n<title>Marie \u2013 Monochrome blanche-Une nuit \u00e0 Rome \u2013 Jim - comixburo.com<\/title>\n<meta name=\"description\" content=\"Statuette de Marie une nuit \u00e0 Rome monochrome blanche, num\u00e9rot\u00e9e et limit\u00e9e. Livr\u00e9e avec son certificat d\u2019authenticit\u00e9 sign\u00e9 par Jim !\" \/>\n<meta name=\"robots\" content=\"index, follow, max-snippet:-1, max-image-preview:large, max-video-preview:-1\" \/>\n<link rel=\"canonical\" href=\"https:\/\/comixburo.com\/en\/product\/marie-monochrome-blanche\/\" \/>\n<meta property=\"og:locale\" content=\"en_GB\" \/>\n<meta property=\"og:type\" content=\"article\" \/>\n<meta property=\"og:title\" content=\"Marie \u2013 Monochrome blanche-Une nuit \u00e0 Rome \u2013 Jim - comixburo.com\" \/>\n<meta property=\"og:description\" content=\"Statuette de Marie une nuit \u00e0 Rome monochrome blanche, num\u00e9rot\u00e9e et limit\u00e9e. Livr\u00e9e avec son certificat d\u2019authenticit\u00e9 sign\u00e9 par Jim !\" \/>\n<meta property=\"og:url\" content=\"https:\/\/comixburo.com\/en\/product\/marie-monochrome-blanche\/\" \/>\n<meta property=\"og:site_name\" content=\"comixburo.com\" \/>\n<meta property=\"article:publisher\" content=\"https:\/\/www.facebook.com\/comixburo\" \/>\n<meta property=\"article:modified_time\" content=\"2025-04-30T19:10:15+00:00\" \/>\n<meta property=\"og:image\" content=\"https:\/\/comixburo.com\/wp-content\/uploads\/2025\/03\/c812-marie-monochrome-jim-attakus-face.webp\" \/>\n\t<meta property=\"og:image:width\" content=\"674\" \/>\n\t<meta property=\"og:image:height\" content=\"1000\" \/>\n\t<meta property=\"og:image:type\" content=\"image\/webp\" \/>\n<meta name=\"twitter:card\" content=\"summary_large_image\" \/>\n<meta name=\"twitter:label1\" content=\"Estimated reading time\" \/>\n\t<meta name=\"twitter:data1\" content=\"2 minutes\" \/>\n<script type=\"application\/ld+json\" class=\"yoast-schema-graph\">{\"@context\":\"https:\/\/schema.org\",\"@graph\":[{\"@type\":\"WebPage\",\"@id\":\"https:\/\/comixburo.com\/produit\/marie-monochrome-blanche\/\",\"url\":\"https:\/\/comixburo.com\/produit\/marie-monochrome-blanche\/\",\"name\":\"Marie \u2013 Monochrome blanche-Une nuit \u00e0 Rome \u2013 Jim - comixburo.com\",\"isPartOf\":{\"@id\":\"https:\/\/comixburo.com\/#website\"},\"primaryImageOfPage\":{\"@id\":\"https:\/\/comixburo.com\/produit\/marie-monochrome-blanche\/#primaryimage\"},\"image\":{\"@id\":\"https:\/\/comixburo.com\/produit\/marie-monochrome-blanche\/#primaryimage\"},\"thumbnailUrl\":\"https:\/\/comixburo.com\/wp-content\/uploads\/2025\/03\/c812-marie-monochrome-jim-attakus-face.webp\",\"datePublished\":\"2025-03-28T16:10:08+00:00\",\"dateModified\":\"2025-04-30T19:10:15+00:00\",\"description\":\"Statuette de Marie une nuit \u00e0 Rome monochrome blanche, num\u00e9rot\u00e9e et limit\u00e9e. Livr\u00e9e avec son certificat d\u2019authenticit\u00e9 sign\u00e9 par Jim !\",\"breadcrumb\":{\"@id\":\"https:\/\/comixburo.com\/produit\/marie-monochrome-blanche\/#breadcrumb\"},\"inLanguage\":\"en-GB\",\"potentialAction\":[{\"@type\":\"ReadAction\",\"target\":[\"https:\/\/comixburo.com\/produit\/marie-monochrome-blanche\/\"]}]},{\"@type\":\"ImageObject\",\"inLanguage\":\"en-GB\",\"@id\":\"https:\/\/comixburo.com\/produit\/marie-monochrome-blanche\/#primaryimage\",\"url\":\"https:\/\/comixburo.com\/wp-content\/uploads\/2025\/03\/c812-marie-monochrome-jim-attakus-face.webp\",\"contentUrl\":\"https:\/\/comixburo.com\/wp-content\/uploads\/2025\/03\/c812-marie-monochrome-jim-attakus-face.webp\",\"width\":674,\"height\":1000},{\"@type\":\"BreadcrumbList\",\"@id\":\"https:\/\/comixburo.com\/produit\/marie-monochrome-blanche\/#breadcrumb\",\"itemListElement\":[{\"@type\":\"ListItem\",\"position\":1,\"name\":\"Home\",\"item\":\"https:\/\/comixburo.com\/\"},{\"@type\":\"ListItem\",\"position\":2,\"name\":\"La boutique Comix Buro\",\"item\":\"https:\/\/comixburo.com\/la-boutique-comix-buro\/\"},{\"@type\":\"ListItem\",\"position\":3,\"name\":\"Marie \u2013 Monochrome blanche-Une nuit \u00e0 Rome \u2013 Jim\"}]},{\"@type\":\"WebSite\",\"@id\":\"https:\/\/comixburo.com\/#website\",\"url\":\"https:\/\/comixburo.com\/\",\"name\":\"comixburo.com\",\"description\":\"Cr\u00e9ateur de projets : Sketchbook d&#039;artistes !\",\"publisher\":{\"@id\":\"https:\/\/comixburo.com\/#organization\"},\"alternateName\":\"Comix Buro\",\"potentialAction\":[{\"@type\":\"SearchAction\",\"target\":{\"@type\":\"EntryPoint\",\"urlTemplate\":\"https:\/\/comixburo.com\/?s={search_term_string}\"},\"query-input\":{\"@type\":\"PropertyValueSpecification\",\"valueRequired\":true,\"valueName\":\"search_term_string\"}}],\"inLanguage\":\"en-GB\"},{\"@type\":\"Organization\",\"@id\":\"https:\/\/comixburo.com\/#organization\",\"name\":\"comixburo.com\",\"url\":\"https:\/\/comixburo.com\/\",\"logo\":{\"@type\":\"ImageObject\",\"inLanguage\":\"en-GB\",\"@id\":\"https:\/\/comixburo.com\/#\/schema\/logo\/image\/\",\"url\":\"https:\/\/comixburo.com\/wp-content\/uploads\/2025\/04\/logo-cxb-ROND.webp\",\"contentUrl\":\"https:\/\/comixburo.com\/wp-content\/uploads\/2025\/04\/logo-cxb-ROND.webp\",\"width\":200,\"height\":200,\"caption\":\"comixburo.com\"},\"image\":{\"@id\":\"https:\/\/comixburo.com\/#\/schema\/logo\/image\/\"},\"sameAs\":[\"https:\/\/www.facebook.com\/comixburo\",\"https:\/\/www.instagram.com\/comixburo\/\"]}]}<\/script>\n<!-- \/ Yoast SEO plugin. -->","yoast_head_json":{"title":"Marie \u2013 Monochrome blanche-Une nuit \u00e0 Rome \u2013 Jim - comixburo.com","description":"Statuette de Marie une nuit \u00e0 Rome monochrome blanche, num\u00e9rot\u00e9e et limit\u00e9e. Livr\u00e9e avec son certificat d\u2019authenticit\u00e9 sign\u00e9 par Jim !","robots":{"index":"index","follow":"follow","max-snippet":"max-snippet:-1","max-image-preview":"max-image-preview:large","max-video-preview":"max-video-preview:-1"},"canonical":"https:\/\/comixburo.com\/en\/product\/marie-monochrome-blanche\/","og_locale":"en_GB","og_type":"article","og_title":"Marie \u2013 Monochrome blanche-Une nuit \u00e0 Rome \u2013 Jim - comixburo.com","og_description":"Statuette de Marie une nuit \u00e0 Rome monochrome blanche, num\u00e9rot\u00e9e et limit\u00e9e. Livr\u00e9e avec son certificat d\u2019authenticit\u00e9 sign\u00e9 par Jim !","og_url":"https:\/\/comixburo.com\/en\/product\/marie-monochrome-blanche\/","og_site_name":"comixburo.com","article_publisher":"https:\/\/www.facebook.com\/comixburo","article_modified_time":"2025-04-30T19:10:15+00:00","og_image":[{"width":674,"height":1000,"url":"https:\/\/comixburo.com\/wp-content\/uploads\/2025\/03\/c812-marie-monochrome-jim-attakus-face.webp","type":"image\/webp"}],"twitter_card":"summary_large_image","twitter_misc":{"Estimated reading time":"2 minutes"},"schema":{"@context":"https:\/\/schema.org","@graph":[{"@type":"WebPage","@id":"https:\/\/comixburo.com\/produit\/marie-monochrome-blanche\/","url":"https:\/\/comixburo.com\/produit\/marie-monochrome-blanche\/","name":"Marie \u2013 Monochrome blanche-Une nuit \u00e0 Rome \u2013 Jim - comixburo.com","isPartOf":{"@id":"https:\/\/comixburo.com\/#website"},"primaryImageOfPage":{"@id":"https:\/\/comixburo.com\/produit\/marie-monochrome-blanche\/#primaryimage"},"image":{"@id":"https:\/\/comixburo.com\/produit\/marie-monochrome-blanche\/#primaryimage"},"thumbnailUrl":"https:\/\/comixburo.com\/wp-content\/uploads\/2025\/03\/c812-marie-monochrome-jim-attakus-face.webp","datePublished":"2025-03-28T16:10:08+00:00","dateModified":"2025-04-30T19:10:15+00:00","description":"Statuette de Marie une nuit \u00e0 Rome monochrome blanche, num\u00e9rot\u00e9e et limit\u00e9e. Livr\u00e9e avec son certificat d\u2019authenticit\u00e9 sign\u00e9 par Jim !","breadcrumb":{"@id":"https:\/\/comixburo.com\/produit\/marie-monochrome-blanche\/#breadcrumb"},"inLanguage":"en-GB","potentialAction":[{"@type":"ReadAction","target":["https:\/\/comixburo.com\/produit\/marie-monochrome-blanche\/"]}]},{"@type":"ImageObject","inLanguage":"en-GB","@id":"https:\/\/comixburo.com\/produit\/marie-monochrome-blanche\/#primaryimage","url":"https:\/\/comixburo.com\/wp-content\/uploads\/2025\/03\/c812-marie-monochrome-jim-attakus-face.webp","contentUrl":"https:\/\/comixburo.com\/wp-content\/uploads\/2025\/03\/c812-marie-monochrome-jim-attakus-face.webp","width":674,"height":1000},{"@type":"BreadcrumbList","@id":"https:\/\/comixburo.com\/produit\/marie-monochrome-blanche\/#breadcrumb","itemListElement":[{"@type":"ListItem","position":1,"name":"Home","item":"https:\/\/comixburo.com\/"},{"@type":"ListItem","position":2,"name":"La boutique Comix Buro","item":"https:\/\/comixburo.com\/la-boutique-comix-buro\/"},{"@type":"ListItem","position":3,"name":"Marie \u2013 Monochrome blanche-Une nuit \u00e0 Rome \u2013 Jim"}]},{"@type":"WebSite","@id":"https:\/\/comixburo.com\/#website","url":"https:\/\/comixburo.com\/","name":"comixburo.com","description":"Cr\u00e9ateur de projets : Sketchbook d&#039;artistes !","publisher":{"@id":"https:\/\/comixburo.com\/#organization"},"alternateName":"Comix Buro","potentialAction":[{"@type":"SearchAction","target":{"@type":"EntryPoint","urlTemplate":"https:\/\/comixburo.com\/?s={search_term_string}"},"query-input":{"@type":"PropertyValueSpecification","valueRequired":true,"valueName":"search_term_string"}}],"inLanguage":"en-GB"},{"@type":"Organization","@id":"https:\/\/comixburo.com\/#organization","name":"comixburo.com","url":"https:\/\/comixburo.com\/","logo":{"@type":"ImageObject","inLanguage":"en-GB","@id":"https:\/\/comixburo.com\/#\/schema\/logo\/image\/","url":"https:\/\/comixburo.com\/wp-content\/uploads\/2025\/04\/logo-cxb-ROND.webp","contentUrl":"https:\/\/comixburo.com\/wp-content\/uploads\/2025\/04\/logo-cxb-ROND.webp","width":200,"height":200,"caption":"comixburo.com"},"image":{"@id":"https:\/\/comixburo.com\/#\/schema\/logo\/image\/"},"sameAs":["https:\/\/www.facebook.com\/comixburo","https:\/\/www.instagram.com\/comixburo\/"]}]}},"jetpack_sharing_enabled":true,"_links":{"self":[{"href":"https:\/\/comixburo.com\/en\/wp-json\/wp\/v2\/product\/18850","targetHints":{"allow":["GET"]}}],"collection":[{"href":"https:\/\/comixburo.com\/en\/wp-json\/wp\/v2\/product"}],"about":[{"href":"https:\/\/comixburo.com\/en\/wp-json\/wp\/v2\/types\/product"}],"replies":[{"embeddable":true,"href":"https:\/\/comixburo.com\/en\/wp-json\/wp\/v2\/comments?post=18850"}],"version-history":[{"count":2,"href":"https:\/\/comixburo.com\/en\/wp-json\/wp\/v2\/product\/18850\/revisions"}],"predecessor-version":[{"id":20008,"href":"https:\/\/comixburo.com\/en\/wp-json\/wp\/v2\/product\/18850\/revisions\/20008"}],"wp:featuredmedia":[{"embeddable":true,"href":"https:\/\/comixburo.com\/en\/wp-json\/wp\/v2\/media\/18851"}],"wp:attachment":[{"href":"https:\/\/comixburo.com\/en\/wp-json\/wp\/v2\/media?parent=18850"}],"wp:term":[{"taxonomy":"product_brand","embeddable":true,"href":"https:\/\/comixburo.com\/en\/wp-json\/wp\/v2\/product_brand?post=18850"},{"taxonomy":"product_cat","embeddable":true,"href":"https:\/\/comixburo.com\/en\/wp-json\/wp\/v2\/product_cat?post=18850"},{"taxonomy":"product_tag","embeddable":true,"href":"https:\/\/comixburo.com\/en\/wp-json\/wp\/v2\/product_tag?post=18850"}],"curies":[{"name":"wp","href":"https:\/\/api.w.org\/{rel}","templated":true}]}}