{"id":18857,"date":"2025-03-28T17:22:14","date_gmt":"2025-03-28T16:22:14","guid":{"rendered":"https:\/\/comixburo.com\/?post_type=product&#038;p=18857"},"modified":"2025-04-30T21:06:58","modified_gmt":"2025-04-30T19:06:58","slug":"tao-bang","status":"publish","type":"product","link":"https:\/\/comixburo.com\/en\/product\/tao-bang\/","title":{"rendered":"Tao Bang Didier Cassegrain"},"content":{"rendered":"<h3><strong>Statuette de collection Tao Bang de Didier Cassegrain<\/strong><\/h3>\n<p>Statuette de collection num\u00e9rot\u00e9e et limit\u00e9e \u00e0 555 exemplaires<br \/>\nLivr\u00e9e avec son certificat d\u2019authenticit\u00e9 num\u00e9rot\u00e9<br \/>\nSculpt\u00e9e en France et peinte \u00e0 la main.<br \/>\nTaille : 33 cm<br \/>\nGencod : 3700472001358<\/p>\n<p>***<br \/>\nAttakus met une fois de plus en avant les personnages f\u00e9minins de ses auteurs f\u00e9tiches avec cette statuette inspir\u00e9e de la s\u00e9rie Tao Bang.<br \/>\n\u00ab\u00a0Les affaires d\u2019Ellora, patronne du plus vieux bordel de Port Xarnath, sont en chute libre depuis l\u2019ouverture du Septi\u00e8me Cercle. Elle d\u00e9cide de contre-attaquer\u2026 M\u00e9fiez-vous, car m\u00eame sans \u00eatre accompagn\u00e9e par ses s\u0153urs, elle est bien arm\u00e9e !\u00a0\u00bb<br \/>\nS\u00e9rie BD d\u2019heroic fantasy en 2 tomes, sc\u00e9naris\u00e9e par Daniel Pecqueur et dessin\u00e9e par Didier Cassegrain.<\/p>","protected":false},"excerpt":{"rendered":"<p style=\"text-align: left;\">Plongez dans l\u2019univers de la s\u00e9rie BD<em><strong>\u00a0Tao Bang<\/strong><\/em>\u00a0et d\u00e9couvrez cette statue de l\u2019h\u00e9ro\u00efne de la saga !<\/p>","protected":false},"featured_media":18858,"comment_status":"open","ping_status":"closed","template":"","meta":[],"product_brand":[109,108],"product_cat":[111,106,93],"product_tag":[],"class_list":{"0":"post-18857","1":"product","2":"type-product","3":"status-publish","4":"has-post-thumbnail","6":"product_brand-attakus","7":"product_brand-comix-buro","8":"product_cat-attakus","9":"product_cat-statues","10":"product_cat-tous","12":"first","13":"instock","14":"taxable","15":"shipping-taxable","16":"purchasable","17":"product-type-simple"},"yoast_head":"<!-- This site is optimized with the Yoast SEO plugin v26.9 - https:\/\/yoast.com\/product\/yoast-seo-wordpress\/ -->\n<title>Tao Bang Didier Cassegrain - comixburo.com<\/title>\n<meta name=\"description\" content=\"figurine de collection Tao Bang, livr\u00e9e avec son certificat d\u2019authenticit\u00e9 num\u00e9rot\u00e9. Auteur: Didier Cassegrain. Taille : 33 cm\" \/>\n<meta name=\"robots\" content=\"index, follow, max-snippet:-1, max-image-preview:large, max-video-preview:-1\" \/>\n<link rel=\"canonical\" href=\"https:\/\/comixburo.com\/en\/product\/tao-bang\/\" \/>\n<meta property=\"og:locale\" content=\"en_GB\" \/>\n<meta property=\"og:type\" content=\"article\" \/>\n<meta property=\"og:title\" content=\"Tao Bang Didier Cassegrain - comixburo.com\" \/>\n<meta property=\"og:description\" content=\"figurine de collection Tao Bang, livr\u00e9e avec son certificat d\u2019authenticit\u00e9 num\u00e9rot\u00e9. Auteur: Didier Cassegrain. Taille : 33 cm\" \/>\n<meta property=\"og:url\" content=\"https:\/\/comixburo.com\/en\/product\/tao-bang\/\" \/>\n<meta property=\"og:site_name\" content=\"comixburo.com\" \/>\n<meta property=\"article:publisher\" content=\"https:\/\/www.facebook.com\/comixburo\" \/>\n<meta property=\"article:modified_time\" content=\"2025-04-30T19:06:58+00:00\" \/>\n<meta property=\"og:image\" content=\"https:\/\/comixburo.com\/wp-content\/uploads\/2025\/03\/C765-tao-bang-cassegrain-attakus-face.webp\" \/>\n\t<meta property=\"og:image:width\" content=\"674\" \/>\n\t<meta property=\"og:image:height\" content=\"1000\" \/>\n\t<meta property=\"og:image:type\" content=\"image\/webp\" \/>\n<meta name=\"twitter:card\" content=\"summary_large_image\" \/>\n<meta name=\"twitter:label1\" content=\"Estimated reading time\" \/>\n\t<meta name=\"twitter:data1\" content=\"1 minute\" \/>\n<script type=\"application\/ld+json\" class=\"yoast-schema-graph\">{\"@context\":\"https:\/\/schema.org\",\"@graph\":[{\"@type\":\"WebPage\",\"@id\":\"https:\/\/comixburo.com\/produit\/tao-bang\/\",\"url\":\"https:\/\/comixburo.com\/produit\/tao-bang\/\",\"name\":\"Tao Bang Didier Cassegrain - comixburo.com\",\"isPartOf\":{\"@id\":\"https:\/\/comixburo.com\/#website\"},\"primaryImageOfPage\":{\"@id\":\"https:\/\/comixburo.com\/produit\/tao-bang\/#primaryimage\"},\"image\":{\"@id\":\"https:\/\/comixburo.com\/produit\/tao-bang\/#primaryimage\"},\"thumbnailUrl\":\"https:\/\/comixburo.com\/wp-content\/uploads\/2025\/03\/C765-tao-bang-cassegrain-attakus-face.webp\",\"datePublished\":\"2025-03-28T16:22:14+00:00\",\"dateModified\":\"2025-04-30T19:06:58+00:00\",\"description\":\"figurine de collection Tao Bang, livr\u00e9e avec son certificat d\u2019authenticit\u00e9 num\u00e9rot\u00e9. Auteur: Didier Cassegrain. Taille : 33 cm\",\"breadcrumb\":{\"@id\":\"https:\/\/comixburo.com\/produit\/tao-bang\/#breadcrumb\"},\"inLanguage\":\"en-GB\",\"potentialAction\":[{\"@type\":\"ReadAction\",\"target\":[\"https:\/\/comixburo.com\/produit\/tao-bang\/\"]}]},{\"@type\":\"ImageObject\",\"inLanguage\":\"en-GB\",\"@id\":\"https:\/\/comixburo.com\/produit\/tao-bang\/#primaryimage\",\"url\":\"https:\/\/comixburo.com\/wp-content\/uploads\/2025\/03\/C765-tao-bang-cassegrain-attakus-face.webp\",\"contentUrl\":\"https:\/\/comixburo.com\/wp-content\/uploads\/2025\/03\/C765-tao-bang-cassegrain-attakus-face.webp\",\"width\":674,\"height\":1000},{\"@type\":\"BreadcrumbList\",\"@id\":\"https:\/\/comixburo.com\/produit\/tao-bang\/#breadcrumb\",\"itemListElement\":[{\"@type\":\"ListItem\",\"position\":1,\"name\":\"Home\",\"item\":\"https:\/\/comixburo.com\/\"},{\"@type\":\"ListItem\",\"position\":2,\"name\":\"La boutique Comix Buro\",\"item\":\"https:\/\/comixburo.com\/la-boutique-comix-buro\/\"},{\"@type\":\"ListItem\",\"position\":3,\"name\":\"Tao Bang Didier Cassegrain\"}]},{\"@type\":\"WebSite\",\"@id\":\"https:\/\/comixburo.com\/#website\",\"url\":\"https:\/\/comixburo.com\/\",\"name\":\"comixburo.com\",\"description\":\"Cr\u00e9ateur de projets : Sketchbook d&#039;artistes !\",\"publisher\":{\"@id\":\"https:\/\/comixburo.com\/#organization\"},\"alternateName\":\"Comix Buro\",\"potentialAction\":[{\"@type\":\"SearchAction\",\"target\":{\"@type\":\"EntryPoint\",\"urlTemplate\":\"https:\/\/comixburo.com\/?s={search_term_string}\"},\"query-input\":{\"@type\":\"PropertyValueSpecification\",\"valueRequired\":true,\"valueName\":\"search_term_string\"}}],\"inLanguage\":\"en-GB\"},{\"@type\":\"Organization\",\"@id\":\"https:\/\/comixburo.com\/#organization\",\"name\":\"comixburo.com\",\"url\":\"https:\/\/comixburo.com\/\",\"logo\":{\"@type\":\"ImageObject\",\"inLanguage\":\"en-GB\",\"@id\":\"https:\/\/comixburo.com\/#\/schema\/logo\/image\/\",\"url\":\"https:\/\/comixburo.com\/wp-content\/uploads\/2025\/04\/logo-cxb-ROND.webp\",\"contentUrl\":\"https:\/\/comixburo.com\/wp-content\/uploads\/2025\/04\/logo-cxb-ROND.webp\",\"width\":200,\"height\":200,\"caption\":\"comixburo.com\"},\"image\":{\"@id\":\"https:\/\/comixburo.com\/#\/schema\/logo\/image\/\"},\"sameAs\":[\"https:\/\/www.facebook.com\/comixburo\",\"https:\/\/www.instagram.com\/comixburo\/\"]}]}<\/script>\n<!-- \/ Yoast SEO plugin. -->","yoast_head_json":{"title":"Tao Bang Didier Cassegrain - comixburo.com","description":"figurine de collection Tao Bang, livr\u00e9e avec son certificat d\u2019authenticit\u00e9 num\u00e9rot\u00e9. Auteur: Didier Cassegrain. Taille : 33 cm","robots":{"index":"index","follow":"follow","max-snippet":"max-snippet:-1","max-image-preview":"max-image-preview:large","max-video-preview":"max-video-preview:-1"},"canonical":"https:\/\/comixburo.com\/en\/product\/tao-bang\/","og_locale":"en_GB","og_type":"article","og_title":"Tao Bang Didier Cassegrain - comixburo.com","og_description":"figurine de collection Tao Bang, livr\u00e9e avec son certificat d\u2019authenticit\u00e9 num\u00e9rot\u00e9. Auteur: Didier Cassegrain. Taille : 33 cm","og_url":"https:\/\/comixburo.com\/en\/product\/tao-bang\/","og_site_name":"comixburo.com","article_publisher":"https:\/\/www.facebook.com\/comixburo","article_modified_time":"2025-04-30T19:06:58+00:00","og_image":[{"width":674,"height":1000,"url":"https:\/\/comixburo.com\/wp-content\/uploads\/2025\/03\/C765-tao-bang-cassegrain-attakus-face.webp","type":"image\/webp"}],"twitter_card":"summary_large_image","twitter_misc":{"Estimated reading time":"1 minute"},"schema":{"@context":"https:\/\/schema.org","@graph":[{"@type":"WebPage","@id":"https:\/\/comixburo.com\/produit\/tao-bang\/","url":"https:\/\/comixburo.com\/produit\/tao-bang\/","name":"Tao Bang Didier Cassegrain - comixburo.com","isPartOf":{"@id":"https:\/\/comixburo.com\/#website"},"primaryImageOfPage":{"@id":"https:\/\/comixburo.com\/produit\/tao-bang\/#primaryimage"},"image":{"@id":"https:\/\/comixburo.com\/produit\/tao-bang\/#primaryimage"},"thumbnailUrl":"https:\/\/comixburo.com\/wp-content\/uploads\/2025\/03\/C765-tao-bang-cassegrain-attakus-face.webp","datePublished":"2025-03-28T16:22:14+00:00","dateModified":"2025-04-30T19:06:58+00:00","description":"figurine de collection Tao Bang, livr\u00e9e avec son certificat d\u2019authenticit\u00e9 num\u00e9rot\u00e9. Auteur: Didier Cassegrain. Taille : 33 cm","breadcrumb":{"@id":"https:\/\/comixburo.com\/produit\/tao-bang\/#breadcrumb"},"inLanguage":"en-GB","potentialAction":[{"@type":"ReadAction","target":["https:\/\/comixburo.com\/produit\/tao-bang\/"]}]},{"@type":"ImageObject","inLanguage":"en-GB","@id":"https:\/\/comixburo.com\/produit\/tao-bang\/#primaryimage","url":"https:\/\/comixburo.com\/wp-content\/uploads\/2025\/03\/C765-tao-bang-cassegrain-attakus-face.webp","contentUrl":"https:\/\/comixburo.com\/wp-content\/uploads\/2025\/03\/C765-tao-bang-cassegrain-attakus-face.webp","width":674,"height":1000},{"@type":"BreadcrumbList","@id":"https:\/\/comixburo.com\/produit\/tao-bang\/#breadcrumb","itemListElement":[{"@type":"ListItem","position":1,"name":"Home","item":"https:\/\/comixburo.com\/"},{"@type":"ListItem","position":2,"name":"La boutique Comix Buro","item":"https:\/\/comixburo.com\/la-boutique-comix-buro\/"},{"@type":"ListItem","position":3,"name":"Tao Bang Didier Cassegrain"}]},{"@type":"WebSite","@id":"https:\/\/comixburo.com\/#website","url":"https:\/\/comixburo.com\/","name":"comixburo.com","description":"Cr\u00e9ateur de projets : Sketchbook d&#039;artistes !","publisher":{"@id":"https:\/\/comixburo.com\/#organization"},"alternateName":"Comix Buro","potentialAction":[{"@type":"SearchAction","target":{"@type":"EntryPoint","urlTemplate":"https:\/\/comixburo.com\/?s={search_term_string}"},"query-input":{"@type":"PropertyValueSpecification","valueRequired":true,"valueName":"search_term_string"}}],"inLanguage":"en-GB"},{"@type":"Organization","@id":"https:\/\/comixburo.com\/#organization","name":"comixburo.com","url":"https:\/\/comixburo.com\/","logo":{"@type":"ImageObject","inLanguage":"en-GB","@id":"https:\/\/comixburo.com\/#\/schema\/logo\/image\/","url":"https:\/\/comixburo.com\/wp-content\/uploads\/2025\/04\/logo-cxb-ROND.webp","contentUrl":"https:\/\/comixburo.com\/wp-content\/uploads\/2025\/04\/logo-cxb-ROND.webp","width":200,"height":200,"caption":"comixburo.com"},"image":{"@id":"https:\/\/comixburo.com\/#\/schema\/logo\/image\/"},"sameAs":["https:\/\/www.facebook.com\/comixburo","https:\/\/www.instagram.com\/comixburo\/"]}]}},"jetpack_sharing_enabled":true,"_links":{"self":[{"href":"https:\/\/comixburo.com\/en\/wp-json\/wp\/v2\/product\/18857","targetHints":{"allow":["GET"]}}],"collection":[{"href":"https:\/\/comixburo.com\/en\/wp-json\/wp\/v2\/product"}],"about":[{"href":"https:\/\/comixburo.com\/en\/wp-json\/wp\/v2\/types\/product"}],"replies":[{"embeddable":true,"href":"https:\/\/comixburo.com\/en\/wp-json\/wp\/v2\/comments?post=18857"}],"version-history":[{"count":2,"href":"https:\/\/comixburo.com\/en\/wp-json\/wp\/v2\/product\/18857\/revisions"}],"predecessor-version":[{"id":20005,"href":"https:\/\/comixburo.com\/en\/wp-json\/wp\/v2\/product\/18857\/revisions\/20005"}],"wp:featuredmedia":[{"embeddable":true,"href":"https:\/\/comixburo.com\/en\/wp-json\/wp\/v2\/media\/18858"}],"wp:attachment":[{"href":"https:\/\/comixburo.com\/en\/wp-json\/wp\/v2\/media?parent=18857"}],"wp:term":[{"taxonomy":"product_brand","embeddable":true,"href":"https:\/\/comixburo.com\/en\/wp-json\/wp\/v2\/product_brand?post=18857"},{"taxonomy":"product_cat","embeddable":true,"href":"https:\/\/comixburo.com\/en\/wp-json\/wp\/v2\/product_cat?post=18857"},{"taxonomy":"product_tag","embeddable":true,"href":"https:\/\/comixburo.com\/en\/wp-json\/wp\/v2\/product_tag?post=18857"}],"curies":[{"name":"wp","href":"https:\/\/api.w.org\/{rel}","templated":true}]}}