{"id":18877,"date":"2025-03-31T09:36:19","date_gmt":"2025-03-31T07:36:19","guid":{"rendered":"https:\/\/comixburo.com\/?post_type=product&#038;p=18877"},"modified":"2025-04-30T21:01:50","modified_gmt":"2025-04-30T19:01:50","slug":"manga-girl-saniya","status":"publish","type":"product","link":"https:\/\/comixburo.com\/en\/product\/manga-girl-saniya\/","title":{"rendered":"Manga Girl \u2013 Saniya Attakus"},"content":{"rendered":"<h3><strong>Statuette de collection Manga Girl \u2013 Saniya<\/strong><\/h3>\n<ul>\n<li>Statuette de collection num\u00e9rot\u00e9e et limit\u00e9e \u00e0\u00a0<strong>350<\/strong>\u00a0exemplaires<\/li>\n<li>Livr\u00e9e avec son certificat d\u2019authenticit\u00e9 Attakus<\/li>\n<li>Sculpt\u00e9e en France et peinte \u00e0 la main.<\/li>\n<li>Taille :\u00a0<strong>17<\/strong>\u00a0cm<\/li>\n<li>Gencod : 3700472000832<\/li>\n<\/ul>\n<p>***q<br \/>\nD\u2019autres Manga girls sont disponibles sur ce site :<br \/>\n\u2013 Ganguro (chevelure blanche)<br \/>\n\u2013 Kaoru (chevelure violette)<\/p>","protected":false},"excerpt":{"rendered":"<p style=\"text-align: left;\">D\u00e9couvrez les statues Attakus de la tr\u00e8s sexy collection\u00a0<strong>Manga Girls<\/strong>\u00a0!<\/p>","protected":false},"featured_media":18878,"comment_status":"open","ping_status":"closed","template":"","meta":[],"product_brand":[109,108],"product_cat":[111,106,93],"product_tag":[],"class_list":{"0":"post-18877","1":"product","2":"type-product","3":"status-publish","4":"has-post-thumbnail","6":"product_brand-attakus","7":"product_brand-comix-buro","8":"product_cat-attakus","9":"product_cat-statues","10":"product_cat-tous","12":"first","13":"instock","14":"taxable","15":"shipping-taxable","16":"purchasable","17":"product-type-simple"},"yoast_head":"<!-- This site is optimized with the Yoast SEO plugin v26.9 - https:\/\/yoast.com\/product\/yoast-seo-wordpress\/ -->\n<title>Manga Girl \u2013 Saniya Attakus - comixburo.com<\/title>\n<meta name=\"description\" content=\"Statuette Manga Girl - Saniya de collection chevelure rousse. Livr\u00e9e avec son certificat d&#039;authenticit\u00e9. Peinte \u00e0 la main\" \/>\n<meta name=\"robots\" content=\"index, follow, max-snippet:-1, max-image-preview:large, max-video-preview:-1\" \/>\n<link rel=\"canonical\" href=\"https:\/\/comixburo.com\/en\/product\/manga-girl-saniya\/\" \/>\n<meta property=\"og:locale\" content=\"en_GB\" \/>\n<meta property=\"og:type\" content=\"article\" \/>\n<meta property=\"og:title\" content=\"Manga Girl \u2013 Saniya Attakus - comixburo.com\" \/>\n<meta property=\"og:description\" content=\"Statuette Manga Girl - Saniya de collection chevelure rousse. Livr\u00e9e avec son certificat d&#039;authenticit\u00e9. Peinte \u00e0 la main\" \/>\n<meta property=\"og:url\" content=\"https:\/\/comixburo.com\/en\/product\/manga-girl-saniya\/\" \/>\n<meta property=\"og:site_name\" content=\"comixburo.com\" \/>\n<meta property=\"article:publisher\" content=\"https:\/\/www.facebook.com\/comixburo\" \/>\n<meta property=\"article:modified_time\" content=\"2025-04-30T19:01:50+00:00\" \/>\n<meta property=\"og:image\" content=\"https:\/\/comixburo.com\/wp-content\/uploads\/2025\/03\/C624-Saniya-attakus-face.webp\" \/>\n\t<meta property=\"og:image:width\" content=\"674\" \/>\n\t<meta property=\"og:image:height\" content=\"1000\" \/>\n\t<meta property=\"og:image:type\" content=\"image\/webp\" \/>\n<meta name=\"twitter:card\" content=\"summary_large_image\" \/>\n<meta name=\"twitter:label1\" content=\"Estimated reading time\" \/>\n\t<meta name=\"twitter:data1\" content=\"1 minute\" \/>\n<script type=\"application\/ld+json\" class=\"yoast-schema-graph\">{\"@context\":\"https:\/\/schema.org\",\"@graph\":[{\"@type\":\"WebPage\",\"@id\":\"https:\/\/comixburo.com\/produit\/manga-girl-saniya\/\",\"url\":\"https:\/\/comixburo.com\/produit\/manga-girl-saniya\/\",\"name\":\"Manga Girl \u2013 Saniya Attakus - comixburo.com\",\"isPartOf\":{\"@id\":\"https:\/\/comixburo.com\/#website\"},\"primaryImageOfPage\":{\"@id\":\"https:\/\/comixburo.com\/produit\/manga-girl-saniya\/#primaryimage\"},\"image\":{\"@id\":\"https:\/\/comixburo.com\/produit\/manga-girl-saniya\/#primaryimage\"},\"thumbnailUrl\":\"https:\/\/comixburo.com\/wp-content\/uploads\/2025\/03\/C624-Saniya-attakus-face.webp\",\"datePublished\":\"2025-03-31T07:36:19+00:00\",\"dateModified\":\"2025-04-30T19:01:50+00:00\",\"description\":\"Statuette Manga Girl - Saniya de collection chevelure rousse. Livr\u00e9e avec son certificat d'authenticit\u00e9. Peinte \u00e0 la main\",\"breadcrumb\":{\"@id\":\"https:\/\/comixburo.com\/produit\/manga-girl-saniya\/#breadcrumb\"},\"inLanguage\":\"en-GB\",\"potentialAction\":[{\"@type\":\"ReadAction\",\"target\":[\"https:\/\/comixburo.com\/produit\/manga-girl-saniya\/\"]}]},{\"@type\":\"ImageObject\",\"inLanguage\":\"en-GB\",\"@id\":\"https:\/\/comixburo.com\/produit\/manga-girl-saniya\/#primaryimage\",\"url\":\"https:\/\/comixburo.com\/wp-content\/uploads\/2025\/03\/C624-Saniya-attakus-face.webp\",\"contentUrl\":\"https:\/\/comixburo.com\/wp-content\/uploads\/2025\/03\/C624-Saniya-attakus-face.webp\",\"width\":674,\"height\":1000},{\"@type\":\"BreadcrumbList\",\"@id\":\"https:\/\/comixburo.com\/produit\/manga-girl-saniya\/#breadcrumb\",\"itemListElement\":[{\"@type\":\"ListItem\",\"position\":1,\"name\":\"Home\",\"item\":\"https:\/\/comixburo.com\/\"},{\"@type\":\"ListItem\",\"position\":2,\"name\":\"La boutique Comix Buro\",\"item\":\"https:\/\/comixburo.com\/la-boutique-comix-buro\/\"},{\"@type\":\"ListItem\",\"position\":3,\"name\":\"Manga Girl \u2013 Saniya Attakus\"}]},{\"@type\":\"WebSite\",\"@id\":\"https:\/\/comixburo.com\/#website\",\"url\":\"https:\/\/comixburo.com\/\",\"name\":\"comixburo.com\",\"description\":\"Cr\u00e9ateur de projets : Sketchbook d&#039;artistes !\",\"publisher\":{\"@id\":\"https:\/\/comixburo.com\/#organization\"},\"alternateName\":\"Comix Buro\",\"potentialAction\":[{\"@type\":\"SearchAction\",\"target\":{\"@type\":\"EntryPoint\",\"urlTemplate\":\"https:\/\/comixburo.com\/?s={search_term_string}\"},\"query-input\":{\"@type\":\"PropertyValueSpecification\",\"valueRequired\":true,\"valueName\":\"search_term_string\"}}],\"inLanguage\":\"en-GB\"},{\"@type\":\"Organization\",\"@id\":\"https:\/\/comixburo.com\/#organization\",\"name\":\"comixburo.com\",\"url\":\"https:\/\/comixburo.com\/\",\"logo\":{\"@type\":\"ImageObject\",\"inLanguage\":\"en-GB\",\"@id\":\"https:\/\/comixburo.com\/#\/schema\/logo\/image\/\",\"url\":\"https:\/\/comixburo.com\/wp-content\/uploads\/2025\/04\/logo-cxb-ROND.webp\",\"contentUrl\":\"https:\/\/comixburo.com\/wp-content\/uploads\/2025\/04\/logo-cxb-ROND.webp\",\"width\":200,\"height\":200,\"caption\":\"comixburo.com\"},\"image\":{\"@id\":\"https:\/\/comixburo.com\/#\/schema\/logo\/image\/\"},\"sameAs\":[\"https:\/\/www.facebook.com\/comixburo\",\"https:\/\/www.instagram.com\/comixburo\/\"]}]}<\/script>\n<!-- \/ Yoast SEO plugin. -->","yoast_head_json":{"title":"Manga Girl \u2013 Saniya Attakus - comixburo.com","description":"Statuette Manga Girl - Saniya de collection chevelure rousse. Livr\u00e9e avec son certificat d'authenticit\u00e9. Peinte \u00e0 la main","robots":{"index":"index","follow":"follow","max-snippet":"max-snippet:-1","max-image-preview":"max-image-preview:large","max-video-preview":"max-video-preview:-1"},"canonical":"https:\/\/comixburo.com\/en\/product\/manga-girl-saniya\/","og_locale":"en_GB","og_type":"article","og_title":"Manga Girl \u2013 Saniya Attakus - comixburo.com","og_description":"Statuette Manga Girl - Saniya de collection chevelure rousse. Livr\u00e9e avec son certificat d'authenticit\u00e9. Peinte \u00e0 la main","og_url":"https:\/\/comixburo.com\/en\/product\/manga-girl-saniya\/","og_site_name":"comixburo.com","article_publisher":"https:\/\/www.facebook.com\/comixburo","article_modified_time":"2025-04-30T19:01:50+00:00","og_image":[{"width":674,"height":1000,"url":"https:\/\/comixburo.com\/wp-content\/uploads\/2025\/03\/C624-Saniya-attakus-face.webp","type":"image\/webp"}],"twitter_card":"summary_large_image","twitter_misc":{"Estimated reading time":"1 minute"},"schema":{"@context":"https:\/\/schema.org","@graph":[{"@type":"WebPage","@id":"https:\/\/comixburo.com\/produit\/manga-girl-saniya\/","url":"https:\/\/comixburo.com\/produit\/manga-girl-saniya\/","name":"Manga Girl \u2013 Saniya Attakus - comixburo.com","isPartOf":{"@id":"https:\/\/comixburo.com\/#website"},"primaryImageOfPage":{"@id":"https:\/\/comixburo.com\/produit\/manga-girl-saniya\/#primaryimage"},"image":{"@id":"https:\/\/comixburo.com\/produit\/manga-girl-saniya\/#primaryimage"},"thumbnailUrl":"https:\/\/comixburo.com\/wp-content\/uploads\/2025\/03\/C624-Saniya-attakus-face.webp","datePublished":"2025-03-31T07:36:19+00:00","dateModified":"2025-04-30T19:01:50+00:00","description":"Statuette Manga Girl - Saniya de collection chevelure rousse. Livr\u00e9e avec son certificat d'authenticit\u00e9. Peinte \u00e0 la main","breadcrumb":{"@id":"https:\/\/comixburo.com\/produit\/manga-girl-saniya\/#breadcrumb"},"inLanguage":"en-GB","potentialAction":[{"@type":"ReadAction","target":["https:\/\/comixburo.com\/produit\/manga-girl-saniya\/"]}]},{"@type":"ImageObject","inLanguage":"en-GB","@id":"https:\/\/comixburo.com\/produit\/manga-girl-saniya\/#primaryimage","url":"https:\/\/comixburo.com\/wp-content\/uploads\/2025\/03\/C624-Saniya-attakus-face.webp","contentUrl":"https:\/\/comixburo.com\/wp-content\/uploads\/2025\/03\/C624-Saniya-attakus-face.webp","width":674,"height":1000},{"@type":"BreadcrumbList","@id":"https:\/\/comixburo.com\/produit\/manga-girl-saniya\/#breadcrumb","itemListElement":[{"@type":"ListItem","position":1,"name":"Home","item":"https:\/\/comixburo.com\/"},{"@type":"ListItem","position":2,"name":"La boutique Comix Buro","item":"https:\/\/comixburo.com\/la-boutique-comix-buro\/"},{"@type":"ListItem","position":3,"name":"Manga Girl \u2013 Saniya Attakus"}]},{"@type":"WebSite","@id":"https:\/\/comixburo.com\/#website","url":"https:\/\/comixburo.com\/","name":"comixburo.com","description":"Cr\u00e9ateur de projets : Sketchbook d&#039;artistes !","publisher":{"@id":"https:\/\/comixburo.com\/#organization"},"alternateName":"Comix Buro","potentialAction":[{"@type":"SearchAction","target":{"@type":"EntryPoint","urlTemplate":"https:\/\/comixburo.com\/?s={search_term_string}"},"query-input":{"@type":"PropertyValueSpecification","valueRequired":true,"valueName":"search_term_string"}}],"inLanguage":"en-GB"},{"@type":"Organization","@id":"https:\/\/comixburo.com\/#organization","name":"comixburo.com","url":"https:\/\/comixburo.com\/","logo":{"@type":"ImageObject","inLanguage":"en-GB","@id":"https:\/\/comixburo.com\/#\/schema\/logo\/image\/","url":"https:\/\/comixburo.com\/wp-content\/uploads\/2025\/04\/logo-cxb-ROND.webp","contentUrl":"https:\/\/comixburo.com\/wp-content\/uploads\/2025\/04\/logo-cxb-ROND.webp","width":200,"height":200,"caption":"comixburo.com"},"image":{"@id":"https:\/\/comixburo.com\/#\/schema\/logo\/image\/"},"sameAs":["https:\/\/www.facebook.com\/comixburo","https:\/\/www.instagram.com\/comixburo\/"]}]}},"jetpack_sharing_enabled":true,"_links":{"self":[{"href":"https:\/\/comixburo.com\/en\/wp-json\/wp\/v2\/product\/18877","targetHints":{"allow":["GET"]}}],"collection":[{"href":"https:\/\/comixburo.com\/en\/wp-json\/wp\/v2\/product"}],"about":[{"href":"https:\/\/comixburo.com\/en\/wp-json\/wp\/v2\/types\/product"}],"replies":[{"embeddable":true,"href":"https:\/\/comixburo.com\/en\/wp-json\/wp\/v2\/comments?post=18877"}],"version-history":[{"count":2,"href":"https:\/\/comixburo.com\/en\/wp-json\/wp\/v2\/product\/18877\/revisions"}],"predecessor-version":[{"id":20000,"href":"https:\/\/comixburo.com\/en\/wp-json\/wp\/v2\/product\/18877\/revisions\/20000"}],"wp:featuredmedia":[{"embeddable":true,"href":"https:\/\/comixburo.com\/en\/wp-json\/wp\/v2\/media\/18878"}],"wp:attachment":[{"href":"https:\/\/comixburo.com\/en\/wp-json\/wp\/v2\/media?parent=18877"}],"wp:term":[{"taxonomy":"product_brand","embeddable":true,"href":"https:\/\/comixburo.com\/en\/wp-json\/wp\/v2\/product_brand?post=18877"},{"taxonomy":"product_cat","embeddable":true,"href":"https:\/\/comixburo.com\/en\/wp-json\/wp\/v2\/product_cat?post=18877"},{"taxonomy":"product_tag","embeddable":true,"href":"https:\/\/comixburo.com\/en\/wp-json\/wp\/v2\/product_tag?post=18877"}],"curies":[{"name":"wp","href":"https:\/\/api.w.org\/{rel}","templated":true}]}}