{"id":18901,"date":"2025-03-31T10:17:06","date_gmt":"2025-03-31T08:17:06","guid":{"rendered":"https:\/\/comixburo.com\/?post_type=product&#038;p=18901"},"modified":"2025-04-30T20:58:57","modified_gmt":"2025-04-30T18:58:57","slug":"buste-atalante-marbre-crisse","status":"publish","type":"product","link":"https:\/\/comixburo.com\/en\/product\/buste-atalante-marbre-crisse\/","title":{"rendered":"Buste Atalante \u00ab Marbre \u00bb Didier crisse"},"content":{"rendered":"<h3><strong>Buste de collection Atalante \u00ab\u00a0Marbre\u00a0\u00bb \u2013 Didier Crisse<\/strong><\/h3>\n<p>R\u00e9f. : DC02<br \/>\nAuteur : Didier Crisse<br \/>\nLimit\u00e9e \u00e0 99 ex<br \/>\nTaille : 17 cm<br \/>\nMati\u00e8re : R\u00e9sine<\/p>\n<p>Attakus met une fois de plus en avant les personnages f\u00e9minins de ses auteurs f\u00e9tiches avec ce buste repr\u00e9sentant Atalante, fille du roi du P\u00e9lopon\u00e8se qui l\u2019a rejet\u00e9e. Les d\u00e9esses Art\u00e9mis, Aphrodite et H\u00e9cate la sauvent et lui font don de qualit\u00e9s physiques et morales qui lui seront bien utiles par la suite. En revanche, H\u00e9ra lui inflige une mal\u00e9diction\u2026<\/p>\n<p>La s\u00e9rie BD s\u2019inspire du mythe d\u2019Atalante, qui se distingue par ses performances physiques exceptionnelles et son refus du mariage.<br \/>\nAtalante est la s\u00e9rie la plus connue de Crisse. Cette s\u00e9rie d\u2019heroic fantasy comprend 10 albums et un hors-s\u00e9rie, Les Amis d\u2019Atalante.<\/p>\n<p>Ce m\u00eame buste d\u2019Atalante est aussi disponible en version couleur.<\/p>","protected":false},"excerpt":{"rendered":"<p style=\"text-align: left;\">Plongez dans l\u2019univers d\u2019Atalante avec ce buste version marbre d\u2019apr\u00e8s les dessins de Crisse.<\/p>","protected":false},"featured_media":18902,"comment_status":"open","ping_status":"closed","template":"","meta":[],"product_brand":[109,108],"product_cat":[111,106,93],"product_tag":[],"class_list":{"0":"post-18901","1":"product","2":"type-product","3":"status-publish","4":"has-post-thumbnail","6":"product_brand-attakus","7":"product_brand-comix-buro","8":"product_cat-attakus","9":"product_cat-statues","10":"product_cat-tous","12":"first","13":"instock","14":"taxable","15":"shipping-taxable","16":"purchasable","17":"product-type-simple"},"yoast_head":"<!-- This site is optimized with the Yoast SEO plugin v26.9 - https:\/\/yoast.com\/product\/yoast-seo-wordpress\/ -->\n<title>Buste Atalante \u00ab Marbre \u00bb Didier crisse - comixburo.com<\/title>\n<meta name=\"description\" content=\"Buste Atalante \u00ab Marbre \u00bb Didier crisse. Issue de la bande dessin\u00e9e ATALANTE. BD culte \u00e0 lire absulument, c&#039;est d\u00e9j\u00e0 un classique.\" \/>\n<meta name=\"robots\" content=\"index, follow, max-snippet:-1, max-image-preview:large, max-video-preview:-1\" \/>\n<link rel=\"canonical\" href=\"https:\/\/comixburo.com\/en\/product\/buste-atalante-marbre-crisse\/\" \/>\n<meta property=\"og:locale\" content=\"en_GB\" \/>\n<meta property=\"og:type\" content=\"article\" \/>\n<meta property=\"og:title\" content=\"Buste Atalante \u00ab Marbre \u00bb Didier crisse - comixburo.com\" \/>\n<meta property=\"og:description\" content=\"Buste Atalante \u00ab Marbre \u00bb Didier crisse. Issue de la bande dessin\u00e9e ATALANTE. BD culte \u00e0 lire absulument, c&#039;est d\u00e9j\u00e0 un classique.\" \/>\n<meta property=\"og:url\" content=\"https:\/\/comixburo.com\/en\/product\/buste-atalante-marbre-crisse\/\" \/>\n<meta property=\"og:site_name\" content=\"comixburo.com\" \/>\n<meta property=\"article:publisher\" content=\"https:\/\/www.facebook.com\/comixburo\" \/>\n<meta property=\"article:modified_time\" content=\"2025-04-30T18:58:57+00:00\" \/>\n<meta property=\"og:image\" content=\"https:\/\/comixburo.com\/wp-content\/uploads\/2025\/03\/DC02-atalante-marbre-crisse-attakus-face.webp\" \/>\n\t<meta property=\"og:image:width\" content=\"674\" \/>\n\t<meta property=\"og:image:height\" content=\"1000\" \/>\n\t<meta property=\"og:image:type\" content=\"image\/webp\" \/>\n<meta name=\"twitter:card\" content=\"summary_large_image\" \/>\n<meta name=\"twitter:label1\" content=\"Estimated reading time\" \/>\n\t<meta name=\"twitter:data1\" content=\"1 minute\" \/>\n<script type=\"application\/ld+json\" class=\"yoast-schema-graph\">{\"@context\":\"https:\/\/schema.org\",\"@graph\":[{\"@type\":\"WebPage\",\"@id\":\"https:\/\/comixburo.com\/produit\/buste-atalante-marbre-crisse\/\",\"url\":\"https:\/\/comixburo.com\/produit\/buste-atalante-marbre-crisse\/\",\"name\":\"Buste Atalante \u00ab Marbre \u00bb Didier crisse - comixburo.com\",\"isPartOf\":{\"@id\":\"https:\/\/comixburo.com\/#website\"},\"primaryImageOfPage\":{\"@id\":\"https:\/\/comixburo.com\/produit\/buste-atalante-marbre-crisse\/#primaryimage\"},\"image\":{\"@id\":\"https:\/\/comixburo.com\/produit\/buste-atalante-marbre-crisse\/#primaryimage\"},\"thumbnailUrl\":\"https:\/\/comixburo.com\/wp-content\/uploads\/2025\/03\/DC02-atalante-marbre-crisse-attakus-face.webp\",\"datePublished\":\"2025-03-31T08:17:06+00:00\",\"dateModified\":\"2025-04-30T18:58:57+00:00\",\"description\":\"Buste Atalante \u00ab Marbre \u00bb Didier crisse. Issue de la bande dessin\u00e9e ATALANTE. BD culte \u00e0 lire absulument, c'est d\u00e9j\u00e0 un classique.\",\"breadcrumb\":{\"@id\":\"https:\/\/comixburo.com\/produit\/buste-atalante-marbre-crisse\/#breadcrumb\"},\"inLanguage\":\"en-GB\",\"potentialAction\":[{\"@type\":\"ReadAction\",\"target\":[\"https:\/\/comixburo.com\/produit\/buste-atalante-marbre-crisse\/\"]}]},{\"@type\":\"ImageObject\",\"inLanguage\":\"en-GB\",\"@id\":\"https:\/\/comixburo.com\/produit\/buste-atalante-marbre-crisse\/#primaryimage\",\"url\":\"https:\/\/comixburo.com\/wp-content\/uploads\/2025\/03\/DC02-atalante-marbre-crisse-attakus-face.webp\",\"contentUrl\":\"https:\/\/comixburo.com\/wp-content\/uploads\/2025\/03\/DC02-atalante-marbre-crisse-attakus-face.webp\",\"width\":674,\"height\":1000},{\"@type\":\"BreadcrumbList\",\"@id\":\"https:\/\/comixburo.com\/produit\/buste-atalante-marbre-crisse\/#breadcrumb\",\"itemListElement\":[{\"@type\":\"ListItem\",\"position\":1,\"name\":\"Home\",\"item\":\"https:\/\/comixburo.com\/\"},{\"@type\":\"ListItem\",\"position\":2,\"name\":\"La boutique Comix Buro\",\"item\":\"https:\/\/comixburo.com\/la-boutique-comix-buro\/\"},{\"@type\":\"ListItem\",\"position\":3,\"name\":\"Buste Atalante \u00ab Marbre \u00bb Didier crisse\"}]},{\"@type\":\"WebSite\",\"@id\":\"https:\/\/comixburo.com\/#website\",\"url\":\"https:\/\/comixburo.com\/\",\"name\":\"comixburo.com\",\"description\":\"Cr\u00e9ateur de projets : Sketchbook d&#039;artistes !\",\"publisher\":{\"@id\":\"https:\/\/comixburo.com\/#organization\"},\"alternateName\":\"Comix Buro\",\"potentialAction\":[{\"@type\":\"SearchAction\",\"target\":{\"@type\":\"EntryPoint\",\"urlTemplate\":\"https:\/\/comixburo.com\/?s={search_term_string}\"},\"query-input\":{\"@type\":\"PropertyValueSpecification\",\"valueRequired\":true,\"valueName\":\"search_term_string\"}}],\"inLanguage\":\"en-GB\"},{\"@type\":\"Organization\",\"@id\":\"https:\/\/comixburo.com\/#organization\",\"name\":\"comixburo.com\",\"url\":\"https:\/\/comixburo.com\/\",\"logo\":{\"@type\":\"ImageObject\",\"inLanguage\":\"en-GB\",\"@id\":\"https:\/\/comixburo.com\/#\/schema\/logo\/image\/\",\"url\":\"https:\/\/comixburo.com\/wp-content\/uploads\/2025\/04\/logo-cxb-ROND.webp\",\"contentUrl\":\"https:\/\/comixburo.com\/wp-content\/uploads\/2025\/04\/logo-cxb-ROND.webp\",\"width\":200,\"height\":200,\"caption\":\"comixburo.com\"},\"image\":{\"@id\":\"https:\/\/comixburo.com\/#\/schema\/logo\/image\/\"},\"sameAs\":[\"https:\/\/www.facebook.com\/comixburo\",\"https:\/\/www.instagram.com\/comixburo\/\"]}]}<\/script>\n<!-- \/ Yoast SEO plugin. -->","yoast_head_json":{"title":"Buste Atalante \u00ab Marbre \u00bb Didier crisse - comixburo.com","description":"Buste Atalante \u00ab Marbre \u00bb Didier crisse. Issue de la bande dessin\u00e9e ATALANTE. BD culte \u00e0 lire absulument, c'est d\u00e9j\u00e0 un classique.","robots":{"index":"index","follow":"follow","max-snippet":"max-snippet:-1","max-image-preview":"max-image-preview:large","max-video-preview":"max-video-preview:-1"},"canonical":"https:\/\/comixburo.com\/en\/product\/buste-atalante-marbre-crisse\/","og_locale":"en_GB","og_type":"article","og_title":"Buste Atalante \u00ab Marbre \u00bb Didier crisse - comixburo.com","og_description":"Buste Atalante \u00ab Marbre \u00bb Didier crisse. Issue de la bande dessin\u00e9e ATALANTE. BD culte \u00e0 lire absulument, c'est d\u00e9j\u00e0 un classique.","og_url":"https:\/\/comixburo.com\/en\/product\/buste-atalante-marbre-crisse\/","og_site_name":"comixburo.com","article_publisher":"https:\/\/www.facebook.com\/comixburo","article_modified_time":"2025-04-30T18:58:57+00:00","og_image":[{"width":674,"height":1000,"url":"https:\/\/comixburo.com\/wp-content\/uploads\/2025\/03\/DC02-atalante-marbre-crisse-attakus-face.webp","type":"image\/webp"}],"twitter_card":"summary_large_image","twitter_misc":{"Estimated reading time":"1 minute"},"schema":{"@context":"https:\/\/schema.org","@graph":[{"@type":"WebPage","@id":"https:\/\/comixburo.com\/produit\/buste-atalante-marbre-crisse\/","url":"https:\/\/comixburo.com\/produit\/buste-atalante-marbre-crisse\/","name":"Buste Atalante \u00ab Marbre \u00bb Didier crisse - comixburo.com","isPartOf":{"@id":"https:\/\/comixburo.com\/#website"},"primaryImageOfPage":{"@id":"https:\/\/comixburo.com\/produit\/buste-atalante-marbre-crisse\/#primaryimage"},"image":{"@id":"https:\/\/comixburo.com\/produit\/buste-atalante-marbre-crisse\/#primaryimage"},"thumbnailUrl":"https:\/\/comixburo.com\/wp-content\/uploads\/2025\/03\/DC02-atalante-marbre-crisse-attakus-face.webp","datePublished":"2025-03-31T08:17:06+00:00","dateModified":"2025-04-30T18:58:57+00:00","description":"Buste Atalante \u00ab Marbre \u00bb Didier crisse. Issue de la bande dessin\u00e9e ATALANTE. BD culte \u00e0 lire absulument, c'est d\u00e9j\u00e0 un classique.","breadcrumb":{"@id":"https:\/\/comixburo.com\/produit\/buste-atalante-marbre-crisse\/#breadcrumb"},"inLanguage":"en-GB","potentialAction":[{"@type":"ReadAction","target":["https:\/\/comixburo.com\/produit\/buste-atalante-marbre-crisse\/"]}]},{"@type":"ImageObject","inLanguage":"en-GB","@id":"https:\/\/comixburo.com\/produit\/buste-atalante-marbre-crisse\/#primaryimage","url":"https:\/\/comixburo.com\/wp-content\/uploads\/2025\/03\/DC02-atalante-marbre-crisse-attakus-face.webp","contentUrl":"https:\/\/comixburo.com\/wp-content\/uploads\/2025\/03\/DC02-atalante-marbre-crisse-attakus-face.webp","width":674,"height":1000},{"@type":"BreadcrumbList","@id":"https:\/\/comixburo.com\/produit\/buste-atalante-marbre-crisse\/#breadcrumb","itemListElement":[{"@type":"ListItem","position":1,"name":"Home","item":"https:\/\/comixburo.com\/"},{"@type":"ListItem","position":2,"name":"La boutique Comix Buro","item":"https:\/\/comixburo.com\/la-boutique-comix-buro\/"},{"@type":"ListItem","position":3,"name":"Buste Atalante \u00ab Marbre \u00bb Didier crisse"}]},{"@type":"WebSite","@id":"https:\/\/comixburo.com\/#website","url":"https:\/\/comixburo.com\/","name":"comixburo.com","description":"Cr\u00e9ateur de projets : Sketchbook d&#039;artistes !","publisher":{"@id":"https:\/\/comixburo.com\/#organization"},"alternateName":"Comix Buro","potentialAction":[{"@type":"SearchAction","target":{"@type":"EntryPoint","urlTemplate":"https:\/\/comixburo.com\/?s={search_term_string}"},"query-input":{"@type":"PropertyValueSpecification","valueRequired":true,"valueName":"search_term_string"}}],"inLanguage":"en-GB"},{"@type":"Organization","@id":"https:\/\/comixburo.com\/#organization","name":"comixburo.com","url":"https:\/\/comixburo.com\/","logo":{"@type":"ImageObject","inLanguage":"en-GB","@id":"https:\/\/comixburo.com\/#\/schema\/logo\/image\/","url":"https:\/\/comixburo.com\/wp-content\/uploads\/2025\/04\/logo-cxb-ROND.webp","contentUrl":"https:\/\/comixburo.com\/wp-content\/uploads\/2025\/04\/logo-cxb-ROND.webp","width":200,"height":200,"caption":"comixburo.com"},"image":{"@id":"https:\/\/comixburo.com\/#\/schema\/logo\/image\/"},"sameAs":["https:\/\/www.facebook.com\/comixburo","https:\/\/www.instagram.com\/comixburo\/"]}]}},"jetpack_sharing_enabled":true,"_links":{"self":[{"href":"https:\/\/comixburo.com\/en\/wp-json\/wp\/v2\/product\/18901","targetHints":{"allow":["GET"]}}],"collection":[{"href":"https:\/\/comixburo.com\/en\/wp-json\/wp\/v2\/product"}],"about":[{"href":"https:\/\/comixburo.com\/en\/wp-json\/wp\/v2\/types\/product"}],"replies":[{"embeddable":true,"href":"https:\/\/comixburo.com\/en\/wp-json\/wp\/v2\/comments?post=18901"}],"version-history":[{"count":3,"href":"https:\/\/comixburo.com\/en\/wp-json\/wp\/v2\/product\/18901\/revisions"}],"predecessor-version":[{"id":19996,"href":"https:\/\/comixburo.com\/en\/wp-json\/wp\/v2\/product\/18901\/revisions\/19996"}],"wp:featuredmedia":[{"embeddable":true,"href":"https:\/\/comixburo.com\/en\/wp-json\/wp\/v2\/media\/18902"}],"wp:attachment":[{"href":"https:\/\/comixburo.com\/en\/wp-json\/wp\/v2\/media?parent=18901"}],"wp:term":[{"taxonomy":"product_brand","embeddable":true,"href":"https:\/\/comixburo.com\/en\/wp-json\/wp\/v2\/product_brand?post=18901"},{"taxonomy":"product_cat","embeddable":true,"href":"https:\/\/comixburo.com\/en\/wp-json\/wp\/v2\/product_cat?post=18901"},{"taxonomy":"product_tag","embeddable":true,"href":"https:\/\/comixburo.com\/en\/wp-json\/wp\/v2\/product_tag?post=18901"}],"curies":[{"name":"wp","href":"https:\/\/api.w.org\/{rel}","templated":true}]}}