{"id":18913,"date":"2025-03-31T10:38:31","date_gmt":"2025-03-31T08:38:31","guid":{"rendered":"https:\/\/comixburo.com\/?post_type=product&#038;p=18913"},"modified":"2025-04-22T19:33:21","modified_gmt":"2025-04-22T17:33:21","slug":"pack-de-3-schfoumpfs-n1","status":"publish","type":"product","link":"https:\/\/comixburo.com\/en\/product\/pack-de-3-schfoumpfs-n1\/","title":{"rendered":"Pack de 3 schfoumpfs n\u00b01"},"content":{"rendered":"<h1><strong>Pack de 3 schfoumpfs n\u00b01 \u2013 S\u00e9rie Trolls de Troy<\/strong><\/h1>\n<h3>R\u00e9f : C782<br \/>\nTirage : 1500 ex.<br \/>\nTaille : 4 cm<\/h3>\n<h4>Statue collector en r\u00e9sine num\u00e9rot\u00e9e et limit\u00e9e \u00e0 1500 exemplaires dans le monde. Sculpt\u00e9e en France, et peinte \u00e0 la main. Livr\u00e9e avec son certificat d\u2019authenticit\u00e9 Attakus. Hauteur : 4 cm pour chaque statuette.<\/h4>\n<h5>Les schfoumpfs sont des personnages de la s\u00e9rie Trolls de Troy (23 tomes parus), sc\u00e9naris\u00e9e par Christophe Arleston et dessin\u00e9e par Jean-Louis Mourier.<\/h5>\n<h6>S\u00e9rie Trolls de Troy :<br \/>\nTroy est un monde peupl\u00e9 d\u2019humains, de trolls et autres cr\u00e9atures plus ou moins monstrueuses. Les humains ont tous un pouvoir magique, allant de faire pousser les cheveux \u00e0 faire tomber les dents. Les trolls sont des cr\u00e9atures vues comme sauvages par les humains, mais tr\u00e8s civilis\u00e9es de leur propre point de vue ; ils chassent tout ce qui passe \u00e0 leur port\u00e9e (schfoumpfs, humains, p\u00e9taures, dragons\u2026) et, physiquement, tr\u00e8s forts. Ils ne craignent qu\u2019une chose : l\u2019eau qui pourrait les laver, ce qui ferait fuir leurs mouches.<\/h6>","protected":false},"excerpt":{"rendered":"<div class=\"woocommerce-product-details__short-description\">\n<h3><strong>Pack de 3 schfoumpfs<\/strong><\/h3>\n<p>Plongez dans l\u2019univers de la s\u00e9rie BD Trolls de Troy et d\u00e9couvrez ce pack contenant 3 figurines de schfoumpfs !<\/p>\n<\/div>","protected":false},"featured_media":18914,"comment_status":"open","ping_status":"closed","template":"","meta":[],"product_brand":[109,108],"product_cat":[111,106,93],"product_tag":[],"class_list":{"0":"post-18913","1":"product","2":"type-product","3":"status-publish","4":"has-post-thumbnail","6":"product_brand-attakus","7":"product_brand-comix-buro","8":"product_cat-attakus","9":"product_cat-statues","10":"product_cat-tous","12":"first","13":"instock","14":"taxable","15":"shipping-taxable","16":"purchasable","17":"product-type-simple"},"yoast_head":"<!-- This site is optimized with the Yoast SEO plugin v26.9 - https:\/\/yoast.com\/product\/yoast-seo-wordpress\/ -->\n<title>Pack de 3 schfoumpfs n\u00b01 - comixburo.com<\/title>\n<meta name=\"description\" content=\"Pack de 3 schfoumpfs - Figurines collection ATTAKUS. D&#039;apr\u00e8s la BD Trolls de Troy. Livr\u00e9es avec certificats d\u2019authenticit\u00e9\" \/>\n<meta name=\"robots\" content=\"index, follow, max-snippet:-1, max-image-preview:large, max-video-preview:-1\" \/>\n<link rel=\"canonical\" href=\"https:\/\/comixburo.com\/en\/product\/pack-de-3-schfoumpfs-n1\/\" \/>\n<meta property=\"og:locale\" content=\"en_GB\" \/>\n<meta property=\"og:type\" content=\"article\" \/>\n<meta property=\"og:title\" content=\"Pack de 3 schfoumpfs n\u00b01 - comixburo.com\" \/>\n<meta property=\"og:description\" content=\"Pack de 3 schfoumpfs - Figurines collection ATTAKUS. D&#039;apr\u00e8s la BD Trolls de Troy. Livr\u00e9es avec certificats d\u2019authenticit\u00e9\" \/>\n<meta property=\"og:url\" content=\"https:\/\/comixburo.com\/en\/product\/pack-de-3-schfoumpfs-n1\/\" \/>\n<meta property=\"og:site_name\" content=\"comixburo.com\" \/>\n<meta property=\"article:publisher\" content=\"https:\/\/www.facebook.com\/comixburo\" \/>\n<meta property=\"article:modified_time\" content=\"2025-04-22T17:33:21+00:00\" \/>\n<meta property=\"og:image\" content=\"https:\/\/comixburo.com\/wp-content\/uploads\/2025\/03\/C782-schproumfs-troll-de-troy-mourier-attakus.webp\" \/>\n\t<meta property=\"og:image:width\" content=\"674\" \/>\n\t<meta property=\"og:image:height\" content=\"1000\" \/>\n\t<meta property=\"og:image:type\" content=\"image\/webp\" \/>\n<meta name=\"twitter:card\" content=\"summary_large_image\" \/>\n<meta name=\"twitter:label1\" content=\"Estimated reading time\" \/>\n\t<meta name=\"twitter:data1\" content=\"2 minutes\" \/>\n<script type=\"application\/ld+json\" class=\"yoast-schema-graph\">{\"@context\":\"https:\/\/schema.org\",\"@graph\":[{\"@type\":\"WebPage\",\"@id\":\"https:\/\/comixburo.com\/produit\/pack-de-3-schfoumpfs-n1\/\",\"url\":\"https:\/\/comixburo.com\/produit\/pack-de-3-schfoumpfs-n1\/\",\"name\":\"Pack de 3 schfoumpfs n\u00b01 - comixburo.com\",\"isPartOf\":{\"@id\":\"https:\/\/comixburo.com\/#website\"},\"primaryImageOfPage\":{\"@id\":\"https:\/\/comixburo.com\/produit\/pack-de-3-schfoumpfs-n1\/#primaryimage\"},\"image\":{\"@id\":\"https:\/\/comixburo.com\/produit\/pack-de-3-schfoumpfs-n1\/#primaryimage\"},\"thumbnailUrl\":\"https:\/\/comixburo.com\/wp-content\/uploads\/2025\/03\/C782-schproumfs-troll-de-troy-mourier-attakus.webp\",\"datePublished\":\"2025-03-31T08:38:31+00:00\",\"dateModified\":\"2025-04-22T17:33:21+00:00\",\"description\":\"Pack de 3 schfoumpfs - Figurines collection ATTAKUS. D'apr\u00e8s la BD Trolls de Troy. Livr\u00e9es avec certificats d\u2019authenticit\u00e9\",\"breadcrumb\":{\"@id\":\"https:\/\/comixburo.com\/produit\/pack-de-3-schfoumpfs-n1\/#breadcrumb\"},\"inLanguage\":\"en-GB\",\"potentialAction\":[{\"@type\":\"ReadAction\",\"target\":[\"https:\/\/comixburo.com\/produit\/pack-de-3-schfoumpfs-n1\/\"]}]},{\"@type\":\"ImageObject\",\"inLanguage\":\"en-GB\",\"@id\":\"https:\/\/comixburo.com\/produit\/pack-de-3-schfoumpfs-n1\/#primaryimage\",\"url\":\"https:\/\/comixburo.com\/wp-content\/uploads\/2025\/03\/C782-schproumfs-troll-de-troy-mourier-attakus.webp\",\"contentUrl\":\"https:\/\/comixburo.com\/wp-content\/uploads\/2025\/03\/C782-schproumfs-troll-de-troy-mourier-attakus.webp\",\"width\":674,\"height\":1000,\"caption\":\"Pack de 3 schfoumpfs\"},{\"@type\":\"BreadcrumbList\",\"@id\":\"https:\/\/comixburo.com\/produit\/pack-de-3-schfoumpfs-n1\/#breadcrumb\",\"itemListElement\":[{\"@type\":\"ListItem\",\"position\":1,\"name\":\"Home\",\"item\":\"https:\/\/comixburo.com\/\"},{\"@type\":\"ListItem\",\"position\":2,\"name\":\"La boutique Comix Buro\",\"item\":\"https:\/\/comixburo.com\/la-boutique-comix-buro\/\"},{\"@type\":\"ListItem\",\"position\":3,\"name\":\"Pack de 3 schfoumpfs n\u00b01\"}]},{\"@type\":\"WebSite\",\"@id\":\"https:\/\/comixburo.com\/#website\",\"url\":\"https:\/\/comixburo.com\/\",\"name\":\"comixburo.com\",\"description\":\"Cr\u00e9ateur de projets : Sketchbook d&#039;artistes !\",\"publisher\":{\"@id\":\"https:\/\/comixburo.com\/#organization\"},\"alternateName\":\"Comix Buro\",\"potentialAction\":[{\"@type\":\"SearchAction\",\"target\":{\"@type\":\"EntryPoint\",\"urlTemplate\":\"https:\/\/comixburo.com\/?s={search_term_string}\"},\"query-input\":{\"@type\":\"PropertyValueSpecification\",\"valueRequired\":true,\"valueName\":\"search_term_string\"}}],\"inLanguage\":\"en-GB\"},{\"@type\":\"Organization\",\"@id\":\"https:\/\/comixburo.com\/#organization\",\"name\":\"comixburo.com\",\"url\":\"https:\/\/comixburo.com\/\",\"logo\":{\"@type\":\"ImageObject\",\"inLanguage\":\"en-GB\",\"@id\":\"https:\/\/comixburo.com\/#\/schema\/logo\/image\/\",\"url\":\"https:\/\/comixburo.com\/wp-content\/uploads\/2025\/04\/logo-cxb-ROND.webp\",\"contentUrl\":\"https:\/\/comixburo.com\/wp-content\/uploads\/2025\/04\/logo-cxb-ROND.webp\",\"width\":200,\"height\":200,\"caption\":\"comixburo.com\"},\"image\":{\"@id\":\"https:\/\/comixburo.com\/#\/schema\/logo\/image\/\"},\"sameAs\":[\"https:\/\/www.facebook.com\/comixburo\",\"https:\/\/www.instagram.com\/comixburo\/\"]}]}<\/script>\n<!-- \/ Yoast SEO plugin. -->","yoast_head_json":{"title":"Pack de 3 schfoumpfs n\u00b01 - comixburo.com","description":"Pack de 3 schfoumpfs - Figurines collection ATTAKUS. D'apr\u00e8s la BD Trolls de Troy. Livr\u00e9es avec certificats d\u2019authenticit\u00e9","robots":{"index":"index","follow":"follow","max-snippet":"max-snippet:-1","max-image-preview":"max-image-preview:large","max-video-preview":"max-video-preview:-1"},"canonical":"https:\/\/comixburo.com\/en\/product\/pack-de-3-schfoumpfs-n1\/","og_locale":"en_GB","og_type":"article","og_title":"Pack de 3 schfoumpfs n\u00b01 - comixburo.com","og_description":"Pack de 3 schfoumpfs - Figurines collection ATTAKUS. D'apr\u00e8s la BD Trolls de Troy. Livr\u00e9es avec certificats d\u2019authenticit\u00e9","og_url":"https:\/\/comixburo.com\/en\/product\/pack-de-3-schfoumpfs-n1\/","og_site_name":"comixburo.com","article_publisher":"https:\/\/www.facebook.com\/comixburo","article_modified_time":"2025-04-22T17:33:21+00:00","og_image":[{"width":674,"height":1000,"url":"https:\/\/comixburo.com\/wp-content\/uploads\/2025\/03\/C782-schproumfs-troll-de-troy-mourier-attakus.webp","type":"image\/webp"}],"twitter_card":"summary_large_image","twitter_misc":{"Estimated reading time":"2 minutes"},"schema":{"@context":"https:\/\/schema.org","@graph":[{"@type":"WebPage","@id":"https:\/\/comixburo.com\/produit\/pack-de-3-schfoumpfs-n1\/","url":"https:\/\/comixburo.com\/produit\/pack-de-3-schfoumpfs-n1\/","name":"Pack de 3 schfoumpfs n\u00b01 - comixburo.com","isPartOf":{"@id":"https:\/\/comixburo.com\/#website"},"primaryImageOfPage":{"@id":"https:\/\/comixburo.com\/produit\/pack-de-3-schfoumpfs-n1\/#primaryimage"},"image":{"@id":"https:\/\/comixburo.com\/produit\/pack-de-3-schfoumpfs-n1\/#primaryimage"},"thumbnailUrl":"https:\/\/comixburo.com\/wp-content\/uploads\/2025\/03\/C782-schproumfs-troll-de-troy-mourier-attakus.webp","datePublished":"2025-03-31T08:38:31+00:00","dateModified":"2025-04-22T17:33:21+00:00","description":"Pack de 3 schfoumpfs - Figurines collection ATTAKUS. D'apr\u00e8s la BD Trolls de Troy. Livr\u00e9es avec certificats d\u2019authenticit\u00e9","breadcrumb":{"@id":"https:\/\/comixburo.com\/produit\/pack-de-3-schfoumpfs-n1\/#breadcrumb"},"inLanguage":"en-GB","potentialAction":[{"@type":"ReadAction","target":["https:\/\/comixburo.com\/produit\/pack-de-3-schfoumpfs-n1\/"]}]},{"@type":"ImageObject","inLanguage":"en-GB","@id":"https:\/\/comixburo.com\/produit\/pack-de-3-schfoumpfs-n1\/#primaryimage","url":"https:\/\/comixburo.com\/wp-content\/uploads\/2025\/03\/C782-schproumfs-troll-de-troy-mourier-attakus.webp","contentUrl":"https:\/\/comixburo.com\/wp-content\/uploads\/2025\/03\/C782-schproumfs-troll-de-troy-mourier-attakus.webp","width":674,"height":1000,"caption":"Pack de 3 schfoumpfs"},{"@type":"BreadcrumbList","@id":"https:\/\/comixburo.com\/produit\/pack-de-3-schfoumpfs-n1\/#breadcrumb","itemListElement":[{"@type":"ListItem","position":1,"name":"Home","item":"https:\/\/comixburo.com\/"},{"@type":"ListItem","position":2,"name":"La boutique Comix Buro","item":"https:\/\/comixburo.com\/la-boutique-comix-buro\/"},{"@type":"ListItem","position":3,"name":"Pack de 3 schfoumpfs n\u00b01"}]},{"@type":"WebSite","@id":"https:\/\/comixburo.com\/#website","url":"https:\/\/comixburo.com\/","name":"comixburo.com","description":"Cr\u00e9ateur de projets : Sketchbook d&#039;artistes !","publisher":{"@id":"https:\/\/comixburo.com\/#organization"},"alternateName":"Comix Buro","potentialAction":[{"@type":"SearchAction","target":{"@type":"EntryPoint","urlTemplate":"https:\/\/comixburo.com\/?s={search_term_string}"},"query-input":{"@type":"PropertyValueSpecification","valueRequired":true,"valueName":"search_term_string"}}],"inLanguage":"en-GB"},{"@type":"Organization","@id":"https:\/\/comixburo.com\/#organization","name":"comixburo.com","url":"https:\/\/comixburo.com\/","logo":{"@type":"ImageObject","inLanguage":"en-GB","@id":"https:\/\/comixburo.com\/#\/schema\/logo\/image\/","url":"https:\/\/comixburo.com\/wp-content\/uploads\/2025\/04\/logo-cxb-ROND.webp","contentUrl":"https:\/\/comixburo.com\/wp-content\/uploads\/2025\/04\/logo-cxb-ROND.webp","width":200,"height":200,"caption":"comixburo.com"},"image":{"@id":"https:\/\/comixburo.com\/#\/schema\/logo\/image\/"},"sameAs":["https:\/\/www.facebook.com\/comixburo","https:\/\/www.instagram.com\/comixburo\/"]}]}},"jetpack_sharing_enabled":true,"_links":{"self":[{"href":"https:\/\/comixburo.com\/en\/wp-json\/wp\/v2\/product\/18913","targetHints":{"allow":["GET"]}}],"collection":[{"href":"https:\/\/comixburo.com\/en\/wp-json\/wp\/v2\/product"}],"about":[{"href":"https:\/\/comixburo.com\/en\/wp-json\/wp\/v2\/types\/product"}],"replies":[{"embeddable":true,"href":"https:\/\/comixburo.com\/en\/wp-json\/wp\/v2\/comments?post=18913"}],"version-history":[{"count":3,"href":"https:\/\/comixburo.com\/en\/wp-json\/wp\/v2\/product\/18913\/revisions"}],"predecessor-version":[{"id":19584,"href":"https:\/\/comixburo.com\/en\/wp-json\/wp\/v2\/product\/18913\/revisions\/19584"}],"wp:featuredmedia":[{"embeddable":true,"href":"https:\/\/comixburo.com\/en\/wp-json\/wp\/v2\/media\/18914"}],"wp:attachment":[{"href":"https:\/\/comixburo.com\/en\/wp-json\/wp\/v2\/media?parent=18913"}],"wp:term":[{"taxonomy":"product_brand","embeddable":true,"href":"https:\/\/comixburo.com\/en\/wp-json\/wp\/v2\/product_brand?post=18913"},{"taxonomy":"product_cat","embeddable":true,"href":"https:\/\/comixburo.com\/en\/wp-json\/wp\/v2\/product_cat?post=18913"},{"taxonomy":"product_tag","embeddable":true,"href":"https:\/\/comixburo.com\/en\/wp-json\/wp\/v2\/product_tag?post=18913"}],"curies":[{"name":"wp","href":"https:\/\/api.w.org\/{rel}","templated":true}]}}