{"id":18916,"date":"2025-03-31T10:40:19","date_gmt":"2025-03-31T08:40:19","guid":{"rendered":"https:\/\/comixburo.com\/?post_type=product&#038;p=18916"},"modified":"2025-04-22T19:29:55","modified_gmt":"2025-04-22T17:29:55","slug":"gnondpom-tyneth-troll-de-troy","status":"publish","type":"product","link":"https:\/\/comixburo.com\/en\/product\/gnondpom-tyneth-troll-de-troy\/","title":{"rendered":"Gnondpom &#038; Tyneth Troll de Troy"},"content":{"rendered":"<h1>Gnondpom &amp; Tyneth Troll de Troy<\/h1>\n<h3><strong>Figurine Attakus Collection de Jean-Louis Mourier.<\/strong><\/h3>\n<p>R\u00e9f : C781.<br \/>\nTirage : 1500 ex.<br \/>\nTaille : 5 cm.<\/p>\n<p>Cette statue collector est en r\u00e9sine num\u00e9rot\u00e9e et limit\u00e9e \u00e0 1500 exemplaires dans le monde.<br \/>\nAcheter sans h\u00e9sitation : Gnondpom &amp; Tyneth Troll de Troy<br \/>\nSculpt\u00e9e en France, et peinte \u00e0 la main. Livr\u00e9e avec son certificat d\u2019authenticit\u00e9 Attakus. Hauteur : 5 cm.<br \/>\nTyneth &amp; Gnondpom sont des principaux personnages de la s\u00e9rie Trolls de Troy (23 tomes parus), sc\u00e9naris\u00e9e par Christophe Arleston et dessin\u00e9e par Jean-Louis Mourier.<br \/>\nGnondpom est un petit troll courageux et il est l\u2019un des quatre enfants de Tetr\u00e4m et Puitep\u00e9e (avec Waha, qui est une humaine, et Sekspyz et Erodravelle, qui sont des trollilions, en bas \u00e2ge).<br \/>\nTyneth est une trolle, amie de Gnondpom, avec qui elle a une complicit\u00e9 particuli\u00e8re.<\/p>\n<p><a href=\"https:\/\/www.editions-soleil.fr\/bd\/series\/serie-trolls-de-troy\">Soleil \u00e9ditions<\/a><\/p>","protected":false},"excerpt":{"rendered":"<h1 class=\"woocommerce-product-details__short-description\">Gnondpom &amp; Tyneth Troll de Troy<\/h1>\n<h2>Plongez dans l\u2019univers de la s\u00e9rie BD Trolls de Troy et d\u00e9couvrez TGnondpom &amp; Tyneth Troll de Troy !<\/h2>\n<p>&nbsp;<\/p>","protected":false},"featured_media":18917,"comment_status":"open","ping_status":"closed","template":"","meta":[],"product_brand":[109,108],"product_cat":[111,106,93],"product_tag":[],"class_list":{"0":"post-18916","1":"product","2":"type-product","3":"status-publish","4":"has-post-thumbnail","6":"product_brand-attakus","7":"product_brand-comix-buro","8":"product_cat-attakus","9":"product_cat-statues","10":"product_cat-tous","12":"first","13":"instock","14":"taxable","15":"shipping-taxable","16":"purchasable","17":"product-type-simple"},"yoast_head":"<!-- This site is optimized with the Yoast SEO plugin v26.9 - https:\/\/yoast.com\/product\/yoast-seo-wordpress\/ -->\n<title>Gnondpom &amp; Tyneth Troll de Troy - comixburo.com<\/title>\n<meta name=\"description\" content=\"Gnondpom &amp; Tyneth Troll de Troy, statuette de collection Attakus. Sculpt\u00e9e en France, et peinte \u00e0 la main. Livr\u00e9e avec son certificat d&#039;authenticit\u00e9\" \/>\n<meta name=\"robots\" content=\"index, follow, max-snippet:-1, max-image-preview:large, max-video-preview:-1\" \/>\n<link rel=\"canonical\" href=\"https:\/\/comixburo.com\/en\/product\/gnondpom-tyneth-troll-de-troy\/\" \/>\n<meta property=\"og:locale\" content=\"en_GB\" \/>\n<meta property=\"og:type\" content=\"article\" \/>\n<meta property=\"og:title\" content=\"Gnondpom &amp; Tyneth Troll de Troy - comixburo.com\" \/>\n<meta property=\"og:description\" content=\"Gnondpom &amp; Tyneth Troll de Troy, statuette de collection Attakus. Sculpt\u00e9e en France, et peinte \u00e0 la main. Livr\u00e9e avec son certificat d&#039;authenticit\u00e9\" \/>\n<meta property=\"og:url\" content=\"https:\/\/comixburo.com\/en\/product\/gnondpom-tyneth-troll-de-troy\/\" \/>\n<meta property=\"og:site_name\" content=\"comixburo.com\" \/>\n<meta property=\"article:publisher\" content=\"https:\/\/www.facebook.com\/comixburo\" \/>\n<meta property=\"article:modified_time\" content=\"2025-04-22T17:29:55+00:00\" \/>\n<meta property=\"og:image\" content=\"https:\/\/comixburo.com\/wp-content\/uploads\/2025\/03\/C781-tineth-gnondpom-troll-de-troy-mourier-attakus.webp\" \/>\n\t<meta property=\"og:image:width\" content=\"674\" \/>\n\t<meta property=\"og:image:height\" content=\"1000\" \/>\n\t<meta property=\"og:image:type\" content=\"image\/webp\" \/>\n<meta name=\"twitter:card\" content=\"summary_large_image\" \/>\n<meta name=\"twitter:label1\" content=\"Estimated reading time\" \/>\n\t<meta name=\"twitter:data1\" content=\"1 minute\" \/>\n<script type=\"application\/ld+json\" class=\"yoast-schema-graph\">{\"@context\":\"https:\/\/schema.org\",\"@graph\":[{\"@type\":\"WebPage\",\"@id\":\"https:\/\/comixburo.com\/produit\/gnondpom-tyneth-troll-de-troy\/\",\"url\":\"https:\/\/comixburo.com\/produit\/gnondpom-tyneth-troll-de-troy\/\",\"name\":\"Gnondpom & Tyneth Troll de Troy - comixburo.com\",\"isPartOf\":{\"@id\":\"https:\/\/comixburo.com\/#website\"},\"primaryImageOfPage\":{\"@id\":\"https:\/\/comixburo.com\/produit\/gnondpom-tyneth-troll-de-troy\/#primaryimage\"},\"image\":{\"@id\":\"https:\/\/comixburo.com\/produit\/gnondpom-tyneth-troll-de-troy\/#primaryimage\"},\"thumbnailUrl\":\"https:\/\/comixburo.com\/wp-content\/uploads\/2025\/03\/C781-tineth-gnondpom-troll-de-troy-mourier-attakus.webp\",\"datePublished\":\"2025-03-31T08:40:19+00:00\",\"dateModified\":\"2025-04-22T17:29:55+00:00\",\"description\":\"Gnondpom & Tyneth Troll de Troy, statuette de collection Attakus. Sculpt\u00e9e en France, et peinte \u00e0 la main. Livr\u00e9e avec son certificat d'authenticit\u00e9\",\"breadcrumb\":{\"@id\":\"https:\/\/comixburo.com\/produit\/gnondpom-tyneth-troll-de-troy\/#breadcrumb\"},\"inLanguage\":\"en-GB\",\"potentialAction\":[{\"@type\":\"ReadAction\",\"target\":[\"https:\/\/comixburo.com\/produit\/gnondpom-tyneth-troll-de-troy\/\"]}]},{\"@type\":\"ImageObject\",\"inLanguage\":\"en-GB\",\"@id\":\"https:\/\/comixburo.com\/produit\/gnondpom-tyneth-troll-de-troy\/#primaryimage\",\"url\":\"https:\/\/comixburo.com\/wp-content\/uploads\/2025\/03\/C781-tineth-gnondpom-troll-de-troy-mourier-attakus.webp\",\"contentUrl\":\"https:\/\/comixburo.com\/wp-content\/uploads\/2025\/03\/C781-tineth-gnondpom-troll-de-troy-mourier-attakus.webp\",\"width\":674,\"height\":1000,\"caption\":\"Gnondpom & Tyneth Troll de Troy\"},{\"@type\":\"BreadcrumbList\",\"@id\":\"https:\/\/comixburo.com\/produit\/gnondpom-tyneth-troll-de-troy\/#breadcrumb\",\"itemListElement\":[{\"@type\":\"ListItem\",\"position\":1,\"name\":\"Home\",\"item\":\"https:\/\/comixburo.com\/\"},{\"@type\":\"ListItem\",\"position\":2,\"name\":\"La boutique Comix Buro\",\"item\":\"https:\/\/comixburo.com\/la-boutique-comix-buro\/\"},{\"@type\":\"ListItem\",\"position\":3,\"name\":\"Gnondpom &#038; Tyneth Troll de Troy\"}]},{\"@type\":\"WebSite\",\"@id\":\"https:\/\/comixburo.com\/#website\",\"url\":\"https:\/\/comixburo.com\/\",\"name\":\"comixburo.com\",\"description\":\"Cr\u00e9ateur de projets : Sketchbook d&#039;artistes !\",\"publisher\":{\"@id\":\"https:\/\/comixburo.com\/#organization\"},\"alternateName\":\"Comix Buro\",\"potentialAction\":[{\"@type\":\"SearchAction\",\"target\":{\"@type\":\"EntryPoint\",\"urlTemplate\":\"https:\/\/comixburo.com\/?s={search_term_string}\"},\"query-input\":{\"@type\":\"PropertyValueSpecification\",\"valueRequired\":true,\"valueName\":\"search_term_string\"}}],\"inLanguage\":\"en-GB\"},{\"@type\":\"Organization\",\"@id\":\"https:\/\/comixburo.com\/#organization\",\"name\":\"comixburo.com\",\"url\":\"https:\/\/comixburo.com\/\",\"logo\":{\"@type\":\"ImageObject\",\"inLanguage\":\"en-GB\",\"@id\":\"https:\/\/comixburo.com\/#\/schema\/logo\/image\/\",\"url\":\"https:\/\/comixburo.com\/wp-content\/uploads\/2025\/04\/logo-cxb-ROND.webp\",\"contentUrl\":\"https:\/\/comixburo.com\/wp-content\/uploads\/2025\/04\/logo-cxb-ROND.webp\",\"width\":200,\"height\":200,\"caption\":\"comixburo.com\"},\"image\":{\"@id\":\"https:\/\/comixburo.com\/#\/schema\/logo\/image\/\"},\"sameAs\":[\"https:\/\/www.facebook.com\/comixburo\",\"https:\/\/www.instagram.com\/comixburo\/\"]}]}<\/script>\n<!-- \/ Yoast SEO plugin. -->","yoast_head_json":{"title":"Gnondpom & Tyneth Troll de Troy - comixburo.com","description":"Gnondpom & Tyneth Troll de Troy, statuette de collection Attakus. Sculpt\u00e9e en France, et peinte \u00e0 la main. Livr\u00e9e avec son certificat d'authenticit\u00e9","robots":{"index":"index","follow":"follow","max-snippet":"max-snippet:-1","max-image-preview":"max-image-preview:large","max-video-preview":"max-video-preview:-1"},"canonical":"https:\/\/comixburo.com\/en\/product\/gnondpom-tyneth-troll-de-troy\/","og_locale":"en_GB","og_type":"article","og_title":"Gnondpom & Tyneth Troll de Troy - comixburo.com","og_description":"Gnondpom & Tyneth Troll de Troy, statuette de collection Attakus. Sculpt\u00e9e en France, et peinte \u00e0 la main. Livr\u00e9e avec son certificat d'authenticit\u00e9","og_url":"https:\/\/comixburo.com\/en\/product\/gnondpom-tyneth-troll-de-troy\/","og_site_name":"comixburo.com","article_publisher":"https:\/\/www.facebook.com\/comixburo","article_modified_time":"2025-04-22T17:29:55+00:00","og_image":[{"width":674,"height":1000,"url":"https:\/\/comixburo.com\/wp-content\/uploads\/2025\/03\/C781-tineth-gnondpom-troll-de-troy-mourier-attakus.webp","type":"image\/webp"}],"twitter_card":"summary_large_image","twitter_misc":{"Estimated reading time":"1 minute"},"schema":{"@context":"https:\/\/schema.org","@graph":[{"@type":"WebPage","@id":"https:\/\/comixburo.com\/produit\/gnondpom-tyneth-troll-de-troy\/","url":"https:\/\/comixburo.com\/produit\/gnondpom-tyneth-troll-de-troy\/","name":"Gnondpom & Tyneth Troll de Troy - comixburo.com","isPartOf":{"@id":"https:\/\/comixburo.com\/#website"},"primaryImageOfPage":{"@id":"https:\/\/comixburo.com\/produit\/gnondpom-tyneth-troll-de-troy\/#primaryimage"},"image":{"@id":"https:\/\/comixburo.com\/produit\/gnondpom-tyneth-troll-de-troy\/#primaryimage"},"thumbnailUrl":"https:\/\/comixburo.com\/wp-content\/uploads\/2025\/03\/C781-tineth-gnondpom-troll-de-troy-mourier-attakus.webp","datePublished":"2025-03-31T08:40:19+00:00","dateModified":"2025-04-22T17:29:55+00:00","description":"Gnondpom & Tyneth Troll de Troy, statuette de collection Attakus. Sculpt\u00e9e en France, et peinte \u00e0 la main. Livr\u00e9e avec son certificat d'authenticit\u00e9","breadcrumb":{"@id":"https:\/\/comixburo.com\/produit\/gnondpom-tyneth-troll-de-troy\/#breadcrumb"},"inLanguage":"en-GB","potentialAction":[{"@type":"ReadAction","target":["https:\/\/comixburo.com\/produit\/gnondpom-tyneth-troll-de-troy\/"]}]},{"@type":"ImageObject","inLanguage":"en-GB","@id":"https:\/\/comixburo.com\/produit\/gnondpom-tyneth-troll-de-troy\/#primaryimage","url":"https:\/\/comixburo.com\/wp-content\/uploads\/2025\/03\/C781-tineth-gnondpom-troll-de-troy-mourier-attakus.webp","contentUrl":"https:\/\/comixburo.com\/wp-content\/uploads\/2025\/03\/C781-tineth-gnondpom-troll-de-troy-mourier-attakus.webp","width":674,"height":1000,"caption":"Gnondpom & Tyneth Troll de Troy"},{"@type":"BreadcrumbList","@id":"https:\/\/comixburo.com\/produit\/gnondpom-tyneth-troll-de-troy\/#breadcrumb","itemListElement":[{"@type":"ListItem","position":1,"name":"Home","item":"https:\/\/comixburo.com\/"},{"@type":"ListItem","position":2,"name":"La boutique Comix Buro","item":"https:\/\/comixburo.com\/la-boutique-comix-buro\/"},{"@type":"ListItem","position":3,"name":"Gnondpom &#038; Tyneth Troll de Troy"}]},{"@type":"WebSite","@id":"https:\/\/comixburo.com\/#website","url":"https:\/\/comixburo.com\/","name":"comixburo.com","description":"Cr\u00e9ateur de projets : Sketchbook d&#039;artistes !","publisher":{"@id":"https:\/\/comixburo.com\/#organization"},"alternateName":"Comix Buro","potentialAction":[{"@type":"SearchAction","target":{"@type":"EntryPoint","urlTemplate":"https:\/\/comixburo.com\/?s={search_term_string}"},"query-input":{"@type":"PropertyValueSpecification","valueRequired":true,"valueName":"search_term_string"}}],"inLanguage":"en-GB"},{"@type":"Organization","@id":"https:\/\/comixburo.com\/#organization","name":"comixburo.com","url":"https:\/\/comixburo.com\/","logo":{"@type":"ImageObject","inLanguage":"en-GB","@id":"https:\/\/comixburo.com\/#\/schema\/logo\/image\/","url":"https:\/\/comixburo.com\/wp-content\/uploads\/2025\/04\/logo-cxb-ROND.webp","contentUrl":"https:\/\/comixburo.com\/wp-content\/uploads\/2025\/04\/logo-cxb-ROND.webp","width":200,"height":200,"caption":"comixburo.com"},"image":{"@id":"https:\/\/comixburo.com\/#\/schema\/logo\/image\/"},"sameAs":["https:\/\/www.facebook.com\/comixburo","https:\/\/www.instagram.com\/comixburo\/"]}]}},"jetpack_sharing_enabled":true,"_links":{"self":[{"href":"https:\/\/comixburo.com\/en\/wp-json\/wp\/v2\/product\/18916","targetHints":{"allow":["GET"]}}],"collection":[{"href":"https:\/\/comixburo.com\/en\/wp-json\/wp\/v2\/product"}],"about":[{"href":"https:\/\/comixburo.com\/en\/wp-json\/wp\/v2\/types\/product"}],"replies":[{"embeddable":true,"href":"https:\/\/comixburo.com\/en\/wp-json\/wp\/v2\/comments?post=18916"}],"version-history":[{"count":7,"href":"https:\/\/comixburo.com\/en\/wp-json\/wp\/v2\/product\/18916\/revisions"}],"predecessor-version":[{"id":19582,"href":"https:\/\/comixburo.com\/en\/wp-json\/wp\/v2\/product\/18916\/revisions\/19582"}],"wp:featuredmedia":[{"embeddable":true,"href":"https:\/\/comixburo.com\/en\/wp-json\/wp\/v2\/media\/18917"}],"wp:attachment":[{"href":"https:\/\/comixburo.com\/en\/wp-json\/wp\/v2\/media?parent=18916"}],"wp:term":[{"taxonomy":"product_brand","embeddable":true,"href":"https:\/\/comixburo.com\/en\/wp-json\/wp\/v2\/product_brand?post=18916"},{"taxonomy":"product_cat","embeddable":true,"href":"https:\/\/comixburo.com\/en\/wp-json\/wp\/v2\/product_cat?post=18916"},{"taxonomy":"product_tag","embeddable":true,"href":"https:\/\/comixburo.com\/en\/wp-json\/wp\/v2\/product_tag?post=18916"}],"curies":[{"name":"wp","href":"https:\/\/api.w.org\/{rel}","templated":true}]}}