{"id":18919,"date":"2025-03-31T10:41:51","date_gmt":"2025-03-31T08:41:51","guid":{"rendered":"https:\/\/comixburo.com\/?post_type=product&#038;p=18919"},"modified":"2025-05-02T16:00:37","modified_gmt":"2025-05-02T14:00:37","slug":"statuette-profy","status":"publish","type":"product","link":"https:\/\/comixburo.com\/en\/product\/statuette-profy\/","title":{"rendered":"Statuette de collection : Pr\u00f6fy &#8211;  S\u00e9rie BD Trolls de Troy"},"content":{"rendered":"<h1><strong>Statuette de collection Pr\u00f6fy<\/strong><\/h1>\n<h2><strong>S\u00e9rie BD Trolls de Troy \u2013 Jean-Louis Mourier.<\/strong><\/h2>\n<p>Statue collector en r\u00e9sine num\u00e9rot\u00e9e et limit\u00e9e \u00e0 1500 exemplaires dans le monde.<br \/>\nSculpt\u00e9e en France, et peinte \u00e0 la main, et livr\u00e9e avec son certificat d\u2019authenticit\u00e9 Attakus.<br \/>\nHauteur : 12 cm.<\/p>\n<ul>\n<li>Pr\u00f6fy est l\u2019un des principaux personnages de la s\u00e9rie Trolls de Troy (23 tomes parus), sc\u00e9naris\u00e9e par Christophe Arleston et dessin\u00e9e par Jean-Louis Mourier.<\/li>\n<li>Pr\u00f6fy est un demi-troll du village de Phalompe. En effet, comme il l\u2019explique dans le deuxi\u00e8me tome de la s\u00e9rie 2, sa m\u00e8re \u00e9tait une troll et son p\u00e8re un \u00ab paysan hardi \u00bb.<\/li>\n<li>De fait, il poss\u00e8de donc un aspect plus humano\u00efde que les autres trolls, m\u00eame si sa force et son caract\u00e8re le rendent plus proche d\u2019un troll que d\u2019un homme.<\/li>\n<\/ul>\n<p>Il est amoureux de la fille de Tetr\u00e4m : l\u2019humaine Waha. Ce dernier ne voit d\u2019ailleurs pas d\u2019un bon \u0153il ce sentiment, estimant que Waha est encore trop jeune pour avoir un fianc\u00e9. Cependant, Pr\u00f6fy n\u2019arrive cependant pas \u00e0 construire d\u2019habitation suffisamment solide pour qu\u2019ils puissent y emm\u00e9nager.<\/p>\n<p><a href=\"https:\/\/www.editions-soleil.fr\/bd\/series\/serie-trolls-de-troy\">Troll de Troy aux \u00e9ditions Soleil<\/a><\/p>\n<p><a href=\"http:\/\/www.attakus.art\" target=\"_blank\" rel=\"noopener\">Attakus<\/a><\/p>","protected":false},"excerpt":{"rendered":"<div class=\"woocommerce-product-details__short-description\">\n<h1><strong>Statuette de collection Pr\u00f6fy<\/strong><\/h1>\n<h2>Plongez dans l\u2019univers de la s\u00e9rie BD Trolls de Troy et d\u00e9couvrez Pr\u00f6fy !<\/h2>\n<\/div>","protected":false},"featured_media":18920,"comment_status":"open","ping_status":"closed","template":"","meta":[],"product_brand":[109,108],"product_cat":[111,106,93],"product_tag":[],"class_list":{"0":"post-18919","1":"product","2":"type-product","3":"status-publish","4":"has-post-thumbnail","6":"product_brand-attakus","7":"product_brand-comix-buro","8":"product_cat-attakus","9":"product_cat-statues","10":"product_cat-tous","12":"first","13":"instock","14":"taxable","15":"shipping-taxable","16":"purchasable","17":"product-type-simple"},"yoast_head":"<!-- This site is optimized with the Yoast SEO plugin v26.9 - https:\/\/yoast.com\/product\/yoast-seo-wordpress\/ -->\n<title>Statuette de collection : Pr\u00f6fy - S\u00e9rie BD Trolls de Troy - comixburo.com<\/title>\n<meta name=\"description\" content=\"Statuette de collection Pr\u00f6fy. S\u00e9rie BD Trolls de Troy. Statue collector en r\u00e9sine num\u00e9rot\u00e9e et limit\u00e9e. Peinte \u00e0 la main\" \/>\n<meta name=\"robots\" content=\"index, follow, max-snippet:-1, max-image-preview:large, max-video-preview:-1\" \/>\n<link rel=\"canonical\" href=\"https:\/\/comixburo.com\/en\/product\/statuette-profy\/\" \/>\n<meta property=\"og:locale\" content=\"en_GB\" \/>\n<meta property=\"og:type\" content=\"article\" \/>\n<meta property=\"og:title\" content=\"Statuette de collection : Pr\u00f6fy - S\u00e9rie BD Trolls de Troy - comixburo.com\" \/>\n<meta property=\"og:description\" content=\"Statuette de collection Pr\u00f6fy. S\u00e9rie BD Trolls de Troy. Statue collector en r\u00e9sine num\u00e9rot\u00e9e et limit\u00e9e. Peinte \u00e0 la main\" \/>\n<meta property=\"og:url\" content=\"https:\/\/comixburo.com\/en\/product\/statuette-profy\/\" \/>\n<meta property=\"og:site_name\" content=\"comixburo.com\" \/>\n<meta property=\"article:publisher\" content=\"https:\/\/www.facebook.com\/comixburo\" \/>\n<meta property=\"article:modified_time\" content=\"2025-05-02T14:00:37+00:00\" \/>\n<meta property=\"og:image\" content=\"https:\/\/comixburo.com\/wp-content\/uploads\/2025\/03\/C780-profy-troll-de-troy-mourier-attakus-01.webp\" \/>\n\t<meta property=\"og:image:width\" content=\"674\" \/>\n\t<meta property=\"og:image:height\" content=\"1000\" \/>\n\t<meta property=\"og:image:type\" content=\"image\/webp\" \/>\n<meta name=\"twitter:card\" content=\"summary_large_image\" \/>\n<meta name=\"twitter:label1\" content=\"Estimated reading time\" \/>\n\t<meta name=\"twitter:data1\" content=\"2 minutes\" \/>\n<script type=\"application\/ld+json\" class=\"yoast-schema-graph\">{\"@context\":\"https:\/\/schema.org\",\"@graph\":[{\"@type\":\"WebPage\",\"@id\":\"https:\/\/comixburo.com\/produit\/statuette-profy\/\",\"url\":\"https:\/\/comixburo.com\/produit\/statuette-profy\/\",\"name\":\"Statuette de collection : Pr\u00f6fy - S\u00e9rie BD Trolls de Troy - comixburo.com\",\"isPartOf\":{\"@id\":\"https:\/\/comixburo.com\/#website\"},\"primaryImageOfPage\":{\"@id\":\"https:\/\/comixburo.com\/produit\/statuette-profy\/#primaryimage\"},\"image\":{\"@id\":\"https:\/\/comixburo.com\/produit\/statuette-profy\/#primaryimage\"},\"thumbnailUrl\":\"https:\/\/comixburo.com\/wp-content\/uploads\/2025\/03\/C780-profy-troll-de-troy-mourier-attakus-01.webp\",\"datePublished\":\"2025-03-31T08:41:51+00:00\",\"dateModified\":\"2025-05-02T14:00:37+00:00\",\"description\":\"Statuette de collection Pr\u00f6fy. S\u00e9rie BD Trolls de Troy. Statue collector en r\u00e9sine num\u00e9rot\u00e9e et limit\u00e9e. Peinte \u00e0 la main\",\"breadcrumb\":{\"@id\":\"https:\/\/comixburo.com\/produit\/statuette-profy\/#breadcrumb\"},\"inLanguage\":\"en-GB\",\"potentialAction\":[{\"@type\":\"ReadAction\",\"target\":[\"https:\/\/comixburo.com\/produit\/statuette-profy\/\"]}]},{\"@type\":\"ImageObject\",\"inLanguage\":\"en-GB\",\"@id\":\"https:\/\/comixburo.com\/produit\/statuette-profy\/#primaryimage\",\"url\":\"https:\/\/comixburo.com\/wp-content\/uploads\/2025\/03\/C780-profy-troll-de-troy-mourier-attakus-01.webp\",\"contentUrl\":\"https:\/\/comixburo.com\/wp-content\/uploads\/2025\/03\/C780-profy-troll-de-troy-mourier-attakus-01.webp\",\"width\":674,\"height\":1000,\"caption\":\"Statuette de collection Pr\u00f6fy\"},{\"@type\":\"BreadcrumbList\",\"@id\":\"https:\/\/comixburo.com\/produit\/statuette-profy\/#breadcrumb\",\"itemListElement\":[{\"@type\":\"ListItem\",\"position\":1,\"name\":\"Home\",\"item\":\"https:\/\/comixburo.com\/\"},{\"@type\":\"ListItem\",\"position\":2,\"name\":\"La boutique Comix Buro\",\"item\":\"https:\/\/comixburo.com\/la-boutique-comix-buro\/\"},{\"@type\":\"ListItem\",\"position\":3,\"name\":\"Statuette de collection : Pr\u00f6fy &#8211; S\u00e9rie BD Trolls de Troy\"}]},{\"@type\":\"WebSite\",\"@id\":\"https:\/\/comixburo.com\/#website\",\"url\":\"https:\/\/comixburo.com\/\",\"name\":\"comixburo.com\",\"description\":\"Cr\u00e9ateur de projets : Sketchbook d&#039;artistes !\",\"publisher\":{\"@id\":\"https:\/\/comixburo.com\/#organization\"},\"alternateName\":\"Comix Buro\",\"potentialAction\":[{\"@type\":\"SearchAction\",\"target\":{\"@type\":\"EntryPoint\",\"urlTemplate\":\"https:\/\/comixburo.com\/?s={search_term_string}\"},\"query-input\":{\"@type\":\"PropertyValueSpecification\",\"valueRequired\":true,\"valueName\":\"search_term_string\"}}],\"inLanguage\":\"en-GB\"},{\"@type\":\"Organization\",\"@id\":\"https:\/\/comixburo.com\/#organization\",\"name\":\"comixburo.com\",\"url\":\"https:\/\/comixburo.com\/\",\"logo\":{\"@type\":\"ImageObject\",\"inLanguage\":\"en-GB\",\"@id\":\"https:\/\/comixburo.com\/#\/schema\/logo\/image\/\",\"url\":\"https:\/\/comixburo.com\/wp-content\/uploads\/2025\/04\/logo-cxb-ROND.webp\",\"contentUrl\":\"https:\/\/comixburo.com\/wp-content\/uploads\/2025\/04\/logo-cxb-ROND.webp\",\"width\":200,\"height\":200,\"caption\":\"comixburo.com\"},\"image\":{\"@id\":\"https:\/\/comixburo.com\/#\/schema\/logo\/image\/\"},\"sameAs\":[\"https:\/\/www.facebook.com\/comixburo\",\"https:\/\/www.instagram.com\/comixburo\/\"]}]}<\/script>\n<!-- \/ Yoast SEO plugin. -->","yoast_head_json":{"title":"Statuette de collection : Pr\u00f6fy - S\u00e9rie BD Trolls de Troy - comixburo.com","description":"Statuette de collection Pr\u00f6fy. S\u00e9rie BD Trolls de Troy. Statue collector en r\u00e9sine num\u00e9rot\u00e9e et limit\u00e9e. Peinte \u00e0 la main","robots":{"index":"index","follow":"follow","max-snippet":"max-snippet:-1","max-image-preview":"max-image-preview:large","max-video-preview":"max-video-preview:-1"},"canonical":"https:\/\/comixburo.com\/en\/product\/statuette-profy\/","og_locale":"en_GB","og_type":"article","og_title":"Statuette de collection : Pr\u00f6fy - S\u00e9rie BD Trolls de Troy - comixburo.com","og_description":"Statuette de collection Pr\u00f6fy. S\u00e9rie BD Trolls de Troy. Statue collector en r\u00e9sine num\u00e9rot\u00e9e et limit\u00e9e. Peinte \u00e0 la main","og_url":"https:\/\/comixburo.com\/en\/product\/statuette-profy\/","og_site_name":"comixburo.com","article_publisher":"https:\/\/www.facebook.com\/comixburo","article_modified_time":"2025-05-02T14:00:37+00:00","og_image":[{"width":674,"height":1000,"url":"https:\/\/comixburo.com\/wp-content\/uploads\/2025\/03\/C780-profy-troll-de-troy-mourier-attakus-01.webp","type":"image\/webp"}],"twitter_card":"summary_large_image","twitter_misc":{"Estimated reading time":"2 minutes"},"schema":{"@context":"https:\/\/schema.org","@graph":[{"@type":"WebPage","@id":"https:\/\/comixburo.com\/produit\/statuette-profy\/","url":"https:\/\/comixburo.com\/produit\/statuette-profy\/","name":"Statuette de collection : Pr\u00f6fy - S\u00e9rie BD Trolls de Troy - comixburo.com","isPartOf":{"@id":"https:\/\/comixburo.com\/#website"},"primaryImageOfPage":{"@id":"https:\/\/comixburo.com\/produit\/statuette-profy\/#primaryimage"},"image":{"@id":"https:\/\/comixburo.com\/produit\/statuette-profy\/#primaryimage"},"thumbnailUrl":"https:\/\/comixburo.com\/wp-content\/uploads\/2025\/03\/C780-profy-troll-de-troy-mourier-attakus-01.webp","datePublished":"2025-03-31T08:41:51+00:00","dateModified":"2025-05-02T14:00:37+00:00","description":"Statuette de collection Pr\u00f6fy. S\u00e9rie BD Trolls de Troy. Statue collector en r\u00e9sine num\u00e9rot\u00e9e et limit\u00e9e. Peinte \u00e0 la main","breadcrumb":{"@id":"https:\/\/comixburo.com\/produit\/statuette-profy\/#breadcrumb"},"inLanguage":"en-GB","potentialAction":[{"@type":"ReadAction","target":["https:\/\/comixburo.com\/produit\/statuette-profy\/"]}]},{"@type":"ImageObject","inLanguage":"en-GB","@id":"https:\/\/comixburo.com\/produit\/statuette-profy\/#primaryimage","url":"https:\/\/comixburo.com\/wp-content\/uploads\/2025\/03\/C780-profy-troll-de-troy-mourier-attakus-01.webp","contentUrl":"https:\/\/comixburo.com\/wp-content\/uploads\/2025\/03\/C780-profy-troll-de-troy-mourier-attakus-01.webp","width":674,"height":1000,"caption":"Statuette de collection Pr\u00f6fy"},{"@type":"BreadcrumbList","@id":"https:\/\/comixburo.com\/produit\/statuette-profy\/#breadcrumb","itemListElement":[{"@type":"ListItem","position":1,"name":"Home","item":"https:\/\/comixburo.com\/"},{"@type":"ListItem","position":2,"name":"La boutique Comix Buro","item":"https:\/\/comixburo.com\/la-boutique-comix-buro\/"},{"@type":"ListItem","position":3,"name":"Statuette de collection : Pr\u00f6fy &#8211; S\u00e9rie BD Trolls de Troy"}]},{"@type":"WebSite","@id":"https:\/\/comixburo.com\/#website","url":"https:\/\/comixburo.com\/","name":"comixburo.com","description":"Cr\u00e9ateur de projets : Sketchbook d&#039;artistes !","publisher":{"@id":"https:\/\/comixburo.com\/#organization"},"alternateName":"Comix Buro","potentialAction":[{"@type":"SearchAction","target":{"@type":"EntryPoint","urlTemplate":"https:\/\/comixburo.com\/?s={search_term_string}"},"query-input":{"@type":"PropertyValueSpecification","valueRequired":true,"valueName":"search_term_string"}}],"inLanguage":"en-GB"},{"@type":"Organization","@id":"https:\/\/comixburo.com\/#organization","name":"comixburo.com","url":"https:\/\/comixburo.com\/","logo":{"@type":"ImageObject","inLanguage":"en-GB","@id":"https:\/\/comixburo.com\/#\/schema\/logo\/image\/","url":"https:\/\/comixburo.com\/wp-content\/uploads\/2025\/04\/logo-cxb-ROND.webp","contentUrl":"https:\/\/comixburo.com\/wp-content\/uploads\/2025\/04\/logo-cxb-ROND.webp","width":200,"height":200,"caption":"comixburo.com"},"image":{"@id":"https:\/\/comixburo.com\/#\/schema\/logo\/image\/"},"sameAs":["https:\/\/www.facebook.com\/comixburo","https:\/\/www.instagram.com\/comixburo\/"]}]}},"jetpack_sharing_enabled":true,"_links":{"self":[{"href":"https:\/\/comixburo.com\/en\/wp-json\/wp\/v2\/product\/18919","targetHints":{"allow":["GET"]}}],"collection":[{"href":"https:\/\/comixburo.com\/en\/wp-json\/wp\/v2\/product"}],"about":[{"href":"https:\/\/comixburo.com\/en\/wp-json\/wp\/v2\/types\/product"}],"replies":[{"embeddable":true,"href":"https:\/\/comixburo.com\/en\/wp-json\/wp\/v2\/comments?post=18919"}],"version-history":[{"count":9,"href":"https:\/\/comixburo.com\/en\/wp-json\/wp\/v2\/product\/18919\/revisions"}],"predecessor-version":[{"id":20199,"href":"https:\/\/comixburo.com\/en\/wp-json\/wp\/v2\/product\/18919\/revisions\/20199"}],"wp:featuredmedia":[{"embeddable":true,"href":"https:\/\/comixburo.com\/en\/wp-json\/wp\/v2\/media\/18920"}],"wp:attachment":[{"href":"https:\/\/comixburo.com\/en\/wp-json\/wp\/v2\/media?parent=18919"}],"wp:term":[{"taxonomy":"product_brand","embeddable":true,"href":"https:\/\/comixburo.com\/en\/wp-json\/wp\/v2\/product_brand?post=18919"},{"taxonomy":"product_cat","embeddable":true,"href":"https:\/\/comixburo.com\/en\/wp-json\/wp\/v2\/product_cat?post=18919"},{"taxonomy":"product_tag","embeddable":true,"href":"https:\/\/comixburo.com\/en\/wp-json\/wp\/v2\/product_tag?post=18919"}],"curies":[{"name":"wp","href":"https:\/\/api.w.org\/{rel}","templated":true}]}}